{"id":13358,"date":"2025-07-26T17:37:58","date_gmt":"2025-07-26T15:37:58","guid":{"rendered":"https:\/\/tinychat.com\/?page_id=13358"},"modified":"2025-07-26T17:38:19","modified_gmt":"2025-07-26T15:38:19","slug":"chatiwi","status":"publish","type":"page","link":"https:\/\/tinychat.com\/es\/chatiwi\/","title":{"rendered":"Chatiwi"},"content":{"rendered":"<p>El panorama de los chats en l\u00ednea est\u00e1 en constante evoluci\u00f3n, ya que los usuarios no s\u00f3lo exigen rapidez y facilidad, sino tambi\u00e9n privacidad real, seguridad de los datos y ausencia de registros, perfiles y vigilancia. Si est\u00e1s cansado de compartir tus datos personales o de que te rastreen en todas las plataformas, Chatiwi se ha dise\u00f1ado pensando en ti. Este innovador sitio de chat combina todo lo que la gente adoraba de Chatiw -acceso r\u00e1pido, chat global y una interfaz f\u00e1cil de usar- con una encriptaci\u00f3n avanzada y un firme compromiso con la privacidad.<\/p>\n<p>Tanto si quieres chatear con desconocidos, hacer nuevos amigos, encontrar apoyo, ligar o simplemente escapar del ruido de las redes sociales, Chatiwi ofrece una combinaci\u00f3n \u00fanica de sencillez, seguridad y anonimato absoluto, todo ello sin descargas de aplicaciones ni complicados formularios de registro.<\/p>\n<p>Esta gu\u00eda definitiva cubre todo lo que necesitas saber sobre Chatiwi: qu\u00e9 es, c\u00f3mo funciona, sus principales caracter\u00edsticas, experiencia de usuario, protocolos de seguridad, comparaci\u00f3n con otras plataformas de chat, consejos para solucionar problemas y consejos de expertos para sacar el m\u00e1ximo partido a cada sesi\u00f3n.<\/p>\n<h2>\u00bfQu\u00e9 es Chatiwi?<\/h2>\n<p>Chatiwi es una plataforma de chat an\u00f3nimo basada en navegador que ofrece chats instant\u00e1neos, individuales o en grupo, con personas de todo el mundo, sin necesidad de registrarse. Al igual que el cl\u00e1sico Chatiw, puedes entrar directamente en una sala de chat con s\u00f3lo un apodo, pero Chatiwi a\u00f1ade modernos controles de encriptaci\u00f3n y privacidad, lo que lo convierte en la mejor opci\u00f3n para cualquiera que se preocupe por mantener sus conversaciones seguras y privadas.<\/p>\n<p>Es ideal para:<\/p>\n<ul>\n<li>Conversaciones an\u00f3nimas y seguras<\/li>\n<li>Conocer gente nueva de todo el mundo<\/li>\n<li>Chat basado en texto sin inicio de sesi\u00f3n<\/li>\n<li>Evitar el seguimiento de datos y el marketing<\/li>\n<li>Quienes valoran la intimidad, la sencillez y la libertad<\/li>\n<\/ul>\n<p>La misi\u00f3n de Chatiwi es ser la plataforma a la que acuda cualquiera que desee un chat real e instant\u00e1neo con absoluta tranquilidad sobre su identidad y sus datos.<\/p>\n<h2>Caracter\u00edsticas principales de Chatiwi<\/h2>\n<p>Chatiwi destaca en el abarrotado espacio del chat centr\u00e1ndose en lo que m\u00e1s desean los usuarios de hoy en d\u00eda: seguridad, anonimato y accesibilidad.<\/p>\n<h3>1. No es necesario registrarse<\/h3>\n<p>\u00danete en segundos: s\u00f3lo tienes que elegir un apodo y entrar. No es necesario tener correo electr\u00f3nico, tel\u00e9fono o perfil en redes sociales.<\/p>\n<h3>2. Chat cifrado de extremo a extremo<\/h3>\n<p>Todos los mensajes en Chatiwi est\u00e1n encriptados de extremo a extremo. Esto significa que s\u00f3lo usted y su(s) compa\u00f1ero(s) de chat pueden leer sus mensajes; ni siquiera los propios servidores de Chatiwi pueden acceder a sus conversaciones.<\/p>\n<h3>3. An\u00f3nimo por defecto<\/h3>\n<p>No hace falta que reveles qui\u00e9n eres-Chatiwi no pide, recopila ni almacena informaci\u00f3n personal. Mantente tan privado como quieras, siempre.<\/p>\n<h3>4. Chat individual y en grupo<\/h3>\n<ul>\n<li>Chat aleatorio: Empar\u00e9jate al instante con un desconocido para mantener una conversaci\u00f3n privada.<\/li>\n<li>Salas de chat en grupo: \u00danase a salas p\u00fablicas por intereses o pa\u00edses, o cree su propio grupo privado.<\/li>\n<\/ul>\n<h3>5. Interfaz sencilla y moderna<\/h3>\n<p>La interfaz es limpia, despejada y funciona perfectamente tanto en navegadores de escritorio como m\u00f3viles. Sin anuncios ni ventanas emergentes, solo chat.<\/p>\n<h3>6. Registros temporales de chat<\/h3>\n<p>Los chats desaparecen cuando te vas: no se almacenan registros en los servidores de Chatiwi, y nada se indexa ni se hace p\u00fablico.<\/p>\n<h3>7. Emoji y medios compartidos (con controles de privacidad)<\/h3>\n<p>Expr\u00e9sate con una amplia gama de emojis. En el caso de las im\u00e1genes o los archivos multimedia, la compartici\u00f3n est\u00e1 muy controlada y siempre es privada.<\/p>\n<h3>8. Moderaci\u00f3n activa y controles de usuario<\/h3>\n<p>Aunque Chatiwi es totalmente an\u00f3nimo, la moderaci\u00f3n activa y las herramientas de reporte\/bloqueo instant\u00e1neo ayudan a mantener al m\u00ednimo el spam, el abuso y los bots.<\/p>\n<h3>9. Filtros de ubicaci\u00f3n e idioma<\/h3>\n<p>Encuentre personas de pa\u00edses espec\u00edficos o filtre por idioma para una experiencia de chat m\u00e1s relevante (todo ello sin rastrear su IP o ubicaci\u00f3n reales).<\/p>\n<h3>10. Sin descargas ni aplicaciones<\/h3>\n<p>Chatiwi se basa en el navegador 100%, optimizado para m\u00f3viles y ordenadores de sobremesa, sin necesidad de instalaci\u00f3n ni actualizaciones.<\/p>\n<h2>C\u00f3mo utilizar Chatiwi<\/h2>\n<p>Chatiwi es lo m\u00e1s f\u00e1cil y r\u00e1pido que existe para unirse a un chat:<\/p>\n<h3>Paso 1: Visite el sitio web de Chatiwi<\/h3>\n<p>Abra chatiwi.com o la versi\u00f3n local correspondiente en cualquier navegador.<\/p>\n<h3>Paso 2: Elige un apodo<\/h3>\n<p>Introduzca un apodo, no necesita nombres reales ni detalles.<\/p>\n<h3>Paso 3: Elegir el modo de chat<\/h3>\n<ul>\n<li>Chat aleatorio: Empar\u00e9jate al instante para una conversaci\u00f3n an\u00f3nima uno a uno.<\/li>\n<li>Chat de grupo: Entra en una sala p\u00fablica por tema\/pa\u00eds, o crea tu propia sala de grupo privada y comparte el enlace.<\/li>\n<\/ul>\n<h3>Paso 4: Empezar a chatear<\/h3>\n<p>Salude. Puedes mantener una conversaci\u00f3n informal, hacer preguntas, pedir consejo o simplemente pasar el rato.<\/p>\n<h3>Paso 5: Utilizar filtros (opcional)<\/h3>\n<p>Selecciona tu pa\u00eds o idioma de preferencia para conectar con usuarios m\u00e1s relevantes.<\/p>\n<h3>Paso 6: Emoji y medios compartidos<\/h3>\n<p>A\u00f1ada emojis a sus mensajes o comparta im\u00e1genes o archivos multimedia (si est\u00e1 activado), todo ello con cifrado de extremo a extremo y entrega privada.<\/p>\n<h3>Paso 7: Denunciar o bloquear seg\u00fan sea necesario<\/h3>\n<p>Si encuentras spam o abusos, utiliza los botones de denunciar\/bloquear para actuar de inmediato.<\/p>\n<h2>Experiencia de usuario en Chatiwi<\/h2>\n<p>Chatiwi est\u00e1 dise\u00f1ado para una conversaci\u00f3n pura, sin distracciones y segura:<\/p>\n<h3>Lo que les gusta a los usuarios<\/h3>\n<ul>\n<li>Chat realmente an\u00f3nimo: Sin registro, sin informaci\u00f3n personal, sin seguimiento.<\/li>\n<li>Cifrado de extremo a extremo: Garantiza que nadie pueda leer tus mensajes excepto t\u00fa y tu(s) interlocutor(es) de chat.<\/li>\n<li>Interfaz moderna y despejada: R\u00e1pida, \u00e1gil y sin publicidad.<\/li>\n<li>Base mundial de usuarios: Conoce a gente de todo el mundo al instante.<\/li>\n<li>Compatible con dispositivos m\u00f3viles y de sobremesa: experiencia fluida en todos los dispositivos.<\/li>\n<li>Sin registros ni retenci\u00f3n de datos: La privacidad nunca se ve comprometida.<\/li>\n<li>Acceso r\u00e1pido a asistencia y moderaci\u00f3n: Reduce al m\u00ednimo los abusos.<\/li>\n<\/ul>\n<h3>Donde los usuarios ven margen de mejora<\/h3>\n<ul>\n<li>No hay chat de v\u00eddeo ni de voz (la atenci\u00f3n se centra en el chat de texto seguro).<\/li>\n<li>El uso compartido de archivos multimedia est\u00e1 limitado por motivos de privacidad (para algunos puede resultar restrictivo).<\/li>\n<li>A veces menos usuarios que las plataformas convencionales (cambiando cantidad por calidad y privacidad).<\/li>\n<li>Todo anonimato significa que debes ser proactivo a la hora de denunciar a los malos actores (pero se proporcionan herramientas).<\/li>\n<\/ul>\n<h3>Opiniones reales de los usuarios<\/h3>\n<blockquote><p>\"Por fin un sitio de chat en el que no tengo que registrarme ni preocuparme de que se comparta mi informaci\u00f3n. Se siente mucho m\u00e1s seguro que otras aplicaciones de chat al azar \".<br \/>\n- <em>Khaled A., Trustpilot<\/em><\/p><\/blockquote>\n<blockquote><p>\"El cifrado de extremo a extremo es la raz\u00f3n por la que uso Chatiwi. Sencillo, limpio y totalmente an\u00f3nimo\".<br \/>\n- <em>Ella P., Google Play<\/em><\/p><\/blockquote>\n<blockquote><p>\"Sin bots, sin spam y sin que nadie venda mis datos. Solo chat, como debe ser\".<br \/>\n- <em>David L., App Store<\/em><\/p><\/blockquote>\n<h2>Chatiwi frente a otras plataformas de chat an\u00f3nimo<\/h2>\n<p>\u00bfCu\u00e1l es la diferencia entre Chatiwi y las alternativas m\u00e1s populares?<\/p>\n<table>\n<thead>\n<tr>\n<th>Caracter\u00edstica<\/th>\n<th>Chatiwi<\/th>\n<th>Chatiw<\/th>\n<th>Chatib<\/th>\n<th>Yesichat<\/th>\n<th>Chatzy<\/th>\n<th>OmegleWeb<\/th>\n<\/tr>\n<\/thead>\n<tbody>\n<tr>\n<td>No es necesario registrarse<\/td>\n<td>\u2705 S\u00ed<\/td>\n<td>\u2705 S\u00ed<\/td>\n<td>\u2705 S\u00ed<\/td>\n<td>\u2705 S\u00ed<\/td>\n<td>\u2705 S\u00ed<\/td>\n<td>\u2705 S\u00ed<\/td>\n<\/tr>\n<tr>\n<td>Cifrado de extremo a extremo<\/td>\n<td>\u2705 S\u00ed<\/td>\n<td>\u274c No<\/td>\n<td>\u274c No<\/td>\n<td>\u274c No<\/td>\n<td>\u274c No<\/td>\n<td>\u274c No<\/td>\n<\/tr>\n<tr>\n<td>Sin retenci\u00f3n de datos<\/td>\n<td>\u2705 S\u00ed<\/td>\n<td>\u274c No<\/td>\n<td>\u274c No<\/td>\n<td>\u274c No<\/td>\n<td>\u2705 S\u00ed<\/td>\n<td>\u274c No<\/td>\n<\/tr>\n<tr>\n<td>Chat en grupo y 1 a 1<\/td>\n<td>\u2705 Ambos<\/td>\n<td>\u2705 Ambos<\/td>\n<td>\u2705 Ambos<\/td>\n<td>\u2705 Ambos<\/td>\n<td>\u2705 Ambos<\/td>\n<td>\u2705 Ambos<\/td>\n<\/tr>\n<tr>\n<td>Compartir medios\/Emoji<\/td>\n<td>\u2705 S\u00ed<\/td>\n<td>\u2705 S\u00ed<\/td>\n<td>\u2705 S\u00ed<\/td>\n<td>\u2705 S\u00ed<\/td>\n<td>\u2705 S\u00ed<\/td>\n<td>\u2705 S\u00ed<\/td>\n<\/tr>\n<tr>\n<td>Moderaci\u00f3n fuerte<\/td>\n<td>\u2705 S\u00ed<\/td>\n<td>\u26a0\ufe0f Algunos<\/td>\n<td>\u2705 S\u00ed<\/td>\n<td>\u2705 S\u00ed<\/td>\n<td>\u2705 S\u00ed<\/td>\n<td>\u2705 S\u00ed<\/td>\n<\/tr>\n<tr>\n<td>Optimizado para m\u00f3viles<\/td>\n<td>\u2705 S\u00ed<\/td>\n<td>\u2705 S\u00ed<\/td>\n<td>\u2705 S\u00ed<\/td>\n<td>\u2705 S\u00ed<\/td>\n<td>\u2705 S\u00ed<\/td>\n<td>\u2705 S\u00ed<\/td>\n<\/tr>\n<tr>\n<td>Sin publicidad\/rastreo<\/td>\n<td>\u2705 S\u00ed<\/td>\n<td>\u274c No<\/td>\n<td>\u274c No<\/td>\n<td>\u26a0\ufe0f Algunos<\/td>\n<td>\u2705 S\u00ed<\/td>\n<td>\u274c No<\/td>\n<\/tr>\n<\/tbody>\n<\/table>\n<p>Resumen: Chatiwi destaca por su aut\u00e9ntico cifrado de extremo a extremo, su estricto anonimato, la ausencia de retenci\u00f3n de datos y una interfaz r\u00e1pida y limpia, perfecta para cualquiera que valore la verdadera privacidad y seguridad en el chat en l\u00ednea.<\/p>\n<h2>\u00bfEs seguro el Chatiwi?<\/h2>\n<p>Chatiwi es una de las plataformas de chat an\u00f3nimo m\u00e1s seguras, gracias a:<\/p>\n<ul>\n<li>Cifrado de extremo a extremo: Los mensajes no pueden ser interceptados ni le\u00eddos por nadie m\u00e1s que t\u00fa y tu pareja.<\/li>\n<li>Cero retenci\u00f3n de datos: Los registros de chat desaparecen cuando te vas.<\/li>\n<li>No se recogen datos personales ni de registro.<\/li>\n<li>Moderaci\u00f3n activa: El spam, el abuso y los bots se eliminan r\u00e1pidamente.<\/li>\n<li>Controles de usuario: Bloquee o informe al instante si encuentra problemas.<\/li>\n<li>Sin anuncios ni scripts de seguimiento de terceros.<\/li>\n<\/ul>\n<h3>Consejos de seguridad<\/h3>\n<ul>\n<li>No compartas informaci\u00f3n personal, ni siquiera en el chat privado.<\/li>\n<li>Utiliza salas de grupo para mantener el anonimato o salas privadas para hablar a solas.<\/li>\n<li>Nunca hagas clic en enlaces ni descargues archivos a menos que conf\u00edes plenamente en la otra persona.<\/li>\n<li>Informa inmediatamente de abusos, spam o usuarios sospechosos: los moderadores act\u00faan con rapidez.<\/li>\n<li>Disfruta de la libertad, pero respeta los l\u00edmites y la intimidad de los dem\u00e1s.<\/li>\n<\/ul>\n<h2>Consejos para sacar el m\u00e1ximo partido al Chatiwi<\/h2>\n<ul>\n<li>Empieza de forma amistosa: Un simple \"hola\" o una pregunta pueden dar pie a grandes conversaciones.<\/li>\n<li>Utiliza la encriptaci\u00f3n con inteligencia: Habla de temas delicados sabiendo que tu chat es realmente privado.<\/li>\n<li>Prueba los filtros de idioma y pa\u00eds: Conoce a gente de or\u00edgenes espec\u00edficos.<\/li>\n<li>Informa y bloquea cuando sea necesario: Ayuda a mantener el espacio seguro para todos.<\/li>\n<li>Cambia de dispositivo cuando lo necesites: El sitio est\u00e1 optimizado para todas las pantallas.<\/li>\n<li>Expr\u00e9sate con emojis: Anima las conversaciones.<\/li>\n<li>Mantente en el anonimato: No reveles detalles reales a menos que te sientas totalmente c\u00f3modo.<\/li>\n<\/ul>\n<h2>Soluci\u00f3n de problemas comunes del Chatiwi<\/h2>\n<h3>No se puede conectar o el chat no se carga<\/h3>\n<p>Comprueba tu conexi\u00f3n a Internet, actualiza la p\u00e1gina o prueba con otro navegador\/dispositivo.<\/p>\n<h3>No se pueden compartir archivos multimedia<\/h3>\n<p>Aseg\u00farate de que el archivo est\u00e1 dentro de los l\u00edmites de tama\u00f1o\/tipo; algunos medios compartidos pueden estar desactivados por motivos de privacidad.<\/p>\n<h3>Encontrarse con trolls o spam<\/h3>\n<p>Utiliza los botones de denunciar\/bloquear. Los moderadores se ocupan r\u00e1pidamente de los abusos.<\/p>\n<h3>Historia perdida del chat<\/h3>\n<p>Por dise\u00f1o, los chats no se guardan por privacidad. Guarda todo lo importante antes de cerrar la ventana.<\/p>\n<h3>Baja actividad de los usuarios<\/h3>\n<p>Pruebe a diferentes horas del d\u00eda o utilice filtros de idioma\/pa\u00eds para obtener m\u00e1s coincidencias.<\/p>\n<p>Absolutamente, especialmente para cualquiera que anhele una experiencia de chat genuinamente an\u00f3nima, segura y sin registros. Chatiwi es la respuesta moderna a los problemas de privacidad que han plagado tantas plataformas de chat antiguas, ofreciendo una manera fresca, cifrada y f\u00e1cil de conectarse sin compromiso.<\/p>\n<p>Tanto si quieres conocer a desconocidos, hacer nuevos amigos o simplemente chatear con total privacidad, Chatiwi es tu refugio seguro: r\u00e1pido, limpio y libre de rastreo de datos, registro o vigilancia.<\/p>\n<p>\u00bfListo para chatear con seguridad?<br \/>\nVisita chatiwi.com, elige tu seud\u00f3nimo y comienza tu pr\u00f3xima conversaci\u00f3n an\u00f3nima y cifrada ahora mismo.<\/p>","protected":false},"excerpt":{"rendered":"<p>The landscape of online chatting is constantly evolving, as users demand not just speed and ease, but also real privacy, data security, and freedom from the baggage of signups, profiles, and surveillance. If you\u2019re tired of sharing your personal details or being tracked across platforms, Chatiwi is designed with you in mind. This innovative chat [&hellip;]<\/p>\n","protected":false},"author":6,"featured_media":0,"parent":0,"menu_order":0,"comment_status":"closed","ping_status":"closed","template":"","meta":{"footnotes":""},"class_list":["post-13358","page","type-page","status-publish","hentry"],"yoast_head":"<!-- This site is optimized with the Yoast SEO plugin v27.4 - https:\/\/yoast.com\/product\/yoast-seo-wordpress\/ -->\n<title>Chatiwi - Anonymous Encrypted Chat No Registration - TinyChat.com<\/title>\n<meta name=\"description\" content=\"Enjoying Chatiwi? Join over 50,000,000 strangers on TinyChat! Turn on your cam and start meeting new people, or find a match.\" \/>\n<meta name=\"robots\" content=\"index, follow, max-snippet:-1, max-image-preview:large, max-video-preview:-1\" \/>\n<link rel=\"canonical\" href=\"https:\/\/tinychat.com\/es\/chatiwi\/\" \/>\n<meta property=\"og:locale\" content=\"es_ES\" \/>\n<meta property=\"og:type\" content=\"article\" \/>\n<meta property=\"og:title\" content=\"Chatiwi - Anonymous Encrypted Chat No Registration - TinyChat.com\" \/>\n<meta property=\"og:description\" content=\"Enjoying Chatiwi? Join over 50,000,000 strangers on TinyChat! Turn on your cam and start meeting new people, or find a match.\" \/>\n<meta property=\"og:url\" content=\"https:\/\/tinychat.com\/es\/chatiwi\/\" \/>\n<meta property=\"og:site_name\" content=\"TinyChat\" \/>\n<meta property=\"article:publisher\" content=\"https:\/\/www.facebook.com\/tinychat\" \/>\n<meta property=\"article:modified_time\" content=\"2025-07-26T15:38:19+00:00\" \/>\n<meta property=\"og:image\" content=\"https:\/\/tinychat.com\/wp-content\/uploads\/2020\/04\/Tinychat-logo-1280x284-new-black.png\" \/>\n\t<meta property=\"og:image:width\" content=\"1280\" \/>\n\t<meta property=\"og:image:height\" content=\"284\" \/>\n\t<meta property=\"og:image:type\" content=\"image\/png\" \/>\n<meta name=\"twitter:card\" content=\"summary_large_image\" \/>\n<meta name=\"twitter:site\" content=\"@tinychat\" \/>\n<meta name=\"twitter:label1\" content=\"Tiempo de lectura\" \/>\n\t<meta name=\"twitter:data1\" content=\"7 minutos\" \/>\n<script type=\"application\/ld+json\" class=\"yoast-schema-graph\">{\"@context\":\"https:\\\/\\\/schema.org\",\"@graph\":[{\"@type\":\"WebPage\",\"@id\":\"https:\\\/\\\/tinychat.com\\\/chatiwi\\\/\",\"url\":\"https:\\\/\\\/tinychat.com\\\/chatiwi\\\/\",\"name\":\"Chatiwi - Anonymous Encrypted Chat No Registration - TinyChat.com\",\"isPartOf\":{\"@id\":\"https:\\\/\\\/tinychat.com\\\/#website\"},\"datePublished\":\"2025-07-26T15:37:58+00:00\",\"dateModified\":\"2025-07-26T15:38:19+00:00\",\"description\":\"Enjoying Chatiwi? Join over 50,000,000 strangers on TinyChat! Turn on your cam and start meeting new people, or find a match.\",\"breadcrumb\":{\"@id\":\"https:\\\/\\\/tinychat.com\\\/chatiwi\\\/#breadcrumb\"},\"inLanguage\":\"es\",\"potentialAction\":[{\"@type\":\"ReadAction\",\"target\":[\"https:\\\/\\\/tinychat.com\\\/chatiwi\\\/\"]}]},{\"@type\":\"BreadcrumbList\",\"@id\":\"https:\\\/\\\/tinychat.com\\\/chatiwi\\\/#breadcrumb\",\"itemListElement\":[{\"@type\":\"ListItem\",\"position\":1,\"name\":\"Home\",\"item\":\"https:\\\/\\\/tinychat.com\\\/\"},{\"@type\":\"ListItem\",\"position\":2,\"name\":\"Chatiwi\"}]},{\"@type\":\"WebSite\",\"@id\":\"https:\\\/\\\/tinychat.com\\\/#website\",\"url\":\"https:\\\/\\\/tinychat.com\\\/\",\"name\":\"TinyChat\",\"description\":\"Random Video Chat with Strangers\",\"publisher\":{\"@id\":\"https:\\\/\\\/tinychat.com\\\/#organization\"},\"alternateName\":\"TinyChat.com\",\"potentialAction\":[{\"@type\":\"SearchAction\",\"target\":{\"@type\":\"EntryPoint\",\"urlTemplate\":\"https:\\\/\\\/tinychat.com\\\/?s={search_term_string}\"},\"query-input\":{\"@type\":\"PropertyValueSpecification\",\"valueRequired\":true,\"valueName\":\"search_term_string\"}}],\"inLanguage\":\"es\"},{\"@type\":\"Organization\",\"@id\":\"https:\\\/\\\/tinychat.com\\\/#organization\",\"name\":\"TinyChat\",\"alternateName\":\"TinyChat.com\",\"url\":\"https:\\\/\\\/tinychat.com\\\/\",\"logo\":{\"@type\":\"ImageObject\",\"inLanguage\":\"es\",\"@id\":\"https:\\\/\\\/tinychat.com\\\/#\\\/schema\\\/logo\\\/image\\\/\",\"url\":\"https:\\\/\\\/tinychat.com\\\/wp-content\\\/uploads\\\/2023\\\/11\\\/Tinychat-icon-square.png\",\"contentUrl\":\"https:\\\/\\\/tinychat.com\\\/wp-content\\\/uploads\\\/2023\\\/11\\\/Tinychat-icon-square.png\",\"width\":284,\"height\":284,\"caption\":\"TinyChat\"},\"image\":{\"@id\":\"https:\\\/\\\/tinychat.com\\\/#\\\/schema\\\/logo\\\/image\\\/\"},\"sameAs\":[\"https:\\\/\\\/www.facebook.com\\\/tinychat\",\"https:\\\/\\\/x.com\\\/tinychat\"]}]}<\/script>\n<!-- \/ Yoast SEO plugin. -->","yoast_head_json":{"title":"Chatiwi - Chat An\u00f3nimo Encriptado Sin Registro - TinyChat.com","description":"\u00bfTe gusta Chatiwi? \u00a1\u00danete a m\u00e1s de 50.000.000 de desconocidos en TinyChat! Enciende tu c\u00e1mara y empieza a conocer gente nueva, o encuentra una pareja.","robots":{"index":"index","follow":"follow","max-snippet":"max-snippet:-1","max-image-preview":"max-image-preview:large","max-video-preview":"max-video-preview:-1"},"canonical":"https:\/\/tinychat.com\/es\/chatiwi\/","og_locale":"es_ES","og_type":"article","og_title":"Chatiwi - Anonymous Encrypted Chat No Registration - TinyChat.com","og_description":"Enjoying Chatiwi? Join over 50,000,000 strangers on TinyChat! Turn on your cam and start meeting new people, or find a match.","og_url":"https:\/\/tinychat.com\/es\/chatiwi\/","og_site_name":"TinyChat","article_publisher":"https:\/\/www.facebook.com\/tinychat","article_modified_time":"2025-07-26T15:38:19+00:00","og_image":[{"width":1280,"height":284,"url":"https:\/\/tinychat.com\/wp-content\/uploads\/2020\/04\/Tinychat-logo-1280x284-new-black.png","type":"image\/png"}],"twitter_card":"summary_large_image","twitter_site":"@tinychat","twitter_misc":{"Tiempo de lectura":"7 minutos"},"schema":{"@context":"https:\/\/schema.org","@graph":[{"@type":"WebPage","@id":"https:\/\/tinychat.com\/chatiwi\/","url":"https:\/\/tinychat.com\/chatiwi\/","name":"Chatiwi - Chat An\u00f3nimo Encriptado Sin Registro - TinyChat.com","isPartOf":{"@id":"https:\/\/tinychat.com\/#website"},"datePublished":"2025-07-26T15:37:58+00:00","dateModified":"2025-07-26T15:38:19+00:00","description":"\u00bfTe gusta Chatiwi? \u00a1\u00danete a m\u00e1s de 50.000.000 de desconocidos en TinyChat! Enciende tu c\u00e1mara y empieza a conocer gente nueva, o encuentra una pareja.","breadcrumb":{"@id":"https:\/\/tinychat.com\/chatiwi\/#breadcrumb"},"inLanguage":"es","potentialAction":[{"@type":"ReadAction","target":["https:\/\/tinychat.com\/chatiwi\/"]}]},{"@type":"BreadcrumbList","@id":"https:\/\/tinychat.com\/chatiwi\/#breadcrumb","itemListElement":[{"@type":"ListItem","position":1,"name":"Home","item":"https:\/\/tinychat.com\/"},{"@type":"ListItem","position":2,"name":"Chatiwi"}]},{"@type":"WebSite","@id":"https:\/\/tinychat.com\/#website","url":"https:\/\/tinychat.com\/","name":"TinyChat","description":"Videochat aleatorio con desconocidos","publisher":{"@id":"https:\/\/tinychat.com\/#organization"},"alternateName":"TinyChat.com","potentialAction":[{"@type":"SearchAction","target":{"@type":"EntryPoint","urlTemplate":"https:\/\/tinychat.com\/?s={search_term_string}"},"query-input":{"@type":"PropertyValueSpecification","valueRequired":true,"valueName":"search_term_string"}}],"inLanguage":"es"},{"@type":"Organization","@id":"https:\/\/tinychat.com\/#organization","name":"TinyChat","alternateName":"TinyChat.com","url":"https:\/\/tinychat.com\/","logo":{"@type":"ImageObject","inLanguage":"es","@id":"https:\/\/tinychat.com\/#\/schema\/logo\/image\/","url":"https:\/\/tinychat.com\/wp-content\/uploads\/2023\/11\/Tinychat-icon-square.png","contentUrl":"https:\/\/tinychat.com\/wp-content\/uploads\/2023\/11\/Tinychat-icon-square.png","width":284,"height":284,"caption":"TinyChat"},"image":{"@id":"https:\/\/tinychat.com\/#\/schema\/logo\/image\/"},"sameAs":["https:\/\/www.facebook.com\/tinychat","https:\/\/x.com\/tinychat"]}]}},"_links":{"self":[{"href":"https:\/\/tinychat.com\/es\/wp-json\/wp\/v2\/pages\/13358","targetHints":{"allow":["GET"]}}],"collection":[{"href":"https:\/\/tinychat.com\/es\/wp-json\/wp\/v2\/pages"}],"about":[{"href":"https:\/\/tinychat.com\/es\/wp-json\/wp\/v2\/types\/page"}],"author":[{"embeddable":true,"href":"https:\/\/tinychat.com\/es\/wp-json\/wp\/v2\/users\/6"}],"replies":[{"embeddable":true,"href":"https:\/\/tinychat.com\/es\/wp-json\/wp\/v2\/comments?post=13358"}],"version-history":[{"count":1,"href":"https:\/\/tinychat.com\/es\/wp-json\/wp\/v2\/pages\/13358\/revisions"}],"predecessor-version":[{"id":13364,"href":"https:\/\/tinychat.com\/es\/wp-json\/wp\/v2\/pages\/13358\/revisions\/13364"}],"wp:attachment":[{"href":"https:\/\/tinychat.com\/es\/wp-json\/wp\/v2\/media?parent=13358"}],"curies":[{"name":"wp","href":"https:\/\/api.w.org\/{rel}","templated":true}]}}