{"id":13396,"date":"2025-08-04T13:59:11","date_gmt":"2025-08-04T11:59:11","guid":{"rendered":"https:\/\/tinychat.com\/?page_id=13396"},"modified":"2025-08-04T13:59:11","modified_gmt":"2025-08-04T11:59:11","slug":"disclaimer","status":"publish","type":"page","link":"https:\/\/tinychat.com\/es\/disclaimer\/","title":{"rendered":"Descargo de responsabilidad"},"content":{"rendered":"<p>La informaci\u00f3n presentada en TinyChat.com (\"nosotros\", \"nos\" o \"nuestro\") se proporciona estrictamente con fines informativos generales. Aunque hacemos todo lo posible por garantizar que el contenido sea exacto y est\u00e9 actualizado, no ofrecemos ninguna garant\u00eda, expresa o impl\u00edcita, sobre la exactitud, adecuaci\u00f3n, fiabilidad, validez o integridad de la informaci\u00f3n disponible en este sitio web.<\/p>\n<h2>Asesoramiento no profesional<\/h2>\n<p>Nada de lo contenido en TinyChat.com pretende ser, ni debe interpretarse, como asesoramiento profesional de ning\u00fan tipo. La confianza que deposite en la informaci\u00f3n de este sitio queda estrictamente a su discreci\u00f3n y riesgo.<\/p>\n<h2>Revisar contenidos y opiniones<\/h2>\n<p>TinyChat.com funciona como un sitio web de rese\u00f1as. Todas las opiniones o puntos de vista expresados son los de sus respectivos autores y no representan necesariamente las opiniones o postura oficial de ninguna otra persona, empresa o entidad. Nuestros comentarios y recomendaciones se basan en nuestra propia investigaci\u00f3n, comentarios de los usuarios y experiencia personal, y deben considerarse como tales.<\/p>\n<h2>Declaraci\u00f3n de afiliaci\u00f3n<\/h2>\n<p>Algunos enlaces proporcionados en TinyChat.com son enlaces de afiliados, lo que significa que podemos ganar una comisi\u00f3n si hace clic a trav\u00e9s de ellos y realiza una compra o se registra. La decisi\u00f3n de adquirir productos o servicios a trav\u00e9s de estos enlaces es exclusivamente suya. Nuestro objetivo es recomendar s\u00f3lo aquellos productos o servicios que creemos que pueden ser \u00fatiles para nuestros visitantes, pero no podemos garantizar su satisfacci\u00f3n o resultados.<\/p>\n<p>Tambi\u00e9n podemos tener asociaciones directas o relaciones de patrocinio con ciertas empresas mencionadas o destacadas en TinyChat.com, lo que puede dar lugar a una compensaci\u00f3n adicional. Estas relaciones no afectan a nuestra integridad editorial; nos esforzamos por ofrecer informaci\u00f3n y opiniones honestas e imparciales en todo momento.<\/p>\n<h2>Enlaces externos<\/h2>\n<p>TinyChat.com puede incluir enlaces a sitios web o servicios de terceros, as\u00ed como banners o anuncios que lleven a otros sitios web. No controlamos, supervisamos ni verificamos la exactitud o fiabilidad de la informaci\u00f3n que se encuentra en estos sitios externos. No garantizamos, avalamos ni asumimos responsabilidad alguna por la informaci\u00f3n, los productos o los servicios ofrecidos por terceros.<\/p>\n<h2>Limitaci\u00f3n de responsabilidad<\/h2>\n<p>Bajo ninguna circunstancia TinyChat.com ser\u00e1 responsable de cualquier p\u00e9rdida o da\u00f1o de cualquier tipo incurridos como resultado del uso de este sitio web o la confianza en cualquier informaci\u00f3n proporcionada. El uso de TinyChat.com y cualquier acci\u00f3n realizada en base a su contenido es bajo su propio riesgo.<\/p>\n<h2>P\u00f3ngase en contacto con<\/h2>\n<p>Si tiene preguntas o dudas sobre esta cl\u00e1usula de exenci\u00f3n de responsabilidad, p\u00f3ngase en contacto con nosotros a trav\u00e9s de nuestra p\u00e1gina de contacto.<\/p>","protected":false},"excerpt":{"rendered":"<p>The information presented on TinyChat.com (\u201cwe,\u201d \u201cus,\u201d or \u201cour\u201d) is provided strictly for general informational purposes. While we make every effort to ensure the content is accurate and up to date, we make no guarantees, express or implied, regarding the accuracy, adequacy, reliability, validity, or completeness of any information available on this website. Not Professional [&hellip;]<\/p>\n","protected":false},"author":1,"featured_media":0,"parent":0,"menu_order":0,"comment_status":"closed","ping_status":"closed","template":"","meta":{"footnotes":""},"class_list":["post-13396","page","type-page","status-publish","hentry"],"yoast_head":"<!-- This site is optimized with the Yoast SEO plugin v27.5 - https:\/\/yoast.com\/product\/yoast-seo-wordpress\/ -->\n<title>Disclaimer - TinyChat<\/title>\n<meta name=\"robots\" content=\"index, follow, max-snippet:-1, max-image-preview:large, max-video-preview:-1\" \/>\n<link rel=\"canonical\" href=\"https:\/\/tinychat.com\/es\/disclaimer\/\" \/>\n<meta property=\"og:locale\" content=\"es_ES\" \/>\n<meta property=\"og:type\" content=\"article\" \/>\n<meta property=\"og:title\" content=\"Disclaimer - TinyChat\" \/>\n<meta property=\"og:description\" content=\"The information presented on TinyChat.com (\u201cwe,\u201d \u201cus,\u201d or \u201cour\u201d) is provided strictly for general informational purposes. While we make every effort to ensure the content is accurate and up to date, we make no guarantees, express or implied, regarding the accuracy, adequacy, reliability, validity, or completeness of any information available on this website. Not Professional [&hellip;]\" \/>\n<meta property=\"og:url\" content=\"https:\/\/tinychat.com\/es\/disclaimer\/\" \/>\n<meta property=\"og:site_name\" content=\"TinyChat\" \/>\n<meta property=\"article:publisher\" content=\"https:\/\/www.facebook.com\/tinychat\" \/>\n<meta property=\"og:image\" content=\"https:\/\/tinychat.com\/wp-content\/uploads\/2020\/04\/Tinychat-logo-1280x284-new-black.png\" \/>\n\t<meta property=\"og:image:width\" content=\"1280\" \/>\n\t<meta property=\"og:image:height\" content=\"284\" \/>\n\t<meta property=\"og:image:type\" content=\"image\/png\" \/>\n<meta name=\"twitter:card\" content=\"summary_large_image\" \/>\n<meta name=\"twitter:site\" content=\"@tinychat\" \/>\n<meta name=\"twitter:label1\" content=\"Tiempo de lectura\" \/>\n\t<meta name=\"twitter:data1\" content=\"2 minutos\" \/>\n<script type=\"application\/ld+json\" class=\"yoast-schema-graph\">{\"@context\":\"https:\\\/\\\/schema.org\",\"@graph\":[{\"@type\":\"WebPage\",\"@id\":\"https:\\\/\\\/tinychat.com\\\/disclaimer\\\/\",\"url\":\"https:\\\/\\\/tinychat.com\\\/disclaimer\\\/\",\"name\":\"Disclaimer - TinyChat\",\"isPartOf\":{\"@id\":\"https:\\\/\\\/tinychat.com\\\/#website\"},\"datePublished\":\"2025-08-04T11:59:11+00:00\",\"breadcrumb\":{\"@id\":\"https:\\\/\\\/tinychat.com\\\/disclaimer\\\/#breadcrumb\"},\"inLanguage\":\"es\",\"potentialAction\":[{\"@type\":\"ReadAction\",\"target\":[\"https:\\\/\\\/tinychat.com\\\/disclaimer\\\/\"]}]},{\"@type\":\"BreadcrumbList\",\"@id\":\"https:\\\/\\\/tinychat.com\\\/disclaimer\\\/#breadcrumb\",\"itemListElement\":[{\"@type\":\"ListItem\",\"position\":1,\"name\":\"Home\",\"item\":\"https:\\\/\\\/tinychat.com\\\/\"},{\"@type\":\"ListItem\",\"position\":2,\"name\":\"Disclaimer\"}]},{\"@type\":\"WebSite\",\"@id\":\"https:\\\/\\\/tinychat.com\\\/#website\",\"url\":\"https:\\\/\\\/tinychat.com\\\/\",\"name\":\"TinyChat\",\"description\":\"Random Video Chat with Strangers\",\"publisher\":{\"@id\":\"https:\\\/\\\/tinychat.com\\\/#organization\"},\"alternateName\":\"TinyChat.com\",\"potentialAction\":[{\"@type\":\"SearchAction\",\"target\":{\"@type\":\"EntryPoint\",\"urlTemplate\":\"https:\\\/\\\/tinychat.com\\\/?s={search_term_string}\"},\"query-input\":{\"@type\":\"PropertyValueSpecification\",\"valueRequired\":true,\"valueName\":\"search_term_string\"}}],\"inLanguage\":\"es\"},{\"@type\":\"Organization\",\"@id\":\"https:\\\/\\\/tinychat.com\\\/#organization\",\"name\":\"TinyChat\",\"alternateName\":\"TinyChat.com\",\"url\":\"https:\\\/\\\/tinychat.com\\\/\",\"logo\":{\"@type\":\"ImageObject\",\"inLanguage\":\"es\",\"@id\":\"https:\\\/\\\/tinychat.com\\\/#\\\/schema\\\/logo\\\/image\\\/\",\"url\":\"https:\\\/\\\/tinychat.com\\\/wp-content\\\/uploads\\\/2023\\\/11\\\/Tinychat-icon-square.png\",\"contentUrl\":\"https:\\\/\\\/tinychat.com\\\/wp-content\\\/uploads\\\/2023\\\/11\\\/Tinychat-icon-square.png\",\"width\":284,\"height\":284,\"caption\":\"TinyChat\"},\"image\":{\"@id\":\"https:\\\/\\\/tinychat.com\\\/#\\\/schema\\\/logo\\\/image\\\/\"},\"sameAs\":[\"https:\\\/\\\/www.facebook.com\\\/tinychat\",\"https:\\\/\\\/x.com\\\/tinychat\"]}]}<\/script>\n<!-- \/ Yoast SEO plugin. -->","yoast_head_json":{"title":"Descargo de responsabilidad - TinyChat","robots":{"index":"index","follow":"follow","max-snippet":"max-snippet:-1","max-image-preview":"max-image-preview:large","max-video-preview":"max-video-preview:-1"},"canonical":"https:\/\/tinychat.com\/es\/disclaimer\/","og_locale":"es_ES","og_type":"article","og_title":"Disclaimer - TinyChat","og_description":"The information presented on TinyChat.com (\u201cwe,\u201d \u201cus,\u201d or \u201cour\u201d) is provided strictly for general informational purposes. While we make every effort to ensure the content is accurate and up to date, we make no guarantees, express or implied, regarding the accuracy, adequacy, reliability, validity, or completeness of any information available on this website. Not Professional [&hellip;]","og_url":"https:\/\/tinychat.com\/es\/disclaimer\/","og_site_name":"TinyChat","article_publisher":"https:\/\/www.facebook.com\/tinychat","og_image":[{"width":1280,"height":284,"url":"https:\/\/tinychat.com\/wp-content\/uploads\/2020\/04\/Tinychat-logo-1280x284-new-black.png","type":"image\/png"}],"twitter_card":"summary_large_image","twitter_site":"@tinychat","twitter_misc":{"Tiempo de lectura":"2 minutos"},"schema":{"@context":"https:\/\/schema.org","@graph":[{"@type":"WebPage","@id":"https:\/\/tinychat.com\/disclaimer\/","url":"https:\/\/tinychat.com\/disclaimer\/","name":"Descargo de responsabilidad - TinyChat","isPartOf":{"@id":"https:\/\/tinychat.com\/#website"},"datePublished":"2025-08-04T11:59:11+00:00","breadcrumb":{"@id":"https:\/\/tinychat.com\/disclaimer\/#breadcrumb"},"inLanguage":"es","potentialAction":[{"@type":"ReadAction","target":["https:\/\/tinychat.com\/disclaimer\/"]}]},{"@type":"BreadcrumbList","@id":"https:\/\/tinychat.com\/disclaimer\/#breadcrumb","itemListElement":[{"@type":"ListItem","position":1,"name":"Home","item":"https:\/\/tinychat.com\/"},{"@type":"ListItem","position":2,"name":"Disclaimer"}]},{"@type":"WebSite","@id":"https:\/\/tinychat.com\/#website","url":"https:\/\/tinychat.com\/","name":"TinyChat","description":"Videochat aleatorio con desconocidos","publisher":{"@id":"https:\/\/tinychat.com\/#organization"},"alternateName":"TinyChat.com","potentialAction":[{"@type":"SearchAction","target":{"@type":"EntryPoint","urlTemplate":"https:\/\/tinychat.com\/?s={search_term_string}"},"query-input":{"@type":"PropertyValueSpecification","valueRequired":true,"valueName":"search_term_string"}}],"inLanguage":"es"},{"@type":"Organization","@id":"https:\/\/tinychat.com\/#organization","name":"TinyChat","alternateName":"TinyChat.com","url":"https:\/\/tinychat.com\/","logo":{"@type":"ImageObject","inLanguage":"es","@id":"https:\/\/tinychat.com\/#\/schema\/logo\/image\/","url":"https:\/\/tinychat.com\/wp-content\/uploads\/2023\/11\/Tinychat-icon-square.png","contentUrl":"https:\/\/tinychat.com\/wp-content\/uploads\/2023\/11\/Tinychat-icon-square.png","width":284,"height":284,"caption":"TinyChat"},"image":{"@id":"https:\/\/tinychat.com\/#\/schema\/logo\/image\/"},"sameAs":["https:\/\/www.facebook.com\/tinychat","https:\/\/x.com\/tinychat"]}]}},"_links":{"self":[{"href":"https:\/\/tinychat.com\/es\/wp-json\/wp\/v2\/pages\/13396","targetHints":{"allow":["GET"]}}],"collection":[{"href":"https:\/\/tinychat.com\/es\/wp-json\/wp\/v2\/pages"}],"about":[{"href":"https:\/\/tinychat.com\/es\/wp-json\/wp\/v2\/types\/page"}],"author":[{"embeddable":true,"href":"https:\/\/tinychat.com\/es\/wp-json\/wp\/v2\/users\/1"}],"replies":[{"embeddable":true,"href":"https:\/\/tinychat.com\/es\/wp-json\/wp\/v2\/comments?post=13396"}],"version-history":[{"count":1,"href":"https:\/\/tinychat.com\/es\/wp-json\/wp\/v2\/pages\/13396\/revisions"}],"predecessor-version":[{"id":13397,"href":"https:\/\/tinychat.com\/es\/wp-json\/wp\/v2\/pages\/13396\/revisions\/13397"}],"wp:attachment":[{"href":"https:\/\/tinychat.com\/es\/wp-json\/wp\/v2\/media?parent=13396"}],"curies":[{"name":"wp","href":"https:\/\/api.w.org\/{rel}","templated":true}]}}