{"id":13409,"date":"2025-08-05T11:01:10","date_gmt":"2025-08-05T09:01:10","guid":{"rendered":"https:\/\/tinychat.com\/?page_id=13409"},"modified":"2025-08-05T11:01:10","modified_gmt":"2025-08-05T09:01:10","slug":"omegle-replacement","status":"publish","type":"page","link":"https:\/\/tinychat.com\/es\/omegle-replacement\/","title":{"rendered":"Omegle Sustituci\u00f3n"},"content":{"rendered":"<p>Cuando se lanz\u00f3 Omegle, cambi\u00f3 la forma de conocer gente en Internet. Al instante, cualquiera pod\u00eda chatear por v\u00eddeo con un desconocido, sin perfiles ni complicaciones. Pero a medida que Internet ha crecido y las necesidades de los usuarios han cambiado, tambi\u00e9n lo han hecho las expectativas de la gente, y la necesidad de un sustituto de Omegle es mayor que nunca.<\/p>\n<p>Puede que Omegle no funcione, est\u00e9 demasiado lleno o simplemente ya no te guste. O puede que est\u00e9s buscando una experiencia m\u00e1s segura, con m\u00e1s funciones o incluso m\u00e1s moderada. Sea cual sea tu raz\u00f3n, ahora hay docenas de alternativas a Omegle listas para ofrecerte formas nuevas y emocionantes de conocer gente nueva en l\u00ednea.<\/p>\n<h2>\u00bfPor qu\u00e9 buscar un recambio Omegle?<\/h2>\n<p>El Omegle fue pionero, pero seamos sinceros: no es perfecto. A lo largo de los a\u00f1os, muchos usuarios se han encontrado buscando un sustituto del Omegle debido a:<\/p>\n<ul>\n<li>Moderaci\u00f3n incoherente: Demasiados bots o usuarios inapropiados.<\/li>\n<li>Falta de filtros: Dif\u00edcil encontrar gente por edad, sexo o intereses.<\/li>\n<li>No hay aplicaci\u00f3n m\u00f3vil: Omegle no siempre es apto para m\u00f3viles.<\/li>\n<li>Funciones limitadas: Poco en cuanto a juegos, pegatinas, regalos o salas de chat tem\u00e1ticas.<\/li>\n<li>Preocupaci\u00f3n por la seguridad: El anonimato est\u00e1 muy bien, pero a veces quieres m\u00e1s protecci\u00f3n.<\/li>\n<\/ul>\n<p>Por eso tanta gente explora sitios y aplicaciones alternativas Omegle, en busca de la misma espontaneidad, pero con m\u00e1s control y mejores vibraciones.<\/p>\n<h2>\u00bfQu\u00e9 hace que una Omegle sea una buena alternativa?<\/h2>\n<p>Las mejores plataformas de sustituci\u00f3n Omegle tienen todas algunas cosas en com\u00fan:<\/p>\n<ul>\n<li>Uso gratuito: Sin grandes muros de pago ni costes ocultos para empezar a chatear.<\/li>\n<li>Chat instant\u00e1neo de v\u00eddeo y texto: Entra y conoce a alguien nuevo en segundos.<\/li>\n<li>Coincidencia an\u00f3nima: mantente en privado, utiliza un apodo y comparte s\u00f3lo lo que quieras.<\/li>\n<li>Filtros y controles: Sexo, ubicaci\u00f3n, intereses y mucho m\u00e1s.<\/li>\n<li>Moderaci\u00f3n activa: Bloqueo, denuncia y normas comunitarias activas.<\/li>\n<li>Compatibilidad m\u00f3vil: Aplicaciones o sitios web adaptados a m\u00f3viles.<\/li>\n<\/ul>\n<p>Una vez cubiertos estos aspectos b\u00e1sicos, cada sustituto del Omegle ofrece su propio giro: algunos se centran en la diversi\u00f3n, otros en la seguridad y otros en encontrar conexiones m\u00e1s genuinas.<\/p>\n<h2>Los mejores sitios y aplicaciones para sustituir el Omegle<\/h2>\n<p>\u00bfPreparado para probar algo nuevo? Aqu\u00ed tienes las mejores alternativas al Omegle, cada una con su propio sabor y seguidores:<\/p>\n<h3>1. Chatroulette<\/h3>\n<p>El videochat aleatorio original. Conocido por sus r\u00e1pidas coincidencias, su sencilla interfaz y su enorme base de usuarios en todo el mundo. La fuerte moderaci\u00f3n ha mejorado la experiencia del usuario.<\/p>\n<h3>2. Chatspin<\/h3>\n<p>Ofrece opciones de v\u00eddeo, texto y chat en grupo. Filtros por sexo y ubicaci\u00f3n, divertidos efectos de v\u00eddeo y disponible tanto en escritorio como en m\u00f3vil.<\/p>\n<h3>3. Camsurf<\/h3>\n<p>Un entorno seguro y limpio con moderaci\u00f3n y filtros por pa\u00eds\/idioma. Conexiones r\u00e1pidas y una plataforma apta para m\u00f3viles.<\/p>\n<h3>4. Chatrandom<\/h3>\n<p>Te permite filtrar por sexo, ubicaci\u00f3n e incluso preferencia sexual. Incluye salas de chat tem\u00e1ticas y una opci\u00f3n de \"solo chat de chicas\".<\/p>\n<h3>5. TinyChat<\/h3>\n<p>Chat en grupo con salas p\u00fablicas y privadas: ideal para participar en conversaciones sobre cualquier tema o incluso para retransmitir tu propio chat de v\u00eddeo.<\/p>\n<h3>6. Bazoocam<\/h3>\n<p>Popular en Europa, Bazoocam ofrece emparejamientos r\u00e1pidos y juegos en el chat para ayudar a romper el hielo.<\/p>\n<h3>7. Emerald Chat<\/h3>\n<p>Se centra en la comunidad y la tecnolog\u00eda anti-bot, con una fuerte moderaci\u00f3n, coincidencia de intereses y puntos de karma por buen comportamiento.<\/p>\n<h3>8. CooMeet<\/h3>\n<p>Para los hombres que buscan chatear con mujeres verificadas, CooMeet es un sustituto premium de Omegle con verificaci\u00f3n por v\u00eddeo y un elevado ratio mujer-hombre.<\/p>\n<h3>9. Shagle<\/h3>\n<p>Videochat global aleatorio con filtros de g\u00e9nero y ubicaci\u00f3n, regalos virtuales y divertidos filtros de v\u00eddeo.<\/p>\n<blockquote><p>Consejo: \u00a1pruebe unas cuantas! Cada plataforma de sustituci\u00f3n Omegle tiene su propia comunidad y personalidad.<\/p><\/blockquote>\n<h2>Omegle de repuesto frente a Omegle: \u00bfc\u00f3mo se comparan?<\/h2>\n<table>\n<thead>\n<tr>\n<th>Caracter\u00edstica<\/th>\n<th>Omegle<\/th>\n<th>Chatroulette<\/th>\n<th>Chatspin<\/th>\n<th>Chatrandom<\/th>\n<th>Camsurf<\/th>\n<th>Emerald Chat<\/th>\n<\/tr>\n<\/thead>\n<tbody>\n<tr>\n<td>Uso gratuito<\/td>\n<td>\u2705<\/td>\n<td>\u2705<\/td>\n<td>\u2705<\/td>\n<td>\u2705<\/td>\n<td>\u2705<\/td>\n<td>\u2705<\/td>\n<\/tr>\n<tr>\n<td>Chat de v\u00eddeo y texto<\/td>\n<td>\u2705<\/td>\n<td>\u2705<\/td>\n<td>\u2705<\/td>\n<td>\u2705<\/td>\n<td>\u2705<\/td>\n<td>\u2705<\/td>\n<\/tr>\n<tr>\n<td>Filtros de g\u00e9nero<\/td>\n<td>\u274c<\/td>\n<td>\u274c<\/td>\n<td>\u2705<\/td>\n<td>\u2705<\/td>\n<td>\u2705<\/td>\n<td>\u2705<\/td>\n<\/tr>\n<tr>\n<td>Filtros de inter\u00e9s<\/td>\n<td>\u2705<\/td>\n<td>\u274c<\/td>\n<td>\u2705<\/td>\n<td>\u2705<\/td>\n<td>\u2705<\/td>\n<td>\u2705<\/td>\n<\/tr>\n<tr>\n<td>Fuerte moderaci\u00f3n<\/td>\n<td>\u274c<\/td>\n<td>\u2705<\/td>\n<td>\u2705<\/td>\n<td>\u2705<\/td>\n<td>\u2705<\/td>\n<td>\u2705<\/td>\n<\/tr>\n<tr>\n<td>Aplicaci\u00f3n m\u00f3vil<\/td>\n<td>\u274c<\/td>\n<td>\u2705<\/td>\n<td>\u2705<\/td>\n<td>\u2705<\/td>\n<td>\u2705<\/td>\n<td>\u2705<\/td>\n<\/tr>\n<tr>\n<td>Caracter\u00edsticas \u00fanicas<\/td>\n<td>Modo esp\u00eda<\/td>\n<td>Juegos<\/td>\n<td>Efectos<\/td>\n<td>Salas tem\u00e1ticas<\/td>\n<td>Idioma<\/td>\n<td>Sistema de karma<\/td>\n<\/tr>\n<\/tbody>\n<\/table>\n<p>Las alternativas Omegle suelen a\u00f1adir m\u00e1s filtros, mejor moderaci\u00f3n y funciones adicionales.<\/p>\n<h2>Sustituci\u00f3n gratuita del Omegle: Qu\u00e9 esperar<\/h2>\n<p>La mayor\u00eda de las plataformas de sustituci\u00f3n de Omegle son totalmente gratuitas, aunque algunas ofrecen extras de pago para cosas como:<\/p>\n<ul>\n<li>Filtros ilimitados<\/li>\n<li>Partidos prioritarios<\/li>\n<li>Sin anuncios<\/li>\n<li>Acceso a salas o prestaciones \"VIP<\/li>\n<\/ul>\n<p>Pero no hace falta gastar dinero para tener grandes conversaciones. La versi\u00f3n gratuita en casi todas las alternativas es robusta y est\u00e1 repleta de posibilidades.<\/p>\n<h2>Consejos para sacar el m\u00e1ximo partido a su alternativa Omegle<\/h2>\n<ul>\n<li>Sea abierto y amable: La primera impresi\u00f3n es la que cuenta. Un saludo sincero llega muy lejos.<\/li>\n<li>Pruebe diferentes horarios: Usuarios de distintos pa\u00edses y zonas horarias est\u00e1n conectados las 24 horas del d\u00eda.<\/li>\n<li>Utiliza filtros: El sexo, la ubicaci\u00f3n y los intereses pueden ayudarte a encontrar mejores coincidencias.<\/li>\n<li>No te desanimes: Si un chat es inc\u00f3modo o corto, simplemente haz clic en \"Siguiente\".<\/li>\n<li>Explora salas tem\u00e1ticas: Muchos sitios te permiten unirte a grupos de m\u00fasica, juegos, citas y mucho m\u00e1s.<\/li>\n<li>Comb\u00ednalo: Cambia entre texto y v\u00eddeo en funci\u00f3n de tu nivel de comodidad.<\/li>\n<\/ul>\n<h2>Seguridad en las sustituciones Omegle<\/h2>\n<p>El videochat aleatorio es divertido, pero mantente siempre a salvo:<\/p>\n<ul>\n<li>Nunca compartas tu nombre real, direcci\u00f3n o informaci\u00f3n personal.<\/li>\n<li>Utiliza un apodo y mant\u00e9n el fondo de tu webcam neutro.<\/li>\n<li>No hagas clic en enlaces ni descargues archivos de desconocidos.<\/li>\n<li>Bloquea\/denuncia a cualquiera que sea grosero o inapropiado.<\/li>\n<li>Si tienes menos de 18 a\u00f1os, utiliza s\u00f3lo plataformas dise\u00f1adas para tu edad y con mucha moderaci\u00f3n.<\/li>\n<\/ul>\n<p>La mayor\u00eda de las alternativas de buena reputaci\u00f3n se toman en serio la seguridad, pero siempre es inteligente usar tu propio criterio.<\/p>\n<h2>\u00bfQui\u00e9n utiliza los centros de sustituci\u00f3n Omegle?<\/h2>\n<p>A todos. Os reunir\u00e9is:<\/p>\n<ul>\n<li>Solteros que buscan ligar, salir o hacer amigos<\/li>\n<li>Viajeros y expatriados que desean conectarse globalmente<\/li>\n<li>Alumnos que practican idiomas<\/li>\n<li>Nocturnos aburridos e insomnes<\/li>\n<li>Cualquiera abierto a una conversaci\u00f3n fresca y en tiempo real<\/li>\n<\/ul>\n<p>Nunca se sabe qui\u00e9n est\u00e1 al otro lado de la c\u00e1mara: cada charla es una historia nueva.<\/p>\n<h2>\u00bfCu\u00e1ndo se debe utilizar un recambio Omegle?<\/h2>\n<ul>\n<li>Cuando Omegle est\u00e1 ca\u00eddo o no funciona<\/li>\n<li>Para un entorno m\u00e1s seguro y moderado<\/li>\n<li>Si desea utilizar filtros para una mejor correspondencia<\/li>\n<li>Cuando est\u00e9s aburrido y desees nueva compa\u00f1\u00eda<\/li>\n<li>Practicar idiomas o conocer nuevas culturas<\/li>\n<li>Para chats de grupo o comunidades tem\u00e1ticas<\/li>\n<\/ul>\n<h2>Omegle Sustituto para m\u00f3viles: Chat sobre la marcha<\/h2>\n<p>La mayor\u00eda de las principales alternativas al Omegle tienen ahora aplicaciones m\u00f3viles o sitios web optimizados para m\u00f3viles, por lo que puedes:<\/p>\n<ul>\n<li>Chatea mientras esperas en la cola, durante el descanso o a altas horas de la noche<\/li>\n<li>Cambia f\u00e1cilmente entre v\u00eddeo, texto y chats de grupo<\/li>\n<li>Conoce a gente de todo el mundo, en cualquier momento y lugar<\/li>\n<\/ul>\n<p>Busca en tu tienda de aplicaciones nombres como Chatspin, Chatrandom o Camsurf, y empieza a chatear en segundos.<\/p>\n<p>Puede que Omegle lo empezara todo, pero hay todo un mundo nuevo de sitios y aplicaciones que sustituyen a Omegle ah\u00ed fuera, cada uno ofreciendo formas m\u00e1s seguras, inteligentes y ricas en funciones de conectar. Con una mejor moderaci\u00f3n, filtros reales, acceso m\u00f3vil y comunidades globales, siempre puedes encontrar el ambiente adecuado, ya busques amistad, flirteo o simplemente una conversaci\u00f3n divertida.<\/p>\n<p>\u00bfListo para pasar de Omegle? Explora algunas alternativas esta noche: tu pr\u00f3ximo gran chat podr\u00eda estar a solo un clic de distancia.<\/p>","protected":false},"excerpt":{"rendered":"<p>When Omegle first launched, it changed how we met people online. Instantly, anyone could jump into a random video chat with a stranger, no profiles, no fuss. But as the internet has grown and user needs have changed, so have people\u2019s expectations\u2014and the need for an Omegle replacement is bigger than ever. Maybe Omegle is [&hellip;]<\/p>\n","protected":false},"author":8,"featured_media":0,"parent":0,"menu_order":0,"comment_status":"closed","ping_status":"closed","template":"","meta":{"footnotes":""},"class_list":["post-13409","page","type-page","status-publish","hentry"],"yoast_head":"<!-- This site is optimized with the Yoast SEO plugin v27.5 - https:\/\/yoast.com\/product\/yoast-seo-wordpress\/ -->\n<title>Omegle Replacement on TinyChat.com<\/title>\n<meta name=\"description\" content=\"Looking for an Omegle Replacement? Join over 50,000,000 strangers on TinyChat! Turn on your cam and start meeting new people.\" \/>\n<meta name=\"robots\" content=\"index, follow, max-snippet:-1, max-image-preview:large, max-video-preview:-1\" \/>\n<link rel=\"canonical\" href=\"https:\/\/tinychat.com\/es\/omegle-replacement\/\" \/>\n<meta property=\"og:locale\" content=\"es_ES\" \/>\n<meta property=\"og:type\" content=\"article\" \/>\n<meta property=\"og:title\" content=\"Omegle Replacement on TinyChat.com\" \/>\n<meta property=\"og:description\" content=\"Looking for an Omegle Replacement? Join over 50,000,000 strangers on TinyChat! Turn on your cam and start meeting new people.\" \/>\n<meta property=\"og:url\" content=\"https:\/\/tinychat.com\/es\/omegle-replacement\/\" \/>\n<meta property=\"og:site_name\" content=\"TinyChat\" \/>\n<meta property=\"article:publisher\" content=\"https:\/\/www.facebook.com\/tinychat\" \/>\n<meta property=\"og:image\" content=\"https:\/\/tinychat.com\/wp-content\/uploads\/2020\/04\/Tinychat-logo-1280x284-new-black.png\" \/>\n\t<meta property=\"og:image:width\" content=\"1280\" \/>\n\t<meta property=\"og:image:height\" content=\"284\" \/>\n\t<meta property=\"og:image:type\" content=\"image\/png\" \/>\n<meta name=\"twitter:card\" content=\"summary_large_image\" \/>\n<meta name=\"twitter:site\" content=\"@tinychat\" \/>\n<meta name=\"twitter:label1\" content=\"Tiempo de lectura\" \/>\n\t<meta name=\"twitter:data1\" content=\"5 minutos\" \/>\n<script type=\"application\/ld+json\" class=\"yoast-schema-graph\">{\"@context\":\"https:\\\/\\\/schema.org\",\"@graph\":[{\"@type\":\"WebPage\",\"@id\":\"https:\\\/\\\/tinychat.com\\\/omegle-replacement\\\/\",\"url\":\"https:\\\/\\\/tinychat.com\\\/omegle-replacement\\\/\",\"name\":\"Omegle Replacement on TinyChat.com\",\"isPartOf\":{\"@id\":\"https:\\\/\\\/tinychat.com\\\/#website\"},\"datePublished\":\"2025-08-05T09:01:10+00:00\",\"description\":\"Looking for an Omegle Replacement? Join over 50,000,000 strangers on TinyChat! Turn on your cam and start meeting new people.\",\"breadcrumb\":{\"@id\":\"https:\\\/\\\/tinychat.com\\\/omegle-replacement\\\/#breadcrumb\"},\"inLanguage\":\"es\",\"potentialAction\":[{\"@type\":\"ReadAction\",\"target\":[\"https:\\\/\\\/tinychat.com\\\/omegle-replacement\\\/\"]}]},{\"@type\":\"BreadcrumbList\",\"@id\":\"https:\\\/\\\/tinychat.com\\\/omegle-replacement\\\/#breadcrumb\",\"itemListElement\":[{\"@type\":\"ListItem\",\"position\":1,\"name\":\"Home\",\"item\":\"https:\\\/\\\/tinychat.com\\\/\"},{\"@type\":\"ListItem\",\"position\":2,\"name\":\"Omegle Replacement\"}]},{\"@type\":\"WebSite\",\"@id\":\"https:\\\/\\\/tinychat.com\\\/#website\",\"url\":\"https:\\\/\\\/tinychat.com\\\/\",\"name\":\"TinyChat\",\"description\":\"Random Video Chat with Strangers\",\"publisher\":{\"@id\":\"https:\\\/\\\/tinychat.com\\\/#organization\"},\"alternateName\":\"TinyChat.com\",\"potentialAction\":[{\"@type\":\"SearchAction\",\"target\":{\"@type\":\"EntryPoint\",\"urlTemplate\":\"https:\\\/\\\/tinychat.com\\\/?s={search_term_string}\"},\"query-input\":{\"@type\":\"PropertyValueSpecification\",\"valueRequired\":true,\"valueName\":\"search_term_string\"}}],\"inLanguage\":\"es\"},{\"@type\":\"Organization\",\"@id\":\"https:\\\/\\\/tinychat.com\\\/#organization\",\"name\":\"TinyChat\",\"alternateName\":\"TinyChat.com\",\"url\":\"https:\\\/\\\/tinychat.com\\\/\",\"logo\":{\"@type\":\"ImageObject\",\"inLanguage\":\"es\",\"@id\":\"https:\\\/\\\/tinychat.com\\\/#\\\/schema\\\/logo\\\/image\\\/\",\"url\":\"https:\\\/\\\/tinychat.com\\\/wp-content\\\/uploads\\\/2023\\\/11\\\/Tinychat-icon-square.png\",\"contentUrl\":\"https:\\\/\\\/tinychat.com\\\/wp-content\\\/uploads\\\/2023\\\/11\\\/Tinychat-icon-square.png\",\"width\":284,\"height\":284,\"caption\":\"TinyChat\"},\"image\":{\"@id\":\"https:\\\/\\\/tinychat.com\\\/#\\\/schema\\\/logo\\\/image\\\/\"},\"sameAs\":[\"https:\\\/\\\/www.facebook.com\\\/tinychat\",\"https:\\\/\\\/x.com\\\/tinychat\"]}]}<\/script>\n<!-- \/ Yoast SEO plugin. -->","yoast_head_json":{"title":"Omegle Recambio en TinyChat.com","description":"\u00bfBuscas un sustituto de Omegle? \u00a1\u00danete a m\u00e1s de 50.000.000 de desconocidos en TinyChat! Enciende tu c\u00e1mara y empieza a conocer gente nueva.","robots":{"index":"index","follow":"follow","max-snippet":"max-snippet:-1","max-image-preview":"max-image-preview:large","max-video-preview":"max-video-preview:-1"},"canonical":"https:\/\/tinychat.com\/es\/omegle-replacement\/","og_locale":"es_ES","og_type":"article","og_title":"Omegle Replacement on TinyChat.com","og_description":"Looking for an Omegle Replacement? Join over 50,000,000 strangers on TinyChat! Turn on your cam and start meeting new people.","og_url":"https:\/\/tinychat.com\/es\/omegle-replacement\/","og_site_name":"TinyChat","article_publisher":"https:\/\/www.facebook.com\/tinychat","og_image":[{"width":1280,"height":284,"url":"https:\/\/tinychat.com\/wp-content\/uploads\/2020\/04\/Tinychat-logo-1280x284-new-black.png","type":"image\/png"}],"twitter_card":"summary_large_image","twitter_site":"@tinychat","twitter_misc":{"Tiempo de lectura":"5 minutos"},"schema":{"@context":"https:\/\/schema.org","@graph":[{"@type":"WebPage","@id":"https:\/\/tinychat.com\/omegle-replacement\/","url":"https:\/\/tinychat.com\/omegle-replacement\/","name":"Omegle Recambio en TinyChat.com","isPartOf":{"@id":"https:\/\/tinychat.com\/#website"},"datePublished":"2025-08-05T09:01:10+00:00","description":"\u00bfBuscas un sustituto de Omegle? \u00a1\u00danete a m\u00e1s de 50.000.000 de desconocidos en TinyChat! Enciende tu c\u00e1mara y empieza a conocer gente nueva.","breadcrumb":{"@id":"https:\/\/tinychat.com\/omegle-replacement\/#breadcrumb"},"inLanguage":"es","potentialAction":[{"@type":"ReadAction","target":["https:\/\/tinychat.com\/omegle-replacement\/"]}]},{"@type":"BreadcrumbList","@id":"https:\/\/tinychat.com\/omegle-replacement\/#breadcrumb","itemListElement":[{"@type":"ListItem","position":1,"name":"Home","item":"https:\/\/tinychat.com\/"},{"@type":"ListItem","position":2,"name":"Omegle Replacement"}]},{"@type":"WebSite","@id":"https:\/\/tinychat.com\/#website","url":"https:\/\/tinychat.com\/","name":"TinyChat","description":"Videochat aleatorio con desconocidos","publisher":{"@id":"https:\/\/tinychat.com\/#organization"},"alternateName":"TinyChat.com","potentialAction":[{"@type":"SearchAction","target":{"@type":"EntryPoint","urlTemplate":"https:\/\/tinychat.com\/?s={search_term_string}"},"query-input":{"@type":"PropertyValueSpecification","valueRequired":true,"valueName":"search_term_string"}}],"inLanguage":"es"},{"@type":"Organization","@id":"https:\/\/tinychat.com\/#organization","name":"TinyChat","alternateName":"TinyChat.com","url":"https:\/\/tinychat.com\/","logo":{"@type":"ImageObject","inLanguage":"es","@id":"https:\/\/tinychat.com\/#\/schema\/logo\/image\/","url":"https:\/\/tinychat.com\/wp-content\/uploads\/2023\/11\/Tinychat-icon-square.png","contentUrl":"https:\/\/tinychat.com\/wp-content\/uploads\/2023\/11\/Tinychat-icon-square.png","width":284,"height":284,"caption":"TinyChat"},"image":{"@id":"https:\/\/tinychat.com\/#\/schema\/logo\/image\/"},"sameAs":["https:\/\/www.facebook.com\/tinychat","https:\/\/x.com\/tinychat"]}]}},"_links":{"self":[{"href":"https:\/\/tinychat.com\/es\/wp-json\/wp\/v2\/pages\/13409","targetHints":{"allow":["GET"]}}],"collection":[{"href":"https:\/\/tinychat.com\/es\/wp-json\/wp\/v2\/pages"}],"about":[{"href":"https:\/\/tinychat.com\/es\/wp-json\/wp\/v2\/types\/page"}],"author":[{"embeddable":true,"href":"https:\/\/tinychat.com\/es\/wp-json\/wp\/v2\/users\/8"}],"replies":[{"embeddable":true,"href":"https:\/\/tinychat.com\/es\/wp-json\/wp\/v2\/comments?post=13409"}],"version-history":[{"count":1,"href":"https:\/\/tinychat.com\/es\/wp-json\/wp\/v2\/pages\/13409\/revisions"}],"predecessor-version":[{"id":13410,"href":"https:\/\/tinychat.com\/es\/wp-json\/wp\/v2\/pages\/13409\/revisions\/13410"}],"wp:attachment":[{"href":"https:\/\/tinychat.com\/es\/wp-json\/wp\/v2\/media?parent=13409"}],"curies":[{"name":"wp","href":"https:\/\/api.w.org\/{rel}","templated":true}]}}