{"id":13413,"date":"2025-08-07T10:47:03","date_gmt":"2025-08-07T08:47:03","guid":{"rendered":"https:\/\/tinychat.com\/?page_id=13413"},"modified":"2025-08-07T10:47:03","modified_gmt":"2025-08-07T08:47:03","slug":"talk-to-strangers-online-video","status":"publish","type":"page","link":"https:\/\/tinychat.com\/es\/talk-to-strangers-online-video\/","title":{"rendered":"V\u00eddeo en l\u00ednea de Talk to Strangers"},"content":{"rendered":"<p>Internet ha cambiado por completo nuestra forma de relacionarnos con la gente, pero si sigues atrapado en interminables grupos de texto, secciones de comentarios o aburridos tablones de anuncios, puede que te est\u00e9s perdiendo la forma m\u00e1s emocionante de conocer gente nueva: Hablar con desconocidos por v\u00eddeo en l\u00ednea. Este es el futuro de la conexi\u00f3n real, cara a cara, donde cada clic trae una nueva historia, una nueva risa, y a veces incluso un nuevo amigo.<\/p>\n<p>Tanto si busca diversi\u00f3n, amistad, intercambio cultural o incluso un poco de flirteo, hablar con desconocidos a trav\u00e9s del videochat en l\u00ednea es la forma m\u00e1s r\u00e1pida y aut\u00e9ntica de conocer mundo desde su propia casa.<\/p>\n<h2>\u00bfQu\u00e9 es el v\u00eddeo \"Hable con extra\u00f1os en l\u00ednea\"?<\/h2>\n<p>En pocas palabras, las plataformas de v\u00eddeo en l\u00ednea para hablar con desconocidos son sitios web o aplicaciones que te permiten mantener conversaciones de v\u00eddeo en directo y en tiempo real con personas que no conoces. No tienes que registrarte, rellenar largos perfiles ni esperar a que te busquen pareja: enciende tu webcam, haz clic en \"Empezar\" y estar\u00e1s cara a cara con un desconocido en cualquier parte del mundo.<\/p>\n<p>Algunas de las funciones m\u00e1s populares que encontrar\u00e1s en estas plataformas son:<\/p>\n<ul>\n<li>Emparejamiento aleatorio: Empar\u00e9jate con alguien nuevo cada vez que inicies un chat.<\/li>\n<li>Videochat gratis en l\u00ednea con desconocidos: Muchos sitios ofrecen conexiones gratuitas ilimitadas.<\/li>\n<li>Filtros de intereses y ubicaci\u00f3n: Encuentra personas con aficiones similares o de lugares que te resulten curiosos.<\/li>\n<li>Anonimato y privacidad: Utiliza un apodo y controla lo que compartes.<\/li>\n<\/ul>\n<p>Sea cual sea tu objetivo -charlar, intercambiar idiomas, hacer nuevos amigos o simplemente ver qu\u00e9 hay por ah\u00ed-, hay una plataforma que se adapta a tus necesidades.<\/p>\n<h2>\u00bfPor qu\u00e9 hablar por v\u00eddeo con desconocidos?<\/h2>\n<p>Hay muchas razones por las que millones de personas optan por hablar con desconocidos en l\u00ednea a trav\u00e9s del videochat en lugar de los mensajes de texto de la vieja escuela o las redes sociales tradicionales:<\/p>\n<ul>\n<li>Conexi\u00f3n instant\u00e1nea: Recibe comentarios, sonrisas y risas en tiempo real, sin tener que esperar respuestas.<\/li>\n<li>Vea a personas reales: Nada de fotos falsas ni perfiles interminables; lo que ves es lo que hay.<\/li>\n<li>Exploraci\u00f3n cultural: Conoce a gente de otros pa\u00edses y aprende sobre nuevos lugares, costumbres y perspectivas.<\/li>\n<li>Sin presiones: \u00bfNo te gusta alguien? Pulsa \"Siguiente\" y pasa al siguiente chat.<\/li>\n<li>Combate la soledad: Tanto si est\u00e1s en casa, de viaje o trabajando hasta tarde, siempre hay alguien en l\u00ednea para hacerte compa\u00f1\u00eda.<\/li>\n<li>Practique sus habilidades ling\u00fc\u00edsticas: Ideal para estudiantes o cualquier persona que desee mejorar un segundo idioma con hablantes nativos.<\/li>\n<li>Diversi\u00f3n y emoci\u00f3n: Cada chat es un misterio: \u00a1nunca sabes a qui\u00e9n conocer\u00e1s!<\/li>\n<\/ul>\n<blockquote><p>\"Empec\u00e9 a utilizar el videochat en l\u00ednea s\u00f3lo para pasar el tiempo durante el encierro, pero ahora tengo amigos de cinco pa\u00edses distintos. Cada noche es una nueva aventura\".<\/p><\/blockquote>\n<h2>\u00bfC\u00f3mo funciona el videochat aleatorio con desconocidos en l\u00ednea?<\/h2>\n<p>Empezar es muy sencillo, incluso si no eres un experto en tecnolog\u00eda:<\/p>\n<ol>\n<li>Elige una plataforma: Las opciones m\u00e1s populares son Omegle, Chatroulette, Chatspin, Camsurf y Chatrandom.<\/li>\n<li>Permite el acceso a la c\u00e1mara y al micr\u00f3fono: Siempre tendr\u00e1s el control: activa y desactiva la c\u00e1mara o el micr\u00f3fono cuando lo necesites.<\/li>\n<li>Haz clic en \"Empezar\" o \"Conectar\": Empar\u00e9jate al instante con un desconocido en l\u00ednea.<\/li>\n<li>Charla todo el tiempo que quieras: Si la conversaci\u00f3n es buena, sigue. Si no, pulsa \"Siguiente\" para conocer a otra persona.<\/li>\n<li>Utiliza filtros o etiquetas: Muchos sitios te permiten buscar por intereses o ubicaci\u00f3n para encontrar mejores coincidencias.<\/li>\n<li>No es necesario registrarse: La mayor\u00eda de las plataformas te permiten permanecer completamente an\u00f3nimo, utilizando solo un apodo si lo deseas.<\/li>\n<\/ol>\n<p>As\u00ed de f\u00e1cil. En cuesti\u00f3n de segundos, puedes estar charlando, riendo y aprendiendo con alguien totalmente nuevo.<\/p>\n<h2>Las mejores plataformas para hablar por v\u00eddeo con desconocidos en Internet<\/h2>\n<p>Hay docenas de opciones, cada una con sus propias caracter\u00edsticas y comunidad. Estas son algunas de las m\u00e1s fiables y utilizadas:<\/p>\n<ul>\n<li>Omegle: El videochat en l\u00ednea aleatorio original, de texto o v\u00eddeo, totalmente gratuito y con millones de usuarios en todo el mundo.<\/li>\n<li>Chatroulette: Famoso por sus r\u00e1pidas coincidencias y sus conversaciones de v\u00eddeo real.<\/li>\n<li>Chatspin: A\u00f1ade filtros de intereses y g\u00e9nero, adem\u00e1s de divertidos efectos de v\u00eddeo.<\/li>\n<li>Camsurf: Interfaz limpia, fuerte moderaci\u00f3n y una comunidad amigable.<\/li>\n<li>Chatrandom: Ofrece salas de videochat individuales y en grupo, adem\u00e1s de filtros por regiones e intereses.<\/li>\n<li>Bazoocam: Popular en Europa, con juegos y caracter\u00edsticas \u00fanicas para romper el hielo.<\/li>\n<\/ul>\n<p>Pruebe unos cuantos y vea cu\u00e1l se adapta mejor a su estado de \u00e1nimo: la mejor experiencia se obtiene explorando diferentes plataformas y momentos del d\u00eda.<\/p>\n<h2>Hablar con desconocidos V\u00eddeo en l\u00ednea frente a otras formas de conectar<\/h2>\n<table>\n<thead>\n<tr>\n<th>Caracter\u00edstica<\/th>\n<th>Videochat en l\u00ednea<\/th>\n<th>Chat de texto<\/th>\n<th>Redes sociales<\/th>\n<th>Aplicaciones de citas<\/th>\n<\/tr>\n<\/thead>\n<tbody>\n<tr>\n<td>Cara a cara en tiempo real<\/td>\n<td>\u2705<\/td>\n<td>\u274c<\/td>\n<td>\u2705<\/td>\n<td>\u2705\/\u274c<\/td>\n<\/tr>\n<tr>\n<td>Emparejamiento aleatorio<\/td>\n<td>\u2705<\/td>\n<td>\u2705<\/td>\n<td>\u274c<\/td>\n<td>\u2705<\/td>\n<\/tr>\n<tr>\n<td>No necesita perfil<\/td>\n<td>\u2705<\/td>\n<td>\u2705<\/td>\n<td>\u274c<\/td>\n<td>\u274c<\/td>\n<\/tr>\n<tr>\n<td>Uso gratuito<\/td>\n<td>\u2705<\/td>\n<td>\u2705<\/td>\n<td>\u2705<\/td>\n<td>\u2705\/\u274c<\/td>\n<\/tr>\n<tr>\n<td>Anonimato<\/td>\n<td>\u2705<\/td>\n<td>\u2705<\/td>\n<td>\u274c<\/td>\n<td>\u274c<\/td>\n<\/tr>\n<tr>\n<td>Funci\u00f3n \"Siguiente\"\/salto<\/td>\n<td>\u2705<\/td>\n<td>\u2705<\/td>\n<td>\u274c<\/td>\n<td>\u274c<\/td>\n<\/tr>\n<\/tbody>\n<\/table>\n<p>El videochat en directo con desconocidos destaca por su inmediatez, espontaneidad y conexi\u00f3n genuina.<\/p>\n<h2>V\u00eddeo sobre seguridad al hablar con desconocidos por Internet<\/h2>\n<p>Aunque la mayor\u00eda de la gente s\u00f3lo busca una conversaci\u00f3n amistosa, la seguridad debe ser siempre lo primero:<\/p>\n<ul>\n<li>No compartas informaci\u00f3n privada: Nunca reveles tu nombre real, direcci\u00f3n, n\u00famero de tel\u00e9fono o lugar de trabajo.<\/li>\n<li>Utiliza un apodo neutro: mant\u00e9n tu identidad en privado hasta que te sientas c\u00f3modo.<\/li>\n<li>Ten cuidado con la c\u00e1mara: Mant\u00e9n un fondo neutro y no muestres documentos o detalles personales.<\/li>\n<li>Denuncia y bloquea cuando sea necesario: La mayor\u00eda de las plataformas te permiten bloquear\/denunciar al instante a cualquiera que act\u00fae de forma inapropiada.<\/li>\n<li>Conf\u00eda en tus instintos: si algo te parece raro, termina la conversaci\u00f3n de inmediato.<\/li>\n<\/ul>\n<p>C\u00ed\u00f1ase a sitios de confianza y d\u00e9 siempre prioridad a su comodidad y seguridad.<\/p>\n<h2>\u00bfQui\u00e9n utiliza el videochat en l\u00ednea con desconocidos?<\/h2>\n<p>Es una comunidad mundial. Encontrar\u00e1:<\/p>\n<ul>\n<li>Adolescentes y j\u00f3venes adultos en busca de diversi\u00f3n y nuevas amistades<\/li>\n<li>Viajeros y expatriados en contacto con personas de todo el mundo<\/li>\n<li>Los estudiantes de idiomas practican t\u00e9cnicas de conversaci\u00f3n reales<\/li>\n<li>Solteros en busca de una charla coqueta o incluso una chispa<\/li>\n<li>Cualquiera que se aburra, se sienta solo o simplemente tenga ganas de algo nuevo.<\/li>\n<\/ul>\n<p>Hay alguien para cada persona, independientemente de su edad, intereses o procedencia.<\/p>\n<h2>De qu\u00e9 hablar con desconocidos en Internet<\/h2>\n<p>\u00bfNo sabes c\u00f3mo empezar? Aqu\u00ed tienes algunas ideas para romper el hielo:<\/p>\n<ul>\n<li>M\u00fasica, pel\u00edculas y programas favoritos<\/li>\n<li>Relatos de viajes y destinos de ensue\u00f1o<\/li>\n<li>Recuerdos divertidos de la infancia o preguntas del tipo \"preferir\u00eda\".<\/li>\n<li>La vida en su ciudad o pa\u00eds: \u00bfqu\u00e9 tiene de especial el lugar donde vive?<\/li>\n<li>Aficiones, deportes o intereses creativos<\/li>\n<li>Preguntas sobre la actualidad, la escuela o la carrera<\/li>\n<li>Juegos tontos, trivialidades o retos ligeros<\/li>\n<\/ul>\n<p>Recuerda: no necesitas un gui\u00f3n. Las mejores charlas suelen ser espont\u00e1neas y genuinas.<\/p>\n<h2>Funciones gratuitas y de pago en el chat de v\u00eddeo en l\u00ednea<\/h2>\n<p>La mayor\u00eda de las plataformas ofrecen sus funciones principales de forma gratuita. Algunas a\u00f1aden mejoras de pago:<\/p>\n<ul>\n<li>Filtros avanzados (sexo, pa\u00eds, idioma)<\/li>\n<li>Concordancia prioritaria u omisiones ilimitadas<\/li>\n<li>Experiencia sin anuncios<\/li>\n<li>Acceso a salas de chat o eventos exclusivos<\/li>\n<\/ul>\n<p>Pero no hace falta gastarse nada para disfrutar de grandes conversaciones: la experiencia gratuita suele ser m\u00e1s que suficiente.<\/p>\n<h2>Consejos para una experiencia de v\u00eddeo en l\u00ednea \"Hable con extra\u00f1os\" incre\u00edble<\/h2>\n<ul>\n<li>Mant\u00e9n la mente abierta y s\u00e9 respetuoso: todo el mundo est\u00e1 ah\u00ed por una raz\u00f3n diferente.<\/li>\n<li>Sonr\u00eda y rel\u00e1jese: la confianza marca una gran diferencia, incluso en Internet.<\/li>\n<li>No se desanime por unas pocas charlas cortas o inc\u00f3modas: la pr\u00f3xima podr\u00eda ser incre\u00edble.<\/li>\n<li>Explore a distintas horas para conocer a gente de todo el mundo.<\/li>\n<li>Mezcla v\u00eddeo y chat de texto si quieres ir poco a poco.<\/li>\n<\/ul>\n<h2>Cu\u00e1ndo utilizar el videochat en l\u00ednea con desconocidos<\/h2>\n<ul>\n<li>Cuando est\u00e9s aburrido o necesites compa\u00f1\u00eda a altas horas de la noche<\/li>\n<li>Para conocer otras culturas o practicar un idioma<\/li>\n<li>Si quieres hacer amigos, ligar o simplemente escuchar nuevas historias<\/li>\n<li>Siempre que quieras salir de tu burbuja social<\/li>\n<\/ul>\n<p>Las plataformas de v\u00eddeo en l\u00ednea para hablar con desconocidos son algo m\u00e1s que una moda: son la forma moderna de conocer gente, explorar nuevas ideas y divertirse de verdad, sin guiones, y todo desde casa. Con tantas opciones gratuitas y f\u00e1ciles de usar, nunca ha sido tan f\u00e1cil convertir una conversaci\u00f3n al azar en un recuerdo duradero, o incluso en una nueva amistad.<\/p>\n<p>\u00bfListo para probarlo? Abra su webcam, elija un sitio y sum\u00e9rjase en un mundo de conexiones espont\u00e1neas. Nunca se sabe a qui\u00e9n conocer\u00e1s despu\u00e9s.<\/p>","protected":false},"excerpt":{"rendered":"<p>The internet has completely changed how we connect with people\u2014but if you\u2019re still stuck in endless group texts, comments sections, or boring message boards, you might be missing the most exciting way to meet new people: Talk to Strangers Online Video. This is the future of real, face-to-face connection, where every click brings a new [&hellip;]<\/p>\n","protected":false},"author":8,"featured_media":0,"parent":0,"menu_order":0,"comment_status":"closed","ping_status":"closed","template":"","meta":{"footnotes":""},"class_list":["post-13413","page","type-page","status-publish","hentry"],"yoast_head":"<!-- This site is optimized with the Yoast SEO plugin v27.5 - https:\/\/yoast.com\/product\/yoast-seo-wordpress\/ -->\n<title>Talk to Strangers Online Video with Video Chat on TinyChat.com<\/title>\n<meta name=\"description\" content=\"Enjoying Talk to Strangers Online Video? Join over 50,000,000 strangers on TinyChat! Turn on your cam and start meeting new people, or find a match.\" \/>\n<meta name=\"robots\" content=\"index, follow, max-snippet:-1, max-image-preview:large, max-video-preview:-1\" \/>\n<link rel=\"canonical\" href=\"https:\/\/tinychat.com\/es\/talk-to-strangers-online-video\/\" \/>\n<meta property=\"og:locale\" content=\"es_ES\" \/>\n<meta property=\"og:type\" content=\"article\" \/>\n<meta property=\"og:title\" content=\"Talk to Strangers Online Video with Video Chat on TinyChat.com\" \/>\n<meta property=\"og:description\" content=\"Enjoying Talk to Strangers Online Video? Join over 50,000,000 strangers on TinyChat! Turn on your cam and start meeting new people, or find a match.\" \/>\n<meta property=\"og:url\" content=\"https:\/\/tinychat.com\/es\/talk-to-strangers-online-video\/\" \/>\n<meta property=\"og:site_name\" content=\"TinyChat\" \/>\n<meta property=\"article:publisher\" content=\"https:\/\/www.facebook.com\/tinychat\" \/>\n<meta property=\"og:image\" content=\"https:\/\/tinychat.com\/wp-content\/uploads\/2020\/04\/Tinychat-logo-1280x284-new-black.png\" \/>\n\t<meta property=\"og:image:width\" content=\"1280\" \/>\n\t<meta property=\"og:image:height\" content=\"284\" \/>\n\t<meta property=\"og:image:type\" content=\"image\/png\" \/>\n<meta name=\"twitter:card\" content=\"summary_large_image\" \/>\n<meta name=\"twitter:site\" content=\"@tinychat\" \/>\n<meta name=\"twitter:label1\" content=\"Tiempo de lectura\" \/>\n\t<meta name=\"twitter:data1\" content=\"6 minutos\" \/>\n<script type=\"application\/ld+json\" class=\"yoast-schema-graph\">{\"@context\":\"https:\\\/\\\/schema.org\",\"@graph\":[{\"@type\":\"WebPage\",\"@id\":\"https:\\\/\\\/tinychat.com\\\/talk-to-strangers-online-video\\\/\",\"url\":\"https:\\\/\\\/tinychat.com\\\/talk-to-strangers-online-video\\\/\",\"name\":\"Talk to Strangers Online Video with Video Chat on TinyChat.com\",\"isPartOf\":{\"@id\":\"https:\\\/\\\/tinychat.com\\\/#website\"},\"datePublished\":\"2025-08-07T08:47:03+00:00\",\"description\":\"Enjoying Talk to Strangers Online Video? Join over 50,000,000 strangers on TinyChat! Turn on your cam and start meeting new people, or find a match.\",\"breadcrumb\":{\"@id\":\"https:\\\/\\\/tinychat.com\\\/talk-to-strangers-online-video\\\/#breadcrumb\"},\"inLanguage\":\"es\",\"potentialAction\":[{\"@type\":\"ReadAction\",\"target\":[\"https:\\\/\\\/tinychat.com\\\/talk-to-strangers-online-video\\\/\"]}]},{\"@type\":\"BreadcrumbList\",\"@id\":\"https:\\\/\\\/tinychat.com\\\/talk-to-strangers-online-video\\\/#breadcrumb\",\"itemListElement\":[{\"@type\":\"ListItem\",\"position\":1,\"name\":\"Home\",\"item\":\"https:\\\/\\\/tinychat.com\\\/\"},{\"@type\":\"ListItem\",\"position\":2,\"name\":\"Talk to Strangers Online Video\"}]},{\"@type\":\"WebSite\",\"@id\":\"https:\\\/\\\/tinychat.com\\\/#website\",\"url\":\"https:\\\/\\\/tinychat.com\\\/\",\"name\":\"TinyChat\",\"description\":\"Random Video Chat with Strangers\",\"publisher\":{\"@id\":\"https:\\\/\\\/tinychat.com\\\/#organization\"},\"alternateName\":\"TinyChat.com\",\"potentialAction\":[{\"@type\":\"SearchAction\",\"target\":{\"@type\":\"EntryPoint\",\"urlTemplate\":\"https:\\\/\\\/tinychat.com\\\/?s={search_term_string}\"},\"query-input\":{\"@type\":\"PropertyValueSpecification\",\"valueRequired\":true,\"valueName\":\"search_term_string\"}}],\"inLanguage\":\"es\"},{\"@type\":\"Organization\",\"@id\":\"https:\\\/\\\/tinychat.com\\\/#organization\",\"name\":\"TinyChat\",\"alternateName\":\"TinyChat.com\",\"url\":\"https:\\\/\\\/tinychat.com\\\/\",\"logo\":{\"@type\":\"ImageObject\",\"inLanguage\":\"es\",\"@id\":\"https:\\\/\\\/tinychat.com\\\/#\\\/schema\\\/logo\\\/image\\\/\",\"url\":\"https:\\\/\\\/tinychat.com\\\/wp-content\\\/uploads\\\/2023\\\/11\\\/Tinychat-icon-square.png\",\"contentUrl\":\"https:\\\/\\\/tinychat.com\\\/wp-content\\\/uploads\\\/2023\\\/11\\\/Tinychat-icon-square.png\",\"width\":284,\"height\":284,\"caption\":\"TinyChat\"},\"image\":{\"@id\":\"https:\\\/\\\/tinychat.com\\\/#\\\/schema\\\/logo\\\/image\\\/\"},\"sameAs\":[\"https:\\\/\\\/www.facebook.com\\\/tinychat\",\"https:\\\/\\\/x.com\\\/tinychat\"]}]}<\/script>\n<!-- \/ Yoast SEO plugin. -->","yoast_head_json":{"title":"Hablar con extra\u00f1os de v\u00eddeo en l\u00ednea con Video Chat en TinyChat.com","description":"\u00bfDisfrutando de Talk to Strangers Online Video? \u00a1\u00danete a m\u00e1s de 50.000.000 de desconocidos en TinyChat! Enciende tu c\u00e1mara y empieza a conocer gente nueva, o encuentra una pareja.","robots":{"index":"index","follow":"follow","max-snippet":"max-snippet:-1","max-image-preview":"max-image-preview:large","max-video-preview":"max-video-preview:-1"},"canonical":"https:\/\/tinychat.com\/es\/talk-to-strangers-online-video\/","og_locale":"es_ES","og_type":"article","og_title":"Talk to Strangers Online Video with Video Chat on TinyChat.com","og_description":"Enjoying Talk to Strangers Online Video? Join over 50,000,000 strangers on TinyChat! Turn on your cam and start meeting new people, or find a match.","og_url":"https:\/\/tinychat.com\/es\/talk-to-strangers-online-video\/","og_site_name":"TinyChat","article_publisher":"https:\/\/www.facebook.com\/tinychat","og_image":[{"width":1280,"height":284,"url":"https:\/\/tinychat.com\/wp-content\/uploads\/2020\/04\/Tinychat-logo-1280x284-new-black.png","type":"image\/png"}],"twitter_card":"summary_large_image","twitter_site":"@tinychat","twitter_misc":{"Tiempo de lectura":"6 minutos"},"schema":{"@context":"https:\/\/schema.org","@graph":[{"@type":"WebPage","@id":"https:\/\/tinychat.com\/talk-to-strangers-online-video\/","url":"https:\/\/tinychat.com\/talk-to-strangers-online-video\/","name":"Hablar con extra\u00f1os de v\u00eddeo en l\u00ednea con Video Chat en TinyChat.com","isPartOf":{"@id":"https:\/\/tinychat.com\/#website"},"datePublished":"2025-08-07T08:47:03+00:00","description":"\u00bfDisfrutando de Talk to Strangers Online Video? \u00a1\u00danete a m\u00e1s de 50.000.000 de desconocidos en TinyChat! Enciende tu c\u00e1mara y empieza a conocer gente nueva, o encuentra una pareja.","breadcrumb":{"@id":"https:\/\/tinychat.com\/talk-to-strangers-online-video\/#breadcrumb"},"inLanguage":"es","potentialAction":[{"@type":"ReadAction","target":["https:\/\/tinychat.com\/talk-to-strangers-online-video\/"]}]},{"@type":"BreadcrumbList","@id":"https:\/\/tinychat.com\/talk-to-strangers-online-video\/#breadcrumb","itemListElement":[{"@type":"ListItem","position":1,"name":"Home","item":"https:\/\/tinychat.com\/"},{"@type":"ListItem","position":2,"name":"Talk to Strangers Online Video"}]},{"@type":"WebSite","@id":"https:\/\/tinychat.com\/#website","url":"https:\/\/tinychat.com\/","name":"TinyChat","description":"Videochat aleatorio con desconocidos","publisher":{"@id":"https:\/\/tinychat.com\/#organization"},"alternateName":"TinyChat.com","potentialAction":[{"@type":"SearchAction","target":{"@type":"EntryPoint","urlTemplate":"https:\/\/tinychat.com\/?s={search_term_string}"},"query-input":{"@type":"PropertyValueSpecification","valueRequired":true,"valueName":"search_term_string"}}],"inLanguage":"es"},{"@type":"Organization","@id":"https:\/\/tinychat.com\/#organization","name":"TinyChat","alternateName":"TinyChat.com","url":"https:\/\/tinychat.com\/","logo":{"@type":"ImageObject","inLanguage":"es","@id":"https:\/\/tinychat.com\/#\/schema\/logo\/image\/","url":"https:\/\/tinychat.com\/wp-content\/uploads\/2023\/11\/Tinychat-icon-square.png","contentUrl":"https:\/\/tinychat.com\/wp-content\/uploads\/2023\/11\/Tinychat-icon-square.png","width":284,"height":284,"caption":"TinyChat"},"image":{"@id":"https:\/\/tinychat.com\/#\/schema\/logo\/image\/"},"sameAs":["https:\/\/www.facebook.com\/tinychat","https:\/\/x.com\/tinychat"]}]}},"_links":{"self":[{"href":"https:\/\/tinychat.com\/es\/wp-json\/wp\/v2\/pages\/13413","targetHints":{"allow":["GET"]}}],"collection":[{"href":"https:\/\/tinychat.com\/es\/wp-json\/wp\/v2\/pages"}],"about":[{"href":"https:\/\/tinychat.com\/es\/wp-json\/wp\/v2\/types\/page"}],"author":[{"embeddable":true,"href":"https:\/\/tinychat.com\/es\/wp-json\/wp\/v2\/users\/8"}],"replies":[{"embeddable":true,"href":"https:\/\/tinychat.com\/es\/wp-json\/wp\/v2\/comments?post=13413"}],"version-history":[{"count":2,"href":"https:\/\/tinychat.com\/es\/wp-json\/wp\/v2\/pages\/13413\/revisions"}],"predecessor-version":[{"id":13415,"href":"https:\/\/tinychat.com\/es\/wp-json\/wp\/v2\/pages\/13413\/revisions\/13415"}],"wp:attachment":[{"href":"https:\/\/tinychat.com\/es\/wp-json\/wp\/v2\/media?parent=13413"}],"curies":[{"name":"wp","href":"https:\/\/api.w.org\/{rel}","templated":true}]}}