{"id":13511,"date":"2025-09-10T10:58:25","date_gmt":"2025-09-10T08:58:25","guid":{"rendered":"https:\/\/tinychat.com\/?page_id=13511"},"modified":"2025-09-10T11:03:40","modified_gmt":"2025-09-10T09:03:40","slug":"random-chat","status":"publish","type":"page","link":"https:\/\/tinychat.com\/es\/random-chat\/","title":{"rendered":"Chat aleatorio"},"content":{"rendered":"<p>Una de las cosas m\u00e1s interesantes de Internet es la facilidad con la que nos pone en contacto con personas que de otro modo nunca conocer\u00edamos. Random chat lleva eso al siguiente nivel al permitirte hablar al instante con desconocidos de todo el mundo. Sin perfiles, sin pases, sin algoritmos: s\u00f3lo t\u00fa, tu dispositivo y quienquiera que aparezca al otro lado.<\/p>\n<p>Es la forma m\u00e1s sencilla y espont\u00e1nea de socializar. Ya sea para pasar el rato, conocer otras culturas, hacer nuevos amigos o incluso ligar un poco, el chat aleatorio ofrece una ventana a lo desconocido.<\/p>\n<h2>\u00bfQu\u00e9 es el chat aleatorio?<\/h2>\n<p>En esencia, el chat aleatorio es un servicio en l\u00ednea que te empareja con otros usuarios al azar. Puede basarse en texto, s\u00f3lo voz o v\u00eddeo en directo. La idea es sencilla: empezar a chatear, ver c\u00f3mo va la conversaci\u00f3n y, si no funciona, pasar a la siguiente persona.<\/p>\n<p>La mayor\u00eda de las plataformas de chat aleatorio comparten algunas caracter\u00edsticas clave:<\/p>\n<ul>\n<li>Acceso instant\u00e1neo: no es necesario registrarse, basta con hacer clic y empezar.<\/li>\n<li>Anonimato - Utiliza un apodo o permanece completamente de inc\u00f3gnito.<\/li>\n<li>Uso gratuito: muchas plataformas ofrecen chats ilimitados sin coste alguno.<\/li>\n<li>Alcance mundial: conozca a personas de diferentes pa\u00edses, culturas y estilos de vida.<\/li>\n<li>Saltar opci\u00f3n - Si el chat no funciona, pulsa \"siguiente\" e int\u00e9ntalo de nuevo.<\/li>\n<\/ul>\n<p>Es sencillo, r\u00e1pido y, a menudo, sorprendentemente entretenido.<\/p>\n<h2>Por qu\u00e9 la gente adora el chat aleatorio<\/h2>\n<p>\u00bfPor qu\u00e9 sigue siendo popular el chat aleatorio desde hace m\u00e1s de una d\u00e9cada? Porque ofrece algo que las redes sociales no pueden ofrecer: espontaneidad.<\/p>\n<ul>\n<li>Factor sorpresa - Nunca se sabe qui\u00e9n es el siguiente, y esa imprevisibilidad es emocionante.<\/li>\n<li>Sin compromiso - Sin solicitudes de amistad, sin recuento de seguidores, s\u00f3lo conversaciones en tiempo real.<\/li>\n<li>Interacci\u00f3n genuina: el chat en directo es m\u00e1s personal que los mensajes o los comentarios.<\/li>\n<li>Libertad: puedes decir lo que quieras sin preocuparte de las consecuencias a largo plazo.<\/li>\n<li>Variedad sin fin: desde risas r\u00e1pidas a conversaciones profundas, cada charla es \u00fanica.<\/li>\n<\/ul>\n<p>Para mucha gente, el chat aleatorio resulta refrescante en un mundo de perfiles pulidos e interacciones programadas.<\/p>\n<h2>C\u00f3mo funciona el chat aleatorio<\/h2>\n<p>La mayor\u00eda de las plataformas de chat aleatorio son incre\u00edblemente f\u00e1ciles de usar:<\/p>\n<ol>\n<li>Elige una plataforma - Entre los sitios m\u00e1s populares se encuentran Omegle, Chatroulette, Chatrandom y TinyChat.<\/li>\n<li>Elige un modo: chat de texto, audio o v\u00eddeo.<\/li>\n<li>Haz clic en \"Empezar\" - Emparejamiento instant\u00e1neo con un desconocido.<\/li>\n<li>Chatea o salta: qu\u00e9date si es bueno, o sigue adelante si no lo es.<\/li>\n<li>Explora los filtros: algunos sitios te permiten a\u00f1adir filtros por intereses, ubicaci\u00f3n o sexo.<\/li>\n<\/ol>\n<p>En menos de un minuto puedes estar hablando con alguien al otro lado del mundo.<\/p>\n<h2>Tipos de plataformas de chat aleatorio<\/h2>\n<p>Diferentes plataformas se adaptan a diferentes estilos de chat:<\/p>\n<h3>1. Chat aleatorio s\u00f3lo de texto<\/h3>\n<p>Perfecto si eres t\u00edmido o no est\u00e1s preparado para el v\u00eddeo. Permaneces en el anonimato y te centras en la conversaci\u00f3n.<\/p>\n<h3>2. Videochat aleatorio<\/h3>\n<p>A\u00f1ade un elemento personal, cara a cara. Puedes ver y o\u00edr a desconocidos en tiempo real.<\/p>\n<h3>3. Chat aleatorio s\u00f3lo por voz<\/h3>\n<p>Un punto intermedio, ideal si no quieres v\u00eddeo pero prefieres hablar a escribir.<\/p>\n<h3>4. Salas de chat tem\u00e1ticas<\/h3>\n<p>\u00danase a salas dedicadas a aficiones, citas, viajes, juegos o simplemente conversaci\u00f3n general.<\/p>\n<h3>5. Chat aleatorio para adultos<\/h3>\n<p>Espacios para mayores de 18 a\u00f1os dise\u00f1ados para ligar y mantener conversaciones m\u00e1s expl\u00edcitas.<\/p>\n<h2>Mejores plataformas de chat aleatorio<\/h2>\n<p>He aqu\u00ed algunas de las opciones m\u00e1s populares y fiables:<\/p>\n<ul>\n<li>Omegle - El cl\u00e1sico sitio de chat aleatorio de texto y v\u00eddeo.<\/li>\n<li>Chatroulette - Videochat aleatorio de ritmo r\u00e1pido con desconocidos de todo el mundo.<\/li>\n<li>Chatrandom - Ofrece salas tem\u00e1ticas y filtros de g\u00e9nero.<\/li>\n<li>Chatspin - Incluye divertidos efectos de v\u00eddeo y aplicaciones para m\u00f3viles.<\/li>\n<li>Camsurf - Plataforma moderada centrada en la seguridad.<\/li>\n<li>TinyChat - Chat comunitario con salas p\u00fablicas y privadas.<\/li>\n<li>Bazoocam - El favorito europeo con juegos para romper el hielo incorporados.<\/li>\n<\/ul>\n<p>Cada uno tiene su propia sensaci\u00f3n, as\u00ed que prueba unos cuantos para ver cu\u00e1l encaja con tu ambiente.<\/p>\n<h2>Chat aleatorio frente a redes sociales<\/h2>\n<p>Aunque ambos conectan a la gente, el chat aleatorio ofrece una experiencia muy diferente.<\/p>\n<table>\n<thead>\n<tr>\n<th>Caracter\u00edstica<\/th>\n<th>Chat aleatorio<\/th>\n<th>Redes sociales<\/th>\n<\/tr>\n<\/thead>\n<tbody>\n<tr>\n<td>Emparejamiento aleatorio de desconocidos<\/td>\n<td>\u2705 S\u00ed<\/td>\n<td>\u274c No<\/td>\n<\/tr>\n<tr>\n<td>Conversaci\u00f3n en tiempo real<\/td>\n<td>\u2705 Instant\u00e1neo<\/td>\n<td>\u26a0\ufe0f Retraso<\/td>\n<\/tr>\n<tr>\n<td>Perfil requerido<\/td>\n<td>\u274c No siempre<\/td>\n<td>\u2705 Siempre<\/td>\n<\/tr>\n<tr>\n<td>Anonimato<\/td>\n<td>\u2705 S\u00ed<\/td>\n<td>\u274c Limitada<\/td>\n<\/tr>\n<tr>\n<td>Saltar opci\u00f3n<\/td>\n<td>\u2705 S\u00ed<\/td>\n<td>\u274c No<\/td>\n<\/tr>\n<\/tbody>\n<\/table>\n<p>Si las redes sociales son demasiado complejas, el chat aleatorio es el ant\u00eddoto.<\/p>\n<h2>Seguridad en el chat aleatorio<\/h2>\n<p>Como hablas con desconocidos, la seguridad es importante:<\/p>\n<ul>\n<li>No compartas informaci\u00f3n personal: mant\u00e9n en privado tu nombre, n\u00famero de tel\u00e9fono y direcci\u00f3n.<\/li>\n<li>Utiliza un apodo: mantente en el anonimato hasta que te sientas c\u00f3modo.<\/li>\n<li>S\u00e1ltate libremente - No te quedes en conversaciones que te parezcan fuera de lugar.<\/li>\n<li>Denuncia a los usuarios inapropiados - La mayor\u00eda de las plataformas tienen funciones de moderaci\u00f3n.<\/li>\n<li>Ten cuidado con el v\u00eddeo: aseg\u00farate de que tu fondo no revele detalles privados.<\/li>\n<\/ul>\n<p>El chat aleatorio es divertido y seguro cuando se establecen l\u00edmites.<\/p>\n<h2>\u00bfQui\u00e9n utiliza Random Chat?<\/h2>\n<p>La variedad de gente que conocer\u00e1s es lo que lo hace tan adictivo. Entre los usuarios habituales se encuentran:<\/p>\n<ul>\n<li>Estudiantes - Buscan interacci\u00f3n social o practicar idiomas.<\/li>\n<li>Solteros - Coqueteando o buscando oportunidades de citas casuales.<\/li>\n<li>B\u00fahos nocturnos - Encontrar compa\u00f1\u00eda a altas horas de la noche.<\/li>\n<li>Viajeros - Conocer virtualmente a los lugare\u00f1os y aprender sobre los destinos.<\/li>\n<li>Gente curiosa - Simplemente explorar qui\u00e9n est\u00e1 ah\u00ed fuera.<\/li>\n<\/ul>\n<p>Es realmente una mezcla global.<\/p>\n<h2>TinyChat: Un Chat Alternative aleatorio de estilo comunitario<\/h2>\n<p>Si te gusta el chat aleatorio pero quieres algo m\u00e1s organizado, TinyChat es una buena opci\u00f3n. A diferencia de las plataformas individuales, combina la aleatoriedad con el sentido de comunidad.<\/p>\n<ul>\n<li>Salas p\u00fablicas - Habla de m\u00fasica, pol\u00edtica, citas o sobre temas generales.<\/li>\n<li>Salas privadas: crea tu propio espacio de chat.<\/li>\n<li>V\u00eddeo, audio y texto: elija el formato que prefiera.<\/li>\n<li>Multiplataforma: funciona en navegadores de escritorio y aplicaciones m\u00f3viles.<\/li>\n<li>Acceso instant\u00e1neo: no es necesario registrarse.<\/li>\n<\/ul>\n<p>TinyChat te ofrece la libertad del chat aleatorio con la profundidad de las comunidades tem\u00e1ticas.<\/p>\n<h2>Consejos para aprovechar al m\u00e1ximo el chat aleatorio<\/h2>\n<ul>\n<li>Sonr\u00ede cuando te conectes: las vibraciones amistosas hacen que sea m\u00e1s probable que los desconocidos se queden.<\/li>\n<li>Haga preguntas interesantes - Vaya m\u00e1s all\u00e1 del \"hola\" con preguntas atractivas.<\/li>\n<li>S\u00e9 respetuoso: trata a los desconocidos como te gustar\u00eda que te trataran a ti.<\/li>\n<li>Explore diferentes horarios: las bases de usuarios cambian cada hora.<\/li>\n<li>No te lo tomes demasiado en serio: algunas charlas son r\u00e1pidas, otras duran m\u00e1s. Disfruta de la variedad.<\/li>\n<\/ul>\n<h2>Chat aleatorio gratuito frente a chat aleatorio de pago<\/h2>\n<p>La mayor\u00eda de las plataformas de chat aleatorio son gratuitas, pero algunas ofrecen ventajas adicionales.<\/p>\n<table>\n<thead>\n<tr>\n<th>Caracter\u00edstica<\/th>\n<th>Chat aleatorio gratuito<\/th>\n<th>Versiones de pago<\/th>\n<\/tr>\n<\/thead>\n<tbody>\n<tr>\n<td>Partidos aleatorios ilimitados<\/td>\n<td>\u2705 S\u00ed<\/td>\n<td>\u2705 S\u00ed<\/td>\n<\/tr>\n<tr>\n<td>Bot\u00f3n Saltar<\/td>\n<td>\u2705 S\u00ed<\/td>\n<td>\u2705 S\u00ed<\/td>\n<\/tr>\n<tr>\n<td>Filtros por sexo y lugar de residencia<\/td>\n<td>\u26a0\ufe0f B\u00e1sico o limitado<\/td>\n<td>\u2705 Avanzado<\/td>\n<\/tr>\n<tr>\n<td>Anuncios eliminados<\/td>\n<td>\u274c<\/td>\n<td>\u2705 S\u00ed<\/td>\n<\/tr>\n<tr>\n<td>Salas VIP\/privadas<\/td>\n<td>\u274c<\/td>\n<td>\u2705 S\u00ed<\/td>\n<\/tr>\n<\/tbody>\n<\/table>\n<p>Para un uso ocasional, las versiones gratuitas son m\u00e1s que suficientes.<\/p>\n<h2>La emoci\u00f3n de lo desconocido<\/h2>\n<p>Lo que hace que la gente vuelva al chat aleatorio es la emoci\u00f3n de no saber qui\u00e9n es el siguiente. En una sola noche, podr\u00edas:<\/p>\n<ul>\n<li>R\u00edete con alguien del otro lado del globo.<\/li>\n<li>Conozca una nueva cultura.<\/li>\n<li>Descubra una nueva banda o pel\u00edcula favorita.<\/li>\n<li>Compartir historias de vida con un desconocido.<\/li>\n<li>Encuentre un amigo, o incluso una chispa de romance.<\/li>\n<\/ul>\n<p>Cada charla es una oportunidad para algo inesperado.<\/p>\n<p>El chat aleatorio es una de las formas m\u00e1s sencillas y emocionantes de conocer gente en Internet. Sin coste, sin perfiles y sin presiones, es una forma pura de socializaci\u00f3n digital: r\u00e1pida, espont\u00e1nea y global.<\/p>\n<p>Ya sea para curar el aburrimiento, practicar un idioma, ligar con desconocidos o simplemente disfrutar de la conexi\u00f3n humana, las plataformas de chat aleatorio lo hacen posible con un solo clic.<\/p>\n<p>As\u00ed que si est\u00e1s listo para algo nuevo, abre una ventana de chat, pulsa \"Empezar\" y mira qui\u00e9n te espera. Tu pr\u00f3ximo chat aleatorio podr\u00eda ser lo mejor de tu d\u00eda.<\/p>","protected":false},"excerpt":{"rendered":"<p>One of the most exciting things about the internet is how easily it connects us to people we\u2019d never meet otherwise. Random chat takes that to the next level by letting you talk instantly with strangers from around the world. No profiles, no swiping, no algorithms\u2014just you, your device, and whoever shows up on the [&hellip;]<\/p>\n","protected":false},"author":8,"featured_media":0,"parent":0,"menu_order":0,"comment_status":"closed","ping_status":"closed","template":"","meta":{"footnotes":""},"class_list":["post-13511","page","type-page","status-publish","hentry"],"yoast_head":"<!-- This site is optimized with the Yoast SEO plugin v27.4 - https:\/\/yoast.com\/product\/yoast-seo-wordpress\/ -->\n<title>Random Chat with Video Chat on TinyChat.com<\/title>\n<meta name=\"description\" content=\"Enjoying Random Chat? Join over 50,000,000 strangers on TinyChat! Turn on your cam and start meeting new people, or find a match.\" \/>\n<meta name=\"robots\" content=\"index, follow, max-snippet:-1, max-image-preview:large, max-video-preview:-1\" \/>\n<link rel=\"canonical\" href=\"https:\/\/tinychat.com\/es\/random-chat\/\" \/>\n<meta property=\"og:locale\" content=\"es_ES\" \/>\n<meta property=\"og:type\" content=\"article\" \/>\n<meta property=\"og:title\" content=\"Random Chat with Video Chat on TinyChat.com\" \/>\n<meta property=\"og:description\" content=\"Enjoying Random Chat? Join over 50,000,000 strangers on TinyChat! Turn on your cam and start meeting new people, or find a match.\" \/>\n<meta property=\"og:url\" content=\"https:\/\/tinychat.com\/es\/random-chat\/\" \/>\n<meta property=\"og:site_name\" content=\"TinyChat\" \/>\n<meta property=\"article:publisher\" content=\"https:\/\/www.facebook.com\/tinychat\" \/>\n<meta property=\"article:modified_time\" content=\"2025-09-10T09:03:40+00:00\" \/>\n<meta property=\"og:image\" content=\"https:\/\/tinychat.com\/wp-content\/uploads\/2020\/04\/Tinychat-logo-1280x284-new-black.png\" \/>\n\t<meta property=\"og:image:width\" content=\"1280\" \/>\n\t<meta property=\"og:image:height\" content=\"284\" \/>\n\t<meta property=\"og:image:type\" content=\"image\/png\" \/>\n<meta name=\"twitter:card\" content=\"summary_large_image\" \/>\n<meta name=\"twitter:site\" content=\"@tinychat\" \/>\n<meta name=\"twitter:label1\" content=\"Tiempo de lectura\" \/>\n\t<meta name=\"twitter:data1\" content=\"5 minutos\" \/>\n<script type=\"application\/ld+json\" class=\"yoast-schema-graph\">{\"@context\":\"https:\\\/\\\/schema.org\",\"@graph\":[{\"@type\":\"WebPage\",\"@id\":\"https:\\\/\\\/tinychat.com\\\/random-chat\\\/\",\"url\":\"https:\\\/\\\/tinychat.com\\\/random-chat\\\/\",\"name\":\"Random Chat with Video Chat on TinyChat.com\",\"isPartOf\":{\"@id\":\"https:\\\/\\\/tinychat.com\\\/#website\"},\"datePublished\":\"2025-09-10T08:58:25+00:00\",\"dateModified\":\"2025-09-10T09:03:40+00:00\",\"description\":\"Enjoying Random Chat? Join over 50,000,000 strangers on TinyChat! Turn on your cam and start meeting new people, or find a match.\",\"breadcrumb\":{\"@id\":\"https:\\\/\\\/tinychat.com\\\/random-chat\\\/#breadcrumb\"},\"inLanguage\":\"es\",\"potentialAction\":[{\"@type\":\"ReadAction\",\"target\":[\"https:\\\/\\\/tinychat.com\\\/random-chat\\\/\"]}]},{\"@type\":\"BreadcrumbList\",\"@id\":\"https:\\\/\\\/tinychat.com\\\/random-chat\\\/#breadcrumb\",\"itemListElement\":[{\"@type\":\"ListItem\",\"position\":1,\"name\":\"Home\",\"item\":\"https:\\\/\\\/tinychat.com\\\/\"},{\"@type\":\"ListItem\",\"position\":2,\"name\":\"Random Chat\"}]},{\"@type\":\"WebSite\",\"@id\":\"https:\\\/\\\/tinychat.com\\\/#website\",\"url\":\"https:\\\/\\\/tinychat.com\\\/\",\"name\":\"TinyChat\",\"description\":\"Random Video Chat with Strangers\",\"publisher\":{\"@id\":\"https:\\\/\\\/tinychat.com\\\/#organization\"},\"alternateName\":\"TinyChat.com\",\"potentialAction\":[{\"@type\":\"SearchAction\",\"target\":{\"@type\":\"EntryPoint\",\"urlTemplate\":\"https:\\\/\\\/tinychat.com\\\/?s={search_term_string}\"},\"query-input\":{\"@type\":\"PropertyValueSpecification\",\"valueRequired\":true,\"valueName\":\"search_term_string\"}}],\"inLanguage\":\"es\"},{\"@type\":\"Organization\",\"@id\":\"https:\\\/\\\/tinychat.com\\\/#organization\",\"name\":\"TinyChat\",\"alternateName\":\"TinyChat.com\",\"url\":\"https:\\\/\\\/tinychat.com\\\/\",\"logo\":{\"@type\":\"ImageObject\",\"inLanguage\":\"es\",\"@id\":\"https:\\\/\\\/tinychat.com\\\/#\\\/schema\\\/logo\\\/image\\\/\",\"url\":\"https:\\\/\\\/tinychat.com\\\/wp-content\\\/uploads\\\/2023\\\/11\\\/Tinychat-icon-square.png\",\"contentUrl\":\"https:\\\/\\\/tinychat.com\\\/wp-content\\\/uploads\\\/2023\\\/11\\\/Tinychat-icon-square.png\",\"width\":284,\"height\":284,\"caption\":\"TinyChat\"},\"image\":{\"@id\":\"https:\\\/\\\/tinychat.com\\\/#\\\/schema\\\/logo\\\/image\\\/\"},\"sameAs\":[\"https:\\\/\\\/www.facebook.com\\\/tinychat\",\"https:\\\/\\\/x.com\\\/tinychat\"]}]}<\/script>\n<!-- \/ Yoast SEO plugin. -->","yoast_head_json":{"title":"Chat aleatorio con videoconferencia en TinyChat.com","description":"\u00bfTe gusta el chat aleatorio? \u00a1\u00danete a m\u00e1s de 50.000.000 de desconocidos en TinyChat! Enciende tu c\u00e1mara y empieza a conocer gente nueva, o encuentra una pareja.","robots":{"index":"index","follow":"follow","max-snippet":"max-snippet:-1","max-image-preview":"max-image-preview:large","max-video-preview":"max-video-preview:-1"},"canonical":"https:\/\/tinychat.com\/es\/random-chat\/","og_locale":"es_ES","og_type":"article","og_title":"Random Chat with Video Chat on TinyChat.com","og_description":"Enjoying Random Chat? Join over 50,000,000 strangers on TinyChat! Turn on your cam and start meeting new people, or find a match.","og_url":"https:\/\/tinychat.com\/es\/random-chat\/","og_site_name":"TinyChat","article_publisher":"https:\/\/www.facebook.com\/tinychat","article_modified_time":"2025-09-10T09:03:40+00:00","og_image":[{"width":1280,"height":284,"url":"https:\/\/tinychat.com\/wp-content\/uploads\/2020\/04\/Tinychat-logo-1280x284-new-black.png","type":"image\/png"}],"twitter_card":"summary_large_image","twitter_site":"@tinychat","twitter_misc":{"Tiempo de lectura":"5 minutos"},"schema":{"@context":"https:\/\/schema.org","@graph":[{"@type":"WebPage","@id":"https:\/\/tinychat.com\/random-chat\/","url":"https:\/\/tinychat.com\/random-chat\/","name":"Chat aleatorio con videoconferencia en TinyChat.com","isPartOf":{"@id":"https:\/\/tinychat.com\/#website"},"datePublished":"2025-09-10T08:58:25+00:00","dateModified":"2025-09-10T09:03:40+00:00","description":"\u00bfTe gusta el chat aleatorio? \u00a1\u00danete a m\u00e1s de 50.000.000 de desconocidos en TinyChat! Enciende tu c\u00e1mara y empieza a conocer gente nueva, o encuentra una pareja.","breadcrumb":{"@id":"https:\/\/tinychat.com\/random-chat\/#breadcrumb"},"inLanguage":"es","potentialAction":[{"@type":"ReadAction","target":["https:\/\/tinychat.com\/random-chat\/"]}]},{"@type":"BreadcrumbList","@id":"https:\/\/tinychat.com\/random-chat\/#breadcrumb","itemListElement":[{"@type":"ListItem","position":1,"name":"Home","item":"https:\/\/tinychat.com\/"},{"@type":"ListItem","position":2,"name":"Random Chat"}]},{"@type":"WebSite","@id":"https:\/\/tinychat.com\/#website","url":"https:\/\/tinychat.com\/","name":"TinyChat","description":"Videochat aleatorio con desconocidos","publisher":{"@id":"https:\/\/tinychat.com\/#organization"},"alternateName":"TinyChat.com","potentialAction":[{"@type":"SearchAction","target":{"@type":"EntryPoint","urlTemplate":"https:\/\/tinychat.com\/?s={search_term_string}"},"query-input":{"@type":"PropertyValueSpecification","valueRequired":true,"valueName":"search_term_string"}}],"inLanguage":"es"},{"@type":"Organization","@id":"https:\/\/tinychat.com\/#organization","name":"TinyChat","alternateName":"TinyChat.com","url":"https:\/\/tinychat.com\/","logo":{"@type":"ImageObject","inLanguage":"es","@id":"https:\/\/tinychat.com\/#\/schema\/logo\/image\/","url":"https:\/\/tinychat.com\/wp-content\/uploads\/2023\/11\/Tinychat-icon-square.png","contentUrl":"https:\/\/tinychat.com\/wp-content\/uploads\/2023\/11\/Tinychat-icon-square.png","width":284,"height":284,"caption":"TinyChat"},"image":{"@id":"https:\/\/tinychat.com\/#\/schema\/logo\/image\/"},"sameAs":["https:\/\/www.facebook.com\/tinychat","https:\/\/x.com\/tinychat"]}]}},"_links":{"self":[{"href":"https:\/\/tinychat.com\/es\/wp-json\/wp\/v2\/pages\/13511","targetHints":{"allow":["GET"]}}],"collection":[{"href":"https:\/\/tinychat.com\/es\/wp-json\/wp\/v2\/pages"}],"about":[{"href":"https:\/\/tinychat.com\/es\/wp-json\/wp\/v2\/types\/page"}],"author":[{"embeddable":true,"href":"https:\/\/tinychat.com\/es\/wp-json\/wp\/v2\/users\/8"}],"replies":[{"embeddable":true,"href":"https:\/\/tinychat.com\/es\/wp-json\/wp\/v2\/comments?post=13511"}],"version-history":[{"count":1,"href":"https:\/\/tinychat.com\/es\/wp-json\/wp\/v2\/pages\/13511\/revisions"}],"predecessor-version":[{"id":13512,"href":"https:\/\/tinychat.com\/es\/wp-json\/wp\/v2\/pages\/13511\/revisions\/13512"}],"wp:attachment":[{"href":"https:\/\/tinychat.com\/es\/wp-json\/wp\/v2\/media?parent=13511"}],"curies":[{"name":"wp","href":"https:\/\/api.w.org\/{rel}","templated":true}]}}