{"id":13514,"date":"2025-09-10T11:10:56","date_gmt":"2025-09-10T09:10:56","guid":{"rendered":"https:\/\/tinychat.com\/?page_id=13514"},"modified":"2025-09-10T11:13:12","modified_gmt":"2025-09-10T09:13:12","slug":"omegle-online","status":"publish","type":"page","link":"https:\/\/tinychat.com\/es\/omegle-online\/","title":{"rendered":"Omegle en l\u00ednea"},"content":{"rendered":"<p>Si alguna vez has buscado una forma de hablar con desconocidos al instante, es muy probable que te hayas topado con Omegle en Internet. Desde su lanzamiento en 2009, Omegle se convirti\u00f3 en una de las plataformas m\u00e1s reconocidas para chatear al azar. Su sencilla configuraci\u00f3n -un clic en \"Iniciar\" y ya est\u00e1s conectado- la convirti\u00f3 en el lugar de referencia para quienes buscan conocer a desconocidos en tiempo real.<\/p>\n<p>A lo largo de los a\u00f1os, Omegle inspir\u00f3 a innumerables imitadores y alternativas, pero sigue siendo uno de los t\u00e9rminos m\u00e1s buscados cuando se trata de chatear en l\u00ednea. Veamos con m\u00e1s detalle qu\u00e9 ofrece Omegle, por qu\u00e9 se hizo tan popular y qu\u00e9 otras opciones existen hoy en d\u00eda.<\/p>\n<h2>\u00bfQu\u00e9 es Omegle en l\u00ednea?<\/h2>\n<p>Omegle en l\u00ednea es un servicio gratuito que te conecta con desconocidos de todo el mundo para sesiones de chat uno a uno. Puedes elegir entre chatear por texto o hacer videollamadas en directo. Cada vez que te conectas, te emparejan aleatoriamente con alguien nuevo.<\/p>\n<p>Las caracter\u00edsticas clave incluyen:<\/p>\n<ul>\n<li>Chat de texto - El modo original de Omegle. Escribe mensajes de ida y vuelta de forma an\u00f3nima.<\/li>\n<li>Videochat: a\u00f1ade c\u00e1maras web para mantener conversaciones cara a cara.<\/li>\n<li>Etiquetas de intereses: enumera aficiones o temas para que te emparejen con personas que los compartan.<\/li>\n<li>Modo esp\u00eda: formula una pregunta y observa c\u00f3mo dos desconocidos debaten sobre ella mientras t\u00fa permaneces en el anonimato.<\/li>\n<li>No es necesario registrarse: basta con hacer clic y chatear al instante.<\/li>\n<\/ul>\n<p>Esta mezcla de sencillez e imprevisibilidad es lo que hace tan atractivo al Omegle.<\/p>\n<h2>Por qu\u00e9 la gente utiliza Omegle en l\u00ednea<\/h2>\n<p>Millones de personas de todo el mundo se han conectado a Omegle por una sencilla raz\u00f3n: es divertido hablar con desconocidos. Esto es lo que hace que la gente vuelva:<\/p>\n<ul>\n<li>Acceso instant\u00e1neo: sin registros ni cuentas, s\u00f3lo tienes que empezar a chatear.<\/li>\n<li>Anonimato - Utiliza un apodo o permanece completamente de inc\u00f3gnito.<\/li>\n<li>Variedad de personas: conozca a usuarios de todas las edades, procedencias y ubicaciones.<\/li>\n<li>Alcance mundial: hable con alguien del otro lado de la ciudad o del mundo.<\/li>\n<li>Entretenimiento - Algunos chats son divertidos, otros perspicaces, otros completamente aleatorios.<\/li>\n<\/ul>\n<p>Omegle es como girar la ruleta digital de la conversaci\u00f3n: nunca se sabe qui\u00e9n es el siguiente.<\/p>\n<h2>C\u00f3mo utilizar Omegle en l\u00ednea<\/h2>\n<p>Empezar a utilizar Omegle es incre\u00edblemente sencillo:<\/p>\n<ol>\n<li>Visita el sitio web de Omegle. No es necesario descargar la aplicaci\u00f3n.<\/li>\n<li>Elige texto o v\u00eddeo - Decide si quieres escribir o hacer una videollamada.<\/li>\n<li>A\u00f1adir etiquetas de inter\u00e9s (opcional) - Para encontrar personas con aficiones o temas similares.<\/li>\n<li>Haz clic en \"Empezar\": conecta instant\u00e1neamente con un desconocido.<\/li>\n<li>Chatear o saltar - Si la conversaci\u00f3n no funciona, haz clic en \"Detener\" y vuelve a empezar.<\/li>\n<\/ol>\n<p>Eso es, en cuesti\u00f3n de segundos, est\u00e1s en directo con alguien nuevo.<\/p>\n<h2>Usos comunes de Omegle en l\u00ednea<\/h2>\n<p>La gente utiliza Omegle por muchas razones. Algunas de las m\u00e1s populares son:<\/p>\n<ul>\n<li>Conversaci\u00f3n informal - Habla con desconocidos al azar para divertirte.<\/li>\n<li>Flirteo y citas: muchos usuarios esperan entablar una relaci\u00f3n rom\u00e1ntica.<\/li>\n<li>Pr\u00e1ctica de idiomas: chatea con hablantes nativos para mejorar tus conocimientos.<\/li>\n<li>Intercambio cultural: conozca la vida en otros pa\u00edses directamente de sus habitantes.<\/li>\n<li>Acabar con el aburrimiento: perfecto para las \u00faltimas horas de la noche o los ratos muertos en los que quieres compa\u00f1\u00eda.<\/li>\n<\/ul>\n<h2>Ventajas de Omegle en l\u00ednea<\/h2>\n<p>La sencillez del Omegle siempre ha sido su mayor atractivo:<\/p>\n<ul>\n<li>Completamente gratis: sin suscripciones ni costes ocultos.<\/li>\n<li>R\u00e1pido y sencillo: sin registros complicados.<\/li>\n<li>Siempre activo: millones de personas se conectan a diario.<\/li>\n<li>Sin carga social: hable sin preocuparse por su reputaci\u00f3n o sus seguidores.<\/li>\n<\/ul>\n<p>Para cualquiera que anhele conectarse, es una v\u00e1lvula de escape instant\u00e1nea.<\/p>\n<h2>Los inconvenientes del Omegle<\/h2>\n<p>Por supuesto, Omegle no es perfecto. Muchos usuarios ahora buscan alternativas Omegle debido a problemas como:<\/p>\n<ul>\n<li>Problemas de moderaci\u00f3n - Los contenidos expl\u00edcitos no deseados son frecuentes.<\/li>\n<li>Bots y spam - Las cuentas automatizadas pueden interrumpir los chats.<\/li>\n<li>Sin aplicaci\u00f3n m\u00f3vil: el Omegle s\u00f3lo funciona con navegador, lo que limita su comodidad.<\/li>\n<li>No hay una comunidad real - Todos los chats son aleatorios; no hay opci\u00f3n para grupos estructurados.<\/li>\n<\/ul>\n<p>Por eso mucha gente busca sitios como Omegle en l\u00ednea para obtener una mejor experiencia.<\/p>\n<h2>Alternativas en l\u00ednea a Omegle<\/h2>\n<p>Si le gusta la idea del Omegle pero quiere algo diferente -o m\u00e1s seguro-, hay muchas alternativas.<\/p>\n<h3>1. TinyChat<\/h3>\n<p>TinyChat combina chats aleatorios con desconocidos con salas impulsadas por la comunidad.<\/p>\n<ul>\n<li>Salas de chat p\u00fablicas para citas, m\u00fasica, juegos o conversaciones en general.<\/li>\n<li>Salas privadas que puedes crear y controlar.<\/li>\n<li>Opciones de chat de v\u00eddeo, audio y texto.<\/li>\n<li>No es necesario registrarse para empezar.<\/li>\n<li>Acceso multiplataforma a trav\u00e9s de navegadores y aplicaciones.<\/li>\n<\/ul>\n<p>Es una gran opci\u00f3n si te gusta la espontaneidad de Omegle pero quieres una comunidad m\u00e1s estructurada.<\/p>\n<h3>2. Chatroulette<\/h3>\n<p>Uno de los primeros competidores, que ofrece videochats aleatorios de ritmo r\u00e1pido con desconocidos de todo el mundo.<\/p>\n<h3>3. Chatspin<\/h3>\n<p>Popular por sus filtros de g\u00e9nero\/ubicaci\u00f3n y sus divertidos efectos de v\u00eddeo.<\/p>\n<h3>4. Camsurf<\/h3>\n<p>Conocido por una mejor moderaci\u00f3n y una base de usuarios m\u00e1s amigable.<\/p>\n<h3>5. Chatrandom<\/h3>\n<p>Ofrece videoconferencias individuales y salas tem\u00e1ticas para grupos.<\/p>\n<h2>Omegle Online vs. Alternativas<\/h2>\n<p>Aqu\u00ed tienes una comparaci\u00f3n r\u00e1pida para ver c\u00f3mo se comporta el Omegle:<\/p>\n<table>\n<thead>\n<tr>\n<th>Caracter\u00edstica<\/th>\n<th>Omegle en l\u00ednea<\/th>\n<th>TinyChat<\/th>\n<th>Chatspin<\/th>\n<th>Camsurf<\/th>\n<\/tr>\n<\/thead>\n<tbody>\n<tr>\n<td>Texto + Videochat<\/td>\n<td>\u2705 S\u00ed<\/td>\n<td>\u2705 S\u00ed<\/td>\n<td>\u2705 S\u00ed<\/td>\n<td>\u2705 S\u00ed<\/td>\n<\/tr>\n<tr>\n<td>No es necesario inscribirse<\/td>\n<td>\u2705 S\u00ed<\/td>\n<td>\u2705 S\u00ed<\/td>\n<td>\u2705 S\u00ed<\/td>\n<td>\u2705 S\u00ed<\/td>\n<\/tr>\n<tr>\n<td>Filtros de inter\u00e9s<\/td>\n<td>\u2705 B\u00e1sico<\/td>\n<td>Habitaciones<\/td>\n<td>\u2705 Avanzado<\/td>\n<td>\u26a0\ufe0f Limitada<\/td>\n<\/tr>\n<tr>\n<td>Salas de chat en grupo<\/td>\n<td>\u274c No<\/td>\n<td>\u2705 S\u00ed<\/td>\n<td>\u274c No<\/td>\n<td>\u274c No<\/td>\n<\/tr>\n<tr>\n<td>Aplicaci\u00f3n m\u00f3vil disponible<\/td>\n<td>\u274c No<\/td>\n<td>\u2705 S\u00ed<\/td>\n<td>\u2705 S\u00ed<\/td>\n<td>\u2705 S\u00ed<\/td>\n<\/tr>\n<tr>\n<td>Moderaci\u00f3n fuerte<\/td>\n<td>\u26a0\ufe0f D\u00e9bil<\/td>\n<td>\u2705 Bueno<\/td>\n<td>\u2705 Bueno<\/td>\n<td>\u2705 Bueno<\/td>\n<\/tr>\n<\/tbody>\n<\/table>\n<h2>Consejos de seguridad para Omegle en l\u00ednea<\/h2>\n<p>Dado que Omegle es an\u00f3nimo y est\u00e1 abierto a todo el mundo, la seguridad es fundamental:<\/p>\n<ul>\n<li>No compartas informaci\u00f3n personal - Mant\u00e9n en privado tu nombre, ubicaci\u00f3n y datos de contacto.<\/li>\n<li>Utiliza un apodo - Nunca tu nombre real.<\/li>\n<li>Cuidado con el fondo - No muestres detalles identificativos ante la c\u00e1mara.<\/li>\n<li>Informar o desconectar - Saltar inmediatamente si se siente algo raro.<\/li>\n<li>C\u00ed\u00f1ete a plataformas seguras - Si Omegle te parece ca\u00f3tica, prueba alternativas moderadas como TinyChat.<\/li>\n<\/ul>\n<h2>Por qu\u00e9 la gente sigue buscando Omegle en l\u00ednea<\/h2>\n<p>A pesar de sus defectos, Omegle sigue siendo popular porque ofrece algo \u00fanico: acceso instant\u00e1neo y sin filtros a desconocidos de todo el mundo. La sencillez de conectarse e iniciar una conversaci\u00f3n sin compromiso sigue siendo dif\u00edcil de superar.<\/p>\n<p>Pero los usuarios de hoy tienen m\u00e1s opciones y muchos prefieren plataformas con funciones a\u00f1adidas, moderaci\u00f3n o centradas en la comunidad.<\/p>\n<p>Puede que Omegle online haya iniciado la moda del chat aleatorio, pero ya no es la \u00fanica opci\u00f3n. Aunque sigue ofreciendo conversaciones r\u00e1pidas y an\u00f3nimas, alternativas como TinyChat, Chatspin y Camsurf ofrecen entornos m\u00e1s seguros y con m\u00e1s funciones.<\/p>\n<p>Si tienes curiosidad por conocer a desconocidos en Internet, prueba Omegle, pero explora tambi\u00e9n plataformas m\u00e1s nuevas que ofrezcan m\u00e1s control y comunidad. Quiz\u00e1 descubras que las mejores conversaciones tienen lugar en otro lugar.<\/p>\n<p>Porque, al fin y al cabo, el placer de chatear en l\u00ednea no est\u00e1 ligado a un sitio, sino a la emoci\u00f3n de conectar con alguien nuevo, en cualquier momento y lugar.<\/p>","protected":false},"excerpt":{"rendered":"<p>If you\u2019ve ever searched for a way to talk to strangers instantly, chances are you\u2019ve come across Omegle online. Since launching in 2009, Omegle became one of the most recognizable platforms for random chat. Its simple setup\u2014click \u201cStart\u201d and you\u2019re connected\u2014made it the go-to place for people looking to meet strangers in real time. Over [&hellip;]<\/p>\n","protected":false},"author":8,"featured_media":0,"parent":0,"menu_order":0,"comment_status":"closed","ping_status":"closed","template":"","meta":{"footnotes":""},"class_list":["post-13514","page","type-page","status-publish","hentry"],"yoast_head":"<!-- This site is optimized with the Yoast SEO plugin v27.4 - https:\/\/yoast.com\/product\/yoast-seo-wordpress\/ -->\n<title>Omegle Online with Video Chat on TinyChat.com<\/title>\n<meta name=\"description\" content=\"Enjoying Omegle Online? Join over 50,000,000 strangers on TinyChat! Turn on your cam and start meeting new people, or find a match.\" \/>\n<meta name=\"robots\" content=\"index, follow, max-snippet:-1, max-image-preview:large, max-video-preview:-1\" \/>\n<link rel=\"canonical\" href=\"https:\/\/tinychat.com\/es\/omegle-online\/\" \/>\n<meta property=\"og:locale\" content=\"es_ES\" \/>\n<meta property=\"og:type\" content=\"article\" \/>\n<meta property=\"og:title\" content=\"Omegle Online with Video Chat on TinyChat.com\" \/>\n<meta property=\"og:description\" content=\"Enjoying Omegle Online? Join over 50,000,000 strangers on TinyChat! Turn on your cam and start meeting new people, or find a match.\" \/>\n<meta property=\"og:url\" content=\"https:\/\/tinychat.com\/es\/omegle-online\/\" \/>\n<meta property=\"og:site_name\" content=\"TinyChat\" \/>\n<meta property=\"article:publisher\" content=\"https:\/\/www.facebook.com\/tinychat\" \/>\n<meta property=\"article:modified_time\" content=\"2025-09-10T09:13:12+00:00\" \/>\n<meta property=\"og:image\" content=\"https:\/\/tinychat.com\/wp-content\/uploads\/2020\/04\/Tinychat-logo-1280x284-new-black.png\" \/>\n\t<meta property=\"og:image:width\" content=\"1280\" \/>\n\t<meta property=\"og:image:height\" content=\"284\" \/>\n\t<meta property=\"og:image:type\" content=\"image\/png\" \/>\n<meta name=\"twitter:card\" content=\"summary_large_image\" \/>\n<meta name=\"twitter:site\" content=\"@tinychat\" \/>\n<meta name=\"twitter:label1\" content=\"Tiempo de lectura\" \/>\n\t<meta name=\"twitter:data1\" content=\"5 minutos\" \/>\n<script type=\"application\/ld+json\" class=\"yoast-schema-graph\">{\"@context\":\"https:\\\/\\\/schema.org\",\"@graph\":[{\"@type\":\"WebPage\",\"@id\":\"https:\\\/\\\/tinychat.com\\\/omegle-online\\\/\",\"url\":\"https:\\\/\\\/tinychat.com\\\/omegle-online\\\/\",\"name\":\"Omegle Online with Video Chat on TinyChat.com\",\"isPartOf\":{\"@id\":\"https:\\\/\\\/tinychat.com\\\/#website\"},\"datePublished\":\"2025-09-10T09:10:56+00:00\",\"dateModified\":\"2025-09-10T09:13:12+00:00\",\"description\":\"Enjoying Omegle Online? Join over 50,000,000 strangers on TinyChat! Turn on your cam and start meeting new people, or find a match.\",\"breadcrumb\":{\"@id\":\"https:\\\/\\\/tinychat.com\\\/omegle-online\\\/#breadcrumb\"},\"inLanguage\":\"es\",\"potentialAction\":[{\"@type\":\"ReadAction\",\"target\":[\"https:\\\/\\\/tinychat.com\\\/omegle-online\\\/\"]}]},{\"@type\":\"BreadcrumbList\",\"@id\":\"https:\\\/\\\/tinychat.com\\\/omegle-online\\\/#breadcrumb\",\"itemListElement\":[{\"@type\":\"ListItem\",\"position\":1,\"name\":\"Home\",\"item\":\"https:\\\/\\\/tinychat.com\\\/\"},{\"@type\":\"ListItem\",\"position\":2,\"name\":\"Omegle Online\"}]},{\"@type\":\"WebSite\",\"@id\":\"https:\\\/\\\/tinychat.com\\\/#website\",\"url\":\"https:\\\/\\\/tinychat.com\\\/\",\"name\":\"TinyChat\",\"description\":\"Random Video Chat with Strangers\",\"publisher\":{\"@id\":\"https:\\\/\\\/tinychat.com\\\/#organization\"},\"alternateName\":\"TinyChat.com\",\"potentialAction\":[{\"@type\":\"SearchAction\",\"target\":{\"@type\":\"EntryPoint\",\"urlTemplate\":\"https:\\\/\\\/tinychat.com\\\/?s={search_term_string}\"},\"query-input\":{\"@type\":\"PropertyValueSpecification\",\"valueRequired\":true,\"valueName\":\"search_term_string\"}}],\"inLanguage\":\"es\"},{\"@type\":\"Organization\",\"@id\":\"https:\\\/\\\/tinychat.com\\\/#organization\",\"name\":\"TinyChat\",\"alternateName\":\"TinyChat.com\",\"url\":\"https:\\\/\\\/tinychat.com\\\/\",\"logo\":{\"@type\":\"ImageObject\",\"inLanguage\":\"es\",\"@id\":\"https:\\\/\\\/tinychat.com\\\/#\\\/schema\\\/logo\\\/image\\\/\",\"url\":\"https:\\\/\\\/tinychat.com\\\/wp-content\\\/uploads\\\/2023\\\/11\\\/Tinychat-icon-square.png\",\"contentUrl\":\"https:\\\/\\\/tinychat.com\\\/wp-content\\\/uploads\\\/2023\\\/11\\\/Tinychat-icon-square.png\",\"width\":284,\"height\":284,\"caption\":\"TinyChat\"},\"image\":{\"@id\":\"https:\\\/\\\/tinychat.com\\\/#\\\/schema\\\/logo\\\/image\\\/\"},\"sameAs\":[\"https:\\\/\\\/www.facebook.com\\\/tinychat\",\"https:\\\/\\\/x.com\\\/tinychat\"]}]}<\/script>\n<!-- \/ Yoast SEO plugin. -->","yoast_head_json":{"title":"Omegle en l\u00ednea con videoconferencia en TinyChat.com","description":"\u00bfDisfrutas Omegle en l\u00ednea? \u00a1\u00danete a m\u00e1s de 50.000.000 de desconocidos en TinyChat! Enciende tu c\u00e1mara y empieza a conocer gente nueva, o encuentra una pareja.","robots":{"index":"index","follow":"follow","max-snippet":"max-snippet:-1","max-image-preview":"max-image-preview:large","max-video-preview":"max-video-preview:-1"},"canonical":"https:\/\/tinychat.com\/es\/omegle-online\/","og_locale":"es_ES","og_type":"article","og_title":"Omegle Online with Video Chat on TinyChat.com","og_description":"Enjoying Omegle Online? Join over 50,000,000 strangers on TinyChat! Turn on your cam and start meeting new people, or find a match.","og_url":"https:\/\/tinychat.com\/es\/omegle-online\/","og_site_name":"TinyChat","article_publisher":"https:\/\/www.facebook.com\/tinychat","article_modified_time":"2025-09-10T09:13:12+00:00","og_image":[{"width":1280,"height":284,"url":"https:\/\/tinychat.com\/wp-content\/uploads\/2020\/04\/Tinychat-logo-1280x284-new-black.png","type":"image\/png"}],"twitter_card":"summary_large_image","twitter_site":"@tinychat","twitter_misc":{"Tiempo de lectura":"5 minutos"},"schema":{"@context":"https:\/\/schema.org","@graph":[{"@type":"WebPage","@id":"https:\/\/tinychat.com\/omegle-online\/","url":"https:\/\/tinychat.com\/omegle-online\/","name":"Omegle en l\u00ednea con videoconferencia en TinyChat.com","isPartOf":{"@id":"https:\/\/tinychat.com\/#website"},"datePublished":"2025-09-10T09:10:56+00:00","dateModified":"2025-09-10T09:13:12+00:00","description":"\u00bfDisfrutas Omegle en l\u00ednea? \u00a1\u00danete a m\u00e1s de 50.000.000 de desconocidos en TinyChat! Enciende tu c\u00e1mara y empieza a conocer gente nueva, o encuentra una pareja.","breadcrumb":{"@id":"https:\/\/tinychat.com\/omegle-online\/#breadcrumb"},"inLanguage":"es","potentialAction":[{"@type":"ReadAction","target":["https:\/\/tinychat.com\/omegle-online\/"]}]},{"@type":"BreadcrumbList","@id":"https:\/\/tinychat.com\/omegle-online\/#breadcrumb","itemListElement":[{"@type":"ListItem","position":1,"name":"Home","item":"https:\/\/tinychat.com\/"},{"@type":"ListItem","position":2,"name":"Omegle Online"}]},{"@type":"WebSite","@id":"https:\/\/tinychat.com\/#website","url":"https:\/\/tinychat.com\/","name":"TinyChat","description":"Videochat aleatorio con desconocidos","publisher":{"@id":"https:\/\/tinychat.com\/#organization"},"alternateName":"TinyChat.com","potentialAction":[{"@type":"SearchAction","target":{"@type":"EntryPoint","urlTemplate":"https:\/\/tinychat.com\/?s={search_term_string}"},"query-input":{"@type":"PropertyValueSpecification","valueRequired":true,"valueName":"search_term_string"}}],"inLanguage":"es"},{"@type":"Organization","@id":"https:\/\/tinychat.com\/#organization","name":"TinyChat","alternateName":"TinyChat.com","url":"https:\/\/tinychat.com\/","logo":{"@type":"ImageObject","inLanguage":"es","@id":"https:\/\/tinychat.com\/#\/schema\/logo\/image\/","url":"https:\/\/tinychat.com\/wp-content\/uploads\/2023\/11\/Tinychat-icon-square.png","contentUrl":"https:\/\/tinychat.com\/wp-content\/uploads\/2023\/11\/Tinychat-icon-square.png","width":284,"height":284,"caption":"TinyChat"},"image":{"@id":"https:\/\/tinychat.com\/#\/schema\/logo\/image\/"},"sameAs":["https:\/\/www.facebook.com\/tinychat","https:\/\/x.com\/tinychat"]}]}},"_links":{"self":[{"href":"https:\/\/tinychat.com\/es\/wp-json\/wp\/v2\/pages\/13514","targetHints":{"allow":["GET"]}}],"collection":[{"href":"https:\/\/tinychat.com\/es\/wp-json\/wp\/v2\/pages"}],"about":[{"href":"https:\/\/tinychat.com\/es\/wp-json\/wp\/v2\/types\/page"}],"author":[{"embeddable":true,"href":"https:\/\/tinychat.com\/es\/wp-json\/wp\/v2\/users\/8"}],"replies":[{"embeddable":true,"href":"https:\/\/tinychat.com\/es\/wp-json\/wp\/v2\/comments?post=13514"}],"version-history":[{"count":1,"href":"https:\/\/tinychat.com\/es\/wp-json\/wp\/v2\/pages\/13514\/revisions"}],"predecessor-version":[{"id":13515,"href":"https:\/\/tinychat.com\/es\/wp-json\/wp\/v2\/pages\/13514\/revisions\/13515"}],"wp:attachment":[{"href":"https:\/\/tinychat.com\/es\/wp-json\/wp\/v2\/media?parent=13514"}],"curies":[{"name":"wp","href":"https:\/\/api.w.org\/{rel}","templated":true}]}}