{"id":13519,"date":"2025-09-10T11:15:35","date_gmt":"2025-09-10T09:15:35","guid":{"rendered":"https:\/\/tinychat.com\/?page_id=13519"},"modified":"2025-09-10T11:15:35","modified_gmt":"2025-09-10T09:15:35","slug":"live-video-call","status":"publish","type":"page","link":"https:\/\/tinychat.com\/es\/live-video-call\/","title":{"rendered":"Videollamada en directo"},"content":{"rendered":"<p>Internet nos ha proporcionado innumerables formas de comunicarnos -correos electr\u00f3nicos, mensajes de texto, mensajes de voz-, pero nada resulta tan personal e inmediato como una videollamada en directo. Ya sea para ponerse al d\u00eda con los amigos, colaborar con los compa\u00f1eros de trabajo o conocer a desconocidos en l\u00ednea, las videollamadas dan vida a las conversaciones al permitir ver, o\u00edr e interactuar en tiempo real.<\/p>\n<p>A diferencia de las aplicaciones de mensajer\u00eda de la vieja escuela, el chat de v\u00eddeo en directo hace que cada conversaci\u00f3n parezca aut\u00e9ntica. No te limitas a leer las palabras: captas el tono, el lenguaje corporal y las expresiones faciales. Y con tantas plataformas gratuitas disponibles hoy en d\u00eda, es m\u00e1s f\u00e1cil que nunca hacer videollamadas en directo a cualquier persona, en cualquier lugar.<\/p>\n<h2>\u00bfQu\u00e9 es una videollamada en directo?<\/h2>\n<p>Una videollamada en directo es una conversaci\u00f3n en tiempo real entre dos o m\u00e1s personas que utilizan c\u00e1maras web y micr\u00f3fonos a trav\u00e9s de Internet. A diferencia de los chats de v\u00eddeo o texto pregrabados, todo sucede al instante: t\u00fa hablas y la otra persona te ve y te oye al mismo tiempo.<\/p>\n<p>Los usos m\u00e1s comunes son:<\/p>\n<ul>\n<li>Llamadas personales - Mantenerse en contacto con familiares y amigos.<\/li>\n<li>Reuniones profesionales - Espacios de trabajo virtuales y colaboraci\u00f3n en equipo.<\/li>\n<li>Fines educativos: clases en l\u00ednea, tutor\u00edas o sesiones de estudio.<\/li>\n<li>Charlas aleatorias con desconocidos: conversaciones divertidas y espont\u00e1neas en todo el mundo.<\/li>\n<li>Citas y socializaci\u00f3n: conocer gente nueva en tiempo real.<\/li>\n<\/ul>\n<p>En resumen, es lo m\u00e1s parecido a una conversaci\u00f3n en persona que se puede conseguir en l\u00ednea.<\/p>\n<h2>Por qu\u00e9 son tan populares las videoconferencias en directo<\/h2>\n<p>El auge de los tel\u00e9fonos inteligentes, la rapidez de Internet y las aplicaciones gratuitas han convertido el videochat en algo cotidiano. He aqu\u00ed por qu\u00e9 a la gente le encanta:<\/p>\n<ul>\n<li>Conexi\u00f3n humana: ver la cara de alguien hace que las conversaciones tengan m\u00e1s sentido.<\/li>\n<li>Alcance mundial: hable con cualquier persona del mundo en cuesti\u00f3n de segundos.<\/li>\n<li>Comodidad: no es necesario desplazarse, basta con abrir el tel\u00e9fono o el port\u00e1til.<\/li>\n<li>Versatilidad - Las videollamadas funcionan en todos los contextos, desde el profesional hasta el l\u00fadico.<\/li>\n<li>Acceso gratuito: muchas plataformas ofrecen videollamadas en directo sin coste alguno.<\/li>\n<\/ul>\n<h2>C\u00f3mo hacer una videollamada en directo<\/h2>\n<p>Hacer una videollamada en directo es sencillo y accesible para casi todo el mundo:<\/p>\n<ol>\n<li>Elige una plataforma: las opciones van desde aplicaciones profesionales como Zoom y Microsoft Teams hasta aplicaciones sociales como WhatsApp, Messenger o FaceTime.<\/li>\n<li>Comprueba la c\u00e1mara y el micr\u00f3fono: aseg\u00farate de que los permisos del dispositivo est\u00e1n activados.<\/li>\n<li>Haga clic para llamar: inicie una llamada individual o de grupo al instante.<\/li>\n<li>Participe en tiempo real: hable, r\u00eda, colabore o simplemente p\u00f3ngase al d\u00eda.<\/li>\n<\/ol>\n<p>Para un uso m\u00e1s casual, plataformas como TinyChat, Omegle o Chatspin te permiten hacer videollamadas en directo con desconocidos al azar.<\/p>\n<h2>Diferentes tipos de videoconferencias en directo<\/h2>\n<p>No todas las videollamadas en directo sirven para lo mismo. He aqu\u00ed algunos tipos comunes:<\/p>\n<h3>1. Videollamadas personales en directo<\/h3>\n<p>Hablar con la familia o los amigos de otra ciudad -o del otro lado del mundo- es m\u00e1s f\u00e1cil que nunca.<\/p>\n<h3>2. Reuniones profesionales de v\u00eddeo en directo<\/h3>\n<p>La cultura del trabajo desde casa ha convertido las llamadas Zoom y las reuniones Teams en un h\u00e1bito diario.<\/p>\n<h3>3. Videollamadas en directo aleatorias con desconocidos<\/h3>\n<p>Plataformas como Omegle, Chatrandom y TinyChat te permiten conectar con desconocidos para mantener conversaciones espont\u00e1neas.<\/p>\n<h3>4. Salas de videoconferencia en grupo<\/h3>\n<p>\u00danete a una conversaci\u00f3n m\u00e1s amplia en torno a un tema, afici\u00f3n o comunidad espec\u00edficos.<\/p>\n<h3>5. Transmisi\u00f3n en directo<\/h3>\n<p>Aplicaciones como Twitch, YouTube Live o las funciones de emisi\u00f3n de TinyChat te permiten retransmitir e interactuar con los espectadores en tiempo real.<\/p>\n<h2>Las mejores plataformas para videoconferencias en directo<\/h2>\n<p>Estas son algunas de las mejores opciones, en funci\u00f3n de lo que busque:<\/p>\n<ul>\n<li>Zoom - Ideal para reuniones profesionales y videollamadas en grupo.<\/li>\n<li>Google Meet - Gratuito y f\u00e1cil de usar, perfecto tanto para uso personal como profesional.<\/li>\n<li>FaceTime - Popular entre los usuarios de Apple.<\/li>\n<li>WhatsApp \/ Messenger - Ideal para llamadas personales ocasionales.<\/li>\n<li>Skype: un cl\u00e1sico desde hace mucho tiempo para llamadas personales y de trabajo.<\/li>\n<li>Omegle \/ Chatroulette - Videollamadas aleatorias en directo con desconocidos.<\/li>\n<li>TinyChat - Combina videollamadas en directo con salas de grupo p\u00fablicas y privadas.<\/li>\n<\/ul>\n<h2>Videollamada en directo gratuita frente a servicios de pago<\/h2>\n<p>La mayor\u00eda de la gente utiliza aplicaciones de videollamadas gratuitas, pero algunas plataformas ofrecen actualizaciones premium.<\/p>\n<table>\n<thead>\n<tr>\n<th>Caracter\u00edstica<\/th>\n<th>Videollamada en directo gratuita<\/th>\n<th>Servicios de pago<\/th>\n<\/tr>\n<\/thead>\n<tbody>\n<tr>\n<td>Videollamadas individuales<\/td>\n<td>\u2705 S\u00ed<\/td>\n<td>\u2705 S\u00ed<\/td>\n<\/tr>\n<tr>\n<td>Videollamadas en grupo<\/td>\n<td>S\u00ed (limitado)<\/td>\n<td>\u2705 Mayor capacidad<\/td>\n<\/tr>\n<tr>\n<td>Emparejamiento aleatorio de desconocidos<\/td>\n<td>\u2705 S\u00ed<\/td>\n<td>\u2705 S\u00ed<\/td>\n<\/tr>\n<tr>\n<td>Anuncios eliminados<\/td>\n<td>\u274c<\/td>\n<td>\u2705 S\u00ed<\/td>\n<\/tr>\n<tr>\n<td>Filtros avanzados<\/td>\n<td>\u26a0\ufe0f B\u00e1sico<\/td>\n<td>\u2705 M\u00e1s control<\/td>\n<\/tr>\n<\/tbody>\n<\/table>\n<p>Para un uso ocasional, las aplicaciones gratuitas suelen ser suficientes. Las empresas suelen pagar por fiabilidad y funciones adicionales.<\/p>\n<h2>Por qu\u00e9 TinyChat es una gran opci\u00f3n de videollamada en directo<\/h2>\n<p>Si buscas una videollamada en directo al estilo de Chatroulette pero con m\u00e1s estructura, merece la pena explorar TinyChat. A diferencia de las aplicaciones centradas \u00fanicamente en el emparejamiento uno a uno, TinyChat ofrece:<\/p>\n<ul>\n<li>Salas de chat p\u00fablicas: \u00fanete a grupos sobre temas como m\u00fasica, citas o juegos.<\/li>\n<li>Salas privadas: crea tu propio espacio para realizar llamadas en directo con amigos o desconocidos.<\/li>\n<li>Modo retransmisi\u00f3n: retransmite para un p\u00fablico u observa a otros anfitriones.<\/li>\n<li>Acceso multiplataforma: funciona en navegadores de escritorio, iOS y Android.<\/li>\n<li>No es necesario registrarse: empiece a chatear al instante.<\/li>\n<\/ul>\n<p>Combina la espontaneidad de los chats aleatorios con la estabilidad de las salas comunitarias.<\/p>\n<h2>Seguridad durante las videoconferencias en directo<\/h2>\n<p>La mayor\u00eda de las plataformas de videollamada son seguras, pero la precauci\u00f3n es clave cuando se habla con desconocidos:<\/p>\n<ul>\n<li>No compartas demasiado - Mant\u00e9n la privacidad de los datos personales.<\/li>\n<li>Utiliza un apodo - Especialmente en plataformas de chat aleatorias.<\/li>\n<li>Comprueba tus antecedentes - Evita mostrar detalles delicados.<\/li>\n<li>Omitir\/informar cuando sea necesario - Desconectarse de llamadas inc\u00f3modas.<\/li>\n<li>Elija servicios con herramientas de moderaci\u00f3n.<\/li>\n<\/ul>\n<h2>\u00bfQui\u00e9n utiliza las videoconferencias en directo?<\/h2>\n<p>La respuesta corta: todos. Pero las motivaciones var\u00edan:<\/p>\n<ul>\n<li>Familias - Permanecer conectadas a trav\u00e9s de las distancias.<\/li>\n<li>Profesionales - Reuniones de trabajo y entrevistas a distancia.<\/li>\n<li>Estudiantes - Aprendizaje virtual y proyectos en grupo.<\/li>\n<li>Solteros - Ligar, tener citas o explorar chats aleatorios.<\/li>\n<li>Viajeros - Conocer virtualmente a la poblaci\u00f3n local antes o durante los viajes.<\/li>\n<li>Creadores - Retransmisi\u00f3n en directo para entretenimiento del p\u00fablico.<\/li>\n<\/ul>\n<h2>Consejos para una gran experiencia de videollamada en directo<\/h2>\n<ul>\n<li>Una buena iluminaci\u00f3n es importante: te hace parecer m\u00e1s accesible.<\/li>\n<li>Sonr\u00eda desde el principio: la primera impresi\u00f3n es la que cuenta, incluso en Internet.<\/li>\n<li>Haga preguntas atractivas: mantenga una conversaci\u00f3n fluida.<\/li>\n<li>S\u00e9 respetuoso - Sobre todo en los chats con desconocidos.<\/li>\n<li>Experimente con los horarios: a diferentes horas, diferentes personas en l\u00ednea.<\/li>\n<\/ul>\n<h2>El placer de las conversaciones en directo<\/h2>\n<p>Lo que hace tan atractivas las videollamadas en directo es la inmediatez. En una sola tarde, podr\u00edas:<\/p>\n<ul>\n<li>R\u00edete con alguien del otro lado del globo.<\/li>\n<li>Comparte m\u00fasica o muestra tu mascota favorita.<\/li>\n<li>Practica una lengua extranjera.<\/li>\n<li>Ten una conversaci\u00f3n sincera con un completo desconocido.<\/li>\n<li>Descubra un nuevo amigo, o incluso una chispa de romance.<\/li>\n<\/ul>\n<p>Cada llamada es diferente, lo que mantiene la experiencia fresca y divertida.<\/p>\n<p>Las plataformas de videollamadas en directo han transformado nuestra forma de conectar. Desde reuniones profesionales a charlas espont\u00e1neas con desconocidos, nos permiten hablar cara a cara al instante, en cualquier momento y lugar.<\/p>\n<p>Si lo que quieres son llamadas sencillas y gratuitas con amigos y familiares, aplicaciones como Zoom, Meet o FaceTime cumplen su funci\u00f3n. Pero si lo que te apetece es la imprevisibilidad de conocer gente nueva, plataformas como TinyChat, Omegle y Chatspin te ofrecen esa experiencia aleatoria y emocionante.<\/p>\n<p>Lo mejor de las videollamadas en directo es su flexibilidad: puedes utilizarlas para trabajar, jugar, tener citas, aprender o simplemente pasar el rato. Todo lo que necesitas es una c\u00e1mara web, una conexi\u00f3n a Internet y un poco de curiosidad.<\/p>\n<p>\u00bfPor qu\u00e9 esperar? Inicie hoy mismo una videollamada en directo y vea qui\u00e9n est\u00e1 al otro lado: le sorprender\u00e1 lo divertido que puede llegar a ser.<\/p>","protected":false},"excerpt":{"rendered":"<p>The internet has given us countless ways to communicate\u2014emails, texts, voice messages\u2014but nothing feels as personal and immediate as a live video call. Whether it\u2019s catching up with friends, collaborating with coworkers, or meeting strangers online, video calls bring conversations to life by letting you see, hear, and interact in real time. Unlike old-school messaging [&hellip;]<\/p>\n","protected":false},"author":8,"featured_media":0,"parent":0,"menu_order":0,"comment_status":"closed","ping_status":"closed","template":"","meta":{"footnotes":""},"class_list":["post-13519","page","type-page","status-publish","hentry"],"yoast_head":"<!-- This site is optimized with the Yoast SEO plugin v27.4 - https:\/\/yoast.com\/product\/yoast-seo-wordpress\/ -->\n<title>Live Video Call with Video Chat on TinyChat.com<\/title>\n<meta name=\"description\" content=\"Enjoying Live Video Call? Join over 50,000,000 strangers on TinyChat! Turn on your cam and start meeting new people, or find a match.\" \/>\n<meta name=\"robots\" content=\"index, follow, max-snippet:-1, max-image-preview:large, max-video-preview:-1\" \/>\n<link rel=\"canonical\" href=\"https:\/\/tinychat.com\/es\/live-video-call\/\" \/>\n<meta property=\"og:locale\" content=\"es_ES\" \/>\n<meta property=\"og:type\" content=\"article\" \/>\n<meta property=\"og:title\" content=\"Live Video Call with Video Chat on TinyChat.com\" \/>\n<meta property=\"og:description\" content=\"Enjoying Live Video Call? Join over 50,000,000 strangers on TinyChat! Turn on your cam and start meeting new people, or find a match.\" \/>\n<meta property=\"og:url\" content=\"https:\/\/tinychat.com\/es\/live-video-call\/\" \/>\n<meta property=\"og:site_name\" content=\"TinyChat\" \/>\n<meta property=\"article:publisher\" content=\"https:\/\/www.facebook.com\/tinychat\" \/>\n<meta property=\"og:image\" content=\"https:\/\/tinychat.com\/wp-content\/uploads\/2020\/04\/Tinychat-logo-1280x284-new-black.png\" \/>\n\t<meta property=\"og:image:width\" content=\"1280\" \/>\n\t<meta property=\"og:image:height\" content=\"284\" \/>\n\t<meta property=\"og:image:type\" content=\"image\/png\" \/>\n<meta name=\"twitter:card\" content=\"summary_large_image\" \/>\n<meta name=\"twitter:site\" content=\"@tinychat\" \/>\n<meta name=\"twitter:label1\" content=\"Tiempo de lectura\" \/>\n\t<meta name=\"twitter:data1\" content=\"5 minutos\" \/>\n<script type=\"application\/ld+json\" class=\"yoast-schema-graph\">{\"@context\":\"https:\\\/\\\/schema.org\",\"@graph\":[{\"@type\":\"WebPage\",\"@id\":\"https:\\\/\\\/tinychat.com\\\/live-video-call\\\/\",\"url\":\"https:\\\/\\\/tinychat.com\\\/live-video-call\\\/\",\"name\":\"Live Video Call with Video Chat on TinyChat.com\",\"isPartOf\":{\"@id\":\"https:\\\/\\\/tinychat.com\\\/#website\"},\"datePublished\":\"2025-09-10T09:15:35+00:00\",\"description\":\"Enjoying Live Video Call? Join over 50,000,000 strangers on TinyChat! Turn on your cam and start meeting new people, or find a match.\",\"breadcrumb\":{\"@id\":\"https:\\\/\\\/tinychat.com\\\/live-video-call\\\/#breadcrumb\"},\"inLanguage\":\"es\",\"potentialAction\":[{\"@type\":\"ReadAction\",\"target\":[\"https:\\\/\\\/tinychat.com\\\/live-video-call\\\/\"]}]},{\"@type\":\"BreadcrumbList\",\"@id\":\"https:\\\/\\\/tinychat.com\\\/live-video-call\\\/#breadcrumb\",\"itemListElement\":[{\"@type\":\"ListItem\",\"position\":1,\"name\":\"Home\",\"item\":\"https:\\\/\\\/tinychat.com\\\/\"},{\"@type\":\"ListItem\",\"position\":2,\"name\":\"Live Video Call\"}]},{\"@type\":\"WebSite\",\"@id\":\"https:\\\/\\\/tinychat.com\\\/#website\",\"url\":\"https:\\\/\\\/tinychat.com\\\/\",\"name\":\"TinyChat\",\"description\":\"Random Video Chat with Strangers\",\"publisher\":{\"@id\":\"https:\\\/\\\/tinychat.com\\\/#organization\"},\"alternateName\":\"TinyChat.com\",\"potentialAction\":[{\"@type\":\"SearchAction\",\"target\":{\"@type\":\"EntryPoint\",\"urlTemplate\":\"https:\\\/\\\/tinychat.com\\\/?s={search_term_string}\"},\"query-input\":{\"@type\":\"PropertyValueSpecification\",\"valueRequired\":true,\"valueName\":\"search_term_string\"}}],\"inLanguage\":\"es\"},{\"@type\":\"Organization\",\"@id\":\"https:\\\/\\\/tinychat.com\\\/#organization\",\"name\":\"TinyChat\",\"alternateName\":\"TinyChat.com\",\"url\":\"https:\\\/\\\/tinychat.com\\\/\",\"logo\":{\"@type\":\"ImageObject\",\"inLanguage\":\"es\",\"@id\":\"https:\\\/\\\/tinychat.com\\\/#\\\/schema\\\/logo\\\/image\\\/\",\"url\":\"https:\\\/\\\/tinychat.com\\\/wp-content\\\/uploads\\\/2023\\\/11\\\/Tinychat-icon-square.png\",\"contentUrl\":\"https:\\\/\\\/tinychat.com\\\/wp-content\\\/uploads\\\/2023\\\/11\\\/Tinychat-icon-square.png\",\"width\":284,\"height\":284,\"caption\":\"TinyChat\"},\"image\":{\"@id\":\"https:\\\/\\\/tinychat.com\\\/#\\\/schema\\\/logo\\\/image\\\/\"},\"sameAs\":[\"https:\\\/\\\/www.facebook.com\\\/tinychat\",\"https:\\\/\\\/x.com\\\/tinychat\"]}]}<\/script>\n<!-- \/ Yoast SEO plugin. -->","yoast_head_json":{"title":"Videollamada en directo con videoconferencia en TinyChat.com","description":"\u00bfDisfrutas de las videollamadas en directo? \u00a1\u00danete a m\u00e1s de 50.000.000 de desconocidos en TinyChat! Enciende tu c\u00e1mara y empieza a conocer gente nueva o a encontrar pareja.","robots":{"index":"index","follow":"follow","max-snippet":"max-snippet:-1","max-image-preview":"max-image-preview:large","max-video-preview":"max-video-preview:-1"},"canonical":"https:\/\/tinychat.com\/es\/live-video-call\/","og_locale":"es_ES","og_type":"article","og_title":"Live Video Call with Video Chat on TinyChat.com","og_description":"Enjoying Live Video Call? Join over 50,000,000 strangers on TinyChat! Turn on your cam and start meeting new people, or find a match.","og_url":"https:\/\/tinychat.com\/es\/live-video-call\/","og_site_name":"TinyChat","article_publisher":"https:\/\/www.facebook.com\/tinychat","og_image":[{"width":1280,"height":284,"url":"https:\/\/tinychat.com\/wp-content\/uploads\/2020\/04\/Tinychat-logo-1280x284-new-black.png","type":"image\/png"}],"twitter_card":"summary_large_image","twitter_site":"@tinychat","twitter_misc":{"Tiempo de lectura":"5 minutos"},"schema":{"@context":"https:\/\/schema.org","@graph":[{"@type":"WebPage","@id":"https:\/\/tinychat.com\/live-video-call\/","url":"https:\/\/tinychat.com\/live-video-call\/","name":"Videollamada en directo con videoconferencia en TinyChat.com","isPartOf":{"@id":"https:\/\/tinychat.com\/#website"},"datePublished":"2025-09-10T09:15:35+00:00","description":"\u00bfDisfrutas de las videollamadas en directo? \u00a1\u00danete a m\u00e1s de 50.000.000 de desconocidos en TinyChat! Enciende tu c\u00e1mara y empieza a conocer gente nueva o a encontrar pareja.","breadcrumb":{"@id":"https:\/\/tinychat.com\/live-video-call\/#breadcrumb"},"inLanguage":"es","potentialAction":[{"@type":"ReadAction","target":["https:\/\/tinychat.com\/live-video-call\/"]}]},{"@type":"BreadcrumbList","@id":"https:\/\/tinychat.com\/live-video-call\/#breadcrumb","itemListElement":[{"@type":"ListItem","position":1,"name":"Home","item":"https:\/\/tinychat.com\/"},{"@type":"ListItem","position":2,"name":"Live Video Call"}]},{"@type":"WebSite","@id":"https:\/\/tinychat.com\/#website","url":"https:\/\/tinychat.com\/","name":"TinyChat","description":"Videochat aleatorio con desconocidos","publisher":{"@id":"https:\/\/tinychat.com\/#organization"},"alternateName":"TinyChat.com","potentialAction":[{"@type":"SearchAction","target":{"@type":"EntryPoint","urlTemplate":"https:\/\/tinychat.com\/?s={search_term_string}"},"query-input":{"@type":"PropertyValueSpecification","valueRequired":true,"valueName":"search_term_string"}}],"inLanguage":"es"},{"@type":"Organization","@id":"https:\/\/tinychat.com\/#organization","name":"TinyChat","alternateName":"TinyChat.com","url":"https:\/\/tinychat.com\/","logo":{"@type":"ImageObject","inLanguage":"es","@id":"https:\/\/tinychat.com\/#\/schema\/logo\/image\/","url":"https:\/\/tinychat.com\/wp-content\/uploads\/2023\/11\/Tinychat-icon-square.png","contentUrl":"https:\/\/tinychat.com\/wp-content\/uploads\/2023\/11\/Tinychat-icon-square.png","width":284,"height":284,"caption":"TinyChat"},"image":{"@id":"https:\/\/tinychat.com\/#\/schema\/logo\/image\/"},"sameAs":["https:\/\/www.facebook.com\/tinychat","https:\/\/x.com\/tinychat"]}]}},"_links":{"self":[{"href":"https:\/\/tinychat.com\/es\/wp-json\/wp\/v2\/pages\/13519","targetHints":{"allow":["GET"]}}],"collection":[{"href":"https:\/\/tinychat.com\/es\/wp-json\/wp\/v2\/pages"}],"about":[{"href":"https:\/\/tinychat.com\/es\/wp-json\/wp\/v2\/types\/page"}],"author":[{"embeddable":true,"href":"https:\/\/tinychat.com\/es\/wp-json\/wp\/v2\/users\/8"}],"replies":[{"embeddable":true,"href":"https:\/\/tinychat.com\/es\/wp-json\/wp\/v2\/comments?post=13519"}],"version-history":[{"count":1,"href":"https:\/\/tinychat.com\/es\/wp-json\/wp\/v2\/pages\/13519\/revisions"}],"predecessor-version":[{"id":13520,"href":"https:\/\/tinychat.com\/es\/wp-json\/wp\/v2\/pages\/13519\/revisions\/13520"}],"wp:attachment":[{"href":"https:\/\/tinychat.com\/es\/wp-json\/wp\/v2\/media?parent=13519"}],"curies":[{"name":"wp","href":"https:\/\/api.w.org\/{rel}","templated":true}]}}