{"id":13525,"date":"2025-09-18T09:57:22","date_gmt":"2025-09-18T07:57:22","guid":{"rendered":"https:\/\/tinychat.com\/?page_id=13525"},"modified":"2025-09-18T09:57:22","modified_gmt":"2025-09-18T07:57:22","slug":"american-random-video-call","status":"publish","type":"page","link":"https:\/\/tinychat.com\/es\/american-random-video-call\/","title":{"rendered":"Videollamada aleatoria estadounidense"},"content":{"rendered":"<p>Internet ha hecho posible conectar con personas de todo el mundo, pero a veces, quieres algo m\u00e1s cerca de casa. Ah\u00ed es donde entran en juego las plataformas americanas de videollamadas aleatorias. Estos servicios te permiten conectar al instante con gente de Estados Unidos, ya sea para hacer nuevos amigos, ligar un poco o simplemente pasar el rato con una conversaci\u00f3n informal.<\/p>\n<p>Desde estudiantes universitarios en Nueva York a profesionales en Los \u00c1ngeles, nunca sabes qui\u00e9n va a aparecer a continuaci\u00f3n en tu pantalla. Es espont\u00e1neo, emocionante y 100% en directo.<\/p>\n<h2>\u00bfQu\u00e9 es la videollamada aleatoria estadounidense?<\/h2>\n<p>Una videollamada aleatoria estadounidense es un chat en tiempo real con alguien de Estados Unidos que se produce al instante mediante un sistema de emparejamiento aleatorio. T\u00fa no eliges con qui\u00e9n hablar, la plataforma lo hace por ti.<\/p>\n<p>Entre las caracter\u00edsticas que suele encontrar se incluyen:<\/p>\n<ul>\n<li>Emparejamiento instant\u00e1neo: conecte con un desconocido estadounidense al azar en cuesti\u00f3n de segundos.<\/li>\n<li>Acceso gratuito - Muchos sitios te permiten unirte sin pagar.<\/li>\n<li>Chat por v\u00eddeo: v\u00e9anse y esc\u00fachense en directo.<\/li>\n<li>Bot\u00f3n Saltar - \u00bfNo te va? Pulsa \"siguiente\" para conocer a alguien nuevo.<\/li>\n<li>Filtros opcionales: acote las coincidencias por sexo, ubicaci\u00f3n o intereses.<\/li>\n<\/ul>\n<p>Es como las citas r\u00e1pidas en l\u00ednea, pero sin presi\u00f3n: s\u00f3lo una c\u00e1mara, un micr\u00f3fono y la emoci\u00f3n de lo desconocido.<\/p>\n<h2>Por qu\u00e9 la gente usa el videochat aleatorio americano<\/h2>\n<p>Hay muchas razones por las que la gente elige plataformas centradas en Estados Unidos en lugar de plataformas globales:<\/p>\n<ul>\n<li>Familiaridad cultural - Conversaciones m\u00e1s f\u00e1ciles con personas que comparten una jerga, humor o referencias similares.<\/li>\n<li>Oportunidades de citas: muchos utilizan las videollamadas aleatorias para ligar o conocer a posibles parejas.<\/li>\n<li>Amistad - Una forma de conocer gente nueva dentro del mismo pa\u00eds.<\/li>\n<li>Comodidad ling\u00fc\u00edstica - No hay necesidad de esforzarse con la traducci\u00f3n cuando se chatea en ingl\u00e9s.<\/li>\n<li>Comodidad - Los husos horarios coinciden, as\u00ed que es m\u00e1s f\u00e1cil mantener conversaciones largas.<\/li>\n<\/ul>\n<p>Tanto si buscas diversi\u00f3n como algo m\u00e1s profundo, el videochat aleatorio con estadounidenses hace que te sientas m\u00e1s identificado.<\/p>\n<h2>C\u00f3mo funciona la videollamada American Random<\/h2>\n<p>Utilizar una de estas plataformas es sencillo, incluso si nunca antes has probado el videochat aleatorio:<\/p>\n<ol>\n<li>Elija una plataforma - Las opciones incluyen Omegle, Chatspin, Chatrandom y TinyChat.<\/li>\n<li>Permitir el acceso a la c\u00e1mara y el micr\u00f3fono - Estas plataformas necesitan tu webcam y audio.<\/li>\n<li>Haz clic en \"Empezar\": empar\u00e9jate al instante con alguien de Estados Unidos.<\/li>\n<li>Qu\u00e9date o salta - Si la conversaci\u00f3n funciona, sigue charlando; si no, pasa a otra cosa.<\/li>\n<li>Repetir - Cada conexi\u00f3n es diferente, y la diversi\u00f3n est\u00e1 en la variedad.<\/li>\n<\/ol>\n<p>Eso es todo: sin registros complicados, sin largos formularios, sin esperas.<\/p>\n<h2>Tipos de videollamadas americanas aleatorias<\/h2>\n<p>No hay una sola forma de conectar. Las distintas plataformas se adaptan a estilos diferentes:<\/p>\n<h3>1. Videollamadas individuales<\/h3>\n<p>El cl\u00e1sico chat al estilo Omegle: s\u00f3lo t\u00fa y un desconocido estadounidense.<\/p>\n<h3>2. Salas de videoconferencia en grupo<\/h3>\n<p>\u00danase a una sala m\u00e1s grande con varios estadounidenses chateando juntos: ideal para conocer a varias personas a la vez.<\/p>\n<h3>3. Salas tem\u00e1ticas<\/h3>\n<p>Chatea sobre deportes, citas, juegos, pol\u00edtica o, simplemente, socializa con estadounidenses que comparten tus mismos intereses.<\/p>\n<h3>4. Transmisiones en directo<\/h3>\n<p>Algunas plataformas, como TinyChat, permiten a los usuarios transmitir a una sala e interactuar con los espectadores en tiempo real.<\/p>\n<h3>5. Llamadas aleatorias s\u00f3lo para adultos<\/h3>\n<p>Para los mayores de 18 a\u00f1os, algunas plataformas se centran en conversaciones coquetas o m\u00e1s expl\u00edcitas.<\/p>\n<h2>Mejores plataformas para videollamadas aleatorias estadounidenses<\/h2>\n<p>\u00c9stas son algunas de las mejores opciones si quieres conectar con gente de Estados Unidos:<\/p>\n<ul>\n<li>Omegle - El cl\u00e1sico sitio de chat aleatorio, aunque la moderaci\u00f3n puede ser d\u00e9bil.<\/li>\n<li>Chatspin - Popular en EE.UU. con filtros de g\u00e9nero y ubicaci\u00f3n.<\/li>\n<li>Chatrandom - Incluye el modo \"s\u00f3lo chicas\" y salas de chat centradas en Estados Unidos.<\/li>\n<li>Camsurf - Alternativa m\u00e1s segura con mejor moderaci\u00f3n.<\/li>\n<li>TinyChat - Combina videollamadas aleatorias con chats de grupo basados en temas.<\/li>\n<li>Bazoocam - Con sede en Europa, pero a\u00fan tiene usuarios activos en Estados Unidos.<\/li>\n<\/ul>\n<h2>Por qu\u00e9 destaca TinyChat<\/h2>\n<p>Si buscas espec\u00edficamente un videochat aleatorio americano pero no quieres el caos de Omegle, TinyChat es una de las mejores opciones.<\/p>\n<ul>\n<li>Salas p\u00fablicas - \u00danase a salas de chat o espacios tem\u00e1ticos centrados en Estados Unidos.<\/li>\n<li>Salas privadas: crea tu propio chat con un grupo m\u00e1s reducido.<\/li>\n<li>V\u00eddeo, audio y texto: elija su forma preferida de conectarse.<\/li>\n<li>Multiplataforma: funciona en navegadores, iOS y Android.<\/li>\n<li>Sensaci\u00f3n de comunidad - M\u00e1s estructurado que un interminable salto individual.<\/li>\n<\/ul>\n<p>Es ideal si desea tanto espontaneidad como la posibilidad de alojarse en un mismo lugar y conocer a varias personas.<\/p>\n<h2>Videollamada aleatoria estadounidense vs. Chat global<\/h2>\n<p>\u00bfPor qu\u00e9 elegir una plataforma estadounidense en lugar de una mundial?<\/p>\n<table>\n<thead>\n<tr>\n<th>Caracter\u00edstica<\/th>\n<th>Videollamada aleatoria estadounidense<\/th>\n<th>Videollamada aleatoria global<\/th>\n<\/tr>\n<\/thead>\n<tbody>\n<tr>\n<td>Familiaridad cultural<\/td>\n<td>\u2705 Alta<\/td>\n<td>\u26a0\ufe0f Mixto<\/td>\n<\/tr>\n<tr>\n<td>Barreras ling\u00fc\u00edsticas<\/td>\n<td>\u274c M\u00ednimo<\/td>\n<td>\u26a0\ufe0f Posible<\/td>\n<\/tr>\n<tr>\n<td>Alineaci\u00f3n de zonas horarias<\/td>\n<td>\u2705 S\u00ed<\/td>\n<td>\u274c No siempre<\/td>\n<\/tr>\n<tr>\n<td>Potencial de citas<\/td>\n<td>\u2705 M\u00e1s f\u00e1cil a nivel local<\/td>\n<td>Mayor alcance<\/td>\n<\/tr>\n<tr>\n<td>Diversidad de experiencias<\/td>\n<td>\u26a0\ufe0f Limitada<\/td>\n<td>Muy alto<\/td>\n<\/tr>\n<\/tbody>\n<\/table>\n<p>Ambos tienen ventajas, pero si lo que quieres es relacionarte y comunicarte m\u00e1s f\u00e1cilmente, los chats centrados en Estados Unidos tienen m\u00e1s sentido.<\/p>\n<h2>Seguridad en las videollamadas a desconocidos<\/h2>\n<p>Como en cualquier plataforma de chat con desconocidos, la seguridad es importante:<\/p>\n<ul>\n<li>No compartas demasiado - Mant\u00e9n en privado tu nombre, n\u00famero y direcci\u00f3n.<\/li>\n<li>Utiliza un apodo: el anonimato te mantiene a salvo.<\/li>\n<li>Saltar\/denunciar - Si una charla te resulta inc\u00f3moda, pasa inmediatamente a otra cosa.<\/li>\n<li>Tenga cuidado con sus antecedentes: evite mostrar detalles personales ante la c\u00e1mara.<\/li>\n<li>Lim\u00edtate a plataformas moderadas: TinyChat y Chatspin son m\u00e1s seguras que los sitios no supervisados.<\/li>\n<\/ul>\n<h2>\u00bfQui\u00e9n utiliza las videollamadas aleatorias estadounidenses?<\/h2>\n<p>La variedad de personas que conocer\u00e1s es enorme. Entre los usuarios habituales se encuentran:<\/p>\n<ul>\n<li>Estudiantes - De universidades de todo EE.UU. en busca de conversaciones divertidas.<\/li>\n<li>Solteros - Con la esperanza de ligar o tener una cita informal.<\/li>\n<li>Expatriados en el extranjero: estadounidenses en el extranjero que quieren conectar con su pa\u00eds.<\/li>\n<li>Viajeros - Charlar con los lugare\u00f1os antes de visitar una nueva ciudad.<\/li>\n<li>Usuarios curiosos - Simplemente buscan conocer gente nueva en Internet.<\/li>\n<\/ul>\n<p>Cada llamada es diferente, ese es el atractivo.<\/p>\n<h2>Consejos para una gran videollamada aleatoria americana<\/h2>\n<p>\u00bfQuieres mejores conversaciones? Ten esto en cuenta:<\/p>\n<ul>\n<li>Sonr\u00ede cuando conectes - La primera impresi\u00f3n importa.<\/li>\n<li>Haz preguntas abiertas: \"\u00bfCu\u00e1l es tu ciudad favorita de Estados Unidos?\" va m\u00e1s all\u00e1 que \"hola\".<\/li>\n<li>S\u00e9 respetuoso: buenos modales = mejores chats.<\/li>\n<li>Tenga paciencia: algunas charlas ser\u00e1n breves y otras le sorprender\u00e1n.<\/li>\n<li>Experimente con los horarios: las tardes y noches son las m\u00e1s concurridas en Estados Unidos.<\/li>\n<\/ul>\n<h2>Videochat americano gratuito vs. de pago<\/h2>\n<p>La mayor\u00eda de las plataformas son gratuitas, pero las actualizaciones de pago pueden mejorar tu experiencia.<\/p>\n<table>\n<thead>\n<tr>\n<th>Caracter\u00edstica<\/th>\n<th>Versi\u00f3n gratuita<\/th>\n<th>Versi\u00f3n de pago<\/th>\n<\/tr>\n<\/thead>\n<tbody>\n<tr>\n<td>Emparejamiento aleatorio<\/td>\n<td>\u2705 S\u00ed<\/td>\n<td>\u2705 S\u00ed<\/td>\n<\/tr>\n<tr>\n<td>Saltos ilimitados<\/td>\n<td>\u26a0\ufe0f Sometimes limited<\/td>\n<td>\u2705 Ilimitado<\/td>\n<\/tr>\n<tr>\n<td>Filtros por sexo y lugar de residencia<\/td>\n<td>\u26a0\ufe0f B\u00e1sico<\/td>\n<td>\u2705 Avanzado<\/td>\n<\/tr>\n<tr>\n<td>Anuncios eliminados<\/td>\n<td>\u274c<\/td>\n<td>\u2705 S\u00ed<\/td>\n<\/tr>\n<tr>\n<td>Salas VIP\/privadas<\/td>\n<td>\u274c<\/td>\n<td>\u2705 S\u00ed<\/td>\n<\/tr>\n<\/tbody>\n<\/table>\n<p>Para un uso ocasional, las versiones gratuitas suelen ser suficientes.<\/p>\n<h2>La emoci\u00f3n de los encuentros fortuitos<\/h2>\n<p>Lo mejor de las videollamadas aleatorias americanas es su imprevisibilidad. En una sola tarde, puede que:<\/p>\n<ul>\n<li>Bromea con alguien de Texas.<\/li>\n<li>Hable de deportes con un aficionado de Chicago.<\/li>\n<li>Escuche c\u00f3mo es la vida cotidiana en Nueva York.<\/li>\n<li>Ligar casualmente con una chica en California.<\/li>\n<li>Haz un amigo en Florida que se convierta en un compa\u00f1ero de chat habitual.<\/li>\n<\/ul>\n<p>Son personas reales, voces reales y momentos reales, todo en directo.<\/p>\n<p>Las plataformas estadounidenses de videollamadas aleatorias son una de las formas m\u00e1s interesantes de conocer gente por Internet. Combinan la espontaneidad con la familiaridad cultural, lo que facilita charlar, re\u00edr, ligar o hacer amigos en todo Estados Unidos.<\/p>\n<p>Aunque Omegle y Chatroulette hicieron famosa la idea, plataformas como TinyChat, Chatspin y Chatrandom ofrecen ahora opciones m\u00e1s seguras, atractivas y orientadas a la comunidad.<\/p>\n<p>As\u00ed que si est\u00e1s listo para conectar con estadounidenses en Internet, enciende tu webcam, pulsa \"Empezar\" y mira qui\u00e9n aparece. Tu pr\u00f3xima conversaci\u00f3n podr\u00eda estar a un solo clic.<\/p>","protected":false},"excerpt":{"rendered":"<p>The internet has made it possible to connect with people all over the world, but sometimes, you want something closer to home. That\u2019s where American random video call platforms come in. These services let you connect instantly with people in the United States\u2014whether you\u2019re hoping to make new friends, flirt a little, or just pass [&hellip;]<\/p>\n","protected":false},"author":8,"featured_media":0,"parent":0,"menu_order":0,"comment_status":"closed","ping_status":"closed","template":"","meta":{"footnotes":""},"class_list":["post-13525","page","type-page","status-publish","hentry"],"yoast_head":"<!-- This site is optimized with the Yoast SEO plugin v27.5 - https:\/\/yoast.com\/product\/yoast-seo-wordpress\/ -->\n<title>American Random Video Call with Video Chat on TinyChat.com<\/title>\n<meta name=\"description\" content=\"Enjoying American Random Video Call? Join over 50,000,000 strangers on TinyChat! Turn on your cam and start meeting new people, or find a match.\" \/>\n<meta name=\"robots\" content=\"index, follow, max-snippet:-1, max-image-preview:large, max-video-preview:-1\" \/>\n<link rel=\"canonical\" href=\"https:\/\/tinychat.com\/es\/american-random-video-call\/\" \/>\n<meta property=\"og:locale\" content=\"es_ES\" \/>\n<meta property=\"og:type\" content=\"article\" \/>\n<meta property=\"og:title\" content=\"American Random Video Call with Video Chat on TinyChat.com\" \/>\n<meta property=\"og:description\" content=\"Enjoying American Random Video Call? Join over 50,000,000 strangers on TinyChat! Turn on your cam and start meeting new people, or find a match.\" \/>\n<meta property=\"og:url\" content=\"https:\/\/tinychat.com\/es\/american-random-video-call\/\" \/>\n<meta property=\"og:site_name\" content=\"TinyChat\" \/>\n<meta property=\"article:publisher\" content=\"https:\/\/www.facebook.com\/tinychat\" \/>\n<meta property=\"og:image\" content=\"https:\/\/tinychat.com\/wp-content\/uploads\/2020\/04\/Tinychat-logo-1280x284-new-black.png\" \/>\n\t<meta property=\"og:image:width\" content=\"1280\" \/>\n\t<meta property=\"og:image:height\" content=\"284\" \/>\n\t<meta property=\"og:image:type\" content=\"image\/png\" \/>\n<meta name=\"twitter:card\" content=\"summary_large_image\" \/>\n<meta name=\"twitter:site\" content=\"@tinychat\" \/>\n<meta name=\"twitter:label1\" content=\"Tiempo de lectura\" \/>\n\t<meta name=\"twitter:data1\" content=\"6 minutos\" \/>\n<script type=\"application\/ld+json\" class=\"yoast-schema-graph\">{\"@context\":\"https:\\\/\\\/schema.org\",\"@graph\":[{\"@type\":\"WebPage\",\"@id\":\"https:\\\/\\\/tinychat.com\\\/american-random-video-call\\\/\",\"url\":\"https:\\\/\\\/tinychat.com\\\/american-random-video-call\\\/\",\"name\":\"American Random Video Call with Video Chat on TinyChat.com\",\"isPartOf\":{\"@id\":\"https:\\\/\\\/tinychat.com\\\/#website\"},\"datePublished\":\"2025-09-18T07:57:22+00:00\",\"description\":\"Enjoying American Random Video Call? Join over 50,000,000 strangers on TinyChat! Turn on your cam and start meeting new people, or find a match.\",\"breadcrumb\":{\"@id\":\"https:\\\/\\\/tinychat.com\\\/american-random-video-call\\\/#breadcrumb\"},\"inLanguage\":\"es\",\"potentialAction\":[{\"@type\":\"ReadAction\",\"target\":[\"https:\\\/\\\/tinychat.com\\\/american-random-video-call\\\/\"]}]},{\"@type\":\"BreadcrumbList\",\"@id\":\"https:\\\/\\\/tinychat.com\\\/american-random-video-call\\\/#breadcrumb\",\"itemListElement\":[{\"@type\":\"ListItem\",\"position\":1,\"name\":\"Home\",\"item\":\"https:\\\/\\\/tinychat.com\\\/\"},{\"@type\":\"ListItem\",\"position\":2,\"name\":\"American Random Video Call\"}]},{\"@type\":\"WebSite\",\"@id\":\"https:\\\/\\\/tinychat.com\\\/#website\",\"url\":\"https:\\\/\\\/tinychat.com\\\/\",\"name\":\"TinyChat\",\"description\":\"Random Video Chat with Strangers\",\"publisher\":{\"@id\":\"https:\\\/\\\/tinychat.com\\\/#organization\"},\"alternateName\":\"TinyChat.com\",\"potentialAction\":[{\"@type\":\"SearchAction\",\"target\":{\"@type\":\"EntryPoint\",\"urlTemplate\":\"https:\\\/\\\/tinychat.com\\\/?s={search_term_string}\"},\"query-input\":{\"@type\":\"PropertyValueSpecification\",\"valueRequired\":true,\"valueName\":\"search_term_string\"}}],\"inLanguage\":\"es\"},{\"@type\":\"Organization\",\"@id\":\"https:\\\/\\\/tinychat.com\\\/#organization\",\"name\":\"TinyChat\",\"alternateName\":\"TinyChat.com\",\"url\":\"https:\\\/\\\/tinychat.com\\\/\",\"logo\":{\"@type\":\"ImageObject\",\"inLanguage\":\"es\",\"@id\":\"https:\\\/\\\/tinychat.com\\\/#\\\/schema\\\/logo\\\/image\\\/\",\"url\":\"https:\\\/\\\/tinychat.com\\\/wp-content\\\/uploads\\\/2023\\\/11\\\/Tinychat-icon-square.png\",\"contentUrl\":\"https:\\\/\\\/tinychat.com\\\/wp-content\\\/uploads\\\/2023\\\/11\\\/Tinychat-icon-square.png\",\"width\":284,\"height\":284,\"caption\":\"TinyChat\"},\"image\":{\"@id\":\"https:\\\/\\\/tinychat.com\\\/#\\\/schema\\\/logo\\\/image\\\/\"},\"sameAs\":[\"https:\\\/\\\/www.facebook.com\\\/tinychat\",\"https:\\\/\\\/x.com\\\/tinychat\"]}]}<\/script>\n<!-- \/ Yoast SEO plugin. -->","yoast_head_json":{"title":"Videollamada aleatoria estadounidense con chat de v\u00eddeo en TinyChat.com","description":"\u00bfDisfrutas de la videollamada American Random? \u00a1\u00danete a m\u00e1s de 50.000.000 de desconocidos en TinyChat! Enciende tu c\u00e1mara y empieza a conocer gente nueva, o encuentra una pareja.","robots":{"index":"index","follow":"follow","max-snippet":"max-snippet:-1","max-image-preview":"max-image-preview:large","max-video-preview":"max-video-preview:-1"},"canonical":"https:\/\/tinychat.com\/es\/american-random-video-call\/","og_locale":"es_ES","og_type":"article","og_title":"American Random Video Call with Video Chat on TinyChat.com","og_description":"Enjoying American Random Video Call? Join over 50,000,000 strangers on TinyChat! Turn on your cam and start meeting new people, or find a match.","og_url":"https:\/\/tinychat.com\/es\/american-random-video-call\/","og_site_name":"TinyChat","article_publisher":"https:\/\/www.facebook.com\/tinychat","og_image":[{"width":1280,"height":284,"url":"https:\/\/tinychat.com\/wp-content\/uploads\/2020\/04\/Tinychat-logo-1280x284-new-black.png","type":"image\/png"}],"twitter_card":"summary_large_image","twitter_site":"@tinychat","twitter_misc":{"Tiempo de lectura":"6 minutos"},"schema":{"@context":"https:\/\/schema.org","@graph":[{"@type":"WebPage","@id":"https:\/\/tinychat.com\/american-random-video-call\/","url":"https:\/\/tinychat.com\/american-random-video-call\/","name":"Videollamada aleatoria estadounidense con chat de v\u00eddeo en TinyChat.com","isPartOf":{"@id":"https:\/\/tinychat.com\/#website"},"datePublished":"2025-09-18T07:57:22+00:00","description":"\u00bfDisfrutas de la videollamada American Random? \u00a1\u00danete a m\u00e1s de 50.000.000 de desconocidos en TinyChat! Enciende tu c\u00e1mara y empieza a conocer gente nueva, o encuentra una pareja.","breadcrumb":{"@id":"https:\/\/tinychat.com\/american-random-video-call\/#breadcrumb"},"inLanguage":"es","potentialAction":[{"@type":"ReadAction","target":["https:\/\/tinychat.com\/american-random-video-call\/"]}]},{"@type":"BreadcrumbList","@id":"https:\/\/tinychat.com\/american-random-video-call\/#breadcrumb","itemListElement":[{"@type":"ListItem","position":1,"name":"Home","item":"https:\/\/tinychat.com\/"},{"@type":"ListItem","position":2,"name":"American Random Video Call"}]},{"@type":"WebSite","@id":"https:\/\/tinychat.com\/#website","url":"https:\/\/tinychat.com\/","name":"TinyChat","description":"Videochat aleatorio con desconocidos","publisher":{"@id":"https:\/\/tinychat.com\/#organization"},"alternateName":"TinyChat.com","potentialAction":[{"@type":"SearchAction","target":{"@type":"EntryPoint","urlTemplate":"https:\/\/tinychat.com\/?s={search_term_string}"},"query-input":{"@type":"PropertyValueSpecification","valueRequired":true,"valueName":"search_term_string"}}],"inLanguage":"es"},{"@type":"Organization","@id":"https:\/\/tinychat.com\/#organization","name":"TinyChat","alternateName":"TinyChat.com","url":"https:\/\/tinychat.com\/","logo":{"@type":"ImageObject","inLanguage":"es","@id":"https:\/\/tinychat.com\/#\/schema\/logo\/image\/","url":"https:\/\/tinychat.com\/wp-content\/uploads\/2023\/11\/Tinychat-icon-square.png","contentUrl":"https:\/\/tinychat.com\/wp-content\/uploads\/2023\/11\/Tinychat-icon-square.png","width":284,"height":284,"caption":"TinyChat"},"image":{"@id":"https:\/\/tinychat.com\/#\/schema\/logo\/image\/"},"sameAs":["https:\/\/www.facebook.com\/tinychat","https:\/\/x.com\/tinychat"]}]}},"_links":{"self":[{"href":"https:\/\/tinychat.com\/es\/wp-json\/wp\/v2\/pages\/13525","targetHints":{"allow":["GET"]}}],"collection":[{"href":"https:\/\/tinychat.com\/es\/wp-json\/wp\/v2\/pages"}],"about":[{"href":"https:\/\/tinychat.com\/es\/wp-json\/wp\/v2\/types\/page"}],"author":[{"embeddable":true,"href":"https:\/\/tinychat.com\/es\/wp-json\/wp\/v2\/users\/8"}],"replies":[{"embeddable":true,"href":"https:\/\/tinychat.com\/es\/wp-json\/wp\/v2\/comments?post=13525"}],"version-history":[{"count":2,"href":"https:\/\/tinychat.com\/es\/wp-json\/wp\/v2\/pages\/13525\/revisions"}],"predecessor-version":[{"id":13527,"href":"https:\/\/tinychat.com\/es\/wp-json\/wp\/v2\/pages\/13525\/revisions\/13527"}],"wp:attachment":[{"href":"https:\/\/tinychat.com\/es\/wp-json\/wp\/v2\/media?parent=13525"}],"curies":[{"name":"wp","href":"https:\/\/api.w.org\/{rel}","templated":true}]}}