{"id":201,"date":"2025-08-14T09:43:14","date_gmt":"2025-08-14T07:43:14","guid":{"rendered":"https:\/\/tinychat.com\/?page_id=201"},"modified":"2025-08-14T10:02:20","modified_gmt":"2025-08-14T08:02:20","slug":"random-cam-chat","status":"publish","type":"page","link":"https:\/\/tinychat.com\/es\/random-cam-chat\/","title":{"rendered":"Random Cam Chat"},"content":{"rendered":"<p>Hay algo excitante en no saber a qui\u00e9n conocer\u00e1s despu\u00e9s. Eso es exactamente de lo que trata el chat por webcam aleatorio: conectarte con desconocidos de todo el mundo en un instante. Sin perfiles que consultar, sin biograf\u00edas que leer, solo personas reales, cara a cara, listas para chatear.<\/p>\n<p>Tanto si quieres hacer amigos, ligar, compartir unas risas o simplemente ver qu\u00e9 hay por ah\u00ed, el videochat con c\u00e1maras aleatorias te ofrece la emoci\u00f3n de lo impredecible cada vez que pulsas \"siguiente\". Es como una ruleta de conversaciones, pero el premio es una nueva conexi\u00f3n humana.<\/p>\n<h2>\u00bfQu\u00e9 es el chat aleatorio con c\u00e1maras?<\/h2>\n<p>En t\u00e9rminos sencillos, el chat con c\u00e1mara aleatoria es un servicio de videochat en l\u00ednea que te empareja con un desconocido al azar. Enciendes tu webcam y la plataforma te conecta instant\u00e1neamente con otra persona que tambi\u00e9n quiere hablar. Cuando la conversaci\u00f3n termina -o si quieres seguir adelante- haces clic para saltar y aparece una nueva cara.<\/p>\n<p>Es una forma en vivo, visual y personal de conocer gente. A diferencia de las salas de chat con s\u00f3lo texto, el chat por c\u00e1mara aleatoria te permite ver expresiones faciales, o\u00edr voces y sentir el flujo natural de una conversaci\u00f3n en tiempo real.<\/p>\n<p>Algunas plataformas tambi\u00e9n incluyen opciones de s\u00f3lo texto y audio si no est\u00e1s preparado para el v\u00eddeo de inmediato, lo que facilita la experiencia.<\/p>\n<h2>Por qu\u00e9 a la gente le encanta el chat aleatorio<\/h2>\n<p>El atractivo del chat aleatorio es sencillo: es impredecible, divertido e instant\u00e1neo. He aqu\u00ed por qu\u00e9 tanta gente est\u00e1 enganchada:<\/p>\n<ul>\n<li>Conexiones instant\u00e1neas: Sin registros, sin esperas: basta con hacer clic para iniciar una conversaci\u00f3n en directo.<\/li>\n<li>Alcance mundial: Conoce a gente de diferentes pa\u00edses, culturas y estilos de vida.<\/li>\n<li>Puede ocurrir cualquier cosa: Desde momentos tontos a charlas significativas, nunca se sabe hacia d\u00f3nde ir\u00e1 una conversaci\u00f3n.<\/li>\n<li>Anonimato cuando lo desees: Utiliza un apodo o mant\u00e9n la c\u00e1mara apagada hasta que te sientas c\u00f3modo.<\/li>\n<li>Controla tu experiencia: Si no congenias con alguien, salta e int\u00e9ntalo en la siguiente partida.<\/li>\n<\/ul>\n<p>Para muchos, la emoci\u00f3n reside en esos primeros segundos tras la conexi\u00f3n: preguntarse qui\u00e9n est\u00e1 al otro lado y qu\u00e9 dir\u00e1.<\/p>\n<h2>\u00bfC\u00f3mo funciona Random Cam Chat?<\/h2>\n<p>Si nunca lo has probado, empezar es incre\u00edblemente f\u00e1cil:<\/p>\n<ol>\n<li>Elige una plataforma: hay muchas aplicaciones y sitios de chat con c\u00e1maras aleatorias gratuitos entre los que elegir, como TinyChat, CamSurf y Bazoocam.<\/li>\n<li>Habilita tu webcam y micr\u00f3fono - La plataforma te pedir\u00e1 permiso para acceder a tu c\u00e1mara y micr\u00f3fono.<\/li>\n<li>Empieza a chatear - Estar\u00e1s conectado al instante con alguien al azar desde cualquier parte del mundo.<\/li>\n<li>Omitir o continuar - Si desea seguir adelante, s\u00f3lo tiene que hacer clic en \"siguiente\" y el sistema le buscar\u00e1 otra coincidencia.<\/li>\n<\/ol>\n<p>Muchos sitios te permiten filtrar por pa\u00edses o intereses para mejorar tus posibilidades de conocer gente con vibraciones similares.<\/p>\n<h2>Tipos de experiencias de chat aleatorio<\/h2>\n<p>Aunque el concepto b\u00e1sico es el mismo, las distintas plataformas de chat con c\u00e1maras aleatorias ofrecen caracter\u00edsticas diferentes:<\/p>\n<h3>1. Free Random Cam Chat<\/h3>\n<p>Perfectas para principiantes: entra sin pagar un c\u00e9ntimo. La mayor\u00eda de las plataformas gratuitas no requieren cuentas y te permiten conectarte al instante.<\/p>\n<h3>2. Chat de c\u00e1mara aleatorio an\u00f3nimo<\/h3>\n<p>Para los que quieren privacidad total, los modos an\u00f3nimos ocultan tu nombre y te permiten apagar la c\u00e1mara hasta que decidas compartirla.<\/p>\n<h3>3. Matching basado en intereses<\/h3>\n<p>Algunos sitios de c\u00e1maras aleatorias te permiten enumerar tus intereses para que puedas conocer a gente que comparta tus aficiones o pasiones.<\/p>\n<h3>4. Adult Random Cam Chat<\/h3>\n<p>Aunque no son para todo el mundo, existen versiones para mayores de 18 a\u00f1os en las que la gente se conecta para mantener conversaciones coquetas o expl\u00edcitas. Suelen estar separadas de las plataformas generales por motivos de seguridad y consentimiento.<\/p>\n<h2>Chat de c\u00e1mara aleatorio vs. Chat de texto<\/h2>\n<p>Aunque las salas de chat aleatorias basadas en texto siguen siendo populares, el chat aleatorio con c\u00e1maras tiene una gran ventaja:<\/p>\n<table>\n<thead>\n<tr>\n<th>Caracter\u00edstica<\/th>\n<th>Random Cam Chat<\/th>\n<th>Chat de texto<\/th>\n<\/tr>\n<\/thead>\n<tbody>\n<tr>\n<td>Ver expresiones faciales<\/td>\n<td>\u2705<\/td>\n<td>\u274c<\/td>\n<\/tr>\n<tr>\n<td>O\u00edr el tono de voz<\/td>\n<td>\u2705<\/td>\n<td>\u274c<\/td>\n<\/tr>\n<tr>\n<td>M\u00e1s conexi\u00f3n personal<\/td>\n<td>\u2705<\/td>\n<td>\u26a0\ufe0f Menos<\/td>\n<\/tr>\n<tr>\n<td>Compromiso visual<\/td>\n<td>\u2705<\/td>\n<td>\u274c<\/td>\n<\/tr>\n<tr>\n<td>Requiere c\u00e1mara\/micr\u00f3fono<\/td>\n<td>\u2705<\/td>\n<td>\u274c<\/td>\n<\/tr>\n<\/tbody>\n<\/table>\n<p>El v\u00eddeo a\u00f1ade una capa de autenticidad: ver la sonrisa o la risa de alguien hace que la interacci\u00f3n sea m\u00e1s real.<\/p>\n<h2>Seguridad en el chat aleatorio<\/h2>\n<p>Como vas a conocer a desconocidos, la seguridad debe ser siempre una prioridad:<\/p>\n<ul>\n<li>No compartas informaci\u00f3n personal - Evita dar tu nombre completo, direcci\u00f3n o datos de contacto.<\/li>\n<li>Utiliza el bot\u00f3n de saltar - Si alguien te incomoda, pasa p\u00e1gina al instante.<\/li>\n<li>Informar sobre comportamientos inadecuados - La mayor\u00eda de las plataformas tienen herramientas de informaci\u00f3n integradas.<\/li>\n<li>S\u00e9 prudente con la c\u00e1mara: muestra s\u00f3lo lo que te apetezca que vean los dem\u00e1s.<\/li>\n<li>Elija servicios con moderaci\u00f3n y directrices claras para la comunidad.<\/li>\n<\/ul>\n<p>El chat aleatorio por c\u00e1mara puede ser seguro y divertido si estableces tus l\u00edmites y te ci\u00f1es a ellos.<\/p>\n<h2>El lado social del chat aleatorio<\/h2>\n<p>Una de las mejores cosas del chat por webcam es la variedad de personas que puedes conocer. En una plataforma puedes hablar con un estudiante de Brasil, un m\u00fasico de Francia, un jugador de Jap\u00f3n y un viajero de Sud\u00e1frica, todo en la misma noche.<\/p>\n<p>Es como una reuni\u00f3n social mundial sin gastos de viaje. La gente suele utilizarlo para:<\/p>\n<ul>\n<li>Practicar un nuevo idioma<\/li>\n<li>Conocer otras culturas<\/li>\n<li>Compartir m\u00fasica o arte<\/li>\n<li>Colaborar en proyectos creativos<\/li>\n<li>Hacer nuevos amigos o encontrar oportunidades de citas en l\u00ednea<\/li>\n<\/ul>\n<h2>Chat Cam aleatorio para divertirse y ligar<\/h2>\n<p>Aunque mucha gente utiliza el chat por c\u00e1mara aleatorio para mantener una conversaci\u00f3n informal, tambi\u00e9n se ha convertido en un punto de encuentro para ligar por Internet. Ver a alguien cara a cara hace que sea m\u00e1s f\u00e1cil detectar la qu\u00edmica y establecer una conexi\u00f3n en tiempo real.<\/p>\n<p>Algunos sitios incluso tienen modos de \"flirteo\" o \"citas\" para emparejarte con personas abiertas a una conversaci\u00f3n m\u00e1s juguetona.<\/p>\n<h2>Free Random Cam Chat Apps<\/h2>\n<p>Si prefieres chatear desde tu tel\u00e9fono, hay un mont\u00f3n de aplicaciones gratuitas para Android e iOS que llevan la experiencia de la c\u00e1mara aleatoria a tu bolsillo. Entre ellas suelen estar:<\/p>\n<ul>\n<li>Deslizar para saltar<\/li>\n<li>Notificaciones push cuando alguien quiere chatear<\/li>\n<li>Etiquetas de inter\u00e9s para mejorar las coincidencias<\/li>\n<li>Filtros de v\u00eddeo y efectos divertidos<\/li>\n<\/ul>\n<p>El chat m\u00f3vil con c\u00e1maras aleatorias es perfecto para matar el tiempo sobre la marcha o conectarse desde el sof\u00e1.<\/p>\n<h2>Consejos para una gran experiencia de chat de c\u00e1mara aleatoria<\/h2>\n<ul>\n<li>Sonr\u00ede cuando te conectes - La primera impresi\u00f3n importa, incluso en Internet.<\/li>\n<li>Sea curioso: haga preguntas abiertas para que la conversaci\u00f3n fluya.<\/li>\n<li>Utiliza una buena iluminaci\u00f3n: hace que tu v\u00eddeo sea m\u00e1s claro y atractivo.<\/li>\n<li>Rel\u00e1jate: recuerda que si no encaja, siempre puedes saltarte la prueba.<\/li>\n<li>Experimente con las horas del d\u00eda - Diferentes horas pueden significar conocer a gente de diferentes partes del mundo.<\/li>\n<\/ul>\n<h2>Por qu\u00e9 TinyChat es una gran opci\u00f3n para el chat aleatorio con c\u00e1mara<\/h2>\n<p>Aunque muchas plataformas ofrecen chats de v\u00eddeo aleatorios, TinyChat destaca por su combinaci\u00f3n de salas de chat p\u00fablicas, llamadas privadas y funciones de v\u00eddeo en grupo. Puedes entrar en un chat de c\u00e1mara aleatorio con una persona o unirte a una sala con varias transmisiones a la vez.<\/p>\n<p>Es perfecto para las personas que desean tanto interacciones individuales como un entorno de chat m\u00e1s social y abierto. Adem\u00e1s, no necesitas registrarte para empezar.<\/p>\n<h2>La emoci\u00f3n de las conexiones aleatorias<\/h2>\n<p>La magia del chat aleatorio es que no est\u00e1 programado. No est\u00e1s buscando perfiles ni esperando una pareja. Conectas en tiempo real con personas reales y puede pasar cualquier cosa.<\/p>\n<p>A veces te echas unas risas, a veces entablas una conversaci\u00f3n profunda y otras veces conoces a alguien con quien quieres hablar una y otra vez. Esa imprevisibilidad es lo que hace que la gente vuelva.<\/p>\n<p>El chat aleatorio con c\u00e1mara es una de las formas m\u00e1s r\u00e1pidas y emocionantes de conocer gente nueva en Internet. Es instant\u00e1neo, global y personal, y re\u00fane a desconocidos de todo el mundo para todo, desde charlas casuales hasta amistades significativas.<\/p>\n<p>Ya sea para divertirse, intercambiar culturas, practicar idiomas o incluso tener citas, el videochat con c\u00e1maras aleatorias ofrece infinitas posibilidades. Solo recuerda mantenerte seguro, respetar a los dem\u00e1s y tener la mente abierta.<\/p>\n<p>Si est\u00e1s listo para ver qui\u00e9n hay ah\u00ed fuera, enciende tu webcam y sum\u00e9rgete en un chat por c\u00e1mara aleatorio esta noche: nunca se sabe qui\u00e9n est\u00e1 esperando al otro lado.<\/p>","protected":false},"excerpt":{"rendered":"<p>There\u2019s something exciting about not knowing who you\u2019ll meet next. That\u2019s exactly what random cam chat is all about\u2014connecting you with strangers from around the world in an instant. No profiles to scroll, no bios to read\u2014just real people, face-to-face, ready to chat. Whether you\u2019re looking to make friends, flirt, share a laugh, or just [&hellip;]<\/p>\n","protected":false},"author":8,"featured_media":0,"parent":0,"menu_order":0,"comment_status":"closed","ping_status":"closed","template":"","meta":{"footnotes":""},"class_list":["post-201","page","type-page","status-publish","hentry"],"yoast_head":"<!-- This site is optimized with the Yoast SEO plugin v27.6 - https:\/\/yoast.com\/product\/yoast-seo-wordpress\/ -->\n<title>Random Cam Chat with Video Chat on TinyChat.com<\/title>\n<meta name=\"description\" content=\"Enjoying Random Cam Chat? Join over 50,000,000 strangers on TinyChat! Turn on your cam and start meeting new people, or find a match.\" \/>\n<meta name=\"robots\" content=\"index, follow, max-snippet:-1, max-image-preview:large, max-video-preview:-1\" \/>\n<link rel=\"canonical\" href=\"https:\/\/tinychat.com\/es\/random-cam-chat\/\" \/>\n<meta property=\"og:locale\" content=\"es_ES\" \/>\n<meta property=\"og:type\" content=\"article\" \/>\n<meta property=\"og:title\" content=\"Random Cam Chat with Video Chat on TinyChat.com\" \/>\n<meta property=\"og:description\" content=\"Enjoying Random Cam Chat? Join over 50,000,000 strangers on TinyChat! Turn on your cam and start meeting new people, or find a match.\" \/>\n<meta property=\"og:url\" content=\"https:\/\/tinychat.com\/es\/random-cam-chat\/\" \/>\n<meta property=\"og:site_name\" content=\"TinyChat\" \/>\n<meta property=\"article:publisher\" content=\"https:\/\/www.facebook.com\/tinychat\" \/>\n<meta property=\"article:modified_time\" content=\"2025-08-14T08:02:20+00:00\" \/>\n<meta property=\"og:image\" content=\"https:\/\/tinychat.com\/wp-content\/uploads\/2020\/04\/Tinychat-logo-1280x284-new-black.png\" \/>\n\t<meta property=\"og:image:width\" content=\"1280\" \/>\n\t<meta property=\"og:image:height\" content=\"284\" \/>\n\t<meta property=\"og:image:type\" content=\"image\/png\" \/>\n<meta name=\"twitter:card\" content=\"summary_large_image\" \/>\n<meta name=\"twitter:site\" content=\"@tinychat\" \/>\n<meta name=\"twitter:label1\" content=\"Tiempo de lectura\" \/>\n\t<meta name=\"twitter:data1\" content=\"6 minutos\" \/>\n<script type=\"application\/ld+json\" class=\"yoast-schema-graph\">{\"@context\":\"https:\\\/\\\/schema.org\",\"@graph\":[{\"@type\":\"WebPage\",\"@id\":\"https:\\\/\\\/tinychat.com\\\/random-cam-chat\\\/\",\"url\":\"https:\\\/\\\/tinychat.com\\\/random-cam-chat\\\/\",\"name\":\"Random Cam Chat with Video Chat on TinyChat.com\",\"isPartOf\":{\"@id\":\"https:\\\/\\\/tinychat.com\\\/#website\"},\"datePublished\":\"2025-08-14T07:43:14+00:00\",\"dateModified\":\"2025-08-14T08:02:20+00:00\",\"description\":\"Enjoying Random Cam Chat? Join over 50,000,000 strangers on TinyChat! Turn on your cam and start meeting new people, or find a match.\",\"breadcrumb\":{\"@id\":\"https:\\\/\\\/tinychat.com\\\/random-cam-chat\\\/#breadcrumb\"},\"inLanguage\":\"es\",\"potentialAction\":[{\"@type\":\"ReadAction\",\"target\":[\"https:\\\/\\\/tinychat.com\\\/random-cam-chat\\\/\"]}]},{\"@type\":\"BreadcrumbList\",\"@id\":\"https:\\\/\\\/tinychat.com\\\/random-cam-chat\\\/#breadcrumb\",\"itemListElement\":[{\"@type\":\"ListItem\",\"position\":1,\"name\":\"Home\",\"item\":\"https:\\\/\\\/tinychat.com\\\/\"},{\"@type\":\"ListItem\",\"position\":2,\"name\":\"Random Cam Chat\"}]},{\"@type\":\"WebSite\",\"@id\":\"https:\\\/\\\/tinychat.com\\\/#website\",\"url\":\"https:\\\/\\\/tinychat.com\\\/\",\"name\":\"TinyChat\",\"description\":\"Random Video Chat with Strangers\",\"publisher\":{\"@id\":\"https:\\\/\\\/tinychat.com\\\/#organization\"},\"alternateName\":\"TinyChat.com\",\"potentialAction\":[{\"@type\":\"SearchAction\",\"target\":{\"@type\":\"EntryPoint\",\"urlTemplate\":\"https:\\\/\\\/tinychat.com\\\/?s={search_term_string}\"},\"query-input\":{\"@type\":\"PropertyValueSpecification\",\"valueRequired\":true,\"valueName\":\"search_term_string\"}}],\"inLanguage\":\"es\"},{\"@type\":\"Organization\",\"@id\":\"https:\\\/\\\/tinychat.com\\\/#organization\",\"name\":\"TinyChat\",\"alternateName\":\"TinyChat.com\",\"url\":\"https:\\\/\\\/tinychat.com\\\/\",\"logo\":{\"@type\":\"ImageObject\",\"inLanguage\":\"es\",\"@id\":\"https:\\\/\\\/tinychat.com\\\/#\\\/schema\\\/logo\\\/image\\\/\",\"url\":\"https:\\\/\\\/tinychat.com\\\/wp-content\\\/uploads\\\/2023\\\/11\\\/Tinychat-icon-square.png\",\"contentUrl\":\"https:\\\/\\\/tinychat.com\\\/wp-content\\\/uploads\\\/2023\\\/11\\\/Tinychat-icon-square.png\",\"width\":284,\"height\":284,\"caption\":\"TinyChat\"},\"image\":{\"@id\":\"https:\\\/\\\/tinychat.com\\\/#\\\/schema\\\/logo\\\/image\\\/\"},\"sameAs\":[\"https:\\\/\\\/www.facebook.com\\\/tinychat\",\"https:\\\/\\\/x.com\\\/tinychat\"]}]}<\/script>\n<!-- \/ Yoast SEO plugin. -->","yoast_head_json":{"title":"Random Cam Chat con Video Chat en TinyChat.com","description":"\u00bfDisfrutas de Random Cam Chat? \u00a1\u00danete a m\u00e1s de 50.000.000 de desconocidos en TinyChat! Enciende tu c\u00e1mara y empieza a conocer gente nueva, o encuentra una pareja.","robots":{"index":"index","follow":"follow","max-snippet":"max-snippet:-1","max-image-preview":"max-image-preview:large","max-video-preview":"max-video-preview:-1"},"canonical":"https:\/\/tinychat.com\/es\/random-cam-chat\/","og_locale":"es_ES","og_type":"article","og_title":"Random Cam Chat with Video Chat on TinyChat.com","og_description":"Enjoying Random Cam Chat? Join over 50,000,000 strangers on TinyChat! Turn on your cam and start meeting new people, or find a match.","og_url":"https:\/\/tinychat.com\/es\/random-cam-chat\/","og_site_name":"TinyChat","article_publisher":"https:\/\/www.facebook.com\/tinychat","article_modified_time":"2025-08-14T08:02:20+00:00","og_image":[{"width":1280,"height":284,"url":"https:\/\/tinychat.com\/wp-content\/uploads\/2020\/04\/Tinychat-logo-1280x284-new-black.png","type":"image\/png"}],"twitter_card":"summary_large_image","twitter_site":"@tinychat","twitter_misc":{"Tiempo de lectura":"6 minutos"},"schema":{"@context":"https:\/\/schema.org","@graph":[{"@type":"WebPage","@id":"https:\/\/tinychat.com\/random-cam-chat\/","url":"https:\/\/tinychat.com\/random-cam-chat\/","name":"Random Cam Chat con Video Chat en TinyChat.com","isPartOf":{"@id":"https:\/\/tinychat.com\/#website"},"datePublished":"2025-08-14T07:43:14+00:00","dateModified":"2025-08-14T08:02:20+00:00","description":"\u00bfDisfrutas de Random Cam Chat? \u00a1\u00danete a m\u00e1s de 50.000.000 de desconocidos en TinyChat! Enciende tu c\u00e1mara y empieza a conocer gente nueva, o encuentra una pareja.","breadcrumb":{"@id":"https:\/\/tinychat.com\/random-cam-chat\/#breadcrumb"},"inLanguage":"es","potentialAction":[{"@type":"ReadAction","target":["https:\/\/tinychat.com\/random-cam-chat\/"]}]},{"@type":"BreadcrumbList","@id":"https:\/\/tinychat.com\/random-cam-chat\/#breadcrumb","itemListElement":[{"@type":"ListItem","position":1,"name":"Home","item":"https:\/\/tinychat.com\/"},{"@type":"ListItem","position":2,"name":"Random Cam Chat"}]},{"@type":"WebSite","@id":"https:\/\/tinychat.com\/#website","url":"https:\/\/tinychat.com\/","name":"TinyChat","description":"Videochat aleatorio con desconocidos","publisher":{"@id":"https:\/\/tinychat.com\/#organization"},"alternateName":"TinyChat.com","potentialAction":[{"@type":"SearchAction","target":{"@type":"EntryPoint","urlTemplate":"https:\/\/tinychat.com\/?s={search_term_string}"},"query-input":{"@type":"PropertyValueSpecification","valueRequired":true,"valueName":"search_term_string"}}],"inLanguage":"es"},{"@type":"Organization","@id":"https:\/\/tinychat.com\/#organization","name":"TinyChat","alternateName":"TinyChat.com","url":"https:\/\/tinychat.com\/","logo":{"@type":"ImageObject","inLanguage":"es","@id":"https:\/\/tinychat.com\/#\/schema\/logo\/image\/","url":"https:\/\/tinychat.com\/wp-content\/uploads\/2023\/11\/Tinychat-icon-square.png","contentUrl":"https:\/\/tinychat.com\/wp-content\/uploads\/2023\/11\/Tinychat-icon-square.png","width":284,"height":284,"caption":"TinyChat"},"image":{"@id":"https:\/\/tinychat.com\/#\/schema\/logo\/image\/"},"sameAs":["https:\/\/www.facebook.com\/tinychat","https:\/\/x.com\/tinychat"]}]}},"_links":{"self":[{"href":"https:\/\/tinychat.com\/es\/wp-json\/wp\/v2\/pages\/201","targetHints":{"allow":["GET"]}}],"collection":[{"href":"https:\/\/tinychat.com\/es\/wp-json\/wp\/v2\/pages"}],"about":[{"href":"https:\/\/tinychat.com\/es\/wp-json\/wp\/v2\/types\/page"}],"author":[{"embeddable":true,"href":"https:\/\/tinychat.com\/es\/wp-json\/wp\/v2\/users\/8"}],"replies":[{"embeddable":true,"href":"https:\/\/tinychat.com\/es\/wp-json\/wp\/v2\/comments?post=201"}],"version-history":[{"count":3,"href":"https:\/\/tinychat.com\/es\/wp-json\/wp\/v2\/pages\/201\/revisions"}],"predecessor-version":[{"id":13447,"href":"https:\/\/tinychat.com\/es\/wp-json\/wp\/v2\/pages\/201\/revisions\/13447"}],"wp:attachment":[{"href":"https:\/\/tinychat.com\/es\/wp-json\/wp\/v2\/media?parent=201"}],"curies":[{"name":"wp","href":"https:\/\/api.w.org\/{rel}","templated":true}]}}