{"id":3141,"date":"2025-09-29T11:04:53","date_gmt":"2025-09-29T09:04:53","guid":{"rendered":"https:\/\/tinychat.com\/?page_id=3141"},"modified":"2025-09-29T12:48:03","modified_gmt":"2025-09-29T10:48:03","slug":"paltalk","status":"publish","type":"page","link":"https:\/\/tinychat.com\/es\/paltalk\/","title":{"rendered":"Paltalk"},"content":{"rendered":"<p>El panorama de los chats en l\u00ednea ha visto aparecer y desaparecer muchas plataformas. Desde los primeros d\u00edas de las salas de chat de AOL hasta el auge de aplicaciones de chat de v\u00eddeo aleatorias como Omegle, la forma en que la gente se conecta en l\u00ednea ha evolucionado constantemente. Una de las plataformas m\u00e1s veteranas que ha sabido adaptarse y seguir siendo relevante es Paltalk, un nombre que existe desde hace d\u00e9cadas y que sigue atrayendo a millones de usuarios.<\/p>\n<p>A diferencia de las aplicaciones minimalistas de chat de v\u00eddeo aleatorio, Paltalk es un h\u00edbrido de salas de chat, v\u00eddeo e interacciones de voz, que ofrece una experiencia impulsada por la comunidad que es a la vez nost\u00e1lgica y moderna. Para los usuarios que valoran los grupos estructurados junto a las conversaciones uno a uno, es una plataforma \u00fanica que sigue destacando.<\/p>\n<p>Este art\u00edculo analiza qu\u00e9 es el Paltalk, sus caracter\u00edsticas, c\u00f3mo funciona, la experiencia del usuario, comparaciones, consideraciones de seguridad y consejos para sacarle el m\u00e1ximo partido.<\/p>\n<h2>\u00bfQu\u00e9 es el Paltalk?<\/h2>\n<p>Paltalk es un servicio de chat en l\u00ednea fundado en 1998, lo que lo convierte en una de las primeras plataformas centradas en el chat de v\u00eddeo y voz en grupo. Aunque comparte similitudes con otras aplicaciones de videochat, su estructura es m\u00e1s parecida a la de las salas de chat tradicionales y las comunidades online.<\/p>\n<p>En su n\u00facleo, Paltalk proporciona:<\/p>\n<ul>\n<li>Videochats sobre temas espec\u00edficos.<\/li>\n<li>Charlas privadas individuales.<\/li>\n<li>Llamadas de voz y llamadas de grupo.<\/li>\n<li>Funciones de perfil y amigos para mantener las conexiones.<\/li>\n<\/ul>\n<p>Con millones de descargas en iOS, Android y escritorio, Paltalk se ha labrado la reputaci\u00f3n de ser uno de los ecosistemas de chat en l\u00ednea m\u00e1s longevos.<\/p>\n<h2>Caracter\u00edsticas principales de Paltalk<\/h2>\n<p>Paltalk va m\u00e1s all\u00e1 de la aleatoriedad de las aplicaciones del estilo de Omegle al ofrecer un completo conjunto de herramientas sociales y comunitarias.<\/p>\n<h3>1. Videochats p\u00fablicos<\/h3>\n<ul>\n<li>Salas de chat tem\u00e1ticas donde los usuarios se re\u00fanen en torno a temas.<\/li>\n<li>Las categor\u00edas m\u00e1s populares son m\u00fasica, estilo de vida, citas y aprendizaje de idiomas.<\/li>\n<li>Las salas pueden albergar a decenas o incluso cientos de personas a la vez.<\/li>\n<\/ul>\n<h3>2. Chat de v\u00eddeo y voz uno a uno<\/h3>\n<ul>\n<li>Conversaciones privadas fuera de las salas de grupo.<\/li>\n<li>V\u00eddeo, voz o texto, seg\u00fan las preferencias del usuario.<\/li>\n<\/ul>\n<h3>3. Soporte multiplataforma<\/h3>\n<ul>\n<li>Funciona en ordenadores de sobremesa (Windows\/Mac) y m\u00f3viles (iOS\/Android).<\/li>\n<li>Las conversaciones se sincronizan entre dispositivos.<\/li>\n<\/ul>\n<h3>4. Perfiles de usuario y amigos<\/h3>\n<ul>\n<li>Cree un perfil con detalles opcionales.<\/li>\n<li>A\u00f1ade amigos para mantener el contacto.<\/li>\n<li>Enviar mensajes privados fuera de las salas p\u00fablicas.<\/li>\n<\/ul>\n<h3>5. Pegatinas y regalos virtuales<\/h3>\n<ul>\n<li>Econom\u00eda de regalos integrada.<\/li>\n<li>Env\u00eda divertidos adhesivos o regalos digitales a otras personas en las habitaciones.<\/li>\n<li>Ayuda a mantener la plataforma y a recompensar a los usuarios.<\/li>\n<\/ul>\n<h3>6. Herramientas de moderaci\u00f3n comunitaria<\/h3>\n<ul>\n<li>Los administradores de sala controlan qui\u00e9n puede entrar y hablar.<\/li>\n<li>Las funciones de moderaci\u00f3n ayudan a mantener un entorno seguro.<\/li>\n<\/ul>\n<h3>7. Opciones gratuitas y premium<\/h3>\n<ul>\n<li>Versi\u00f3n gratuita disponible con las funciones b\u00e1sicas.<\/li>\n<li>Las actualizaciones Premium eliminan los anuncios y desbloquean funciones avanzadas como el v\u00eddeo HD.<\/li>\n<\/ul>\n<h2>C\u00f3mo utilizar Paltalk<\/h2>\n<p>Empezar a utilizar Paltalk requiere un poco m\u00e1s de configuraci\u00f3n que las minimalistas aplicaciones de chat aleatorias.<\/p>\n<h3>Paso 1: Descargar la aplicaci\u00f3n o el cliente de escritorio<\/h3>\n<ul>\n<li>Disponible en Google Play, App Store y software de escritorio.<\/li>\n<\/ul>\n<h3>Paso 2: Crear una cuenta<\/h3>\n<ul>\n<li>Es necesario registrarse con el correo electr\u00f3nico o la red social.<\/li>\n<li>Crea un nombre de usuario y un perfil b\u00e1sico.<\/li>\n<\/ul>\n<h3>Paso 3: Explorar las habitaciones<\/h3>\n<ul>\n<li>Navegue por categor\u00edas o busque temas espec\u00edficos.<\/li>\n<li>\u00danete a cualquier sala p\u00fablica al instante.<\/li>\n<\/ul>\n<h3>Paso 4: Empezar a chatear<\/h3>\n<ul>\n<li>Activa el v\u00eddeo\/voz si quieres participar.<\/li>\n<li>Utilice el chat de texto si prefiere no aparecer en c\u00e1mara.<\/li>\n<\/ul>\n<h3>Paso 5: A\u00f1adir amigos y chat privado<\/h3>\n<ul>\n<li>Contin\u00fae las conversaciones en privado.<\/li>\n<li>Cree una lista de amigos para mantener contactos.<\/li>\n<\/ul>\n<h2>Experiencia de usuario en Paltalk<\/h2>\n<p>Paltalk ofrece una experiencia centrada en la comunidad, diferente a la de otras aplicaciones de chat.<\/p>\n<h3>Lo que les gusta a los usuarios<\/h3>\n<ul>\n<li>Gran variedad de salas de chat con comunidades activas.<\/li>\n<li>Mezcla de opciones de texto, voz y v\u00eddeo.<\/li>\n<li>Capacidad para hacer amigos y mantener relaciones.<\/li>\n<li>Sensaci\u00f3n nost\u00e1lgica de sala de chat con herramientas modernas.<\/li>\n<li>Disponible en todos los dispositivos.<\/li>\n<\/ul>\n<h3>Donde los usuarios ven margen de mejora<\/h3>\n<ul>\n<li>Requiere registro (no an\u00f3nimo como Omegle).<\/li>\n<li>Gran presencia de anuncios en la versi\u00f3n gratuita.<\/li>\n<li>La interfaz puede parecer anticuada en comparaci\u00f3n con las aplicaciones m\u00e1s recientes.<\/li>\n<li>Menor exposici\u00f3n global que plataformas como Bigo Live.<\/li>\n<\/ul>\n<p>En general, los usuarios a los que les gustan los grupos estructurados y la interacci\u00f3n basada en la comunidad tienden a apreciar m\u00e1s Paltalk que los que quieren pura aleatoriedad.<\/p>\n<h2>Paltalk frente a otras plataformas<\/h2>\n<p>He aqu\u00ed la comparaci\u00f3n del Paltalk con otras plataformas de chat:<\/p>\n<table>\n<thead>\n<tr>\n<th>Caracter\u00edstica<\/th>\n<th>Paltalk<\/th>\n<th>Omegle<\/th>\n<th>Chatroulette<\/th>\n<th>ChatHub<\/th>\n<th>Wireclub<\/th>\n<th>Tinychat<\/th>\n<\/tr>\n<\/thead>\n<tbody>\n<tr>\n<td>Salas de chat p\u00fablicas<\/td>\n<td>\u2705 S\u00ed<\/td>\n<td>\u274c No<\/td>\n<td>\u274c No<\/td>\n<td>\u274c No<\/td>\n<td>\u2705 S\u00ed<\/td>\n<td>\u2705 S\u00ed<\/td>\n<\/tr>\n<tr>\n<td>Videochat individual<\/td>\n<td>\u2705 S\u00ed<\/td>\n<td>\u2705 S\u00ed<\/td>\n<td>\u2705 S\u00ed<\/td>\n<td>\u2705 S\u00ed<\/td>\n<td>\u2705 S\u00ed<\/td>\n<td>\u2705 S\u00ed<\/td>\n<\/tr>\n<tr>\n<td>Chat de voz<\/td>\n<td>\u2705 S\u00ed<\/td>\n<td>\u274c No<\/td>\n<td>\u274c No<\/td>\n<td>\u274c No<\/td>\n<td>\u2705 Limitada<\/td>\n<td>\u2705 Limitada<\/td>\n<\/tr>\n<tr>\n<td>Perfiles y amigos<\/td>\n<td>\u2705 S\u00ed<\/td>\n<td>\u274c No<\/td>\n<td>\u274c No<\/td>\n<td>\u2705 S\u00ed<\/td>\n<td>\u2705 S\u00ed<\/td>\n<td>\u2705 S\u00ed<\/td>\n<\/tr>\n<tr>\n<td>Econom\u00eda del regalo<\/td>\n<td>\u2705 S\u00ed<\/td>\n<td>\u274c No<\/td>\n<td>\u274c No<\/td>\n<td>\u274c No<\/td>\n<td>\u274c No<\/td>\n<td>\u274c No<\/td>\n<\/tr>\n<tr>\n<td>Compatible con m\u00f3viles<\/td>\n<td>\u2705 S\u00ed<\/td>\n<td>\u2705 S\u00ed<\/td>\n<td>\u2705 S\u00ed<\/td>\n<td>\u2705 S\u00ed<\/td>\n<td>\u274c Limitada<\/td>\n<td>\u2705 S\u00ed<\/td>\n<\/tr>\n<tr>\n<td>Anonimato<\/td>\n<td>\u274c Limitada<\/td>\n<td>\u2705 Fuerte<\/td>\n<td>\u2705 Fuerte<\/td>\n<td>\u2705 Moderado<\/td>\n<td>\u2705 Moderado<\/td>\n<td>\u2705 Moderado<\/td>\n<\/tr>\n<\/tbody>\n<\/table>\n<p>Resumen: Paltalk es lo m\u00e1s parecido a Wireclub o Tinychat, ya que ofrece salas de chat comunitarias estructuradas en lugar de conexiones puramente aleatorias.<\/p>\n<h2>\u00bfEs seguro el Paltalk?<\/h2>\n<p>Paltalk hace hincapi\u00e9 en la moderaci\u00f3n pero, como todas las plataformas con desconocidos, requiere precauci\u00f3n.<\/p>\n<h3>Funciones de seguridad integradas<\/h3>\n<ul>\n<li>Moderadores y administradores en salas p\u00fablicas.<\/li>\n<li>Herramientas de notificaci\u00f3n y bloqueo.<\/li>\n<li>Las opciones premium reducen el spam.<\/li>\n<\/ul>\n<h3>Consejos de seguridad<\/h3>\n<ul>\n<li>No compartas datos personales con desconocidos.<\/li>\n<li>Para una experiencia m\u00e1s segura, lim\u00edtate a salas bien moderadas.<\/li>\n<li>Tenga cuidado con los menores: los padres deben supervisarlos.<\/li>\n<li>Informar r\u00e1pidamente de los comportamientos inadecuados.<\/li>\n<\/ul>\n<h2>Consejos para sacar el m\u00e1ximo partido al Paltalk<\/h2>\n<ul>\n<li>Explora las categor\u00edas: encontrar\u00e1s comunidades para casi todos los intereses.<\/li>\n<li>Prueba el chat de voz: no todas las plataformas lo ofrecen.<\/li>\n<li>Crea una lista de amigos-Paltalk funciona mejor cuando te mantienes conectado.<\/li>\n<li>Utiliza el v\u00eddeo en salas activas: destacar\u00e1s y captar\u00e1s m\u00e1s la atenci\u00f3n.<\/li>\n<li>Experimenta con regalos y pegatinas: formas divertidas de interactuar con los dem\u00e1s.<\/li>\n<li>Utilice la aplicaci\u00f3n m\u00f3vil para mayor comodidad.<\/li>\n<\/ul>\n<h2>Problemas comunes y soluciones<\/h2>\n<h3>Problema: La aplicaci\u00f3n se bloquea o no se carga<\/h3>\n<ul>\n<li>Actualiza a la \u00faltima versi\u00f3n.<\/li>\n<li>Vuelva a instalarlo si es necesario.<\/li>\n<\/ul>\n<h3>Problema: El v\u00eddeo\/audio no funciona<\/h3>\n<ul>\n<li>Comprueba los permisos en la configuraci\u00f3n de la aplicaci\u00f3n.<\/li>\n<li>Reinicia el dispositivo.<\/li>\n<\/ul>\n<h3>Problema: demasiados anuncios<\/h3>\n<ul>\n<li>Actualiza a Premium para disfrutar de una experiencia sin anuncios.<\/li>\n<\/ul>\n<h3>Problema: Spam o comportamiento inadecuado<\/h3>\n<ul>\n<li>Lim\u00edtate a las salas moderadas.<\/li>\n<li>Bloquear\/denunciar a los infractores.<\/li>\n<\/ul>\n<h2>Por qu\u00e9 la gente elige Paltalk<\/h2>\n<p>Los usuarios recurren al Paltalk porque ofrece:<\/p>\n<ul>\n<li>Salas impulsadas por la comunidad en lugar de puro azar.<\/li>\n<li>Chat de voz adem\u00e1s de texto y v\u00eddeo.<\/li>\n<li>Longevidad: m\u00e1s de 20 a\u00f1os de funcionamiento continuo.<\/li>\n<li>Acceso multiplataforma en m\u00f3viles y ordenadores de sobremesa.<\/li>\n<li>Formas de entablar amistad y mantenerse en contacto.<\/li>\n<\/ul>\n<p>Es ideal para quienes a\u00f1oran la \u00e9poca de los chats cl\u00e1sicos pero quieren herramientas modernas.<\/p>\n<h2>Reflexiones finales: \u00bfMerece la pena utilizar el Paltalk?<\/h2>\n<p>Si buscas una plataforma que ofrezca algo m\u00e1s que chats aleatorios fugaces, Paltalk es una buena elecci\u00f3n. Aunque carece del anonimato de Omegle o del enfoque de entretenimiento de Bigo Live, lo compensa con comunidades estructuradas, opciones de chat vers\u00e1tiles y una reputaci\u00f3n de larga data.<\/p>\n<p>Tanto si quieres:<\/p>\n<ul>\n<li>Participe en animados debates de grupo.<\/li>\n<li>Explore temas especializados en salas moderadas.<\/li>\n<li>Chatea cara a cara con gente nueva.<\/li>\n<li>O disfruta de la nostalgia de las salas de chat cl\u00e1sicas...<\/li>\n<\/ul>\n<p>Paltalk ofrece todo esto.<\/p>\n<p>En resumen: Paltalk es una plataforma heredada que combina el esp\u00edritu de las salas de chat de la vieja escuela con herramientas modernas de v\u00eddeo, voz y sociales. Si quieres comunidad junto a encuentros aleatorios, es una de las mejores opciones disponibles.<\/p>\n<p>\u00bfListo para probar? Descarga la aplicaci\u00f3n o el cliente de escritorio, crea una cuenta gratuita y sum\u00e9rgete en un mundo de salas de chat en directo y conexiones globales.<\/p>","protected":false},"excerpt":{"rendered":"<p>The online chat landscape has seen many platforms come and go. From the early days of AOL chatrooms to the rise of random video chat apps like Omegle, the way people connect online has constantly evolved. Among the longest-standing platforms that has managed to adapt and remain relevant is Paltalk\u2014a name that has been around [&hellip;]<\/p>\n","protected":false},"author":6,"featured_media":0,"parent":0,"menu_order":0,"comment_status":"closed","ping_status":"closed","template":"","meta":{"footnotes":""},"class_list":["post-3141","page","type-page","status-publish","hentry"],"yoast_head":"<!-- This site is optimized with the Yoast SEO plugin v27.6 - https:\/\/yoast.com\/product\/yoast-seo-wordpress\/ -->\n<title>Paltalk - Video Chat with Strangers &amp; Friends - TinyChat.com<\/title>\n<meta name=\"description\" content=\"Enjoying Paltalk? Join over 50,000,000 strangers on TinyChat! Turn on your cam and start meeting new people, or find a match.\" \/>\n<meta name=\"robots\" content=\"index, follow, max-snippet:-1, max-image-preview:large, max-video-preview:-1\" \/>\n<link rel=\"canonical\" href=\"https:\/\/tinychat.com\/es\/paltalk\/\" \/>\n<meta property=\"og:locale\" content=\"es_ES\" \/>\n<meta property=\"og:type\" content=\"article\" \/>\n<meta property=\"og:title\" content=\"Paltalk - Video Chat with Strangers &amp; Friends - TinyChat.com\" \/>\n<meta property=\"og:description\" content=\"Enjoying Paltalk? Join over 50,000,000 strangers on TinyChat! Turn on your cam and start meeting new people, or find a match.\" \/>\n<meta property=\"og:url\" content=\"https:\/\/tinychat.com\/es\/paltalk\/\" \/>\n<meta property=\"og:site_name\" content=\"TinyChat\" \/>\n<meta property=\"article:publisher\" content=\"https:\/\/www.facebook.com\/tinychat\" \/>\n<meta property=\"article:modified_time\" content=\"2025-09-29T10:48:03+00:00\" \/>\n<meta property=\"og:image\" content=\"https:\/\/tinychat.com\/wp-content\/uploads\/2020\/04\/Tinychat-logo-1280x284-new-black.png\" \/>\n\t<meta property=\"og:image:width\" content=\"1280\" \/>\n\t<meta property=\"og:image:height\" content=\"284\" \/>\n\t<meta property=\"og:image:type\" content=\"image\/png\" \/>\n<meta name=\"twitter:card\" content=\"summary_large_image\" \/>\n<meta name=\"twitter:site\" content=\"@tinychat\" \/>\n<meta name=\"twitter:label1\" content=\"Tiempo de lectura\" \/>\n\t<meta name=\"twitter:data1\" content=\"5 minutos\" \/>\n<script type=\"application\/ld+json\" class=\"yoast-schema-graph\">{\"@context\":\"https:\\\/\\\/schema.org\",\"@graph\":[{\"@type\":\"WebPage\",\"@id\":\"https:\\\/\\\/tinychat.com\\\/paltalk\\\/\",\"url\":\"https:\\\/\\\/tinychat.com\\\/paltalk\\\/\",\"name\":\"Paltalk - Video Chat with Strangers & Friends - TinyChat.com\",\"isPartOf\":{\"@id\":\"https:\\\/\\\/tinychat.com\\\/#website\"},\"datePublished\":\"2025-09-29T09:04:53+00:00\",\"dateModified\":\"2025-09-29T10:48:03+00:00\",\"description\":\"Enjoying Paltalk? Join over 50,000,000 strangers on TinyChat! Turn on your cam and start meeting new people, or find a match.\",\"breadcrumb\":{\"@id\":\"https:\\\/\\\/tinychat.com\\\/paltalk\\\/#breadcrumb\"},\"inLanguage\":\"es\",\"potentialAction\":[{\"@type\":\"ReadAction\",\"target\":[\"https:\\\/\\\/tinychat.com\\\/paltalk\\\/\"]}]},{\"@type\":\"BreadcrumbList\",\"@id\":\"https:\\\/\\\/tinychat.com\\\/paltalk\\\/#breadcrumb\",\"itemListElement\":[{\"@type\":\"ListItem\",\"position\":1,\"name\":\"Home\",\"item\":\"https:\\\/\\\/tinychat.com\\\/\"},{\"@type\":\"ListItem\",\"position\":2,\"name\":\"Paltalk\"}]},{\"@type\":\"WebSite\",\"@id\":\"https:\\\/\\\/tinychat.com\\\/#website\",\"url\":\"https:\\\/\\\/tinychat.com\\\/\",\"name\":\"TinyChat\",\"description\":\"Random Video Chat with Strangers\",\"publisher\":{\"@id\":\"https:\\\/\\\/tinychat.com\\\/#organization\"},\"alternateName\":\"TinyChat.com\",\"potentialAction\":[{\"@type\":\"SearchAction\",\"target\":{\"@type\":\"EntryPoint\",\"urlTemplate\":\"https:\\\/\\\/tinychat.com\\\/?s={search_term_string}\"},\"query-input\":{\"@type\":\"PropertyValueSpecification\",\"valueRequired\":true,\"valueName\":\"search_term_string\"}}],\"inLanguage\":\"es\"},{\"@type\":\"Organization\",\"@id\":\"https:\\\/\\\/tinychat.com\\\/#organization\",\"name\":\"TinyChat\",\"alternateName\":\"TinyChat.com\",\"url\":\"https:\\\/\\\/tinychat.com\\\/\",\"logo\":{\"@type\":\"ImageObject\",\"inLanguage\":\"es\",\"@id\":\"https:\\\/\\\/tinychat.com\\\/#\\\/schema\\\/logo\\\/image\\\/\",\"url\":\"https:\\\/\\\/tinychat.com\\\/wp-content\\\/uploads\\\/2023\\\/11\\\/Tinychat-icon-square.png\",\"contentUrl\":\"https:\\\/\\\/tinychat.com\\\/wp-content\\\/uploads\\\/2023\\\/11\\\/Tinychat-icon-square.png\",\"width\":284,\"height\":284,\"caption\":\"TinyChat\"},\"image\":{\"@id\":\"https:\\\/\\\/tinychat.com\\\/#\\\/schema\\\/logo\\\/image\\\/\"},\"sameAs\":[\"https:\\\/\\\/www.facebook.com\\\/tinychat\",\"https:\\\/\\\/x.com\\\/tinychat\"]}]}<\/script>\n<!-- \/ Yoast SEO plugin. -->","yoast_head_json":{"title":"Paltalk - Videochat con desconocidos y amigos - TinyChat.com","description":"\u00bfTe gusta Paltalk? \u00a1\u00danete a m\u00e1s de 50.000.000 de desconocidos en TinyChat! Enciende tu c\u00e1mara y empieza a conocer gente nueva, o encuentra pareja.","robots":{"index":"index","follow":"follow","max-snippet":"max-snippet:-1","max-image-preview":"max-image-preview:large","max-video-preview":"max-video-preview:-1"},"canonical":"https:\/\/tinychat.com\/es\/paltalk\/","og_locale":"es_ES","og_type":"article","og_title":"Paltalk - Video Chat with Strangers & Friends - TinyChat.com","og_description":"Enjoying Paltalk? Join over 50,000,000 strangers on TinyChat! Turn on your cam and start meeting new people, or find a match.","og_url":"https:\/\/tinychat.com\/es\/paltalk\/","og_site_name":"TinyChat","article_publisher":"https:\/\/www.facebook.com\/tinychat","article_modified_time":"2025-09-29T10:48:03+00:00","og_image":[{"width":1280,"height":284,"url":"https:\/\/tinychat.com\/wp-content\/uploads\/2020\/04\/Tinychat-logo-1280x284-new-black.png","type":"image\/png"}],"twitter_card":"summary_large_image","twitter_site":"@tinychat","twitter_misc":{"Tiempo de lectura":"5 minutos"},"schema":{"@context":"https:\/\/schema.org","@graph":[{"@type":"WebPage","@id":"https:\/\/tinychat.com\/paltalk\/","url":"https:\/\/tinychat.com\/paltalk\/","name":"Paltalk - Videochat con desconocidos y amigos - TinyChat.com","isPartOf":{"@id":"https:\/\/tinychat.com\/#website"},"datePublished":"2025-09-29T09:04:53+00:00","dateModified":"2025-09-29T10:48:03+00:00","description":"\u00bfTe gusta Paltalk? \u00a1\u00danete a m\u00e1s de 50.000.000 de desconocidos en TinyChat! Enciende tu c\u00e1mara y empieza a conocer gente nueva, o encuentra pareja.","breadcrumb":{"@id":"https:\/\/tinychat.com\/paltalk\/#breadcrumb"},"inLanguage":"es","potentialAction":[{"@type":"ReadAction","target":["https:\/\/tinychat.com\/paltalk\/"]}]},{"@type":"BreadcrumbList","@id":"https:\/\/tinychat.com\/paltalk\/#breadcrumb","itemListElement":[{"@type":"ListItem","position":1,"name":"Home","item":"https:\/\/tinychat.com\/"},{"@type":"ListItem","position":2,"name":"Paltalk"}]},{"@type":"WebSite","@id":"https:\/\/tinychat.com\/#website","url":"https:\/\/tinychat.com\/","name":"TinyChat","description":"Videochat aleatorio con desconocidos","publisher":{"@id":"https:\/\/tinychat.com\/#organization"},"alternateName":"TinyChat.com","potentialAction":[{"@type":"SearchAction","target":{"@type":"EntryPoint","urlTemplate":"https:\/\/tinychat.com\/?s={search_term_string}"},"query-input":{"@type":"PropertyValueSpecification","valueRequired":true,"valueName":"search_term_string"}}],"inLanguage":"es"},{"@type":"Organization","@id":"https:\/\/tinychat.com\/#organization","name":"TinyChat","alternateName":"TinyChat.com","url":"https:\/\/tinychat.com\/","logo":{"@type":"ImageObject","inLanguage":"es","@id":"https:\/\/tinychat.com\/#\/schema\/logo\/image\/","url":"https:\/\/tinychat.com\/wp-content\/uploads\/2023\/11\/Tinychat-icon-square.png","contentUrl":"https:\/\/tinychat.com\/wp-content\/uploads\/2023\/11\/Tinychat-icon-square.png","width":284,"height":284,"caption":"TinyChat"},"image":{"@id":"https:\/\/tinychat.com\/#\/schema\/logo\/image\/"},"sameAs":["https:\/\/www.facebook.com\/tinychat","https:\/\/x.com\/tinychat"]}]}},"_links":{"self":[{"href":"https:\/\/tinychat.com\/es\/wp-json\/wp\/v2\/pages\/3141","targetHints":{"allow":["GET"]}}],"collection":[{"href":"https:\/\/tinychat.com\/es\/wp-json\/wp\/v2\/pages"}],"about":[{"href":"https:\/\/tinychat.com\/es\/wp-json\/wp\/v2\/types\/page"}],"author":[{"embeddable":true,"href":"https:\/\/tinychat.com\/es\/wp-json\/wp\/v2\/users\/6"}],"replies":[{"embeddable":true,"href":"https:\/\/tinychat.com\/es\/wp-json\/wp\/v2\/comments?post=3141"}],"version-history":[{"count":3,"href":"https:\/\/tinychat.com\/es\/wp-json\/wp\/v2\/pages\/3141\/revisions"}],"predecessor-version":[{"id":13546,"href":"https:\/\/tinychat.com\/es\/wp-json\/wp\/v2\/pages\/3141\/revisions\/13546"}],"wp:attachment":[{"href":"https:\/\/tinychat.com\/es\/wp-json\/wp\/v2\/media?parent=3141"}],"curies":[{"name":"wp","href":"https:\/\/api.w.org\/{rel}","templated":true}]}}