{"id":3158,"date":"2025-05-09T21:11:08","date_gmt":"2025-05-09T19:11:08","guid":{"rendered":"https:\/\/tinychat.com\/?page_id=3158"},"modified":"2025-06-28T15:55:44","modified_gmt":"2025-06-28T13:55:44","slug":"strangercam","status":"publish","type":"page","link":"https:\/\/tinychat.com\/es\/strangercam\/","title":{"rendered":"StrangerCam"},"content":{"rendered":"<p>StrangerCam surge como una plataforma atractiva para quienes buscan chats de v\u00eddeo instant\u00e1neos y an\u00f3nimos con personas de todo el mundo. A primera vista, puede parecer un sitio de videochat cualquiera, pero al adentrarse en el espacio virtual de StrangerCam se descubre una experiencia f\u00e1cil de usar y cuidadosamente dise\u00f1ada que combina sencillez, emoci\u00f3n y privacidad.<\/p>\n<p>StrangerCam se dirige tanto al primerizo curioso como al charlat\u00e1n experimentado, ofreciendo un entorno digital en el que las conversaciones espont\u00e1neas y las interacciones humanas genuinas se desarrollan con un solo clic. StrangerCam convierte los encuentros casuales en momentos memorables, ya sea para pasar el rato, compartir unas risas o aprender sobre otras culturas.<\/p>\n<p>Con un modelo en el que no es necesario registrarse, StrangerCam ofrece una pol\u00edtica de puertas abiertas al mundo del videochat aleatorio, haciendo hincapi\u00e9 en la seguridad del usuario, el anonimato y una interfaz limpia. La plataforma trata tanto de la conexi\u00f3n como de la comodidad, permitiendo a los usuarios chatear libremente sin la carga de compromisos o de revelar informaci\u00f3n personal.<\/p>\n<h2>Caracter\u00edsticas principales de StrangerCam<\/h2>\n<p>El atractivo de StrangerCam reside no s\u00f3lo en lo que promete -conversaciones de v\u00eddeo en tiempo real con desconocidos-, sino en c\u00f3mo ofrece esta experiencia a trav\u00e9s de funciones intuitivas y bien pensadas. Aqu\u00ed tienes un desglose de lo que hace que StrangerCam destaque en un mercado abarrotado de plataformas de chat.<\/p>\n<h3>Random Video Chat con Desconocidos<\/h3>\n<p>El coraz\u00f3n de StrangerCam es su funcionalidad principal: videochats instant\u00e1neos aleatorios. Con s\u00f3lo pulsar un bot\u00f3n, los usuarios se emparejan con alguien de cualquier parte del mundo. Estas interacciones son ef\u00edmeras, sin gui\u00f3n y refrescantemente espont\u00e1neas, como entablar conversaci\u00f3n con un desconocido en un caf\u00e9, pero con el alcance global de Internet.<\/p>\n<p>Cada sesi\u00f3n encierra el potencial de la sorpresa, haciendo de cada clic un salto a lo desconocido. Es el equivalente digital de una aventura social, y est\u00e1 disponible 24\/7.<\/p>\n<h3>Anonimato y protecci\u00f3n de la intimidad<\/h3>\n<p>StrangerCam entiende que la privacidad no es negociable en el \u00e1mbito del videochat. Los usuarios no tienen que registrarse, crear perfiles ni proporcionar informaci\u00f3n personal. Usted permanece 100% an\u00f3nimo a menos que decida revelar algo durante su interacci\u00f3n.<\/p>\n<p>Adem\u00e1s, StrangerCam no almacena tus conversaciones ni tus v\u00eddeos. Cada interacci\u00f3n es en directo y ef\u00edmera, lo que te permite no dejar ninguna huella digital. Este compromiso con la discreci\u00f3n del usuario es un valor fundamental de la plataforma.<\/p>\n<h3>Sin registro ni descargas<\/h3>\n<p>La accesibilidad es clave, y StrangerCam elimina tantas barreras de entrada como sea posible. La plataforma se basa en el navegador, lo que significa que puedes empezar a chatear directamente desde tu tel\u00e9fono, tableta u ordenador de sobremesa sin descargar nada.<\/p>\n<p>Este modelo sin necesidad de registrarse ni instalar nada garantiza que cualquiera, independientemente de sus conocimientos t\u00e9cnicos, pueda participar con facilidad. Es tan sencillo como abrir una p\u00e1gina web, hacer clic en \"Inicio\" y conectarse.<\/p>\n<h3>Filtro de g\u00e9nero (funci\u00f3n Premium)<\/h3>\n<p>Para los usuarios que buscan experiencias m\u00e1s personalizadas, StrangerCam ofrece un filtro de g\u00e9nero que te permite elegir el sexo de las personas con las que te gustar\u00eda emparejarte. Aunque esta funci\u00f3n est\u00e1 bloqueada tras una actualizaci\u00f3n premium, ofrece a los usuarios de pago m\u00e1s control sobre sus interacciones.<\/p>\n<p>Esto puede ser especialmente \u00fatil para quienes tienen intenciones concretas, ya sean rom\u00e1nticas, amistosas o meramente conversacionales.<\/p>\n<h3>Reconexi\u00f3n instant\u00e1nea<\/h3>\n<p>StrangerCam ofrece una funci\u00f3n de \"Reconexi\u00f3n\" que da a los usuarios la oportunidad de reincorporarse a un chat del que se hayan desconectado demasiado pronto. Esto es especialmente \u00fatil si una conversaci\u00f3n importante se ha interrumpido por un contratiempo t\u00e9cnico o un clic accidental.<\/p>\n<p>En un mundo digital donde los momentos pueden ser fugaces, StrangerCam a\u00f1ade un toque de permanencia a las conexiones fortuitas.<\/p>\n<h3>Opciones de idioma y ubicaci\u00f3n<\/h3>\n<p>Para ayudar a salvar las diferencias culturales o encontrar usuarios m\u00e1s cercanos, StrangerCam ofrece filtros basados en la ubicaci\u00f3n y opciones de idioma. Estas herramientas ayudan a los usuarios a conectar con otras personas que hablan el mismo idioma o viven en zonas horarias similares, lo que facilita conversaciones m\u00e1s fluidas y cercanas.<\/p>\n<h3>Herramientas de moderaci\u00f3n de usuarios y elaboraci\u00f3n de informes<\/h3>\n<p>La seguridad es un elemento fundamental de la experiencia StrangerCam. La plataforma mantiene un estricto c\u00f3digo de conducta y permite a los usuarios denunciar comportamientos inapropiados de forma r\u00e1pida y sencilla. Los usuarios infractores pueden ser marcados, silenciados o vetados en funci\u00f3n de la gravedad de su comportamiento.<\/p>\n<p>Los moderadores revisan los informes de los usuarios y el sistema se mejora continuamente a partir de sus comentarios. El resultado es una comunidad que valora el respeto, la tolerancia y la seguridad.<\/p>\n<h2>C\u00f3mo utilizar StrangerCam<\/h2>\n<p>Empezar a utilizar StrangerCam est\u00e1 dise\u00f1ado para ser lo m\u00e1s f\u00e1cil e intuitivo posible. Tanto si es la primera vez que te conectas como si lo haces a diario, el proceso es r\u00e1pido y sin fricciones. Aqu\u00ed tienes una gu\u00eda r\u00e1pida para utilizar la plataforma con eficacia.<\/p>\n<h3>1. Visite el sitio web<\/h3>\n<p>Ir a <a href=\"https:\/\/strangercam.com\">StrangerCam<\/a> con cualquier navegador moderno. No es necesario registrarse ni iniciar sesi\u00f3n: basta con acceder a la p\u00e1gina de inicio y ya est\u00e1.<\/p>\n<h3>2. Activar la c\u00e1mara y el micr\u00f3fono<\/h3>\n<p>Cuando se te solicite, permite que StrangerCam acceda a tu webcam y micr\u00f3fono. Estos son esenciales para la experiencia del videochat. Aseg\u00farate de estar en un lugar bien iluminado y tranquilo para obtener los mejores resultados.<\/p>\n<h3>3. Haga clic en \"Inicio\".<\/h3>\n<p>Haz clic en el bot\u00f3n \"Empezar\" para comenzar tu viaje. Ser\u00e1s emparejado al instante con un desconocido al azar. A partir de ah\u00ed, todo depende de la qu\u00edmica de la conversaci\u00f3n.<\/p>\n<h3>4. Utilice \"Siguiente\" para saltar<\/h3>\n<p>\u00bfNo tienes pareja? Haz clic en \"Siguiente\" para emparejarte con otro usuario. StrangerCam se basa en la idea de la rotaci\u00f3n r\u00e1pida, d\u00e1ndote la libertad de seguir buscando hasta que encuentres a alguien interesante.<\/p>\n<h3>5. Explorar filtros (Premium)<\/h3>\n<p>Si te has pasado a la versi\u00f3n Premium, puedes establecer preferencias de sexo y ubicaci\u00f3n para limitar tus posibles compa\u00f1eros de chat. Esta funci\u00f3n a\u00f1ade un nivel de personalizaci\u00f3n a tu experiencia.<\/p>\n<h3>6. Informar o bloquear seg\u00fan sea necesario<\/h3>\n<p>Si encuentras contenidos o comportamientos inapropiados, haz clic en los botones de denunciar o bloquear. De este modo se alerta al equipo de moderaci\u00f3n y se garantiza que la comunidad siga siendo segura para todos.<\/p>\n<h2>Seguridad y privacidad de los usuarios de StrangerCam<\/h2>\n<p>StrangerCam reconoce que la comodidad y la confianza son los cimientos de una pr\u00f3spera comunidad en l\u00ednea. Por eso ha implementado varias capas de protecci\u00f3n para garantizar que siempre tengas el control de tu experiencia.<\/p>\n<h3>Moderaci\u00f3n en tiempo real<\/h3>\n<p>Un equipo de moderadores trabaja entre bastidores para supervisar los contenidos marcados, investigar las denuncias y eliminar a los usuarios abusivos. Estos moderadores ayudan a hacer cumplir las directrices de la comunidad y a mantener un entorno respetuoso.<\/p>\n<h3>Chat an\u00f3nimo<\/h3>\n<p>StrangerCam no requiere informaci\u00f3n personal, lo que garantiza que puedas chatear de forma completamente an\u00f3nima. No hay perfil, ni historial de usuario, ni archivos de chat. T\u00fa controlas lo que compartes y cu\u00e1ndo.<\/p>\n<h3>Seguridad en las conexiones de extremo a extremo<\/h3>\n<p>La plataforma utiliza conexiones cifradas seguras para proteger los datos en tr\u00e1nsito. De este modo, las transmisiones de v\u00eddeo y audio no se interceptan ni se almacenan, lo que preserva la privacidad y el rendimiento.<\/p>\n<h3>Capacitar al usuario<\/h3>\n<p>Te animamos a que tomes el control total de tu experiencia. StrangerCam proporciona herramientas accesibles para omitir, denunciar o bloquear usuarios, garantizando que nadie se vea obligado a permanecer en una interacci\u00f3n inc\u00f3moda.<\/p>\n<h2>Experiencia de usuario en StrangerCam<\/h2>\n<p>El dise\u00f1o de StrangerCam pone al usuario en primer lugar. Desde la interfaz minimalista hasta los tiempos de carga r\u00e1pidos y las funciones sencillas, todos los elementos de la experiencia est\u00e1n pensados para que el usuario participe sin esfuerzo.<\/p>\n<h3>Interfaz limpia e intuitiva<\/h3>\n<p>No hay ventanas emergentes, men\u00fas desordenados ni elementos de dise\u00f1o abrumadores. La interfaz es limpia y dirige tu atenci\u00f3n a la experiencia principal: la ventana de chat de v\u00eddeo.<\/p>\n<h3>Sistema de emparejamiento r\u00e1pido<\/h3>\n<p>Las coincidencias se producen en segundos. Tanto si te conectas desde un ordenador como desde un dispositivo m\u00f3vil, los servidores de StrangerCam est\u00e1n optimizados para garantizar un retraso m\u00ednimo y tiempos de espera reducidos.<\/p>\n<h3>Dise\u00f1o compatible con dispositivos m\u00f3viles<\/h3>\n<p>StrangerCam es totalmente adaptable y funciona sin problemas en tel\u00e9fonos inteligentes y tabletas. Esto permite a los usuarios conectarse sobre la marcha, ampliando a\u00fan m\u00e1s su atractivo y flexibilidad.<\/p>\n<h3>Opiniones reales de los usuarios<\/h3>\n<blockquote><p>\"Lo que m\u00e1s me gusta de StrangerCam es que puedo entrar cuando me apetece charlar. No hay presi\u00f3n y es divertido ver a qui\u00e9n voy a conocer\".<br \/>\n- <em>Sophia R., Trustpilot<\/em><\/p><\/blockquote>\n<blockquote><p>\"En realidad es sorprendentemente limpio y r\u00e1pido. No est\u00e1 lleno de bots ni cosas raras como otros\".<br \/>\n- <em>Kenny M., Opini\u00f3n de Google<\/em><\/p><\/blockquote>\n<blockquote><p>\"StrangerCam me ayud\u00f3 a conocer gente durante el encierro, y sigo entrando de vez en cuando. La aleatoriedad es adictiva\".<br \/>\n- <em>Juli\u00e1n T., Reddit<\/em><\/p><\/blockquote>\n<h2>StrangerCam frente a otras plataformas de videoconferencia<\/h2>\n<p>Comparemos StrangerCam con algunos de sus principales competidores para ver c\u00f3mo se comporta:<\/p>\n<table>\n<thead>\n<tr>\n<th>Plataforma<\/th>\n<th>Inscripci\u00f3n obligatoria<\/th>\n<th>Juegos<\/th>\n<th>Anonimato<\/th>\n<th>Filtros de g\u00e9nero<\/th>\n<th>Compatible con m\u00f3viles<\/th>\n<th>Herramientas de seguridad<\/th>\n<\/tr>\n<\/thead>\n<tbody>\n<tr>\n<td>StrangerCam<\/td>\n<td>\u274c No<\/td>\n<td>\u274c No<\/td>\n<td>\u2705 S\u00ed<\/td>\n<td>\u2705 Premium<\/td>\n<td>\u2705 S\u00ed<\/td>\n<td>\u2705 S\u00ed<\/td>\n<\/tr>\n<tr>\n<td>Omegle<\/td>\n<td>\u274c No<\/td>\n<td>\u274c No<\/td>\n<td>\u2705 S\u00ed<\/td>\n<td>\u274c No<\/td>\n<td>\u2705 S\u00ed<\/td>\n<td>\u274c B\u00e1sico<\/td>\n<\/tr>\n<tr>\n<td>Chatroulette<\/td>\n<td>\u274c No<\/td>\n<td>\u274c No<\/td>\n<td>\u2705 S\u00ed<\/td>\n<td>\u274c No<\/td>\n<td>\u2705 S\u00ed<\/td>\n<td>\u26a0\ufe0f Limitada<\/td>\n<\/tr>\n<tr>\n<td>Camsurf<\/td>\n<td>\u274c No<\/td>\n<td>\u274c No<\/td>\n<td>\u2705 S\u00ed<\/td>\n<td>\u2705 S\u00ed<\/td>\n<td>\u2705 S\u00ed<\/td>\n<td>\u2705 Bueno<\/td>\n<\/tr>\n<tr>\n<td>Emerald Chat<\/td>\n<td>\u2705 S\u00ed<\/td>\n<td>\u2705 S\u00ed<\/td>\n<td>\u274c Parcial<\/td>\n<td>\u2705 S\u00ed<\/td>\n<td>\u2705 S\u00ed<\/td>\n<td>\u2705 Fuerte<\/td>\n<\/tr>\n<\/tbody>\n<\/table>\n<p>StrangerCam compite bien en accesibilidad, sencillez y privacidad, lo que la convierte en la opci\u00f3n preferida de los usuarios que valoran los chats r\u00e1pidos y an\u00f3nimos sin distracciones. Aunque carece de juegos dentro de la aplicaci\u00f3n, lo compensa con rendimiento y facilidad de uso.<\/p>\n<h2>Consejos para disfrutar de StrangerCam con seguridad<\/h2>\n<p>Aunque StrangerCam da prioridad a tu seguridad, tus propios h\u00e1bitos tambi\u00e9n desempe\u00f1an un papel importante. Aqu\u00ed tienes algunos consejos esenciales:<\/p>\n<ul>\n<li>Mant\u00e9n el anonimato. Nunca compartas tu nombre completo, direcci\u00f3n, n\u00famero de tel\u00e9fono u otros datos que te identifiquen.<\/li>\n<li>Conf\u00eda en tu instinto. Si algo no te gusta, haz clic en \"Siguiente\" o denuncia al usuario.<\/li>\n<li>S\u00e9 respetuoso. Sigue las directrices de la comunidad para contribuir a mejorar la experiencia de todos.<\/li>\n<li>Utiliza auriculares. Mejoran la claridad del audio y te ayudan a mantener la intimidad en espacios compartidos.<\/li>\n<li>Prep\u00e1rese para la c\u00e1mara. Una sala bien iluminada y un fondo neutro mejoran la calidad del v\u00eddeo y ayudan a establecer una buena relaci\u00f3n.<\/li>\n<li>Utiliza una VPN si es necesario. Para mayor seguridad, considera enmascarar tu ubicaci\u00f3n con una red privada virtual.<\/li>\n<\/ul>\n<h2>Soluci\u00f3n de problemas comunes<\/h2>\n<p>Incluso en una plataforma sin problemas como StrangerCam, pueden surgir peque\u00f1os problemas. Aqu\u00ed te explicamos c\u00f3mo resolverlos:<\/p>\n<h3>No se detecta la c\u00e1mara o el micr\u00f3fono<\/h3>\n<ul>\n<li>Aseg\u00farate de que los permisos est\u00e1n activados en la configuraci\u00f3n de tu navegador. Reinicia el dispositivo si es necesario.<\/li>\n<\/ul>\n<h3>Mala calidad de v\u00eddeo o audio<\/h3>\n<ul>\n<li>Cierra las aplicaciones en segundo plano, cambia a una conexi\u00f3n a Internet m\u00e1s potente y, si es posible, utiliza un micr\u00f3fono o una c\u00e1mara externos.<\/li>\n<\/ul>\n<h3>No se puede conectar a StrangerCam<\/h3>\n<ul>\n<li>Prueba con otro navegador o borra la memoria cach\u00e9 y las cookies. Considera la posibilidad de usar una VPN si tu red la bloquea.<\/li>\n<\/ul>\n<h3>Emparejamiento repetido con los mismos usuarios<\/h3>\n<ul>\n<li>Ampl\u00ede la configuraci\u00f3n de su ubicaci\u00f3n o vuelva a visitar el sitio durante las horas de mayor tr\u00e1fico.<\/li>\n<\/ul>\n<h3>Comportamiento inadecuado<\/h3>\n<ul>\n<li>Utiliza inmediatamente las funciones de informe y bloqueo. Tambi\u00e9n puedes actualizar la sesi\u00f3n para restablecer tu historial de partidos.<\/li>\n<\/ul>\n<p>StrangerCam triunfa donde muchas plataformas de chat aleatorias fracasan: consigue un equilibrio entre sencillez, privacidad y conexi\u00f3n genuina. No hay campanas ni silbatos, solo un entorno limpio, r\u00e1pido y seguro en el que los usuarios pueden entablar conversaciones con desconocidos de todos los rincones del planeta.<\/p>\n<p>Con funciones muy bien pensadas como el emparejamiento instant\u00e1neo de v\u00eddeos, el chat an\u00f3nimo, los filtros de g\u00e9nero y la moderaci\u00f3n en tiempo real, StrangerCam ofrece una plataforma moderna que permite a los usuarios tener el control. Tanto si quieres pasar el rato como hacer amigos o simplemente disfrutar de bromas espont\u00e1neas, StrangerCam te ofrece una experiencia agradable y sin complicaciones.<\/p>\n<p>As\u00ed que adelante: visita StrangerCam, haz clic en \"Start\" y descubre a qui\u00e9n conocer\u00e1s despu\u00e9s. Porque en un mundo lleno de desconocidos, a veces basta una simple conversaci\u00f3n para alegrarte el d\u00eda.<\/p>","protected":false},"excerpt":{"rendered":"<p>StrangerCam emerges as a compelling platform for those seeking instant, anonymous video chats with people from around the globe. At first glance, it may seem like just another random video chat site, but stepping into StrangerCam\u2019s virtual space reveals a user-friendly, thoughtfully designed experience that blends simplicity, excitement, and privacy. StrangerCam caters to both the [&hellip;]<\/p>\n","protected":false},"author":6,"featured_media":0,"parent":0,"menu_order":0,"comment_status":"closed","ping_status":"closed","template":"","meta":{"footnotes":""},"class_list":["post-3158","page","type-page","status-publish","hentry"],"yoast_head":"<!-- This site is optimized with the Yoast SEO plugin v27.4 - https:\/\/yoast.com\/product\/yoast-seo-wordpress\/ -->\n<title>StrangerCam - Chat with Strangers on Cam - TinyChat.com<\/title>\n<meta name=\"description\" content=\"Enjoying StrangerCam? Join over 50,000,000 strangers on TinyChat! Turn on your cam and start meeting new people, or find a match.\" \/>\n<meta name=\"robots\" content=\"index, follow, max-snippet:-1, max-image-preview:large, max-video-preview:-1\" \/>\n<link rel=\"canonical\" href=\"https:\/\/tinychat.com\/es\/strangercam\/\" \/>\n<meta property=\"og:locale\" content=\"es_ES\" \/>\n<meta property=\"og:type\" content=\"article\" \/>\n<meta property=\"og:title\" content=\"StrangerCam - Chat with Strangers on Cam - TinyChat.com\" \/>\n<meta property=\"og:description\" content=\"Enjoying StrangerCam? Join over 50,000,000 strangers on TinyChat! Turn on your cam and start meeting new people, or find a match.\" \/>\n<meta property=\"og:url\" content=\"https:\/\/tinychat.com\/es\/strangercam\/\" \/>\n<meta property=\"og:site_name\" content=\"TinyChat\" \/>\n<meta property=\"article:publisher\" content=\"https:\/\/www.facebook.com\/tinychat\" \/>\n<meta property=\"article:modified_time\" content=\"2025-06-28T13:55:44+00:00\" \/>\n<meta property=\"og:image\" content=\"https:\/\/tinychat.com\/wp-content\/uploads\/2020\/04\/Tinychat-logo-1280x284-new-black.png\" \/>\n\t<meta property=\"og:image:width\" content=\"1280\" \/>\n\t<meta property=\"og:image:height\" content=\"284\" \/>\n\t<meta property=\"og:image:type\" content=\"image\/png\" \/>\n<meta name=\"twitter:card\" content=\"summary_large_image\" \/>\n<meta name=\"twitter:site\" content=\"@tinychat\" \/>\n<meta name=\"twitter:label1\" content=\"Tiempo de lectura\" \/>\n\t<meta name=\"twitter:data1\" content=\"8 minutos\" \/>\n<script type=\"application\/ld+json\" class=\"yoast-schema-graph\">{\"@context\":\"https:\\\/\\\/schema.org\",\"@graph\":[{\"@type\":\"WebPage\",\"@id\":\"https:\\\/\\\/tinychat.com\\\/strangercam\\\/\",\"url\":\"https:\\\/\\\/tinychat.com\\\/strangercam\\\/\",\"name\":\"StrangerCam - Chat with Strangers on Cam - TinyChat.com\",\"isPartOf\":{\"@id\":\"https:\\\/\\\/tinychat.com\\\/#website\"},\"datePublished\":\"2025-05-09T19:11:08+00:00\",\"dateModified\":\"2025-06-28T13:55:44+00:00\",\"description\":\"Enjoying StrangerCam? Join over 50,000,000 strangers on TinyChat! Turn on your cam and start meeting new people, or find a match.\",\"breadcrumb\":{\"@id\":\"https:\\\/\\\/tinychat.com\\\/strangercam\\\/#breadcrumb\"},\"inLanguage\":\"es\",\"potentialAction\":[{\"@type\":\"ReadAction\",\"target\":[\"https:\\\/\\\/tinychat.com\\\/strangercam\\\/\"]}]},{\"@type\":\"BreadcrumbList\",\"@id\":\"https:\\\/\\\/tinychat.com\\\/strangercam\\\/#breadcrumb\",\"itemListElement\":[{\"@type\":\"ListItem\",\"position\":1,\"name\":\"Home\",\"item\":\"https:\\\/\\\/tinychat.com\\\/\"},{\"@type\":\"ListItem\",\"position\":2,\"name\":\"StrangerCam\"}]},{\"@type\":\"WebSite\",\"@id\":\"https:\\\/\\\/tinychat.com\\\/#website\",\"url\":\"https:\\\/\\\/tinychat.com\\\/\",\"name\":\"TinyChat\",\"description\":\"Random Video Chat with Strangers\",\"publisher\":{\"@id\":\"https:\\\/\\\/tinychat.com\\\/#organization\"},\"alternateName\":\"TinyChat.com\",\"potentialAction\":[{\"@type\":\"SearchAction\",\"target\":{\"@type\":\"EntryPoint\",\"urlTemplate\":\"https:\\\/\\\/tinychat.com\\\/?s={search_term_string}\"},\"query-input\":{\"@type\":\"PropertyValueSpecification\",\"valueRequired\":true,\"valueName\":\"search_term_string\"}}],\"inLanguage\":\"es\"},{\"@type\":\"Organization\",\"@id\":\"https:\\\/\\\/tinychat.com\\\/#organization\",\"name\":\"TinyChat\",\"alternateName\":\"TinyChat.com\",\"url\":\"https:\\\/\\\/tinychat.com\\\/\",\"logo\":{\"@type\":\"ImageObject\",\"inLanguage\":\"es\",\"@id\":\"https:\\\/\\\/tinychat.com\\\/#\\\/schema\\\/logo\\\/image\\\/\",\"url\":\"https:\\\/\\\/tinychat.com\\\/wp-content\\\/uploads\\\/2023\\\/11\\\/Tinychat-icon-square.png\",\"contentUrl\":\"https:\\\/\\\/tinychat.com\\\/wp-content\\\/uploads\\\/2023\\\/11\\\/Tinychat-icon-square.png\",\"width\":284,\"height\":284,\"caption\":\"TinyChat\"},\"image\":{\"@id\":\"https:\\\/\\\/tinychat.com\\\/#\\\/schema\\\/logo\\\/image\\\/\"},\"sameAs\":[\"https:\\\/\\\/www.facebook.com\\\/tinychat\",\"https:\\\/\\\/x.com\\\/tinychat\"]}]}<\/script>\n<!-- \/ Yoast SEO plugin. -->","yoast_head_json":{"title":"StrangerCam - Chat con extra\u00f1os en Cam - TinyChat.com","description":"\u00bfTe gusta StrangerCam? \u00a1\u00danete a m\u00e1s de 50.000.000 de desconocidos en TinyChat! Enciende tu c\u00e1mara y empieza a conocer gente nueva o a encontrar pareja.","robots":{"index":"index","follow":"follow","max-snippet":"max-snippet:-1","max-image-preview":"max-image-preview:large","max-video-preview":"max-video-preview:-1"},"canonical":"https:\/\/tinychat.com\/es\/strangercam\/","og_locale":"es_ES","og_type":"article","og_title":"StrangerCam - Chat with Strangers on Cam - TinyChat.com","og_description":"Enjoying StrangerCam? Join over 50,000,000 strangers on TinyChat! Turn on your cam and start meeting new people, or find a match.","og_url":"https:\/\/tinychat.com\/es\/strangercam\/","og_site_name":"TinyChat","article_publisher":"https:\/\/www.facebook.com\/tinychat","article_modified_time":"2025-06-28T13:55:44+00:00","og_image":[{"width":1280,"height":284,"url":"https:\/\/tinychat.com\/wp-content\/uploads\/2020\/04\/Tinychat-logo-1280x284-new-black.png","type":"image\/png"}],"twitter_card":"summary_large_image","twitter_site":"@tinychat","twitter_misc":{"Tiempo de lectura":"8 minutos"},"schema":{"@context":"https:\/\/schema.org","@graph":[{"@type":"WebPage","@id":"https:\/\/tinychat.com\/strangercam\/","url":"https:\/\/tinychat.com\/strangercam\/","name":"StrangerCam - Chat con extra\u00f1os en Cam - TinyChat.com","isPartOf":{"@id":"https:\/\/tinychat.com\/#website"},"datePublished":"2025-05-09T19:11:08+00:00","dateModified":"2025-06-28T13:55:44+00:00","description":"\u00bfTe gusta StrangerCam? \u00a1\u00danete a m\u00e1s de 50.000.000 de desconocidos en TinyChat! Enciende tu c\u00e1mara y empieza a conocer gente nueva o a encontrar pareja.","breadcrumb":{"@id":"https:\/\/tinychat.com\/strangercam\/#breadcrumb"},"inLanguage":"es","potentialAction":[{"@type":"ReadAction","target":["https:\/\/tinychat.com\/strangercam\/"]}]},{"@type":"BreadcrumbList","@id":"https:\/\/tinychat.com\/strangercam\/#breadcrumb","itemListElement":[{"@type":"ListItem","position":1,"name":"Home","item":"https:\/\/tinychat.com\/"},{"@type":"ListItem","position":2,"name":"StrangerCam"}]},{"@type":"WebSite","@id":"https:\/\/tinychat.com\/#website","url":"https:\/\/tinychat.com\/","name":"TinyChat","description":"Videochat aleatorio con desconocidos","publisher":{"@id":"https:\/\/tinychat.com\/#organization"},"alternateName":"TinyChat.com","potentialAction":[{"@type":"SearchAction","target":{"@type":"EntryPoint","urlTemplate":"https:\/\/tinychat.com\/?s={search_term_string}"},"query-input":{"@type":"PropertyValueSpecification","valueRequired":true,"valueName":"search_term_string"}}],"inLanguage":"es"},{"@type":"Organization","@id":"https:\/\/tinychat.com\/#organization","name":"TinyChat","alternateName":"TinyChat.com","url":"https:\/\/tinychat.com\/","logo":{"@type":"ImageObject","inLanguage":"es","@id":"https:\/\/tinychat.com\/#\/schema\/logo\/image\/","url":"https:\/\/tinychat.com\/wp-content\/uploads\/2023\/11\/Tinychat-icon-square.png","contentUrl":"https:\/\/tinychat.com\/wp-content\/uploads\/2023\/11\/Tinychat-icon-square.png","width":284,"height":284,"caption":"TinyChat"},"image":{"@id":"https:\/\/tinychat.com\/#\/schema\/logo\/image\/"},"sameAs":["https:\/\/www.facebook.com\/tinychat","https:\/\/x.com\/tinychat"]}]}},"_links":{"self":[{"href":"https:\/\/tinychat.com\/es\/wp-json\/wp\/v2\/pages\/3158","targetHints":{"allow":["GET"]}}],"collection":[{"href":"https:\/\/tinychat.com\/es\/wp-json\/wp\/v2\/pages"}],"about":[{"href":"https:\/\/tinychat.com\/es\/wp-json\/wp\/v2\/types\/page"}],"author":[{"embeddable":true,"href":"https:\/\/tinychat.com\/es\/wp-json\/wp\/v2\/users\/6"}],"replies":[{"embeddable":true,"href":"https:\/\/tinychat.com\/es\/wp-json\/wp\/v2\/comments?post=3158"}],"version-history":[{"count":5,"href":"https:\/\/tinychat.com\/es\/wp-json\/wp\/v2\/pages\/3158\/revisions"}],"predecessor-version":[{"id":13284,"href":"https:\/\/tinychat.com\/es\/wp-json\/wp\/v2\/pages\/3158\/revisions\/13284"}],"wp:attachment":[{"href":"https:\/\/tinychat.com\/es\/wp-json\/wp\/v2\/media?parent=3158"}],"curies":[{"name":"wp","href":"https:\/\/api.w.org\/{rel}","templated":true}]}}