{"id":3171,"date":"2025-10-21T11:14:34","date_gmt":"2025-10-21T09:14:34","guid":{"rendered":"https:\/\/tinychat.com\/?page_id=3171"},"modified":"2025-10-21T13:21:20","modified_gmt":"2025-10-21T11:21:20","slug":"chatblink","status":"publish","type":"page","link":"https:\/\/tinychat.com\/es\/chatblink\/","title":{"rendered":"ChatBlink"},"content":{"rendered":"<p>En el mundo digital de hoy, donde tantas aplicaciones se basan en filtros, seguidores y muros de pago, ChatBlink destaca por mantener las cosas simples. Es una plataforma de chat aleatoria, f\u00e1cil y gratuita que conecta a la gente al instante, sin registros, descargas ni complicaciones. Tanto si buscas un chat r\u00e1pido, un nuevo amigo o una conversaci\u00f3n espont\u00e1nea por v\u00eddeo con alguien de todo el mundo, ChatBlink te ofrece una forma directa y divertida de conectar.<\/p>\n<p>Construido en torno al concepto de anonimato y espontaneidad, ChatBlink fusiona lo mejor del videochat aleatorio y la interacci\u00f3n cl\u00e1sica basada en texto. Forma parte de una nueva ola de plataformas que mantienen la experiencia social en l\u00ednea abierta, humana y divertida, como lo fue Omegle, pero con una tecnolog\u00eda m\u00e1s fluida y un dise\u00f1o m\u00e1s limpio.<\/p>\n<p>Esta rese\u00f1a en profundidad cubrir\u00e1 qu\u00e9 es ChatBlink, c\u00f3mo funciona, sus caracter\u00edsticas clave, experiencia de usuario, medidas de seguridad, comparaciones con otras plataformas y consejos pr\u00e1cticos para ayudarte a sacarle el m\u00e1ximo partido.<\/p>\n<h2>\u00bfQu\u00e9 es ChatBlink?<\/h2>\n<p>ChatBlink es una plataforma de chat aleatoria que conecta a usuarios de todo el mundo en cuesti\u00f3n de segundos. Puedes chatear por texto o activar tu webcam para hablar cara a cara, todo ello sin necesidad de crear una cuenta. La idea central de la plataforma es sencilla: comunicaci\u00f3n aleatoria, an\u00f3nima y gratuita entre personas que s\u00f3lo quieren hablar.<\/p>\n<p>Est\u00e1 pensado para cualquiera que disfrute:<\/p>\n<ul>\n<li>Conversaciones informales, sin gui\u00f3n.<\/li>\n<li>Conocer gente nueva de distintos pa\u00edses.<\/li>\n<li>Chatear sin compromisos ni largas inscripciones.<\/li>\n<\/ul>\n<p>A diferencia de muchas aplicaciones de chat que ocultan funciones tras suscripciones, ChatBlink lo mantiene todo abierto: s\u00f3lo tienes que cargar el sitio, hacer clic en \u201cIniciar\u201d y empezar a chatear.<\/p>\n<h2>Caracter\u00edsticas principales de ChatBlink<\/h2>\n<p>El dise\u00f1o de ChatBlink se centra en la velocidad, la sencillez y la flexibilidad. Estas son las principales caracter\u00edsticas que lo hacen destacar:<\/p>\n<h3>1. Videochat aleatorio<\/h3>\n<ul>\n<li>Conecta instant\u00e1neamente con un desconocido a trav\u00e9s de la webcam.<\/li>\n<li>V\u00eddeo de alta calidad con un retardo m\u00ednimo.<\/li>\n<li>Funciona en el navegador, sin necesidad de descargas.<\/li>\n<\/ul>\n<h3>2. Modo de chat de texto<\/h3>\n<ul>\n<li>Ideal para los usuarios que prefieren escribir en lugar de ver v\u00eddeos.<\/li>\n<li>Ideal para conversaciones privadas y sin presiones.<\/li>\n<li>Cambio fluido entre las opciones de texto y v\u00eddeo.<\/li>\n<\/ul>\n<h3>3. Acceso instant\u00e1neo - Sin registro<\/h3>\n<ul>\n<li>Empieza a chatear inmediatamente sin crear una cuenta.<\/li>\n<li>Anonimato preservado: no es necesario compartir informaci\u00f3n personal.<\/li>\n<\/ul>\n<h3>4. Alcance mundial<\/h3>\n<ul>\n<li>Con\u00e9ctate con usuarios de todo el mundo.<\/li>\n<li>Conozca a gente de diferentes culturas, idiomas e intereses.<\/li>\n<\/ul>\n<h3>5. Bot\u00f3n Saltar<\/h3>\n<ul>\n<li>Salta instant\u00e1neamente a la siguiente persona si el chat no hace clic.<\/li>\n<li>Hace que la experiencia sea divertida y trepidante.<\/li>\n<\/ul>\n<h3>6. Compatible con m\u00f3viles y ordenadores de sobremesa<\/h3>\n<ul>\n<li>Funciona a la perfecci\u00f3n tanto en smartphones como en ordenadores de sobremesa.<\/li>\n<li>Totalmente basado en el navegador, sin necesidad de aplicaci\u00f3n.<\/li>\n<\/ul>\n<h3>7. Interfaz sencilla y moderna<\/h3>\n<ul>\n<li>Dise\u00f1o limpio y sin distracciones.<\/li>\n<li>Dise\u00f1ado para facilitar su uso y una navegaci\u00f3n fluida.<\/li>\n<\/ul>\n<h2>C\u00f3mo utilizar ChatBlink<\/h2>\n<p>Uno de los mayores atractivos del ChatBlink es su facilidad e inmediatez de uso.<\/p>\n<h3>Paso 1: Visite el sitio web<\/h3>\n<p>Abre ChatBlink en tu navegador: no necesitas descargar nada ni registrarte.<\/p>\n<h3>Paso 2: Elija su modo<\/h3>\n<p>Selecciona chat de texto o chat de v\u00eddeo seg\u00fan prefieras.<\/p>\n<h3>Paso 3: Permitir el acceso a la c\u00e1mara y al micr\u00f3fono<\/h3>\n<p>Si utiliza v\u00eddeo, conceda permisos al navegador cuando se le solicite.<\/p>\n<h3>Paso 4: Haga clic en \"Iniciar\".<\/h3>\n<p>Ser\u00e1s emparejado al instante con un desconocido al azar.<\/p>\n<h3>Paso 5: Chatear, conectar o saltar<\/h3>\n<p>Disfruta de la conversaci\u00f3n o pulsa \u201cSiguiente\u201d para seguir adelante y conocer a alguien nuevo.<\/p>\n<p>En cuesti\u00f3n de segundos estar\u00e1s chateando.<\/p>\n<h2>Experiencia de usuario en ChatBlink<\/h2>\n<p>ChatBlink ofrece una experiencia fluida y ligera que atrae a los usuarios que valoran la velocidad y la sencillez.<\/p>\n<h3>Lo que les gusta a los usuarios<\/h3>\n<ul>\n<li>Acceso instant\u00e1neo, sin necesidad de registrarse.<\/li>\n<li>Funciona perfectamente en m\u00f3vil y escritorio.<\/li>\n<li>Conexiones r\u00e1pidas con un retraso m\u00ednimo.<\/li>\n<li>Gratuito y an\u00f3nimo.<\/li>\n<li>Modos de texto y v\u00eddeo en un solo lugar.<\/li>\n<\/ul>\n<h3>Donde los usuarios ven margen de mejora<\/h3>\n<ul>\n<li>No hay listas de amigos ni funciones de perfil.<\/li>\n<li>Filtros limitados (no se puede elegir sexo ni pa\u00eds).<\/li>\n<li>Usuarios ocasionales de spam.<\/li>\n<li>No hay funci\u00f3n de reconexi\u00f3n para las conversaciones perdidas.<\/li>\n<\/ul>\n<p>A pesar de estas desventajas, el ChatBlink sigue siendo el favorito de los usuarios que quieren chatear de forma r\u00e1pida, informal y sin compromiso.<\/p>\n<h2>ChatBlink frente a otras plataformas de chat<\/h2>\n<p>Compara ChatBlink con otros sitios de chat populares:<\/p>\n<table>\n<thead>\n<tr>\n<th>Caracter\u00edstica<\/th>\n<th>ChatBlink<\/th>\n<th>Omegle<\/th>\n<th>Chatroulette<\/th>\n<th>ChatHub<\/th>\n<th>Emerald Chat<\/th>\n<th>ChatRandom<\/th>\n<\/tr>\n<\/thead>\n<tbody>\n<tr>\n<td>Random Video Chat con Desconocidos<\/td>\n<td>\u2705 S\u00ed<\/td>\n<td>\u2705 S\u00ed<\/td>\n<td>\u2705 S\u00ed<\/td>\n<td>\u2705 S\u00ed<\/td>\n<td>\u2705 S\u00ed<\/td>\n<td>\u2705 S\u00ed<\/td>\n<\/tr>\n<tr>\n<td>Chat de texto<\/td>\n<td>\u2705 S\u00ed<\/td>\n<td>\u2705 S\u00ed<\/td>\n<td>\u2705 S\u00ed<\/td>\n<td>\u2705 S\u00ed<\/td>\n<td>\u2705 S\u00ed<\/td>\n<td>\u2705 S\u00ed<\/td>\n<\/tr>\n<tr>\n<td>Inscripci\u00f3n obligatoria<\/td>\n<td>\u274c No<\/td>\n<td>\u274c No<\/td>\n<td>\u274c No<\/td>\n<td>\u2705 Opcional<\/td>\n<td>\u2705 Opcional<\/td>\n<td>\u2705 Opcional<\/td>\n<\/tr>\n<tr>\n<td>Filtros de g\u00e9nero\/ubicaci\u00f3n<\/td>\n<td>\u274c No<\/td>\n<td>\u274c No<\/td>\n<td>\u2705 Limitada<\/td>\n<td>\u2705 S\u00ed<\/td>\n<td>\u2705 S\u00ed<\/td>\n<td>\u2705 S\u00ed<\/td>\n<\/tr>\n<tr>\n<td>Perfiles\/Listas de amigos<\/td>\n<td>\u274c No<\/td>\n<td>\u274c No<\/td>\n<td>\u274c No<\/td>\n<td>\u2705 S\u00ed<\/td>\n<td>\u2705 S\u00ed<\/td>\n<td>\u2705 S\u00ed<\/td>\n<\/tr>\n<tr>\n<td>Compatible con m\u00f3viles<\/td>\n<td>\u2705 S\u00ed<\/td>\n<td>\u2705 S\u00ed<\/td>\n<td>\u2705 S\u00ed<\/td>\n<td>\u2705 S\u00ed<\/td>\n<td>\u2705 S\u00ed<\/td>\n<td>\u2705 S\u00ed<\/td>\n<\/tr>\n<tr>\n<td>Acceso gratuito<\/td>\n<td>\u2705 Siempre<\/td>\n<td>\u2705 Siempre<\/td>\n<td>\u2705 Siempre<\/td>\n<td>\u2705 S\u00ed<\/td>\n<td>\u2705 S\u00ed<\/td>\n<td>\u2705 S\u00ed<\/td>\n<\/tr>\n<\/tbody>\n<\/table>\n<p>Resumen: ChatBlink ofrece la simplicidad bruta de Omegle con la estabilidad de plataformas modernas como ChatHub - perfecto para usuarios que prefieren un chat r\u00e1pido, an\u00f3nimo y sin extras.<\/p>\n<h2>\u00bfEs seguro el ChatBlink?<\/h2>\n<p>ChatBlink valora la privacidad de los usuarios manteniendo el anonimato y la ausencia de registro. Sin embargo, como en cualquier plataforma abierta, la seguridad depende de un uso responsable.<\/p>\n<h3>Funciones de seguridad integradas<\/h3>\n<ul>\n<li>Chats an\u00f3nimos: no se necesitan datos personales.<\/li>\n<li>Bot\u00f3n Saltar para salir inmediatamente de cualquier conversaci\u00f3n.<\/li>\n<li>Los chats no se almacenan ni se guardan.<\/li>\n<\/ul>\n<h3>Consejos de seguridad para los usuarios<\/h3>\n<ul>\n<li>Nunca compartas informaci\u00f3n personal (nombre real, direcci\u00f3n o datos de contacto).<\/li>\n<li>Pon fin a las conversaciones que te incomoden.<\/li>\n<li>Evite hacer clic en enlaces de desconocidos.<\/li>\n<li>Los padres deben supervisar a los menores que utilicen la plataforma.<\/li>\n<li>Utilice una VPN para una mayor protecci\u00f3n de la privacidad.<\/li>\n<\/ul>\n<p>Utilizado de forma responsable, ChatBlink es una forma segura y sencilla de conocer gente en l\u00ednea.<\/p>\n<h2>Consejos para sacar el m\u00e1ximo partido al ChatBlink<\/h2>\n<ul>\n<li>Pruebe diferentes horarios: las horas punta atraen a m\u00e1s usuarios activos.<\/li>\n<li>Utiliza auriculares para disfrutar de un sonido m\u00e1s n\u00edtido y privacidad.<\/li>\n<li>Empiece con temas sencillos, le ayudar\u00e1n a romper el hielo.<\/li>\n<li>Una buena iluminaci\u00f3n hace m\u00e1s agradables las videoconferencias.<\/li>\n<li>Mantenga un tono informal: evite darle demasiadas vueltas a las conversaciones.<\/li>\n<li>Si el ambiente no es el adecuado, salte r\u00e1pidamente: siempre hay otro partido esperando.<\/li>\n<\/ul>\n<p>Estos peque\u00f1os ajustes pueden hacer que su experiencia sea m\u00e1s fluida y agradable.<\/p>\n<h2>Problemas comunes y soluciones<\/h2>\n<h3>Problema: La c\u00e1mara o el micr\u00f3fono no funcionan<\/h3>\n<ul>\n<li>Compruebe los permisos del navegador.<\/li>\n<li>Reinicia tu navegador o dispositivo.<\/li>\n<li>Cierra cualquier otra aplicaci\u00f3n que utilice tu webcam.<\/li>\n<\/ul>\n<h3>Problema: conexi\u00f3n lenta o retraso<\/h3>\n<ul>\n<li>Cambia a una conexi\u00f3n Wi-Fi estable.<\/li>\n<li>Cierra las pesta\u00f1as o aplicaciones en segundo plano que consuman mucho ancho de banda.<\/li>\n<\/ul>\n<h3>Problema: pocos usuarios en l\u00ednea<\/h3>\n<ul>\n<li>Int\u00e9ntelo durante las horas nocturnas regionales.<\/li>\n<li>Actualice el sitio para restablecer la cola.<\/li>\n<\/ul>\n<h3>Problema: Spam<\/h3>\n<ul>\n<li>Salta inmediatamente.<\/li>\n<li>Utilice las herramientas de informe si est\u00e1n disponibles.<\/li>\n<\/ul>\n<h2>Por qu\u00e9 la gente elige ChatBlink<\/h2>\n<p>La popularidad de ChatBlink se debe a su rapidez, sencillez y autenticidad. Elimina todo lo innecesario y se centra en el puro placer de conectar con los dem\u00e1s.<\/p>\n<p>A la gente le encanta por:<\/p>\n<ul>\n<li>Chat instant\u00e1neo y an\u00f3nimo.<\/li>\n<li>No hay que registrarse ni iniciar sesi\u00f3n.<\/li>\n<li>Texto libre y opciones de v\u00eddeo.<\/li>\n<li>Interfaz limpia y apta para m\u00f3viles.<\/li>\n<li>Base mundial de usuarios.<\/li>\n<\/ul>\n<p>Es una plataforma para cualquiera que valore la conexi\u00f3n sin complejidad, algo cada vez m\u00e1s raro en el mundo digital actual.<\/p>\n<h2>Reflexiones finales: \u00bfMerece la pena utilizar el ChatBlink?<\/h2>\n<p>Si buscas una plataforma de chat aleatoria, r\u00e1pida, gratuita y an\u00f3nima, ChatBlink merece absolutamente un lugar en tu lista. Es uno de esos sitios que se mantiene fiel a lo que hace que chatear sea divertido: la emoci\u00f3n de conocer a alguien nuevo, sin expectativas ni obligaciones.<\/p>\n<p>Aunque no tiene los filtros avanzados ni las listas de amigos de plataformas como ChatHub o Emerald Chat, su sencillez es su mayor virtud. Basta con abrirla, hacer clic en \u201cEmpezar\u201d y empezar a hablar al instante con alguien de cualquier parte del mundo.<\/p>\n<p>Tanto si quieres:<\/p>\n<ul>\n<li>Tener una charla r\u00e1pida al azar,<\/li>\n<li>Conocer gente de otros pa\u00edses, o<\/li>\n<li>Simplemente rel\u00e1jese y hable con alguien fuera de su c\u00edrculo habitual...<\/li>\n<\/ul>\n<p>ChatBlink ofrece exactamente eso.<\/p>\n<p>En resumen: ChatBlink es un sitio de chat ligero y sin registro que combina la nostalgia de las primeras salas de chat con la velocidad de la tecnolog\u00eda de v\u00eddeo moderna. Es perfecto para conexiones espont\u00e1neas y reales, gratuitas, privadas y disponibles en cualquier momento.<\/p>\n<p>\u00bfListo para probar? Visita ChatBlink, pulsa \u201cEmpezar\u201d y descubre a qui\u00e9n conocer\u00e1s despu\u00e9s: las conversaciones del mundo est\u00e1n a un solo clic.<\/p>","protected":false},"excerpt":{"rendered":"<p>In today\u2019s digital world, where so many apps rely on filters, followers, and paywalls, ChatBlink stands out for keeping things simple. It\u2019s an easy, free random chat platform that connects people instantly \u2014 no registration, no downloads, and no fuss. Whether you\u2019re looking for a quick chat, a new friend, or a spontaneous video conversation [&hellip;]<\/p>\n","protected":false},"author":6,"featured_media":0,"parent":0,"menu_order":0,"comment_status":"closed","ping_status":"closed","template":"","meta":{"footnotes":""},"class_list":["post-3171","page","type-page","status-publish","hentry"],"yoast_head":"<!-- This site is optimized with the Yoast SEO plugin v27.4 - https:\/\/yoast.com\/product\/yoast-seo-wordpress\/ -->\n<title>ChatBlink - Free Online Chat &amp; Meet New Friends - TinyChat.com<\/title>\n<meta name=\"description\" content=\"Enjoying ChatBlink? Join over 50,000,000 strangers on TinyChat! Turn on your cam and start meeting new people, or find a match.\" \/>\n<meta name=\"robots\" content=\"index, follow, max-snippet:-1, max-image-preview:large, max-video-preview:-1\" \/>\n<link rel=\"canonical\" href=\"https:\/\/tinychat.com\/es\/chatblink\/\" \/>\n<meta property=\"og:locale\" content=\"es_ES\" \/>\n<meta property=\"og:type\" content=\"article\" \/>\n<meta property=\"og:title\" content=\"ChatBlink - Free Online Chat &amp; Meet New Friends - TinyChat.com\" \/>\n<meta property=\"og:description\" content=\"Enjoying ChatBlink? Join over 50,000,000 strangers on TinyChat! Turn on your cam and start meeting new people, or find a match.\" \/>\n<meta property=\"og:url\" content=\"https:\/\/tinychat.com\/es\/chatblink\/\" \/>\n<meta property=\"og:site_name\" content=\"TinyChat\" \/>\n<meta property=\"article:publisher\" content=\"https:\/\/www.facebook.com\/tinychat\" \/>\n<meta property=\"article:modified_time\" content=\"2025-10-21T11:21:20+00:00\" \/>\n<meta property=\"og:image\" content=\"https:\/\/tinychat.com\/wp-content\/uploads\/2020\/04\/Tinychat-logo-1280x284-new-black.png\" \/>\n\t<meta property=\"og:image:width\" content=\"1280\" \/>\n\t<meta property=\"og:image:height\" content=\"284\" \/>\n\t<meta property=\"og:image:type\" content=\"image\/png\" \/>\n<meta name=\"twitter:card\" content=\"summary_large_image\" \/>\n<meta name=\"twitter:site\" content=\"@tinychat\" \/>\n<meta name=\"twitter:label1\" content=\"Tiempo de lectura\" \/>\n\t<meta name=\"twitter:data1\" content=\"6 minutos\" \/>\n<script type=\"application\/ld+json\" class=\"yoast-schema-graph\">{\"@context\":\"https:\\\/\\\/schema.org\",\"@graph\":[{\"@type\":\"WebPage\",\"@id\":\"https:\\\/\\\/tinychat.com\\\/chatblink\\\/\",\"url\":\"https:\\\/\\\/tinychat.com\\\/chatblink\\\/\",\"name\":\"ChatBlink - Free Online Chat & Meet New Friends - TinyChat.com\",\"isPartOf\":{\"@id\":\"https:\\\/\\\/tinychat.com\\\/#website\"},\"datePublished\":\"2025-10-21T09:14:34+00:00\",\"dateModified\":\"2025-10-21T11:21:20+00:00\",\"description\":\"Enjoying ChatBlink? Join over 50,000,000 strangers on TinyChat! Turn on your cam and start meeting new people, or find a match.\",\"breadcrumb\":{\"@id\":\"https:\\\/\\\/tinychat.com\\\/chatblink\\\/#breadcrumb\"},\"inLanguage\":\"es\",\"potentialAction\":[{\"@type\":\"ReadAction\",\"target\":[\"https:\\\/\\\/tinychat.com\\\/chatblink\\\/\"]}]},{\"@type\":\"BreadcrumbList\",\"@id\":\"https:\\\/\\\/tinychat.com\\\/chatblink\\\/#breadcrumb\",\"itemListElement\":[{\"@type\":\"ListItem\",\"position\":1,\"name\":\"Home\",\"item\":\"https:\\\/\\\/tinychat.com\\\/\"},{\"@type\":\"ListItem\",\"position\":2,\"name\":\"ChatBlink\"}]},{\"@type\":\"WebSite\",\"@id\":\"https:\\\/\\\/tinychat.com\\\/#website\",\"url\":\"https:\\\/\\\/tinychat.com\\\/\",\"name\":\"TinyChat\",\"description\":\"Random Video Chat with Strangers\",\"publisher\":{\"@id\":\"https:\\\/\\\/tinychat.com\\\/#organization\"},\"alternateName\":\"TinyChat.com\",\"potentialAction\":[{\"@type\":\"SearchAction\",\"target\":{\"@type\":\"EntryPoint\",\"urlTemplate\":\"https:\\\/\\\/tinychat.com\\\/?s={search_term_string}\"},\"query-input\":{\"@type\":\"PropertyValueSpecification\",\"valueRequired\":true,\"valueName\":\"search_term_string\"}}],\"inLanguage\":\"es\"},{\"@type\":\"Organization\",\"@id\":\"https:\\\/\\\/tinychat.com\\\/#organization\",\"name\":\"TinyChat\",\"alternateName\":\"TinyChat.com\",\"url\":\"https:\\\/\\\/tinychat.com\\\/\",\"logo\":{\"@type\":\"ImageObject\",\"inLanguage\":\"es\",\"@id\":\"https:\\\/\\\/tinychat.com\\\/#\\\/schema\\\/logo\\\/image\\\/\",\"url\":\"https:\\\/\\\/tinychat.com\\\/wp-content\\\/uploads\\\/2023\\\/11\\\/Tinychat-icon-square.png\",\"contentUrl\":\"https:\\\/\\\/tinychat.com\\\/wp-content\\\/uploads\\\/2023\\\/11\\\/Tinychat-icon-square.png\",\"width\":284,\"height\":284,\"caption\":\"TinyChat\"},\"image\":{\"@id\":\"https:\\\/\\\/tinychat.com\\\/#\\\/schema\\\/logo\\\/image\\\/\"},\"sameAs\":[\"https:\\\/\\\/www.facebook.com\\\/tinychat\",\"https:\\\/\\\/x.com\\\/tinychat\"]}]}<\/script>\n<!-- \/ Yoast SEO plugin. -->","yoast_head_json":{"title":"ChatBlink - Chat en l\u00ednea gratis y conocer nuevos amigos - TinyChat.com","description":"\u00bfTe gusta ChatBlink? \u00a1\u00danete a m\u00e1s de 50.000.000 de desconocidos en TinyChat! Enciende tu c\u00e1mara y empieza a conocer gente nueva, o encuentra una pareja.","robots":{"index":"index","follow":"follow","max-snippet":"max-snippet:-1","max-image-preview":"max-image-preview:large","max-video-preview":"max-video-preview:-1"},"canonical":"https:\/\/tinychat.com\/es\/chatblink\/","og_locale":"es_ES","og_type":"article","og_title":"ChatBlink - Free Online Chat & Meet New Friends - TinyChat.com","og_description":"Enjoying ChatBlink? Join over 50,000,000 strangers on TinyChat! Turn on your cam and start meeting new people, or find a match.","og_url":"https:\/\/tinychat.com\/es\/chatblink\/","og_site_name":"TinyChat","article_publisher":"https:\/\/www.facebook.com\/tinychat","article_modified_time":"2025-10-21T11:21:20+00:00","og_image":[{"width":1280,"height":284,"url":"https:\/\/tinychat.com\/wp-content\/uploads\/2020\/04\/Tinychat-logo-1280x284-new-black.png","type":"image\/png"}],"twitter_card":"summary_large_image","twitter_site":"@tinychat","twitter_misc":{"Tiempo de lectura":"6 minutos"},"schema":{"@context":"https:\/\/schema.org","@graph":[{"@type":"WebPage","@id":"https:\/\/tinychat.com\/chatblink\/","url":"https:\/\/tinychat.com\/chatblink\/","name":"ChatBlink - Chat en l\u00ednea gratis y conocer nuevos amigos - TinyChat.com","isPartOf":{"@id":"https:\/\/tinychat.com\/#website"},"datePublished":"2025-10-21T09:14:34+00:00","dateModified":"2025-10-21T11:21:20+00:00","description":"\u00bfTe gusta ChatBlink? \u00a1\u00danete a m\u00e1s de 50.000.000 de desconocidos en TinyChat! Enciende tu c\u00e1mara y empieza a conocer gente nueva, o encuentra una pareja.","breadcrumb":{"@id":"https:\/\/tinychat.com\/chatblink\/#breadcrumb"},"inLanguage":"es","potentialAction":[{"@type":"ReadAction","target":["https:\/\/tinychat.com\/chatblink\/"]}]},{"@type":"BreadcrumbList","@id":"https:\/\/tinychat.com\/chatblink\/#breadcrumb","itemListElement":[{"@type":"ListItem","position":1,"name":"Home","item":"https:\/\/tinychat.com\/"},{"@type":"ListItem","position":2,"name":"ChatBlink"}]},{"@type":"WebSite","@id":"https:\/\/tinychat.com\/#website","url":"https:\/\/tinychat.com\/","name":"TinyChat","description":"Videochat aleatorio con desconocidos","publisher":{"@id":"https:\/\/tinychat.com\/#organization"},"alternateName":"TinyChat.com","potentialAction":[{"@type":"SearchAction","target":{"@type":"EntryPoint","urlTemplate":"https:\/\/tinychat.com\/?s={search_term_string}"},"query-input":{"@type":"PropertyValueSpecification","valueRequired":true,"valueName":"search_term_string"}}],"inLanguage":"es"},{"@type":"Organization","@id":"https:\/\/tinychat.com\/#organization","name":"TinyChat","alternateName":"TinyChat.com","url":"https:\/\/tinychat.com\/","logo":{"@type":"ImageObject","inLanguage":"es","@id":"https:\/\/tinychat.com\/#\/schema\/logo\/image\/","url":"https:\/\/tinychat.com\/wp-content\/uploads\/2023\/11\/Tinychat-icon-square.png","contentUrl":"https:\/\/tinychat.com\/wp-content\/uploads\/2023\/11\/Tinychat-icon-square.png","width":284,"height":284,"caption":"TinyChat"},"image":{"@id":"https:\/\/tinychat.com\/#\/schema\/logo\/image\/"},"sameAs":["https:\/\/www.facebook.com\/tinychat","https:\/\/x.com\/tinychat"]}]}},"_links":{"self":[{"href":"https:\/\/tinychat.com\/es\/wp-json\/wp\/v2\/pages\/3171","targetHints":{"allow":["GET"]}}],"collection":[{"href":"https:\/\/tinychat.com\/es\/wp-json\/wp\/v2\/pages"}],"about":[{"href":"https:\/\/tinychat.com\/es\/wp-json\/wp\/v2\/types\/page"}],"author":[{"embeddable":true,"href":"https:\/\/tinychat.com\/es\/wp-json\/wp\/v2\/users\/6"}],"replies":[{"embeddable":true,"href":"https:\/\/tinychat.com\/es\/wp-json\/wp\/v2\/comments?post=3171"}],"version-history":[{"count":3,"href":"https:\/\/tinychat.com\/es\/wp-json\/wp\/v2\/pages\/3171\/revisions"}],"predecessor-version":[{"id":13562,"href":"https:\/\/tinychat.com\/es\/wp-json\/wp\/v2\/pages\/3171\/revisions\/13562"}],"wp:attachment":[{"href":"https:\/\/tinychat.com\/es\/wp-json\/wp\/v2\/media?parent=3171"}],"curies":[{"name":"wp","href":"https:\/\/api.w.org\/{rel}","templated":true}]}}