{"id":3266,"date":"2025-09-29T11:39:15","date_gmt":"2025-09-29T09:39:15","guid":{"rendered":"https:\/\/tinychat.com\/?page_id=3266"},"modified":"2025-09-29T12:44:51","modified_gmt":"2025-09-29T10:44:51","slug":"imeetzu","status":"publish","type":"page","link":"https:\/\/tinychat.com\/es\/imeetzu\/","title":{"rendered":"iMeetzu"},"content":{"rendered":"<p>El auge de las plataformas de videoconferencias aleatorias ha cambiado la forma en que la gente se conecta a Internet. Mientras las redes sociales nos mantienen atados a los amigos que ya conocemos, plataformas como Omegle, Chatroulette y Chatrandom introducen la emoci\u00f3n de conocer a completos desconocidos con un solo clic. Entre las plataformas menos conocidas pero de gran impacto en este \u00e1mbito est\u00e1 iMeetzu, un servicio que combina funciones de chat aleatorio con herramientas de redes sociales, creando una experiencia que va m\u00e1s all\u00e1 de los encuentros fugaces.<\/p>\n<p>Tanto si buscas un chat de texto r\u00e1pido, una videollamada espont\u00e1nea o incluso una amistad continuada, iMeetzu ofrece una mezcla de aleatoriedad y comunidad que lo mantiene relevante en el competitivo espacio del chat.<\/p>\n<p>Esta revisi\u00f3n en profundidad cubrir\u00e1 qu\u00e9 es el iMeetzu, sus caracter\u00edsticas, c\u00f3mo usarlo, experiencia de usuario, comparaciones, consejos de seguridad y consejos para sacarle el m\u00e1ximo partido.<\/p>\n<h2>\u00bfQu\u00e9 es el iMeetzu?<\/h2>\n<p>iMeetzu es una plataforma de chat aleatoria que combina caracter\u00edsticas del estilo de Omegle con funciones de red social. En esencia, permite a los usuarios chatear con desconocidos al instante, mediante texto o v\u00eddeo. Pero a diferencia de muchos servicios de chat aleatorios, iMeetzu tambi\u00e9n incluye:<\/p>\n<ul>\n<li>Salas de chat p\u00fablicas<\/li>\n<li>Listas de amigos<\/li>\n<li>Perfiles de usuario<\/li>\n<\/ul>\n<p>Este enfoque h\u00edbrido lo hace m\u00e1s vers\u00e1til que las plataformas minimalistas. En lugar de ofrecer \u00fanicamente encuentros aleatorios, iMeetzu proporciona herramientas para estar conectado con la gente que te gusta, d\u00e1ndole una dimensi\u00f3n social.<\/p>\n<h2>Caracter\u00edsticas principales de iMeetzu<\/h2>\n<p>iMeetzu ofrece un amplio conjunto de funciones tanto para usuarios ocasionales como para quienes buscan algo a m\u00e1s largo plazo.<\/p>\n<h3>1. Chat de texto aleatorio<\/h3>\n<ul>\n<li>Conversaciones instant\u00e1neas cara a cara con desconocidos.<\/li>\n<li>Funciona como el modo cl\u00e1sico de s\u00f3lo texto del Omegle.<\/li>\n<li>Ideal para interacciones r\u00e1pidas y de baja presi\u00f3n.<\/li>\n<\/ul>\n<h3>2. Videochat aleatorio<\/h3>\n<ul>\n<li>Conversaciones cara a cara con desconocidos.<\/li>\n<li>Compatibilidad con c\u00e1mara web y micr\u00f3fono.<\/li>\n<li>El bot\u00f3n Saltar le permite avanzar al instante.<\/li>\n<\/ul>\n<h3>3. Salas de chat p\u00fablicas<\/h3>\n<ul>\n<li>Salas de grupo en las que pueden hablar varios usuarios.<\/li>\n<li>Ideal para reunirse con varias personas a la vez.<\/li>\n<li>Abarca una gran variedad de temas e intereses.<\/li>\n<\/ul>\n<h3>4. Perfiles de usuario y amigos<\/h3>\n<ul>\n<li>A diferencia de las plataformas puramente aleatorias, iMeetzu te permite crear un perfil.<\/li>\n<li>A\u00f1ade personas como amigos para continuar las conversaciones m\u00e1s tarde.<\/li>\n<li>Los perfiles le dan un aire de \"red social\".<\/li>\n<\/ul>\n<h3>5. Compatibilidad m\u00f3vil<\/h3>\n<ul>\n<li>Funciona en navegadores m\u00f3viles.<\/li>\n<li>Ofrece funciones similares a las de una aplicaci\u00f3n para facilitar el acceso.<\/li>\n<\/ul>\n<h3>6. Libre de usar<\/h3>\n<ul>\n<li>Las funciones principales son gratuitas, sin suscripciones obligatorias.<\/li>\n<\/ul>\n<h2>C\u00f3mo utilizar iMeetzu<\/h2>\n<p>El iMeetzu est\u00e1 dise\u00f1ado para ser f\u00e1cil de usar para principiantes. A continuaci\u00f3n te explicamos c\u00f3mo empezar:<\/p>\n<h3>Paso 1: Visite el sitio web<\/h3>\n<ul>\n<li>Abre iMeetzu en tu navegador (de escritorio o m\u00f3vil).<\/li>\n<\/ul>\n<h3>Paso 2: Elegir un modo<\/h3>\n<ul>\n<li>Chat de texto: Para conversaciones basadas en la escritura.<\/li>\n<li>Videochat: Para encuentros cara a cara.<\/li>\n<li>Salas de chat: Para discusiones en grupo.<\/li>\n<\/ul>\n<h3>Paso 3: Permitir permisos (opcional)<\/h3>\n<ul>\n<li>Si utilizas v\u00eddeo, permite el acceso a la c\u00e1mara y al micr\u00f3fono.<\/li>\n<\/ul>\n<h3>Paso 4: Empezar a chatear<\/h3>\n<ul>\n<li>Te emparejan con un desconocido al instante.<\/li>\n<li>A\u00f1ade amigos si quieres seguir hablando m\u00e1s tarde.<\/li>\n<\/ul>\n<h3>Paso 5: Seguir explorando<\/h3>\n<ul>\n<li>Cambia entre el chat aleatorio, las salas de chat y tu lista de amigos.<\/li>\n<\/ul>\n<p>Esto hace que iMeetzu sea m\u00e1s vers\u00e1til que las plataformas que s\u00f3lo ofrecen un modo de chat.<\/p>\n<h2>Experiencia de usuario en iMeetzu<\/h2>\n<p>iMeetzu destaca por su mezcla de aleatoriedad y comunidad.<\/p>\n<h3>Lo que les gusta a los usuarios<\/h3>\n<ul>\n<li>Combina el chat aleatorio con funciones sociales.<\/li>\n<li>Posibilidad de a\u00f1adir amigos y crear perfiles.<\/li>\n<li>M\u00faltiples modos de chat (texto, v\u00eddeo, grupo).<\/li>\n<li>Uso gratuito, sin grandes restricciones.<\/li>\n<\/ul>\n<h3>Donde los usuarios ven margen de mejora<\/h3>\n<ul>\n<li>La interfaz parece anticuada en comparaci\u00f3n con las aplicaciones modernas.<\/li>\n<li>Base de usuarios m\u00e1s reducida que Omegle o Chatroulette.<\/li>\n<li>La calidad del partido var\u00eda seg\u00fan la hora del d\u00eda.<\/li>\n<li>No est\u00e1 tan optimizado para m\u00f3viles como otros competidores m\u00e1s recientes.<\/li>\n<\/ul>\n<p>Para muchos usuarios, sin embargo, el sistema de amigos y las salas de chat de iMeetzu lo hacen m\u00e1s atractivo que las plataformas que s\u00f3lo ofrecen emparejamientos aleatorios.<\/p>\n<h2>iMeetzu frente a otras plataformas<\/h2>\n<p>Compara iMeetzu con sus competidores:<\/p>\n<table>\n<thead>\n<tr>\n<th>Caracter\u00edstica<\/th>\n<th>iMeetzu<\/th>\n<th>Omegle<\/th>\n<th>Chatroulette<\/th>\n<th>ChatHub<\/th>\n<th>Emerald Chat<\/th>\n<th>Y99<\/th>\n<\/tr>\n<\/thead>\n<tbody>\n<tr>\n<td>Chat de texto aleatorio<\/td>\n<td>\u2705 S\u00ed<\/td>\n<td>\u2705 S\u00ed<\/td>\n<td>\u2705 S\u00ed<\/td>\n<td>\u2705 S\u00ed<\/td>\n<td>\u2705 S\u00ed<\/td>\n<td>\u2705 S\u00ed<\/td>\n<\/tr>\n<tr>\n<td>Random Video Chat con Desconocidos<\/td>\n<td>\u2705 S\u00ed<\/td>\n<td>\u2705 S\u00ed<\/td>\n<td>\u2705 S\u00ed<\/td>\n<td>\u2705 S\u00ed<\/td>\n<td>\u2705 S\u00ed<\/td>\n<td>\u2705 S\u00ed<\/td>\n<\/tr>\n<tr>\n<td>Salas de chat p\u00fablicas<\/td>\n<td>\u2705 S\u00ed<\/td>\n<td>\u274c No<\/td>\n<td>\u274c No<\/td>\n<td>\u274c No<\/td>\n<td>\u274c No<\/td>\n<td>\u2705 S\u00ed<\/td>\n<\/tr>\n<tr>\n<td>Perfiles de usuario y amigos<\/td>\n<td>\u2705 S\u00ed<\/td>\n<td>\u274c No<\/td>\n<td>\u274c No<\/td>\n<td>\u2705 S\u00ed<\/td>\n<td>\u2705 S\u00ed<\/td>\n<td>\u2705 S\u00ed<\/td>\n<\/tr>\n<tr>\n<td>Anonimato<\/td>\n<td>\u2705 Moderado<\/td>\n<td>\u2705 Fuerte<\/td>\n<td>\u2705 Fuerte<\/td>\n<td>\u2705 Moderado<\/td>\n<td>\u2705 Moderado<\/td>\n<td>\u2705 Moderado<\/td>\n<\/tr>\n<tr>\n<td>Aplicaci\u00f3n m\u00f3vil<\/td>\n<td>\u2705 Parcial<\/td>\n<td>\u2705 S\u00ed<\/td>\n<td>\u2705 S\u00ed<\/td>\n<td>\u2705 S\u00ed<\/td>\n<td>\u2705 S\u00ed<\/td>\n<td>\u274c No<\/td>\n<\/tr>\n<\/tbody>\n<\/table>\n<p>Resumen: iMeetzu se sit\u00faa entre la aleatoriedad al estilo Omegle y la creaci\u00f3n de comunidades al estilo Y99, ofreciendo tanto chats instant\u00e1neos como opciones sociales a largo plazo.<\/p>\n<h2>\u00bfEs seguro el iMeetzu?<\/h2>\n<p>Como cualquier plataforma que pone en contacto a desconocidos, iMeetzu tiene pros y contras en lo que a seguridad se refiere.<\/p>\n<h3>Herramientas de seguridad integradas<\/h3>\n<ul>\n<li>Bot\u00f3n de salto para abandonar conversaciones al instante.<\/li>\n<li>Funciones de denuncia\/bloqueo de comportamientos inadecuados.<\/li>\n<li>El sistema de perfiles permite gestionar los amigos.<\/li>\n<\/ul>\n<h3>Consejos de seguridad para los usuarios<\/h3>\n<ul>\n<li>No compartas informaci\u00f3n personal con desconocidos.<\/li>\n<li>Lim\u00edtate a temas informales en chats aleatorios.<\/li>\n<li>Los padres deben supervisar a los usuarios m\u00e1s j\u00f3venes.<\/li>\n<li>Utiliza la mensajer\u00eda privada s\u00f3lo con amigos de confianza.<\/li>\n<li>Considere la posibilidad de utilizar una VPN para mayor privacidad.<\/li>\n<\/ul>\n<h2>Consejos para sacar el m\u00e1ximo partido al iMeetzu<\/h2>\n<ul>\n<li>Prueba distintos modos: alterna entre texto, v\u00eddeo y salas de chat.<\/li>\n<li>A\u00f1ade personas interesantes a tu lista de amigos para establecer conexiones continuas.<\/li>\n<li>Util\u00edzalo en el escritorio para obtener la mejor estabilidad y calidad de v\u00eddeo.<\/li>\n<li>Sea informal y divertido: los chats aleatorios funcionan mejor con temas ligeros.<\/li>\n<li>Utilice el bot\u00f3n de salto libremente: no todos los chats ser\u00e1n adecuados.<\/li>\n<li>Explora las salas de chat: suelen tener comunidades tem\u00e1ticas activas.<\/li>\n<\/ul>\n<h2>Problemas comunes y soluciones<\/h2>\n<h3>Problema: El v\u00eddeo no funciona<\/h3>\n<ul>\n<li>Compruebe los permisos del navegador.<\/li>\n<li>Reinicia el dispositivo o el navegador.<\/li>\n<\/ul>\n<h3>Problema: pocos partidos disponibles<\/h3>\n<ul>\n<li>Pruebe durante las horas punta (tardes\/fin de semana).<\/li>\n<li>\u00danete a las salas de chat para participar m\u00e1s activamente.<\/li>\n<\/ul>\n<h3>Problema: mala interfaz en el m\u00f3vil<\/h3>\n<ul>\n<li>Utiliza el escritorio para una navegaci\u00f3n m\u00e1s fluida.<\/li>\n<li>O activa el \"modo escritorio\" del navegador m\u00f3vil.<\/li>\n<\/ul>\n<h3>Problema: Spam o Bots<\/h3>\n<ul>\n<li>Salta inmediatamente.<\/li>\n<li>Notifique las cuentas sospechosas.<\/li>\n<\/ul>\n<h2>Por qu\u00e9 la gente elige iMeetzu<\/h2>\n<p>La gente recurre al iMeetzu porque ofrece:<\/p>\n<ul>\n<li>Variedad: texto, v\u00eddeo y salas de chat en un solo lugar.<\/li>\n<li>Listas de amigos de la comunidad y perfiles para conexiones continuas.<\/li>\n<li>Sencillez: sin configuraciones complejas, de uso gratuito.<\/li>\n<li>Equilibrio: diversi\u00f3n aleatoria e interacci\u00f3n estructurada.<\/li>\n<\/ul>\n<p>Captura la emoci\u00f3n de las conversaciones aleatorias y a\u00f1ade una capa social para establecer conexiones duraderas.<\/p>\n<h2>Reflexiones finales: \u00bfMerece la pena utilizar el iMeetzu?<\/h2>\n<p>Si buscas una plataforma que ofrezca algo m\u00e1s que chats aleatorios fugaces, merece la pena probar iMeetzu. Combina la espontaneidad de Omegle con la sensaci\u00f3n de comunidad de Y99 o Wireclub, lo que la hace vers\u00e1til para distintos tipos de usuarios.<\/p>\n<p>Tanto si quieres:<\/p>\n<ul>\n<li>Pasar el tiempo en chats de texto o v\u00eddeo aleatorios.<\/li>\n<li>Participe en animados chats p\u00fablicos.<\/li>\n<li>O construir amistades a trav\u00e9s de perfiles y listas de amigos...<\/li>\n<\/ul>\n<p>iMeetzu ofrece todo esto en un solo paquete.<\/p>\n<p>En resumen: iMeetzu es una plataforma social y de chat aleatoria h\u00edbrida que ofrece a los usuarios tanto encuentros instant\u00e1neos como conexiones a largo plazo. Si quieres m\u00e1s flexibilidad que Omegle pero menos estructura que las redes sociales completas, es un excelente t\u00e9rmino medio.<\/p>\n<p>\u00bfListo para probar? Visita iMeetzu, empieza a chatear y descubre ad\u00f3nde te lleva tu pr\u00f3xima conexi\u00f3n.<\/p>","protected":false},"excerpt":{"rendered":"<p>The rise of random video chat platforms has reshaped how people connect online. While social networks keep us tied to friends we already know, platforms like Omegle, Chatroulette, and Chatrandom introduced the thrill of meeting complete strangers with just one click. Among the lesser-known but still impactful platforms in this space is iMeetzu, a service [&hellip;]<\/p>\n","protected":false},"author":6,"featured_media":0,"parent":0,"menu_order":0,"comment_status":"closed","ping_status":"closed","template":"","meta":{"footnotes":""},"class_list":["post-3266","page","type-page","status-publish","hentry"],"yoast_head":"<!-- This site is optimized with the Yoast SEO plugin v27.6 - https:\/\/yoast.com\/product\/yoast-seo-wordpress\/ -->\n<title>iMeetzu - Chatroulette &amp; Omegle Alternative - TinyChat.com<\/title>\n<meta name=\"description\" content=\"Enjoying iMeetzu? Join over 50,000,000 strangers on TinyChat! Turn on your cam and start meeting new people, or find a match.\" \/>\n<meta name=\"robots\" content=\"index, follow, max-snippet:-1, max-image-preview:large, max-video-preview:-1\" \/>\n<link rel=\"canonical\" href=\"https:\/\/tinychat.com\/es\/imeetzu\/\" \/>\n<meta property=\"og:locale\" content=\"es_ES\" \/>\n<meta property=\"og:type\" content=\"article\" \/>\n<meta property=\"og:title\" content=\"iMeetzu - Chatroulette &amp; Omegle Alternative - TinyChat.com\" \/>\n<meta property=\"og:description\" content=\"Enjoying iMeetzu? Join over 50,000,000 strangers on TinyChat! Turn on your cam and start meeting new people, or find a match.\" \/>\n<meta property=\"og:url\" content=\"https:\/\/tinychat.com\/es\/imeetzu\/\" \/>\n<meta property=\"og:site_name\" content=\"TinyChat\" \/>\n<meta property=\"article:publisher\" content=\"https:\/\/www.facebook.com\/tinychat\" \/>\n<meta property=\"article:modified_time\" content=\"2025-09-29T10:44:51+00:00\" \/>\n<meta property=\"og:image\" content=\"https:\/\/tinychat.com\/wp-content\/uploads\/2020\/04\/Tinychat-logo-1280x284-new-black.png\" \/>\n\t<meta property=\"og:image:width\" content=\"1280\" \/>\n\t<meta property=\"og:image:height\" content=\"284\" \/>\n\t<meta property=\"og:image:type\" content=\"image\/png\" \/>\n<meta name=\"twitter:card\" content=\"summary_large_image\" \/>\n<meta name=\"twitter:site\" content=\"@tinychat\" \/>\n<meta name=\"twitter:label1\" content=\"Tiempo de lectura\" \/>\n\t<meta name=\"twitter:data1\" content=\"5 minutos\" \/>\n<script type=\"application\/ld+json\" class=\"yoast-schema-graph\">{\"@context\":\"https:\\\/\\\/schema.org\",\"@graph\":[{\"@type\":\"WebPage\",\"@id\":\"https:\\\/\\\/tinychat.com\\\/imeetzu\\\/\",\"url\":\"https:\\\/\\\/tinychat.com\\\/imeetzu\\\/\",\"name\":\"iMeetzu - Chatroulette & Omegle Alternative - TinyChat.com\",\"isPartOf\":{\"@id\":\"https:\\\/\\\/tinychat.com\\\/#website\"},\"datePublished\":\"2025-09-29T09:39:15+00:00\",\"dateModified\":\"2025-09-29T10:44:51+00:00\",\"description\":\"Enjoying iMeetzu? Join over 50,000,000 strangers on TinyChat! Turn on your cam and start meeting new people, or find a match.\",\"breadcrumb\":{\"@id\":\"https:\\\/\\\/tinychat.com\\\/imeetzu\\\/#breadcrumb\"},\"inLanguage\":\"es\",\"potentialAction\":[{\"@type\":\"ReadAction\",\"target\":[\"https:\\\/\\\/tinychat.com\\\/imeetzu\\\/\"]}]},{\"@type\":\"BreadcrumbList\",\"@id\":\"https:\\\/\\\/tinychat.com\\\/imeetzu\\\/#breadcrumb\",\"itemListElement\":[{\"@type\":\"ListItem\",\"position\":1,\"name\":\"Home\",\"item\":\"https:\\\/\\\/tinychat.com\\\/\"},{\"@type\":\"ListItem\",\"position\":2,\"name\":\"iMeetzu\"}]},{\"@type\":\"WebSite\",\"@id\":\"https:\\\/\\\/tinychat.com\\\/#website\",\"url\":\"https:\\\/\\\/tinychat.com\\\/\",\"name\":\"TinyChat\",\"description\":\"Random Video Chat with Strangers\",\"publisher\":{\"@id\":\"https:\\\/\\\/tinychat.com\\\/#organization\"},\"alternateName\":\"TinyChat.com\",\"potentialAction\":[{\"@type\":\"SearchAction\",\"target\":{\"@type\":\"EntryPoint\",\"urlTemplate\":\"https:\\\/\\\/tinychat.com\\\/?s={search_term_string}\"},\"query-input\":{\"@type\":\"PropertyValueSpecification\",\"valueRequired\":true,\"valueName\":\"search_term_string\"}}],\"inLanguage\":\"es\"},{\"@type\":\"Organization\",\"@id\":\"https:\\\/\\\/tinychat.com\\\/#organization\",\"name\":\"TinyChat\",\"alternateName\":\"TinyChat.com\",\"url\":\"https:\\\/\\\/tinychat.com\\\/\",\"logo\":{\"@type\":\"ImageObject\",\"inLanguage\":\"es\",\"@id\":\"https:\\\/\\\/tinychat.com\\\/#\\\/schema\\\/logo\\\/image\\\/\",\"url\":\"https:\\\/\\\/tinychat.com\\\/wp-content\\\/uploads\\\/2023\\\/11\\\/Tinychat-icon-square.png\",\"contentUrl\":\"https:\\\/\\\/tinychat.com\\\/wp-content\\\/uploads\\\/2023\\\/11\\\/Tinychat-icon-square.png\",\"width\":284,\"height\":284,\"caption\":\"TinyChat\"},\"image\":{\"@id\":\"https:\\\/\\\/tinychat.com\\\/#\\\/schema\\\/logo\\\/image\\\/\"},\"sameAs\":[\"https:\\\/\\\/www.facebook.com\\\/tinychat\",\"https:\\\/\\\/x.com\\\/tinychat\"]}]}<\/script>\n<!-- \/ Yoast SEO plugin. -->","yoast_head_json":{"title":"iMeetzu - Chatroulette y Omegle Alternativa - TinyChat.com","description":"\u00bfTe gusta iMeetzu? \u00a1\u00danete a m\u00e1s de 50.000.000 de desconocidos en TinyChat! Enciende tu c\u00e1mara y empieza a conocer gente nueva, o encuentra pareja.","robots":{"index":"index","follow":"follow","max-snippet":"max-snippet:-1","max-image-preview":"max-image-preview:large","max-video-preview":"max-video-preview:-1"},"canonical":"https:\/\/tinychat.com\/es\/imeetzu\/","og_locale":"es_ES","og_type":"article","og_title":"iMeetzu - Chatroulette & Omegle Alternative - TinyChat.com","og_description":"Enjoying iMeetzu? Join over 50,000,000 strangers on TinyChat! Turn on your cam and start meeting new people, or find a match.","og_url":"https:\/\/tinychat.com\/es\/imeetzu\/","og_site_name":"TinyChat","article_publisher":"https:\/\/www.facebook.com\/tinychat","article_modified_time":"2025-09-29T10:44:51+00:00","og_image":[{"width":1280,"height":284,"url":"https:\/\/tinychat.com\/wp-content\/uploads\/2020\/04\/Tinychat-logo-1280x284-new-black.png","type":"image\/png"}],"twitter_card":"summary_large_image","twitter_site":"@tinychat","twitter_misc":{"Tiempo de lectura":"5 minutos"},"schema":{"@context":"https:\/\/schema.org","@graph":[{"@type":"WebPage","@id":"https:\/\/tinychat.com\/imeetzu\/","url":"https:\/\/tinychat.com\/imeetzu\/","name":"iMeetzu - Chatroulette y Omegle Alternativa - TinyChat.com","isPartOf":{"@id":"https:\/\/tinychat.com\/#website"},"datePublished":"2025-09-29T09:39:15+00:00","dateModified":"2025-09-29T10:44:51+00:00","description":"\u00bfTe gusta iMeetzu? \u00a1\u00danete a m\u00e1s de 50.000.000 de desconocidos en TinyChat! Enciende tu c\u00e1mara y empieza a conocer gente nueva, o encuentra pareja.","breadcrumb":{"@id":"https:\/\/tinychat.com\/imeetzu\/#breadcrumb"},"inLanguage":"es","potentialAction":[{"@type":"ReadAction","target":["https:\/\/tinychat.com\/imeetzu\/"]}]},{"@type":"BreadcrumbList","@id":"https:\/\/tinychat.com\/imeetzu\/#breadcrumb","itemListElement":[{"@type":"ListItem","position":1,"name":"Home","item":"https:\/\/tinychat.com\/"},{"@type":"ListItem","position":2,"name":"iMeetzu"}]},{"@type":"WebSite","@id":"https:\/\/tinychat.com\/#website","url":"https:\/\/tinychat.com\/","name":"TinyChat","description":"Videochat aleatorio con desconocidos","publisher":{"@id":"https:\/\/tinychat.com\/#organization"},"alternateName":"TinyChat.com","potentialAction":[{"@type":"SearchAction","target":{"@type":"EntryPoint","urlTemplate":"https:\/\/tinychat.com\/?s={search_term_string}"},"query-input":{"@type":"PropertyValueSpecification","valueRequired":true,"valueName":"search_term_string"}}],"inLanguage":"es"},{"@type":"Organization","@id":"https:\/\/tinychat.com\/#organization","name":"TinyChat","alternateName":"TinyChat.com","url":"https:\/\/tinychat.com\/","logo":{"@type":"ImageObject","inLanguage":"es","@id":"https:\/\/tinychat.com\/#\/schema\/logo\/image\/","url":"https:\/\/tinychat.com\/wp-content\/uploads\/2023\/11\/Tinychat-icon-square.png","contentUrl":"https:\/\/tinychat.com\/wp-content\/uploads\/2023\/11\/Tinychat-icon-square.png","width":284,"height":284,"caption":"TinyChat"},"image":{"@id":"https:\/\/tinychat.com\/#\/schema\/logo\/image\/"},"sameAs":["https:\/\/www.facebook.com\/tinychat","https:\/\/x.com\/tinychat"]}]}},"_links":{"self":[{"href":"https:\/\/tinychat.com\/es\/wp-json\/wp\/v2\/pages\/3266","targetHints":{"allow":["GET"]}}],"collection":[{"href":"https:\/\/tinychat.com\/es\/wp-json\/wp\/v2\/pages"}],"about":[{"href":"https:\/\/tinychat.com\/es\/wp-json\/wp\/v2\/types\/page"}],"author":[{"embeddable":true,"href":"https:\/\/tinychat.com\/es\/wp-json\/wp\/v2\/users\/6"}],"replies":[{"embeddable":true,"href":"https:\/\/tinychat.com\/es\/wp-json\/wp\/v2\/comments?post=3266"}],"version-history":[{"count":3,"href":"https:\/\/tinychat.com\/es\/wp-json\/wp\/v2\/pages\/3266\/revisions"}],"predecessor-version":[{"id":13544,"href":"https:\/\/tinychat.com\/es\/wp-json\/wp\/v2\/pages\/3266\/revisions\/13544"}],"wp:attachment":[{"href":"https:\/\/tinychat.com\/es\/wp-json\/wp\/v2\/media?parent=3266"}],"curies":[{"name":"wp","href":"https:\/\/api.w.org\/{rel}","templated":true}]}}