{"id":3516,"date":"2025-07-16T00:21:58","date_gmt":"2025-07-15T22:21:58","guid":{"rendered":"https:\/\/tinychat.com\/?page_id=3516"},"modified":"2025-07-16T14:46:40","modified_gmt":"2025-07-16T12:46:40","slug":"video-chat-with-strangers","status":"publish","type":"page","link":"https:\/\/tinychat.com\/es\/video-chat-with-strangers\/","title":{"rendered":"Videochat con desconocidos"},"content":{"rendered":"<p>\u00bfCansado de los chats de grupo de siempre, de los interminables feeds sociales o de las aplicaciones de mensajer\u00eda impersonales? Hay una forma mejor de salir de tu burbuja: el videochat con desconocidos. Con s\u00f3lo una webcam y un poco de curiosidad, puedes abrir la puerta a un mundo de caras nuevas, nuevas perspectivas y conversaciones genuinas.<\/p>\n<p>Ya sea para charlar, re\u00edrse, flirtear o simplemente echar un vistazo a la vida de otra persona, el videochat con desconocidos ofrece toda la emoci\u00f3n de los encuentros en la vida real, sin viajes, molestias ni presiones.<\/p>\n<h2>\u00bfQu\u00e9 significa videochatear con desconocidos?<\/h2>\n<p>En t\u00e9rminos sencillos, el videochat con desconocidos consiste en utilizar la c\u00e1mara web y el micr\u00f3fono para conectar instant\u00e1neamente con personas en l\u00ednea. A diferencia de las t\u00edpicas redes sociales o aplicaciones para ligar, no hay que rellenar perfiles ni largas presentaciones: solo una conversaci\u00f3n instant\u00e1nea, en vivo y en directo, cara a cara con alguien nuevo cada vez que haces clic en \"siguiente\".<\/p>\n<p>Estas plataformas est\u00e1n dise\u00f1adas para:<\/p>\n<ul>\n<li>Videochat gratis con desconocidos: No es necesario registrarse ni pagar nada, simplemente empieza a chatear.<\/li>\n<li>Videochat aleatorio: Empar\u00e9jate con gente de todo el mundo en cuesti\u00f3n de segundos.<\/li>\n<li>Salas de videoconferencia para desconocidos: \u00danete a salas tem\u00e1ticas basadas en intereses o temas.<\/li>\n<\/ul>\n<p>Se trata de espontaneidad, de sorprender y de establecer conexiones reales, tanto si se habla cinco minutos como cinco horas.<\/p>\n<h2>\u00bfPor qu\u00e9 la gente elige el videochat con desconocidos?<\/h2>\n<p>Hay muchas razones por las que esta tendencia est\u00e1 despegando:<\/p>\n<ul>\n<li>Espontaneidad: cada charla es \u00fanica. Nunca sabes a qui\u00e9n conocer\u00e1s ni qu\u00e9 historia escuchar\u00e1s a continuaci\u00f3n.<\/li>\n<li>Alcance mundial: Haz amigos y conecta con personas de diferentes pa\u00edses y culturas.<\/li>\n<li>Sin presiones: \u00bfNo te apetece? Pulsa \"Siguiente\" e inicia una nueva conversaci\u00f3n, sin despedidas inc\u00f3modas.<\/li>\n<li>Anonimato: Utiliza un apodo, mant\u00e9n tus antecedentes neutrales y comparte s\u00f3lo lo que quieras.<\/li>\n<li>Combate la soledad: Perfecto para cualquiera que desee un poco de compa\u00f1\u00eda o un r\u00e1pido impulso an\u00edmico.<\/li>\n<li>Practique habilidades sociales o ling\u00fc\u00edsticas: Ideal para aprender, ligar o simplemente salir de tu zona de confort.<\/li>\n<\/ul>\n<p>\"Empec\u00e9 a chatear por v\u00eddeo con desconocidos s\u00f3lo por aburrimiento, pero ahora lo hago para conocer gente nueva, aprender sobre culturas diferentes y simplemente pasar un buen rato. Sinceramente, \u00a1es un poco adictivo!\".<\/p>\n<h2>\u00bfC\u00f3mo funciona el videochat gratis con desconocidos?<\/h2>\n<p>Empezar es f\u00e1cil, incluso para los principiantes:<\/p>\n<ol>\n<li>Elige un sitio o aplicaci\u00f3n de videochat gratuito con desconocidos (piensa en Omegle, Chatroulette, Chatspin o Camsurf).<\/li>\n<li>Permite el acceso de la c\u00e1mara y el micr\u00f3fono (siempre puedes permanecer fuera de c\u00e1mara si eres t\u00edmido).<\/li>\n<li>Haz clic en \"Empezar\", \"Conectar\" o \"Siguiente\" para que te emparejen con un desconocido al azar.<\/li>\n<li>Charla todo el tiempo que quieras y pasa a la siguiente persona cuando est\u00e9s preparado.<\/li>\n<li>Muchas plataformas tambi\u00e9n tienen filtros de intereses, ajustes de idioma y opciones an\u00f3nimas.<\/li>\n<\/ol>\n<p>Sin registros complicados ni largos formularios, s\u00f3lo conexi\u00f3n pura e instant\u00e1nea.<\/p>\n<h2>Las mejores plataformas para chatear por v\u00eddeo con desconocidos<\/h2>\n<p>Hay una plataforma para cada estado de \u00e1nimo y personalidad. Aqu\u00ed tienes algunas de las favoritas:<\/p>\n<ul>\n<li>Omegle: El original videochat gratuito con desconocidos, famoso por su sencillez y enorme alcance mundial.<\/li>\n<li>Chatroulette: R\u00e1pido, imprevisible y centrado en conexiones de v\u00eddeo instant\u00e1neas.<\/li>\n<li>Chatspin: A\u00f1ade filtros por sexo, ubicaci\u00f3n e intereses para facilitar el emparejamiento.<\/li>\n<li>Camsurf: Dise\u00f1o limpio y f\u00e1cil de usar desde el m\u00f3vil, ideal para chatear con desconocidos.<\/li>\n<li>Chatrandom: Ofrece salas tem\u00e1ticas y m\u00e1s control sobre con qui\u00e9n quedas.<\/li>\n<li>Bazoocam: Conocido por una comunidad amistosa y juegos divertidos para romper el hielo.<\/li>\n<\/ul>\n<p>Pruebe unos cuantos para ver cu\u00e1l se adapta mejor a su ambiente: cada uno tiene su propia comunidad y su propio ritmo.<\/p>\n<h2>Videochat con desconocidos frente a otro tipo de comunicaci\u00f3n en l\u00ednea<\/h2>\n<table>\n<thead>\n<tr>\n<th>Caracter\u00edstica<\/th>\n<th>Videochat con desconocidos<\/th>\n<th>Chat en grupo<\/th>\n<th>Aplicaciones de mensajer\u00eda<\/th>\n<th>Redes sociales<\/th>\n<\/tr>\n<\/thead>\n<tbody>\n<tr>\n<td>Cara a cara en tiempo real<\/td>\n<td>\u2705<\/td>\n<td>\u2705<\/td>\n<td>\u274c<\/td>\n<td>\u2705<\/td>\n<\/tr>\n<tr>\n<td>Coincidencia an\u00f3nima\/aleatoria<\/td>\n<td>\u2705<\/td>\n<td>\u274c<\/td>\n<td>\u274c<\/td>\n<td>\u274c<\/td>\n<\/tr>\n<tr>\n<td>No es necesario inscribirse<\/td>\n<td>\u2705<\/td>\n<td>\u2705\/\u274c<\/td>\n<td>\u274c<\/td>\n<td>\u274c<\/td>\n<\/tr>\n<tr>\n<td>Bot\u00f3n \"Siguiente\" (saltar usuarios)<\/td>\n<td>\u2705<\/td>\n<td>\u274c<\/td>\n<td>\u274c<\/td>\n<td>\u274c<\/td>\n<\/tr>\n<tr>\n<td>Uso gratuito<\/td>\n<td>\u2705<\/td>\n<td>\u2705<\/td>\n<td>\u2705<\/td>\n<td>\u2705<\/td>\n<\/tr>\n<\/tbody>\n<\/table>\n<p>El videochat con desconocidos destaca por su inmediatez, espontaneidad y pura imprevisibilidad.<\/p>\n<h2>C\u00f3mo mantener la seguridad al chatear por v\u00eddeo con desconocidos<\/h2>\n<p>La mayor\u00eda de la gente s\u00f3lo busca diversi\u00f3n o conexi\u00f3n, pero tu intimidad es importante. Ten en cuenta estos consejos:<\/p>\n<ul>\n<li>Nunca compartas datos personales (apellido, direcci\u00f3n, n\u00famero de tel\u00e9fono) en un chat.<\/li>\n<li>Utiliza un apodo y mant\u00e9n un fondo neutro.<\/li>\n<li>Si alguien es grosero o te incomoda, pasa al siguiente o utiliza la funci\u00f3n de denunciar\/bloquear.<\/li>\n<li>No hagas clic en enlaces desconocidos ni compartas im\u00e1genes delicadas.<\/li>\n<li>Si quieres m\u00e1s privacidad, utiliza plataformas que no requieran registro ni almacenen registros de chat.<\/li>\n<\/ul>\n<p>Ser precavido hace que la experiencia sea m\u00e1s segura y agradable para todos.<\/p>\n<h2>\u00bfQui\u00e9n utiliza el videochat con desconocidos?<\/h2>\n<p>Gente de todas las profesiones y condiciones sociales. Conocer\u00e1s a<\/p>\n<ul>\n<li>Estudiantes que practican idiomas o hacen amigos en el extranjero<\/li>\n<li>Solteros que buscan una forma de ligar y tener citas sin presiones<\/li>\n<li>Nocturnos e insomnes que s\u00f3lo quieren hablar con alguien<\/li>\n<li>Viajeros y expatriados en contacto con nuevas comunidades<\/li>\n<li>Cualquiera que busque consejo, apoyo o una nueva perspectiva<\/li>\n<\/ul>\n<p>Seas t\u00edmido o extrovertido, joven o mayor, siempre hay alguien interesante al otro lado de la pantalla.<\/p>\n<h2>Consejos para sacar el m\u00e1ximo partido al chat de v\u00eddeo aleatorio<\/h2>\n<ul>\n<li>Sonr\u00eda y muestre una actitud abierta: la primera impresi\u00f3n importa, incluso en Internet.<\/li>\n<li>Pregunte sobre m\u00fasica, viajes, aficiones o cultura. La curiosidad hace que las conversaciones sean m\u00e1s divertidas.<\/li>\n<li>No te estreses si una charla resulta inc\u00f3moda. La pr\u00f3xima puede ser incre\u00edble.<\/li>\n<li>Utiliza filtros de intereses para conocer a personas con las que tengas m\u00e1s probabilidades de conectar.<\/li>\n<li>Si est\u00e1s nervioso, empieza con s\u00f3lo texto o mant\u00e9n la c\u00e1mara apagada hasta que te sientas c\u00f3modo.<\/li>\n<\/ul>\n<p>Explore a distintas horas del d\u00eda para ver caras nuevas y perspectivas globales.<\/p>\n<h2>Cu\u00e1ndo probar el videochat con desconocidos<\/h2>\n<ul>\n<li>Si est\u00e1s aburrido y quieres compa\u00f1\u00eda<\/li>\n<li>Conocer nuevas culturas o idiomas<\/li>\n<li>Para risas r\u00e1pidas, charlas coquetas o incluso conversaciones profundas<\/li>\n<li>Cuando te sientas solo o simplemente quieras ver una cara amiga<\/li>\n<li>Para ampliar su c\u00edrculo social m\u00e1s all\u00e1 de su burbuja habitual<\/li>\n<\/ul>\n<p>\u00bfNo tienes planes para esta noche? Un videochat aleatorio con desconocidos puede ser lo mejor de tu semana.<\/p>\n<h2>Videochat gratis con desconocidos vs. opciones de pago<\/h2>\n<p>La mayor\u00eda de los sitios ofrecen todas sus funciones principales de forma gratuita, sin necesidad de suscripci\u00f3n o tarjeta de cr\u00e9dito. Algunas funciones de pago son:<\/p>\n<ul>\n<li>Filtros avanzados (sexo, intereses, ubicaci\u00f3n)<\/li>\n<li>Coincidencia prioritaria o experiencia sin anuncios<\/li>\n<li>Regalos virtuales, pegatinas o juegos en el chat<\/li>\n<li>Salas privadas o s\u00f3lo para invitados<\/li>\n<\/ul>\n<p>Pero para la mayor\u00eda de la gente, las plataformas gratuitas son m\u00e1s que suficientes para conocerse, chatear y conectar.<\/p>\n<p>El videochat con desconocidos es una de las formas m\u00e1s emocionantes y gratificantes de salir de la rutina y conocer gente nueva de todo el mundo. Con solo una webcam y un poco de curiosidad, puedes vivir conversaciones reales, encuentros sorpresa y momentos genuinos: sin presiones, sin compromisos y siempre algo nuevo.<\/p>\n<p>\u00bfListo para intentarlo? Entra en una plataforma de videochat gratuita esta noche y mira a qui\u00e9n vas a conocer. Tu pr\u00f3xima amistad, historia o incluso una peque\u00f1a aventura est\u00e1 a un solo clic.<\/p>","protected":false},"excerpt":{"rendered":"<p>Tired of the same old group chats, endless social feeds, or messaging apps that feel impersonal? There\u2019s a better way to break out of your bubble\u2014video chat with strangers. With just a webcam and a sense of curiosity, you can open the door to a world of new faces, fresh perspectives, and genuine conversations. Whether [&hellip;]<\/p>\n","protected":false},"author":8,"featured_media":0,"parent":0,"menu_order":0,"comment_status":"closed","ping_status":"closed","template":"","meta":{"footnotes":""},"class_list":["post-3516","page","type-page","status-publish","hentry"],"yoast_head":"<!-- This site is optimized with the Yoast SEO plugin v27.4 - https:\/\/yoast.com\/product\/yoast-seo-wordpress\/ -->\n<title>Video Chat With Strangers with Video Chat on TinyChat.com<\/title>\n<meta name=\"description\" content=\"Enjoying Video Chat With Strangers? Join over 50,000,000 strangers on TinyChat! Turn on your cam and start meeting new people, or find a match.\" \/>\n<meta name=\"robots\" content=\"index, follow, max-snippet:-1, max-image-preview:large, max-video-preview:-1\" \/>\n<link rel=\"canonical\" href=\"https:\/\/tinychat.com\/es\/video-chat-with-strangers\/\" \/>\n<meta property=\"og:locale\" content=\"es_ES\" \/>\n<meta property=\"og:type\" content=\"article\" \/>\n<meta property=\"og:title\" content=\"Video Chat With Strangers with Video Chat on TinyChat.com\" \/>\n<meta property=\"og:description\" content=\"Enjoying Video Chat With Strangers? Join over 50,000,000 strangers on TinyChat! Turn on your cam and start meeting new people, or find a match.\" \/>\n<meta property=\"og:url\" content=\"https:\/\/tinychat.com\/es\/video-chat-with-strangers\/\" \/>\n<meta property=\"og:site_name\" content=\"TinyChat\" \/>\n<meta property=\"article:publisher\" content=\"https:\/\/www.facebook.com\/tinychat\" \/>\n<meta property=\"article:modified_time\" content=\"2025-07-16T12:46:40+00:00\" \/>\n<meta property=\"og:image\" content=\"https:\/\/tinychat.com\/wp-content\/uploads\/2020\/04\/Tinychat-logo-1280x284-new-black.png\" \/>\n\t<meta property=\"og:image:width\" content=\"1280\" \/>\n\t<meta property=\"og:image:height\" content=\"284\" \/>\n\t<meta property=\"og:image:type\" content=\"image\/png\" \/>\n<meta name=\"twitter:card\" content=\"summary_large_image\" \/>\n<meta name=\"twitter:site\" content=\"@tinychat\" \/>\n<meta name=\"twitter:label1\" content=\"Tiempo de lectura\" \/>\n\t<meta name=\"twitter:data1\" content=\"5 minutos\" \/>\n<script type=\"application\/ld+json\" class=\"yoast-schema-graph\">{\"@context\":\"https:\\\/\\\/schema.org\",\"@graph\":[{\"@type\":\"WebPage\",\"@id\":\"https:\\\/\\\/tinychat.com\\\/video-chat-with-strangers\\\/\",\"url\":\"https:\\\/\\\/tinychat.com\\\/video-chat-with-strangers\\\/\",\"name\":\"Video Chat With Strangers with Video Chat on TinyChat.com\",\"isPartOf\":{\"@id\":\"https:\\\/\\\/tinychat.com\\\/#website\"},\"datePublished\":\"2025-07-15T22:21:58+00:00\",\"dateModified\":\"2025-07-16T12:46:40+00:00\",\"description\":\"Enjoying Video Chat With Strangers? Join over 50,000,000 strangers on TinyChat! Turn on your cam and start meeting new people, or find a match.\",\"breadcrumb\":{\"@id\":\"https:\\\/\\\/tinychat.com\\\/video-chat-with-strangers\\\/#breadcrumb\"},\"inLanguage\":\"es\",\"potentialAction\":[{\"@type\":\"ReadAction\",\"target\":[\"https:\\\/\\\/tinychat.com\\\/video-chat-with-strangers\\\/\"]}]},{\"@type\":\"BreadcrumbList\",\"@id\":\"https:\\\/\\\/tinychat.com\\\/video-chat-with-strangers\\\/#breadcrumb\",\"itemListElement\":[{\"@type\":\"ListItem\",\"position\":1,\"name\":\"Home\",\"item\":\"https:\\\/\\\/tinychat.com\\\/\"},{\"@type\":\"ListItem\",\"position\":2,\"name\":\"Video Chat With Strangers\"}]},{\"@type\":\"WebSite\",\"@id\":\"https:\\\/\\\/tinychat.com\\\/#website\",\"url\":\"https:\\\/\\\/tinychat.com\\\/\",\"name\":\"TinyChat\",\"description\":\"Random Video Chat with Strangers\",\"publisher\":{\"@id\":\"https:\\\/\\\/tinychat.com\\\/#organization\"},\"alternateName\":\"TinyChat.com\",\"potentialAction\":[{\"@type\":\"SearchAction\",\"target\":{\"@type\":\"EntryPoint\",\"urlTemplate\":\"https:\\\/\\\/tinychat.com\\\/?s={search_term_string}\"},\"query-input\":{\"@type\":\"PropertyValueSpecification\",\"valueRequired\":true,\"valueName\":\"search_term_string\"}}],\"inLanguage\":\"es\"},{\"@type\":\"Organization\",\"@id\":\"https:\\\/\\\/tinychat.com\\\/#organization\",\"name\":\"TinyChat\",\"alternateName\":\"TinyChat.com\",\"url\":\"https:\\\/\\\/tinychat.com\\\/\",\"logo\":{\"@type\":\"ImageObject\",\"inLanguage\":\"es\",\"@id\":\"https:\\\/\\\/tinychat.com\\\/#\\\/schema\\\/logo\\\/image\\\/\",\"url\":\"https:\\\/\\\/tinychat.com\\\/wp-content\\\/uploads\\\/2023\\\/11\\\/Tinychat-icon-square.png\",\"contentUrl\":\"https:\\\/\\\/tinychat.com\\\/wp-content\\\/uploads\\\/2023\\\/11\\\/Tinychat-icon-square.png\",\"width\":284,\"height\":284,\"caption\":\"TinyChat\"},\"image\":{\"@id\":\"https:\\\/\\\/tinychat.com\\\/#\\\/schema\\\/logo\\\/image\\\/\"},\"sameAs\":[\"https:\\\/\\\/www.facebook.com\\\/tinychat\",\"https:\\\/\\\/x.com\\\/tinychat\"]}]}<\/script>\n<!-- \/ Yoast SEO plugin. -->","yoast_head_json":{"title":"Videochat con desconocidos con Videochat en TinyChat.com","description":"\u00bfDisfrutas chateando con desconocidos? \u00a1\u00danete a m\u00e1s de 50.000.000 de desconocidos en TinyChat! Enciende tu c\u00e1mara y empieza a conocer gente nueva, o encuentra una pareja.","robots":{"index":"index","follow":"follow","max-snippet":"max-snippet:-1","max-image-preview":"max-image-preview:large","max-video-preview":"max-video-preview:-1"},"canonical":"https:\/\/tinychat.com\/es\/video-chat-with-strangers\/","og_locale":"es_ES","og_type":"article","og_title":"Video Chat With Strangers with Video Chat on TinyChat.com","og_description":"Enjoying Video Chat With Strangers? Join over 50,000,000 strangers on TinyChat! Turn on your cam and start meeting new people, or find a match.","og_url":"https:\/\/tinychat.com\/es\/video-chat-with-strangers\/","og_site_name":"TinyChat","article_publisher":"https:\/\/www.facebook.com\/tinychat","article_modified_time":"2025-07-16T12:46:40+00:00","og_image":[{"width":1280,"height":284,"url":"https:\/\/tinychat.com\/wp-content\/uploads\/2020\/04\/Tinychat-logo-1280x284-new-black.png","type":"image\/png"}],"twitter_card":"summary_large_image","twitter_site":"@tinychat","twitter_misc":{"Tiempo de lectura":"5 minutos"},"schema":{"@context":"https:\/\/schema.org","@graph":[{"@type":"WebPage","@id":"https:\/\/tinychat.com\/video-chat-with-strangers\/","url":"https:\/\/tinychat.com\/video-chat-with-strangers\/","name":"Videochat con desconocidos con Videochat en TinyChat.com","isPartOf":{"@id":"https:\/\/tinychat.com\/#website"},"datePublished":"2025-07-15T22:21:58+00:00","dateModified":"2025-07-16T12:46:40+00:00","description":"\u00bfDisfrutas chateando con desconocidos? \u00a1\u00danete a m\u00e1s de 50.000.000 de desconocidos en TinyChat! Enciende tu c\u00e1mara y empieza a conocer gente nueva, o encuentra una pareja.","breadcrumb":{"@id":"https:\/\/tinychat.com\/video-chat-with-strangers\/#breadcrumb"},"inLanguage":"es","potentialAction":[{"@type":"ReadAction","target":["https:\/\/tinychat.com\/video-chat-with-strangers\/"]}]},{"@type":"BreadcrumbList","@id":"https:\/\/tinychat.com\/video-chat-with-strangers\/#breadcrumb","itemListElement":[{"@type":"ListItem","position":1,"name":"Home","item":"https:\/\/tinychat.com\/"},{"@type":"ListItem","position":2,"name":"Video Chat With Strangers"}]},{"@type":"WebSite","@id":"https:\/\/tinychat.com\/#website","url":"https:\/\/tinychat.com\/","name":"TinyChat","description":"Videochat aleatorio con desconocidos","publisher":{"@id":"https:\/\/tinychat.com\/#organization"},"alternateName":"TinyChat.com","potentialAction":[{"@type":"SearchAction","target":{"@type":"EntryPoint","urlTemplate":"https:\/\/tinychat.com\/?s={search_term_string}"},"query-input":{"@type":"PropertyValueSpecification","valueRequired":true,"valueName":"search_term_string"}}],"inLanguage":"es"},{"@type":"Organization","@id":"https:\/\/tinychat.com\/#organization","name":"TinyChat","alternateName":"TinyChat.com","url":"https:\/\/tinychat.com\/","logo":{"@type":"ImageObject","inLanguage":"es","@id":"https:\/\/tinychat.com\/#\/schema\/logo\/image\/","url":"https:\/\/tinychat.com\/wp-content\/uploads\/2023\/11\/Tinychat-icon-square.png","contentUrl":"https:\/\/tinychat.com\/wp-content\/uploads\/2023\/11\/Tinychat-icon-square.png","width":284,"height":284,"caption":"TinyChat"},"image":{"@id":"https:\/\/tinychat.com\/#\/schema\/logo\/image\/"},"sameAs":["https:\/\/www.facebook.com\/tinychat","https:\/\/x.com\/tinychat"]}]}},"_links":{"self":[{"href":"https:\/\/tinychat.com\/es\/wp-json\/wp\/v2\/pages\/3516","targetHints":{"allow":["GET"]}}],"collection":[{"href":"https:\/\/tinychat.com\/es\/wp-json\/wp\/v2\/pages"}],"about":[{"href":"https:\/\/tinychat.com\/es\/wp-json\/wp\/v2\/types\/page"}],"author":[{"embeddable":true,"href":"https:\/\/tinychat.com\/es\/wp-json\/wp\/v2\/users\/8"}],"replies":[{"embeddable":true,"href":"https:\/\/tinychat.com\/es\/wp-json\/wp\/v2\/comments?post=3516"}],"version-history":[{"count":2,"href":"https:\/\/tinychat.com\/es\/wp-json\/wp\/v2\/pages\/3516\/revisions"}],"predecessor-version":[{"id":13330,"href":"https:\/\/tinychat.com\/es\/wp-json\/wp\/v2\/pages\/3516\/revisions\/13330"}],"wp:attachment":[{"href":"https:\/\/tinychat.com\/es\/wp-json\/wp\/v2\/media?parent=3516"}],"curies":[{"name":"wp","href":"https:\/\/api.w.org\/{rel}","templated":true}]}}