{"id":3634,"date":"2025-05-18T22:16:01","date_gmt":"2025-05-18T20:16:01","guid":{"rendered":"https:\/\/tinychat.com\/?page_id=3634"},"modified":"2025-06-12T10:27:50","modified_gmt":"2025-06-12T08:27:50","slug":"random-video-call","status":"publish","type":"page","link":"https:\/\/tinychat.com\/es\/random-video-call\/","title":{"rendered":"Videollamada aleatoria"},"content":{"rendered":"<p>Nunca se sabe a qui\u00e9n se va a conocer ni qu\u00e9 tipo de conversaci\u00f3n se va a mantener. Puede que te apetezca charlar, que sientas curiosidad por conocer gente de otros pa\u00edses o que simplemente quieras un poco de emoci\u00f3n en tu d\u00eda a d\u00eda. Sea cual sea el motivo, las plataformas de videollamadas aleatorias han ganado en popularidad, facilitando m\u00e1s que nunca la conexi\u00f3n con desconocidos cara a cara, al instante.<\/p>\n<p>A veces estas charlas son divertidas, a veces sorprendentemente profundas, y a veces se trata simplemente de pasar el rato con alguien totalmente nuevo. \u00bfEsa sensaci\u00f3n de imprevisibilidad? Es lo que hace que las videollamadas aleatorias sean tan adictivas.<\/p>\n<h2>\u00bfQu\u00e9 hace que las plataformas de videollamadas aleatorias sean tan divertidas?<\/h2>\n<p>La mayor\u00eda de las aplicaciones sociales se centran en personas que ya conoces, pero la videollamada aleatoria da la vuelta a esa idea. En lugar de desplazarte por tu feed habitual, pulsas un bot\u00f3n y conectas al instante con alguien nuevo: sin seguidores, sin inc\u00f3modas presentaciones, solo una videoconferencia en directo con un desconocido.<\/p>\n<p>Esto es lo que hace que la gente vuelva:<\/p>\n<ul>\n<li>Es espont\u00e1neo: Cada conversaci\u00f3n es una sorpresa.<\/li>\n<li>Sin presiones: salte o siga adelante cuando quiera.<\/li>\n<li>Sin compromiso: No hay necesidad de intercambiar n\u00fameros o sociales a menos que quieras.<\/li>\n<\/ul>\n<p>Puedes mantener el anonimato, chatear durante un minuto o una hora y no quedarte nunca sin gente a la que conocer.<\/p>\n<h2>C\u00f3mo funcionan los sitios de videollamadas aleatorias<\/h2>\n<p>Todo es cuesti\u00f3n de sencillez. Esto es lo que puedes esperar en la mayor\u00eda de las plataformas:<\/p>\n<ol>\n<li>Accede a un sitio web de videollamadas aleatorio o abre una aplicaci\u00f3n<\/li>\n<li>Haga clic en \"Start\" o \"Go Live\".<\/li>\n<li>Emparejarse al instante con otro usuario<\/li>\n<li>Chatea por v\u00eddeo y, si te resulta inc\u00f3modo o ya has terminado, pulsa \"Siguiente\" para buscar una nueva pareja.<\/li>\n<\/ol>\n<p>Algunos sitios te permiten filtrar por pa\u00eds o intereses, pero la mayor\u00eda de las veces todo depende del azar. Si quieres empezar con texto o audio, muchas plataformas tambi\u00e9n te dan esa opci\u00f3n.<\/p>\n<h2>Los mejores lugares para probar una videollamada al azar<\/h2>\n<p>Existen muchas plataformas, cada una con su propio estilo. Entre las m\u00e1s conocidas est\u00e1n:<\/p>\n<ul>\n<li>Omegle: El sitio cl\u00e1sico para videollamadas aleatorias, sencillo y siempre ocupado.<\/li>\n<li>Chatroulette: Conocido por sus r\u00e1pidas coincidencias y su gran base de usuarios.<\/li>\n<li>OmeTV: popular para videoconferencias r\u00e1pidas y sin complicaciones con personas de todo el mundo.<\/li>\n<li>StrangerCam: Se centra en las videollamadas f\u00e1ciles y la privacidad.<\/li>\n<li>TinyChat: mejor para salas de grupo, pero tambi\u00e9n es posible realizar llamadas privadas aleatorias.<\/li>\n<\/ul>\n<p>Cada sitio tiene su propio estilo, as\u00ed que vale la pena probar unos cuantos para ver cu\u00e1l te gusta m\u00e1s.<\/p>\n<h2>Seguridad en las videollamadas aleatorias<\/h2>\n<p>La mayor\u00eda de la gente s\u00f3lo quiere charlar, pero la seguridad siempre es una buena idea. Algunos consejos r\u00e1pidos:<\/p>\n<ul>\n<li>Utiliza apodos, no tu nombre completo.<\/li>\n<li>No compartas datos personales como tu direcci\u00f3n, n\u00famero de tel\u00e9fono o lugar de trabajo.<\/li>\n<li>Nunca hagas clic en enlaces sospechosos ni compartas im\u00e1genes privadas.<\/li>\n<li>Si alguien te incomoda, abandona la llamada o utiliza la funci\u00f3n de denuncia\/bloqueo.<\/li>\n<\/ul>\n<p>Conf\u00eda en tus instintos. Est\u00e1s all\u00ed para divertirte, no para tratar con bichos raros.<\/p>\n<h2>Por qu\u00e9 la gente adora las videollamadas aleatorias<\/h2>\n<p>\u00bfQu\u00e9 tienen de especial estas videoconferencias espont\u00e1neas? Para mucha gente, es la sensaci\u00f3n de aut\u00e9ntica conexi\u00f3n: hablar con alguien fuera de tu burbuja habitual, aunque s\u00f3lo sea durante unos minutos. Es un descanso de lo habitual, una forma de conocer nuevas culturas, practicar un idioma o simplemente re\u00edrse un rato.<\/p>\n<p>Puede que conozcas a alguien que te cambie totalmente el humor, te ense\u00f1e algo nuevo o simplemente se convierta en una an\u00e9cdota memorable que contar m\u00e1s tarde.<\/p>\n<blockquote><p>\"Empec\u00e9 a usar aplicaciones de videollamadas aleatorias durante los encierros. Ahora me conecto cuando quiero ver qu\u00e9 hace la gente en otras partes del mundo\".<\/p>\n<p>\"Algunas llamadas son divertid\u00edsimas, otras inc\u00f3modas, pero siempre sales con una historia\".<\/p><\/blockquote>\n<h2>Videollamada aleatoria frente a otras formas de conectarse<\/h2>\n<table>\n<thead>\n<tr>\n<th>Caracter\u00edstica<\/th>\n<th>Videollamada aleatoria<\/th>\n<th>Videochat en grupo<\/th>\n<th>Mensajer\u00eda tradicional<\/th>\n<\/tr>\n<\/thead>\n<tbody>\n<tr>\n<td>Emparejamiento instant\u00e1neo cara a cara<\/td>\n<td>\u2705<\/td>\n<td>\u274c<\/td>\n<td>\u274c<\/td>\n<\/tr>\n<tr>\n<td>Totalmente an\u00f3nimo<\/td>\n<td>\u2705<\/td>\n<td>\u2705<\/td>\n<td>\u2705<\/td>\n<\/tr>\n<tr>\n<td>Enfoque individual<\/td>\n<td>\u2705<\/td>\n<td>\u274c<\/td>\n<td>\u2705<\/td>\n<\/tr>\n<tr>\n<td>Puede irse cuando quiera<\/td>\n<td>\u2705<\/td>\n<td>\u2705<\/td>\n<td>\u2705<\/td>\n<\/tr>\n<tr>\n<td>Ambiente de grupo<\/td>\n<td>\u274c<\/td>\n<td>\u2705<\/td>\n<td>\u274c<\/td>\n<\/tr>\n<\/tbody>\n<\/table>\n<p>En resumen: la videollamada aleatoria es sin\u00f3nimo de conexi\u00f3n directa, espont\u00e1nea e imprevisible.<\/p>\n<h2>C\u00f3mo sacar el m\u00e1ximo partido a una videollamada aleatoria<\/h2>\n<p>Un peque\u00f1o esfuerzo contribuye en gran medida a mejorar la experiencia:<\/p>\n<ul>\n<li>Participa con la mente abierta: cada charla es un nuevo comienzo.<\/li>\n<li>No tengas miedo de saltar si no hay buen rollo.<\/li>\n<li>Pruebe diferentes horas del d\u00eda para conocer a gente de todo el mundo.<\/li>\n<li>Respete sus l\u00edmites y los de los dem\u00e1s.<\/li>\n<li>S\u00e9 t\u00fa mismo. Las mejores conversaciones ocurren cuando eres real.<\/li>\n<\/ul>\n<p>Las plataformas de videollamadas aleatorias son perfectas cuando te apetece algo nuevo y sin gui\u00f3n. Son una forma estupenda de combatir el aburrimiento, conocer gente diferente y a\u00f1adir una chispa de espontaneidad a tu d\u00eda a d\u00eda. Todo lo que necesitas es una webcam, un poco de curiosidad y sentido de la aventura.<\/p>\n<p>As\u00ed que si tienes ganas de socializar (o simplemente quieres ver de qu\u00e9 va todo esto), inicia una videollamada al azar y a ver a qui\u00e9n conoces despu\u00e9s. El mundo te espera al otro lado de la pantalla.<\/p>","protected":false},"excerpt":{"rendered":"<p>There\u2019s something wild about hopping on a random video call\u2014you never know who you\u2019ll meet or what kind of conversation you\u2019ll have. Maybe you\u2019re in the mood to chat, maybe you\u2019re just curious about people from different countries, or maybe you just want a little excitement in your day. Whatever the reason, random video call [&hellip;]<\/p>\n","protected":false},"author":8,"featured_media":0,"parent":0,"menu_order":0,"comment_status":"closed","ping_status":"closed","template":"","meta":{"footnotes":""},"class_list":["post-3634","page","type-page","status-publish","hentry"],"yoast_head":"<!-- This site is optimized with the Yoast SEO plugin v27.4 - https:\/\/yoast.com\/product\/yoast-seo-wordpress\/ -->\n<title>Random Video Call with Video Chat on TinyChat.com<\/title>\n<meta name=\"description\" content=\"Enjoying Random Video Call? Join over 50,000,000 strangers on TinyChat! Turn on your cam and start meeting new people, or find a match.\" \/>\n<meta name=\"robots\" content=\"index, follow, max-snippet:-1, max-image-preview:large, max-video-preview:-1\" \/>\n<link rel=\"canonical\" href=\"https:\/\/tinychat.com\/es\/random-video-call\/\" \/>\n<meta property=\"og:locale\" content=\"es_ES\" \/>\n<meta property=\"og:type\" content=\"article\" \/>\n<meta property=\"og:title\" content=\"Random Video Call with Video Chat on TinyChat.com\" \/>\n<meta property=\"og:description\" content=\"Enjoying Random Video Call? Join over 50,000,000 strangers on TinyChat! Turn on your cam and start meeting new people, or find a match.\" \/>\n<meta property=\"og:url\" content=\"https:\/\/tinychat.com\/es\/random-video-call\/\" \/>\n<meta property=\"og:site_name\" content=\"TinyChat\" \/>\n<meta property=\"article:publisher\" content=\"https:\/\/www.facebook.com\/tinychat\" \/>\n<meta property=\"article:modified_time\" content=\"2025-06-12T08:27:50+00:00\" \/>\n<meta property=\"og:image\" content=\"https:\/\/tinychat.com\/wp-content\/uploads\/2020\/04\/Tinychat-logo-1280x284-new-black.png\" \/>\n\t<meta property=\"og:image:width\" content=\"1280\" \/>\n\t<meta property=\"og:image:height\" content=\"284\" \/>\n\t<meta property=\"og:image:type\" content=\"image\/png\" \/>\n<meta name=\"twitter:card\" content=\"summary_large_image\" \/>\n<meta name=\"twitter:site\" content=\"@tinychat\" \/>\n<meta name=\"twitter:label1\" content=\"Tiempo de lectura\" \/>\n\t<meta name=\"twitter:data1\" content=\"4 minutos\" \/>\n<script type=\"application\/ld+json\" class=\"yoast-schema-graph\">{\"@context\":\"https:\\\/\\\/schema.org\",\"@graph\":[{\"@type\":\"WebPage\",\"@id\":\"https:\\\/\\\/tinychat.com\\\/random-video-call\\\/\",\"url\":\"https:\\\/\\\/tinychat.com\\\/random-video-call\\\/\",\"name\":\"Random Video Call with Video Chat on TinyChat.com\",\"isPartOf\":{\"@id\":\"https:\\\/\\\/tinychat.com\\\/#website\"},\"datePublished\":\"2025-05-18T20:16:01+00:00\",\"dateModified\":\"2025-06-12T08:27:50+00:00\",\"description\":\"Enjoying Random Video Call? Join over 50,000,000 strangers on TinyChat! Turn on your cam and start meeting new people, or find a match.\",\"breadcrumb\":{\"@id\":\"https:\\\/\\\/tinychat.com\\\/random-video-call\\\/#breadcrumb\"},\"inLanguage\":\"es\",\"potentialAction\":[{\"@type\":\"ReadAction\",\"target\":[\"https:\\\/\\\/tinychat.com\\\/random-video-call\\\/\"]}]},{\"@type\":\"BreadcrumbList\",\"@id\":\"https:\\\/\\\/tinychat.com\\\/random-video-call\\\/#breadcrumb\",\"itemListElement\":[{\"@type\":\"ListItem\",\"position\":1,\"name\":\"Home\",\"item\":\"https:\\\/\\\/tinychat.com\\\/\"},{\"@type\":\"ListItem\",\"position\":2,\"name\":\"Random Video Call\"}]},{\"@type\":\"WebSite\",\"@id\":\"https:\\\/\\\/tinychat.com\\\/#website\",\"url\":\"https:\\\/\\\/tinychat.com\\\/\",\"name\":\"TinyChat\",\"description\":\"Random Video Chat with Strangers\",\"publisher\":{\"@id\":\"https:\\\/\\\/tinychat.com\\\/#organization\"},\"alternateName\":\"TinyChat.com\",\"potentialAction\":[{\"@type\":\"SearchAction\",\"target\":{\"@type\":\"EntryPoint\",\"urlTemplate\":\"https:\\\/\\\/tinychat.com\\\/?s={search_term_string}\"},\"query-input\":{\"@type\":\"PropertyValueSpecification\",\"valueRequired\":true,\"valueName\":\"search_term_string\"}}],\"inLanguage\":\"es\"},{\"@type\":\"Organization\",\"@id\":\"https:\\\/\\\/tinychat.com\\\/#organization\",\"name\":\"TinyChat\",\"alternateName\":\"TinyChat.com\",\"url\":\"https:\\\/\\\/tinychat.com\\\/\",\"logo\":{\"@type\":\"ImageObject\",\"inLanguage\":\"es\",\"@id\":\"https:\\\/\\\/tinychat.com\\\/#\\\/schema\\\/logo\\\/image\\\/\",\"url\":\"https:\\\/\\\/tinychat.com\\\/wp-content\\\/uploads\\\/2023\\\/11\\\/Tinychat-icon-square.png\",\"contentUrl\":\"https:\\\/\\\/tinychat.com\\\/wp-content\\\/uploads\\\/2023\\\/11\\\/Tinychat-icon-square.png\",\"width\":284,\"height\":284,\"caption\":\"TinyChat\"},\"image\":{\"@id\":\"https:\\\/\\\/tinychat.com\\\/#\\\/schema\\\/logo\\\/image\\\/\"},\"sameAs\":[\"https:\\\/\\\/www.facebook.com\\\/tinychat\",\"https:\\\/\\\/x.com\\\/tinychat\"]}]}<\/script>\n<!-- \/ Yoast SEO plugin. -->","yoast_head_json":{"title":"Videollamada aleatoria con videoconferencia en TinyChat.com","description":"\u00bfDisfrutas de una videollamada aleatoria? \u00a1\u00danete a m\u00e1s de 50.000.000 de desconocidos en TinyChat! Enciende tu c\u00e1mara y empieza a conocer gente nueva, o encuentra una pareja.","robots":{"index":"index","follow":"follow","max-snippet":"max-snippet:-1","max-image-preview":"max-image-preview:large","max-video-preview":"max-video-preview:-1"},"canonical":"https:\/\/tinychat.com\/es\/random-video-call\/","og_locale":"es_ES","og_type":"article","og_title":"Random Video Call with Video Chat on TinyChat.com","og_description":"Enjoying Random Video Call? Join over 50,000,000 strangers on TinyChat! Turn on your cam and start meeting new people, or find a match.","og_url":"https:\/\/tinychat.com\/es\/random-video-call\/","og_site_name":"TinyChat","article_publisher":"https:\/\/www.facebook.com\/tinychat","article_modified_time":"2025-06-12T08:27:50+00:00","og_image":[{"width":1280,"height":284,"url":"https:\/\/tinychat.com\/wp-content\/uploads\/2020\/04\/Tinychat-logo-1280x284-new-black.png","type":"image\/png"}],"twitter_card":"summary_large_image","twitter_site":"@tinychat","twitter_misc":{"Tiempo de lectura":"4 minutos"},"schema":{"@context":"https:\/\/schema.org","@graph":[{"@type":"WebPage","@id":"https:\/\/tinychat.com\/random-video-call\/","url":"https:\/\/tinychat.com\/random-video-call\/","name":"Videollamada aleatoria con videoconferencia en TinyChat.com","isPartOf":{"@id":"https:\/\/tinychat.com\/#website"},"datePublished":"2025-05-18T20:16:01+00:00","dateModified":"2025-06-12T08:27:50+00:00","description":"\u00bfDisfrutas de una videollamada aleatoria? \u00a1\u00danete a m\u00e1s de 50.000.000 de desconocidos en TinyChat! Enciende tu c\u00e1mara y empieza a conocer gente nueva, o encuentra una pareja.","breadcrumb":{"@id":"https:\/\/tinychat.com\/random-video-call\/#breadcrumb"},"inLanguage":"es","potentialAction":[{"@type":"ReadAction","target":["https:\/\/tinychat.com\/random-video-call\/"]}]},{"@type":"BreadcrumbList","@id":"https:\/\/tinychat.com\/random-video-call\/#breadcrumb","itemListElement":[{"@type":"ListItem","position":1,"name":"Home","item":"https:\/\/tinychat.com\/"},{"@type":"ListItem","position":2,"name":"Random Video Call"}]},{"@type":"WebSite","@id":"https:\/\/tinychat.com\/#website","url":"https:\/\/tinychat.com\/","name":"TinyChat","description":"Videochat aleatorio con desconocidos","publisher":{"@id":"https:\/\/tinychat.com\/#organization"},"alternateName":"TinyChat.com","potentialAction":[{"@type":"SearchAction","target":{"@type":"EntryPoint","urlTemplate":"https:\/\/tinychat.com\/?s={search_term_string}"},"query-input":{"@type":"PropertyValueSpecification","valueRequired":true,"valueName":"search_term_string"}}],"inLanguage":"es"},{"@type":"Organization","@id":"https:\/\/tinychat.com\/#organization","name":"TinyChat","alternateName":"TinyChat.com","url":"https:\/\/tinychat.com\/","logo":{"@type":"ImageObject","inLanguage":"es","@id":"https:\/\/tinychat.com\/#\/schema\/logo\/image\/","url":"https:\/\/tinychat.com\/wp-content\/uploads\/2023\/11\/Tinychat-icon-square.png","contentUrl":"https:\/\/tinychat.com\/wp-content\/uploads\/2023\/11\/Tinychat-icon-square.png","width":284,"height":284,"caption":"TinyChat"},"image":{"@id":"https:\/\/tinychat.com\/#\/schema\/logo\/image\/"},"sameAs":["https:\/\/www.facebook.com\/tinychat","https:\/\/x.com\/tinychat"]}]}},"_links":{"self":[{"href":"https:\/\/tinychat.com\/es\/wp-json\/wp\/v2\/pages\/3634","targetHints":{"allow":["GET"]}}],"collection":[{"href":"https:\/\/tinychat.com\/es\/wp-json\/wp\/v2\/pages"}],"about":[{"href":"https:\/\/tinychat.com\/es\/wp-json\/wp\/v2\/types\/page"}],"author":[{"embeddable":true,"href":"https:\/\/tinychat.com\/es\/wp-json\/wp\/v2\/users\/8"}],"replies":[{"embeddable":true,"href":"https:\/\/tinychat.com\/es\/wp-json\/wp\/v2\/comments?post=3634"}],"version-history":[{"count":3,"href":"https:\/\/tinychat.com\/es\/wp-json\/wp\/v2\/pages\/3634\/revisions"}],"predecessor-version":[{"id":13233,"href":"https:\/\/tinychat.com\/es\/wp-json\/wp\/v2\/pages\/3634\/revisions\/13233"}],"wp:attachment":[{"href":"https:\/\/tinychat.com\/es\/wp-json\/wp\/v2\/media?parent=3634"}],"curies":[{"name":"wp","href":"https:\/\/api.w.org\/{rel}","templated":true}]}}