{"id":3953,"date":"2025-09-03T08:28:59","date_gmt":"2025-09-03T06:28:59","guid":{"rendered":"https:\/\/tinychat.com\/?page_id=3953"},"modified":"2025-09-03T12:47:40","modified_gmt":"2025-09-03T10:47:40","slug":"random-video-chat-online","status":"publish","type":"page","link":"https:\/\/tinychat.com\/es\/random-video-chat-online\/","title":{"rendered":"Videochat aleatorio en l\u00ednea"},"content":{"rendered":"<p>Internet nos ha conectado de innumerables maneras, pero pocas cosas resultan tan emocionantes -o tan espont\u00e1neas- como participar en un videochat en l\u00ednea al azar. Un clic y, de repente, te encuentras cara a cara con un desconocido de otra ciudad, pa\u00eds o continente. A veces la conversaci\u00f3n es tonta, a veces sorprendentemente profunda, y a veces conduce a nuevas amistades o a algo m\u00e1s.<\/p>\n<p>A diferencia de las redes sociales, donde todo est\u00e1 pulido y comisariado, el videochat aleatorio en l\u00ednea es crudo, real y en el momento. Es socializar sin filtros: solo t\u00fa, tu webcam y alguien que no conoces.<\/p>\n<h2>\u00bfQu\u00e9 es el chat de v\u00eddeo aleatorio en l\u00ednea?<\/h2>\n<p>El videochat aleatorio en l\u00ednea se refiere a plataformas que te conectan instant\u00e1neamente con desconocidos a trav\u00e9s de videollamadas en directo. En lugar de elegir con qui\u00e9n hablas, la plataforma te empareja con alguien al azar. Si la conversaci\u00f3n no funciona, pulsas \"siguiente\" y quedas instant\u00e1neamente con otra persona.<\/p>\n<p>Las caracter\u00edsticas clave suelen incluir:<\/p>\n<ul>\n<li>Acceso gratuito: la mayor\u00eda de los sitios permiten videollamadas ilimitadas con desconocidos sin coste alguno.<\/li>\n<li>Opciones an\u00f3nimas: utiliza un apodo o mant\u00e9n la c\u00e1mara apagada hasta que te sientas c\u00f3modo.<\/li>\n<li>Bot\u00f3n de omisi\u00f3n: pasa r\u00e1pidamente a otra cosa si no est\u00e1s disfrutando del chat.<\/li>\n<li>Alcance mundial: conozca a gente de todo el mundo en cualquier momento, de d\u00eda o de noche.<\/li>\n<li>Filtros opcionales: acote las coincidencias por intereses, ubicaci\u00f3n o sexo.<\/li>\n<\/ul>\n<p>Es una mezcla impredecible de diversi\u00f3n, cultura y conexi\u00f3n humana.<\/p>\n<h2>Por qu\u00e9 la gente usa el chat de c\u00e1mara en l\u00ednea al azar<\/h2>\n<p>Millones de personas acuden cada mes al videochat aleatorio gratuito en l\u00ednea. He aqu\u00ed por qu\u00e9 es tan atractivo:<\/p>\n<ul>\n<li>Espontaneidad - Nunca se sabe qui\u00e9n es el siguiente, lo que lo hace emocionante.<\/li>\n<li>Accesibilidad: sin registro ni suscripci\u00f3n, basta con hacer clic y empezar a chatear.<\/li>\n<li>Comunidad global - Conoce a gente de todas las culturas y procedencias.<\/li>\n<li>Baja presi\u00f3n - \u00bfNo sientes la chispa? Salte e int\u00e9ntelo de nuevo, sin resentimientos.<\/li>\n<li>Variedad de experiencias - Algunos chats son desenfadados, otros sorprendentemente significativos.<\/li>\n<\/ul>\n<p>Para muchos, es una forma de salir de la rutina y experimentar algo nuevo sin salir de casa.<\/p>\n<h2>C\u00f3mo funciona el chat de v\u00eddeo aleatorio en l\u00ednea<\/h2>\n<p>Si nunca lo has probado, \u00e9ste es el sencillo proceso:<\/p>\n<ol>\n<li>Elija una plataforma - Las opciones incluyen Omegle, Chatroulette, Chatspin, Camsurf y TinyChat.<\/li>\n<li>Activa la c\u00e1mara web y el micr\u00f3fono: permite que tu dispositivo te conecte en tiempo real.<\/li>\n<li>Haz clic en \"Empezar\" o \"Conectar\": empar\u00e9jate al instante con un desconocido al azar.<\/li>\n<li>Qu\u00e9date o salta: chatea todo el tiempo que quieras o pasa a otra persona.<\/li>\n<li>Ajuste los filtros: utilice filtros de g\u00e9nero, idioma o intereses si se ofrecen.<\/li>\n<\/ol>\n<p>Tienes el control todo el tiempo: se trata de flexibilidad y diversi\u00f3n.<\/p>\n<h2>Las mejores plataformas para videochat aleatorio en l\u00ednea<\/h2>\n<p>He aqu\u00ed algunos de los lugares m\u00e1s populares y fiables para empezar:<\/p>\n<ul>\n<li>Omegle - El pionero del chat de v\u00eddeo y texto aleatorio.<\/li>\n<li>Chatroulette - Famoso por su r\u00e1pido emparejamiento global.<\/li>\n<li>Chatspin - Ofrece filtros de g\u00e9nero e intereses, adem\u00e1s de divertidos efectos de v\u00eddeo.<\/li>\n<li>Camsurf - Se centra en la moderaci\u00f3n y la creaci\u00f3n de un entorno seguro.<\/li>\n<li>Chatrandom - Incluye tanto llamadas individuales como salas de chat tem\u00e1ticas.<\/li>\n<li>TinyChat - Combina chats aleatorios con salas de v\u00eddeo p\u00fablicas y privadas.<\/li>\n<li>Bazoocam - Un favorito europeo con juegos incorporados para romper el hielo.<\/li>\n<\/ul>\n<p>Cada comunidad es diferente: algunas son r\u00e1pidas y otras tranquilas. Probar algunas te ayudar\u00e1 a encontrar la m\u00e1s adecuada.<\/p>\n<h2>Videochat aleatorio frente a redes sociales<\/h2>\n<p>Aunque ambas son formas de conectar, son experiencias muy diferentes.<\/p>\n<table>\n<thead>\n<tr>\n<th>Caracter\u00edstica<\/th>\n<th>Videochat aleatorio en l\u00ednea<\/th>\n<th>Plataformas de medios sociales<\/th>\n<\/tr>\n<\/thead>\n<tbody>\n<tr>\n<td>Conversaciones por v\u00eddeo en tiempo real<\/td>\n<td>\u2705<\/td>\n<td>\u26a0\ufe0f A veces (videollamadas)<\/td>\n<\/tr>\n<tr>\n<td>Emparejamiento aleatorio<\/td>\n<td>\u2705<\/td>\n<td>\u274c<\/td>\n<\/tr>\n<tr>\n<td>No necesita perfil<\/td>\n<td>\u2705<\/td>\n<td>\u274c<\/td>\n<\/tr>\n<tr>\n<td>Extranjeros globales<\/td>\n<td>\u2705<\/td>\n<td>\u274c (sobre todo amigos\/seguidores)<\/td>\n<\/tr>\n<tr>\n<td>Opci\u00f3n de salto instant\u00e1neo<\/td>\n<td>\u2705<\/td>\n<td>\u274c<\/td>\n<\/tr>\n<\/tbody>\n<\/table>\n<p>En el chat al azar prima la espontaneidad, mientras que las redes sociales son m\u00e1s curadas y controladas.<\/p>\n<h2>Seguridad en los chats en l\u00ednea<\/h2>\n<p>Como con cualquier cosa en la que intervengan extra\u00f1os, es importante mantenerse a salvo:<\/p>\n<ul>\n<li>Proteja su informaci\u00f3n personal: no comparta nunca su nombre, direcci\u00f3n o n\u00famero de tel\u00e9fono reales.<\/li>\n<li>Utiliza un apodo neutro: mantente en el anonimato hasta que decidas lo contrario.<\/li>\n<li>Cuidado con el fondo - No reveles detalles personales en la vista de la c\u00e1mara.<\/li>\n<li>Si no te sientes a gusto, no lo hagas - Conf\u00eda en tus instintos y sigue adelante si te sientes inc\u00f3modo.<\/li>\n<li>Denuncia los comportamientos inadecuados: elige plataformas que ofrezcan herramientas de moderaci\u00f3n.<\/li>\n<\/ul>\n<h2>\u00bfQui\u00e9n utiliza el chat de v\u00eddeo aleatorio en l\u00ednea?<\/h2>\n<p>Lo mejor de estas plataformas es su diversidad. Las encontrar\u00e1s:<\/p>\n<ul>\n<li>Solteros - En busca de chats divertidos o incluso rom\u00e1nticos.<\/li>\n<li>Viajeros - Conectar con la poblaci\u00f3n local o practicar idiomas.<\/li>\n<li>Estudiantes - Conocer a compa\u00f1eros de todo el mundo.<\/li>\n<li>B\u00fahos nocturnos - Encontrar compa\u00f1\u00eda a altas horas de la noche.<\/li>\n<li>Gente curiosa - S\u00f3lo ver qui\u00e9n est\u00e1 ah\u00ed fuera.<\/li>\n<\/ul>\n<p>Es una mezcla de personalidades, que es exactamente lo que lo hace divertido.<\/p>\n<h2>TinyChat: Un giro diferente a las videollamadas con desconocidos<\/h2>\n<p>Si te encanta la emoci\u00f3n del videochat aleatorio pero quieres una opci\u00f3n m\u00e1s comunitaria, TinyChat es una gran elecci\u00f3n. Combina la aleatoriedad uno a uno con salas de v\u00eddeo en grupo, permiti\u00e9ndote:<\/p>\n<ul>\n<li>\u00danete a salas de chat tem\u00e1ticas: desde m\u00fasica y citas hasta juegos y pol\u00edtica.<\/li>\n<li>Organice su propia sala privada: invite a amigos o conozca a gente nueva en un espacio controlado.<\/li>\n<li>Cambie de formato: elija texto, voz o v\u00eddeo, seg\u00fan le resulte m\u00e1s c\u00f3modo.<\/li>\n<li>Acceso a trav\u00e9s de dispositivos: funciona en navegadores y aplicaciones m\u00f3viles.<\/li>\n<\/ul>\n<p>TinyChat mantiene la emoci\u00f3n de la aleatoriedad al tiempo que te ofrece m\u00e1s estructura si lo deseas.<\/p>\n<h2>Consejos para un chat en l\u00ednea aleatorio<\/h2>\n<p>Para que tus conversaciones sean m\u00e1s amenas, prueba esto:<\/p>\n<ul>\n<li>Sonr\u00ede cuando te conectes: una cara amable hace que sea m\u00e1s probable que la gente se quede.<\/li>\n<li>Haga preguntas atractivas: en lugar de limitarse a \"hola\", pregunte por sus aficiones o experiencias.<\/li>\n<li>Mant\u00e9n la mente abierta: conocer\u00e1s a gente de todas las profesiones y condiciones sociales.<\/li>\n<li>S\u00e9 respetuoso - Los buenos modales ayudan mucho.<\/li>\n<li>Experimente con los horarios: diferentes horas del d\u00eda significan conocer a gente de diferentes pa\u00edses.<\/li>\n<\/ul>\n<h2>Funciones gratuitas frente a funciones de pago<\/h2>\n<p>La mayor\u00eda de las plataformas de videochat aleatorias son gratuitas, pero muchas ofrecen ventajas opcionales de pago.<\/p>\n<table>\n<thead>\n<tr>\n<th>Caracter\u00edstica<\/th>\n<th>Versi\u00f3n gratuita<\/th>\n<th>Versi\u00f3n de pago<\/th>\n<\/tr>\n<\/thead>\n<tbody>\n<tr>\n<td>Emparejamiento aleatorio<\/td>\n<td>\u2705 S\u00ed<\/td>\n<td>\u2705 S\u00ed<\/td>\n<\/tr>\n<tr>\n<td>Saltos ilimitados<\/td>\n<td>\u26a0\ufe0f Sometimes limited<\/td>\n<td>\u2705 Siempre<\/td>\n<\/tr>\n<tr>\n<td>Filtros por sexo y lugar de residencia<\/td>\n<td>\u26a0\ufe0f B\u00e1sico o limitado<\/td>\n<td>\u2705 Avanzado<\/td>\n<\/tr>\n<tr>\n<td>Anuncios eliminados<\/td>\n<td>\u274c<\/td>\n<td>\u2705 S\u00ed<\/td>\n<\/tr>\n<tr>\n<td>Acceso a salas VIP\/privadas<\/td>\n<td>\u274c<\/td>\n<td>\u2705 S\u00ed<\/td>\n<\/tr>\n<\/tbody>\n<\/table>\n<p>Para los usuarios ocasionales, la versi\u00f3n gratuita suele ofrecer mucha diversi\u00f3n.<\/p>\n<h2>La emoci\u00f3n de los encuentros fortuitos<\/h2>\n<p>Quiz\u00e1 el mayor atractivo del videochat aleatorio en l\u00ednea sea lo desconocido. En una sola sesi\u00f3n, podr\u00edas:<\/p>\n<ul>\n<li>Conozca otra cultura de primera mano.<\/li>\n<li>Comparte recomendaciones de m\u00fasica o pel\u00edculas.<\/li>\n<li>R\u00edete de los chistes de alguien del otro lado del globo.<\/li>\n<li>Practique un nuevo idioma con un hablante nativo.<\/li>\n<li>Encuentre un amigo, o incluso una chispa de romance.<\/li>\n<\/ul>\n<p>Cada clic es una oportunidad para algo nuevo.<\/p>\n<p>El videochat aleatorio en l\u00ednea se ha convertido en una de las formas m\u00e1s espont\u00e1neas y gratificantes de conocer gente en todo el mundo. Es gratis, instant\u00e1neo e infinitamente variado, perfecto para cuando est\u00e1s aburrido, eres curioso o simplemente te apetece conectar con alguien nuevo.<\/p>\n<p>Tanto si utiliza Omegle, Chatroulette, Chatspin o plataformas impulsadas por la comunidad como TinyChat, el principio es el mismo: haga clic, conecte y vea ad\u00f3nde le lleva la conversaci\u00f3n.<\/p>\n<p>Si est\u00e1s listo para salir de la rutina y adentrarte en lo inesperado, prueba hoy mismo un chat aleatorio con c\u00e1mara en l\u00ednea. Nunca se sabe: el pr\u00f3ximo desconocido que aparezca en tu pantalla podr\u00eda convertirse en tu historia favorita.<\/p>","protected":false},"excerpt":{"rendered":"<p>The internet has connected us in countless ways, but few things feel as exciting\u2014or as spontaneous\u2014as joining a random video chat online. One click, and suddenly you\u2019re face-to-face with a stranger from another city, country, or continent. Sometimes the conversation is silly, sometimes it\u2019s surprisingly deep, and sometimes it leads to new friendships or more. [&hellip;]<\/p>\n","protected":false},"author":8,"featured_media":0,"parent":0,"menu_order":0,"comment_status":"closed","ping_status":"closed","template":"","meta":{"footnotes":""},"class_list":["post-3953","page","type-page","status-publish","hentry"],"yoast_head":"<!-- This site is optimized with the Yoast SEO plugin v27.4 - https:\/\/yoast.com\/product\/yoast-seo-wordpress\/ -->\n<title>Random Video Chat Online on TinyChat.com<\/title>\n<meta name=\"description\" content=\"Enjoying Random Video Chat Online? Join over 50,000,000 strangers on TinyChat! Turn on your cam and start meeting new people, or find a match.\" \/>\n<meta name=\"robots\" content=\"index, follow, max-snippet:-1, max-image-preview:large, max-video-preview:-1\" \/>\n<link rel=\"canonical\" href=\"https:\/\/tinychat.com\/es\/random-video-chat-online\/\" \/>\n<meta property=\"og:locale\" content=\"es_ES\" \/>\n<meta property=\"og:type\" content=\"article\" \/>\n<meta property=\"og:title\" content=\"Random Video Chat Online on TinyChat.com\" \/>\n<meta property=\"og:description\" content=\"Enjoying Random Video Chat Online? Join over 50,000,000 strangers on TinyChat! Turn on your cam and start meeting new people, or find a match.\" \/>\n<meta property=\"og:url\" content=\"https:\/\/tinychat.com\/es\/random-video-chat-online\/\" \/>\n<meta property=\"og:site_name\" content=\"TinyChat\" \/>\n<meta property=\"article:publisher\" content=\"https:\/\/www.facebook.com\/tinychat\" \/>\n<meta property=\"article:modified_time\" content=\"2025-09-03T10:47:40+00:00\" \/>\n<meta property=\"og:image\" content=\"https:\/\/tinychat.com\/wp-content\/uploads\/2020\/04\/Tinychat-logo-1280x284-new-black.png\" \/>\n\t<meta property=\"og:image:width\" content=\"1280\" \/>\n\t<meta property=\"og:image:height\" content=\"284\" \/>\n\t<meta property=\"og:image:type\" content=\"image\/png\" \/>\n<meta name=\"twitter:card\" content=\"summary_large_image\" \/>\n<meta name=\"twitter:site\" content=\"@tinychat\" \/>\n<meta name=\"twitter:label1\" content=\"Tiempo de lectura\" \/>\n\t<meta name=\"twitter:data1\" content=\"5 minutos\" \/>\n<script type=\"application\/ld+json\" class=\"yoast-schema-graph\">{\"@context\":\"https:\\\/\\\/schema.org\",\"@graph\":[{\"@type\":\"WebPage\",\"@id\":\"https:\\\/\\\/tinychat.com\\\/random-video-chat-online\\\/\",\"url\":\"https:\\\/\\\/tinychat.com\\\/random-video-chat-online\\\/\",\"name\":\"Random Video Chat Online on TinyChat.com\",\"isPartOf\":{\"@id\":\"https:\\\/\\\/tinychat.com\\\/#website\"},\"datePublished\":\"2025-09-03T06:28:59+00:00\",\"dateModified\":\"2025-09-03T10:47:40+00:00\",\"description\":\"Enjoying Random Video Chat Online? Join over 50,000,000 strangers on TinyChat! Turn on your cam and start meeting new people, or find a match.\",\"breadcrumb\":{\"@id\":\"https:\\\/\\\/tinychat.com\\\/random-video-chat-online\\\/#breadcrumb\"},\"inLanguage\":\"es\",\"potentialAction\":[{\"@type\":\"ReadAction\",\"target\":[\"https:\\\/\\\/tinychat.com\\\/random-video-chat-online\\\/\"]}]},{\"@type\":\"BreadcrumbList\",\"@id\":\"https:\\\/\\\/tinychat.com\\\/random-video-chat-online\\\/#breadcrumb\",\"itemListElement\":[{\"@type\":\"ListItem\",\"position\":1,\"name\":\"Home\",\"item\":\"https:\\\/\\\/tinychat.com\\\/\"},{\"@type\":\"ListItem\",\"position\":2,\"name\":\"Random Video Chat Online\"}]},{\"@type\":\"WebSite\",\"@id\":\"https:\\\/\\\/tinychat.com\\\/#website\",\"url\":\"https:\\\/\\\/tinychat.com\\\/\",\"name\":\"TinyChat\",\"description\":\"Random Video Chat with Strangers\",\"publisher\":{\"@id\":\"https:\\\/\\\/tinychat.com\\\/#organization\"},\"alternateName\":\"TinyChat.com\",\"potentialAction\":[{\"@type\":\"SearchAction\",\"target\":{\"@type\":\"EntryPoint\",\"urlTemplate\":\"https:\\\/\\\/tinychat.com\\\/?s={search_term_string}\"},\"query-input\":{\"@type\":\"PropertyValueSpecification\",\"valueRequired\":true,\"valueName\":\"search_term_string\"}}],\"inLanguage\":\"es\"},{\"@type\":\"Organization\",\"@id\":\"https:\\\/\\\/tinychat.com\\\/#organization\",\"name\":\"TinyChat\",\"alternateName\":\"TinyChat.com\",\"url\":\"https:\\\/\\\/tinychat.com\\\/\",\"logo\":{\"@type\":\"ImageObject\",\"inLanguage\":\"es\",\"@id\":\"https:\\\/\\\/tinychat.com\\\/#\\\/schema\\\/logo\\\/image\\\/\",\"url\":\"https:\\\/\\\/tinychat.com\\\/wp-content\\\/uploads\\\/2023\\\/11\\\/Tinychat-icon-square.png\",\"contentUrl\":\"https:\\\/\\\/tinychat.com\\\/wp-content\\\/uploads\\\/2023\\\/11\\\/Tinychat-icon-square.png\",\"width\":284,\"height\":284,\"caption\":\"TinyChat\"},\"image\":{\"@id\":\"https:\\\/\\\/tinychat.com\\\/#\\\/schema\\\/logo\\\/image\\\/\"},\"sameAs\":[\"https:\\\/\\\/www.facebook.com\\\/tinychat\",\"https:\\\/\\\/x.com\\\/tinychat\"]}]}<\/script>\n<!-- \/ Yoast SEO plugin. -->","yoast_head_json":{"title":"Videochat aleatorio en l\u00ednea en TinyChat.com","description":"\u00bfDisfrutas de Videochat aleatorio en l\u00ednea? \u00a1\u00danete a m\u00e1s de 50.000.000 de desconocidos en TinyChat! Enciende tu c\u00e1mara y empieza a conocer gente nueva, o encuentra una pareja.","robots":{"index":"index","follow":"follow","max-snippet":"max-snippet:-1","max-image-preview":"max-image-preview:large","max-video-preview":"max-video-preview:-1"},"canonical":"https:\/\/tinychat.com\/es\/random-video-chat-online\/","og_locale":"es_ES","og_type":"article","og_title":"Random Video Chat Online on TinyChat.com","og_description":"Enjoying Random Video Chat Online? Join over 50,000,000 strangers on TinyChat! Turn on your cam and start meeting new people, or find a match.","og_url":"https:\/\/tinychat.com\/es\/random-video-chat-online\/","og_site_name":"TinyChat","article_publisher":"https:\/\/www.facebook.com\/tinychat","article_modified_time":"2025-09-03T10:47:40+00:00","og_image":[{"width":1280,"height":284,"url":"https:\/\/tinychat.com\/wp-content\/uploads\/2020\/04\/Tinychat-logo-1280x284-new-black.png","type":"image\/png"}],"twitter_card":"summary_large_image","twitter_site":"@tinychat","twitter_misc":{"Tiempo de lectura":"5 minutos"},"schema":{"@context":"https:\/\/schema.org","@graph":[{"@type":"WebPage","@id":"https:\/\/tinychat.com\/random-video-chat-online\/","url":"https:\/\/tinychat.com\/random-video-chat-online\/","name":"Videochat aleatorio en l\u00ednea en TinyChat.com","isPartOf":{"@id":"https:\/\/tinychat.com\/#website"},"datePublished":"2025-09-03T06:28:59+00:00","dateModified":"2025-09-03T10:47:40+00:00","description":"\u00bfDisfrutas de Videochat aleatorio en l\u00ednea? \u00a1\u00danete a m\u00e1s de 50.000.000 de desconocidos en TinyChat! Enciende tu c\u00e1mara y empieza a conocer gente nueva, o encuentra una pareja.","breadcrumb":{"@id":"https:\/\/tinychat.com\/random-video-chat-online\/#breadcrumb"},"inLanguage":"es","potentialAction":[{"@type":"ReadAction","target":["https:\/\/tinychat.com\/random-video-chat-online\/"]}]},{"@type":"BreadcrumbList","@id":"https:\/\/tinychat.com\/random-video-chat-online\/#breadcrumb","itemListElement":[{"@type":"ListItem","position":1,"name":"Home","item":"https:\/\/tinychat.com\/"},{"@type":"ListItem","position":2,"name":"Random Video Chat Online"}]},{"@type":"WebSite","@id":"https:\/\/tinychat.com\/#website","url":"https:\/\/tinychat.com\/","name":"TinyChat","description":"Videochat aleatorio con desconocidos","publisher":{"@id":"https:\/\/tinychat.com\/#organization"},"alternateName":"TinyChat.com","potentialAction":[{"@type":"SearchAction","target":{"@type":"EntryPoint","urlTemplate":"https:\/\/tinychat.com\/?s={search_term_string}"},"query-input":{"@type":"PropertyValueSpecification","valueRequired":true,"valueName":"search_term_string"}}],"inLanguage":"es"},{"@type":"Organization","@id":"https:\/\/tinychat.com\/#organization","name":"TinyChat","alternateName":"TinyChat.com","url":"https:\/\/tinychat.com\/","logo":{"@type":"ImageObject","inLanguage":"es","@id":"https:\/\/tinychat.com\/#\/schema\/logo\/image\/","url":"https:\/\/tinychat.com\/wp-content\/uploads\/2023\/11\/Tinychat-icon-square.png","contentUrl":"https:\/\/tinychat.com\/wp-content\/uploads\/2023\/11\/Tinychat-icon-square.png","width":284,"height":284,"caption":"TinyChat"},"image":{"@id":"https:\/\/tinychat.com\/#\/schema\/logo\/image\/"},"sameAs":["https:\/\/www.facebook.com\/tinychat","https:\/\/x.com\/tinychat"]}]}},"_links":{"self":[{"href":"https:\/\/tinychat.com\/es\/wp-json\/wp\/v2\/pages\/3953","targetHints":{"allow":["GET"]}}],"collection":[{"href":"https:\/\/tinychat.com\/es\/wp-json\/wp\/v2\/pages"}],"about":[{"href":"https:\/\/tinychat.com\/es\/wp-json\/wp\/v2\/types\/page"}],"author":[{"embeddable":true,"href":"https:\/\/tinychat.com\/es\/wp-json\/wp\/v2\/users\/8"}],"replies":[{"embeddable":true,"href":"https:\/\/tinychat.com\/es\/wp-json\/wp\/v2\/comments?post=3953"}],"version-history":[{"count":4,"href":"https:\/\/tinychat.com\/es\/wp-json\/wp\/v2\/pages\/3953\/revisions"}],"predecessor-version":[{"id":13499,"href":"https:\/\/tinychat.com\/es\/wp-json\/wp\/v2\/pages\/3953\/revisions\/13499"}],"wp:attachment":[{"href":"https:\/\/tinychat.com\/es\/wp-json\/wp\/v2\/media?parent=3953"}],"curies":[{"name":"wp","href":"https:\/\/api.w.org\/{rel}","templated":true}]}}