{"id":3970,"date":"2025-08-07T10:31:39","date_gmt":"2025-08-07T08:31:39","guid":{"rendered":"https:\/\/tinychat.com\/?page_id=3970"},"modified":"2025-08-07T10:52:50","modified_gmt":"2025-08-07T08:52:50","slug":"random-webcam-chat","status":"publish","type":"page","link":"https:\/\/tinychat.com\/es\/random-webcam-chat\/","title":{"rendered":"Chat por webcam aleatorio"},"content":{"rendered":"<p>Internet ha convertido el mundo entero en un gran vecindario, y nada capta mejor ese esp\u00edritu que un chat aleatorio con webcam. Con s\u00f3lo unos clics, puedes pasar del sal\u00f3n de tu casa a una conversaci\u00f3n cara a cara con un desconocido del otro lado del globo. Tanto si quieres hacer amigos, conocer otras culturas o simplemente divertirte de forma espont\u00e1nea, el chat por webcam aleatorio es la aventura digital definitiva.<\/p>\n<p>Entonces, \u00bfqu\u00e9 es exactamente el chat por webcam aleatorio, c\u00f3mo funciona y por qu\u00e9 est\u00e1 arrasando en el mundo online? Vamos a ello.<\/p>\n<h2>\u00bfQu\u00e9 es el chat por webcam aleatorio?<\/h2>\n<p>El chat aleatorio con webcam es un concepto sencillo pero potente: entra en una plataforma, enciende tu webcam y empar\u00e9jate al instante con un desconocido para mantener una conversaci\u00f3n de v\u00eddeo en directo. No hay necesidad de compartir datos personales, crear un perfil o esperar una solicitud de amistad, solo una conexi\u00f3n instant\u00e1nea y en tiempo real.<\/p>\n<p>Las caracter\u00edsticas clave suelen incluir:<\/p>\n<ul>\n<li>Chat con webcam aleatorio gratis: No cuesta nada empezar; muchos sitios l\u00edderes ofrecen chats gratuitos ilimitados.<\/li>\n<li>Emparejamiento individual: se le empareja con una persona cada vez para mantener una conversaci\u00f3n genuina.<\/li>\n<li>Botones \"Siguiente\" o \"Saltar\": Si el chat no es lo tuyo, haz clic para conocer a alguien nuevo inmediatamente.<\/li>\n<li>Anonimato: Utiliza un apodo o mantente en el anonimato: comparte s\u00f3lo aquello con lo que te sientas c\u00f3modo.<\/li>\n<\/ul>\n<p>Desde conversaciones informales a charlas profundas, cada chat es \u00fanico.<\/p>\n<h2>\u00bfPor qu\u00e9 probar el chat aleatorio por webcam con desconocidos?<\/h2>\n<p>Millones de personas de todo el mundo adoran el chat por webcam aleatorio por muchas razones:<\/p>\n<ul>\n<li>Conexi\u00f3n instant\u00e1nea: No hace falta crear un perfil ni desplazarse durante horas: empieza a chatear en cuesti\u00f3n de segundos.<\/li>\n<li>Amistades globales: Conoce a gente de todos los continentes, culturas y or\u00edgenes.<\/li>\n<li>Practicar las habilidades sociales: Ideal para personas t\u00edmidas, estudiantes de idiomas o cualquiera que desee aumentar su confianza.<\/li>\n<li>Sin presiones: \u00bfNo te gusta? Olv\u00eddalo y sigue adelante, sin resentimientos.<\/li>\n<li>Combate la soledad: Perfecto para las \u00faltimas horas de la noche, los d\u00edas lluviosos o siempre que desee un poco de conexi\u00f3n humana.<\/li>\n<li>Diversi\u00f3n imprevisible: Cada chat es una historia nueva; nunca sabes a qui\u00e9n conocer\u00e1s ni de qu\u00e9 hablar\u00e1s.<\/li>\n<\/ul>\n<blockquote><p>\"Me un\u00ed a un chat por webcam al azar s\u00f3lo para matar el tiempo, y ahora tengo amigos de cuatro pa\u00edses diferentes. Algunos chats son tontos, otros profundos y otros simplemente me hacen re\u00edr\".<\/p><\/blockquote>\n<h2>\u00bfC\u00f3mo funciona el chat por webcam aleatorio gratuito?<\/h2>\n<p>Empezar a utilizar el chat por webcam aleatorio no podr\u00eda ser m\u00e1s f\u00e1cil, incluso si nunca lo has probado antes:<\/p>\n<ol>\n<li>Elige una plataforma: Hay docenas de sitios y aplicaciones de chat con webcam gratuitos y aleatorios (m\u00e1s abajo encontrar\u00e1s las mejores opciones).<\/li>\n<li>Permitir el acceso a la c\u00e1mara y al micr\u00f3fono: El navegador o la aplicaci\u00f3n te pedir\u00e1n permiso para utilizar la c\u00e1mara web y el micr\u00f3fono.<\/li>\n<li>Elige tus opciones: Algunas plataformas te permiten filtrar por sexo, pa\u00eds o intereses.<\/li>\n<li>Haz clic en \"Empezar\", \"Conectar\" o \"Siguiente\": Empar\u00e9jate al instante con un desconocido para una videoconferencia en directo.<\/li>\n<li>Chatea todo el tiempo que quieras: Si congenias con alguien, qu\u00e9date. Si no, dale a \"siguiente\" para buscar una nueva pareja.<\/li>\n<\/ol>\n<p>Sin inscripciones ni ataduras, s\u00f3lo conversaci\u00f3n en directo.<\/p>\n<h2>Los mejores sitios y aplicaciones de chat aleatorio con webcam<\/h2>\n<p>\u00bfTienes curiosidad por saber por d\u00f3nde empezar? Estas son algunas de las plataformas mejor valoradas y m\u00e1s fiables para chatear gratis con webcams aleatorias:<\/p>\n<ul>\n<li>Omegle: El original, que sigue funcionando para chatear por v\u00eddeo con desconocidos de forma an\u00f3nima.<\/li>\n<li>Chatroulette: R\u00e1pido, siempre activo y popular en todo el mundo.<\/li>\n<li>Chatspin: Filtros por sexo, ubicaci\u00f3n e intereses. Divertidos efectos de v\u00eddeo y f\u00e1cil de usar.<\/li>\n<li>Camsurf: Moderado para la seguridad y la positividad; m\u00f3vil-amistoso y simple.<\/li>\n<li>Chatrandom: Chats en grupo y privados, adem\u00e1s de filtros para coincidencias personalizadas.<\/li>\n<li>Bazoocam: Popular en Europa, con juegos para romper el hielo.<\/li>\n<\/ul>\n<p>Pruebe algunas para ver qu\u00e9 ambiente y caracter\u00edsticas le convienen m\u00e1s: cada comunidad tiene su propia energ\u00eda.<\/p>\n<h2>Chat por webcam aleatorio frente a otros chats en l\u00ednea<\/h2>\n<table>\n<thead>\n<tr>\n<th>Caracter\u00edstica<\/th>\n<th>Chat por webcam aleatorio<\/th>\n<th>Chat en grupo<\/th>\n<th>Redes sociales<\/th>\n<th>Aplicaciones de mensajer\u00eda<\/th>\n<\/tr>\n<\/thead>\n<tbody>\n<tr>\n<td>V\u00eddeo en tiempo real<\/td>\n<td>\u2705<\/td>\n<td>\u2705<\/td>\n<td>\u2705<\/td>\n<td>\u2705<\/td>\n<\/tr>\n<tr>\n<td>Emparejamiento aleatorio y an\u00f3nimo<\/td>\n<td>\u2705<\/td>\n<td>\u274c<\/td>\n<td>\u274c<\/td>\n<td>\u274c<\/td>\n<\/tr>\n<tr>\n<td>\"Siguiente\"\/opci\u00f3n de salto<\/td>\n<td>\u2705<\/td>\n<td>\u274c<\/td>\n<td>\u274c<\/td>\n<td>\u274c<\/td>\n<\/tr>\n<tr>\n<td>No es necesario inscribirse<\/td>\n<td>\u2705<\/td>\n<td>\u2705\/\u274c<\/td>\n<td>\u274c<\/td>\n<td>\u274c<\/td>\n<\/tr>\n<tr>\n<td>Uso gratuito<\/td>\n<td>\u2705<\/td>\n<td>\u2705<\/td>\n<td>\u2705<\/td>\n<td>\u2705<\/td>\n<\/tr>\n<\/tbody>\n<\/table>\n<p>El chat aleatorio por webcam es inigualable por su espontaneidad, anonimato y la emoci\u00f3n de no saber a qui\u00e9n conocer\u00e1s despu\u00e9s.<\/p>\n<h2>\u00bfEs seguro el chat aleatorio por webcam?<\/h2>\n<p>La mayor\u00eda de la gente utiliza el chat con webcam aleatorio para divertirse de forma inofensiva, pero como con cualquier otra cosa en l\u00ednea, la seguridad es lo primero:<\/p>\n<ul>\n<li>No compartas nunca tus datos personales: Mant\u00e9n en privado tu nombre completo, direcci\u00f3n, n\u00famero de tel\u00e9fono y redes sociales.<\/li>\n<li>Utiliza un fondo neutro: No muestres nada que no quieras que vean los desconocidos.<\/li>\n<li>Conf\u00eda en tu instinto: Si alguien te parece raro o te incomoda, s\u00e1ltalo o bloqu\u00e9alo.<\/li>\n<li>Denuncia los comportamientos inadecuados: La mayor\u00eda de las plataformas cuentan con funciones r\u00e1pidas de denuncia y bloqueo.<\/li>\n<li>Ten cuidado con los enlaces y archivos: Nunca hagas clic ni descargues nada de un desconocido.<\/li>\n<\/ul>\n<p>Para disfrutar de la mejor experiencia, lim\u00edtate a sitios de confianza con moderaci\u00f3n activa y normas claras.<\/p>\n<h2>\u00bfQui\u00e9n utiliza el chat por webcam aleatorio?<\/h2>\n<p>Es para todos. Los usuarios t\u00edpicos son:<\/p>\n<ul>\n<li>Solteros buscando ligar o encontrar nuevos amigos<\/li>\n<li>Estudiantes y alumnos de idiomas practican la conversaci\u00f3n<\/li>\n<li>Nocturnos e insomnes aburridos en busca de compa\u00f1\u00eda<\/li>\n<li>Personas que desean conectarse globalmente o conocer nuevas culturas<\/li>\n<li>Cualquiera que s\u00f3lo quiera un poco de diversi\u00f3n espont\u00e1nea<\/li>\n<\/ul>\n<p>Independientemente de su edad, formaci\u00f3n o intereses, es probable que conozca a alguien que le sorprenda.<\/p>\n<h2>Consejos para una gran experiencia de chat por webcam aleatorio<\/h2>\n<ul>\n<li>S\u00e9 amable: sonr\u00ede, saluda y empieza con una pregunta sencilla.<\/li>\n<li>No te pases: No tengas miedo de hacer el tonto, contar un chiste o preguntar por tus aficiones.<\/li>\n<li>No te lo tomes como algo personal si alguien se salta: Todo el mundo busca algo diferente.<\/li>\n<li>Utiliza filtros si est\u00e1n disponibles: Las etiquetas de sexo, pa\u00eds o intereses ayudan a encontrar mejores coincidencias.<\/li>\n<li>Pruebe a diferentes horas: El mundo siempre est\u00e1 despierto en alg\u00fan lugar: m\u00e9zclalo para conocer nuevas caras.<\/li>\n<\/ul>\n<h2>Cu\u00e1ndo utilizar el chat por webcam aleatorio<\/h2>\n<ul>\n<li>Cuando est\u00e1s aburrido y quieres compa\u00f1\u00eda espont\u00e1nea<\/li>\n<li>Conocer gente de otros pa\u00edses y culturas<\/li>\n<li>Para practicar nuevos idiomas o habilidades sociales<\/li>\n<li>Si te sientes solo o simplemente quieres hablar<\/li>\n<li>Siempre que quieras una aventura sin gui\u00f3n y en tiempo real<\/li>\n<\/ul>\n<h2>Funciones gratuitas frente a funciones de pago<\/h2>\n<p>La mayor\u00eda de las plataformas de chat con webcam aleatorias son totalmente gratuitas. Algunas ofrecen extras opcionales de pago como:<\/p>\n<ul>\n<li>Filtros o coincidencias ilimitados<\/li>\n<li>Experiencia sin anuncios<\/li>\n<li>Prioridad en las colas o funciones premium<\/li>\n<li>Acceso a salas de chat privadas o exclusivas<\/li>\n<\/ul>\n<p>La versi\u00f3n gratuita es m\u00e1s que suficiente para la mayor\u00eda de los usuarios, sin necesidad de pagar a menos que quieras ventajas adicionales.<\/p>\n<p>El chat aleatorio por webcam es la respuesta moderna a la curiosidad, la conexi\u00f3n y la diversi\u00f3n a escala mundial. Tanto si buscas amistad, romance, practicar idiomas o simplemente algo para romper con la rutina, estas plataformas ponen un mundo de caras al alcance de tu mano: sin compromiso, sin presi\u00f3n, solo personas reales y conversaciones reales.<\/p>\n<p>\u00bfListo para probar? Enciende tu webcam, elige un sitio y comprueba qui\u00e9n est\u00e1 ah\u00ed fuera. Tu pr\u00f3ximo chat favorito podr\u00eda estar a un solo clic.<\/p>","protected":false},"excerpt":{"rendered":"<p>The internet has turned the whole world into one big neighborhood\u2014and nothing captures that spirit quite like random webcam chat. In just a few clicks, you can go from your living room to a face-to-face conversation with a stranger across the globe. Whether you\u2019re looking to make friends, learn about other cultures, or just have [&hellip;]<\/p>\n","protected":false},"author":8,"featured_media":0,"parent":0,"menu_order":0,"comment_status":"closed","ping_status":"closed","template":"","meta":{"footnotes":""},"class_list":["post-3970","page","type-page","status-publish","hentry"],"yoast_head":"<!-- This site is optimized with the Yoast SEO plugin v27.5 - https:\/\/yoast.com\/product\/yoast-seo-wordpress\/ -->\n<title>Random Webcam Chat with Video Chat on TinyChat.com<\/title>\n<meta name=\"description\" content=\"Enjoying Random Webcam Chat? Join over 50,000,000 strangers on TinyChat! Turn on your cam and start meeting new people, or find a match.\" \/>\n<meta name=\"robots\" content=\"index, follow, max-snippet:-1, max-image-preview:large, max-video-preview:-1\" \/>\n<link rel=\"canonical\" href=\"https:\/\/tinychat.com\/es\/random-webcam-chat\/\" \/>\n<meta property=\"og:locale\" content=\"es_ES\" \/>\n<meta property=\"og:type\" content=\"article\" \/>\n<meta property=\"og:title\" content=\"Random Webcam Chat with Video Chat on TinyChat.com\" \/>\n<meta property=\"og:description\" content=\"Enjoying Random Webcam Chat? Join over 50,000,000 strangers on TinyChat! Turn on your cam and start meeting new people, or find a match.\" \/>\n<meta property=\"og:url\" content=\"https:\/\/tinychat.com\/es\/random-webcam-chat\/\" \/>\n<meta property=\"og:site_name\" content=\"TinyChat\" \/>\n<meta property=\"article:publisher\" content=\"https:\/\/www.facebook.com\/tinychat\" \/>\n<meta property=\"article:modified_time\" content=\"2025-08-07T08:52:50+00:00\" \/>\n<meta property=\"og:image\" content=\"https:\/\/tinychat.com\/wp-content\/uploads\/2020\/04\/Tinychat-logo-1280x284-new-black.png\" \/>\n\t<meta property=\"og:image:width\" content=\"1280\" \/>\n\t<meta property=\"og:image:height\" content=\"284\" \/>\n\t<meta property=\"og:image:type\" content=\"image\/png\" \/>\n<meta name=\"twitter:card\" content=\"summary_large_image\" \/>\n<meta name=\"twitter:site\" content=\"@tinychat\" \/>\n<meta name=\"twitter:label1\" content=\"Tiempo de lectura\" \/>\n\t<meta name=\"twitter:data1\" content=\"5 minutos\" \/>\n<script type=\"application\/ld+json\" class=\"yoast-schema-graph\">{\"@context\":\"https:\\\/\\\/schema.org\",\"@graph\":[{\"@type\":\"WebPage\",\"@id\":\"https:\\\/\\\/tinychat.com\\\/random-webcam-chat\\\/\",\"url\":\"https:\\\/\\\/tinychat.com\\\/random-webcam-chat\\\/\",\"name\":\"Random Webcam Chat with Video Chat on TinyChat.com\",\"isPartOf\":{\"@id\":\"https:\\\/\\\/tinychat.com\\\/#website\"},\"datePublished\":\"2025-08-07T08:31:39+00:00\",\"dateModified\":\"2025-08-07T08:52:50+00:00\",\"description\":\"Enjoying Random Webcam Chat? Join over 50,000,000 strangers on TinyChat! Turn on your cam and start meeting new people, or find a match.\",\"breadcrumb\":{\"@id\":\"https:\\\/\\\/tinychat.com\\\/random-webcam-chat\\\/#breadcrumb\"},\"inLanguage\":\"es\",\"potentialAction\":[{\"@type\":\"ReadAction\",\"target\":[\"https:\\\/\\\/tinychat.com\\\/random-webcam-chat\\\/\"]}]},{\"@type\":\"BreadcrumbList\",\"@id\":\"https:\\\/\\\/tinychat.com\\\/random-webcam-chat\\\/#breadcrumb\",\"itemListElement\":[{\"@type\":\"ListItem\",\"position\":1,\"name\":\"Home\",\"item\":\"https:\\\/\\\/tinychat.com\\\/\"},{\"@type\":\"ListItem\",\"position\":2,\"name\":\"Random Webcam Chat\"}]},{\"@type\":\"WebSite\",\"@id\":\"https:\\\/\\\/tinychat.com\\\/#website\",\"url\":\"https:\\\/\\\/tinychat.com\\\/\",\"name\":\"TinyChat\",\"description\":\"Random Video Chat with Strangers\",\"publisher\":{\"@id\":\"https:\\\/\\\/tinychat.com\\\/#organization\"},\"alternateName\":\"TinyChat.com\",\"potentialAction\":[{\"@type\":\"SearchAction\",\"target\":{\"@type\":\"EntryPoint\",\"urlTemplate\":\"https:\\\/\\\/tinychat.com\\\/?s={search_term_string}\"},\"query-input\":{\"@type\":\"PropertyValueSpecification\",\"valueRequired\":true,\"valueName\":\"search_term_string\"}}],\"inLanguage\":\"es\"},{\"@type\":\"Organization\",\"@id\":\"https:\\\/\\\/tinychat.com\\\/#organization\",\"name\":\"TinyChat\",\"alternateName\":\"TinyChat.com\",\"url\":\"https:\\\/\\\/tinychat.com\\\/\",\"logo\":{\"@type\":\"ImageObject\",\"inLanguage\":\"es\",\"@id\":\"https:\\\/\\\/tinychat.com\\\/#\\\/schema\\\/logo\\\/image\\\/\",\"url\":\"https:\\\/\\\/tinychat.com\\\/wp-content\\\/uploads\\\/2023\\\/11\\\/Tinychat-icon-square.png\",\"contentUrl\":\"https:\\\/\\\/tinychat.com\\\/wp-content\\\/uploads\\\/2023\\\/11\\\/Tinychat-icon-square.png\",\"width\":284,\"height\":284,\"caption\":\"TinyChat\"},\"image\":{\"@id\":\"https:\\\/\\\/tinychat.com\\\/#\\\/schema\\\/logo\\\/image\\\/\"},\"sameAs\":[\"https:\\\/\\\/www.facebook.com\\\/tinychat\",\"https:\\\/\\\/x.com\\\/tinychat\"]}]}<\/script>\n<!-- \/ Yoast SEO plugin. -->","yoast_head_json":{"title":"Chat por webcam aleatorio con chat de v\u00eddeo en TinyChat.com","description":"\u00bfDisfrutas del chat aleatorio con webcam? \u00a1\u00danete a m\u00e1s de 50.000.000 de desconocidos en TinyChat! Enciende tu c\u00e1mara y empieza a conocer gente nueva, o encuentra una pareja.","robots":{"index":"index","follow":"follow","max-snippet":"max-snippet:-1","max-image-preview":"max-image-preview:large","max-video-preview":"max-video-preview:-1"},"canonical":"https:\/\/tinychat.com\/es\/random-webcam-chat\/","og_locale":"es_ES","og_type":"article","og_title":"Random Webcam Chat with Video Chat on TinyChat.com","og_description":"Enjoying Random Webcam Chat? Join over 50,000,000 strangers on TinyChat! Turn on your cam and start meeting new people, or find a match.","og_url":"https:\/\/tinychat.com\/es\/random-webcam-chat\/","og_site_name":"TinyChat","article_publisher":"https:\/\/www.facebook.com\/tinychat","article_modified_time":"2025-08-07T08:52:50+00:00","og_image":[{"width":1280,"height":284,"url":"https:\/\/tinychat.com\/wp-content\/uploads\/2020\/04\/Tinychat-logo-1280x284-new-black.png","type":"image\/png"}],"twitter_card":"summary_large_image","twitter_site":"@tinychat","twitter_misc":{"Tiempo de lectura":"5 minutos"},"schema":{"@context":"https:\/\/schema.org","@graph":[{"@type":"WebPage","@id":"https:\/\/tinychat.com\/random-webcam-chat\/","url":"https:\/\/tinychat.com\/random-webcam-chat\/","name":"Chat por webcam aleatorio con chat de v\u00eddeo en TinyChat.com","isPartOf":{"@id":"https:\/\/tinychat.com\/#website"},"datePublished":"2025-08-07T08:31:39+00:00","dateModified":"2025-08-07T08:52:50+00:00","description":"\u00bfDisfrutas del chat aleatorio con webcam? \u00a1\u00danete a m\u00e1s de 50.000.000 de desconocidos en TinyChat! Enciende tu c\u00e1mara y empieza a conocer gente nueva, o encuentra una pareja.","breadcrumb":{"@id":"https:\/\/tinychat.com\/random-webcam-chat\/#breadcrumb"},"inLanguage":"es","potentialAction":[{"@type":"ReadAction","target":["https:\/\/tinychat.com\/random-webcam-chat\/"]}]},{"@type":"BreadcrumbList","@id":"https:\/\/tinychat.com\/random-webcam-chat\/#breadcrumb","itemListElement":[{"@type":"ListItem","position":1,"name":"Home","item":"https:\/\/tinychat.com\/"},{"@type":"ListItem","position":2,"name":"Random Webcam Chat"}]},{"@type":"WebSite","@id":"https:\/\/tinychat.com\/#website","url":"https:\/\/tinychat.com\/","name":"TinyChat","description":"Videochat aleatorio con desconocidos","publisher":{"@id":"https:\/\/tinychat.com\/#organization"},"alternateName":"TinyChat.com","potentialAction":[{"@type":"SearchAction","target":{"@type":"EntryPoint","urlTemplate":"https:\/\/tinychat.com\/?s={search_term_string}"},"query-input":{"@type":"PropertyValueSpecification","valueRequired":true,"valueName":"search_term_string"}}],"inLanguage":"es"},{"@type":"Organization","@id":"https:\/\/tinychat.com\/#organization","name":"TinyChat","alternateName":"TinyChat.com","url":"https:\/\/tinychat.com\/","logo":{"@type":"ImageObject","inLanguage":"es","@id":"https:\/\/tinychat.com\/#\/schema\/logo\/image\/","url":"https:\/\/tinychat.com\/wp-content\/uploads\/2023\/11\/Tinychat-icon-square.png","contentUrl":"https:\/\/tinychat.com\/wp-content\/uploads\/2023\/11\/Tinychat-icon-square.png","width":284,"height":284,"caption":"TinyChat"},"image":{"@id":"https:\/\/tinychat.com\/#\/schema\/logo\/image\/"},"sameAs":["https:\/\/www.facebook.com\/tinychat","https:\/\/x.com\/tinychat"]}]}},"_links":{"self":[{"href":"https:\/\/tinychat.com\/es\/wp-json\/wp\/v2\/pages\/3970","targetHints":{"allow":["GET"]}}],"collection":[{"href":"https:\/\/tinychat.com\/es\/wp-json\/wp\/v2\/pages"}],"about":[{"href":"https:\/\/tinychat.com\/es\/wp-json\/wp\/v2\/types\/page"}],"author":[{"embeddable":true,"href":"https:\/\/tinychat.com\/es\/wp-json\/wp\/v2\/users\/8"}],"replies":[{"embeddable":true,"href":"https:\/\/tinychat.com\/es\/wp-json\/wp\/v2\/comments?post=3970"}],"version-history":[{"count":2,"href":"https:\/\/tinychat.com\/es\/wp-json\/wp\/v2\/pages\/3970\/revisions"}],"predecessor-version":[{"id":13416,"href":"https:\/\/tinychat.com\/es\/wp-json\/wp\/v2\/pages\/3970\/revisions\/13416"}],"wp:attachment":[{"href":"https:\/\/tinychat.com\/es\/wp-json\/wp\/v2\/media?parent=3970"}],"curies":[{"name":"wp","href":"https:\/\/api.w.org\/{rel}","templated":true}]}}