{"id":3987,"date":"2025-05-23T17:34:41","date_gmt":"2025-05-23T15:34:41","guid":{"rendered":"https:\/\/tinychat.com\/?page_id=3987"},"modified":"2025-06-12T10:27:56","modified_gmt":"2025-06-12T08:27:56","slug":"talk-to-strangers","status":"publish","type":"page","link":"https:\/\/tinychat.com\/es\/talk-to-strangers\/","title":{"rendered":"Hablar con extra\u00f1os"},"content":{"rendered":"<p>El deseo de hablar con desconocidos en Internet no es una conversaci\u00f3n trivial: es una cuesti\u00f3n de serendipia, sorpresa y, a veces, incluso autodescubrimiento. Tanto si te sientes aislado, aburrido, curioso o aventurero, el deseo de conectar con alguien nuevo -alguien fuera de tus c\u00edrculos habituales- es profundamente humano. Ah\u00ed es donde plataformas como <a href=\"https:\/\/tinychat.com\/es\/\">TinyChat<\/a> creando entornos seguros, f\u00e1ciles y atractivos para hacer precisamente eso: hablar con desconocidos.<\/p>\n<p>Este art\u00edculo es una gu\u00eda completa para hablar con desconocidos en Internet: por qu\u00e9 lo hace la gente, c\u00f3mo hacerlo con seguridad y por qu\u00e9... <a href=\"https:\/\/tinychat.com\/es\/\">TinyChat<\/a> es una de las mejores plataformas disponibles en la actualidad para una interacci\u00f3n significativa y en tiempo real.<\/p>\n<h2>\u00bfPor qu\u00e9 la gente quiere hablar con desconocidos?<\/h2>\n<p>A primera vista, la idea puede parecer extra\u00f1a: \u00bfpor qu\u00e9 querr\u00edas hablar con alguien a quien nunca has visto y puede que nunca vuelvas a ver? Pero, en realidad, de eso se trata.<\/p>\n<h3>1. Libertad sin juicio<\/h3>\n<p>Hablar con desconocidos significa que puedes ser quien quieras ser. No hay cargas sociales, ni necesidad de actuar, ni miedo a las consecuencias a largo plazo. Puedes desahogarte, experimentar, explorar o simplemente ser t\u00fa mismo sin filtros.<\/p>\n<h3>2. Curiosidad genuina<\/h3>\n<p>Los seres humanos somos curiosos por naturaleza. Queremos saber c\u00f3mo vive la gente en otros pa\u00edses, qu\u00e9 piensan sobre determinados temas o en qu\u00e9 se diferencian sus vidas de las nuestras. Hablar con desconocidos nos abre una ventana al mundo de los dem\u00e1s.<\/p>\n<h3>3. Combatir la soledad<\/h3>\n<p>En un mundo m\u00e1s conectado digitalmente que nunca, muchas personas se sienten emocionalmente desconectadas. Hablar con desconocidos por Internet puede aliviar la sensaci\u00f3n de aislamiento, sobre todo en el caso de quienes trabajan a distancia, viven solos o sufren ansiedad social.<\/p>\n<h3>4. Hacer nuevos amigos<\/h3>\n<p>Algunas conversaciones son fugaces, pero otras se convierten en verdaderas amistades. Muchas personas conocen a amigos o parejas para toda la vida simplemente iniciando una <a href=\"https:\/\/tinychat.com\/es\/chatroulette\/\">chat<\/a> con un <a href=\"https:\/\/tinychat.com\/es\/strangercam\/\">extra\u00f1o<\/a>.<\/p>\n<h3>5. 5. Crecimiento personal<\/h3>\n<p>Cada conversaci\u00f3n con un <a href=\"https:\/\/tinychat.com\/es\/strangercam\/\">extra\u00f1o<\/a> puede cuestionar tus suposiciones, ampliar tu pensamiento o ayudarte a practicar la empat\u00eda. Es una forma de desarrollo social de bajo riesgo que reporta dividendos emocionales.<\/p>\n<h2>\u00bfQu\u00e9 significa hoy \"hablar con desconocidos\"?<\/h2>\n<p>En la era digital, \"hablar con desconocidos\" ya no significa s\u00f3lo charlar con alguien en un tren o en una cafeter\u00eda. Hoy significa:<\/p>\n<ul>\n<li>Al hacer clic en un bot\u00f3n se emparejar\u00e1 con un <a href=\"https:\/\/tinychat.com\/es\/strangercam\/\">extra\u00f1o<\/a> en cualquier parte del mundo.<\/li>\n<li>Mantener conversaciones espont\u00e1neas por texto o v\u00eddeo, a menudo de forma an\u00f3nima.<\/li>\n<li>Compromiso basado en los intereses <a href=\"https:\/\/tinychat.com\/es\/chatroulette\/\">chat<\/a> salas o grupos de transmisi\u00f3n en directo.<\/li>\n<li>Hablar con la gente sin tener que crear un perfil social ni utilizar tu nombre real.<\/li>\n<\/ul>\n<p>Y lo que es m\u00e1s importante, significa apertura a nuevas experiencias, a veces tontas, a veces serias, a menudo sorprendentes.<\/p>\n<h2>D\u00f3nde hablar con desconocidos en l\u00ednea<\/h2>\n<p>Internet est\u00e1 lleno de plataformas que te permiten hablar con desconocidos, pero no todas son iguales. Algunas priorizan la seguridad y la comunidad, mientras que otras son m\u00e1s ca\u00f3ticas u orientadas a adultos.<\/p>\n<p>Estos son los tipos de plataformas m\u00e1s populares a las que acude la gente para conocer a desconocidos:<\/p>\n<h3>1. Chat aleatorio individual<\/h3>\n<p>Este es el modelo Omegle: te emparejan aleatoriamente con alguien para un v\u00eddeo o un mensaje de texto privado. <a href=\"https:\/\/tinychat.com\/es\/chatroulette\/\">chat<\/a>. Puede pasar a la siguiente persona en cualquier momento.<\/p>\n<h3>2. Salas de chat en grupo<\/h3>\n<p>Plataformas cl\u00e1sicas como <a href=\"https:\/\/tinychat.com\/es\/\">TinyChat<\/a> oferta p\u00fablica o privada <a href=\"https:\/\/tinychat.com\/es\/chatroulette\/\">chat<\/a> salas en torno a intereses espec\u00edficos (m\u00fasica, citas, juegos, salud mental, etc.). Puedes ver a varias personas chateando por texto o v\u00eddeo y participar cuando te sientas c\u00f3modo.<\/p>\n<h3>3. Espacios de chat en directo<\/h3>\n<p>Algunas plataformas permiten participar en retransmisiones en directo en las que la gente se retransmite y <a href=\"https:\/\/tinychat.com\/es\/chatroulette\/\">chat<\/a> con los espectadores. Puedes hablar con el presentador, interactuar con otros en el <a href=\"https:\/\/tinychat.com\/es\/chatroulette\/\">chat<\/a>o incluso ser invitado \"al escenario\".<\/p>\n<h3>4. Chats aleatorios s\u00f3lo de voz<\/h3>\n<p>Para las personas que no se sienten c\u00f3modas con el v\u00eddeo, las aplicaciones que te emparejan a trav\u00e9s del audio son una forma estupenda de introducirse en el mundo del v\u00eddeo. <a href=\"https:\/\/tinychat.com\/es\/strangercam\/\">extra\u00f1o<\/a> conversaciones.<\/p>\n<h2>Por qu\u00e9 TinyChat es el mejor lugar para hablar con desconocidos<\/h2>\n<p>Cuando se trata de comunicaci\u00f3n espont\u00e1nea y en grupo, <a href=\"https:\/\/tinychat.com\/es\/\">TinyChat<\/a> es una de las plataformas m\u00e1s antiguas y fiables. Combina la libertad de la interacci\u00f3n an\u00f3nima con la estructura de las salas tem\u00e1ticas, lo que la hace ideal para quienes quieren hablar con desconocidos sin caer en el caos.<\/p>\n<p>He aqu\u00ed por qu\u00e9 <a href=\"https:\/\/tinychat.com\/es\/\">TinyChat<\/a> destaca como plataforma para \"hablar con desconocidos\":<\/p>\n<h3>No es necesario inscribirse<\/h3>\n<p>Saltar a un <a href=\"https:\/\/tinychat.com\/es\/chatroulette\/\">chat<\/a> al instante sin registrarte. \u00bfQuieres m\u00e1s funciones? Puedes registrarte, pero no es necesario. Est\u00e1 dise\u00f1ado sin fricciones.<\/p>\n<h3>Chat de v\u00eddeo, voz y texto<\/h3>\n<p>Si quiere que le vean, que le oigan o simplemente escribir de forma an\u00f3nima, <a href=\"https:\/\/tinychat.com\/es\/\">TinyChat<\/a> te ofrece m\u00faltiples formas de interactuar. Siempre tienes el control de lo visible que quieres ser.<\/p>\n<h3>Salas de chat tem\u00e1ticas<\/h3>\n<p>A diferencia de las plataformas individuales aleatorias, <a href=\"https:\/\/tinychat.com\/es\/\">TinyChat<\/a> te permite elegir salas en funci\u00f3n de tus intereses: m\u00fasica, pol\u00edtica, citas, comedia o incluso simplemente \"chill\". As\u00ed es m\u00e1s f\u00e1cil encontrar a desconocidos afines.<\/p>\n<h3>Salas p\u00fablicas y privadas<\/h3>\n<p>\u00bfQuieres conocer gente en un gran espacio p\u00fablico? Salta a una sala concurrida. \u00bfQuieres algo m\u00e1s tranquilo? Crea un espacio privado <a href=\"https:\/\/tinychat.com\/es\/chatroulette\/\">chat<\/a> sala e invitar individualmente a los desconocidos.<\/p>\n<h3>Funciones de retransmisi\u00f3n en directo<\/h3>\n<p><a href=\"https:\/\/tinychat.com\/es\/\">TinyChat<\/a> no se trata s\u00f3lo de un cara a cara <a href=\"https:\/\/tinychat.com\/es\/chatroulette\/\">chat<\/a>. Puedes retransmitir tu propio v\u00eddeo\/audio a la sala e interactuar con tu p\u00fablico en tiempo real. O simplemente si\u00e9ntate y observa c\u00f3mo otros organizan sesiones divertidas, extra\u00f1as o perspicaces.<\/p>\n<h3>Compatible con varias plataformas<\/h3>\n<p>Util\u00edzala en tu navegador o desc\u00e1rgate las aplicaciones para iOS\/Android para chatear sobre la marcha.<\/p>\n<h2>\u00bfEs seguro hablar con desconocidos?<\/h2>\n<p>Hablar con desconocidos en Internet puede ser tan seguro o tan arriesgado como t\u00fa lo hagas. Aunque la mayor\u00eda de la gente es amable o inofensiva, es importante proteger tu intimidad y tu bienestar emocional. <a href=\"https:\/\/tinychat.com\/es\/\">TinyChat<\/a> y otras plataformas reputadas ponen de su parte a trav\u00e9s de la moderaci\u00f3n, pero tus h\u00e1bitos tambi\u00e9n importan.<\/p>\n<h3>Consejos de seguridad para hablar con desconocidos en Internet<\/h3>\n<ul>\n<li>Mant\u00e9n el anonimato: utiliza un apodo. Nunca compartas tu nombre real, direcci\u00f3n, centro de estudios o lugar de trabajo.<\/li>\n<li>No env\u00edes fotos ni enlaces: Aunque alguien parezca de confianza, evita compartir im\u00e1genes o hacer clic en enlaces.<\/li>\n<li>S\u00e9 respetuoso: Trata a los dem\u00e1s como te gustar\u00eda que te trataran a ti. La mayor\u00eda de las plataformas, incluidas <a href=\"https:\/\/tinychat.com\/es\/\">TinyChat<\/a>tienen normas claras contra la incitaci\u00f3n al odio y el acoso.<\/li>\n<li>Denuncia a los usuarios inapropiados: Si alguien se pasa de la raya, utiliza el bot\u00f3n de denuncia integrado.<\/li>\n<li>Evita compartir las redes sociales a menos que tengas plena confianza y quieras continuar la conexi\u00f3n.<\/li>\n<\/ul>\n<h2>Ventajas de hablar con desconocidos en TinyChat<\/h2>\n<p>El formato basado en grupos de TinyChat tiene algo especial. Esto es lo que m\u00e1s gusta a los usuarios:<\/p>\n<h3>Energ\u00eda grupal espont\u00e1nea<\/h3>\n<p>A diferencia del uno a uno <a href=\"https:\/\/tinychat.com\/es\/chatroulette\/\">chat<\/a> que a veces pueden resultar intensas o inc\u00f3modas, las salas abiertas de TinyChat permiten escuchar a escondidas, participar despacio y hacer comentarios divertidos. Puedes participar o simplemente mirar.<\/p>\n<h3>Comunidad mundial diversa<\/h3>\n<p><a href=\"https:\/\/tinychat.com\/es\/\">TinyChat<\/a> re\u00fane a usuarios de todo el mundo, ofreci\u00e9ndoles conocimientos culturales, perspectivas diferentes y alguna que otra amistad inesperada.<\/p>\n<h3>Entorno sin presi\u00f3n<\/h3>\n<p>Puedes abandonar la sala en cualquier momento, silenciar el micr\u00f3fono o apagar el v\u00eddeo. Siempre tendr\u00e1s el control sobre la profundidad (o profundidad) de tu participaci\u00f3n.<\/p>\n<h3>Experiencia a medida<\/h3>\n<p>Ya sea para ligar, hacer amigos, debatir sobre pol\u00edtica, compartir m\u00fasica o simplemente decir tonter\u00edas con desconocidos, hay una sala para ello.<\/p>\n<h2>Experiencias reales de los usuarios<\/h2>\n<blockquote><p>\"Empec\u00e9 a usar <a href=\"https:\/\/tinychat.com\/es\/\">TinyChat<\/a> durante la pandemia s\u00f3lo para encontrar a alguien con quien hablar. Dos a\u00f1os despu\u00e9s, sigo entrando para conocer gente nueva. Es como un bar virtual\".<br \/>\n- <em>Kevin M., EE.UU.<\/em><\/p><\/blockquote>\n<blockquote><p>\"Lo que me gusta es que no es una locura. Puedo relajarme en una sala de m\u00fasica, poner el micro y vibrar con gente cualquiera, desde Canad\u00e1 hasta Croacia\".<br \/>\n- <em>Elena R., Pa\u00edses Bajos<\/em><\/p><\/blockquote>\n<blockquote><p>\"He utilizado <a href=\"https:\/\/tinychat.com\/es\/omegle\/\">Omegle<\/a> y ese tipo de sitios. <a href=\"https:\/\/tinychat.com\/es\/\">TinyChat<\/a> es mejor para conversaciones reales. Puedes pasar el rato sin que te obliguen a hablar\".<br \/>\n- <em>Jason T., Sud\u00e1frica<\/em><\/p><\/blockquote>\n<h2>TinyChat frente a otras plataformas para hablar con desconocidos<\/h2>\n<table>\n<thead>\n<tr>\n<th>Caracter\u00edstica<\/th>\n<th><a href=\"https:\/\/tinychat.com\/es\/\">TinyChat<\/a><\/th>\n<th><a href=\"https:\/\/tinychat.com\/es\/omegle\/\">Omegle<\/a><\/th>\n<th><a href=\"https:\/\/tinychat.com\/es\/chatroulette\/\">Chatroulette<\/a><\/th>\n<th><a href=\"https:\/\/tinychat.com\/es\/ometv\/\">OmeTV<\/a><\/th>\n<th><a href=\"https:\/\/tinychat.com\/es\/strangercam\/\">StrangerCam<\/a><\/th>\n<\/tr>\n<\/thead>\n<tbody>\n<tr>\n<td>Salas para grupos<\/td>\n<td>\u2705 S\u00ed<\/td>\n<td>\u274c No<\/td>\n<td>\u274c No<\/td>\n<td>\u274c No<\/td>\n<td>\u274c No<\/td>\n<\/tr>\n<tr>\n<td>Texto + V\u00eddeo + Voz <a href=\"https:\/\/tinychat.com\/es\/chatroulette\/\">Chat<\/a><\/td>\n<td>\u2705 S\u00ed<\/td>\n<td>\u2705 S\u00ed<\/td>\n<td>\u2705 S\u00ed<\/td>\n<td>\u2705 S\u00ed<\/td>\n<td>\u2705 S\u00ed<\/td>\n<\/tr>\n<tr>\n<td>No es necesario inscribirse<\/td>\n<td>\u2705 S\u00ed<\/td>\n<td>\u2705 S\u00ed<\/td>\n<td>\u2705 S\u00ed<\/td>\n<td>\u2705 S\u00ed<\/td>\n<td>\u2705 S\u00ed<\/td>\n<\/tr>\n<tr>\n<td>Basado en temas <a href=\"https:\/\/tinychat.com\/es\/chatroulette\/\">Chat<\/a><\/td>\n<td>\u2705 S\u00ed<\/td>\n<td>\u274c No<\/td>\n<td>\u274c No<\/td>\n<td>\u274c No<\/td>\n<td>\u274c No<\/td>\n<\/tr>\n<tr>\n<td>Retransmisi\u00f3n en directo<\/td>\n<td>\u2705 S\u00ed<\/td>\n<td>\u274c No<\/td>\n<td>\u274c No<\/td>\n<td>\u274c No<\/td>\n<td>\u274c No<\/td>\n<\/tr>\n<tr>\n<td>Aplicaci\u00f3n m\u00f3vil disponible<\/td>\n<td>\u2705 S\u00ed<\/td>\n<td>\u274c No<\/td>\n<td>\u2705 S\u00ed<\/td>\n<td>\u2705 S\u00ed<\/td>\n<td>\u2705 S\u00ed<\/td>\n<\/tr>\n<tr>\n<td>Moderaci\u00f3n e informes<\/td>\n<td>\u2705 Bueno<\/td>\n<td>\u26a0\ufe0f Pobre<\/td>\n<td>\u2705 Moderado<\/td>\n<td>\u2705 Bueno<\/td>\n<td>\u2705 Bueno<\/td>\n<\/tr>\n<\/tbody>\n<\/table>\n<p>Resumen: <a href=\"https:\/\/tinychat.com\/es\/\">TinyChat<\/a> es la mejor opci\u00f3n si lo que busca es un grupo no inc\u00f3modo. <a href=\"https:\/\/tinychat.com\/es\/strangercam\/\">extra\u00f1o<\/a> <a href=\"https:\/\/tinychat.com\/es\/chatroulette\/\">chat<\/a> con filtrado de temas, opciones de voz\/v\u00eddeo y un entorno de baja presi\u00f3n.<\/p>\n<h2>Consejos para aprovechar al m\u00e1ximo la experiencia de \"hablar con desconocidos<\/h2>\n<ul>\n<li>Empieza en modo observador: No tienes que hablar inmediatamente. Observa, lee la sala y, a continuaci\u00f3n, interviene.<\/li>\n<li>Encuentra tu nicho: <a href=\"https:\/\/tinychat.com\/es\/\">TinyChat<\/a> tiene salas para todo, desde pol\u00edtica hasta citas. Explora hasta que encuentres una que se adapte a tu onda.<\/li>\n<li>Utilice el v\u00eddeo s\u00f3lo cuando le resulte c\u00f3modo: El texto y el audio son formas perfectamente v\u00e1lidas de conectar. No te precipites al encender la c\u00e1mara.<\/li>\n<li>Mant\u00e9n la mente abierta: No todos los <a href=\"https:\/\/tinychat.com\/es\/chatroulette\/\">chat<\/a> ser\u00e1n incre\u00edbles. Otras ser\u00e1n aburridas. Otras pueden cambiarte el d\u00eda. Siga explorando.<\/li>\n<li>S\u00e9 constante: Cuanto m\u00e1s te presentes, m\u00e1s c\u00f3modo y seguro te sentir\u00e1s a la hora de relacionarte con gente nueva.<\/li>\n<\/ul>\n<p>La frase \"hablar con desconocidos\" sol\u00eda ir acompa\u00f1ada de advertencias. Pero en el mundo online, si se hace bien y con seguridad, se ha convertido en una puerta a la conexi\u00f3n, la empat\u00eda y la experiencia compartida.<\/p>\n<p><a href=\"https:\/\/tinychat.com\/es\/\">TinyChat<\/a> ofrece una plataforma en la que prospera esta idea: un espacio en el que la gente se re\u00fane no para conseguir seguidores, likes o citas, sino simplemente por el placer de conversar. Se trata de re\u00edrse con alguien que vive en un huso horario diferente, escuchar una historia de un total <a href=\"https:\/\/tinychat.com\/es\/strangercam\/\">extra\u00f1o<\/a>o encontrar un terreno com\u00fan en un mundo ca\u00f3tico.<\/p>\n<p>As\u00ed que si quieres hablar con desconocidos, no sin rumbo, sino con sentido, est\u00e1s en el lugar adecuado. \u00danase a una <a href=\"https:\/\/tinychat.com\/es\/\">TinyChat<\/a> sala, enciende el micr\u00f3fono (o no lo enciendas) y a ver ad\u00f3nde te lleva la conversaci\u00f3n.<\/p>\n<p>Porque a veces, las mejores conversaciones son con gente que no conoces.<\/p>","protected":false},"excerpt":{"rendered":"<p>The desire to talk to strangers online isn\u2019t about small talk \u2014 it\u2019s about serendipity, surprise, and sometimes, even self-discovery. Whether you&#8217;re feeling isolated, bored, curious, or adventurous, the urge to connect with someone new \u2014 someone outside your usual circles \u2014 is deeply human. That\u2019s where platforms like TinyChat step in, creating safe, easy, [&hellip;]<\/p>\n","protected":false},"author":8,"featured_media":0,"parent":0,"menu_order":0,"comment_status":"closed","ping_status":"closed","template":"","meta":{"footnotes":""},"class_list":["post-3987","page","type-page","status-publish","hentry"],"yoast_head":"<!-- This site is optimized with the Yoast SEO plugin v27.5 - https:\/\/yoast.com\/product\/yoast-seo-wordpress\/ -->\n<title>Talk to Strangers with Video Chat on TinyChat.com<\/title>\n<meta name=\"description\" content=\"Enjoying Talk to Strangers? Join over 50,000,000 strangers on TinyChat! Turn on your cam and start meeting new people, or find a match.\" \/>\n<meta name=\"robots\" content=\"index, follow, max-snippet:-1, max-image-preview:large, max-video-preview:-1\" \/>\n<link rel=\"canonical\" href=\"https:\/\/tinychat.com\/es\/talk-to-strangers\/\" \/>\n<meta property=\"og:locale\" content=\"es_ES\" \/>\n<meta property=\"og:type\" content=\"article\" \/>\n<meta property=\"og:title\" content=\"Talk to Strangers with Video Chat on TinyChat.com\" \/>\n<meta property=\"og:description\" content=\"Enjoying Talk to Strangers? Join over 50,000,000 strangers on TinyChat! Turn on your cam and start meeting new people, or find a match.\" \/>\n<meta property=\"og:url\" content=\"https:\/\/tinychat.com\/es\/talk-to-strangers\/\" \/>\n<meta property=\"og:site_name\" content=\"TinyChat\" \/>\n<meta property=\"article:publisher\" content=\"https:\/\/www.facebook.com\/tinychat\" \/>\n<meta property=\"article:modified_time\" content=\"2025-06-12T08:27:56+00:00\" \/>\n<meta property=\"og:image\" content=\"https:\/\/tinychat.com\/wp-content\/uploads\/2020\/04\/Tinychat-logo-1280x284-new-black.png\" \/>\n\t<meta property=\"og:image:width\" content=\"1280\" \/>\n\t<meta property=\"og:image:height\" content=\"284\" \/>\n\t<meta property=\"og:image:type\" content=\"image\/png\" \/>\n<meta name=\"twitter:card\" content=\"summary_large_image\" \/>\n<meta name=\"twitter:site\" content=\"@tinychat\" \/>\n<meta name=\"twitter:label1\" content=\"Tiempo de lectura\" \/>\n\t<meta name=\"twitter:data1\" content=\"7 minutos\" \/>\n<script type=\"application\/ld+json\" class=\"yoast-schema-graph\">{\"@context\":\"https:\\\/\\\/schema.org\",\"@graph\":[{\"@type\":\"WebPage\",\"@id\":\"https:\\\/\\\/tinychat.com\\\/talk-to-strangers\\\/\",\"url\":\"https:\\\/\\\/tinychat.com\\\/talk-to-strangers\\\/\",\"name\":\"Talk to Strangers with Video Chat on TinyChat.com\",\"isPartOf\":{\"@id\":\"https:\\\/\\\/tinychat.com\\\/#website\"},\"datePublished\":\"2025-05-23T15:34:41+00:00\",\"dateModified\":\"2025-06-12T08:27:56+00:00\",\"description\":\"Enjoying Talk to Strangers? Join over 50,000,000 strangers on TinyChat! Turn on your cam and start meeting new people, or find a match.\",\"breadcrumb\":{\"@id\":\"https:\\\/\\\/tinychat.com\\\/talk-to-strangers\\\/#breadcrumb\"},\"inLanguage\":\"es\",\"potentialAction\":[{\"@type\":\"ReadAction\",\"target\":[\"https:\\\/\\\/tinychat.com\\\/talk-to-strangers\\\/\"]}]},{\"@type\":\"BreadcrumbList\",\"@id\":\"https:\\\/\\\/tinychat.com\\\/talk-to-strangers\\\/#breadcrumb\",\"itemListElement\":[{\"@type\":\"ListItem\",\"position\":1,\"name\":\"Home\",\"item\":\"https:\\\/\\\/tinychat.com\\\/\"},{\"@type\":\"ListItem\",\"position\":2,\"name\":\"Talk to Strangers\"}]},{\"@type\":\"WebSite\",\"@id\":\"https:\\\/\\\/tinychat.com\\\/#website\",\"url\":\"https:\\\/\\\/tinychat.com\\\/\",\"name\":\"TinyChat\",\"description\":\"Random Video Chat with Strangers\",\"publisher\":{\"@id\":\"https:\\\/\\\/tinychat.com\\\/#organization\"},\"alternateName\":\"TinyChat.com\",\"potentialAction\":[{\"@type\":\"SearchAction\",\"target\":{\"@type\":\"EntryPoint\",\"urlTemplate\":\"https:\\\/\\\/tinychat.com\\\/?s={search_term_string}\"},\"query-input\":{\"@type\":\"PropertyValueSpecification\",\"valueRequired\":true,\"valueName\":\"search_term_string\"}}],\"inLanguage\":\"es\"},{\"@type\":\"Organization\",\"@id\":\"https:\\\/\\\/tinychat.com\\\/#organization\",\"name\":\"TinyChat\",\"alternateName\":\"TinyChat.com\",\"url\":\"https:\\\/\\\/tinychat.com\\\/\",\"logo\":{\"@type\":\"ImageObject\",\"inLanguage\":\"es\",\"@id\":\"https:\\\/\\\/tinychat.com\\\/#\\\/schema\\\/logo\\\/image\\\/\",\"url\":\"https:\\\/\\\/tinychat.com\\\/wp-content\\\/uploads\\\/2023\\\/11\\\/Tinychat-icon-square.png\",\"contentUrl\":\"https:\\\/\\\/tinychat.com\\\/wp-content\\\/uploads\\\/2023\\\/11\\\/Tinychat-icon-square.png\",\"width\":284,\"height\":284,\"caption\":\"TinyChat\"},\"image\":{\"@id\":\"https:\\\/\\\/tinychat.com\\\/#\\\/schema\\\/logo\\\/image\\\/\"},\"sameAs\":[\"https:\\\/\\\/www.facebook.com\\\/tinychat\",\"https:\\\/\\\/x.com\\\/tinychat\"]}]}<\/script>\n<!-- \/ Yoast SEO plugin. -->","yoast_head_json":{"title":"Habla con extra\u00f1os con el chat de v\u00eddeo en TinyChat.com","description":"\u00bfTe gusta Hablar con desconocidos? \u00a1\u00danete a m\u00e1s de 50.000.000 de desconocidos en TinyChat! Enciende tu c\u00e1mara y empieza a conocer gente nueva, o encuentra una pareja.","robots":{"index":"index","follow":"follow","max-snippet":"max-snippet:-1","max-image-preview":"max-image-preview:large","max-video-preview":"max-video-preview:-1"},"canonical":"https:\/\/tinychat.com\/es\/talk-to-strangers\/","og_locale":"es_ES","og_type":"article","og_title":"Talk to Strangers with Video Chat on TinyChat.com","og_description":"Enjoying Talk to Strangers? Join over 50,000,000 strangers on TinyChat! Turn on your cam and start meeting new people, or find a match.","og_url":"https:\/\/tinychat.com\/es\/talk-to-strangers\/","og_site_name":"TinyChat","article_publisher":"https:\/\/www.facebook.com\/tinychat","article_modified_time":"2025-06-12T08:27:56+00:00","og_image":[{"width":1280,"height":284,"url":"https:\/\/tinychat.com\/wp-content\/uploads\/2020\/04\/Tinychat-logo-1280x284-new-black.png","type":"image\/png"}],"twitter_card":"summary_large_image","twitter_site":"@tinychat","twitter_misc":{"Tiempo de lectura":"7 minutos"},"schema":{"@context":"https:\/\/schema.org","@graph":[{"@type":"WebPage","@id":"https:\/\/tinychat.com\/talk-to-strangers\/","url":"https:\/\/tinychat.com\/talk-to-strangers\/","name":"Habla con extra\u00f1os con el chat de v\u00eddeo en TinyChat.com","isPartOf":{"@id":"https:\/\/tinychat.com\/#website"},"datePublished":"2025-05-23T15:34:41+00:00","dateModified":"2025-06-12T08:27:56+00:00","description":"\u00bfTe gusta Hablar con desconocidos? \u00a1\u00danete a m\u00e1s de 50.000.000 de desconocidos en TinyChat! Enciende tu c\u00e1mara y empieza a conocer gente nueva, o encuentra una pareja.","breadcrumb":{"@id":"https:\/\/tinychat.com\/talk-to-strangers\/#breadcrumb"},"inLanguage":"es","potentialAction":[{"@type":"ReadAction","target":["https:\/\/tinychat.com\/talk-to-strangers\/"]}]},{"@type":"BreadcrumbList","@id":"https:\/\/tinychat.com\/talk-to-strangers\/#breadcrumb","itemListElement":[{"@type":"ListItem","position":1,"name":"Home","item":"https:\/\/tinychat.com\/"},{"@type":"ListItem","position":2,"name":"Talk to Strangers"}]},{"@type":"WebSite","@id":"https:\/\/tinychat.com\/#website","url":"https:\/\/tinychat.com\/","name":"TinyChat","description":"Videochat aleatorio con desconocidos","publisher":{"@id":"https:\/\/tinychat.com\/#organization"},"alternateName":"TinyChat.com","potentialAction":[{"@type":"SearchAction","target":{"@type":"EntryPoint","urlTemplate":"https:\/\/tinychat.com\/?s={search_term_string}"},"query-input":{"@type":"PropertyValueSpecification","valueRequired":true,"valueName":"search_term_string"}}],"inLanguage":"es"},{"@type":"Organization","@id":"https:\/\/tinychat.com\/#organization","name":"TinyChat","alternateName":"TinyChat.com","url":"https:\/\/tinychat.com\/","logo":{"@type":"ImageObject","inLanguage":"es","@id":"https:\/\/tinychat.com\/#\/schema\/logo\/image\/","url":"https:\/\/tinychat.com\/wp-content\/uploads\/2023\/11\/Tinychat-icon-square.png","contentUrl":"https:\/\/tinychat.com\/wp-content\/uploads\/2023\/11\/Tinychat-icon-square.png","width":284,"height":284,"caption":"TinyChat"},"image":{"@id":"https:\/\/tinychat.com\/#\/schema\/logo\/image\/"},"sameAs":["https:\/\/www.facebook.com\/tinychat","https:\/\/x.com\/tinychat"]}]}},"_links":{"self":[{"href":"https:\/\/tinychat.com\/es\/wp-json\/wp\/v2\/pages\/3987","targetHints":{"allow":["GET"]}}],"collection":[{"href":"https:\/\/tinychat.com\/es\/wp-json\/wp\/v2\/pages"}],"about":[{"href":"https:\/\/tinychat.com\/es\/wp-json\/wp\/v2\/types\/page"}],"author":[{"embeddable":true,"href":"https:\/\/tinychat.com\/es\/wp-json\/wp\/v2\/users\/8"}],"replies":[{"embeddable":true,"href":"https:\/\/tinychat.com\/es\/wp-json\/wp\/v2\/comments?post=3987"}],"version-history":[{"count":3,"href":"https:\/\/tinychat.com\/es\/wp-json\/wp\/v2\/pages\/3987\/revisions"}],"predecessor-version":[{"id":13180,"href":"https:\/\/tinychat.com\/es\/wp-json\/wp\/v2\/pages\/3987\/revisions\/13180"}],"wp:attachment":[{"href":"https:\/\/tinychat.com\/es\/wp-json\/wp\/v2\/media?parent=3987"}],"curies":[{"name":"wp","href":"https:\/\/api.w.org\/{rel}","templated":true}]}}