{"id":4004,"date":"2025-09-03T08:37:25","date_gmt":"2025-09-03T06:37:25","guid":{"rendered":"https:\/\/tinychat.com\/?page_id=4004"},"modified":"2025-09-03T12:46:19","modified_gmt":"2025-09-03T10:46:19","slug":"video-call-strangers","status":"publish","type":"page","link":"https:\/\/tinychat.com\/es\/video-call-strangers\/","title":{"rendered":"Videollamada a desconocidos"},"content":{"rendered":"<p>A veces, las conversaciones m\u00e1s memorables son con personas que nunca esperaste conocer. \u00c9sa es la magia de las plataformas de videollamadas a desconocidos: conexiones instant\u00e1neas cara a cara con personas de todo el mundo. Con un solo clic, puedes ver y hablar con alguien completamente nuevo, sin necesidad de biograf\u00edas ni algoritmos.<\/p>\n<p>Ya sea para hacer amigos, combatir el aburrimiento, conocer otras culturas o simplemente re\u00edrse un rato, las videollamadas a desconocidos ofrecen una forma \u00fanica de conectar en tiempo real.<\/p>\n<h2>\u00bfQu\u00e9 significa videollamar a desconocidos?<\/h2>\n<p>Cuando realizas videollamadas a desconocidos en Internet, utilizas un sitio web o una aplicaci\u00f3n que te empareja con usuarios aleatorios para mantener conversaciones de v\u00eddeo en directo individuales o en grupo. No tienes que registrarte, pagar ni compartir datos personales. Simplemente:<\/p>\n<ol>\n<li>Activa la c\u00e1mara web y el micr\u00f3fono.<\/li>\n<li>Haz clic en \"Iniciar\" o \"Conectar\".<\/li>\n<li>Empar\u00e9jate al instante con alguien nuevo.<\/li>\n<\/ol>\n<p>Las conversaciones pueden durar segundos, minutos u horas. Si no encaja, puedes pasar a la siguiente persona con un solo clic.<\/p>\n<p>Es espont\u00e1nea, an\u00f3nima y refrescantemente directa.<\/p>\n<h2>Por qu\u00e9 a la gente le encantan las videollamadas aleatorias con desconocidos<\/h2>\n<p>Entonces, \u00bfpor qu\u00e9 millones de personas se conectan cada d\u00eda para chatear por v\u00eddeo con desconocidos?<\/p>\n<ul>\n<li>Conexi\u00f3n instant\u00e1nea: inicie una conversaci\u00f3n real en cuesti\u00f3n de segundos.<\/li>\n<li>Variedad global: conozca a gente de todos los rincones del mundo.<\/li>\n<li>Autenticidad humana: ver la cara de alguien y o\u00edr su voz lo hace m\u00e1s real que los mensajes de texto.<\/li>\n<li>Presi\u00f3n cero - Si no hace clic, salta e int\u00e9ntalo de nuevo.<\/li>\n<li>Emocionante imprevisibilidad: nunca se sabe si la pr\u00f3xima charla ser\u00e1 divertida, coqueta, profunda o sorprendente.<\/li>\n<\/ul>\n<p>Es el equivalente digital de entablar una conversaci\u00f3n en el tren o en un caf\u00e9, con la diferencia de que el mundo entero est\u00e1 al alcance de la mano.<\/p>\n<h2>Videollamada gratuita con desconocidos: c\u00f3mo funciona<\/h2>\n<p>La mayor\u00eda de las plataformas de videollamadas para desconocidos son gratuitas. El proceso es sencillo:<\/p>\n<ol>\n<li>Visite una plataforma: las opciones m\u00e1s populares son Omegle, Chatroulette, Chatspin y TinyChat.<\/li>\n<li>Permitir el acceso a la c\u00e1mara y el micr\u00f3fono: esencial para la interacci\u00f3n cara a cara.<\/li>\n<li>Haz clic en conectar: empar\u00e9jate al instante con otro usuario.<\/li>\n<li>Qu\u00e9date o vete - Si el ambiente es bueno, qu\u00e9date; si no, vete.<\/li>\n<\/ol>\n<p>Algunas plataformas tambi\u00e9n te permiten a\u00f1adir filtros como sexo, ubicaci\u00f3n o intereses, para que tengas m\u00e1s probabilidades de conocer a gente con la que congeniar.<\/p>\n<h2>Las mejores plataformas para videollamar a desconocidos<\/h2>\n<p>Hay docenas de servicios disponibles. Estos son algunos de los m\u00e1s populares y fiables:<\/p>\n<ul>\n<li>Omegle - El sitio original de videochat aleatorio, famoso por sus sencillas opciones de texto y v\u00eddeo.<\/li>\n<li>Chatroulette - Una plataforma mundial conocida por su rapidez e imprevisibilidad.<\/li>\n<li>Chatspin - A\u00f1ade filtros, salas de chat tem\u00e1ticas e incluso divertidos efectos de v\u00eddeo.<\/li>\n<li>Camsurf - Centrado en conversaciones seguras y moderadas.<\/li>\n<li>Chatrandom - Ofrece tanto llamadas aleatorias individuales como salas de chat en grupo.<\/li>\n<li>TinyChat - Una mezcla de chat con desconocidos y salas de estilo comunitario.<\/li>\n<li>LuckyCrush - Pone en contacto a hombres con mujeres para charlar coquetamente.<\/li>\n<\/ul>\n<p>Cada uno tiene su propio estilo, por lo que probar m\u00e1s de uno puede ayudarte a encontrar tu favorito.<\/p>\n<h2>Videollamada a desconocidos vs. Chat de texto<\/h2>\n<p>Aunque las salas de chat s\u00f3lo de texto siguen existiendo, las videollamadas en directo ofrecen una experiencia m\u00e1s enriquecedora.<\/p>\n<table>\n<thead>\n<tr>\n<th>Caracter\u00edstica<\/th>\n<th>Videollamada a desconocidos<\/th>\n<th>Chat de texto con desconocidos<\/th>\n<\/tr>\n<\/thead>\n<tbody>\n<tr>\n<td>Ver expresiones faciales<\/td>\n<td>\u2705<\/td>\n<td>\u274c<\/td>\n<\/tr>\n<tr>\n<td>O\u00edr el tono de voz<\/td>\n<td>\u2705<\/td>\n<td>\u274c<\/td>\n<\/tr>\n<tr>\n<td>Conexi\u00f3n m\u00e1s r\u00e1pida<\/td>\n<td>\u2705<\/td>\n<td>\u26a0\ufe0f A veces m\u00e1s lento<\/td>\n<\/tr>\n<tr>\n<td>Interacci\u00f3n m\u00e1s aut\u00e9ntica<\/td>\n<td>\u2705<\/td>\n<td>\u274c<\/td>\n<\/tr>\n<tr>\n<td>M\u00e1s f\u00e1cil de malinterpretar<\/td>\n<td>\u274c<\/td>\n<td>\u2705<\/td>\n<\/tr>\n<\/tbody>\n<\/table>\n<p>Ver a alguien en tiempo real hace que las conversaciones sean aut\u00e9nticas y espont\u00e1neas.<\/p>\n<h2>Seguridad en las videollamadas a desconocidos<\/h2>\n<p>Aunque la mayor\u00eda de la gente es amable y respetuosa, es inteligente establecer l\u00edmites. A continuaci\u00f3n te explicamos c\u00f3mo mantener a salvo tus videoconferencias con desconocidos:<\/p>\n<ul>\n<li>No compartas informaci\u00f3n personal - Mant\u00e9n en privado tu nombre completo, n\u00famero de tel\u00e9fono y direcci\u00f3n.<\/li>\n<li>Utiliza un apodo: mantente en el anonimato hasta que te sientas c\u00f3modo.<\/li>\n<li>Comprueba tus antecedentes: aseg\u00farate de que tu c\u00e1mara no revela detalles privados.<\/li>\n<li>Salte r\u00e1pidamente - No te sientas obligado a quedarte en un chat que te parezca raro.<\/li>\n<li>Denuncia a los usuarios inapropiados - Elige plataformas con herramientas de moderaci\u00f3n.<\/li>\n<\/ul>\n<p>La seguridad es lo que hace que las videollamadas gratis a desconocidos sean divertidas y sin estr\u00e9s.<\/p>\n<h2>Por qu\u00e9 la gente se une a sitios de videollamadas de desconocidos<\/h2>\n<p>No hay una \u00fanica raz\u00f3n por la que la gente adore estas plataformas: es una mezcla de curiosidad, diversi\u00f3n y conexi\u00f3n.<\/p>\n<ul>\n<li>Para curar el aburrimiento - Ideal para trasnochar o para los ratos muertos.<\/li>\n<li>Para conocer nuevos amigos - Ampl\u00ede su c\u00edrculo m\u00e1s all\u00e1 de su \u00e1rea local.<\/li>\n<li>Para ligar y tener citas: algunos chats desatan una qu\u00edmica instant\u00e1nea.<\/li>\n<li>Para practicar el idioma: hablar con hablantes nativos es la mejor manera de aprender.<\/li>\n<li>Explorar culturas - Conocer directamente la vida en otra parte del mundo.<\/li>\n<\/ul>\n<p>La imprevisibilidad es parte de la diversi\u00f3n: puedes tener una charla tonta o una sorprendentemente significativa.<\/p>\n<h2>TinyChat: una alternativa al estilo comunitario<\/h2>\n<p>Si te gusta la emoci\u00f3n de las videollamadas a desconocidos pero quieres m\u00e1s estructura, merece la pena echar un vistazo a TinyChat. A diferencia de muchas plataformas de uno-a-uno al azar, TinyChat ofrece:<\/p>\n<ul>\n<li>Videoconferencias en grupo: \u00fanase a conversaciones en curso sobre temas espec\u00edficos.<\/li>\n<li>Salas privadas - Crea tu propio espacio e invita a la gente a entrar.<\/li>\n<li>M\u00faltiples formatos: cambia entre texto, voz y v\u00eddeo.<\/li>\n<li>Acceso multiplataforma: funciona en navegadores y en aplicaciones m\u00f3viles.<\/li>\n<li>Actos comunitarios: conozca en tiempo real a personas con intereses comunes.<\/li>\n<\/ul>\n<p>TinyChat combina la aleatoriedad con la comunidad, ofreci\u00e9ndote lo mejor de ambos mundos.<\/p>\n<h2>Consejos para una buena videollamada con desconocidos<\/h2>\n<p>\u00bfQuieres sacar m\u00e1s partido a tus chats? Pru\u00e9balos:<\/p>\n<ul>\n<li>Sonr\u00ede al conectar - Un comienzo c\u00e1lido marca la pauta.<\/li>\n<li>Mant\u00e9n la mente abierta: prep\u00e1rate para diferentes perspectivas y personalidades.<\/li>\n<li>Haz preguntas divertidas: \"\u00bfCu\u00e1l es la mejor comida que has probado?\" es mejor que \"hola\".<\/li>\n<li>S\u00e9 respetuoso: la amabilidad suele generar las mejores respuestas.<\/li>\n<li>Pruebe diferentes horarios - Conectarse a diferentes horas le conecta con nuevas regiones del mundo.<\/li>\n<\/ul>\n<h2>Funciones gratuitas frente a funciones de pago<\/h2>\n<p>La mayor\u00eda de las plataformas de videollamadas para desconocidos son completamente gratuitas. Algunas, sin embargo, ofrecen actualizaciones opcionales:<\/p>\n<table>\n<thead>\n<tr>\n<th>Caracter\u00edstica<\/th>\n<th>Versi\u00f3n gratuita<\/th>\n<th>Versi\u00f3n de pago<\/th>\n<\/tr>\n<\/thead>\n<tbody>\n<tr>\n<td>Combinaci\u00f3n aleatoria de v\u00eddeos<\/td>\n<td>\u2705 S\u00ed<\/td>\n<td>\u2705 S\u00ed<\/td>\n<\/tr>\n<tr>\n<td>Saltos ilimitados<\/td>\n<td>\u26a0\ufe0f A veces con tapa<\/td>\n<td>\u2705 Ilimitado<\/td>\n<\/tr>\n<tr>\n<td>Filtros por sexo y lugar de residencia<\/td>\n<td>\u26a0\ufe0f B\u00e1sico<\/td>\n<td>\u2705 Avanzado<\/td>\n<\/tr>\n<tr>\n<td>Anuncios eliminados<\/td>\n<td>\u274c<\/td>\n<td>\u2705 S\u00ed<\/td>\n<\/tr>\n<tr>\n<td>Salas VIP privadas<\/td>\n<td>\u274c<\/td>\n<td>\u2705 S\u00ed<\/td>\n<\/tr>\n<\/tbody>\n<\/table>\n<p>Para los usuarios ocasionales, las versiones gratuitas son m\u00e1s que suficientes.<\/p>\n<h2>La emoci\u00f3n de lo desconocido<\/h2>\n<p>Uno de los mayores atractivos del videochat con desconocidos es la sensaci\u00f3n de aventura. Cada llamada es una tirada de dados. En una sola noche, podr\u00edas:<\/p>\n<ul>\n<li>Aprende el argot de otro idioma.<\/li>\n<li>R\u00edete de chistes tontos con alguien al otro lado del mundo.<\/li>\n<li>Descubre un nuevo grupo de m\u00fasica o una recomendaci\u00f3n para un programa de televisi\u00f3n.<\/li>\n<li>Comparte una historia de tu vida y escucha una a cambio.<\/li>\n<li>Establezca una conexi\u00f3n que dure m\u00e1s all\u00e1 de la llamada.<\/li>\n<\/ul>\n<p>La incertidumbre mantiene las cosas frescas y emocionantes.<\/p>\n<p>Las plataformas de videollamadas a desconocidos son una de las formas m\u00e1s divertidas y espont\u00e1neas de conectarse en l\u00ednea. Son gratuitas, r\u00e1pidas y globales: re\u00fanen a personas de todo tipo para conversar cara a cara en tiempo real.<\/p>\n<p>Ya sea para hacer amigos, ligar, practicar un nuevo idioma o simplemente disfrutar de un poco de compa\u00f1\u00eda nocturna, siempre hay alguien nuevo esperando para charlar.<\/p>\n<p>As\u00ed que, si est\u00e1s listo para salir de tu burbuja, enciende tu webcam, haz clic en \"conectar\" y a ver a qui\u00e9n conoces. Tu pr\u00f3xima videollamada con un desconocido podr\u00eda ser lo mejor de tu d\u00eda.<\/p>","protected":false},"excerpt":{"rendered":"<p>Sometimes, the most memorable conversations are with people you never expected to meet. That\u2019s the magic of video call strangers platforms\u2014instant, face-to-face connections with people from all over the world. With just a click, you can see and talk to someone completely new, no bios or algorithms required. Whether you\u2019re looking to make friends, fight [&hellip;]<\/p>\n","protected":false},"author":8,"featured_media":0,"parent":0,"menu_order":0,"comment_status":"closed","ping_status":"closed","template":"","meta":{"footnotes":""},"class_list":["post-4004","page","type-page","status-publish","hentry"],"yoast_head":"<!-- This site is optimized with the Yoast SEO plugin v27.4 - https:\/\/yoast.com\/product\/yoast-seo-wordpress\/ -->\n<title>Video Call Strangers with Video Chat on TinyChat.com<\/title>\n<meta name=\"description\" content=\"Enjoying Video Call Strangers? Join over 50,000,000 strangers on TinyChat! Turn on your cam and start meeting new people, or find a match.\" \/>\n<meta name=\"robots\" content=\"index, follow, max-snippet:-1, max-image-preview:large, max-video-preview:-1\" \/>\n<link rel=\"canonical\" href=\"https:\/\/tinychat.com\/es\/video-call-strangers\/\" \/>\n<meta property=\"og:locale\" content=\"es_ES\" \/>\n<meta property=\"og:type\" content=\"article\" \/>\n<meta property=\"og:title\" content=\"Video Call Strangers with Video Chat on TinyChat.com\" \/>\n<meta property=\"og:description\" content=\"Enjoying Video Call Strangers? Join over 50,000,000 strangers on TinyChat! Turn on your cam and start meeting new people, or find a match.\" \/>\n<meta property=\"og:url\" content=\"https:\/\/tinychat.com\/es\/video-call-strangers\/\" \/>\n<meta property=\"og:site_name\" content=\"TinyChat\" \/>\n<meta property=\"article:publisher\" content=\"https:\/\/www.facebook.com\/tinychat\" \/>\n<meta property=\"article:modified_time\" content=\"2025-09-03T10:46:19+00:00\" \/>\n<meta property=\"og:image\" content=\"https:\/\/tinychat.com\/wp-content\/uploads\/2020\/04\/Tinychat-logo-1280x284-new-black.png\" \/>\n\t<meta property=\"og:image:width\" content=\"1280\" \/>\n\t<meta property=\"og:image:height\" content=\"284\" \/>\n\t<meta property=\"og:image:type\" content=\"image\/png\" \/>\n<meta name=\"twitter:card\" content=\"summary_large_image\" \/>\n<meta name=\"twitter:site\" content=\"@tinychat\" \/>\n<meta name=\"twitter:label1\" content=\"Tiempo de lectura\" \/>\n\t<meta name=\"twitter:data1\" content=\"5 minutos\" \/>\n<script type=\"application\/ld+json\" class=\"yoast-schema-graph\">{\"@context\":\"https:\\\/\\\/schema.org\",\"@graph\":[{\"@type\":\"WebPage\",\"@id\":\"https:\\\/\\\/tinychat.com\\\/video-call-strangers\\\/\",\"url\":\"https:\\\/\\\/tinychat.com\\\/video-call-strangers\\\/\",\"name\":\"Video Call Strangers with Video Chat on TinyChat.com\",\"isPartOf\":{\"@id\":\"https:\\\/\\\/tinychat.com\\\/#website\"},\"datePublished\":\"2025-09-03T06:37:25+00:00\",\"dateModified\":\"2025-09-03T10:46:19+00:00\",\"description\":\"Enjoying Video Call Strangers? Join over 50,000,000 strangers on TinyChat! Turn on your cam and start meeting new people, or find a match.\",\"breadcrumb\":{\"@id\":\"https:\\\/\\\/tinychat.com\\\/video-call-strangers\\\/#breadcrumb\"},\"inLanguage\":\"es\",\"potentialAction\":[{\"@type\":\"ReadAction\",\"target\":[\"https:\\\/\\\/tinychat.com\\\/video-call-strangers\\\/\"]}]},{\"@type\":\"BreadcrumbList\",\"@id\":\"https:\\\/\\\/tinychat.com\\\/video-call-strangers\\\/#breadcrumb\",\"itemListElement\":[{\"@type\":\"ListItem\",\"position\":1,\"name\":\"Home\",\"item\":\"https:\\\/\\\/tinychat.com\\\/\"},{\"@type\":\"ListItem\",\"position\":2,\"name\":\"Video Call Strangers\"}]},{\"@type\":\"WebSite\",\"@id\":\"https:\\\/\\\/tinychat.com\\\/#website\",\"url\":\"https:\\\/\\\/tinychat.com\\\/\",\"name\":\"TinyChat\",\"description\":\"Random Video Chat with Strangers\",\"publisher\":{\"@id\":\"https:\\\/\\\/tinychat.com\\\/#organization\"},\"alternateName\":\"TinyChat.com\",\"potentialAction\":[{\"@type\":\"SearchAction\",\"target\":{\"@type\":\"EntryPoint\",\"urlTemplate\":\"https:\\\/\\\/tinychat.com\\\/?s={search_term_string}\"},\"query-input\":{\"@type\":\"PropertyValueSpecification\",\"valueRequired\":true,\"valueName\":\"search_term_string\"}}],\"inLanguage\":\"es\"},{\"@type\":\"Organization\",\"@id\":\"https:\\\/\\\/tinychat.com\\\/#organization\",\"name\":\"TinyChat\",\"alternateName\":\"TinyChat.com\",\"url\":\"https:\\\/\\\/tinychat.com\\\/\",\"logo\":{\"@type\":\"ImageObject\",\"inLanguage\":\"es\",\"@id\":\"https:\\\/\\\/tinychat.com\\\/#\\\/schema\\\/logo\\\/image\\\/\",\"url\":\"https:\\\/\\\/tinychat.com\\\/wp-content\\\/uploads\\\/2023\\\/11\\\/Tinychat-icon-square.png\",\"contentUrl\":\"https:\\\/\\\/tinychat.com\\\/wp-content\\\/uploads\\\/2023\\\/11\\\/Tinychat-icon-square.png\",\"width\":284,\"height\":284,\"caption\":\"TinyChat\"},\"image\":{\"@id\":\"https:\\\/\\\/tinychat.com\\\/#\\\/schema\\\/logo\\\/image\\\/\"},\"sameAs\":[\"https:\\\/\\\/www.facebook.com\\\/tinychat\",\"https:\\\/\\\/x.com\\\/tinychat\"]}]}<\/script>\n<!-- \/ Yoast SEO plugin. -->","yoast_head_json":{"title":"Videollamada a desconocidos con Videochat en TinyChat.com","description":"\u00bfDisfrutas de las videollamadas con desconocidos? \u00a1\u00danete a m\u00e1s de 50.000.000 de desconocidos en TinyChat! Enciende tu c\u00e1mara y empieza a conocer gente nueva, o encuentra una pareja.","robots":{"index":"index","follow":"follow","max-snippet":"max-snippet:-1","max-image-preview":"max-image-preview:large","max-video-preview":"max-video-preview:-1"},"canonical":"https:\/\/tinychat.com\/es\/video-call-strangers\/","og_locale":"es_ES","og_type":"article","og_title":"Video Call Strangers with Video Chat on TinyChat.com","og_description":"Enjoying Video Call Strangers? Join over 50,000,000 strangers on TinyChat! Turn on your cam and start meeting new people, or find a match.","og_url":"https:\/\/tinychat.com\/es\/video-call-strangers\/","og_site_name":"TinyChat","article_publisher":"https:\/\/www.facebook.com\/tinychat","article_modified_time":"2025-09-03T10:46:19+00:00","og_image":[{"width":1280,"height":284,"url":"https:\/\/tinychat.com\/wp-content\/uploads\/2020\/04\/Tinychat-logo-1280x284-new-black.png","type":"image\/png"}],"twitter_card":"summary_large_image","twitter_site":"@tinychat","twitter_misc":{"Tiempo de lectura":"5 minutos"},"schema":{"@context":"https:\/\/schema.org","@graph":[{"@type":"WebPage","@id":"https:\/\/tinychat.com\/video-call-strangers\/","url":"https:\/\/tinychat.com\/video-call-strangers\/","name":"Videollamada a desconocidos con Videochat en TinyChat.com","isPartOf":{"@id":"https:\/\/tinychat.com\/#website"},"datePublished":"2025-09-03T06:37:25+00:00","dateModified":"2025-09-03T10:46:19+00:00","description":"\u00bfDisfrutas de las videollamadas con desconocidos? \u00a1\u00danete a m\u00e1s de 50.000.000 de desconocidos en TinyChat! Enciende tu c\u00e1mara y empieza a conocer gente nueva, o encuentra una pareja.","breadcrumb":{"@id":"https:\/\/tinychat.com\/video-call-strangers\/#breadcrumb"},"inLanguage":"es","potentialAction":[{"@type":"ReadAction","target":["https:\/\/tinychat.com\/video-call-strangers\/"]}]},{"@type":"BreadcrumbList","@id":"https:\/\/tinychat.com\/video-call-strangers\/#breadcrumb","itemListElement":[{"@type":"ListItem","position":1,"name":"Home","item":"https:\/\/tinychat.com\/"},{"@type":"ListItem","position":2,"name":"Video Call Strangers"}]},{"@type":"WebSite","@id":"https:\/\/tinychat.com\/#website","url":"https:\/\/tinychat.com\/","name":"TinyChat","description":"Videochat aleatorio con desconocidos","publisher":{"@id":"https:\/\/tinychat.com\/#organization"},"alternateName":"TinyChat.com","potentialAction":[{"@type":"SearchAction","target":{"@type":"EntryPoint","urlTemplate":"https:\/\/tinychat.com\/?s={search_term_string}"},"query-input":{"@type":"PropertyValueSpecification","valueRequired":true,"valueName":"search_term_string"}}],"inLanguage":"es"},{"@type":"Organization","@id":"https:\/\/tinychat.com\/#organization","name":"TinyChat","alternateName":"TinyChat.com","url":"https:\/\/tinychat.com\/","logo":{"@type":"ImageObject","inLanguage":"es","@id":"https:\/\/tinychat.com\/#\/schema\/logo\/image\/","url":"https:\/\/tinychat.com\/wp-content\/uploads\/2023\/11\/Tinychat-icon-square.png","contentUrl":"https:\/\/tinychat.com\/wp-content\/uploads\/2023\/11\/Tinychat-icon-square.png","width":284,"height":284,"caption":"TinyChat"},"image":{"@id":"https:\/\/tinychat.com\/#\/schema\/logo\/image\/"},"sameAs":["https:\/\/www.facebook.com\/tinychat","https:\/\/x.com\/tinychat"]}]}},"_links":{"self":[{"href":"https:\/\/tinychat.com\/es\/wp-json\/wp\/v2\/pages\/4004","targetHints":{"allow":["GET"]}}],"collection":[{"href":"https:\/\/tinychat.com\/es\/wp-json\/wp\/v2\/pages"}],"about":[{"href":"https:\/\/tinychat.com\/es\/wp-json\/wp\/v2\/types\/page"}],"author":[{"embeddable":true,"href":"https:\/\/tinychat.com\/es\/wp-json\/wp\/v2\/users\/8"}],"replies":[{"embeddable":true,"href":"https:\/\/tinychat.com\/es\/wp-json\/wp\/v2\/comments?post=4004"}],"version-history":[{"count":4,"href":"https:\/\/tinychat.com\/es\/wp-json\/wp\/v2\/pages\/4004\/revisions"}],"predecessor-version":[{"id":13498,"href":"https:\/\/tinychat.com\/es\/wp-json\/wp\/v2\/pages\/4004\/revisions\/13498"}],"wp:attachment":[{"href":"https:\/\/tinychat.com\/es\/wp-json\/wp\/v2\/media?parent=4004"}],"curies":[{"name":"wp","href":"https:\/\/api.w.org\/{rel}","templated":true}]}}