{"id":4039,"date":"2025-09-03T08:47:55","date_gmt":"2025-09-03T06:47:55","guid":{"rendered":"https:\/\/tinychat.com\/?page_id=4039"},"modified":"2025-09-03T12:38:11","modified_gmt":"2025-09-03T10:38:11","slug":"random-video-chat-with-strangers","status":"publish","type":"page","link":"https:\/\/tinychat.com\/es\/random-video-chat-with-strangers\/","title":{"rendered":"Videochat aleatorio con desconocidos"},"content":{"rendered":"<p>Entablar una conversaci\u00f3n con un desconocido tiene algo de emocionante. Si a eso le a\u00f1adimos el v\u00eddeo, la experiencia se vuelve a\u00fan m\u00e1s real, personal y espont\u00e1nea. Por eso, millones de personas de todo el mundo recurren cada d\u00eda al videochat aleatorio con desconocidos. Con un solo clic, te encuentras cara a cara con alguien que no conoces de nada, con quien compartes an\u00e9cdotas, bromas y, a veces, incluso estableces v\u00ednculos duraderos.<\/p>\n<p>A diferencia de las redes sociales o las aplicaciones de citas, no hay perfiles por los que desplazarse ni biograf\u00edas que leer. El chat de v\u00eddeo aleatorio elimina los filtros y te permite entrar directamente en una conversaci\u00f3n en directo y sin filtros.<\/p>\n<h2>\u00bfQu\u00e9 es el videochat aleatorio con desconocidos?<\/h2>\n<p>En esencia, el videochat aleatorio con desconocidos es una plataforma en l\u00ednea que te empareja con otra persona completamente al azar para una videollamada en directo cara a cara. Puedes chatear todo el tiempo que quieras o pulsar \"Siguiente\" para pasar a otro usuario al instante.<\/p>\n<p>Estas charlas son:<\/p>\n<ul>\n<li>Gratuitas e instant\u00e1neas: muchas plataformas no requieren registro ni pago.<\/li>\n<li>An\u00f3nimo - Utiliza un apodo o permanece de inc\u00f3gnito hasta que est\u00e9s listo para compartir.<\/li>\n<li>Flexible: empiece con v\u00eddeo, s\u00f3lo voz o chat basado en texto.<\/li>\n<li>Imprevisible: nunca sabes a qui\u00e9n conocer\u00e1s despu\u00e9s.<\/li>\n<\/ul>\n<p>Es como una aventura digital: cada conexi\u00f3n es una nueva historia a punto de suceder.<\/p>\n<h2>Por qu\u00e9 a la gente le encanta el chat de v\u00eddeo aleatorio<\/h2>\n<p>\u00bfQu\u00e9 hace que este formato sea tan popular? He aqu\u00ed algunas de las principales razones:<\/p>\n<ul>\n<li>Espontaneidad - Cada llamada es nueva e inesperada.<\/li>\n<li>Alcance mundial: conozca a personas de diferentes culturas, husos horarios y estilos de vida.<\/li>\n<li>Conexi\u00f3n humana: el v\u00eddeo permite ver sonrisas, o\u00edr voces y conectar con autenticidad.<\/li>\n<li>Baja presi\u00f3n - Si la charla no te parece bien, s\u00e1ltatela y sigue adelante.<\/li>\n<li>Diversi\u00f3n y variedad: desde bromas desenfadadas hasta profundas conversaciones nocturnas, no hay dos charlas iguales.<\/li>\n<\/ul>\n<p>Para muchos, el videochat aleatorio consiste en redescubrir el placer de hablar sin pensar demasiado.<\/p>\n<h2>C\u00f3mo funciona el chat de v\u00eddeo aleatorio con desconocidos<\/h2>\n<p>Empezar es muy sencillo, incluso si no eres un experto en tecnolog\u00eda:<\/p>\n<ol>\n<li>Elige una plataforma: sitios como Omegle, Chatroulette, Chatspin y TinyChat son opciones populares.<\/li>\n<li>Permite tu webcam y micr\u00f3fono - Las plataformas te pedir\u00e1n acceso para que puedas ser visto y o\u00eddo.<\/li>\n<li>Haz clic en \"Empezar\" o \"Conectar\": se te emparejar\u00e1 al instante con un desconocido al azar.<\/li>\n<li>Chatea o salta - Mantente en la conversaci\u00f3n si es buena, o pasa a conocer a alguien nuevo.<\/li>\n<li>Utiliza filtros si est\u00e1n disponibles: algunas plataformas te permiten restringir las coincidencias por intereses, ubicaci\u00f3n o sexo.<\/li>\n<\/ol>\n<p>Eso es todo: sin complicadas configuraciones, s\u00f3lo conversaciones de v\u00eddeo instant\u00e1neas.<\/p>\n<h2>Las mejores plataformas para chatear por v\u00eddeo con desconocidos<\/h2>\n<p>He aqu\u00ed algunas de las opciones m\u00e1s conocidas y fiables:<\/p>\n<ul>\n<li>Omegle - El sitio original de videochat aleatorio, con modos de texto y v\u00eddeo.<\/li>\n<li>Chatroulette - Plataforma mundial con emparejamiento r\u00e1pido y una gran base de usuarios.<\/li>\n<li>Chatspin - A\u00f1ade filtros por sexo, ubicaci\u00f3n e intereses, adem\u00e1s de divertidos efectos de v\u00eddeo.<\/li>\n<li>Camsurf - Conocido por su dise\u00f1o limpio, moderaci\u00f3n y comunidad amigable.<\/li>\n<li>Chatrandom - Ofrece salas de chat tem\u00e1ticas, as\u00ed como el modo \"s\u00f3lo chat de chicas\".<\/li>\n<li>TinyChat - Combina el chat de desconocidos con salas de v\u00eddeo en grupo, lo que da una sensaci\u00f3n de comunidad.<\/li>\n<li>Bazoocam - El favorito europeo con juegos para romper el hielo integrados en el chat.<\/li>\n<\/ul>\n<p>Cada plataforma tiene sus puntos fuertes, as\u00ed que prueba unas cuantas para ver cu\u00e1l encaja mejor con tu estilo.<\/p>\n<h2>Videochat aleatorio frente a otras conversaciones en l\u00ednea<\/h2>\n<p>Aunque hay muchas formas de hablar por Internet, destaca el videochat con desconocidos al azar.<\/p>\n<table>\n<thead>\n<tr>\n<th>Caracter\u00edstica<\/th>\n<th>Random Video Chat con Desconocidos<\/th>\n<th>Redes sociales<\/th>\n<th>Aplicaciones de citas<\/th>\n<th>Salas de chat de texto<\/th>\n<\/tr>\n<\/thead>\n<tbody>\n<tr>\n<td>V\u00eddeo en tiempo real<\/td>\n<td>\u2705<\/td>\n<td>\u2705<\/td>\n<td>\u2705<\/td>\n<td>\u274c<\/td>\n<\/tr>\n<tr>\n<td>Emparejamiento aleatorio<\/td>\n<td>\u2705<\/td>\n<td>\u274c<\/td>\n<td>\u2705\/\u274c<\/td>\n<td>\u2705<\/td>\n<\/tr>\n<tr>\n<td>No necesita perfil<\/td>\n<td>\u2705<\/td>\n<td>\u274c<\/td>\n<td>\u274c<\/td>\n<td>\u2705<\/td>\n<\/tr>\n<tr>\n<td>Acceso gratuito e instant\u00e1neo<\/td>\n<td>\u2705<\/td>\n<td>\u2705<\/td>\n<td>\u26a0\ufe0f A menudo se paga<\/td>\n<td>\u2705<\/td>\n<\/tr>\n<tr>\n<td>Saltar\/siguiente opci\u00f3n<\/td>\n<td>\u2705<\/td>\n<td>\u274c<\/td>\n<td>\u274c<\/td>\n<td>\u274c<\/td>\n<\/tr>\n<\/tbody>\n<\/table>\n<p>Es la inmediatez, la imprevisibilidad y el cara a cara lo que lo hace \u00fanico.<\/p>\n<h2>Seguridad en el chat con desconocidos<\/h2>\n<p>La mayor\u00eda de los usuarios est\u00e1n all\u00ed para divertirse y conversar amigablemente, pero la seguridad es siempre importante:<\/p>\n<ul>\n<li>No compartas datos personales: mant\u00e9n en privado tu nombre completo, direcci\u00f3n y n\u00famero de tel\u00e9fono.<\/li>\n<li>Utilice un fondo neutro - Evite mostrar informaci\u00f3n personal en la vista de su webcam.<\/li>\n<li>Ten cuidado con los enlaces: nunca hagas clic ni descargues archivos de desconocidos.<\/li>\n<li>Denuncia o salta a los usuarios inapropiados - Las plataformas de renombre tienen funciones de moderaci\u00f3n.<\/li>\n<li>Conf\u00eda en tus instintos: si algo no te gusta, sigue adelante.<\/li>\n<\/ul>\n<p>Bien hecho, el videochat aleatorio es divertido y seguro.<\/p>\n<h2>Por qu\u00e9 la gente se une a los chats de Stranger Cam<\/h2>\n<p>Encontrar\u00e1s una gran variedad de personas que utilizan el videochat aleatorio gratis con desconocidos. Las razones m\u00e1s comunes incluyen:<\/p>\n<ul>\n<li>Curar el aburrimiento - Entretenimiento nocturno en casa.<\/li>\n<li>Curiosidad cultural - Aprender sobre diferentes pa\u00edses y estilos de vida.<\/li>\n<li>Pr\u00e1ctica ling\u00fc\u00edstica: hablar con hablantes nativos para mejorar la fluidez.<\/li>\n<li>Ligar y salir - Esperando conocer a alguien con qu\u00edmica.<\/li>\n<li>Conversaci\u00f3n casual - S\u00f3lo quiero hablar con alguien nuevo.<\/li>\n<\/ul>\n<p>La imprevisibilidad lo mantiene fresco: cada conexi\u00f3n es una oportunidad de descubrir algo inesperado.<\/p>\n<h2>TinyChat: una alternativa centrada en la comunidad<\/h2>\n<p>Si te encanta la idea del videochat con desconocidos al azar pero quieres un poco m\u00e1s de estructura, merece la pena probar TinyChat. En lugar de s\u00f3lo uno-a-uno partidos al azar, que ofrece:<\/p>\n<ul>\n<li>Salas de chat p\u00fablicas: \u00fanase a conversaciones de grupo sobre temas espec\u00edficos.<\/li>\n<li>Salas privadas: cree su propio espacio para charlas individuales.<\/li>\n<li>M\u00faltiples formatos de chat: cambia entre texto, audio y v\u00eddeo.<\/li>\n<li>Acceso multiplataforma: util\u00edcelo en su navegador o a trav\u00e9s de aplicaciones m\u00f3viles.<\/li>\n<li>Actos comunitarios - Encuentre personas afines en sesiones de grupo continuas.<\/li>\n<\/ul>\n<p>Es un gran equilibrio entre las charlas espont\u00e1neas y la interacci\u00f3n comunitaria a largo plazo.<\/p>\n<h2>Consejos para un chat de v\u00eddeo aleatorio<\/h2>\n<p>\u00bfQuiere aprovechar al m\u00e1ximo sus sesiones? Pruebe esto:<\/p>\n<ul>\n<li>Sonr\u00eda y sea acogedor: la primera impresi\u00f3n importa, incluso en Internet.<\/li>\n<li>Haz preguntas atractivas: \"\u00bfCu\u00e1l es tu lugar favorito al que has viajado?\" gana a \"Hola\".<\/li>\n<li>Mant\u00e9n el respeto: una actitud positiva hace m\u00e1s probable que la gente se quede.<\/li>\n<li>Experimenta con los horarios: las distintas zonas horarias hacen que haya distintas personas conectadas.<\/li>\n<li>Sepa cu\u00e1ndo saltar - No todos los partidos encajar\u00e1n, y eso est\u00e1 bien.<\/li>\n<\/ul>\n<h2>Funciones del chat de v\u00eddeo aleatorio gratuito frente al de pago<\/h2>\n<p>La mayor\u00eda de las plataformas son gratuitas, pero algunas ofrecen actualizaciones:<\/p>\n<table>\n<thead>\n<tr>\n<th>Caracter\u00edstica<\/th>\n<th>Versi\u00f3n gratuita<\/th>\n<th>Versi\u00f3n de pago<\/th>\n<\/tr>\n<\/thead>\n<tbody>\n<tr>\n<td>Emparejamiento aleatorio<\/td>\n<td>\u2705 S\u00ed<\/td>\n<td>\u2705 S\u00ed<\/td>\n<\/tr>\n<tr>\n<td>Saltos ilimitados<\/td>\n<td>\u26a0\ufe0f A veces con tapa<\/td>\n<td>\u2705 Ilimitado<\/td>\n<\/tr>\n<tr>\n<td>Filtros por sexo y lugar de residencia<\/td>\n<td>\u26a0\ufe0f B\u00e1sico<\/td>\n<td>\u2705 Avanzado<\/td>\n<\/tr>\n<tr>\n<td>Anuncios eliminados<\/td>\n<td>\u274c<\/td>\n<td>\u2705 S\u00ed<\/td>\n<\/tr>\n<tr>\n<td>Salas VIP\/privadas<\/td>\n<td>\u274c<\/td>\n<td>\u2705 S\u00ed<\/td>\n<\/tr>\n<\/tbody>\n<\/table>\n<p>Para un uso ocasional, el chat aleatorio gratuito es m\u00e1s que suficiente: no necesitas pagar para divertirte.<\/p>\n<h2>La alegr\u00eda del azar<\/h2>\n<p>El mayor atractivo del videochat aleatorio con desconocidos es su imprevisibilidad. En una sola noche, podr\u00edas:<\/p>\n<ul>\n<li>R\u00edete con alguien del otro lado del globo.<\/li>\n<li>Aprende una frase en otro idioma.<\/li>\n<li>Comparte recomendaciones de m\u00fasica o pel\u00edculas.<\/li>\n<li>Mant\u00e9n una charla coqueta con alguien que te llame la atenci\u00f3n.<\/li>\n<li>Acaba con una historia que contar\u00e1s durante a\u00f1os.<\/li>\n<\/ul>\n<p>Se trata de la posibilidad, de la cara desconocida que espera al otro lado de la pantalla.<\/p>\n<p>El videochat aleatorio con desconocidos es una de las formas m\u00e1s sencillas y emocionantes de conectar en l\u00ednea. Es espont\u00e1neo, global y refrescantemente humano. Tanto si buscas diversi\u00f3n casual, intercambio cultural o incluso una chispa de romance, estas plataformas te dan acceso instant\u00e1neo a gente real, sin perfiles, sin swipes, sin estr\u00e9s.<\/p>\n<p>Si tienes curiosidad, enciende tu webcam, haz clic en \"Empezar\" y mira a qui\u00e9n conoces. El pr\u00f3ximo desconocido podr\u00eda ser el punto \u00e1lgido de tu noche.<\/p>","protected":false},"excerpt":{"rendered":"<p>There\u2019s something exciting about striking up a conversation with a complete stranger. Add video into the mix, and the experience becomes even more real, personal, and spontaneous. That\u2019s why millions of people around the world turn to random video chat with strangers every day. With one click, you\u2019re face-to-face with someone you\u2019ve never met before\u2014sharing [&hellip;]<\/p>\n","protected":false},"author":8,"featured_media":0,"parent":0,"menu_order":0,"comment_status":"closed","ping_status":"closed","template":"","meta":{"footnotes":""},"class_list":["post-4039","page","type-page","status-publish","hentry"],"yoast_head":"<!-- This site is optimized with the Yoast SEO plugin v27.4 - https:\/\/yoast.com\/product\/yoast-seo-wordpress\/ -->\n<title>Random Video Chat With Strangers on TinyChat.com<\/title>\n<meta name=\"description\" content=\"Enjoying Random Video Chat With Strangers? Join over 50,000,000 strangers on TinyChat! Turn on your cam and start meeting new people, or find a match.\" \/>\n<meta name=\"robots\" content=\"index, follow, max-snippet:-1, max-image-preview:large, max-video-preview:-1\" \/>\n<link rel=\"canonical\" href=\"https:\/\/tinychat.com\/es\/random-video-chat-with-strangers\/\" \/>\n<meta property=\"og:locale\" content=\"es_ES\" \/>\n<meta property=\"og:type\" content=\"article\" \/>\n<meta property=\"og:title\" content=\"Random Video Chat With Strangers on TinyChat.com\" \/>\n<meta property=\"og:description\" content=\"Enjoying Random Video Chat With Strangers? Join over 50,000,000 strangers on TinyChat! Turn on your cam and start meeting new people, or find a match.\" \/>\n<meta property=\"og:url\" content=\"https:\/\/tinychat.com\/es\/random-video-chat-with-strangers\/\" \/>\n<meta property=\"og:site_name\" content=\"TinyChat\" \/>\n<meta property=\"article:publisher\" content=\"https:\/\/www.facebook.com\/tinychat\" \/>\n<meta property=\"article:modified_time\" content=\"2025-09-03T10:38:11+00:00\" \/>\n<meta property=\"og:image\" content=\"https:\/\/tinychat.com\/wp-content\/uploads\/2020\/04\/Tinychat-logo-1280x284-new-black.png\" \/>\n\t<meta property=\"og:image:width\" content=\"1280\" \/>\n\t<meta property=\"og:image:height\" content=\"284\" \/>\n\t<meta property=\"og:image:type\" content=\"image\/png\" \/>\n<meta name=\"twitter:card\" content=\"summary_large_image\" \/>\n<meta name=\"twitter:site\" content=\"@tinychat\" \/>\n<meta name=\"twitter:label1\" content=\"Tiempo de lectura\" \/>\n\t<meta name=\"twitter:data1\" content=\"5 minutos\" \/>\n<script type=\"application\/ld+json\" class=\"yoast-schema-graph\">{\"@context\":\"https:\\\/\\\/schema.org\",\"@graph\":[{\"@type\":\"WebPage\",\"@id\":\"https:\\\/\\\/tinychat.com\\\/random-video-chat-with-strangers\\\/\",\"url\":\"https:\\\/\\\/tinychat.com\\\/random-video-chat-with-strangers\\\/\",\"name\":\"Random Video Chat With Strangers on TinyChat.com\",\"isPartOf\":{\"@id\":\"https:\\\/\\\/tinychat.com\\\/#website\"},\"datePublished\":\"2025-09-03T06:47:55+00:00\",\"dateModified\":\"2025-09-03T10:38:11+00:00\",\"description\":\"Enjoying Random Video Chat With Strangers? Join over 50,000,000 strangers on TinyChat! Turn on your cam and start meeting new people, or find a match.\",\"breadcrumb\":{\"@id\":\"https:\\\/\\\/tinychat.com\\\/random-video-chat-with-strangers\\\/#breadcrumb\"},\"inLanguage\":\"es\",\"potentialAction\":[{\"@type\":\"ReadAction\",\"target\":[\"https:\\\/\\\/tinychat.com\\\/random-video-chat-with-strangers\\\/\"]}]},{\"@type\":\"BreadcrumbList\",\"@id\":\"https:\\\/\\\/tinychat.com\\\/random-video-chat-with-strangers\\\/#breadcrumb\",\"itemListElement\":[{\"@type\":\"ListItem\",\"position\":1,\"name\":\"Home\",\"item\":\"https:\\\/\\\/tinychat.com\\\/\"},{\"@type\":\"ListItem\",\"position\":2,\"name\":\"Random Video Chat With Strangers\"}]},{\"@type\":\"WebSite\",\"@id\":\"https:\\\/\\\/tinychat.com\\\/#website\",\"url\":\"https:\\\/\\\/tinychat.com\\\/\",\"name\":\"TinyChat\",\"description\":\"Random Video Chat with Strangers\",\"publisher\":{\"@id\":\"https:\\\/\\\/tinychat.com\\\/#organization\"},\"alternateName\":\"TinyChat.com\",\"potentialAction\":[{\"@type\":\"SearchAction\",\"target\":{\"@type\":\"EntryPoint\",\"urlTemplate\":\"https:\\\/\\\/tinychat.com\\\/?s={search_term_string}\"},\"query-input\":{\"@type\":\"PropertyValueSpecification\",\"valueRequired\":true,\"valueName\":\"search_term_string\"}}],\"inLanguage\":\"es\"},{\"@type\":\"Organization\",\"@id\":\"https:\\\/\\\/tinychat.com\\\/#organization\",\"name\":\"TinyChat\",\"alternateName\":\"TinyChat.com\",\"url\":\"https:\\\/\\\/tinychat.com\\\/\",\"logo\":{\"@type\":\"ImageObject\",\"inLanguage\":\"es\",\"@id\":\"https:\\\/\\\/tinychat.com\\\/#\\\/schema\\\/logo\\\/image\\\/\",\"url\":\"https:\\\/\\\/tinychat.com\\\/wp-content\\\/uploads\\\/2023\\\/11\\\/Tinychat-icon-square.png\",\"contentUrl\":\"https:\\\/\\\/tinychat.com\\\/wp-content\\\/uploads\\\/2023\\\/11\\\/Tinychat-icon-square.png\",\"width\":284,\"height\":284,\"caption\":\"TinyChat\"},\"image\":{\"@id\":\"https:\\\/\\\/tinychat.com\\\/#\\\/schema\\\/logo\\\/image\\\/\"},\"sameAs\":[\"https:\\\/\\\/www.facebook.com\\\/tinychat\",\"https:\\\/\\\/x.com\\\/tinychat\"]}]}<\/script>\n<!-- \/ Yoast SEO plugin. -->","yoast_head_json":{"title":"Videochat aleatorio con desconocidos en TinyChat.com","description":"\u00bfDisfrutas del Videochat aleatorio con desconocidos? \u00a1\u00danete a m\u00e1s de 50.000.000 de desconocidos en TinyChat! Enciende tu c\u00e1mara y empieza a conocer gente nueva, o encuentra una pareja.","robots":{"index":"index","follow":"follow","max-snippet":"max-snippet:-1","max-image-preview":"max-image-preview:large","max-video-preview":"max-video-preview:-1"},"canonical":"https:\/\/tinychat.com\/es\/random-video-chat-with-strangers\/","og_locale":"es_ES","og_type":"article","og_title":"Random Video Chat With Strangers on TinyChat.com","og_description":"Enjoying Random Video Chat With Strangers? Join over 50,000,000 strangers on TinyChat! Turn on your cam and start meeting new people, or find a match.","og_url":"https:\/\/tinychat.com\/es\/random-video-chat-with-strangers\/","og_site_name":"TinyChat","article_publisher":"https:\/\/www.facebook.com\/tinychat","article_modified_time":"2025-09-03T10:38:11+00:00","og_image":[{"width":1280,"height":284,"url":"https:\/\/tinychat.com\/wp-content\/uploads\/2020\/04\/Tinychat-logo-1280x284-new-black.png","type":"image\/png"}],"twitter_card":"summary_large_image","twitter_site":"@tinychat","twitter_misc":{"Tiempo de lectura":"5 minutos"},"schema":{"@context":"https:\/\/schema.org","@graph":[{"@type":"WebPage","@id":"https:\/\/tinychat.com\/random-video-chat-with-strangers\/","url":"https:\/\/tinychat.com\/random-video-chat-with-strangers\/","name":"Videochat aleatorio con desconocidos en TinyChat.com","isPartOf":{"@id":"https:\/\/tinychat.com\/#website"},"datePublished":"2025-09-03T06:47:55+00:00","dateModified":"2025-09-03T10:38:11+00:00","description":"\u00bfDisfrutas del Videochat aleatorio con desconocidos? \u00a1\u00danete a m\u00e1s de 50.000.000 de desconocidos en TinyChat! Enciende tu c\u00e1mara y empieza a conocer gente nueva, o encuentra una pareja.","breadcrumb":{"@id":"https:\/\/tinychat.com\/random-video-chat-with-strangers\/#breadcrumb"},"inLanguage":"es","potentialAction":[{"@type":"ReadAction","target":["https:\/\/tinychat.com\/random-video-chat-with-strangers\/"]}]},{"@type":"BreadcrumbList","@id":"https:\/\/tinychat.com\/random-video-chat-with-strangers\/#breadcrumb","itemListElement":[{"@type":"ListItem","position":1,"name":"Home","item":"https:\/\/tinychat.com\/"},{"@type":"ListItem","position":2,"name":"Random Video Chat With Strangers"}]},{"@type":"WebSite","@id":"https:\/\/tinychat.com\/#website","url":"https:\/\/tinychat.com\/","name":"TinyChat","description":"Videochat aleatorio con desconocidos","publisher":{"@id":"https:\/\/tinychat.com\/#organization"},"alternateName":"TinyChat.com","potentialAction":[{"@type":"SearchAction","target":{"@type":"EntryPoint","urlTemplate":"https:\/\/tinychat.com\/?s={search_term_string}"},"query-input":{"@type":"PropertyValueSpecification","valueRequired":true,"valueName":"search_term_string"}}],"inLanguage":"es"},{"@type":"Organization","@id":"https:\/\/tinychat.com\/#organization","name":"TinyChat","alternateName":"TinyChat.com","url":"https:\/\/tinychat.com\/","logo":{"@type":"ImageObject","inLanguage":"es","@id":"https:\/\/tinychat.com\/#\/schema\/logo\/image\/","url":"https:\/\/tinychat.com\/wp-content\/uploads\/2023\/11\/Tinychat-icon-square.png","contentUrl":"https:\/\/tinychat.com\/wp-content\/uploads\/2023\/11\/Tinychat-icon-square.png","width":284,"height":284,"caption":"TinyChat"},"image":{"@id":"https:\/\/tinychat.com\/#\/schema\/logo\/image\/"},"sameAs":["https:\/\/www.facebook.com\/tinychat","https:\/\/x.com\/tinychat"]}]}},"_links":{"self":[{"href":"https:\/\/tinychat.com\/es\/wp-json\/wp\/v2\/pages\/4039","targetHints":{"allow":["GET"]}}],"collection":[{"href":"https:\/\/tinychat.com\/es\/wp-json\/wp\/v2\/pages"}],"about":[{"href":"https:\/\/tinychat.com\/es\/wp-json\/wp\/v2\/types\/page"}],"author":[{"embeddable":true,"href":"https:\/\/tinychat.com\/es\/wp-json\/wp\/v2\/users\/8"}],"replies":[{"embeddable":true,"href":"https:\/\/tinychat.com\/es\/wp-json\/wp\/v2\/comments?post=4039"}],"version-history":[{"count":4,"href":"https:\/\/tinychat.com\/es\/wp-json\/wp\/v2\/pages\/4039\/revisions"}],"predecessor-version":[{"id":13497,"href":"https:\/\/tinychat.com\/es\/wp-json\/wp\/v2\/pages\/4039\/revisions\/13497"}],"wp:attachment":[{"href":"https:\/\/tinychat.com\/es\/wp-json\/wp\/v2\/media?parent=4039"}],"curies":[{"name":"wp","href":"https:\/\/api.w.org\/{rel}","templated":true}]}}