{"id":4056,"date":"2025-09-03T08:50:30","date_gmt":"2025-09-03T06:50:30","guid":{"rendered":"https:\/\/tinychat.com\/?page_id=4056"},"modified":"2025-09-03T12:43:21","modified_gmt":"2025-09-03T10:43:21","slug":"stranger-video-chat","status":"publish","type":"page","link":"https:\/\/tinychat.com\/es\/stranger-video-chat\/","title":{"rendered":"Videochat con desconocidos"},"content":{"rendered":"<p>A veces las mejores conversaciones son las que nunca ves venir. En eso consiste exactamente el videochat con desconocidos: en conectar instant\u00e1neamente con personas que no conoces, en cualquier parte del mundo, a trav\u00e9s de v\u00eddeo en directo. Sin largos perfiles, sin deslizar el dedo, sin algoritmos: s\u00f3lo t\u00fa, tu c\u00e1mara web y la sorpresa de ver qui\u00e9n aparece al otro lado.<\/p>\n<p>Para millones de personas, se ha convertido en una de las formas m\u00e1s emocionantes de socializar en l\u00ednea. Ya sea para combatir el aburrimiento, conocer nuevos amigos, ligar un poco o aprender sobre otras culturas, las plataformas de chat con c\u00e1maras de desconocidos lo hacen f\u00e1cil, gratis y espont\u00e1neo.<\/p>\n<h2>\u00bfQu\u00e9 es el videochat con desconocidos?<\/h2>\n<p>El videochat con desconocidos es un concepto sencillo pero potente: un sitio web o una aplicaci\u00f3n te empareja aleatoriamente con otro usuario para mantener una conversaci\u00f3n de v\u00eddeo en directo. Puedes hablar todo el tiempo que quieras o hacer clic en \"Siguiente\" para conocer a alguien nuevo al instante.<\/p>\n<p>Las caracter\u00edsticas clave suelen incluir:<\/p>\n<ul>\n<li>Videochat gratuito con desconocidos sin necesidad de registrarse.<\/li>\n<li>Emparejamiento aleatorio uno a uno para conversaciones privadas.<\/li>\n<li>Opciones de chat de texto y voz si no quieres mostrar tu cara de inmediato.<\/li>\n<li>Botones de salto\/siguiente para controlar con qui\u00e9n hablas.<\/li>\n<li>Filtros de intereses o ubicaci\u00f3n para emparejarte con personas que compartan tus mismos intereses.<\/li>\n<\/ul>\n<p>Es una forma sencilla de experimentar la interacci\u00f3n humana en tiempo real.<\/p>\n<h2>Por qu\u00e9 a la gente le encanta el videochat con desconocidos<\/h2>\n<p>El atractivo es sencillo: cada chat es una sorpresa, y esa imprevisibilidad lo hace divertido. He aqu\u00ed por qu\u00e9 la gente vuelve una y otra vez:<\/p>\n<ul>\n<li>Conexi\u00f3n humana instant\u00e1nea: conozca a alguien cara a cara en cuesti\u00f3n de segundos.<\/li>\n<li>Alcance mundial - Hable con personas de distintos pa\u00edses, or\u00edgenes y culturas.<\/li>\n<li>Poco en juego - No hay perfiles, likes o seguidores que gestionar. Si te resulta inc\u00f3modo, no lo hagas.<\/li>\n<li>Anonimato: mant\u00e9n la privacidad con un apodo o apaga la c\u00e1mara hasta que est\u00e9s listo.<\/li>\n<li>Variedad - Desde conversaciones tontas hasta profundas charlas nocturnas, cada sesi\u00f3n es diferente.<\/li>\n<\/ul>\n<p>Es la socializaci\u00f3n reducida a su forma m\u00e1s espont\u00e1nea.<\/p>\n<h2>C\u00f3mo funciona el chat por c\u00e1mara con desconocidos<\/h2>\n<p>Si nunca lo has probado, empezar es muy sencillo:<\/p>\n<ol>\n<li>Elija una plataforma - Las opciones incluyen Omegle, Chatroulette, Chatspin, TinyChat y Camsurf.<\/li>\n<li>Activa la c\u00e1mara y el micr\u00f3fono: la mayor\u00eda de los sitios te pedir\u00e1n permiso antes de conectarse.<\/li>\n<li>Haz clic en \"Empezar\": al instante te emparejar\u00e1s con un desconocido para chatear por v\u00eddeo en directo.<\/li>\n<li>Chatea o salta: disfruta de la conversaci\u00f3n o pulsa \"siguiente\" para pasar a otra cosa cuando quieras.<\/li>\n<li>Ajuste los filtros: algunos sitios le permiten elegir intereses, sexo o ubicaci\u00f3n para limitar las coincidencias.<\/li>\n<\/ol>\n<p>T\u00fa tienes el control en todo momento: chatea unos segundos o qu\u00e9date una hora.<\/p>\n<h2>Mejores plataformas para videoconferencias con desconocidos<\/h2>\n<p>Hay docenas de opciones, pero aqu\u00ed le presentamos algunos de los sitios m\u00e1s populares y fiables:<\/p>\n<ul>\n<li>Omegle - La plataforma de chat con desconocidos aleatoria original, con modos de texto y v\u00eddeo.<\/li>\n<li>Chatroulette - Conocido por sus r\u00e1pidas videollamadas aleatorias y su alcance mundial.<\/li>\n<li>Chatspin - Ofrece filtros por sexo y ubicaci\u00f3n, adem\u00e1s de divertidos efectos de v\u00eddeo.<\/li>\n<li>Camsurf - Una plataforma limpia y moderada con una comunidad amistosa.<\/li>\n<li>Chatrandom - Incluye salas tem\u00e1ticas y un modo \"s\u00f3lo para chicas\".<\/li>\n<li>TinyChat - Combina el chat con desconocidos con salas de grupo para dar sensaci\u00f3n de comunidad.<\/li>\n<li>Bazoocam - Popular en Europa, con juegos para romper el hielo incorporados.<\/li>\n<\/ul>\n<p>Cada uno tiene su propio ambiente, as\u00ed que vale la pena probar unos cuantos para ver d\u00f3nde te sientes m\u00e1s c\u00f3modo.<\/p>\n<h2>Videochat con desconocidos vs. Chat de s\u00f3lo texto<\/h2>\n<p>Aunque el chat de texto sigue siendo una opci\u00f3n, el chat de v\u00eddeo con desconocidos a\u00f1ade un nuevo nivel de autenticidad.<\/p>\n<table>\n<thead>\n<tr>\n<th>Caracter\u00edstica<\/th>\n<th>Videochat con desconocidos<\/th>\n<th>Chat de texto<\/th>\n<\/tr>\n<\/thead>\n<tbody>\n<tr>\n<td>Ver expresiones faciales<\/td>\n<td>\u2705<\/td>\n<td>\u274c<\/td>\n<\/tr>\n<tr>\n<td>O\u00edr el tono de voz<\/td>\n<td>\u2705<\/td>\n<td>\u274c<\/td>\n<\/tr>\n<tr>\n<td>Conexi\u00f3n m\u00e1s r\u00e1pida<\/td>\n<td>\u2705<\/td>\n<td>\u26a0\ufe0f A veces<\/td>\n<\/tr>\n<tr>\n<td>M\u00e1s experiencia personal<\/td>\n<td>\u2705<\/td>\n<td>\u274c<\/td>\n<\/tr>\n<tr>\n<td>Es m\u00e1s f\u00e1cil malinterpretar el texto<\/td>\n<td>\u274c<\/td>\n<td>\u2705<\/td>\n<\/tr>\n<\/tbody>\n<\/table>\n<p>Ver y o\u00edr a alguien en tiempo real hace que las conversaciones sean m\u00e1s naturales y atractivas.<\/p>\n<h2>Seguridad en las videoconferencias con desconocidos<\/h2>\n<p>La mayor\u00eda de la gente se une a los chats de c\u00e1maras con desconocidos para divertirse, pero es inteligente tomar precauciones de sentido com\u00fan:<\/p>\n<ul>\n<li>Protege tu privacidad: no compartas tu nombre real, tu n\u00famero de tel\u00e9fono ni tu ubicaci\u00f3n.<\/li>\n<li>Utiliza un fondo neutro: mant\u00e9n los detalles personales fuera del encuadre de la c\u00e1mara.<\/li>\n<li>S\u00e1ltate libremente - Si alguien te incomoda, m\u00e1rchate al instante.<\/li>\n<li>Denuncia los comportamientos inadecuados: las plataformas de confianza disponen de herramientas de moderaci\u00f3n.<\/li>\n<li>Lim\u00edtese a sitios conocidos: evite plataformas turbias sin directrices de seguridad.<\/li>\n<\/ul>\n<p>Si se hace bien, el videochat con desconocidos puede ser seguro y agradable.<\/p>\n<h2>Por qu\u00e9 la gente se une a los chats de Stranger Cam<\/h2>\n<p>\u00bfSe ha preguntado alguna vez por qu\u00e9 la gente tiene tantas ganas de hablar con extra\u00f1os en Internet? Las razones var\u00edan, pero algunas de las m\u00e1s comunes son:<\/p>\n<ul>\n<li>Combatir el aburrimiento - Perfecto para trasnochar o para el tiempo de inactividad.<\/li>\n<li>Conexi\u00f3n social - Una forma r\u00e1pida de sentirse menos aislado.<\/li>\n<li>Flirteo y citas: muchos usuarios esperan que haya qu\u00edmica y romance.<\/li>\n<li>Aprender - Practicar un idioma o escuchar puntos de vista de distintas culturas.<\/li>\n<li>Curiosidad - A veces es divertido ver qui\u00e9n est\u00e1 ah\u00ed fuera.<\/li>\n<\/ul>\n<p>Esa mezcla de curiosidad y conexi\u00f3n es lo que mantiene vivas estas plataformas.<\/p>\n<h2>Consejos para mejorar el videochat con desconocidos<\/h2>\n<p>\u00bfQuieres sacar el m\u00e1ximo partido a tus chats? Aqu\u00ed tienes algunas formas sencillas de mejorar la experiencia:<\/p>\n<ul>\n<li>Sonr\u00ede y saluda primero: las buenas vibraciones llegan muy lejos.<\/li>\n<li>Haga preguntas abiertas - En lugar de preguntas del tipo \"s\u00ed\/no\", pregunte sobre intereses o historias.<\/li>\n<li>S\u00e9 respetuoso - Trata a los dem\u00e1s como quieres que te traten a ti.<\/li>\n<li>El humor y la conversaci\u00f3n informal ayudan a romper el hielo.<\/li>\n<li>Experimente con las horas: las distintas zonas horarias hacen que las personas conectadas sean diferentes.<\/li>\n<\/ul>\n<h2>Videochat con desconocidos para diferentes necesidades<\/h2>\n<p>El chat por c\u00e1mara con desconocidos no es s\u00f3lo para un tipo de persona. Puede funcionar para:<\/p>\n<ul>\n<li>Solteros - Buscando conversaci\u00f3n coqueta o citas potenciales.<\/li>\n<li>Viajeros - Conocer virtualmente a los lugare\u00f1os antes de visitar un nuevo lugar.<\/li>\n<li>Estudiantes - Practicar una segunda lengua con hablantes nativos.<\/li>\n<li>Trabajadores a distancia - Romper las largas jornadas con la interacci\u00f3n social.<\/li>\n<li>Mentes curiosas - Simplemente explorar el lado humano de Internet.<\/li>\n<\/ul>\n<h2>Caracter\u00edsticas del videochat con desconocidos gratuito frente al de pago<\/h2>\n<p>La mayor\u00eda de las plataformas de c\u00e1maras extra\u00f1as son gratuitas, pero algunas ofrecen actualizaciones.<\/p>\n<table>\n<thead>\n<tr>\n<th>Caracter\u00edstica<\/th>\n<th>Versi\u00f3n gratuita<\/th>\n<th>Versi\u00f3n de pago<\/th>\n<\/tr>\n<\/thead>\n<tbody>\n<tr>\n<td>Emparejamiento aleatorio<\/td>\n<td>\u2705 S\u00ed<\/td>\n<td>\u2705 S\u00ed<\/td>\n<\/tr>\n<tr>\n<td>Saltos ilimitados<\/td>\n<td>\u26a0\ufe0f Sometimes limited<\/td>\n<td>\u2705 Siempre<\/td>\n<\/tr>\n<tr>\n<td>Filtros de g\u00e9nero<\/td>\n<td>\u26a0\ufe0f B\u00e1sico<\/td>\n<td>\u2705 Avanzado<\/td>\n<\/tr>\n<tr>\n<td>Anuncios eliminados<\/td>\n<td>\u274c<\/td>\n<td>\u2705 S\u00ed<\/td>\n<\/tr>\n<tr>\n<td>Adecuaci\u00f3n prioritaria<\/td>\n<td>\u274c<\/td>\n<td>\u2705 S\u00ed<\/td>\n<\/tr>\n<\/tbody>\n<\/table>\n<p>Para los usuarios ocasionales, la versi\u00f3n gratuita suele ser m\u00e1s que suficiente.<\/p>\n<h2>TinyChat como extra\u00f1o V\u00eddeo Chat Alternative<\/h2>\n<p>Si buscas algo m\u00e1s que la t\u00edpica partida uno contra uno con desconocidos, TinyChat ofrece un giro \u00fanico. En lugar de llamadas aleatorias, puedes unirte a salas de grupos tem\u00e1ticos o crear la tuya propia. De este modo, te resultar\u00e1 m\u00e1s f\u00e1cil encontrar a gente que comparta tus mismos intereses sin perder la espontaneidad de conocer a desconocidos.<\/p>\n<p>TinyChat es ideal para:<\/p>\n<ul>\n<li>Participar en animadas conversaciones de grupo sobre m\u00fasica, citas, juegos o actualidad.<\/li>\n<li>Crear su propia sala de chat privada para charlas individuales.<\/li>\n<li>Cambia entre v\u00eddeo, audio y texto en funci\u00f3n de tu estado de \u00e1nimo.<\/li>\n<li>Chat multiplataforma en aplicaciones de escritorio o m\u00f3viles.<\/li>\n<\/ul>\n<p>Mantiene la emoci\u00f3n del videochat con desconocidos al tiempo que te da m\u00e1s control y comunidad.<\/p>\n<p>El videochat con desconocidos se ha convertido en una de las formas m\u00e1s divertidas y espont\u00e1neas de conectar en l\u00ednea. Con s\u00f3lo una webcam y un clic, puedes estar cara a cara con alguien nuevo, en cualquier parte del mundo. Es imprevisible, aut\u00e9ntico y, a menudo, sorprendentemente gratificante.<\/p>\n<p>Tanto si lo que busca es diversi\u00f3n casual, intercambio cultural, compa\u00f1\u00eda nocturna o incluso una oportunidad de romance, el chat con c\u00e1maras de desconocidos le ofrece infinitas posibilidades, sin coste ni compromiso.<\/p>\n<p>As\u00ed que si est\u00e1s listo para probarlo, entra en una plataforma gratuita como TinyChat o Chatspin, enciende tu c\u00e1mara y mira qui\u00e9n est\u00e1 ah\u00ed fuera. Tu pr\u00f3xima gran conversaci\u00f3n puede estar a un solo clic.<\/p>","protected":false},"excerpt":{"rendered":"<p>Sometimes the best conversations are the ones you never see coming. That\u2019s exactly what stranger video chat is all about\u2014connecting instantly with people you don\u2019t know, anywhere in the world, through live video. No long profiles, no swiping, no algorithms\u2014just you, your webcam, and the surprise of seeing who pops up on the other side. [&hellip;]<\/p>\n","protected":false},"author":8,"featured_media":0,"parent":0,"menu_order":0,"comment_status":"closed","ping_status":"closed","template":"","meta":{"footnotes":""},"class_list":["post-4056","page","type-page","status-publish","hentry"],"yoast_head":"<!-- This site is optimized with the Yoast SEO plugin v27.4 - https:\/\/yoast.com\/product\/yoast-seo-wordpress\/ -->\n<title>Stranger Video Chat with Video Chat on TinyChat.com<\/title>\n<meta name=\"description\" content=\"Enjoying Stranger Video Chat? Join over 50,000,000 strangers on TinyChat! Turn on your cam and start meeting new people, or find a match.\" \/>\n<meta name=\"robots\" content=\"index, follow, max-snippet:-1, max-image-preview:large, max-video-preview:-1\" \/>\n<link rel=\"canonical\" href=\"https:\/\/tinychat.com\/es\/stranger-video-chat\/\" \/>\n<meta property=\"og:locale\" content=\"es_ES\" \/>\n<meta property=\"og:type\" content=\"article\" \/>\n<meta property=\"og:title\" content=\"Stranger Video Chat with Video Chat on TinyChat.com\" \/>\n<meta property=\"og:description\" content=\"Enjoying Stranger Video Chat? Join over 50,000,000 strangers on TinyChat! Turn on your cam and start meeting new people, or find a match.\" \/>\n<meta property=\"og:url\" content=\"https:\/\/tinychat.com\/es\/stranger-video-chat\/\" \/>\n<meta property=\"og:site_name\" content=\"TinyChat\" \/>\n<meta property=\"article:publisher\" content=\"https:\/\/www.facebook.com\/tinychat\" \/>\n<meta property=\"article:modified_time\" content=\"2025-09-03T10:43:21+00:00\" \/>\n<meta property=\"og:image\" content=\"https:\/\/tinychat.com\/wp-content\/uploads\/2020\/04\/Tinychat-logo-1280x284-new-black.png\" \/>\n\t<meta property=\"og:image:width\" content=\"1280\" \/>\n\t<meta property=\"og:image:height\" content=\"284\" \/>\n\t<meta property=\"og:image:type\" content=\"image\/png\" \/>\n<meta name=\"twitter:card\" content=\"summary_large_image\" \/>\n<meta name=\"twitter:site\" content=\"@tinychat\" \/>\n<meta name=\"twitter:label1\" content=\"Tiempo de lectura\" \/>\n\t<meta name=\"twitter:data1\" content=\"6 minutos\" \/>\n<script type=\"application\/ld+json\" class=\"yoast-schema-graph\">{\"@context\":\"https:\\\/\\\/schema.org\",\"@graph\":[{\"@type\":\"WebPage\",\"@id\":\"https:\\\/\\\/tinychat.com\\\/stranger-video-chat\\\/\",\"url\":\"https:\\\/\\\/tinychat.com\\\/stranger-video-chat\\\/\",\"name\":\"Stranger Video Chat with Video Chat on TinyChat.com\",\"isPartOf\":{\"@id\":\"https:\\\/\\\/tinychat.com\\\/#website\"},\"datePublished\":\"2025-09-03T06:50:30+00:00\",\"dateModified\":\"2025-09-03T10:43:21+00:00\",\"description\":\"Enjoying Stranger Video Chat? Join over 50,000,000 strangers on TinyChat! Turn on your cam and start meeting new people, or find a match.\",\"breadcrumb\":{\"@id\":\"https:\\\/\\\/tinychat.com\\\/stranger-video-chat\\\/#breadcrumb\"},\"inLanguage\":\"es\",\"potentialAction\":[{\"@type\":\"ReadAction\",\"target\":[\"https:\\\/\\\/tinychat.com\\\/stranger-video-chat\\\/\"]}]},{\"@type\":\"BreadcrumbList\",\"@id\":\"https:\\\/\\\/tinychat.com\\\/stranger-video-chat\\\/#breadcrumb\",\"itemListElement\":[{\"@type\":\"ListItem\",\"position\":1,\"name\":\"Home\",\"item\":\"https:\\\/\\\/tinychat.com\\\/\"},{\"@type\":\"ListItem\",\"position\":2,\"name\":\"Stranger Video Chat\"}]},{\"@type\":\"WebSite\",\"@id\":\"https:\\\/\\\/tinychat.com\\\/#website\",\"url\":\"https:\\\/\\\/tinychat.com\\\/\",\"name\":\"TinyChat\",\"description\":\"Random Video Chat with Strangers\",\"publisher\":{\"@id\":\"https:\\\/\\\/tinychat.com\\\/#organization\"},\"alternateName\":\"TinyChat.com\",\"potentialAction\":[{\"@type\":\"SearchAction\",\"target\":{\"@type\":\"EntryPoint\",\"urlTemplate\":\"https:\\\/\\\/tinychat.com\\\/?s={search_term_string}\"},\"query-input\":{\"@type\":\"PropertyValueSpecification\",\"valueRequired\":true,\"valueName\":\"search_term_string\"}}],\"inLanguage\":\"es\"},{\"@type\":\"Organization\",\"@id\":\"https:\\\/\\\/tinychat.com\\\/#organization\",\"name\":\"TinyChat\",\"alternateName\":\"TinyChat.com\",\"url\":\"https:\\\/\\\/tinychat.com\\\/\",\"logo\":{\"@type\":\"ImageObject\",\"inLanguage\":\"es\",\"@id\":\"https:\\\/\\\/tinychat.com\\\/#\\\/schema\\\/logo\\\/image\\\/\",\"url\":\"https:\\\/\\\/tinychat.com\\\/wp-content\\\/uploads\\\/2023\\\/11\\\/Tinychat-icon-square.png\",\"contentUrl\":\"https:\\\/\\\/tinychat.com\\\/wp-content\\\/uploads\\\/2023\\\/11\\\/Tinychat-icon-square.png\",\"width\":284,\"height\":284,\"caption\":\"TinyChat\"},\"image\":{\"@id\":\"https:\\\/\\\/tinychat.com\\\/#\\\/schema\\\/logo\\\/image\\\/\"},\"sameAs\":[\"https:\\\/\\\/www.facebook.com\\\/tinychat\",\"https:\\\/\\\/x.com\\\/tinychat\"]}]}<\/script>\n<!-- \/ Yoast SEO plugin. -->","yoast_head_json":{"title":"Videochat con extra\u00f1os en TinyChat.com","description":"\u00bfTe gusta el videochat con desconocidos? \u00a1\u00danete a m\u00e1s de 50.000.000 de desconocidos en TinyChat! Enciende tu c\u00e1mara y empieza a conocer gente nueva, o encuentra una pareja.","robots":{"index":"index","follow":"follow","max-snippet":"max-snippet:-1","max-image-preview":"max-image-preview:large","max-video-preview":"max-video-preview:-1"},"canonical":"https:\/\/tinychat.com\/es\/stranger-video-chat\/","og_locale":"es_ES","og_type":"article","og_title":"Stranger Video Chat with Video Chat on TinyChat.com","og_description":"Enjoying Stranger Video Chat? Join over 50,000,000 strangers on TinyChat! Turn on your cam and start meeting new people, or find a match.","og_url":"https:\/\/tinychat.com\/es\/stranger-video-chat\/","og_site_name":"TinyChat","article_publisher":"https:\/\/www.facebook.com\/tinychat","article_modified_time":"2025-09-03T10:43:21+00:00","og_image":[{"width":1280,"height":284,"url":"https:\/\/tinychat.com\/wp-content\/uploads\/2020\/04\/Tinychat-logo-1280x284-new-black.png","type":"image\/png"}],"twitter_card":"summary_large_image","twitter_site":"@tinychat","twitter_misc":{"Tiempo de lectura":"6 minutos"},"schema":{"@context":"https:\/\/schema.org","@graph":[{"@type":"WebPage","@id":"https:\/\/tinychat.com\/stranger-video-chat\/","url":"https:\/\/tinychat.com\/stranger-video-chat\/","name":"Videochat con extra\u00f1os en TinyChat.com","isPartOf":{"@id":"https:\/\/tinychat.com\/#website"},"datePublished":"2025-09-03T06:50:30+00:00","dateModified":"2025-09-03T10:43:21+00:00","description":"\u00bfTe gusta el videochat con desconocidos? \u00a1\u00danete a m\u00e1s de 50.000.000 de desconocidos en TinyChat! Enciende tu c\u00e1mara y empieza a conocer gente nueva, o encuentra una pareja.","breadcrumb":{"@id":"https:\/\/tinychat.com\/stranger-video-chat\/#breadcrumb"},"inLanguage":"es","potentialAction":[{"@type":"ReadAction","target":["https:\/\/tinychat.com\/stranger-video-chat\/"]}]},{"@type":"BreadcrumbList","@id":"https:\/\/tinychat.com\/stranger-video-chat\/#breadcrumb","itemListElement":[{"@type":"ListItem","position":1,"name":"Home","item":"https:\/\/tinychat.com\/"},{"@type":"ListItem","position":2,"name":"Stranger Video Chat"}]},{"@type":"WebSite","@id":"https:\/\/tinychat.com\/#website","url":"https:\/\/tinychat.com\/","name":"TinyChat","description":"Videochat aleatorio con desconocidos","publisher":{"@id":"https:\/\/tinychat.com\/#organization"},"alternateName":"TinyChat.com","potentialAction":[{"@type":"SearchAction","target":{"@type":"EntryPoint","urlTemplate":"https:\/\/tinychat.com\/?s={search_term_string}"},"query-input":{"@type":"PropertyValueSpecification","valueRequired":true,"valueName":"search_term_string"}}],"inLanguage":"es"},{"@type":"Organization","@id":"https:\/\/tinychat.com\/#organization","name":"TinyChat","alternateName":"TinyChat.com","url":"https:\/\/tinychat.com\/","logo":{"@type":"ImageObject","inLanguage":"es","@id":"https:\/\/tinychat.com\/#\/schema\/logo\/image\/","url":"https:\/\/tinychat.com\/wp-content\/uploads\/2023\/11\/Tinychat-icon-square.png","contentUrl":"https:\/\/tinychat.com\/wp-content\/uploads\/2023\/11\/Tinychat-icon-square.png","width":284,"height":284,"caption":"TinyChat"},"image":{"@id":"https:\/\/tinychat.com\/#\/schema\/logo\/image\/"},"sameAs":["https:\/\/www.facebook.com\/tinychat","https:\/\/x.com\/tinychat"]}]}},"_links":{"self":[{"href":"https:\/\/tinychat.com\/es\/wp-json\/wp\/v2\/pages\/4056","targetHints":{"allow":["GET"]}}],"collection":[{"href":"https:\/\/tinychat.com\/es\/wp-json\/wp\/v2\/pages"}],"about":[{"href":"https:\/\/tinychat.com\/es\/wp-json\/wp\/v2\/types\/page"}],"author":[{"embeddable":true,"href":"https:\/\/tinychat.com\/es\/wp-json\/wp\/v2\/users\/8"}],"replies":[{"embeddable":true,"href":"https:\/\/tinychat.com\/es\/wp-json\/wp\/v2\/comments?post=4056"}],"version-history":[{"count":5,"href":"https:\/\/tinychat.com\/es\/wp-json\/wp\/v2\/pages\/4056\/revisions"}],"predecessor-version":[{"id":13496,"href":"https:\/\/tinychat.com\/es\/wp-json\/wp\/v2\/pages\/4056\/revisions\/13496"}],"wp:attachment":[{"href":"https:\/\/tinychat.com\/es\/wp-json\/wp\/v2\/media?parent=4056"}],"curies":[{"name":"wp","href":"https:\/\/api.w.org\/{rel}","templated":true}]}}