{"id":4090,"date":"2025-05-23T17:55:19","date_gmt":"2025-05-23T15:55:19","guid":{"rendered":"https:\/\/tinychat.com\/?page_id=4090"},"modified":"2025-06-12T10:28:01","modified_gmt":"2025-06-12T08:28:01","slug":"omegle-girl-chat","status":"publish","type":"page","link":"https:\/\/tinychat.com\/es\/omegle-girl-chat\/","title":{"rendered":"Chat para chicas Omegle"},"content":{"rendered":"<p>Omegle siempre ha sido el lugar al que acudir para conocer gente al azar en l\u00ednea, pero el chat con chicas de Omegle lleva las cosas un paso m\u00e1s all\u00e1 para cualquiera que desee conectar espec\u00edficamente con mujeres. Tanto si buscas conversaci\u00f3n, amistad o una chispa de qu\u00edmica, el atractivo de chatear cara a cara con chicas de todo el mundo es innegable.<\/p>\n<p>Hay algo emocionante en hacer clic en \"Empezar\" y no saber nunca con qui\u00e9n te vas a encontrar. Tal vez sea un hola r\u00e1pido, tal vez sea una conexi\u00f3n genuina, o tal vez sea s\u00f3lo una historia divertida para contar m\u00e1s tarde. Sea cual sea tu onda, el chat de chicas Omegle mantiene las cosas espont\u00e1neas y reales.<\/p>\n<h2>\u00bfC\u00f3mo funciona el chat para chicas Omegle?<\/h2>\n<p>Lo bueno del chat con chicas Omegle es lo sencillo que resulta. As\u00ed es como suele ir:<\/p>\n<ol>\n<li>Abre Omegle o un sitio similar con la opci\u00f3n \"chat de chicas\".<\/li>\n<li>Permite el acceso a la c\u00e1mara y al micr\u00f3fono (no te preocupes, t\u00fa tienes el control en todo momento).<\/li>\n<li>Haz clic para empezar y ser\u00e1s emparejado al instante con una usuaria.<\/li>\n<li>Si congenias, \u00a1genial! Si no, haz clic en \"Siguiente\" para volver a intentarlo.<\/li>\n<\/ol>\n<p>Algunas plataformas tienen filtros de g\u00e9nero o modos dedicados a \"chatear con chicas\", que te ayudan a encontrar r\u00e1pidamente el tipo de conexi\u00f3n adecuado.<\/p>\n<h2>\u00bfPor qu\u00e9 la gente elige Omegle Girl Chat?<\/h2>\n<p>Hay muchas razones para intentarlo. He aqu\u00ed las m\u00e1s destacadas:<\/p>\n<ul>\n<li>Conexi\u00f3n instant\u00e1nea: Olv\u00eddese de los mensajes interminables y p\u00f3ngase cara a cara de inmediato.<\/li>\n<li>Conoce a mujeres de todo el mundo: Habla con chicas de todo tipo de or\u00edgenes, culturas y pa\u00edses.<\/li>\n<li>Flexibilidad total: Qu\u00e9date un minuto o una hora, termina el chat cuando quieras.<\/li>\n<li>Interacci\u00f3n real: Es en directo y sin guiones: sin perfiles, sin catfishing, s\u00f3lo gente aut\u00e9ntica.<\/li>\n<\/ul>\n<p>Adem\u00e1s, es mucho m\u00e1s interesante que navegar por las redes sociales o esperar a que alguien te busque pareja en una aplicaci\u00f3n de citas.<\/p>\n<h2>Los mejores consejos para chatear respetuosamente con chicas Omegle<\/h2>\n<p>Si quieres que tus charlas sean divertidas y positivas (\u00a1y que no se corten!), un poco de respeto hace mucho:<\/p>\n<ul>\n<li>Sea educado y amable: la primera impresi\u00f3n es importante.<\/li>\n<li>No pidas informaci\u00f3n privada o de redes sociales de inmediato.<\/li>\n<li>Recuerda que nadie te debe una conversaci\u00f3n; si no le interesas, pasa p\u00e1gina.<\/li>\n<li>Mant\u00e9n las cosas ligeras y divertidas a menos que ella est\u00e9 claramente dispuesta a una charla m\u00e1s profunda.<\/li>\n<li>Utiliza un apodo si quieres permanecer en el anonimato, y respeta tambi\u00e9n su intimidad.<\/li>\n<\/ul>\n<h2>\u00bfD\u00f3nde m\u00e1s se puede probar el chat de chicas como Omegle?<\/h2>\n<p>Omegle es el cl\u00e1sico, pero muchos otros sitios ofrecen modos de chat s\u00f3lo para chicas con emparejamientos aleatorios similares:<\/p>\n<ul>\n<li>CooMeet: Conecta s\u00f3lo con mujeres verificadas; alta seguridad y calidad.<\/li>\n<li>Chatrandom (Chat de chicas): Te permite filtrar para chatear s\u00f3lo con chicas.<\/li>\n<li>LuckyCrush: Empareja a hombres con mujeres exclusivamente para videochats aleatorios.<\/li>\n<li>Chatspin: Tiene filtros de g\u00e9nero y una gran base de usuarios.<\/li>\n<\/ul>\n<p>Todos tienen vibraciones ligeramente diferentes, por lo que merece la pena probar unos cuantos.<\/p>\n<h2>\u00bfQu\u00e9 hace que Omegle Girl Chat sea \u00fanico?<\/h2>\n<p>Es la combinaci\u00f3n de imprevisibilidad, variedad e interacci\u00f3n en tiempo real. Puedes conocer a alguien completamente distinto cada vez: a veces es divertido, a veces inc\u00f3modo, pero siempre es real.<\/p>\n<p>A mucha gente le encanta porque permite hacerse una idea inmediata de la personalidad de alguien. No hay que esconderse detr\u00e1s de mensajes de texto o viejas fotos de perfil, sino establecer una conexi\u00f3n en directo y sin guiones.<\/p>\n<p>Esto es lo que dicen los usuarios:<\/p>\n<blockquote><p>\"He charlado con chicas de tres continentes distintos en una noche. Nunca pens\u00e9 que dir\u00eda eso\".<\/p>\n<p>\"Si eres tranquilo y respetuoso, la mayor\u00eda de las chicas est\u00e1n dispuestas a hablar un rato. Algunas de mis conversaciones favoritas empezaron totalmente al azar\".<\/p><\/blockquote>\n<h2>Omegle Girl Chat vs. Otras opciones de chat en l\u00ednea<\/h2>\n<table>\n<thead>\n<tr>\n<th>Caracter\u00edstica<\/th>\n<th>Chat para chicas Omegle<\/th>\n<th>Aplicaciones de citas<\/th>\n<th>Videochat general<\/th>\n<\/tr>\n<\/thead>\n<tbody>\n<tr>\n<td>Coincidencia aleatoria y en directo<\/td>\n<td>\u2705<\/td>\n<td>\u274c<\/td>\n<td>\u2705<\/td>\n<\/tr>\n<tr>\n<td>Conectar s\u00f3lo con chicas<\/td>\n<td>\u2705<\/td>\n<td>\u2705<\/td>\n<td>\u274c<\/td>\n<\/tr>\n<tr>\n<td>No se necesita un perfil largo<\/td>\n<td>\u2705<\/td>\n<td>\u274c<\/td>\n<td>\u2705<\/td>\n<\/tr>\n<tr>\n<td>Saltar\/Siguiente en cualquier momento<\/td>\n<td>\u2705<\/td>\n<td>\u2705<\/td>\n<td>\u2705<\/td>\n<\/tr>\n<tr>\n<td>V\u00eddeo instant\u00e1neo cara a cara<\/td>\n<td>\u2705<\/td>\n<td>\u274c<\/td>\n<td>\u2705<\/td>\n<\/tr>\n<\/tbody>\n<\/table>\n<p>Para conversaciones espont\u00e1neas y reales con mujeres, el chat para chicas Omegle es dif\u00edcil de superar.<\/p>\n<h2>C\u00f3mo sacar el m\u00e1ximo partido del chat de chicas Omegle<\/h2>\n<ul>\n<li>Ve con buena actitud: sonr\u00ede, pres\u00e9ntate y s\u00e9 sincero.<\/li>\n<li>Si un chat no funciona, no te preocupes: pulsa \"Siguiente\".<\/li>\n<li>No escribas nada; inter\u00e9sate de verdad por lo que tiene que decir.<\/li>\n<li>Si conectas, \u00a1genial! Si no, disfruta de la experiencia y vuelve a intentarlo.<\/li>\n<li>Mantente a salvo y respeta los l\u00edmites en todo momento.<\/li>\n<\/ul>\n<p>El chat para chicas Omegle consiste en conocer gente nueva, mantener conversaciones reales y salir de la rutina. Tanto si lo que buscas es re\u00edrte, hablar en profundidad o simplemente abrirte al mundo de otra persona, es tan sencillo como pulsar un bot\u00f3n.<\/p>\n<p>As\u00ed que, la pr\u00f3xima vez que te sientas social (o simplemente un poco aventurero), dale una oportunidad al chat para chicas Omegle. Nunca se sabe a qui\u00e9n conocer\u00e1s o a d\u00f3nde te llevar\u00e1 la conversaci\u00f3n.<\/p>","protected":false},"excerpt":{"rendered":"<p>Omegle has always been the go-to place for meeting random people online, but Omegle girl chat takes things up a notch for anyone specifically hoping to connect with women. Whether you\u2019re looking for conversation, friendship, or a spark of chemistry, the appeal of chatting face-to-face with girls from around the world is undeniable. There\u2019s something [&hellip;]<\/p>\n","protected":false},"author":8,"featured_media":0,"parent":0,"menu_order":0,"comment_status":"closed","ping_status":"closed","template":"","meta":{"footnotes":""},"class_list":["post-4090","page","type-page","status-publish","hentry"],"yoast_head":"<!-- This site is optimized with the Yoast SEO plugin v27.4 - https:\/\/yoast.com\/product\/yoast-seo-wordpress\/ -->\n<title>Omegle Girl Chat with Video Chat on TinyChat.com<\/title>\n<meta name=\"description\" content=\"Enjoying Omegle Girl Chat? Join over 50,000,000 strangers on TinyChat! Turn on your cam and start meeting new people, or find a match.\" \/>\n<meta name=\"robots\" content=\"index, follow, max-snippet:-1, max-image-preview:large, max-video-preview:-1\" \/>\n<link rel=\"canonical\" href=\"https:\/\/tinychat.com\/es\/omegle-girl-chat\/\" \/>\n<meta property=\"og:locale\" content=\"es_ES\" \/>\n<meta property=\"og:type\" content=\"article\" \/>\n<meta property=\"og:title\" content=\"Omegle Girl Chat with Video Chat on TinyChat.com\" \/>\n<meta property=\"og:description\" content=\"Enjoying Omegle Girl Chat? Join over 50,000,000 strangers on TinyChat! Turn on your cam and start meeting new people, or find a match.\" \/>\n<meta property=\"og:url\" content=\"https:\/\/tinychat.com\/es\/omegle-girl-chat\/\" \/>\n<meta property=\"og:site_name\" content=\"TinyChat\" \/>\n<meta property=\"article:publisher\" content=\"https:\/\/www.facebook.com\/tinychat\" \/>\n<meta property=\"article:modified_time\" content=\"2025-06-12T08:28:01+00:00\" \/>\n<meta property=\"og:image\" content=\"https:\/\/tinychat.com\/wp-content\/uploads\/2020\/04\/Tinychat-logo-1280x284-new-black.png\" \/>\n\t<meta property=\"og:image:width\" content=\"1280\" \/>\n\t<meta property=\"og:image:height\" content=\"284\" \/>\n\t<meta property=\"og:image:type\" content=\"image\/png\" \/>\n<meta name=\"twitter:card\" content=\"summary_large_image\" \/>\n<meta name=\"twitter:site\" content=\"@tinychat\" \/>\n<meta name=\"twitter:label1\" content=\"Tiempo de lectura\" \/>\n\t<meta name=\"twitter:data1\" content=\"4 minutos\" \/>\n<script type=\"application\/ld+json\" class=\"yoast-schema-graph\">{\"@context\":\"https:\\\/\\\/schema.org\",\"@graph\":[{\"@type\":\"WebPage\",\"@id\":\"https:\\\/\\\/tinychat.com\\\/omegle-girl-chat\\\/\",\"url\":\"https:\\\/\\\/tinychat.com\\\/omegle-girl-chat\\\/\",\"name\":\"Omegle Girl Chat with Video Chat on TinyChat.com\",\"isPartOf\":{\"@id\":\"https:\\\/\\\/tinychat.com\\\/#website\"},\"datePublished\":\"2025-05-23T15:55:19+00:00\",\"dateModified\":\"2025-06-12T08:28:01+00:00\",\"description\":\"Enjoying Omegle Girl Chat? Join over 50,000,000 strangers on TinyChat! Turn on your cam and start meeting new people, or find a match.\",\"breadcrumb\":{\"@id\":\"https:\\\/\\\/tinychat.com\\\/omegle-girl-chat\\\/#breadcrumb\"},\"inLanguage\":\"es\",\"potentialAction\":[{\"@type\":\"ReadAction\",\"target\":[\"https:\\\/\\\/tinychat.com\\\/omegle-girl-chat\\\/\"]}]},{\"@type\":\"BreadcrumbList\",\"@id\":\"https:\\\/\\\/tinychat.com\\\/omegle-girl-chat\\\/#breadcrumb\",\"itemListElement\":[{\"@type\":\"ListItem\",\"position\":1,\"name\":\"Home\",\"item\":\"https:\\\/\\\/tinychat.com\\\/\"},{\"@type\":\"ListItem\",\"position\":2,\"name\":\"Omegle Girl Chat\"}]},{\"@type\":\"WebSite\",\"@id\":\"https:\\\/\\\/tinychat.com\\\/#website\",\"url\":\"https:\\\/\\\/tinychat.com\\\/\",\"name\":\"TinyChat\",\"description\":\"Random Video Chat with Strangers\",\"publisher\":{\"@id\":\"https:\\\/\\\/tinychat.com\\\/#organization\"},\"alternateName\":\"TinyChat.com\",\"potentialAction\":[{\"@type\":\"SearchAction\",\"target\":{\"@type\":\"EntryPoint\",\"urlTemplate\":\"https:\\\/\\\/tinychat.com\\\/?s={search_term_string}\"},\"query-input\":{\"@type\":\"PropertyValueSpecification\",\"valueRequired\":true,\"valueName\":\"search_term_string\"}}],\"inLanguage\":\"es\"},{\"@type\":\"Organization\",\"@id\":\"https:\\\/\\\/tinychat.com\\\/#organization\",\"name\":\"TinyChat\",\"alternateName\":\"TinyChat.com\",\"url\":\"https:\\\/\\\/tinychat.com\\\/\",\"logo\":{\"@type\":\"ImageObject\",\"inLanguage\":\"es\",\"@id\":\"https:\\\/\\\/tinychat.com\\\/#\\\/schema\\\/logo\\\/image\\\/\",\"url\":\"https:\\\/\\\/tinychat.com\\\/wp-content\\\/uploads\\\/2023\\\/11\\\/Tinychat-icon-square.png\",\"contentUrl\":\"https:\\\/\\\/tinychat.com\\\/wp-content\\\/uploads\\\/2023\\\/11\\\/Tinychat-icon-square.png\",\"width\":284,\"height\":284,\"caption\":\"TinyChat\"},\"image\":{\"@id\":\"https:\\\/\\\/tinychat.com\\\/#\\\/schema\\\/logo\\\/image\\\/\"},\"sameAs\":[\"https:\\\/\\\/www.facebook.com\\\/tinychat\",\"https:\\\/\\\/x.com\\\/tinychat\"]}]}<\/script>\n<!-- \/ Yoast SEO plugin. -->","yoast_head_json":{"title":"Omegle Girl Chat con Video Chat en TinyChat.com","description":"\u00bfDisfrutas Omegle Girl Chat? \u00a1\u00danete a m\u00e1s de 50.000.000 de desconocidos en TinyChat! Enciende tu c\u00e1mara y empieza a conocer gente nueva, o encuentra una pareja.","robots":{"index":"index","follow":"follow","max-snippet":"max-snippet:-1","max-image-preview":"max-image-preview:large","max-video-preview":"max-video-preview:-1"},"canonical":"https:\/\/tinychat.com\/es\/omegle-girl-chat\/","og_locale":"es_ES","og_type":"article","og_title":"Omegle Girl Chat with Video Chat on TinyChat.com","og_description":"Enjoying Omegle Girl Chat? Join over 50,000,000 strangers on TinyChat! Turn on your cam and start meeting new people, or find a match.","og_url":"https:\/\/tinychat.com\/es\/omegle-girl-chat\/","og_site_name":"TinyChat","article_publisher":"https:\/\/www.facebook.com\/tinychat","article_modified_time":"2025-06-12T08:28:01+00:00","og_image":[{"width":1280,"height":284,"url":"https:\/\/tinychat.com\/wp-content\/uploads\/2020\/04\/Tinychat-logo-1280x284-new-black.png","type":"image\/png"}],"twitter_card":"summary_large_image","twitter_site":"@tinychat","twitter_misc":{"Tiempo de lectura":"4 minutos"},"schema":{"@context":"https:\/\/schema.org","@graph":[{"@type":"WebPage","@id":"https:\/\/tinychat.com\/omegle-girl-chat\/","url":"https:\/\/tinychat.com\/omegle-girl-chat\/","name":"Omegle Girl Chat con Video Chat en TinyChat.com","isPartOf":{"@id":"https:\/\/tinychat.com\/#website"},"datePublished":"2025-05-23T15:55:19+00:00","dateModified":"2025-06-12T08:28:01+00:00","description":"\u00bfDisfrutas Omegle Girl Chat? \u00a1\u00danete a m\u00e1s de 50.000.000 de desconocidos en TinyChat! Enciende tu c\u00e1mara y empieza a conocer gente nueva, o encuentra una pareja.","breadcrumb":{"@id":"https:\/\/tinychat.com\/omegle-girl-chat\/#breadcrumb"},"inLanguage":"es","potentialAction":[{"@type":"ReadAction","target":["https:\/\/tinychat.com\/omegle-girl-chat\/"]}]},{"@type":"BreadcrumbList","@id":"https:\/\/tinychat.com\/omegle-girl-chat\/#breadcrumb","itemListElement":[{"@type":"ListItem","position":1,"name":"Home","item":"https:\/\/tinychat.com\/"},{"@type":"ListItem","position":2,"name":"Omegle Girl Chat"}]},{"@type":"WebSite","@id":"https:\/\/tinychat.com\/#website","url":"https:\/\/tinychat.com\/","name":"TinyChat","description":"Videochat aleatorio con desconocidos","publisher":{"@id":"https:\/\/tinychat.com\/#organization"},"alternateName":"TinyChat.com","potentialAction":[{"@type":"SearchAction","target":{"@type":"EntryPoint","urlTemplate":"https:\/\/tinychat.com\/?s={search_term_string}"},"query-input":{"@type":"PropertyValueSpecification","valueRequired":true,"valueName":"search_term_string"}}],"inLanguage":"es"},{"@type":"Organization","@id":"https:\/\/tinychat.com\/#organization","name":"TinyChat","alternateName":"TinyChat.com","url":"https:\/\/tinychat.com\/","logo":{"@type":"ImageObject","inLanguage":"es","@id":"https:\/\/tinychat.com\/#\/schema\/logo\/image\/","url":"https:\/\/tinychat.com\/wp-content\/uploads\/2023\/11\/Tinychat-icon-square.png","contentUrl":"https:\/\/tinychat.com\/wp-content\/uploads\/2023\/11\/Tinychat-icon-square.png","width":284,"height":284,"caption":"TinyChat"},"image":{"@id":"https:\/\/tinychat.com\/#\/schema\/logo\/image\/"},"sameAs":["https:\/\/www.facebook.com\/tinychat","https:\/\/x.com\/tinychat"]}]}},"_links":{"self":[{"href":"https:\/\/tinychat.com\/es\/wp-json\/wp\/v2\/pages\/4090","targetHints":{"allow":["GET"]}}],"collection":[{"href":"https:\/\/tinychat.com\/es\/wp-json\/wp\/v2\/pages"}],"about":[{"href":"https:\/\/tinychat.com\/es\/wp-json\/wp\/v2\/types\/page"}],"author":[{"embeddable":true,"href":"https:\/\/tinychat.com\/es\/wp-json\/wp\/v2\/users\/8"}],"replies":[{"embeddable":true,"href":"https:\/\/tinychat.com\/es\/wp-json\/wp\/v2\/comments?post=4090"}],"version-history":[{"count":3,"href":"https:\/\/tinychat.com\/es\/wp-json\/wp\/v2\/pages\/4090\/revisions"}],"predecessor-version":[{"id":13240,"href":"https:\/\/tinychat.com\/es\/wp-json\/wp\/v2\/pages\/4090\/revisions\/13240"}],"wp:attachment":[{"href":"https:\/\/tinychat.com\/es\/wp-json\/wp\/v2\/media?parent=4090"}],"curies":[{"name":"wp","href":"https:\/\/api.w.org\/{rel}","templated":true}]}}