{"id":4158,"date":"2025-08-14T09:27:29","date_gmt":"2025-08-14T07:27:29","guid":{"rendered":"https:\/\/tinychat.com\/?page_id=4158"},"modified":"2025-08-14T10:01:21","modified_gmt":"2025-08-14T08:01:21","slug":"omegle-video-call","status":"publish","type":"page","link":"https:\/\/tinychat.com\/es\/omegle-video-call\/","title":{"rendered":"Videollamada Omegle"},"content":{"rendered":"<p>La idea de entablar una conversaci\u00f3n en directo con alguien que no conoces -en cualquier parte del mundo- no es nueva. Las funciones de videollamada de Omegle la hicieron famosa, y el concepto sigue entusiasmando a la gente hoy en d\u00eda. Es r\u00e1pido, imprevisible y personal. Con s\u00f3lo un clic, puedes estar cara a cara con alguien al otro lado del planeta, compartiendo historias, risas o incluso unos minutos de curiosidad.<\/p>\n<p>Para muchos, este estilo de chat ofrece algo que las redes sociales y las aplicaciones de citas no pueden ofrecer: interacci\u00f3n en tiempo real sin filtros, swipes ni algoritmos que decidan a qui\u00e9n conoces.<\/p>\n<h2>\u00bfQu\u00e9 es una videollamada Omegle?<\/h2>\n<p>En su forma m\u00e1s simple, una videollamada Omegle es un videochat en directo uno a uno con un desconocido cualquiera. Usted enciende su webcam, la otra persona hace lo mismo y hablan hasta que uno de los dos decide continuar. Sin registro, sin datos personales, sin compromiso: s\u00f3lo comunicaci\u00f3n espont\u00e1nea y directa.<\/p>\n<p>Aunque la marca Omegle lo populariz\u00f3, este tipo de videollamada aleatoria existe ahora en muchas plataformas. La idea central sigue siendo la misma: con\u00e9ctate al instante, habla todo el tiempo que quieras y luego pasa al siguiente encuentro.<\/p>\n<h2>Por qu\u00e9 la gente adora las videollamadas al estilo Omegle<\/h2>\n<p>Hay una raz\u00f3n por la que millones de personas han probado este formato y siguen volviendo. No se trata solo de chatear, sino de los momentos inesperados que suceden cuando dos desconocidos se encuentran en tiempo real.<\/p>\n<ul>\n<li>Conexi\u00f3n instant\u00e1nea: no es necesario intercambiar nombres de usuario ni agregar personas. Est\u00e1s en la conversaci\u00f3n inmediatamente.<\/li>\n<li>Alcance mundial: conozca a gente de cualquier lugar, desde grandes ciudades a pueblos remotos.<\/li>\n<li>Variedad total - Cada llamada es diferente; nunca se sabe qui\u00e9n es el siguiente.<\/li>\n<li>Libertad para saltar - Si el ambiente no es el adecuado, est\u00e1s a un solo clic de un nuevo chat.<\/li>\n<li>Honestidad cara a cara - Ver y escuchar a alguien en tiempo real hace m\u00e1s dif\u00edcil esconderse tras perfiles falsos.<\/li>\n<\/ul>\n<p>Algunas personas utilizan las videollamadas al estilo Omegle para entretenerse r\u00e1pidamente, otras para entablar una aut\u00e9ntica amistad o incluso para practicar idiomas.<\/p>\n<h2>C\u00f3mo funciona la videollamada Omegle<\/h2>\n<p>Si nunca lo has probado, es sorprendentemente sencillo empezar:<\/p>\n<ol>\n<li>Elija una plataforma - Aunque el sitio original Omegle es una opci\u00f3n, ahora existen muchas alternativas como TinyChat, Chatspin y CamSurf.<\/li>\n<li>Habilita la c\u00e1mara web y el micr\u00f3fono: el sitio te pedir\u00e1 permiso para utilizar la c\u00e1mara y el audio.<\/li>\n<li>Haz clic para conectar - La plataforma te empareja con otro usuario en cuesti\u00f3n de segundos.<\/li>\n<li>Chatea o salta: qu\u00e9date mientras disfrutas de la conversaci\u00f3n o haz clic en \"Siguiente\" para conocer a alguien nuevo.<\/li>\n<\/ol>\n<p>Muchas plataformas tambi\u00e9n te permiten a\u00f1adir etiquetas de intereses para que sea m\u00e1s probable que te emparejen con personas que comparten tus aficiones o temas.<\/p>\n<h2>Omegle Variaciones de videollamada<\/h2>\n<p>No todos los chats de v\u00eddeo aleatorios son iguales. Es posible que encuentres diferentes formatos que se adapten a diferentes estados de \u00e1nimo o niveles de comodidad:<\/p>\n<ul>\n<li>Videollamada gratuita Omegle - Sin coste, sin registro, s\u00f3lo coincidencias instant\u00e1neas.<\/li>\n<li>Videollamadas an\u00f3nimas: oculta tu nombre, utiliza un apodo o apaga la c\u00e1mara hasta que est\u00e9s preparado.<\/li>\n<li>Emparejamiento basado en intereses: empar\u00e9jese con personas en funci\u00f3n de temas compartidos.<\/li>\n<li>Secciones s\u00f3lo para adultos: chats para mayores de 18 a\u00f1os para quienes buscan interacciones coquetas o expl\u00edcitas.<\/li>\n<li>Salas de v\u00eddeo en grupo: en lugar de una sola persona, \u00fanase a una sala con varias c\u00e1maras funcionando a la vez.<\/li>\n<\/ul>\n<h2>Omegle Videollamada vs. Chat s\u00f3lo texto<\/h2>\n<p>Aunque el Omegle empez\u00f3 tambi\u00e9n con chat de texto, la funci\u00f3n de videollamada ofrece una experiencia mucho m\u00e1s rica.<\/p>\n<table>\n<thead>\n<tr>\n<th>Caracter\u00edstica<\/th>\n<th>Videollamada Omegle<\/th>\n<th>Omegle Chat de texto<\/th>\n<\/tr>\n<\/thead>\n<tbody>\n<tr>\n<td>Ver expresiones faciales<\/td>\n<td>\u2705<\/td>\n<td>\u274c<\/td>\n<\/tr>\n<tr>\n<td>O\u00edr el tono de voz<\/td>\n<td>\u2705<\/td>\n<td>\u274c<\/td>\n<\/tr>\n<tr>\n<td>Control qu\u00edmico instant\u00e1neo<\/td>\n<td>\u2705<\/td>\n<td>\u274c<\/td>\n<\/tr>\n<tr>\n<td>M\u00e1s conexi\u00f3n personal<\/td>\n<td>\u2705<\/td>\n<td>\u26a0\ufe0f Menos<\/td>\n<\/tr>\n<tr>\n<td>Funciona sin webcam<\/td>\n<td>\u274c<\/td>\n<td>\u2705<\/td>\n<\/tr>\n<\/tbody>\n<\/table>\n<p>El chat de texto puede ser estupendo para mantener el anonimato, pero el v\u00eddeo hace que la interacci\u00f3n parezca m\u00e1s humana.<\/p>\n<h2>Seguridad en las videollamadas al estilo Omegle<\/h2>\n<p>Como vas a conocer a desconocidos, es importante establecer l\u00edmites. Las mejores plataformas, incluidas algunas alternativas Omegle, cuentan con funciones de seguridad, pero t\u00fa tambi\u00e9n debes protegerte:<\/p>\n<ul>\n<li>No compartas informaci\u00f3n personal como tu nombre completo, direcci\u00f3n o lugar de trabajo.<\/li>\n<li>Utilice un apodo si da su nombre.<\/li>\n<li>Salte inmediatamente si alguien le incomoda.<\/li>\n<li>Denuncia a los usuarios inapropiados: la mayor\u00eda de los sitios disponen de herramientas de denuncia r\u00e1pida.<\/li>\n<li>Ten cuidado con el fondo de tu c\u00e1mara para evitar mostrar detalles privados.<\/li>\n<\/ul>\n<h2>Por qu\u00e9 la gente sigue buscando alternativas a la videollamada Omegle<\/h2>\n<p>Omegle existe desde hace a\u00f1os, pero dista mucho de ser la \u00fanica opci\u00f3n y, para muchos, ya no es la mejor. Algunos usuarios buscan alternativas porque:<\/p>\n<ul>\n<li>Omegle no siempre tiene una fuerte moderaci\u00f3n.<\/li>\n<li>Algunas regiones bloquean el sitio.<\/li>\n<li>Quieren filtros como el sexo, la ubicaci\u00f3n o los intereses.<\/li>\n<li>Prefieren una comunidad m\u00e1s limpia y acogedora.<\/li>\n<li>Les gustan los dise\u00f1os adaptados al m\u00f3vil o las aplicaciones dedicadas.<\/li>\n<\/ul>\n<p>Ah\u00ed es donde brillan plataformas como TinyChat, que ofrecen tanto videollamadas individuales aleatorias como chats de grupo estructurados con salas tem\u00e1ticas.<\/p>\n<h2>Por qu\u00e9 el TinyChat es una gran alternativa a la videollamada Omegle<\/h2>\n<p>TinyChat le ofrece m\u00e1s formas de conectarse sin perder la espontaneidad de un partido estilo Omegle:<\/p>\n<ul>\n<li>Salas p\u00fablicas y privadas: chatea uno a uno o \u00fanete a salas abiertas seg\u00fan tus intereses.<\/li>\n<li>V\u00eddeo, voz y texto: elige c\u00f3mo quieres conectarte.<\/li>\n<li>Sin registro forzoso: accede al instante o crea una cuenta para disfrutar de funciones adicionales.<\/li>\n<li>Acceso multiplataforma: funciona en el navegador o a trav\u00e9s de aplicaciones m\u00f3viles.<\/li>\n<li>Comunidad global - Conoce a gente de todo el mundo, a cualquier hora del d\u00eda.<\/li>\n<\/ul>\n<p>Para quienes les guste la idea de la videollamada del Omegle pero quieran m\u00e1s control sobre su entorno, el TinyChat es una buena elecci\u00f3n.<\/p>\n<h2>Videollamada Omegle para divertirse y conectarse<\/h2>\n<p>La gente recurre a las llamadas tipo Omegle por todo tipo de razones:<\/p>\n<ul>\n<li>Para conocer gente de viaje o en ciudades nuevas.<\/li>\n<li>Practicar el idioma con hablantes nativos.<\/li>\n<li>Para romper el aburrimiento y conocer caras amigas en los ratos muertos.<\/li>\n<li>Para ligar y ver si hay qu\u00edmica instant\u00e1nea.<\/li>\n<li>Explorar otras culturas y estilos de vida sin salir de casa.<\/li>\n<\/ul>\n<p>Tanto si tu objetivo es casual como si es m\u00e1s significativo, la experiencia puede ser tan desenfadada o tan profunda como t\u00fa la hagas.<\/p>\n<h2>Consejos para una mejor experiencia de videollamada Omegle<\/h2>\n<ul>\n<li>Una buena iluminaci\u00f3n ayuda: es m\u00e1s probable que la gente se quede cuando puede verle con claridad.<\/li>\n<li>Mant\u00e9n la mente abierta: conocer\u00e1s a gente de todas las procedencias.<\/li>\n<li>Sonr\u00ede y saluda primero - Un comienzo amistoso marca la diferencia.<\/li>\n<li>Pruebe a distintas horas: la base de usuarios cambia seg\u00fan la hora, lo que le ofrece variedad.<\/li>\n<li>Sepa cu\u00e1ndo dejarlo - Si no funciona, siga adelante sin sentirse culpable.<\/li>\n<\/ul>\n<h2>La emoci\u00f3n de las videollamadas aleatorias<\/h2>\n<p>El atractivo de las videollamadas Omegle no ha desaparecido porque aprovecha algo intemporal: la curiosidad por conocer a otras personas. Conocer a un desconocido en tiempo real -cara a cara- puede ser emocionante, divertido, sorprendente o incluso conmovedor. A veces conectas durante un minuto, a veces durante horas, y otras intercambias detalles para volver a hablar.<\/p>\n<p>Es esta mezcla de imprevisibilidad y posibilidad lo que hace que la gente vuelva.<\/p>\n<p>Las sesiones de videollamada de Omegle ofrecen una de las formas m\u00e1s r\u00e1pidas y personales de conocer a desconocidos en l\u00ednea. Tanto si te quedas con Omegle como si exploras alternativas como TinyChat, la f\u00f3rmula sigue siendo la misma: conectar al instante, compartir un momento y seguir adelante cuando est\u00e9s preparado.<\/p>\n<p>No se trata de crear una lista de amigos o de buscar likes, sino de una interacci\u00f3n humana genuina y sin filtros. Si nunca lo has probado, todo lo que necesitas es una webcam, una buena conexi\u00f3n a Internet y un poco de curiosidad.<\/p>\n<p>\u00bfQui\u00e9n sabe? Tu pr\u00f3xima videollamada al estilo Omegle podr\u00eda ser lo mejor de tu d\u00eda.<\/p>","protected":false},"excerpt":{"rendered":"<p>The idea of jumping into a live conversation with someone you\u2019ve never met\u2014anywhere in the world\u2014isn\u2019t new. Omegle video call features made it famous, and the concept still excites people today. It\u2019s fast, unpredictable, and personal. With just a click, you can be face-to-face with someone on the other side of the planet, sharing stories, [&hellip;]<\/p>\n","protected":false},"author":8,"featured_media":0,"parent":0,"menu_order":0,"comment_status":"closed","ping_status":"closed","template":"","meta":{"footnotes":""},"class_list":["post-4158","page","type-page","status-publish","hentry"],"yoast_head":"<!-- This site is optimized with the Yoast SEO plugin v27.6 - https:\/\/yoast.com\/product\/yoast-seo-wordpress\/ -->\n<title>Omegle Video Call with Video Chat on TinyChat.com<\/title>\n<meta name=\"description\" content=\"Enjoying Omegle Video Call? Join over 50,000,000 strangers on TinyChat! Turn on your cam and start meeting new people, or find a match.\" \/>\n<meta name=\"robots\" content=\"index, follow, max-snippet:-1, max-image-preview:large, max-video-preview:-1\" \/>\n<link rel=\"canonical\" href=\"https:\/\/tinychat.com\/es\/omegle-video-call\/\" \/>\n<meta property=\"og:locale\" content=\"es_ES\" \/>\n<meta property=\"og:type\" content=\"article\" \/>\n<meta property=\"og:title\" content=\"Omegle Video Call with Video Chat on TinyChat.com\" \/>\n<meta property=\"og:description\" content=\"Enjoying Omegle Video Call? Join over 50,000,000 strangers on TinyChat! Turn on your cam and start meeting new people, or find a match.\" \/>\n<meta property=\"og:url\" content=\"https:\/\/tinychat.com\/es\/omegle-video-call\/\" \/>\n<meta property=\"og:site_name\" content=\"TinyChat\" \/>\n<meta property=\"article:publisher\" content=\"https:\/\/www.facebook.com\/tinychat\" \/>\n<meta property=\"article:modified_time\" content=\"2025-08-14T08:01:21+00:00\" \/>\n<meta property=\"og:image\" content=\"https:\/\/tinychat.com\/wp-content\/uploads\/2020\/04\/Tinychat-logo-1280x284-new-black.png\" \/>\n\t<meta property=\"og:image:width\" content=\"1280\" \/>\n\t<meta property=\"og:image:height\" content=\"284\" \/>\n\t<meta property=\"og:image:type\" content=\"image\/png\" \/>\n<meta name=\"twitter:card\" content=\"summary_large_image\" \/>\n<meta name=\"twitter:site\" content=\"@tinychat\" \/>\n<meta name=\"twitter:label1\" content=\"Tiempo de lectura\" \/>\n\t<meta name=\"twitter:data1\" content=\"6 minutos\" \/>\n<script type=\"application\/ld+json\" class=\"yoast-schema-graph\">{\"@context\":\"https:\\\/\\\/schema.org\",\"@graph\":[{\"@type\":\"WebPage\",\"@id\":\"https:\\\/\\\/tinychat.com\\\/omegle-video-call\\\/\",\"url\":\"https:\\\/\\\/tinychat.com\\\/omegle-video-call\\\/\",\"name\":\"Omegle Video Call with Video Chat on TinyChat.com\",\"isPartOf\":{\"@id\":\"https:\\\/\\\/tinychat.com\\\/#website\"},\"datePublished\":\"2025-08-14T07:27:29+00:00\",\"dateModified\":\"2025-08-14T08:01:21+00:00\",\"description\":\"Enjoying Omegle Video Call? Join over 50,000,000 strangers on TinyChat! Turn on your cam and start meeting new people, or find a match.\",\"breadcrumb\":{\"@id\":\"https:\\\/\\\/tinychat.com\\\/omegle-video-call\\\/#breadcrumb\"},\"inLanguage\":\"es\",\"potentialAction\":[{\"@type\":\"ReadAction\",\"target\":[\"https:\\\/\\\/tinychat.com\\\/omegle-video-call\\\/\"]}]},{\"@type\":\"BreadcrumbList\",\"@id\":\"https:\\\/\\\/tinychat.com\\\/omegle-video-call\\\/#breadcrumb\",\"itemListElement\":[{\"@type\":\"ListItem\",\"position\":1,\"name\":\"Home\",\"item\":\"https:\\\/\\\/tinychat.com\\\/\"},{\"@type\":\"ListItem\",\"position\":2,\"name\":\"Omegle Video Call\"}]},{\"@type\":\"WebSite\",\"@id\":\"https:\\\/\\\/tinychat.com\\\/#website\",\"url\":\"https:\\\/\\\/tinychat.com\\\/\",\"name\":\"TinyChat\",\"description\":\"Random Video Chat with Strangers\",\"publisher\":{\"@id\":\"https:\\\/\\\/tinychat.com\\\/#organization\"},\"alternateName\":\"TinyChat.com\",\"potentialAction\":[{\"@type\":\"SearchAction\",\"target\":{\"@type\":\"EntryPoint\",\"urlTemplate\":\"https:\\\/\\\/tinychat.com\\\/?s={search_term_string}\"},\"query-input\":{\"@type\":\"PropertyValueSpecification\",\"valueRequired\":true,\"valueName\":\"search_term_string\"}}],\"inLanguage\":\"es\"},{\"@type\":\"Organization\",\"@id\":\"https:\\\/\\\/tinychat.com\\\/#organization\",\"name\":\"TinyChat\",\"alternateName\":\"TinyChat.com\",\"url\":\"https:\\\/\\\/tinychat.com\\\/\",\"logo\":{\"@type\":\"ImageObject\",\"inLanguage\":\"es\",\"@id\":\"https:\\\/\\\/tinychat.com\\\/#\\\/schema\\\/logo\\\/image\\\/\",\"url\":\"https:\\\/\\\/tinychat.com\\\/wp-content\\\/uploads\\\/2023\\\/11\\\/Tinychat-icon-square.png\",\"contentUrl\":\"https:\\\/\\\/tinychat.com\\\/wp-content\\\/uploads\\\/2023\\\/11\\\/Tinychat-icon-square.png\",\"width\":284,\"height\":284,\"caption\":\"TinyChat\"},\"image\":{\"@id\":\"https:\\\/\\\/tinychat.com\\\/#\\\/schema\\\/logo\\\/image\\\/\"},\"sameAs\":[\"https:\\\/\\\/www.facebook.com\\\/tinychat\",\"https:\\\/\\\/x.com\\\/tinychat\"]}]}<\/script>\n<!-- \/ Yoast SEO plugin. -->","yoast_head_json":{"title":"Omegle Videollamada con Videochat en TinyChat.com","description":"\u00bfDisfrutas de la videollamada Omegle? \u00a1\u00danete a m\u00e1s de 50.000.000 de desconocidos en TinyChat! Enciende tu c\u00e1mara y empieza a conocer gente nueva o a encontrar pareja.","robots":{"index":"index","follow":"follow","max-snippet":"max-snippet:-1","max-image-preview":"max-image-preview:large","max-video-preview":"max-video-preview:-1"},"canonical":"https:\/\/tinychat.com\/es\/omegle-video-call\/","og_locale":"es_ES","og_type":"article","og_title":"Omegle Video Call with Video Chat on TinyChat.com","og_description":"Enjoying Omegle Video Call? Join over 50,000,000 strangers on TinyChat! Turn on your cam and start meeting new people, or find a match.","og_url":"https:\/\/tinychat.com\/es\/omegle-video-call\/","og_site_name":"TinyChat","article_publisher":"https:\/\/www.facebook.com\/tinychat","article_modified_time":"2025-08-14T08:01:21+00:00","og_image":[{"width":1280,"height":284,"url":"https:\/\/tinychat.com\/wp-content\/uploads\/2020\/04\/Tinychat-logo-1280x284-new-black.png","type":"image\/png"}],"twitter_card":"summary_large_image","twitter_site":"@tinychat","twitter_misc":{"Tiempo de lectura":"6 minutos"},"schema":{"@context":"https:\/\/schema.org","@graph":[{"@type":"WebPage","@id":"https:\/\/tinychat.com\/omegle-video-call\/","url":"https:\/\/tinychat.com\/omegle-video-call\/","name":"Omegle Videollamada con Videochat en TinyChat.com","isPartOf":{"@id":"https:\/\/tinychat.com\/#website"},"datePublished":"2025-08-14T07:27:29+00:00","dateModified":"2025-08-14T08:01:21+00:00","description":"\u00bfDisfrutas de la videollamada Omegle? \u00a1\u00danete a m\u00e1s de 50.000.000 de desconocidos en TinyChat! Enciende tu c\u00e1mara y empieza a conocer gente nueva o a encontrar pareja.","breadcrumb":{"@id":"https:\/\/tinychat.com\/omegle-video-call\/#breadcrumb"},"inLanguage":"es","potentialAction":[{"@type":"ReadAction","target":["https:\/\/tinychat.com\/omegle-video-call\/"]}]},{"@type":"BreadcrumbList","@id":"https:\/\/tinychat.com\/omegle-video-call\/#breadcrumb","itemListElement":[{"@type":"ListItem","position":1,"name":"Home","item":"https:\/\/tinychat.com\/"},{"@type":"ListItem","position":2,"name":"Omegle Video Call"}]},{"@type":"WebSite","@id":"https:\/\/tinychat.com\/#website","url":"https:\/\/tinychat.com\/","name":"TinyChat","description":"Videochat aleatorio con desconocidos","publisher":{"@id":"https:\/\/tinychat.com\/#organization"},"alternateName":"TinyChat.com","potentialAction":[{"@type":"SearchAction","target":{"@type":"EntryPoint","urlTemplate":"https:\/\/tinychat.com\/?s={search_term_string}"},"query-input":{"@type":"PropertyValueSpecification","valueRequired":true,"valueName":"search_term_string"}}],"inLanguage":"es"},{"@type":"Organization","@id":"https:\/\/tinychat.com\/#organization","name":"TinyChat","alternateName":"TinyChat.com","url":"https:\/\/tinychat.com\/","logo":{"@type":"ImageObject","inLanguage":"es","@id":"https:\/\/tinychat.com\/#\/schema\/logo\/image\/","url":"https:\/\/tinychat.com\/wp-content\/uploads\/2023\/11\/Tinychat-icon-square.png","contentUrl":"https:\/\/tinychat.com\/wp-content\/uploads\/2023\/11\/Tinychat-icon-square.png","width":284,"height":284,"caption":"TinyChat"},"image":{"@id":"https:\/\/tinychat.com\/#\/schema\/logo\/image\/"},"sameAs":["https:\/\/www.facebook.com\/tinychat","https:\/\/x.com\/tinychat"]}]}},"_links":{"self":[{"href":"https:\/\/tinychat.com\/es\/wp-json\/wp\/v2\/pages\/4158","targetHints":{"allow":["GET"]}}],"collection":[{"href":"https:\/\/tinychat.com\/es\/wp-json\/wp\/v2\/pages"}],"about":[{"href":"https:\/\/tinychat.com\/es\/wp-json\/wp\/v2\/types\/page"}],"author":[{"embeddable":true,"href":"https:\/\/tinychat.com\/es\/wp-json\/wp\/v2\/users\/8"}],"replies":[{"embeddable":true,"href":"https:\/\/tinychat.com\/es\/wp-json\/wp\/v2\/comments?post=4158"}],"version-history":[{"count":3,"href":"https:\/\/tinychat.com\/es\/wp-json\/wp\/v2\/pages\/4158\/revisions"}],"predecessor-version":[{"id":13446,"href":"https:\/\/tinychat.com\/es\/wp-json\/wp\/v2\/pages\/4158\/revisions\/13446"}],"wp:attachment":[{"href":"https:\/\/tinychat.com\/es\/wp-json\/wp\/v2\/media?parent=4158"}],"curies":[{"name":"wp","href":"https:\/\/api.w.org\/{rel}","templated":true}]}}