{"id":4175,"date":"2021-05-23T18:10:09","date_gmt":"2021-05-23T16:10:09","guid":{"rendered":"https:\/\/tinychat.com\/?page_id=4175"},"modified":"2025-07-21T11:54:59","modified_gmt":"2025-07-21T09:54:59","slug":"omegle-video-chat","status":"publish","type":"page","link":"https:\/\/tinychat.com\/es\/omegle-video-chat\/","title":{"rendered":"Videochat Omegle"},"content":{"rendered":"<p>Cuando se trata de conversaciones en l\u00ednea espont\u00e1neas, emocionantes y verdaderamente aleatorias, el videochat de Omegle es donde empez\u00f3 todo. Durante m\u00e1s de una d\u00e9cada, Omegle ha sido la plataforma de referencia para cualquiera que quiera conocer gente nueva sin salir de casa. Tanto si quieres hacer amigos, re\u00edrte un rato, ligar un poco o simplemente satisfacer tu curiosidad, el exclusivo videochat aleatorio de Omegle tiene algo que ofrecer a todo el mundo.<\/p>\n<p>Veamos por qu\u00e9 Omegle es tan popular, c\u00f3mo funciona y c\u00f3mo sacar el m\u00e1ximo partido a tu pr\u00f3xima sesi\u00f3n de videochat.<\/p>\n<h2>\u00bfQu\u00e9 es el chat de v\u00eddeo Omegle?<\/h2>\n<p>En esencia, el videochat Omegle es una idea sencilla pero brillante: conectar a dos desconocidos, en cualquier parte del mundo, para mantener una conversaci\u00f3n de v\u00eddeo (o texto) en directo. No hay perfiles, ni biograf\u00edas, ni fotos que subir, ni largos formularios de registro. S\u00f3lo tienes que pulsar \"V\u00eddeo\" y al instante estar\u00e1s cara a cara con alguien nuevo.<\/p>\n<p>Omegle le permite:<\/p>\n<ul>\n<li>Inicie una videoconferencia Omegle gratuita con un solo clic, sin necesidad de registrarse<\/li>\n<li>Chatea de forma an\u00f3nima, con un apodo o sin nombre<\/li>\n<li>Conocer a gente de todos los pa\u00edses y condiciones sociales<\/li>\n<li>Utiliza etiquetas de intereses para encontrar a m\u00e1s desconocidos afines<\/li>\n<\/ul>\n<p>Tanto si eres una mariposa social como si simplemente sientes curiosidad por saber a qui\u00e9n puedes conocer, el emparejamiento aleatorio de Omegle convierte cada sesi\u00f3n en una sorpresa.<\/p>\n<h2>\u00bfPor qu\u00e9 probar el chat de v\u00eddeo aleatorio en Omegle?<\/h2>\n<p>\u00bfQu\u00e9 diferencia a Omegle de las redes sociales o las aplicaciones de citas? Se trata de:<\/p>\n<ul>\n<li>Conexiones instant\u00e1neas y en tiempo real: Sin pases ni esperas: entra y empieza a chatear.<\/li>\n<li>Anonimato total: No necesitas compartir tu identidad, lo que facilita que seas abierto y aut\u00e9ntico.<\/li>\n<li>Alcance mundial: Conoce a gente de todo el mundo, a cualquier hora del d\u00eda o de la noche.<\/li>\n<li>Sin presiones: \u00bfNo te gusta el ambiente? Haz clic en \"Stop\" o \"Siguiente\" y conoce a alguien nuevo.<\/li>\n<li>Pura variedad: Cada conversaci\u00f3n es diferente: nunca sabes si encontrar\u00e1s un amigo, un flechazo o simplemente una historia interesante.<\/li>\n<\/ul>\n<p>\"He hecho amigos de cuatro continentes diferentes utilizando el videochat Omegle. Nunca sabes qui\u00e9n ser\u00e1 el siguiente, \u00a1y eso es la mitad de la diversi\u00f3n!\".<\/p>\n<h2>\u00bfC\u00f3mo funciona el videochat gratuito Omegle?<\/h2>\n<p>Es superf\u00e1cil, incluso si no lo has probado nunca:<\/p>\n<ol>\n<li>Vaya a la p\u00e1gina de inicio de Omegle.<\/li>\n<li>Elige \"V\u00eddeo\" para iniciar un chat de v\u00eddeo en directo, o \"Texto\" si prefieres escribir.<\/li>\n<li>Permite el acceso a tu c\u00e1mara y micr\u00f3fono.<\/li>\n<li>Si lo deseas, puedes introducir etiquetas de intereses para que te emparejen con personas que comparten tus aficiones.<\/li>\n<li>Haz clic en \"Inicio\" y te conectar\u00e1s al instante con un desconocido cualquiera.<\/li>\n<li>Habla todo el tiempo que quieras y luego haz clic en \"Detener\" o \"Siguiente\" para buscar un nuevo partido.<\/li>\n<\/ol>\n<p>Sin inicio de sesi\u00f3n, sin cuotas y sin necesidad de datos personales. Si lo desea, puede permanecer en el anonimato.<\/p>\n<h2>Caracter\u00edsticas que distinguen al chat de v\u00eddeo Omegle<\/h2>\n<p>La sencillez del Omegle es gran parte de su encanto, pero tambi\u00e9n tiene caracter\u00edsticas que lo distinguen:<\/p>\n<ul>\n<li>Etiquetas de inter\u00e9s: Con\u00e9ctate con gente a la que le gusta lo mismo que a ti: m\u00fasica, pel\u00edculas, deportes o juegos.<\/li>\n<li>Modo esp\u00eda: Observa los chats de los dem\u00e1s o responde a preguntas de forma an\u00f3nima.<\/li>\n<li>No es necesario registrarse: \u00danete al instante: no necesitas perfil, correo electr\u00f3nico ni n\u00famero de tel\u00e9fono.<\/li>\n<li>Disponible en el m\u00f3vil: Utilice el chat de v\u00eddeo Omegle en su tel\u00e9fono o tableta para chatear sobre la marcha.<\/li>\n<li>Texto o v\u00eddeo: \u00bfNo te sientes preparado para la c\u00e1mara? Lim\u00edtate al chat de texto siempre que quieras.<\/li>\n<\/ul>\n<h2>Omegle Video Chat vs. Otras Plataformas<\/h2>\n<table>\n<thead>\n<tr>\n<th>Caracter\u00edstica<\/th>\n<th>Videochat Omegle<\/th>\n<th>Chatroulette<\/th>\n<th>Chatspin<\/th>\n<th>Redes sociales<\/th>\n<\/tr>\n<\/thead>\n<tbody>\n<tr>\n<td>Emparejamiento aleatorio y an\u00f3nimo<\/td>\n<td>\u2705<\/td>\n<td>\u2705<\/td>\n<td>\u2705<\/td>\n<td>\u274c<\/td>\n<\/tr>\n<tr>\n<td>No es necesario inscribirse<\/td>\n<td>\u2705<\/td>\n<td>\u2705<\/td>\n<td>\u2705<\/td>\n<td>\u274c<\/td>\n<\/tr>\n<tr>\n<td>Etiquetas de inter\u00e9s<\/td>\n<td>\u2705<\/td>\n<td>\u274c<\/td>\n<td>\u2705<\/td>\n<td>\u274c<\/td>\n<\/tr>\n<tr>\n<td>Opciones de chat de texto y v\u00eddeo<\/td>\n<td>\u2705<\/td>\n<td>\u2705<\/td>\n<td>\u2705<\/td>\n<td>\u2705<\/td>\n<\/tr>\n<tr>\n<td>Funci\u00f3n \"Siguiente\"\/salto<\/td>\n<td>\u2705<\/td>\n<td>\u2705<\/td>\n<td>\u2705<\/td>\n<td>\u274c<\/td>\n<\/tr>\n<tr>\n<td>Uso gratuito<\/td>\n<td>\u2705<\/td>\n<td>\u2705<\/td>\n<td>\u2705<\/td>\n<td>\u2705\/\u274c<\/td>\n<\/tr>\n<\/tbody>\n<\/table>\n<p>Omegle destaca por su pura sencillez y su comunidad global.<\/p>\n<h2>Seguridad en el chat de v\u00eddeo Omegle<\/h2>\n<p>El videochat aleatorio puede ser muy divertido, pero ten siempre presente tu seguridad:<\/p>\n<ul>\n<li>No compartas tu nombre real, direcci\u00f3n o informaci\u00f3n de contacto.<\/li>\n<li>Utiliza un apodo neutro y evita mostrar objetos o lugares personales ante la c\u00e1mara.<\/li>\n<li>Si una conversaci\u00f3n le resulta inc\u00f3moda, term\u00ednela inmediatamente, sin necesidad de dar explicaciones.<\/li>\n<li>Desconf\u00ede de enlaces sospechosos o solicitudes de fotos privadas.<\/li>\n<li>Utiliza la funci\u00f3n \"denunciar\" de Omegle ante cualquier comportamiento abusivo o inapropiado.<\/li>\n<\/ul>\n<p>La mayor\u00eda de la gente est\u00e1 all\u00ed para divertirse o entablar una conversaci\u00f3n amistosa, pero siempre es inteligente ser precavido.<\/p>\n<h2>\u00bfQui\u00e9n utiliza el chat de v\u00eddeo Omegle?<\/h2>\n<p>Omegle atrae a un p\u00fablico de lo m\u00e1s variopinto:<\/p>\n<ul>\n<li>Adolescentes y estudiantes que buscan conocer gente de otros lugares<\/li>\n<li>Estudiantes de idiomas practican con hablantes nativos<\/li>\n<li>Solteros interesados en flirteo casual o diversi\u00f3n<\/li>\n<li>Nocturnos aburridos en busca de compa\u00f1\u00eda y conversaci\u00f3n<\/li>\n<li>Viajeros curiosos, artistas, m\u00fasicos y casi cualquier persona<\/li>\n<\/ul>\n<p>Sea cual sea tu estado de \u00e1nimo o tu formaci\u00f3n, en Omegle encontrar\u00e1s todo tipo de personalidades.<\/p>\n<h2>Consejos para la mejor experiencia de videoconferencia Omegle<\/h2>\n<ul>\n<li>Sonr\u00eda y sea amable: la primera impresi\u00f3n importa, incluso en Internet.<\/li>\n<li>Utiliza etiquetas de intereses para encontrar personas que compartan tus aficiones o pasiones.<\/li>\n<li>Haga preguntas abiertas para que la conversaci\u00f3n fluya.<\/li>\n<li>No se desanime por charlas cortas o inc\u00f3modas: la pr\u00f3xima podr\u00eda ser inolvidable.<\/li>\n<li>Pruebe diferentes horas del d\u00eda para conocer a gente de todo el mundo.<\/li>\n<\/ul>\n<h2>Cu\u00e1ndo utilizar el chat de v\u00eddeo Omegle<\/h2>\n<ul>\n<li>Cuando est\u00e1s aburrido y quieres conocer a alguien nuevo<\/li>\n<li>Practicar un nuevo idioma en un entorno relajado y real<\/li>\n<li>Para risas espont\u00e1neas, conversaciones profundas o compa\u00f1\u00eda r\u00e1pida<\/li>\n<li>Si siente curiosidad por la vida en otros lugares<\/li>\n<li>Siempre que desee una conexi\u00f3n real y sin guiones, sin filtros ni presiones.<\/li>\n<\/ul>\n<h2>Gratis o de pago: \u00bfhay gato encerrado?<\/h2>\n<p>El videochat de Omegle es totalmente gratuito. No hay suscripciones ni cargos ocultos. Algunos sitios de terceros ofrecen servicios de chat \"premium\", pero todo lo que necesitas para vivir una aut\u00e9ntica experiencia Omegle es gratis, siempre.<\/p>\n<p>El videochat Omegle sigue siendo una de las mejores formas de conocer a desconocidos, hacer amigos y disfrutar de conversaciones espont\u00e1neas en tiempo real desde cualquier lugar del mundo. Con solo una c\u00e1mara web y un clic, puedes descubrir historias, culturas, amistades y, tal vez, incluso un poco de romance, sin necesidad de registrarte, sin complicaciones y sin l\u00edmites.<\/p>\n<p>\u00bfPor qu\u00e9 no lo prueba? Su pr\u00f3xima conversaci\u00f3n favorita podr\u00eda estar a s\u00f3lo un Omegle videochat de distancia.<\/p>","protected":false},"excerpt":{"rendered":"<p>When it comes to spontaneous, exciting, and truly random online conversations, Omegle video chat is where it all began. For over a decade, Omegle has been the go-to platform for anyone who wants to meet new people without leaving home. Whether you\u2019re looking to make friends, have a laugh, flirt a little, or just satisfy [&hellip;]<\/p>\n","protected":false},"author":8,"featured_media":0,"parent":0,"menu_order":0,"comment_status":"closed","ping_status":"closed","template":"","meta":{"footnotes":""},"class_list":["post-4175","page","type-page","status-publish","hentry"],"yoast_head":"<!-- This site is optimized with the Yoast SEO plugin v27.4 - https:\/\/yoast.com\/product\/yoast-seo-wordpress\/ -->\n<title>Omegle Video Chat with Video Chat on TinyChat.com<\/title>\n<meta name=\"description\" content=\"Enjoying Omegle Video Chat? Join over 50,000,000 strangers on TinyChat! Turn on your cam and start meeting new people, or find a match.\" \/>\n<meta name=\"robots\" content=\"index, follow, max-snippet:-1, max-image-preview:large, max-video-preview:-1\" \/>\n<link rel=\"canonical\" href=\"https:\/\/tinychat.com\/es\/omegle-video-chat\/\" \/>\n<meta property=\"og:locale\" content=\"es_ES\" \/>\n<meta property=\"og:type\" content=\"article\" \/>\n<meta property=\"og:title\" content=\"Omegle Video Chat with Video Chat on TinyChat.com\" \/>\n<meta property=\"og:description\" content=\"Enjoying Omegle Video Chat? Join over 50,000,000 strangers on TinyChat! Turn on your cam and start meeting new people, or find a match.\" \/>\n<meta property=\"og:url\" content=\"https:\/\/tinychat.com\/es\/omegle-video-chat\/\" \/>\n<meta property=\"og:site_name\" content=\"TinyChat\" \/>\n<meta property=\"article:publisher\" content=\"https:\/\/www.facebook.com\/tinychat\" \/>\n<meta property=\"article:modified_time\" content=\"2025-07-21T09:54:59+00:00\" \/>\n<meta property=\"og:image\" content=\"https:\/\/tinychat.com\/wp-content\/uploads\/2020\/04\/Tinychat-logo-1280x284-new-black.png\" \/>\n\t<meta property=\"og:image:width\" content=\"1280\" \/>\n\t<meta property=\"og:image:height\" content=\"284\" \/>\n\t<meta property=\"og:image:type\" content=\"image\/png\" \/>\n<meta name=\"twitter:card\" content=\"summary_large_image\" \/>\n<meta name=\"twitter:site\" content=\"@tinychat\" \/>\n<meta name=\"twitter:label1\" content=\"Tiempo de lectura\" \/>\n\t<meta name=\"twitter:data1\" content=\"5 minutos\" \/>\n<script type=\"application\/ld+json\" class=\"yoast-schema-graph\">{\"@context\":\"https:\\\/\\\/schema.org\",\"@graph\":[{\"@type\":\"WebPage\",\"@id\":\"https:\\\/\\\/tinychat.com\\\/omegle-video-chat\\\/\",\"url\":\"https:\\\/\\\/tinychat.com\\\/omegle-video-chat\\\/\",\"name\":\"Omegle Video Chat with Video Chat on TinyChat.com\",\"isPartOf\":{\"@id\":\"https:\\\/\\\/tinychat.com\\\/#website\"},\"datePublished\":\"2021-05-23T16:10:09+00:00\",\"dateModified\":\"2025-07-21T09:54:59+00:00\",\"description\":\"Enjoying Omegle Video Chat? Join over 50,000,000 strangers on TinyChat! Turn on your cam and start meeting new people, or find a match.\",\"breadcrumb\":{\"@id\":\"https:\\\/\\\/tinychat.com\\\/omegle-video-chat\\\/#breadcrumb\"},\"inLanguage\":\"es\",\"potentialAction\":[{\"@type\":\"ReadAction\",\"target\":[\"https:\\\/\\\/tinychat.com\\\/omegle-video-chat\\\/\"]}]},{\"@type\":\"BreadcrumbList\",\"@id\":\"https:\\\/\\\/tinychat.com\\\/omegle-video-chat\\\/#breadcrumb\",\"itemListElement\":[{\"@type\":\"ListItem\",\"position\":1,\"name\":\"Home\",\"item\":\"https:\\\/\\\/tinychat.com\\\/\"},{\"@type\":\"ListItem\",\"position\":2,\"name\":\"Omegle Video Chat\"}]},{\"@type\":\"WebSite\",\"@id\":\"https:\\\/\\\/tinychat.com\\\/#website\",\"url\":\"https:\\\/\\\/tinychat.com\\\/\",\"name\":\"TinyChat\",\"description\":\"Random Video Chat with Strangers\",\"publisher\":{\"@id\":\"https:\\\/\\\/tinychat.com\\\/#organization\"},\"alternateName\":\"TinyChat.com\",\"potentialAction\":[{\"@type\":\"SearchAction\",\"target\":{\"@type\":\"EntryPoint\",\"urlTemplate\":\"https:\\\/\\\/tinychat.com\\\/?s={search_term_string}\"},\"query-input\":{\"@type\":\"PropertyValueSpecification\",\"valueRequired\":true,\"valueName\":\"search_term_string\"}}],\"inLanguage\":\"es\"},{\"@type\":\"Organization\",\"@id\":\"https:\\\/\\\/tinychat.com\\\/#organization\",\"name\":\"TinyChat\",\"alternateName\":\"TinyChat.com\",\"url\":\"https:\\\/\\\/tinychat.com\\\/\",\"logo\":{\"@type\":\"ImageObject\",\"inLanguage\":\"es\",\"@id\":\"https:\\\/\\\/tinychat.com\\\/#\\\/schema\\\/logo\\\/image\\\/\",\"url\":\"https:\\\/\\\/tinychat.com\\\/wp-content\\\/uploads\\\/2023\\\/11\\\/Tinychat-icon-square.png\",\"contentUrl\":\"https:\\\/\\\/tinychat.com\\\/wp-content\\\/uploads\\\/2023\\\/11\\\/Tinychat-icon-square.png\",\"width\":284,\"height\":284,\"caption\":\"TinyChat\"},\"image\":{\"@id\":\"https:\\\/\\\/tinychat.com\\\/#\\\/schema\\\/logo\\\/image\\\/\"},\"sameAs\":[\"https:\\\/\\\/www.facebook.com\\\/tinychat\",\"https:\\\/\\\/x.com\\\/tinychat\"]}]}<\/script>\n<!-- \/ Yoast SEO plugin. -->","yoast_head_json":{"title":"Omegle Video Chat con Video Chat en TinyChat.com","description":"\u00bfDisfrutas del Videochat Omegle? \u00a1\u00danete a m\u00e1s de 50.000.000 de desconocidos en TinyChat! Enciende tu c\u00e1mara y empieza a conocer gente nueva, o encuentra una pareja.","robots":{"index":"index","follow":"follow","max-snippet":"max-snippet:-1","max-image-preview":"max-image-preview:large","max-video-preview":"max-video-preview:-1"},"canonical":"https:\/\/tinychat.com\/es\/omegle-video-chat\/","og_locale":"es_ES","og_type":"article","og_title":"Omegle Video Chat with Video Chat on TinyChat.com","og_description":"Enjoying Omegle Video Chat? Join over 50,000,000 strangers on TinyChat! Turn on your cam and start meeting new people, or find a match.","og_url":"https:\/\/tinychat.com\/es\/omegle-video-chat\/","og_site_name":"TinyChat","article_publisher":"https:\/\/www.facebook.com\/tinychat","article_modified_time":"2025-07-21T09:54:59+00:00","og_image":[{"width":1280,"height":284,"url":"https:\/\/tinychat.com\/wp-content\/uploads\/2020\/04\/Tinychat-logo-1280x284-new-black.png","type":"image\/png"}],"twitter_card":"summary_large_image","twitter_site":"@tinychat","twitter_misc":{"Tiempo de lectura":"5 minutos"},"schema":{"@context":"https:\/\/schema.org","@graph":[{"@type":"WebPage","@id":"https:\/\/tinychat.com\/omegle-video-chat\/","url":"https:\/\/tinychat.com\/omegle-video-chat\/","name":"Omegle Video Chat con Video Chat en TinyChat.com","isPartOf":{"@id":"https:\/\/tinychat.com\/#website"},"datePublished":"2021-05-23T16:10:09+00:00","dateModified":"2025-07-21T09:54:59+00:00","description":"\u00bfDisfrutas del Videochat Omegle? \u00a1\u00danete a m\u00e1s de 50.000.000 de desconocidos en TinyChat! Enciende tu c\u00e1mara y empieza a conocer gente nueva, o encuentra una pareja.","breadcrumb":{"@id":"https:\/\/tinychat.com\/omegle-video-chat\/#breadcrumb"},"inLanguage":"es","potentialAction":[{"@type":"ReadAction","target":["https:\/\/tinychat.com\/omegle-video-chat\/"]}]},{"@type":"BreadcrumbList","@id":"https:\/\/tinychat.com\/omegle-video-chat\/#breadcrumb","itemListElement":[{"@type":"ListItem","position":1,"name":"Home","item":"https:\/\/tinychat.com\/"},{"@type":"ListItem","position":2,"name":"Omegle Video Chat"}]},{"@type":"WebSite","@id":"https:\/\/tinychat.com\/#website","url":"https:\/\/tinychat.com\/","name":"TinyChat","description":"Videochat aleatorio con desconocidos","publisher":{"@id":"https:\/\/tinychat.com\/#organization"},"alternateName":"TinyChat.com","potentialAction":[{"@type":"SearchAction","target":{"@type":"EntryPoint","urlTemplate":"https:\/\/tinychat.com\/?s={search_term_string}"},"query-input":{"@type":"PropertyValueSpecification","valueRequired":true,"valueName":"search_term_string"}}],"inLanguage":"es"},{"@type":"Organization","@id":"https:\/\/tinychat.com\/#organization","name":"TinyChat","alternateName":"TinyChat.com","url":"https:\/\/tinychat.com\/","logo":{"@type":"ImageObject","inLanguage":"es","@id":"https:\/\/tinychat.com\/#\/schema\/logo\/image\/","url":"https:\/\/tinychat.com\/wp-content\/uploads\/2023\/11\/Tinychat-icon-square.png","contentUrl":"https:\/\/tinychat.com\/wp-content\/uploads\/2023\/11\/Tinychat-icon-square.png","width":284,"height":284,"caption":"TinyChat"},"image":{"@id":"https:\/\/tinychat.com\/#\/schema\/logo\/image\/"},"sameAs":["https:\/\/www.facebook.com\/tinychat","https:\/\/x.com\/tinychat"]}]}},"_links":{"self":[{"href":"https:\/\/tinychat.com\/es\/wp-json\/wp\/v2\/pages\/4175","targetHints":{"allow":["GET"]}}],"collection":[{"href":"https:\/\/tinychat.com\/es\/wp-json\/wp\/v2\/pages"}],"about":[{"href":"https:\/\/tinychat.com\/es\/wp-json\/wp\/v2\/types\/page"}],"author":[{"embeddable":true,"href":"https:\/\/tinychat.com\/es\/wp-json\/wp\/v2\/users\/8"}],"replies":[{"embeddable":true,"href":"https:\/\/tinychat.com\/es\/wp-json\/wp\/v2\/comments?post=4175"}],"version-history":[{"count":3,"href":"https:\/\/tinychat.com\/es\/wp-json\/wp\/v2\/pages\/4175\/revisions"}],"predecessor-version":[{"id":13333,"href":"https:\/\/tinychat.com\/es\/wp-json\/wp\/v2\/pages\/4175\/revisions\/13333"}],"wp:attachment":[{"href":"https:\/\/tinychat.com\/es\/wp-json\/wp\/v2\/media?parent=4175"}],"curies":[{"name":"wp","href":"https:\/\/api.w.org\/{rel}","templated":true}]}}