{"id":4831,"date":"2025-09-03T08:00:01","date_gmt":"2025-09-03T06:00:01","guid":{"rendered":"https:\/\/tinychat.com\/?page_id=4831"},"modified":"2025-09-03T12:22:10","modified_gmt":"2025-09-03T10:22:10","slug":"free-random-chat-with-girls","status":"publish","type":"page","link":"https:\/\/tinychat.com\/es\/free-random-chat-with-girls\/","title":{"rendered":"Chat aleatorio gratis con chicas"},"content":{"rendered":"<p>Cuando est\u00e1s en l\u00ednea en busca de conocer a alguien nuevo, hay algo emocionante acerca de la conexi\u00f3n cara a cara en tiempo real. Ah\u00ed es donde entra en juego el chat gratis con chicas al azar. En lugar de deslizarte por perfiles interminables o esperar mensajes en aplicaciones de citas, puedes hacer clic en un bot\u00f3n e iniciar al instante una conversaci\u00f3n en directo con una mujer en alg\u00fan lugar del mundo.<\/p>\n<p>Es r\u00e1pido, espont\u00e1neo y, lo mejor de todo, completamente gratis. Si usted est\u00e1 esperando para el chat casual, nuevas amistades, o la diversi\u00f3n coqueta, chat al azar con las ni\u00f1as en l\u00ednea hace que sea f\u00e1cil de conectar sin compromiso.<\/p>\n<h2>\u00bfQu\u00e9 es el chat aleatorio gratis con chicas?<\/h2>\n<p>En esencia, el chat aleatorio gratis con chicas es un servicio en l\u00ednea que te permite conectar instant\u00e1neamente con mujeres a trav\u00e9s de v\u00eddeo, texto o audio. La parte \"aleatoria\" significa que nunca sabes con qui\u00e9n te vas a encontrar, puede ser alguien de tu ciudad o del otro lado del mundo.<\/p>\n<p>A diferencia de las aplicaciones de citas tradicionales, que exigen biograf\u00edas, fotos y largos tiempos de espera, las plataformas de chat aleatorio buscan la emoci\u00f3n de la inmediatez:<\/p>\n<ul>\n<li>Haz clic y conecta - Empar\u00e9jate al instante con una chica online.<\/li>\n<li>Sin coste: muchas plataformas te permiten chatear gratis.<\/li>\n<li>Opciones de anonimato: mantente en privado o utiliza un apodo hasta que est\u00e9s preparado para compartir m\u00e1s.<\/li>\n<li>Flexibilidad - Cambie entre texto, audio y v\u00eddeo en funci\u00f3n de su nivel de comodidad.<\/li>\n<\/ul>\n<p>Este tipo de conversaci\u00f3n es m\u00e1s aut\u00e9ntica porque no est\u00e1 guionizada: se conoce a gente real en el momento.<\/p>\n<h2>\u00bfPor qu\u00e9 probar el videochat aleatorio con chicas en l\u00ednea?<\/h2>\n<p>Entonces, \u00bfpor qu\u00e9 tanta gente busca espec\u00edficamente formas de chatear con chicas al azar en l\u00ednea de forma gratuita? Aqu\u00ed est\u00e1n algunas de las razones m\u00e1s importantes:<\/p>\n<ul>\n<li>Interacci\u00f3n instant\u00e1nea: no necesitas dedicar tiempo a crear un perfil ni esperar respuestas.<\/li>\n<li>Conexiones aut\u00e9nticas: el v\u00eddeo en directo hace que las conversaciones parezcan reales, no escenificadas.<\/li>\n<li>Experiencias diversas - Cada charla es diferente; una puede ser tonta, otra profunda, otra coqueta.<\/li>\n<li>Baja presi\u00f3n: si no te apetece, dale a \"siguiente\" y sigue adelante.<\/li>\n<li>Oportunidad de romance - Muchas amistades y relaciones han comenzado en sitios de chat aleatorios.<\/li>\n<\/ul>\n<blockquote><p>\"Prob\u00e9 un chat de c\u00e1mara aleatorio gratuito con chicas solo por diversi\u00f3n, pero termin\u00e9 conociendo a alguien con quien he estado hablando durante meses. Nunca sabes lo que va a pasar cuando haces clic en 'Empezar'\".<\/p><\/blockquote>\n<h2>C\u00f3mo funciona el chat aleatorio gratis con chicas<\/h2>\n<p>Empezar es incre\u00edblemente sencillo:<\/p>\n<ol>\n<li>Elige una plataforma - Elige un sitio de chat aleatorio gratuito o una aplicaci\u00f3n que ofrezca filtros de g\u00e9nero.<\/li>\n<li>Enciende la c\u00e1mara y el micr\u00f3fono - O empieza con un chat de texto si lo prefieres.<\/li>\n<li>Haz clic en conectar - El sistema te empareja instant\u00e1neamente con una chica al azar en l\u00ednea.<\/li>\n<li>Charlen, r\u00edanse y vean ad\u00f3nde va la cosa: qu\u00e9dense todo el tiempo que ambos quieran.<\/li>\n<li>Salta cuando est\u00e9s listo - Si la conversaci\u00f3n no est\u00e1 cuajando, pulsa \"siguiente\" para conocer a alguien nuevo.<\/li>\n<\/ol>\n<p>La mayor\u00eda de las plataformas se basan en navegadores, pero muchas tambi\u00e9n tienen aplicaciones m\u00f3viles para chatear sobre la marcha.<\/p>\n<h2>Mejores plataformas para chat aleatorio gratis con chicas<\/h2>\n<p>Aqu\u00ed tienes algunas de las opciones m\u00e1s populares y fiables si est\u00e1s dispuesto a probarlo por ti mismo:<\/p>\n<ul>\n<li>CooMeet - Dise\u00f1ado espec\u00edficamente para chatear con mujeres; todas las usuarias est\u00e1n verificadas.<\/li>\n<li>LuckyCrush - Empareja hombres con mujeres de todo el mundo al instante.<\/li>\n<li>Chatspin - Ofrece videochat aleatorio gratuito con filtros de g\u00e9nero opcionales.<\/li>\n<li>Chatrandom - Incluye un modo de chat \"s\u00f3lo para chicas\" y salas tem\u00e1ticas.<\/li>\n<li>TinyChat - Una plataforma m\u00e1s comunitaria con salas de grupo y privadas.<\/li>\n<li>Bazoocam - Videochat aleatorio sencillo y r\u00e1pido, popular en Europa.<\/li>\n<\/ul>\n<h2>Chat aleatorio gratis con chicas vs. Chat aleatorio normal<\/h2>\n<p>\u00bfCu\u00e1l es la diferencia entre un chat aleatorio general y uno centrado en conectar con chicas?<\/p>\n<table>\n<thead>\n<tr>\n<th>Caracter\u00edstica<\/th>\n<th>Chat aleatorio general<\/th>\n<th>Chat aleatorio gratis con chicas<\/th>\n<\/tr>\n<\/thead>\n<tbody>\n<tr>\n<td>Filtros de g\u00e9nero<\/td>\n<td>\u274c Limitada<\/td>\n<td>\u2705 S\u00ed (s\u00f3lo chicas)<\/td>\n<\/tr>\n<tr>\n<td>Experiencia centrada<\/td>\n<td>\u274c Mixto<\/td>\n<td>\u2705 M\u00e1s espec\u00edficos<\/td>\n<\/tr>\n<tr>\n<td>Ambiente informal o coqueto<\/td>\n<td>\u26a0\ufe0f Mixto<\/td>\n<td>\u2705 A menudo coqueta o sociable<\/td>\n<\/tr>\n<tr>\n<td>Plataformas populares<\/td>\n<td>Omegle, Chatroulette<\/td>\n<td>CooMeet, LuckyCrush, Chatspin<\/td>\n<\/tr>\n<\/tbody>\n<\/table>\n<p>Si lo que buscas es conectar espec\u00edficamente con mujeres, utilizar una plataforma que ofrezca filtrado por g\u00e9nero te ahorrar\u00e1 tiempo y frustraciones.<\/p>\n<h2>C\u00f3mo chatear con chicas en Internet sin correr riesgos<\/h2>\n<p>Aunque la mayor\u00eda de la gente es amable y genuina, siempre hay que tener en cuenta la seguridad:<\/p>\n<ul>\n<li>Mant\u00e9n el anonimato al principio: no compartas tus datos personales de inmediato.<\/li>\n<li>Ten cuidado con la c\u00e1mara: mant\u00e9n un fondo neutro.<\/li>\n<li>Respeta los l\u00edmites - Trata a la gente como te gustar\u00eda que te trataran a ti.<\/li>\n<li>Evita compartir enlaces o archivos - Lim\u00edtate a chatear dentro de la plataforma.<\/li>\n<li>Denuncia a los usuarios inapropiados: las buenas plataformas disponen de herramientas de denuncia, util\u00edzalas.<\/li>\n<\/ul>\n<p>La seguridad garantiza una experiencia divertida y sin preocupaciones.<\/p>\n<h2>Por qu\u00e9 las chicas se unen a plataformas de chat aleatorias<\/h2>\n<p>Te preguntar\u00e1s: \u00bfpor qu\u00e9 hay tantas mujeres en Internet que buscan chatear con desconocidos? Las razones son tan variadas como las personas que conocer\u00e1s:<\/p>\n<ul>\n<li>En busca de diversi\u00f3n y risas durante el tiempo libre.<\/li>\n<li>Curiosidad por conocer gente de otros pa\u00edses.<\/li>\n<li>Amistad y conexi\u00f3n, especialmente si trabajan o estudian a distancia.<\/li>\n<li>Pr\u00e1cticas ling\u00fc\u00edsticas con hablantes nativos.<\/li>\n<li>Coqueteo u oportunidades de citas casuales.<\/li>\n<\/ul>\n<p>Saber esto facilita abordar cada charla con franqueza y respeto.<\/p>\n<h2>Consejos para un buen chat aleatorio con chicas<\/h2>\n<p>\u00bfQuieres destacar y hacer m\u00e1s amenas las conversaciones? Prueba con esto:<\/p>\n<ul>\n<li>Empieza con una sonrisa: una actitud amistosa ayuda a romper el hielo.<\/li>\n<li>Haz preguntas - Muestra aut\u00e9ntica curiosidad por su vida o sus intereses.<\/li>\n<li>Que sea ligero: el humor suele funcionar mejor que los temas pesados al principio.<\/li>\n<li>Respeta su ritmo: si no se siente c\u00f3moda con el v\u00eddeo, lim\u00edtate al texto o al audio.<\/li>\n<li>Prep\u00e1rate para saltar educadamente - No todas las parejas encajar\u00e1n, y no pasa nada.<\/li>\n<\/ul>\n<h2>Beneficios del chat aleatorio gratis con chicas<\/h2>\n<p>La mezcla de accesibilidad y variedad hace atractivo este tipo de chat:<\/p>\n<ul>\n<li>Sin costes - Muchos servicios te permiten chatear gratis.<\/li>\n<li>Sin presiones - No est\u00e1s atado si el chat no funciona.<\/li>\n<li>Variedad de personas - Conoce a mujeres de diferentes culturas, intereses y or\u00edgenes.<\/li>\n<li>Posibilidad de conexi\u00f3n - Desde risas breves hasta amistades duraderas, todo puede suceder.<\/li>\n<li>Disponibilidad 24 horas al d\u00eda, 7 d\u00edas a la semana: alguien, en alg\u00fan lugar, siempre est\u00e1 conectado.<\/li>\n<\/ul>\n<h2>Cuando Usar Video Chat Con Chicas Al Azar<\/h2>\n<p>No hay mal momento para probarlo, pero es especialmente bueno para:<\/p>\n<ul>\n<li>Aburrimiento nocturno cuando quieres compa\u00f1\u00eda.<\/li>\n<li>Viajando y buscando conocer gente local virtualmente.<\/li>\n<li>Practicar conversaciones triviales o un nuevo idioma.<\/li>\n<li>Coquetear y ver si saltan chispas.<\/li>\n<li>Ampliar su c\u00edrculo social sin presiones.<\/li>\n<\/ul>\n<h2>Reflexiones finales<\/h2>\n<p>El chat aleatorio gratis con chicas es una de las formas m\u00e1s emocionantes de conocer gente nueva en Internet. Es espont\u00e1neo, flexible y lleno de variedad: nunca sabes si tu pr\u00f3ximo chat ser\u00e1 de cinco minutos divertidos, un intercambio cultural interesante o el comienzo de una conexi\u00f3n m\u00e1s profunda.<\/p>\n<p>\u00bfY lo mejor? No cuesta nada probarlo. Con plataformas que ofrecen acceso gratuito e instant\u00e1neo, todo lo que necesitas es curiosidad y un clic.<\/p>\n<p>As\u00ed que si est\u00e1s listo para conocer a alguien nuevo, salta a un chat de c\u00e1mara aleatorio gratis con chicas hoy mismo; puede que te sorprenda qui\u00e9n est\u00e1 esperando para hablar contigo.<\/p>","protected":false},"excerpt":{"rendered":"<p>When you\u2019re online looking to meet someone new, there\u2019s something exciting about connecting face-to-face in real time. That\u2019s where free random chat with girls comes in. Instead of swiping through endless profiles or waiting for messages on dating apps, you can click one button and instantly start a live conversation with a woman somewhere in [&hellip;]<\/p>\n","protected":false},"author":8,"featured_media":0,"parent":0,"menu_order":0,"comment_status":"closed","ping_status":"closed","template":"","meta":{"footnotes":""},"class_list":["post-4831","page","type-page","status-publish","hentry"],"yoast_head":"<!-- This site is optimized with the Yoast SEO plugin v27.4 - https:\/\/yoast.com\/product\/yoast-seo-wordpress\/ -->\n<title>Free Random Chat With Girls on TinyChat.com<\/title>\n<meta name=\"description\" content=\"Enjoying Free Random Chat With Girls? Join over 50,000,000 strangers on TinyChat! Turn on your cam and start meeting new people, or find a match.\" \/>\n<meta name=\"robots\" content=\"index, follow, max-snippet:-1, max-image-preview:large, max-video-preview:-1\" \/>\n<link rel=\"canonical\" href=\"https:\/\/tinychat.com\/es\/free-random-chat-with-girls\/\" \/>\n<meta property=\"og:locale\" content=\"es_ES\" \/>\n<meta property=\"og:type\" content=\"article\" \/>\n<meta property=\"og:title\" content=\"Free Random Chat With Girls on TinyChat.com\" \/>\n<meta property=\"og:description\" content=\"Enjoying Free Random Chat With Girls? Join over 50,000,000 strangers on TinyChat! Turn on your cam and start meeting new people, or find a match.\" \/>\n<meta property=\"og:url\" content=\"https:\/\/tinychat.com\/es\/free-random-chat-with-girls\/\" \/>\n<meta property=\"og:site_name\" content=\"TinyChat\" \/>\n<meta property=\"article:publisher\" content=\"https:\/\/www.facebook.com\/tinychat\" \/>\n<meta property=\"article:modified_time\" content=\"2025-09-03T10:22:10+00:00\" \/>\n<meta property=\"og:image\" content=\"https:\/\/tinychat.com\/wp-content\/uploads\/2020\/04\/Tinychat-logo-1280x284-new-black.png\" \/>\n\t<meta property=\"og:image:width\" content=\"1280\" \/>\n\t<meta property=\"og:image:height\" content=\"284\" \/>\n\t<meta property=\"og:image:type\" content=\"image\/png\" \/>\n<meta name=\"twitter:card\" content=\"summary_large_image\" \/>\n<meta name=\"twitter:site\" content=\"@tinychat\" \/>\n<meta name=\"twitter:label1\" content=\"Tiempo de lectura\" \/>\n\t<meta name=\"twitter:data1\" content=\"5 minutos\" \/>\n<script type=\"application\/ld+json\" class=\"yoast-schema-graph\">{\"@context\":\"https:\\\/\\\/schema.org\",\"@graph\":[{\"@type\":\"WebPage\",\"@id\":\"https:\\\/\\\/tinychat.com\\\/free-random-chat-with-girls\\\/\",\"url\":\"https:\\\/\\\/tinychat.com\\\/free-random-chat-with-girls\\\/\",\"name\":\"Free Random Chat With Girls on TinyChat.com\",\"isPartOf\":{\"@id\":\"https:\\\/\\\/tinychat.com\\\/#website\"},\"datePublished\":\"2025-09-03T06:00:01+00:00\",\"dateModified\":\"2025-09-03T10:22:10+00:00\",\"description\":\"Enjoying Free Random Chat With Girls? Join over 50,000,000 strangers on TinyChat! Turn on your cam and start meeting new people, or find a match.\",\"breadcrumb\":{\"@id\":\"https:\\\/\\\/tinychat.com\\\/free-random-chat-with-girls\\\/#breadcrumb\"},\"inLanguage\":\"es\",\"potentialAction\":[{\"@type\":\"ReadAction\",\"target\":[\"https:\\\/\\\/tinychat.com\\\/free-random-chat-with-girls\\\/\"]}]},{\"@type\":\"BreadcrumbList\",\"@id\":\"https:\\\/\\\/tinychat.com\\\/free-random-chat-with-girls\\\/#breadcrumb\",\"itemListElement\":[{\"@type\":\"ListItem\",\"position\":1,\"name\":\"Home\",\"item\":\"https:\\\/\\\/tinychat.com\\\/\"},{\"@type\":\"ListItem\",\"position\":2,\"name\":\"Free Random Chat With Girls\"}]},{\"@type\":\"WebSite\",\"@id\":\"https:\\\/\\\/tinychat.com\\\/#website\",\"url\":\"https:\\\/\\\/tinychat.com\\\/\",\"name\":\"TinyChat\",\"description\":\"Random Video Chat with Strangers\",\"publisher\":{\"@id\":\"https:\\\/\\\/tinychat.com\\\/#organization\"},\"alternateName\":\"TinyChat.com\",\"potentialAction\":[{\"@type\":\"SearchAction\",\"target\":{\"@type\":\"EntryPoint\",\"urlTemplate\":\"https:\\\/\\\/tinychat.com\\\/?s={search_term_string}\"},\"query-input\":{\"@type\":\"PropertyValueSpecification\",\"valueRequired\":true,\"valueName\":\"search_term_string\"}}],\"inLanguage\":\"es\"},{\"@type\":\"Organization\",\"@id\":\"https:\\\/\\\/tinychat.com\\\/#organization\",\"name\":\"TinyChat\",\"alternateName\":\"TinyChat.com\",\"url\":\"https:\\\/\\\/tinychat.com\\\/\",\"logo\":{\"@type\":\"ImageObject\",\"inLanguage\":\"es\",\"@id\":\"https:\\\/\\\/tinychat.com\\\/#\\\/schema\\\/logo\\\/image\\\/\",\"url\":\"https:\\\/\\\/tinychat.com\\\/wp-content\\\/uploads\\\/2023\\\/11\\\/Tinychat-icon-square.png\",\"contentUrl\":\"https:\\\/\\\/tinychat.com\\\/wp-content\\\/uploads\\\/2023\\\/11\\\/Tinychat-icon-square.png\",\"width\":284,\"height\":284,\"caption\":\"TinyChat\"},\"image\":{\"@id\":\"https:\\\/\\\/tinychat.com\\\/#\\\/schema\\\/logo\\\/image\\\/\"},\"sameAs\":[\"https:\\\/\\\/www.facebook.com\\\/tinychat\",\"https:\\\/\\\/x.com\\\/tinychat\"]}]}<\/script>\n<!-- \/ Yoast SEO plugin. -->","yoast_head_json":{"title":"Chat aleatorio gratis con chicas en TinyChat.com","description":"\u00bfDisfrutas del chat aleatorio gratis con chicas? \u00a1\u00danete a m\u00e1s de 50.000.000 de desconocidos en TinyChat! Enciende tu c\u00e1mara y empieza a conocer gente nueva, o encuentra una pareja.","robots":{"index":"index","follow":"follow","max-snippet":"max-snippet:-1","max-image-preview":"max-image-preview:large","max-video-preview":"max-video-preview:-1"},"canonical":"https:\/\/tinychat.com\/es\/free-random-chat-with-girls\/","og_locale":"es_ES","og_type":"article","og_title":"Free Random Chat With Girls on TinyChat.com","og_description":"Enjoying Free Random Chat With Girls? Join over 50,000,000 strangers on TinyChat! Turn on your cam and start meeting new people, or find a match.","og_url":"https:\/\/tinychat.com\/es\/free-random-chat-with-girls\/","og_site_name":"TinyChat","article_publisher":"https:\/\/www.facebook.com\/tinychat","article_modified_time":"2025-09-03T10:22:10+00:00","og_image":[{"width":1280,"height":284,"url":"https:\/\/tinychat.com\/wp-content\/uploads\/2020\/04\/Tinychat-logo-1280x284-new-black.png","type":"image\/png"}],"twitter_card":"summary_large_image","twitter_site":"@tinychat","twitter_misc":{"Tiempo de lectura":"5 minutos"},"schema":{"@context":"https:\/\/schema.org","@graph":[{"@type":"WebPage","@id":"https:\/\/tinychat.com\/free-random-chat-with-girls\/","url":"https:\/\/tinychat.com\/free-random-chat-with-girls\/","name":"Chat aleatorio gratis con chicas en TinyChat.com","isPartOf":{"@id":"https:\/\/tinychat.com\/#website"},"datePublished":"2025-09-03T06:00:01+00:00","dateModified":"2025-09-03T10:22:10+00:00","description":"\u00bfDisfrutas del chat aleatorio gratis con chicas? \u00a1\u00danete a m\u00e1s de 50.000.000 de desconocidos en TinyChat! Enciende tu c\u00e1mara y empieza a conocer gente nueva, o encuentra una pareja.","breadcrumb":{"@id":"https:\/\/tinychat.com\/free-random-chat-with-girls\/#breadcrumb"},"inLanguage":"es","potentialAction":[{"@type":"ReadAction","target":["https:\/\/tinychat.com\/free-random-chat-with-girls\/"]}]},{"@type":"BreadcrumbList","@id":"https:\/\/tinychat.com\/free-random-chat-with-girls\/#breadcrumb","itemListElement":[{"@type":"ListItem","position":1,"name":"Home","item":"https:\/\/tinychat.com\/"},{"@type":"ListItem","position":2,"name":"Free Random Chat With Girls"}]},{"@type":"WebSite","@id":"https:\/\/tinychat.com\/#website","url":"https:\/\/tinychat.com\/","name":"TinyChat","description":"Videochat aleatorio con desconocidos","publisher":{"@id":"https:\/\/tinychat.com\/#organization"},"alternateName":"TinyChat.com","potentialAction":[{"@type":"SearchAction","target":{"@type":"EntryPoint","urlTemplate":"https:\/\/tinychat.com\/?s={search_term_string}"},"query-input":{"@type":"PropertyValueSpecification","valueRequired":true,"valueName":"search_term_string"}}],"inLanguage":"es"},{"@type":"Organization","@id":"https:\/\/tinychat.com\/#organization","name":"TinyChat","alternateName":"TinyChat.com","url":"https:\/\/tinychat.com\/","logo":{"@type":"ImageObject","inLanguage":"es","@id":"https:\/\/tinychat.com\/#\/schema\/logo\/image\/","url":"https:\/\/tinychat.com\/wp-content\/uploads\/2023\/11\/Tinychat-icon-square.png","contentUrl":"https:\/\/tinychat.com\/wp-content\/uploads\/2023\/11\/Tinychat-icon-square.png","width":284,"height":284,"caption":"TinyChat"},"image":{"@id":"https:\/\/tinychat.com\/#\/schema\/logo\/image\/"},"sameAs":["https:\/\/www.facebook.com\/tinychat","https:\/\/x.com\/tinychat"]}]}},"_links":{"self":[{"href":"https:\/\/tinychat.com\/es\/wp-json\/wp\/v2\/pages\/4831","targetHints":{"allow":["GET"]}}],"collection":[{"href":"https:\/\/tinychat.com\/es\/wp-json\/wp\/v2\/pages"}],"about":[{"href":"https:\/\/tinychat.com\/es\/wp-json\/wp\/v2\/types\/page"}],"author":[{"embeddable":true,"href":"https:\/\/tinychat.com\/es\/wp-json\/wp\/v2\/users\/8"}],"replies":[{"embeddable":true,"href":"https:\/\/tinychat.com\/es\/wp-json\/wp\/v2\/comments?post=4831"}],"version-history":[{"count":4,"href":"https:\/\/tinychat.com\/es\/wp-json\/wp\/v2\/pages\/4831\/revisions"}],"predecessor-version":[{"id":13493,"href":"https:\/\/tinychat.com\/es\/wp-json\/wp\/v2\/pages\/4831\/revisions\/13493"}],"wp:attachment":[{"href":"https:\/\/tinychat.com\/es\/wp-json\/wp\/v2\/media?parent=4831"}],"curies":[{"name":"wp","href":"https:\/\/api.w.org\/{rel}","templated":true}]}}