{"id":4851,"date":"2025-09-10T08:12:50","date_gmt":"2025-09-10T06:12:50","guid":{"rendered":"https:\/\/tinychat.com\/?page_id=4851"},"modified":"2025-09-10T10:36:14","modified_gmt":"2025-09-10T08:36:14","slug":"free-online-chat-rooms-for-everyone","status":"publish","type":"page","link":"https:\/\/tinychat.com\/es\/free-online-chat-rooms-for-everyone\/","title":{"rendered":"Salas de chat en l\u00ednea gratuitas para todos"},"content":{"rendered":"<p>Internet siempre ha sido sin\u00f3nimo de conexi\u00f3n, pero pocas cosas lo captan mejor que las salas de chat en l\u00ednea gratuitas para todo el mundo. Con un solo clic, puedes entrar en una sala virtual llena de gente de todo el mundo, dispuesta a hablar de cualquier cosa y de todo: sin costes, sin barreras y sin presiones.<\/p>\n<p>Las salas de chat siguen siendo una de las formas m\u00e1s sencillas de conocer gente nueva y ampliar tu c\u00edrculo social. \u00bfY lo mejor? Est\u00e1n abiertas a todo el mundo.<\/p>\n<h2>\u00bfQu\u00e9 son las salas de chat en l\u00ednea gratuitas?<\/h2>\n<p>Una sala de chat en l\u00ednea gratuita es un espacio digital donde varias personas pueden intercambiar mensajes en tiempo real. A diferencia de la mensajer\u00eda privada o las redes sociales, las salas de chat son comunitarias: desde el momento en que te unes a ellas, formas parte de una conversaci\u00f3n de grupo.<\/p>\n<p>Algunas ofrecen comunicaci\u00f3n s\u00f3lo por texto, mientras que otras integran chat de voz y v\u00eddeo. A menudo encontrar\u00e1s salas dedicadas a temas espec\u00edficos, como m\u00fasica, juegos, relaciones o charlas sociales en general.<\/p>\n<p>Caracter\u00edsticas principales de la mayor\u00eda de las salas de chat gratuitas:<\/p>\n<ul>\n<li>No es necesario registrarse: \u00fanase al instante como invitado.<\/li>\n<li>Salas tem\u00e1ticas o abiertas: hable de intereses espec\u00edficos o simplemente pase el rato.<\/li>\n<li>M\u00faltiples formatos: opciones de texto, voz o v\u00eddeo seg\u00fan la plataforma.<\/li>\n<li>Comunidad global: conozca a gente de todas las edades, culturas y or\u00edgenes.<\/li>\n<li>Uso gratuito: conversaciones ilimitadas sin coste alguno.<\/li>\n<\/ul>\n<h2>Por qu\u00e9 la gente adora las salas de chat en l\u00ednea<\/h2>\n<p>Incluso con las modernas redes sociales, la gente sigue volviendo a las salas de chat online gratis para todos porque son sencillas, sociales y espont\u00e1neas.<\/p>\n<ul>\n<li>Accesibilidad - Cualquiera puede unirse; no es necesario tener un perfil o un n\u00famero de seguidores.<\/li>\n<li>Sentimiento de comunidad - A diferencia del chat aleatorio individual, formas parte de un ambiente de grupo.<\/li>\n<li>Diversidad - Las conversaciones re\u00fanen a personas de diferentes pa\u00edses y perspectivas.<\/li>\n<li>Interacci\u00f3n sin presi\u00f3n: puedes participar activamente o simplemente \"acechar\" y observar.<\/li>\n<li>Disponibilidad 24 horas al d\u00eda, 7 d\u00edas a la semana: siempre hay alguien en l\u00ednea, sea cual sea la zona horaria.<\/li>\n<\/ul>\n<p>Para muchos, las salas de chat son m\u00e1s aut\u00e9nticas que los feeds: son en directo, sin filtros y humanas.<\/p>\n<h2>C\u00f3mo unirse a salas de chat en l\u00ednea gratuitas<\/h2>\n<p>Empezar es sencillo, incluso para los primerizos:<\/p>\n<ol>\n<li>Elige una plataforma - Las opciones incluyen TinyChat, Chat Avenue, Wireclub y Chatrandom.<\/li>\n<li>Elige una sala - Navega por temas o \u00fanete a un espacio general \"todos son bienvenidos\".<\/li>\n<li>Introduzca un apodo - Permanezca en el anonimato o cree un nombre de usuario.<\/li>\n<li>Empieza a chatear: escribe un mensaje, \u00fanete a la corriente u observa en silencio hasta que est\u00e9s preparado.<\/li>\n<\/ol>\n<p>Sin descargas, sin tarjetas de cr\u00e9dito, sin registros complicados.<\/p>\n<h2>Diferentes tipos de salas de chat en l\u00ednea gratuitas<\/h2>\n<p>No todas las salas de chat son iguales. He aqu\u00ed algunas categor\u00edas populares:<\/p>\n<h3>1. Salas de chat generales<\/h3>\n<p>Se trata de espacios en los que todo el mundo es bienvenido y las conversaciones son informales, amistosas y variadas. Nunca se sabe qu\u00e9 tema surgir\u00e1 a continuaci\u00f3n.<\/p>\n<h3>2. Salas de chat tem\u00e1ticas<\/h3>\n<p>Salas centradas en aficiones, deportes, pel\u00edculas, viajes o m\u00fasica. Perfecto si quieres conectar con gente que comparte tus pasiones.<\/p>\n<h3>3. Salas de chat de citas y ligue<\/h3>\n<p>Para los solteros que buscan contactos, estos espacios suelen ser animados y divertidos: desde flirteos casuales hasta conversaciones serias sobre citas.<\/p>\n<h3>4. Salas de chat de apoyo y asesoramiento<\/h3>\n<p>Muchas comunidades tienen espacios seguros donde la gente puede compartir sus luchas personales, pedir consejo o simplemente sentirse escuchada.<\/p>\n<h3>5. Salas de voz y v\u00eddeo<\/h3>\n<p>Plataformas como TinyChat permiten a los usuarios emitir v\u00eddeo y audio, creando una experiencia m\u00e1s interactiva y cercana a una quedada virtual.<\/p>\n<h2>TinyChat: una versi\u00f3n moderna de las salas de chat gratuitas<\/h2>\n<p>Entre las muchas opciones, TinyChat se ha labrado una reputaci\u00f3n como una de las mejores plataformas para salas de chat en l\u00ednea gratuitas. \u00bfPor qu\u00e9?<\/p>\n<ul>\n<li>Variedad de salas: desde citas y juegos hasta m\u00fasica y pol\u00edtica.<\/li>\n<li>M\u00faltiples formatos: elige entre chat de texto, de voz o de v\u00eddeo.<\/li>\n<li>Salas p\u00fablicas o privadas: \u00fanase a grupos grandes o cree su propio espacio s\u00f3lo para invitados.<\/li>\n<li>No es necesario inscribirse: entre directamente en la conversaci\u00f3n.<\/li>\n<li>Acceso multiplataforma: util\u00edcelo en la web, iOS o Android.<\/li>\n<\/ul>\n<p>TinyChat captura la diversi\u00f3n de la vieja escuela del chat en grupo al tiempo que a\u00f1ade funciones modernas que lo mantienen fresco.<\/p>\n<h2>Salas de chat en l\u00ednea gratuitas vs. Videochat aleatorio<\/h2>\n<p>Es f\u00e1cil confundir las salas de chat con las videoconferencias individuales, pero son experiencias diferentes.<\/p>\n<table>\n<thead>\n<tr>\n<th>Caracter\u00edstica<\/th>\n<th>Salas de chat en l\u00ednea gratuitas<\/th>\n<th>Random Video Chat con Desconocidos<\/th>\n<\/tr>\n<\/thead>\n<tbody>\n<tr>\n<td>Ambiente de grupo<\/td>\n<td>\u2705 S\u00ed<\/td>\n<td>\u274c No (uno a uno)<\/td>\n<\/tr>\n<tr>\n<td>Comunidades tem\u00e1ticas<\/td>\n<td>\u2705 A menudo<\/td>\n<td>\u274c Mayormente al azar<\/td>\n<\/tr>\n<tr>\n<td>Opci\u00f3n s\u00f3lo texto<\/td>\n<td>\u2705 S\u00ed<\/td>\n<td>\u274c V\u00eddeo habitual<\/td>\n<\/tr>\n<tr>\n<td>Anonimato<\/td>\n<td>\u2705 S\u00ed<\/td>\n<td>\u2705 S\u00ed<\/td>\n<\/tr>\n<tr>\n<td>Interacci\u00f3n mundial<\/td>\n<td>\u2705 S\u00ed<\/td>\n<td>\u2705 S\u00ed<\/td>\n<\/tr>\n<\/tbody>\n<\/table>\n<p>Ambas son divertidas, pero las salas de chat son mejores si te gusta la energ\u00eda de grupo y las conversaciones tem\u00e1ticas.<\/p>\n<h2>Seguridad en las salas de chat en l\u00ednea gratuitas<\/h2>\n<p>Como cualquiera puede unirse, es importante protegerse y mantener los l\u00edmites:<\/p>\n<ul>\n<li>Utiliza un apodo - Mant\u00e9n tu nombre real en privado.<\/li>\n<li>No compartas demasiado - Evita dar direcciones, n\u00fameros de tel\u00e9fono o datos personales.<\/li>\n<li>Tenga cuidado con los enlaces: no haga clic ni descargue nada sospechoso.<\/li>\n<li>Denuncia o bloquea a los trolls - Las buenas plataformas tienen herramientas de moderaci\u00f3n.<\/li>\n<li>Conf\u00eda en tus instintos: si una habitaci\u00f3n te parece negativa, vete y prueba en otra.<\/li>\n<\/ul>\n<p>Bien hechas, las salas de chat gratuitas pueden ser divertidas y seguras para todos.<\/p>\n<h2>\u00bfQui\u00e9n utiliza las salas de chat en l\u00ednea gratis para todos?<\/h2>\n<p>La diversidad de las salas de chat es uno de sus mayores atractivos. Encontrar\u00e1:<\/p>\n<ul>\n<li>Estudiantes - Buscan interacci\u00f3n social, grupos de estudio o practicar idiomas.<\/li>\n<li>Solteros - Esperan conversaciones casuales o contactos rom\u00e1nticos.<\/li>\n<li>Viajeros - Intercambio de consejos e historias con personas de todo el mundo.<\/li>\n<li>Jugadores y aficionados: encontrar comunidades afines para charlar.<\/li>\n<li>Usuarios cotidianos - Personas que s\u00f3lo quieren compa\u00f1\u00eda o re\u00edrse despu\u00e9s de un largo d\u00eda.<\/li>\n<\/ul>\n<p>Las salas de chat son realmente para todos.<\/p>\n<h2>Consejos para aprovechar al m\u00e1ximo las salas de chat gratuitas<\/h2>\n<ul>\n<li>Pres\u00e9ntese amablemente: un simple \"hola\" facilita la comunicaci\u00f3n.<\/li>\n<li>S\u00e9 respetuoso - Los buenos modales hacen que las conversaciones sean mejores para todos.<\/li>\n<li>\u00danete a salas tem\u00e1ticas: es m\u00e1s f\u00e1cil encontrar personas que comparten tus intereses.<\/li>\n<li>Equilibra la charla y la escucha: participa, pero tambi\u00e9n deja que los dem\u00e1s compartan.<\/li>\n<li>Pruebe diferentes horarios: la comunidad cambia a lo largo del d\u00eda.<\/li>\n<\/ul>\n<h2>Caracter\u00edsticas de las salas de chat gratuitas frente a las de pago<\/h2>\n<p>La mayor\u00eda de las salas de chat en l\u00ednea gratuitas te dan todo lo que necesitas para conectarte. Las mejoras de pago a veces incluyen:<\/p>\n<table>\n<thead>\n<tr>\n<th>Caracter\u00edstica<\/th>\n<th>Habitaciones libres<\/th>\n<th>Actualizaciones de pago<\/th>\n<\/tr>\n<\/thead>\n<tbody>\n<tr>\n<td>Participar en chats de grupo<\/td>\n<td>\u2705 S\u00ed<\/td>\n<td>\u2705 S\u00ed<\/td>\n<\/tr>\n<tr>\n<td>Crear salas privadas<\/td>\n<td>S\u00ed (limitado)<\/td>\n<td>\u2705 M\u00e1s avanzado<\/td>\n<\/tr>\n<tr>\n<td>Chat de texto<\/td>\n<td>\u2705 S\u00ed<\/td>\n<td>\u2705 S\u00ed<\/td>\n<\/tr>\n<tr>\n<td>Opciones de v\u00eddeo\/voz<\/td>\n<td>\u26a0\ufe0f Limitado en algunos<\/td>\n<td>\u2705 Ampliado<\/td>\n<\/tr>\n<tr>\n<td>Experiencia sin anuncios<\/td>\n<td>\u274c<\/td>\n<td>\u2705 S\u00ed<\/td>\n<\/tr>\n<\/tbody>\n<\/table>\n<p>Para la mayor\u00eda de los usuarios, la versi\u00f3n gratuita es m\u00e1s que suficiente.<\/p>\n<h2>Por qu\u00e9 las salas de chat en l\u00ednea gratuitas siguen siendo populares<\/h2>\n<p>En un mundo dominado por las aplicaciones y los feeds, las salas de chat pueden parecer \"de la vieja escuela\". Pero su sencillez es precisamente la raz\u00f3n por la que la gente las adora. No buscan likes ni seguidores, sino conversaci\u00f3n. No se limitan a tu grupo de amigos: est\u00e1n abiertas a cualquiera, en cualquier momento.<\/p>\n<p>Esa franqueza, combinada con la emoci\u00f3n de conocer gente nueva, les hace eternos.<\/p>\n<p>Las salas de chat en l\u00ednea gratuitas para todos son la prueba de que las conexiones sencillas nunca pasan de moda. Tanto si quieres pasar el rato, conocer a gente af\u00edn o simplemente formar parte de una animada conversaci\u00f3n de grupo, siempre hay una sala esper\u00e1ndote.<\/p>\n<p>La belleza de estos espacios es su car\u00e1cter inclusivo: cualquiera, en cualquier lugar, puede unirse y hablar en tiempo real. Desde bromas desenfadadas hasta conexiones significativas, ofrecen un lugar al que pertenecer sin coste ni compromiso.<\/p>\n<p>As\u00ed que si est\u00e1s listo para chatear, elige una plataforma como TinyChat o Chat Avenue, introduce un apodo y \u00fanete a la conversaci\u00f3n. Porque a veces, las mejores conexiones est\u00e1n a un solo \"hola\" de distancia.<\/p>","protected":false},"excerpt":{"rendered":"<p>The internet has always been about connection, but few things capture that better than free online chat rooms for everyone. With just a click, you can enter a virtual room filled with people from around the world, ready to talk about anything and everything\u2014no cost, no barriers, and no pressure. From casual small talk to [&hellip;]<\/p>\n","protected":false},"author":8,"featured_media":0,"parent":0,"menu_order":0,"comment_status":"closed","ping_status":"closed","template":"","meta":{"footnotes":""},"class_list":["post-4851","page","type-page","status-publish","hentry"],"yoast_head":"<!-- This site is optimized with the Yoast SEO plugin v27.4 - https:\/\/yoast.com\/product\/yoast-seo-wordpress\/ -->\n<title>Free Online Chat Rooms For Everyone on TinyChat.com<\/title>\n<meta name=\"description\" content=\"Enjoying Free Online Chat Rooms For Everyone? Join over 50,000,000 strangers on TinyChat! Turn on your cam and start meeting new people, or find a match.\" \/>\n<meta name=\"robots\" content=\"index, follow, max-snippet:-1, max-image-preview:large, max-video-preview:-1\" \/>\n<link rel=\"canonical\" href=\"https:\/\/tinychat.com\/es\/free-online-chat-rooms-for-everyone\/\" \/>\n<meta property=\"og:locale\" content=\"es_ES\" \/>\n<meta property=\"og:type\" content=\"article\" \/>\n<meta property=\"og:title\" content=\"Free Online Chat Rooms For Everyone on TinyChat.com\" \/>\n<meta property=\"og:description\" content=\"Enjoying Free Online Chat Rooms For Everyone? Join over 50,000,000 strangers on TinyChat! Turn on your cam and start meeting new people, or find a match.\" \/>\n<meta property=\"og:url\" content=\"https:\/\/tinychat.com\/es\/free-online-chat-rooms-for-everyone\/\" \/>\n<meta property=\"og:site_name\" content=\"TinyChat\" \/>\n<meta property=\"article:publisher\" content=\"https:\/\/www.facebook.com\/tinychat\" \/>\n<meta property=\"article:modified_time\" content=\"2025-09-10T08:36:14+00:00\" \/>\n<meta property=\"og:image\" content=\"https:\/\/tinychat.com\/wp-content\/uploads\/2020\/04\/Tinychat-logo-1280x284-new-black.png\" \/>\n\t<meta property=\"og:image:width\" content=\"1280\" \/>\n\t<meta property=\"og:image:height\" content=\"284\" \/>\n\t<meta property=\"og:image:type\" content=\"image\/png\" \/>\n<meta name=\"twitter:card\" content=\"summary_large_image\" \/>\n<meta name=\"twitter:site\" content=\"@tinychat\" \/>\n<meta name=\"twitter:label1\" content=\"Tiempo de lectura\" \/>\n\t<meta name=\"twitter:data1\" content=\"6 minutos\" \/>\n<script type=\"application\/ld+json\" class=\"yoast-schema-graph\">{\"@context\":\"https:\\\/\\\/schema.org\",\"@graph\":[{\"@type\":\"WebPage\",\"@id\":\"https:\\\/\\\/tinychat.com\\\/free-online-chat-rooms-for-everyone\\\/\",\"url\":\"https:\\\/\\\/tinychat.com\\\/free-online-chat-rooms-for-everyone\\\/\",\"name\":\"Free Online Chat Rooms For Everyone on TinyChat.com\",\"isPartOf\":{\"@id\":\"https:\\\/\\\/tinychat.com\\\/#website\"},\"datePublished\":\"2025-09-10T06:12:50+00:00\",\"dateModified\":\"2025-09-10T08:36:14+00:00\",\"description\":\"Enjoying Free Online Chat Rooms For Everyone? Join over 50,000,000 strangers on TinyChat! Turn on your cam and start meeting new people, or find a match.\",\"breadcrumb\":{\"@id\":\"https:\\\/\\\/tinychat.com\\\/free-online-chat-rooms-for-everyone\\\/#breadcrumb\"},\"inLanguage\":\"es\",\"potentialAction\":[{\"@type\":\"ReadAction\",\"target\":[\"https:\\\/\\\/tinychat.com\\\/free-online-chat-rooms-for-everyone\\\/\"]}]},{\"@type\":\"BreadcrumbList\",\"@id\":\"https:\\\/\\\/tinychat.com\\\/free-online-chat-rooms-for-everyone\\\/#breadcrumb\",\"itemListElement\":[{\"@type\":\"ListItem\",\"position\":1,\"name\":\"Home\",\"item\":\"https:\\\/\\\/tinychat.com\\\/\"},{\"@type\":\"ListItem\",\"position\":2,\"name\":\"Free Online Chat Rooms For Everyone\"}]},{\"@type\":\"WebSite\",\"@id\":\"https:\\\/\\\/tinychat.com\\\/#website\",\"url\":\"https:\\\/\\\/tinychat.com\\\/\",\"name\":\"TinyChat\",\"description\":\"Random Video Chat with Strangers\",\"publisher\":{\"@id\":\"https:\\\/\\\/tinychat.com\\\/#organization\"},\"alternateName\":\"TinyChat.com\",\"potentialAction\":[{\"@type\":\"SearchAction\",\"target\":{\"@type\":\"EntryPoint\",\"urlTemplate\":\"https:\\\/\\\/tinychat.com\\\/?s={search_term_string}\"},\"query-input\":{\"@type\":\"PropertyValueSpecification\",\"valueRequired\":true,\"valueName\":\"search_term_string\"}}],\"inLanguage\":\"es\"},{\"@type\":\"Organization\",\"@id\":\"https:\\\/\\\/tinychat.com\\\/#organization\",\"name\":\"TinyChat\",\"alternateName\":\"TinyChat.com\",\"url\":\"https:\\\/\\\/tinychat.com\\\/\",\"logo\":{\"@type\":\"ImageObject\",\"inLanguage\":\"es\",\"@id\":\"https:\\\/\\\/tinychat.com\\\/#\\\/schema\\\/logo\\\/image\\\/\",\"url\":\"https:\\\/\\\/tinychat.com\\\/wp-content\\\/uploads\\\/2023\\\/11\\\/Tinychat-icon-square.png\",\"contentUrl\":\"https:\\\/\\\/tinychat.com\\\/wp-content\\\/uploads\\\/2023\\\/11\\\/Tinychat-icon-square.png\",\"width\":284,\"height\":284,\"caption\":\"TinyChat\"},\"image\":{\"@id\":\"https:\\\/\\\/tinychat.com\\\/#\\\/schema\\\/logo\\\/image\\\/\"},\"sameAs\":[\"https:\\\/\\\/www.facebook.com\\\/tinychat\",\"https:\\\/\\\/x.com\\\/tinychat\"]}]}<\/script>\n<!-- \/ Yoast SEO plugin. -->","yoast_head_json":{"title":"Salas de chat en l\u00ednea gratis para todos en TinyChat.com","description":"\u00bfDisfrutas de salas de chat en l\u00ednea gratis para todos? \u00a1\u00danete a m\u00e1s de 50.000.000 de desconocidos en TinyChat! Enciende tu c\u00e1mara y empieza a conocer gente nueva, o encuentra una pareja.","robots":{"index":"index","follow":"follow","max-snippet":"max-snippet:-1","max-image-preview":"max-image-preview:large","max-video-preview":"max-video-preview:-1"},"canonical":"https:\/\/tinychat.com\/es\/free-online-chat-rooms-for-everyone\/","og_locale":"es_ES","og_type":"article","og_title":"Free Online Chat Rooms For Everyone on TinyChat.com","og_description":"Enjoying Free Online Chat Rooms For Everyone? Join over 50,000,000 strangers on TinyChat! Turn on your cam and start meeting new people, or find a match.","og_url":"https:\/\/tinychat.com\/es\/free-online-chat-rooms-for-everyone\/","og_site_name":"TinyChat","article_publisher":"https:\/\/www.facebook.com\/tinychat","article_modified_time":"2025-09-10T08:36:14+00:00","og_image":[{"width":1280,"height":284,"url":"https:\/\/tinychat.com\/wp-content\/uploads\/2020\/04\/Tinychat-logo-1280x284-new-black.png","type":"image\/png"}],"twitter_card":"summary_large_image","twitter_site":"@tinychat","twitter_misc":{"Tiempo de lectura":"6 minutos"},"schema":{"@context":"https:\/\/schema.org","@graph":[{"@type":"WebPage","@id":"https:\/\/tinychat.com\/free-online-chat-rooms-for-everyone\/","url":"https:\/\/tinychat.com\/free-online-chat-rooms-for-everyone\/","name":"Salas de chat en l\u00ednea gratis para todos en TinyChat.com","isPartOf":{"@id":"https:\/\/tinychat.com\/#website"},"datePublished":"2025-09-10T06:12:50+00:00","dateModified":"2025-09-10T08:36:14+00:00","description":"\u00bfDisfrutas de salas de chat en l\u00ednea gratis para todos? \u00a1\u00danete a m\u00e1s de 50.000.000 de desconocidos en TinyChat! Enciende tu c\u00e1mara y empieza a conocer gente nueva, o encuentra una pareja.","breadcrumb":{"@id":"https:\/\/tinychat.com\/free-online-chat-rooms-for-everyone\/#breadcrumb"},"inLanguage":"es","potentialAction":[{"@type":"ReadAction","target":["https:\/\/tinychat.com\/free-online-chat-rooms-for-everyone\/"]}]},{"@type":"BreadcrumbList","@id":"https:\/\/tinychat.com\/free-online-chat-rooms-for-everyone\/#breadcrumb","itemListElement":[{"@type":"ListItem","position":1,"name":"Home","item":"https:\/\/tinychat.com\/"},{"@type":"ListItem","position":2,"name":"Free Online Chat Rooms For Everyone"}]},{"@type":"WebSite","@id":"https:\/\/tinychat.com\/#website","url":"https:\/\/tinychat.com\/","name":"TinyChat","description":"Videochat aleatorio con desconocidos","publisher":{"@id":"https:\/\/tinychat.com\/#organization"},"alternateName":"TinyChat.com","potentialAction":[{"@type":"SearchAction","target":{"@type":"EntryPoint","urlTemplate":"https:\/\/tinychat.com\/?s={search_term_string}"},"query-input":{"@type":"PropertyValueSpecification","valueRequired":true,"valueName":"search_term_string"}}],"inLanguage":"es"},{"@type":"Organization","@id":"https:\/\/tinychat.com\/#organization","name":"TinyChat","alternateName":"TinyChat.com","url":"https:\/\/tinychat.com\/","logo":{"@type":"ImageObject","inLanguage":"es","@id":"https:\/\/tinychat.com\/#\/schema\/logo\/image\/","url":"https:\/\/tinychat.com\/wp-content\/uploads\/2023\/11\/Tinychat-icon-square.png","contentUrl":"https:\/\/tinychat.com\/wp-content\/uploads\/2023\/11\/Tinychat-icon-square.png","width":284,"height":284,"caption":"TinyChat"},"image":{"@id":"https:\/\/tinychat.com\/#\/schema\/logo\/image\/"},"sameAs":["https:\/\/www.facebook.com\/tinychat","https:\/\/x.com\/tinychat"]}]}},"_links":{"self":[{"href":"https:\/\/tinychat.com\/es\/wp-json\/wp\/v2\/pages\/4851","targetHints":{"allow":["GET"]}}],"collection":[{"href":"https:\/\/tinychat.com\/es\/wp-json\/wp\/v2\/pages"}],"about":[{"href":"https:\/\/tinychat.com\/es\/wp-json\/wp\/v2\/types\/page"}],"author":[{"embeddable":true,"href":"https:\/\/tinychat.com\/es\/wp-json\/wp\/v2\/users\/8"}],"replies":[{"embeddable":true,"href":"https:\/\/tinychat.com\/es\/wp-json\/wp\/v2\/comments?post=4851"}],"version-history":[{"count":2,"href":"https:\/\/tinychat.com\/es\/wp-json\/wp\/v2\/pages\/4851\/revisions"}],"predecessor-version":[{"id":13505,"href":"https:\/\/tinychat.com\/es\/wp-json\/wp\/v2\/pages\/4851\/revisions\/13505"}],"wp:attachment":[{"href":"https:\/\/tinychat.com\/es\/wp-json\/wp\/v2\/media?parent=4851"}],"curies":[{"name":"wp","href":"https:\/\/api.w.org\/{rel}","templated":true}]}}