{"id":51,"date":"2020-04-08T23:24:23","date_gmt":"2020-04-08T21:24:23","guid":{"rendered":"https:\/\/tinychat.com\/?page_id=51"},"modified":"2025-05-03T17:23:14","modified_gmt":"2025-05-03T15:23:14","slug":"rules","status":"publish","type":"page","link":"https:\/\/tinychat.com\/es\/rules\/","title":{"rendered":"Reglas"},"content":{"rendered":"<p class=\"\" data-start=\"344\" data-end=\"639\"><a href=\"https:\/\/tinychat.com\/es\/\">TinyChat<\/a> proporciona acceso gratuito y an\u00f3nimo a un <a href=\"https:\/\/tinychat.com\/es\/\">chat de v\u00eddeo aleatorio<\/a> experiencia, no es necesario registrarse. Nuestro objetivo es ofrecer una plataforma segura, atractiva y respetuosa, similar a la de otros sitios web. <a href=\"https:\/\/tinychat.com\/es\/chatroulette\/\">chat<\/a> sitios como <a href=\"https:\/\/tinychat.com\/es\/omegle\/\">Omegle<\/a>donde los usuarios pueden disfrutar de interacciones espont\u00e1neas y conocer gente nueva en l\u00ednea.<\/p>\n<p class=\"\" data-start=\"641\" data-end=\"833\">Para garantizar un entorno positivo para todos los usuarios, te pedimos que sigas las normas que se detallan a continuaci\u00f3n. El incumplimiento de estas directrices puede dar lugar a prohibiciones inmediatas o a la eliminaci\u00f3n permanente de la plataforma.<\/p>\n<h2 data-start=\"840\" data-end=\"878\">Conductas prohibidas en TinyChat<\/h2>\n<p class=\"\" data-start=\"880\" data-end=\"988\">Para mantener la seguridad, el respeto y el cumplimiento de la ley, las siguientes acciones est\u00e1n estrictamente prohibidas en <a href=\"https:\/\/tinychat.com\/es\/\">TinyChat<\/a>:<\/p>\n<ul>\n<li data-start=\"992\" data-end=\"1127\">Acceso de menores: Los usuarios deben ser mayores de 18 a\u00f1os para utilizar <a href=\"https:\/\/tinychat.com\/es\/\">TinyChat<\/a>. Queda terminantemente prohibido el acceso a menores de 18 a\u00f1os.<\/li>\n<li data-start=\"992\" data-end=\"1127\">Lenguaje o comportamiento inadecuados: No est\u00e1 permitido el uso de lenguaje vulgar, sexualmente expl\u00edcito, violento o depresivo. Nuestra plataforma no es un lugar para contenidos perturbadores o da\u00f1inos.<\/li>\n<li data-start=\"1326\" data-end=\"1556\">Discriminaci\u00f3n o expresiones de odio: No debes degradar, insultar o atacar a otras personas por motivos de religi\u00f3n, raza, sexo, orientaci\u00f3n sexual, nacionalidad o edad. Cualquier forma de incitaci\u00f3n al odio o conducta discriminatoria es inaceptable.<\/li>\n<li data-start=\"1560\" data-end=\"1732\">Acoso o abuso: Est\u00e1 estrictamente prohibido acosar, intimidar o faltar al respeto intencionadamente a otro usuario de cualquier forma (verbal, visual o de otro tipo).<\/li>\n<li data-start=\"1736\" data-end=\"1949\">Desnudez parcial sin identificaci\u00f3n: No puede mostrar el pecho desnudo ante la c\u00e1mara a menos que su cara sea claramente visible al mismo tiempo. Esta norma se aplica para evitar la exhibici\u00f3n indecente an\u00f3nima.<\/li>\n<li data-start=\"1953\" data-end=\"2105\">Desnudez o exposici\u00f3n de ropa interior: No est\u00e1 permitido bajo ninguna circunstancia aparecer completamente desnudo o llevar s\u00f3lo ropa interior mientras se est\u00e1 delante de la c\u00e1mara.<\/li>\n<li data-start=\"1953\" data-end=\"2105\">Comportamiento sexualmente expl\u00edcito: <span style=\"font-family: -apple-system, BlinkMacSystemFont, 'Segoe UI', Roboto, 'Helvetica Neue', Arial, 'Noto Sans', sans-serif, 'Apple Color Emoji', 'Segoe UI Emoji', 'Segoe UI Symbol', 'Noto Color Emoji';\">Queda terminantemente prohibido:<\/span>\n<ul>\n<li data-start=\"2178\" data-end=\"2236\">Solicitar o coaccionar a otros para que realicen actividades sexuales virtuales.<\/li>\n<li data-start=\"2241\" data-end=\"2281\">Exponga sus partes \u00edntimas ante la c\u00e1mara.<\/li>\n<li data-start=\"2286\" data-end=\"2355\">Tocar o simular tocarse los genitales mientras est\u00e1 visible en c\u00e1mara.<\/li>\n<li data-start=\"2360\" data-end=\"2412\">Enfoca intencionadamente tu c\u00e1mara por debajo del pecho.<\/li>\n<\/ul>\n<\/li>\n<li>Contenido promocional o de redireccionamiento: <span style=\"font-family: -apple-system, BlinkMacSystemFont, 'Segoe UI', Roboto, 'Helvetica Neue', Arial, 'Noto Sans', sans-serif, 'Apple Color Emoji', 'Segoe UI Emoji', 'Segoe UI Symbol', 'Noto Color Emoji';\">No puede utilizar <a href=\"https:\/\/tinychat.com\/es\/\">TinyChat<\/a> a:<\/span>\n<ul>\n<li>Mostrar texto, im\u00e1genes o v\u00eddeos con la intenci\u00f3n de redirigir a los usuarios a otros sitios web, plataformas o servicios.<\/li>\n<li>Muestra la pantalla de tu ordenador, incluyendo mensajes o promociones.<\/li>\n<li>Utilizar emuladores de webcam, dispositivos virtuales o bucles de v\u00eddeo para enga\u00f1ar o hacer publicidad.<\/li>\n<li>Solicitar votos, promocionar enlaces o vender productos o servicios a trav\u00e9s de cualquier medio de la plataforma.<\/li>\n<\/ul>\n<\/li>\n<li>Uso ilegal o explotador: <span style=\"font-family: -apple-system, BlinkMacSystemFont, 'Segoe UI', Roboto, 'Helvetica Neue', Arial, 'Noto Sans', sans-serif, 'Apple Color Emoji', 'Segoe UI Emoji', 'Segoe UI Symbol', 'Noto Color Emoji';\">Est\u00e1 absolutamente prohibido utilizar <a href=\"https:\/\/tinychat.com\/es\/\">TinyChat<\/a> participar, promover o facilitar cualquier forma de:<\/span>\n<ul>\n<li>Tr\u00e1fico sexual<\/li>\n<li>Trata de seres humanos<\/li>\n<li>Prostituci\u00f3n<\/li>\n<li>Maltrato f\u00edsico o psicol\u00f3gico<\/li>\n<li>Cualquier actividad ilegal que implique la explotaci\u00f3n de otras personas<\/li>\n<\/ul>\n<\/li>\n<\/ul>\n<h2 data-start=\"3196\" data-end=\"3222\">Presentar una denuncia<\/h2>\n<p class=\"\" data-start=\"3224\" data-end=\"3383\">Si te encuentras con un usuario que infringe las normas, te animamos a que denuncies el incidente inmediatamente. Puedes presentar una queja a trav\u00e9s de nuestro sistema de asistencia.<\/p>\n<p class=\"\" data-start=\"3385\" data-end=\"3551\">Para una gesti\u00f3n m\u00e1s r\u00e1pida y eficaz, incluya una captura de pantalla de la infracci\u00f3n al enviar su queja. Esto nos ayuda a tomar medidas r\u00e1pidas y precisas.<\/p>\n<h2 data-start=\"3558\" data-end=\"3591\">Cumplimiento y prohibiciones de uso<\/h2>\n<p class=\"\" data-start=\"3593\" data-end=\"3779\"><a href=\"https:\/\/tinychat.com\/es\/\">TinyChat<\/a> mantiene una pol\u00edtica de tolerancia cero con los usuarios que incumplen las normas. Si un usuario recibe m\u00faltiples quejas, nuestro sistema bloquear\u00e1 autom\u00e1ticamente su acceso a <a href=\"https:\/\/tinychat.com\/es\/\">TinyChat<\/a>.<\/p>\n<p class=\"\" data-start=\"3781\" data-end=\"4065\">Nos tomamos en serio las denuncias, pero tambi\u00e9n tenemos en cuenta m\u00faltiples factores antes de emitir una prohibici\u00f3n permanente. <a href=\"https:\/\/tinychat.com\/es\/\">TinyChat<\/a> no podemos controlar todas las interacciones en tiempo real. Confiamos en nuestra comunidad para ayudar a mantener un entorno respetuoso. Su cooperaci\u00f3n para denunciar a los infractores es esencial.<\/p>\n<p class=\"\" data-start=\"4067\" data-end=\"4228\">Juntos podemos seguir construyendo una plataforma segura, espont\u00e1nea y divertida para todos. Gracias por ayudarnos a hacer <a href=\"https:\/\/tinychat.com\/es\/\">TinyChat<\/a> un lugar mejor para <a href=\"https:\/\/tinychat.com\/es\/chatroulette\/\">chat<\/a>.<\/p>","protected":false},"excerpt":{"rendered":"<p>TinyChat provides free, anonymous access to a one-on-one random video chat experience, no registration required. Our goal is to offer a safe, engaging, and respectful platform similar to other chat sites like Omegle, where users can enjoy spontaneous interactions and meet new people online. To ensure a positive environment for all users, we ask that [&hellip;]<\/p>\n","protected":false},"author":1,"featured_media":0,"parent":0,"menu_order":0,"comment_status":"closed","ping_status":"closed","template":"","meta":{"footnotes":""},"class_list":["post-51","page","type-page","status-publish","hentry"],"yoast_head":"<!-- This site is optimized with the Yoast SEO plugin v27.4 - https:\/\/yoast.com\/product\/yoast-seo-wordpress\/ -->\n<title>Rules - TinyChat<\/title>\n<meta name=\"robots\" content=\"index, follow, max-snippet:-1, max-image-preview:large, max-video-preview:-1\" \/>\n<link rel=\"canonical\" href=\"https:\/\/tinychat.com\/es\/rules\/\" \/>\n<meta property=\"og:locale\" content=\"es_ES\" \/>\n<meta property=\"og:type\" content=\"article\" \/>\n<meta property=\"og:title\" content=\"Rules - TinyChat\" \/>\n<meta property=\"og:description\" content=\"TinyChat provides free, anonymous access to a one-on-one random video chat experience, no registration required. Our goal is to offer a safe, engaging, and respectful platform similar to other chat sites like Omegle, where users can enjoy spontaneous interactions and meet new people online. To ensure a positive environment for all users, we ask that [&hellip;]\" \/>\n<meta property=\"og:url\" content=\"https:\/\/tinychat.com\/es\/rules\/\" \/>\n<meta property=\"og:site_name\" content=\"TinyChat\" \/>\n<meta property=\"article:publisher\" content=\"https:\/\/www.facebook.com\/tinychat\" \/>\n<meta property=\"article:modified_time\" content=\"2025-05-03T15:23:14+00:00\" \/>\n<meta property=\"og:image\" content=\"https:\/\/tinychat.com\/wp-content\/uploads\/2020\/04\/Tinychat-logo-1280x284-new-black.png\" \/>\n\t<meta property=\"og:image:width\" content=\"1280\" \/>\n\t<meta property=\"og:image:height\" content=\"284\" \/>\n\t<meta property=\"og:image:type\" content=\"image\/png\" \/>\n<meta name=\"twitter:card\" content=\"summary_large_image\" \/>\n<meta name=\"twitter:site\" content=\"@tinychat\" \/>\n<meta name=\"twitter:label1\" content=\"Tiempo de lectura\" \/>\n\t<meta name=\"twitter:data1\" content=\"3 minutos\" \/>\n<script type=\"application\/ld+json\" class=\"yoast-schema-graph\">{\"@context\":\"https:\\\/\\\/schema.org\",\"@graph\":[{\"@type\":\"WebPage\",\"@id\":\"https:\\\/\\\/tinychat.com\\\/rules\\\/\",\"url\":\"https:\\\/\\\/tinychat.com\\\/rules\\\/\",\"name\":\"Rules - TinyChat\",\"isPartOf\":{\"@id\":\"https:\\\/\\\/tinychat.com\\\/#website\"},\"datePublished\":\"2020-04-08T21:24:23+00:00\",\"dateModified\":\"2025-05-03T15:23:14+00:00\",\"breadcrumb\":{\"@id\":\"https:\\\/\\\/tinychat.com\\\/rules\\\/#breadcrumb\"},\"inLanguage\":\"es\",\"potentialAction\":[{\"@type\":\"ReadAction\",\"target\":[\"https:\\\/\\\/tinychat.com\\\/rules\\\/\"]}]},{\"@type\":\"BreadcrumbList\",\"@id\":\"https:\\\/\\\/tinychat.com\\\/rules\\\/#breadcrumb\",\"itemListElement\":[{\"@type\":\"ListItem\",\"position\":1,\"name\":\"Home\",\"item\":\"https:\\\/\\\/tinychat.com\\\/\"},{\"@type\":\"ListItem\",\"position\":2,\"name\":\"Rules\"}]},{\"@type\":\"WebSite\",\"@id\":\"https:\\\/\\\/tinychat.com\\\/#website\",\"url\":\"https:\\\/\\\/tinychat.com\\\/\",\"name\":\"TinyChat\",\"description\":\"Random Video Chat with Strangers\",\"publisher\":{\"@id\":\"https:\\\/\\\/tinychat.com\\\/#organization\"},\"alternateName\":\"TinyChat.com\",\"potentialAction\":[{\"@type\":\"SearchAction\",\"target\":{\"@type\":\"EntryPoint\",\"urlTemplate\":\"https:\\\/\\\/tinychat.com\\\/?s={search_term_string}\"},\"query-input\":{\"@type\":\"PropertyValueSpecification\",\"valueRequired\":true,\"valueName\":\"search_term_string\"}}],\"inLanguage\":\"es\"},{\"@type\":\"Organization\",\"@id\":\"https:\\\/\\\/tinychat.com\\\/#organization\",\"name\":\"TinyChat\",\"alternateName\":\"TinyChat.com\",\"url\":\"https:\\\/\\\/tinychat.com\\\/\",\"logo\":{\"@type\":\"ImageObject\",\"inLanguage\":\"es\",\"@id\":\"https:\\\/\\\/tinychat.com\\\/#\\\/schema\\\/logo\\\/image\\\/\",\"url\":\"https:\\\/\\\/tinychat.com\\\/wp-content\\\/uploads\\\/2023\\\/11\\\/Tinychat-icon-square.png\",\"contentUrl\":\"https:\\\/\\\/tinychat.com\\\/wp-content\\\/uploads\\\/2023\\\/11\\\/Tinychat-icon-square.png\",\"width\":284,\"height\":284,\"caption\":\"TinyChat\"},\"image\":{\"@id\":\"https:\\\/\\\/tinychat.com\\\/#\\\/schema\\\/logo\\\/image\\\/\"},\"sameAs\":[\"https:\\\/\\\/www.facebook.com\\\/tinychat\",\"https:\\\/\\\/x.com\\\/tinychat\"]}]}<\/script>\n<!-- \/ Yoast SEO plugin. -->","yoast_head_json":{"title":"Normas - TinyChat","robots":{"index":"index","follow":"follow","max-snippet":"max-snippet:-1","max-image-preview":"max-image-preview:large","max-video-preview":"max-video-preview:-1"},"canonical":"https:\/\/tinychat.com\/es\/rules\/","og_locale":"es_ES","og_type":"article","og_title":"Rules - TinyChat","og_description":"TinyChat provides free, anonymous access to a one-on-one random video chat experience, no registration required. Our goal is to offer a safe, engaging, and respectful platform similar to other chat sites like Omegle, where users can enjoy spontaneous interactions and meet new people online. To ensure a positive environment for all users, we ask that [&hellip;]","og_url":"https:\/\/tinychat.com\/es\/rules\/","og_site_name":"TinyChat","article_publisher":"https:\/\/www.facebook.com\/tinychat","article_modified_time":"2025-05-03T15:23:14+00:00","og_image":[{"width":1280,"height":284,"url":"https:\/\/tinychat.com\/wp-content\/uploads\/2020\/04\/Tinychat-logo-1280x284-new-black.png","type":"image\/png"}],"twitter_card":"summary_large_image","twitter_site":"@tinychat","twitter_misc":{"Tiempo de lectura":"3 minutos"},"schema":{"@context":"https:\/\/schema.org","@graph":[{"@type":"WebPage","@id":"https:\/\/tinychat.com\/rules\/","url":"https:\/\/tinychat.com\/rules\/","name":"Normas - TinyChat","isPartOf":{"@id":"https:\/\/tinychat.com\/#website"},"datePublished":"2020-04-08T21:24:23+00:00","dateModified":"2025-05-03T15:23:14+00:00","breadcrumb":{"@id":"https:\/\/tinychat.com\/rules\/#breadcrumb"},"inLanguage":"es","potentialAction":[{"@type":"ReadAction","target":["https:\/\/tinychat.com\/rules\/"]}]},{"@type":"BreadcrumbList","@id":"https:\/\/tinychat.com\/rules\/#breadcrumb","itemListElement":[{"@type":"ListItem","position":1,"name":"Home","item":"https:\/\/tinychat.com\/"},{"@type":"ListItem","position":2,"name":"Rules"}]},{"@type":"WebSite","@id":"https:\/\/tinychat.com\/#website","url":"https:\/\/tinychat.com\/","name":"TinyChat","description":"Videochat aleatorio con desconocidos","publisher":{"@id":"https:\/\/tinychat.com\/#organization"},"alternateName":"TinyChat.com","potentialAction":[{"@type":"SearchAction","target":{"@type":"EntryPoint","urlTemplate":"https:\/\/tinychat.com\/?s={search_term_string}"},"query-input":{"@type":"PropertyValueSpecification","valueRequired":true,"valueName":"search_term_string"}}],"inLanguage":"es"},{"@type":"Organization","@id":"https:\/\/tinychat.com\/#organization","name":"TinyChat","alternateName":"TinyChat.com","url":"https:\/\/tinychat.com\/","logo":{"@type":"ImageObject","inLanguage":"es","@id":"https:\/\/tinychat.com\/#\/schema\/logo\/image\/","url":"https:\/\/tinychat.com\/wp-content\/uploads\/2023\/11\/Tinychat-icon-square.png","contentUrl":"https:\/\/tinychat.com\/wp-content\/uploads\/2023\/11\/Tinychat-icon-square.png","width":284,"height":284,"caption":"TinyChat"},"image":{"@id":"https:\/\/tinychat.com\/#\/schema\/logo\/image\/"},"sameAs":["https:\/\/www.facebook.com\/tinychat","https:\/\/x.com\/tinychat"]}]}},"_links":{"self":[{"href":"https:\/\/tinychat.com\/es\/wp-json\/wp\/v2\/pages\/51","targetHints":{"allow":["GET"]}}],"collection":[{"href":"https:\/\/tinychat.com\/es\/wp-json\/wp\/v2\/pages"}],"about":[{"href":"https:\/\/tinychat.com\/es\/wp-json\/wp\/v2\/types\/page"}],"author":[{"embeddable":true,"href":"https:\/\/tinychat.com\/es\/wp-json\/wp\/v2\/users\/1"}],"replies":[{"embeddable":true,"href":"https:\/\/tinychat.com\/es\/wp-json\/wp\/v2\/comments?post=51"}],"version-history":[{"count":3,"href":"https:\/\/tinychat.com\/es\/wp-json\/wp\/v2\/pages\/51\/revisions"}],"predecessor-version":[{"id":13052,"href":"https:\/\/tinychat.com\/es\/wp-json\/wp\/v2\/pages\/51\/revisions\/13052"}],"wp:attachment":[{"href":"https:\/\/tinychat.com\/es\/wp-json\/wp\/v2\/media?parent=51"}],"curies":[{"name":"wp","href":"https:\/\/api.w.org\/{rel}","templated":true}]}}