{"id":5171,"date":"2025-07-07T17:07:51","date_gmt":"2025-07-07T15:07:51","guid":{"rendered":"https:\/\/tinychat.com\/?page_id=5171"},"modified":"2025-07-07T18:52:55","modified_gmt":"2025-07-07T16:52:55","slug":"lovoo","status":"publish","type":"page","link":"https:\/\/tinychat.com\/es\/lovoo\/","title":{"rendered":"Lovoo"},"content":{"rendered":"<p>En un mundo lleno de aplicaciones de deslizar el dedo hacia la derecha, salas de chat aleatorias y redes sociales, puede ser dif\u00edcil encontrar una plataforma en l\u00ednea que realmente combine las citas, el chat espont\u00e1neo y las conexiones aut\u00e9nticas. Eso es exactamente lo que Lovoo se ha propuesto conseguir. Nacida en Alemania y convertida ahora en un fen\u00f3meno mundial, Lovoo no es una aplicaci\u00f3n de citas m\u00e1s: es un lugar donde conocer gente nueva, ligar, hacer amigos, chatear por v\u00eddeo y compartir tu verdadero yo, todo en un paquete elegante.<\/p>\n<p>Tanto si buscas amor, nuevos amigos o simplemente alguien con quien chatear, la combinaci\u00f3n \u00fanica de funciones de descubrimiento, transmisiones de v\u00eddeo en directo, emparejamientos basados en la ubicaci\u00f3n y herramientas de seguridad de Lovoo hacen que destaque en el panorama social moderno. En este art\u00edculo en profundidad, exploraremos todo lo que necesitas saber sobre Lovoo: c\u00f3mo funciona, sus caracter\u00edsticas, la experiencia del usuario, la seguridad, c\u00f3mo se compara con los competidores, la soluci\u00f3n de problemas, y consejos de expertos para obtener el m\u00e1ximo provecho de su tiempo en la plataforma.<\/p>\n<h2>\u00bfQu\u00e9 es Lovoo?<\/h2>\n<p>Lovoo es una aplicaci\u00f3n de descubrimiento social y citas que te ayuda a conocer gente nueva cerca de ti o desde cualquier parte del mundo. Disponible en iOS, Android y como aplicaci\u00f3n web, las funciones de Lovoo van mucho m\u00e1s all\u00e1 del simple deslizamiento: combina elementos de citas tradicionales con chat aleatorio, v\u00eddeo en directo y funciones de localizaci\u00f3n en tiempo real.<\/p>\n<p>Fundada en Dresde, Alemania, Lovoo se expandi\u00f3 r\u00e1pidamente por toda Europa y m\u00e1s all\u00e1, atrayendo a millones de usuarios que buscaban algo m\u00e1s que ligar r\u00e1pidamente. Hoy en d\u00eda, Lovoo destaca como un espacio para ligar, chatear, hacer streaming y establecer conexiones aut\u00e9nticas con solteros y amigos por igual.<\/p>\n<p>Tanto si quieres chatear por v\u00eddeo con personas afines, unirte a retransmisiones p\u00fablicas en directo, utilizar el radar para ver qui\u00e9n est\u00e1 cerca o simplemente enviar mensajes, Lovoo ofrece una experiencia flexible, divertida y f\u00e1cil de usar, para solteros, extrovertidos, introvertidos y todos los dem\u00e1s.<\/p>\n<h2>Caracter\u00edsticas principales de Lovoo<\/h2>\n<p>El variado conjunto de herramientas de Lovoo est\u00e1 dise\u00f1ado para personas que quieren algo m\u00e1s que pasar el dedo. Esto es lo que diferencia al Lovoo:<\/p>\n<h3>1. Retransmisi\u00f3n de v\u00eddeo en directo<\/h3>\n<p>Lovoo le permite emitir secuencias de v\u00eddeo en directo, ver las secuencias de otros e interactuar en tiempo real. Esta funci\u00f3n a\u00f1ade autenticidad y diversi\u00f3n, permiti\u00e9ndote conocer a la gente m\u00e1s all\u00e1 de las fotos y el texto.<\/p>\n<ul>\n<li>Organice su propio v\u00eddeo en directo<\/li>\n<li>\u00danete a streams p\u00fablicos, chatea y env\u00eda regalos virtuales<\/li>\n<li>Conoce a gente nueva a trav\u00e9s de comentarios e invitaciones de videochat<\/li>\n<\/ul>\n<h3>2. Videochat aleatorio (funci\u00f3n \"Match\")<\/h3>\n<p>Adem\u00e1s de perfiles y swipes, Lovoo incluye una funci\u00f3n de emparejamiento aleatorio (similar al chat de la ruleta) que te empareja con otros usuarios para chatear por v\u00eddeo en directo. Si hay chispa, sigue chateando o intercambia mensajes. Si no, pasa a la siguiente pareja.<\/p>\n<h3>3. Descubrir personas cercanas con Radar<\/h3>\n<p>El Radar de Lovoo utiliza tu ubicaci\u00f3n para mostrar qui\u00e9n est\u00e1 cerca, haciendo que las conexiones locales sean m\u00e1s f\u00e1ciles que nunca. Navega por los perfiles en un mapa en tiempo real, mira qui\u00e9n est\u00e1 conectado y env\u00eda likes o mensajes para romper el hielo.<\/p>\n<h3>4. Creaci\u00f3n de perfiles y verificaci\u00f3n de fotos<\/h3>\n<p>Los usuarios pueden crear perfiles detallados con fotos, biograf\u00edas e intereses. El sistema de verificaci\u00f3n de fotos de Lovoo ayuda a garantizar que los perfiles son reales, aumentando la confianza y la autenticidad.<\/p>\n<h3>5. Mensajes directos y rompehielos<\/h3>\n<p>Env\u00eda mensajes privados, rompehielos o regalos para captar la atenci\u00f3n de alguien. Puedes enviar mensajes directamente a los partidos, chatear con los que retransmiten en directo o iniciar conversaciones con personas de radares o retransmisiones.<\/p>\n<h3>6. Filtros avanzados<\/h3>\n<p>Lovoo ofrece filtros para acotar la b\u00fasqueda por edad, sexo, ubicaci\u00f3n, intereses y mucho m\u00e1s. Los usuarios Premium disponen de opciones a\u00fan m\u00e1s avanzadas para encontrar pareja con precisi\u00f3n.<\/p>\n<h3>7. Herramientas de seguridad y moderaci\u00f3n<\/h3>\n<p>La seguridad es una prioridad absoluta:<\/p>\n<ul>\n<li>Verificaci\u00f3n de perfiles para reducir falsificaciones y bots<\/li>\n<li>Bloquear y denunciar funciones por acoso o abuso<\/li>\n<li>Moderaci\u00f3n humana de retransmisiones en directo y fotos<\/li>\n<li>Pautas para una cita en l\u00ednea segura<\/li>\n<\/ul>\n<h3>8. Compras dentro de la aplicaci\u00f3n y moneda virtual<\/h3>\n<p>Lovoo utiliza cr\u00e9ditos para funciones premium: enviar regalos virtuales, desbloquear m\u00e1s vistas de perfil, utilizar filtros avanzados o destacar en las retransmisiones en directo. Puedes ganar cr\u00e9ditos o comprarlos directamente.<\/p>\n<h3>9. Acceso m\u00f3vil y web<\/h3>\n<p>Lovoo est\u00e1 disponible en:<\/p>\n<ul>\n<li>Aplicaciones para iOS y Android (experiencia m\u00f3vil completa)<\/li>\n<li>Navegador web en lovoo.com (ideal para usuarios de ordenadores de sobremesa)<\/li>\n<\/ul>\n<h2>C\u00f3mo utilizar Lovoo<\/h2>\n<p>Lovoo est\u00e1 dise\u00f1ado para ser r\u00e1pido e intuitivo. Aqu\u00ed tienes una gu\u00eda paso a paso para empezar a utilizar sus principales funciones:<\/p>\n<h3>Paso 1: Descargar o acceder al Lovoo<\/h3>\n<p>Encuentra Lovoo en App Store (iOS) o Google Play (Android) o visita lovoo.com para registrarte.<\/p>\n<h3>Paso 2: Registrarse y crear un perfil<\/h3>\n<p>Reg\u00edstrate utilizando tu correo electr\u00f3nico, n\u00famero de tel\u00e9fono o cuenta social. Sube fotos, rellena tus intereses y (opcionalmente) verifica tu cuenta para conseguir m\u00e1s visibilidad y confianza.<\/p>\n<h3>Paso 3: Utilizar el radar o el Discovery<\/h3>\n<ul>\n<li>Radar: Ver usuarios cercanos en un mapa, ver sus perfiles y enviar rompehielos o likes.<\/li>\n<li>Descubre: Explora perfiles recomendados o busca utilizando filtros.<\/li>\n<\/ul>\n<h3>Paso 4: Pruebe el v\u00eddeo en directo y el streaming<\/h3>\n<ul>\n<li>\u00danete a retransmisiones p\u00fablicas para ver, comentar o enviar regalos virtuales.<\/li>\n<li>Inicie su propia retransmisi\u00f3n en directo para conocer a los espectadores y charlar en tiempo real.<\/li>\n<\/ul>\n<h3>Paso 5: Videochat aleatorio<\/h3>\n<ul>\n<li>Toca la pesta\u00f1a \"Partido\" o \"V\u00eddeo\" para entrar en el modo de chat de v\u00eddeo aleatorio.<\/li>\n<li>Chatea cara a cara con tus coincidencias, p\u00e1salas o s\u00e1ltalas seg\u00fan necesites y sigue conectando con quienes te gusten.<\/li>\n<\/ul>\n<h3>Paso 6: Enviar mensajes, regalos o rompehielos<\/h3>\n<ul>\n<li>Env\u00eda mensajes directamente a los usuarios (en funci\u00f3n de tus cr\u00e9ditos o coincidencias)<\/li>\n<li>Env\u00eda regalos virtuales a streamers o personas que te interesen<\/li>\n<li>Utiliza los rompehielos para destacar<\/li>\n<\/ul>\n<h3>Paso 7: Actualizar a Premium (Opcional)<\/h3>\n<p>Lovoo Premium desbloquea:<\/p>\n<ul>\n<li>Ver qui\u00e9n ha visto tu perfil<\/li>\n<li>Env\u00eda likes ilimitados<\/li>\n<li>Utiliza filtros avanzados y refuerza tu perfil<\/li>\n<li>Navegar de forma invisible (\"Modo fantasma\")<\/li>\n<\/ul>\n<h2>Experiencia de usuario en Lovoo<\/h2>\n<p>Lovoo es elogiado por su mezcla de citas, descubrimiento e interacci\u00f3n social en directo, que ofrece algo m\u00e1s que perfiles est\u00e1ticos o un sinf\u00edn de deslizamientos.<\/p>\n<h3>Lo que les gusta a los usuarios<\/h3>\n<ul>\n<li>\u2705 Transmisiones en directo y chat de v\u00eddeo aleatorio: vea a la persona real antes de enviar mensajes.<\/li>\n<li>\u2705 Radar para el descubrimiento local: encuentra nuevos amigos o citas cerca de ti.<\/li>\n<li>\u2705 Interfaz limpia y moderna: f\u00e1cil de navegar, tanto en la aplicaci\u00f3n como en la web.<\/li>\n<li>\u2705 Interacci\u00f3n en tiempo real: comentarios, regalos y rompehielos animan el chat.<\/li>\n<li>\u2705 Verificaci\u00f3n de perfiles: ayuda a reducir el catfishing y las falsificaciones.<\/li>\n<li>\u2705 Flexible para citas, amistad o simplemente chatear.<\/li>\n<\/ul>\n<h3>Aspectos susceptibles de mejora del Lovoo<\/h3>\n<ul>\n<li>\u274c Algunas funciones (como la mensajer\u00eda ilimitada o los filtros avanzados) requieren cr\u00e9ditos o Premium.<\/li>\n<li>\u274c Los usuarios populares o streamers pueden verse abrumados con mensajes<\/li>\n<li>\u274c Perfiles falsos ocasionales (la denuncia y la verificaci\u00f3n ayudan a gestionarlo).<\/li>\n<li>\u274c Anuncios en la versi\u00f3n gratuita<\/li>\n<\/ul>\n<h3>Opiniones reales de los usuarios<\/h3>\n<blockquote><p>\"Me encantan las retransmisiones en directo: es f\u00e1cil ver qui\u00e9n es aut\u00e9ntico. Hice un par de amigos de verdad e incluso tuve algunas citas\".<br \/>\n- <em>Alex G., Trustpilot<\/em><\/p><\/blockquote>\n<blockquote><p>\"Radar es genial para conocer gente en mi ciudad. Los encuentros por videochat son r\u00e1pidos y puedes saltarlos si no encajan\".<br \/>\n- <em>Lina H., Google Play<\/em><\/p><\/blockquote>\n<blockquote><p>\"La verificaci\u00f3n de fotos cambia las reglas del juego. Conf\u00edo en Lovoo m\u00e1s que en otras aplicaciones de citas gracias a ella\".<br \/>\n- <em>Miguel R., App Store<\/em><\/p><\/blockquote>\n<h2>Lovoo vs Otras aplicaciones de chat y citas<\/h2>\n<p>\u00bfC\u00f3mo se compara Lovoo con las principales plataformas de citas y chat?<\/p>\n<table>\n<thead>\n<tr>\n<th>Caracter\u00edstica<\/th>\n<th>Lovoo<\/th>\n<th>Tinder<\/th>\n<th>Badoo<\/th>\n<th>Bumble<\/th>\n<th>HOLLA<\/th>\n<th>LivU<\/th>\n<th>Chatroulette<\/th>\n<\/tr>\n<\/thead>\n<tbody>\n<tr>\n<td>Random Video Chat con Desconocidos<\/td>\n<td>\u2705 S\u00ed<\/td>\n<td>\u274c No<\/td>\n<td>\u2705 S\u00ed<\/td>\n<td>\u274c No<\/td>\n<td>\u2705 S\u00ed<\/td>\n<td>\u2705 S\u00ed<\/td>\n<td>\u2705 S\u00ed<\/td>\n<\/tr>\n<tr>\n<td>Retransmisi\u00f3n en directo<\/td>\n<td>\u2705 S\u00ed<\/td>\n<td>\u274c No<\/td>\n<td>\u2705 S\u00ed<\/td>\n<td>\u274c No<\/td>\n<td>\u2705 S\u00ed<\/td>\n<td>\u274c No<\/td>\n<td>\u274c No<\/td>\n<\/tr>\n<tr>\n<td>Radar\/Descubrimiento de la posici\u00f3n<\/td>\n<td>\u2705 S\u00ed<\/td>\n<td>\u2705 S\u00ed<\/td>\n<td>\u2705 S\u00ed<\/td>\n<td>\u2705 S\u00ed<\/td>\n<td>\u274c No<\/td>\n<td>\u274c No<\/td>\n<td>\u274c No<\/td>\n<\/tr>\n<tr>\n<td>Verificaci\u00f3n de perfiles<\/td>\n<td>\u2705 S\u00ed<\/td>\n<td>\u26a0\ufe0f Limitada<\/td>\n<td>\u2705 S\u00ed<\/td>\n<td>\u2705 S\u00ed<\/td>\n<td>\u2705 S\u00ed<\/td>\n<td>\u2705 S\u00ed<\/td>\n<td>\u274c No<\/td>\n<\/tr>\n<tr>\n<td>Caracter\u00edsticas Premium<\/td>\n<td>\u2705 S\u00ed<\/td>\n<td>\u2705 S\u00ed<\/td>\n<td>\u2705 S\u00ed<\/td>\n<td>\u2705 S\u00ed<\/td>\n<td>\u2705 S\u00ed<\/td>\n<td>\u2705 S\u00ed<\/td>\n<td>\u274c No<\/td>\n<\/tr>\n<tr>\n<td>Amistad y citas<\/td>\n<td>\u2705 Ambos<\/td>\n<td>\u2705 Ambos<\/td>\n<td>\u2705 Ambos<\/td>\n<td>\u2705 Ambos<\/td>\n<td>\u2705 S\u00ed<\/td>\n<td>\u2705 S\u00ed<\/td>\n<td>\u274c No<\/td>\n<\/tr>\n<tr>\n<td>Regalos virtuales<\/td>\n<td>\u2705 S\u00ed<\/td>\n<td>\u274c No<\/td>\n<td>\u2705 S\u00ed<\/td>\n<td>\u274c No<\/td>\n<td>\u2705 S\u00ed<\/td>\n<td>\u2705 S\u00ed<\/td>\n<td>\u274c No<\/td>\n<\/tr>\n<tr>\n<td>Acceso m\u00f3vil y web<\/td>\n<td>\u2705 Ambos<\/td>\n<td>\u2705 Ambos<\/td>\n<td>\u2705 Ambos<\/td>\n<td>\u2705 Ambos<\/td>\n<td>M\u00f3vil<\/td>\n<td>M\u00f3vil<\/td>\n<td>\u2705 Web<\/td>\n<\/tr>\n<\/tbody>\n<\/table>\n<p>Resumen: Lovoo es perfecto para quienes buscan conexi\u00f3n en tiempo real, chat de v\u00eddeo aleatorio, descubrimiento local y transmisi\u00f3n en directo, todo en un mismo lugar.<\/p>\n<h2>\u00bfEs seguro el Lovoo?<\/h2>\n<p>Lovoo da prioridad a la seguridad y autenticidad de los usuarios, utilizando una combinaci\u00f3n de moderaci\u00f3n tecnol\u00f3gica y humana:<\/p>\n<ul>\n<li>Verificaci\u00f3n de fotos y cuentas para perfiles y retransmisores<\/li>\n<li>Moderaci\u00f3n de contenidos para transmisiones en directo, fotos y mensajes<\/li>\n<li>Funciones de denuncia\/bloqueo en todos los chats y flujos<\/li>\n<li>Normas comunitarias estrictas para evitar abusos y acoso<\/li>\n<li>Gu\u00edas y consejos para tener citas seguras en Internet<\/li>\n<\/ul>\n<h3>Consejos de seguridad<\/h3>\n<ul>\n<li>Nunca comparta su direcci\u00f3n real, informaci\u00f3n financiera u otros datos privados<\/li>\n<li>Verificar los perfiles antes de reunirse en la vida real<\/li>\n<li>Organizar encuentros p\u00fablicos para las primeras citas<\/li>\n<li>Bloquear\/denunciar a usuarios sospechosos o abusivos<\/li>\n<li>Utiliza la verificaci\u00f3n de fotos y desconf\u00eda de los perfiles no verificados<\/li>\n<\/ul>\n<h2>Consejos para aprovechar al m\u00e1ximo el Lovoo<\/h2>\n<ul>\n<li>Pruebe la retransmisi\u00f3n en directo o el videochat aleatorio para conocer gente de forma m\u00e1s natural<\/li>\n<li>Utiliza Radar para descubrir gente y eventos en tu ciudad<\/li>\n<li>Completa tu perfil y verifica tus fotos para conseguir mejores coincidencias y m\u00e1s confianza<\/li>\n<li>Env\u00eda regalos virtuales o rompehielos para destacar en chats o streams abarrotados<\/li>\n<li>Si eres un usuario avanzado o quieres navegar de forma invisible, actualiza a Premium para obtener funciones adicionales.<\/li>\n<li>Practica citas seguras y nunca te sientas presionado a compartir m\u00e1s de lo que te sientas c\u00f3modo.<\/li>\n<\/ul>\n<h2>Soluci\u00f3n de problemas comunes del Lovoo<\/h2>\n<h3>No se puede verificar el perfil ni subir fotos<\/h3>\n<p>Utiliza fotos claras y recientes; evita los filtros o las fotos de grupo. Sigue las directrices fotogr\u00e1ficas de Lovoo y aseg\u00farate de tener una buena conexi\u00f3n a internet.<\/p>\n<h3>Los v\u00eddeos en directo no se cargan<\/h3>\n<p>Comprueba tu conexi\u00f3n Wi-Fi o de datos, actualiza la aplicaci\u00f3n y cierra otras aplicaciones que utilicen tu c\u00e1mara\/micr\u00f3fono.<\/p>\n<h3>No se reciben coincidencias ni mensajes<\/h3>\n<p>Complete su perfil, verifique sus fotos, pruebe fotos nuevas o considere la posibilidad de utilizar cr\u00e9ditos para impulsar y romper el hielo.<\/p>\n<h3>La aplicaci\u00f3n se bloquea o se congela<\/h3>\n<p>Actualiza a la \u00faltima versi\u00f3n de la aplicaci\u00f3n, reinicia el dispositivo o reinstala la aplicaci\u00f3n.<\/p>\n<h3>Cuentas falsas o spam<\/h3>\n<p>Utiliza las funciones de bloqueo e informe; los usuarios verificados suelen ser seguros.<\/p>\n<h2>Reflexiones finales: \u00bfMerece la pena probar el Lovoo?<\/h2>\n<p>Por supuesto, sobre todo para quienes desean una experiencia social y de citas m\u00e1s rica y aut\u00e9ntica. Lovoo tiende un puente entre las citas, el chat y la conexi\u00f3n en tiempo real con funciones como la transmisi\u00f3n de v\u00eddeo en directo, el radar y la verificaci\u00f3n de fotos.<\/p>\n<p>Tanto si buscas amistad, diversi\u00f3n o algo m\u00e1s serio, Lovoo es una de las mejores aplicaciones para entablar relaciones reales en l\u00ednea, con seguridad, flexibilidad y descubrimiento en su n\u00facleo.<\/p>\n<p>\u00bfListo para probarlo?<br \/>\nDescarga Lovoo en App Store o Google Play, o reg\u00edstrate en lovoo.com, y ad\u00e9ntrate en un mundo de gente nueva y nuevas posibilidades. \u00bfQui\u00e9n sabe? Tu pr\u00f3ximo gran chat, amistad o incluso romance podr\u00eda estar a un toque de distancia.<\/p>","protected":false},"excerpt":{"rendered":"<p>In a world full of swipe-right apps, random chat rooms, and social networks, it can be hard to find an online platform that truly blends dating, spontaneous chat, and authentic connections. That\u2019s exactly what Lovoo has set out to achieve. Born in Germany and now a global phenomenon, Lovoo isn\u2019t just another dating app \u2014 [&hellip;]<\/p>\n","protected":false},"author":6,"featured_media":0,"parent":0,"menu_order":0,"comment_status":"closed","ping_status":"closed","template":"","meta":{"footnotes":""},"class_list":["post-5171","page","type-page","status-publish","hentry"],"yoast_head":"<!-- This site is optimized with the Yoast SEO plugin v27.3 - https:\/\/yoast.com\/product\/yoast-seo-wordpress\/ -->\n<title>Lovoo - Online dating app for flirting and chatting - TinyChat.com<\/title>\n<meta name=\"description\" content=\"Enjoying Lovoo? Join over 50,000,000 strangers on TinyChat! Turn on your cam and start meeting new people, or find a match.\" \/>\n<meta name=\"robots\" content=\"index, follow, max-snippet:-1, max-image-preview:large, max-video-preview:-1\" \/>\n<link rel=\"canonical\" href=\"https:\/\/tinychat.com\/es\/lovoo\/\" \/>\n<meta property=\"og:locale\" content=\"es_ES\" \/>\n<meta property=\"og:type\" content=\"article\" \/>\n<meta property=\"og:title\" content=\"Lovoo - Online dating app for flirting and chatting - TinyChat.com\" \/>\n<meta property=\"og:description\" content=\"Enjoying Lovoo? Join over 50,000,000 strangers on TinyChat! Turn on your cam and start meeting new people, or find a match.\" \/>\n<meta property=\"og:url\" content=\"https:\/\/tinychat.com\/es\/lovoo\/\" \/>\n<meta property=\"og:site_name\" content=\"TinyChat\" \/>\n<meta property=\"article:publisher\" content=\"https:\/\/www.facebook.com\/tinychat\" \/>\n<meta property=\"article:modified_time\" content=\"2025-07-07T16:52:55+00:00\" \/>\n<meta property=\"og:image\" content=\"https:\/\/tinychat.com\/wp-content\/uploads\/2020\/04\/Tinychat-logo-1280x284-new-black.png\" \/>\n\t<meta property=\"og:image:width\" content=\"1280\" \/>\n\t<meta property=\"og:image:height\" content=\"284\" \/>\n\t<meta property=\"og:image:type\" content=\"image\/png\" \/>\n<meta name=\"twitter:card\" content=\"summary_large_image\" \/>\n<meta name=\"twitter:site\" content=\"@tinychat\" \/>\n<meta name=\"twitter:label1\" content=\"Tiempo de lectura\" \/>\n\t<meta name=\"twitter:data1\" content=\"7 minutos\" \/>\n<script type=\"application\/ld+json\" class=\"yoast-schema-graph\">{\"@context\":\"https:\\\/\\\/schema.org\",\"@graph\":[{\"@type\":\"WebPage\",\"@id\":\"https:\\\/\\\/tinychat.com\\\/lovoo\\\/\",\"url\":\"https:\\\/\\\/tinychat.com\\\/lovoo\\\/\",\"name\":\"Lovoo - Online dating app for flirting and chatting - TinyChat.com\",\"isPartOf\":{\"@id\":\"https:\\\/\\\/tinychat.com\\\/#website\"},\"datePublished\":\"2025-07-07T15:07:51+00:00\",\"dateModified\":\"2025-07-07T16:52:55+00:00\",\"description\":\"Enjoying Lovoo? Join over 50,000,000 strangers on TinyChat! Turn on your cam and start meeting new people, or find a match.\",\"breadcrumb\":{\"@id\":\"https:\\\/\\\/tinychat.com\\\/lovoo\\\/#breadcrumb\"},\"inLanguage\":\"es\",\"potentialAction\":[{\"@type\":\"ReadAction\",\"target\":[\"https:\\\/\\\/tinychat.com\\\/lovoo\\\/\"]}]},{\"@type\":\"BreadcrumbList\",\"@id\":\"https:\\\/\\\/tinychat.com\\\/lovoo\\\/#breadcrumb\",\"itemListElement\":[{\"@type\":\"ListItem\",\"position\":1,\"name\":\"Home\",\"item\":\"https:\\\/\\\/tinychat.com\\\/\"},{\"@type\":\"ListItem\",\"position\":2,\"name\":\"Lovoo\"}]},{\"@type\":\"WebSite\",\"@id\":\"https:\\\/\\\/tinychat.com\\\/#website\",\"url\":\"https:\\\/\\\/tinychat.com\\\/\",\"name\":\"TinyChat\",\"description\":\"Random Video Chat with Strangers\",\"publisher\":{\"@id\":\"https:\\\/\\\/tinychat.com\\\/#organization\"},\"alternateName\":\"TinyChat.com\",\"potentialAction\":[{\"@type\":\"SearchAction\",\"target\":{\"@type\":\"EntryPoint\",\"urlTemplate\":\"https:\\\/\\\/tinychat.com\\\/?s={search_term_string}\"},\"query-input\":{\"@type\":\"PropertyValueSpecification\",\"valueRequired\":true,\"valueName\":\"search_term_string\"}}],\"inLanguage\":\"es\"},{\"@type\":\"Organization\",\"@id\":\"https:\\\/\\\/tinychat.com\\\/#organization\",\"name\":\"TinyChat\",\"alternateName\":\"TinyChat.com\",\"url\":\"https:\\\/\\\/tinychat.com\\\/\",\"logo\":{\"@type\":\"ImageObject\",\"inLanguage\":\"es\",\"@id\":\"https:\\\/\\\/tinychat.com\\\/#\\\/schema\\\/logo\\\/image\\\/\",\"url\":\"https:\\\/\\\/tinychat.com\\\/wp-content\\\/uploads\\\/2023\\\/11\\\/Tinychat-icon-square.png\",\"contentUrl\":\"https:\\\/\\\/tinychat.com\\\/wp-content\\\/uploads\\\/2023\\\/11\\\/Tinychat-icon-square.png\",\"width\":284,\"height\":284,\"caption\":\"TinyChat\"},\"image\":{\"@id\":\"https:\\\/\\\/tinychat.com\\\/#\\\/schema\\\/logo\\\/image\\\/\"},\"sameAs\":[\"https:\\\/\\\/www.facebook.com\\\/tinychat\",\"https:\\\/\\\/x.com\\\/tinychat\"]}]}<\/script>\n<!-- \/ Yoast SEO plugin. -->","yoast_head_json":{"title":"Lovoo - Aplicaci\u00f3n de citas en l\u00ednea para ligar y chatear - TinyChat.com","description":"\u00bfTe gusta Lovoo? \u00a1\u00danete a m\u00e1s de 50.000.000 de desconocidos en TinyChat! Enciende tu c\u00e1mara y empieza a conocer gente nueva, o encuentra una pareja.","robots":{"index":"index","follow":"follow","max-snippet":"max-snippet:-1","max-image-preview":"max-image-preview:large","max-video-preview":"max-video-preview:-1"},"canonical":"https:\/\/tinychat.com\/es\/lovoo\/","og_locale":"es_ES","og_type":"article","og_title":"Lovoo - Online dating app for flirting and chatting - TinyChat.com","og_description":"Enjoying Lovoo? Join over 50,000,000 strangers on TinyChat! Turn on your cam and start meeting new people, or find a match.","og_url":"https:\/\/tinychat.com\/es\/lovoo\/","og_site_name":"TinyChat","article_publisher":"https:\/\/www.facebook.com\/tinychat","article_modified_time":"2025-07-07T16:52:55+00:00","og_image":[{"width":1280,"height":284,"url":"https:\/\/tinychat.com\/wp-content\/uploads\/2020\/04\/Tinychat-logo-1280x284-new-black.png","type":"image\/png"}],"twitter_card":"summary_large_image","twitter_site":"@tinychat","twitter_misc":{"Tiempo de lectura":"7 minutos"},"schema":{"@context":"https:\/\/schema.org","@graph":[{"@type":"WebPage","@id":"https:\/\/tinychat.com\/lovoo\/","url":"https:\/\/tinychat.com\/lovoo\/","name":"Lovoo - Aplicaci\u00f3n de citas en l\u00ednea para ligar y chatear - TinyChat.com","isPartOf":{"@id":"https:\/\/tinychat.com\/#website"},"datePublished":"2025-07-07T15:07:51+00:00","dateModified":"2025-07-07T16:52:55+00:00","description":"\u00bfTe gusta Lovoo? \u00a1\u00danete a m\u00e1s de 50.000.000 de desconocidos en TinyChat! Enciende tu c\u00e1mara y empieza a conocer gente nueva, o encuentra una pareja.","breadcrumb":{"@id":"https:\/\/tinychat.com\/lovoo\/#breadcrumb"},"inLanguage":"es","potentialAction":[{"@type":"ReadAction","target":["https:\/\/tinychat.com\/lovoo\/"]}]},{"@type":"BreadcrumbList","@id":"https:\/\/tinychat.com\/lovoo\/#breadcrumb","itemListElement":[{"@type":"ListItem","position":1,"name":"Home","item":"https:\/\/tinychat.com\/"},{"@type":"ListItem","position":2,"name":"Lovoo"}]},{"@type":"WebSite","@id":"https:\/\/tinychat.com\/#website","url":"https:\/\/tinychat.com\/","name":"TinyChat","description":"Videochat aleatorio con desconocidos","publisher":{"@id":"https:\/\/tinychat.com\/#organization"},"alternateName":"TinyChat.com","potentialAction":[{"@type":"SearchAction","target":{"@type":"EntryPoint","urlTemplate":"https:\/\/tinychat.com\/?s={search_term_string}"},"query-input":{"@type":"PropertyValueSpecification","valueRequired":true,"valueName":"search_term_string"}}],"inLanguage":"es"},{"@type":"Organization","@id":"https:\/\/tinychat.com\/#organization","name":"TinyChat","alternateName":"TinyChat.com","url":"https:\/\/tinychat.com\/","logo":{"@type":"ImageObject","inLanguage":"es","@id":"https:\/\/tinychat.com\/#\/schema\/logo\/image\/","url":"https:\/\/tinychat.com\/wp-content\/uploads\/2023\/11\/Tinychat-icon-square.png","contentUrl":"https:\/\/tinychat.com\/wp-content\/uploads\/2023\/11\/Tinychat-icon-square.png","width":284,"height":284,"caption":"TinyChat"},"image":{"@id":"https:\/\/tinychat.com\/#\/schema\/logo\/image\/"},"sameAs":["https:\/\/www.facebook.com\/tinychat","https:\/\/x.com\/tinychat"]}]}},"_links":{"self":[{"href":"https:\/\/tinychat.com\/es\/wp-json\/wp\/v2\/pages\/5171","targetHints":{"allow":["GET"]}}],"collection":[{"href":"https:\/\/tinychat.com\/es\/wp-json\/wp\/v2\/pages"}],"about":[{"href":"https:\/\/tinychat.com\/es\/wp-json\/wp\/v2\/types\/page"}],"author":[{"embeddable":true,"href":"https:\/\/tinychat.com\/es\/wp-json\/wp\/v2\/users\/6"}],"replies":[{"embeddable":true,"href":"https:\/\/tinychat.com\/es\/wp-json\/wp\/v2\/comments?post=5171"}],"version-history":[{"count":3,"href":"https:\/\/tinychat.com\/es\/wp-json\/wp\/v2\/pages\/5171\/revisions"}],"predecessor-version":[{"id":13323,"href":"https:\/\/tinychat.com\/es\/wp-json\/wp\/v2\/pages\/5171\/revisions\/13323"}],"wp:attachment":[{"href":"https:\/\/tinychat.com\/es\/wp-json\/wp\/v2\/media?parent=5171"}],"curies":[{"name":"wp","href":"https:\/\/api.w.org\/{rel}","templated":true}]}}