{"id":5268,"date":"2025-07-26T15:53:54","date_gmt":"2025-07-26T13:53:54","guid":{"rendered":"https:\/\/tinychat.com\/?page_id=5268"},"modified":"2025-07-26T18:20:07","modified_gmt":"2025-07-26T16:20:07","slug":"chatzy","status":"publish","type":"page","link":"https:\/\/tinychat.com\/es\/chatzy\/","title":{"rendered":"Chatzy"},"content":{"rendered":"<p>A medida que las redes sociales y las plataformas de chat se hacen m\u00e1s grandes, m\u00e1s ruidosas y m\u00e1s p\u00fablicas, crece la demanda de privacidad y simplicidad: lugares donde puedas hablar con amigos, colegas o incluso desconocidos sin transmitir tus pensamientos a todo el mundo. Entra en Chatzy, una de las plataformas m\u00e1s antiguas y fiables de Internet para crear salas de chat privadas, organizar debates en grupo y disfrutar de chats de texto an\u00f3nimos, sin registros, descargas ni anuncios que enturbien tu experiencia.<\/p>\n<p>Chatzy no es s\u00f3lo otro sitio de videochat o feed social al azar. Es un espacio potente, flexible y f\u00e1cil de usar en el que puedes crear salas de chat seguras en cuesti\u00f3n de segundos, gestionar debates en grupo, invitar s\u00f3lo a aquellos en los que conf\u00edes y hablar de cualquier tema, desde aficiones hasta deberes o grupos de apoyo. Tanto si eres un profesor organizando una clase, un jugador planeando una incursi\u00f3n, un grupo de amigos poni\u00e9ndose al d\u00eda o desconocidos explorando nuevas comunidades, Chatzy proporciona las herramientas para mantener conversaciones en l\u00ednea reales, significativas y privadas.<\/p>\n<p>Esta gu\u00eda en profundidad le guiar\u00e1 a trav\u00e9s de todo lo que necesita saber sobre Chatzy: c\u00f3mo funciona, sus caracter\u00edsticas m\u00e1s destacadas, la experiencia del usuario, la privacidad y la seguridad, comparaciones con otras plataformas de chat, soluci\u00f3n de problemas y consejos para sacar el m\u00e1ximo provecho de sus salas Chatzy.<\/p>\n<h2>\u00bfQu\u00e9 es Chatzy?<\/h2>\n<p>Chatzy es una plataforma de chat basada en web que permite a cualquiera crear salas de chat privadas o p\u00fablicas para conversaciones en grupo o individuales. A diferencia de muchas aplicaciones de chat, no es necesario instalar ning\u00fan programa ni registrarse para la mayor\u00eda de las funciones: basta con crear una sala, compartir el enlace y empezar a chatear.<\/p>\n<p>Fundada a principios de la d\u00e9cada de 2000, Chatzy se ha ganado la reputaci\u00f3n de ser una soluci\u00f3n fiable, r\u00e1pida y sin publicidad para:<\/p>\n<ul>\n<li>Chats privados y grupos de estudio<\/li>\n<li>Planificaci\u00f3n de eventos y comunidades de aficionados<\/li>\n<li>Salas familiares y de amigos<\/li>\n<li>Aulas y sesiones de tutor\u00eda<\/li>\n<li>Grupos de apoyo y espacios seguros<\/li>\n<\/ul>\n<p>Centrado en la privacidad, la sencillez y el control del usuario, Chatzy sigue siendo el favorito de los usuarios que quieren m\u00e1s que las redes sociales, pero menos caos que los foros p\u00fablicos o los servidores Discord.<\/p>\n<h2>Caracter\u00edsticas principales de Chatzy<\/h2>\n<p>\u00bfQu\u00e9 hace de Chatzy una plataforma destacada para el chat en l\u00ednea? Aqu\u00ed tienes un desglose de sus caracter\u00edsticas principales y lo que la diferencia:<\/p>\n<h3>1. Creaci\u00f3n de salas de chat instant\u00e1neas<\/h3>\n<p>Crea una sala de chat en segundos. S\u00f3lo tienes que visitar Chatzy, hacer clic en \"Crear tu propia sala\", establecer un nombre y (opcionalmente) una contrase\u00f1a, y tendr\u00e1s un espacio privado listo para conversar.<\/p>\n<h3>2. Sin descargas ni registro<\/h3>\n<p>Chatzy est\u00e1 100% basado en el navegador: no hay que instalar ninguna aplicaci\u00f3n, y no se necesita correo electr\u00f3nico ni perfil para crear o unirse a la mayor\u00eda de las salas. Solo tienes que abrir el enlace y empezar a chatear.<\/p>\n<h3>3. Privacidad total y control de la sala<\/h3>\n<ul>\n<li>Salas privadas: Controla qui\u00e9n entra estableciendo una contrase\u00f1a o restringiendo el acceso.<\/li>\n<li>Herramientas de administraci\u00f3n: Prohibir, expulsar o silenciar usuarios, establecer requisitos de entrada y mucho m\u00e1s.<\/li>\n<li>Chat an\u00f3nimo: Los usuarios pueden unirse con apodos; no es necesario compartir informaci\u00f3n personal.<\/li>\n<\/ul>\n<h3>4. Grupo grande o chat 1 a 1<\/h3>\n<ul>\n<li>Se adapta a sus necesidades: Desde sesiones individuales hasta grupos de m\u00e1s de 100 usuarios.<\/li>\n<li>Mensajer\u00eda privada: Env\u00eda DMs dentro de una sala para conversaciones paralelas.<\/li>\n<\/ul>\n<h3>5. Formato enriquecido y compartici\u00f3n de medios<\/h3>\n<ul>\n<li>Formato de texto: Utiliza colores, negrita, cursiva y mucho m\u00e1s para animar los debates.<\/li>\n<li>Compartir im\u00e1genes, enlaces y archivos: Sube im\u00e1genes o comparte documentos de forma segura.<\/li>\n<li>Emojis: Dale sabor a tus mensajes con una amplia selecci\u00f3n de emojis.<\/li>\n<\/ul>\n<h3>6. Invitaciones personalizadas y configuraci\u00f3n de la sala<\/h3>\n<ul>\n<li>Invite por enlace o correo electr\u00f3nico: Comparta su sala con una URL \u00fanica o env\u00ede invitaciones por correo electr\u00f3nico directamente desde Chatzy.<\/li>\n<li>Personaliza tu sala: Establece mensajes de bienvenida, roles de usuario, reglas de entrada y temas para cada sala.<\/li>\n<\/ul>\n<h3>7. Registros de actividades y transcripciones<\/h3>\n<ul>\n<li>Consulta el historial de mensajes: Despl\u00e1zate hacia atr\u00e1s por los registros de chat o exporta transcripciones para utilizarlas m\u00e1s tarde, lo que te resultar\u00e1 muy \u00fatil en clases, reuniones o discusiones importantes.<\/li>\n<\/ul>\n<h3>8. Codificaci\u00f3n por colores y etiquetas de usuario<\/h3>\n<ul>\n<li>Asigne colores a los usuarios para facilitar el seguimiento de las conversaciones.<\/li>\n<li>Etiquetas\/roles de usuario para administradores, profesores o invitados especiales.<\/li>\n<\/ul>\n<h3>9. Registro opcional para usuarios avanzados<\/h3>\n<ul>\n<li>Crea una cuenta gratuita en Chatzy para gestionar tus salas favoritas, acceder a todas tus invitaciones privadas y personalizar tu experiencia de chat.<\/li>\n<li>Funciones Premium: Por una peque\u00f1a cuota, desbloquea extras como la ausencia de l\u00edmites de mensajes, salas m\u00e1s grandes o controles de administraci\u00f3n avanzados.<\/li>\n<\/ul>\n<h2>C\u00f3mo utilizar Chatzy<\/h2>\n<p>Empezar a utilizar Chatzy es f\u00e1cil, r\u00e1pido y gratis. Aqu\u00ed tienes una gu\u00eda paso a paso para usuarios nuevos y avanzados:<\/p>\n<h3>Paso 1: Visite el sitio web de Chatzy<\/h3>\n<p>Accede a chatzy.com desde cualquier navegador.<\/p>\n<h3>Paso 2: Crear una sala de chat o unirse a ella<\/h3>\n<ul>\n<li>Cree una sala: Haga clic en \"Crear su propia sala\", establezca un nombre para la sala y (si lo desea) una contrase\u00f1a o requisitos de entrada.<\/li>\n<li>\u00danete a una sala: Introduce el enlace de invitaci\u00f3n o la URL de la sala que has recibido de un amigo, grupo o profesor.<\/li>\n<\/ul>\n<h3>Paso 3: Establezca su apodo<\/h3>\n<p>Se te pedir\u00e1 que introduzcas un nombre para mostrar. No es necesario registrarse ni introducir un nombre real.<\/p>\n<h3>Paso 4: Invitar a otros<\/h3>\n<p>Comparta la URL exclusiva de la sala o utilice la herramienta de invitaci\u00f3n por correo electr\u00f3nico integrada en Chatzy para invitar a otras personas.<\/p>\n<h3>Paso 5: Personalizar y gestionar la sala<\/h3>\n<ul>\n<li>Establecer mensajes o reglas de bienvenida<\/li>\n<li>Asignar funciones (administrador, moderador, invitado)<\/li>\n<li>Utilice la configuraci\u00f3n de la sala para gestionar el acceso, el historial o los permisos de usuario<\/li>\n<\/ul>\n<h3>Paso 6: \u00a1Comienza a chatear!<\/h3>\n<p>Escribe mensajes, comparte archivos, publica im\u00e1genes o enlaces y disfruta de una conversaci\u00f3n en tiempo real con tu grupo.<\/p>\n<h3>Paso 7: Utilizar mensajes privados o etiquetas<\/h3>\n<p>Env\u00eda mensajes directos a otros usuarios de la sala o etiqueta a los participantes para mayor claridad.<\/p>\n<h3>Paso 8: Exportar o guardar los registros de chat (si es necesario)<\/h3>\n<p>Para reuniones, grupos de estudio o eventos importantes, exporta el historial de chat como referencia.<\/p>\n<h2>Experiencia de usuario en Chatzy<\/h2>\n<p>La experiencia de usuario de Chatzy se basa en la privacidad, el control y la flexibilidad, sin renunciar a la sencillez.<\/p>\n<h3>Lo que les gusta a los usuarios<\/h3>\n<ul>\n<li>Sin registros ni descargas complicadas: Un enlace y ya est\u00e1.<\/li>\n<li>Privacidad total: Los creadores de salas controlan qui\u00e9n entra, qu\u00e9 es visible y qui\u00e9n puede hablar.<\/li>\n<li>Grupo o 1 a 1: Adaptable a cualquier situaci\u00f3n, desde terapia privada a grandes eventos.<\/li>\n<li>Experiencia personalizable: Los administradores establecen temas, reglas y mucho m\u00e1s.<\/li>\n<li>M\u00ednimos anuncios: Incluso los usuarios gratuitos se enfrentan a casi cero distracciones.<\/li>\n<li>Intercambio de texto, medios y archivos: Perfecto para clases, el trabajo o grupos de amigos.<\/li>\n<\/ul>\n<h3>Donde los usuarios ven margen de mejora<\/h3>\n<ul>\n<li>La interfaz es b\u00e1sica en comparaci\u00f3n con las aplicaciones modernas (pero algunos prefieren esta simplicidad).<\/li>\n<li>No hay chat de v\u00eddeo o audio (Chatzy se basa en texto).<\/li>\n<li>Spam ocasional (las salas privadas con contrase\u00f1a eliminan este problema).<\/li>\n<li>Algunas funciones, como las habitaciones m\u00e1s grandes o los controles avanzados, son s\u00f3lo premium.<\/li>\n<\/ul>\n<h3>Opiniones reales de los usuarios<\/h3>\n<blockquote><p>\"Utilizamos Chatzy para nuestro grupo de estudio a distancia. Privado, seguro y podemos guardar nuestros registros de chat para revisarlos\".<br \/>\n- <em>Melissa J., Trustpilot<\/em><\/p><\/blockquote>\n<blockquote><p>\"No necesito descargas ni aplicaciones. Env\u00edo a mi equipo un enlace y estamos listos para colaborar en segundos\".<br \/>\n- <em>Rajiv S., Google Reviews<\/em><\/p><\/blockquote>\n<blockquote><p>\"Me encanta poder crear salas para cualquier cosa: club de lectura, charla familiar, grupo de apoyo. Simplemente funciona\".<br \/>\n- <em>Nina P., App Store<\/em><\/p><\/blockquote>\n<h2>Chatzy frente a otras plataformas de chat<\/h2>\n<p>\u00bfC\u00f3mo se compara Chatzy con las aplicaciones de chat privadas y de grupo m\u00e1s conocidas?<\/p>\n<table>\n<thead>\n<tr>\n<th>Caracter\u00edstica<\/th>\n<th>Chatzy<\/th>\n<th>Yesichat<\/th>\n<th>Chat Avenue<\/th>\n<th>Discordia<\/th>\n<th>Slack<\/th>\n<th>Telegrama<\/th>\n<th>WhatsApp<\/th>\n<\/tr>\n<\/thead>\n<tbody>\n<tr>\n<td>No es necesario inscribirse<\/td>\n<td>\u2705 S\u00ed<\/td>\n<td>\u2705 S\u00ed<\/td>\n<td>\u2705 S\u00ed<\/td>\n<td>\u274c No<\/td>\n<td>\u274c No<\/td>\n<td>\u274c No<\/td>\n<td>\u274c No<\/td>\n<\/tr>\n<tr>\n<td>Salas de chat en grupo<\/td>\n<td>\u2705 S\u00ed<\/td>\n<td>\u2705 S\u00ed<\/td>\n<td>\u2705 S\u00ed<\/td>\n<td>\u2705 S\u00ed<\/td>\n<td>\u2705 S\u00ed<\/td>\n<td>\u2705 S\u00ed<\/td>\n<td>\u2705 S\u00ed<\/td>\n<\/tr>\n<tr>\n<td>Chat privado<\/td>\n<td>\u2705 S\u00ed<\/td>\n<td>\u2705 S\u00ed<\/td>\n<td>\u2705 S\u00ed<\/td>\n<td>\u2705 S\u00ed<\/td>\n<td>\u2705 S\u00ed<\/td>\n<td>\u2705 S\u00ed<\/td>\n<td>\u2705 S\u00ed<\/td>\n<\/tr>\n<tr>\n<td>Chat de v\u00eddeo\/audio<\/td>\n<td>\u274c No<\/td>\n<td>\u2705 S\u00ed<\/td>\n<td>\u2705 S\u00ed<\/td>\n<td>\u2705 S\u00ed<\/td>\n<td>\u2705 S\u00ed<\/td>\n<td>\u2705 S\u00ed<\/td>\n<td>\u2705 S\u00ed<\/td>\n<\/tr>\n<tr>\n<td>Uso an\u00f3nimo<\/td>\n<td>\u2705 S\u00ed<\/td>\n<td>\u2705 S\u00ed<\/td>\n<td>\u2705 S\u00ed<\/td>\n<td>\u274c No<\/td>\n<td>\u274c No<\/td>\n<td>\u26a0\ufe0f Limitada<\/td>\n<td>\u26a0\ufe0f Limitada<\/td>\n<\/tr>\n<tr>\n<td>Sin descargas<\/td>\n<td>\u2705 S\u00ed<\/td>\n<td>\u2705 S\u00ed<\/td>\n<td>\u2705 S\u00ed<\/td>\n<td>\u274c No<\/td>\n<td>\u274c No<\/td>\n<td>\u26a0\ufe0f M\u00f3vil<\/td>\n<td>\u26a0\ufe0f M\u00f3vil<\/td>\n<\/tr>\n<tr>\n<td>Formato de texto<\/td>\n<td>\u2705 S\u00ed<\/td>\n<td>\u2705 Limitada<\/td>\n<td>\u274c No<\/td>\n<td>\u2705 S\u00ed<\/td>\n<td>\u2705 S\u00ed<\/td>\n<td>\u2705 Limitada<\/td>\n<td>\u2705 Limitada<\/td>\n<\/tr>\n<tr>\n<td>Compartir archivos e im\u00e1genes<\/td>\n<td>\u2705 S\u00ed<\/td>\n<td>\u2705 S\u00ed<\/td>\n<td>\u2705 S\u00ed<\/td>\n<td>\u2705 S\u00ed<\/td>\n<td>\u2705 S\u00ed<\/td>\n<td>\u2705 S\u00ed<\/td>\n<td>\u2705 S\u00ed<\/td>\n<\/tr>\n<tr>\n<td>Control de sala personalizado<\/td>\n<td>\u2705 S\u00ed<\/td>\n<td>\u2705 Limitada<\/td>\n<td>\u2705 S\u00ed<\/td>\n<td>\u2705 S\u00ed<\/td>\n<td>\u2705 S\u00ed<\/td>\n<td>\u2705 S\u00ed<\/td>\n<td>\u274c No<\/td>\n<\/tr>\n<\/tbody>\n<\/table>\n<p>Resumen: Chatzy es \u00fanico para el chat de texto en grupo privado, instant\u00e1neo y basado en navegador, sin necesidad de registrarse ni de una aplicaci\u00f3n, por lo que es ideal para aulas, familias, apoyo privado y cualquier grupo que busque seguridad y simplicidad.<\/p>\n<h2>\u00bfEs seguro el Chatzy?<\/h2>\n<p>Chatzy pone la privacidad y el control del usuario en su centro:<\/p>\n<ul>\n<li>Salas privadas: Establece contrase\u00f1as, restringe la entrada y expulsa\/banea usuarios seg\u00fan sea necesario.<\/li>\n<li>No se requieren datos personales: Utiliza s\u00f3lo apodos; no se necesita correo electr\u00f3nico ni n\u00famero de tel\u00e9fono para el uso b\u00e1sico.<\/li>\n<li>S\u00f3lo enlaces directos: Comparte tu sala s\u00f3lo con personas de confianza; las salas privadas no se publican.<\/li>\n<li>No se guardan registros de chat en servidores p\u00fablicos: Usted controla sus propias transcripciones.<\/li>\n<li>M\u00ednimo seguimiento o anuncios de terceros: La plataforma se basa en la confianza de los usuarios, no en los ingresos por publicidad.<\/li>\n<\/ul>\n<h3>Consejos de seguridad<\/h3>\n<ul>\n<li>Utilice contrase\u00f1as seguras para las salas privadas.<\/li>\n<li>Comparte el enlace de tu habitaci\u00f3n s\u00f3lo con personas de confianza.<\/li>\n<li>Expulsa o banea inmediatamente a los usuarios no deseados.<\/li>\n<li>No compartas informaci\u00f3n sensible en los chats (ni siquiera en los privados).<\/li>\n<li>Utiliza la mensajer\u00eda privada para conversaciones individuales si es necesario.<\/li>\n<\/ul>\n<h2>Consejos para sacar el m\u00e1ximo partido al Chatzy<\/h2>\n<ul>\n<li>Perfecto para profesores y grupos de estudio: organiza clases virtuales, asigna roles y guarda los registros de chat para los deberes.<\/li>\n<li>Salas para familiares o amigos: Crea salas de chat continuas para mantenerte en contacto sin necesidad de mensajes de grupo ni aplicaciones engorrosas.<\/li>\n<li>Establezca una contrase\u00f1a: Para lograr la m\u00e1xima privacidad, protege siempre con contrase\u00f1a las habitaciones importantes.<\/li>\n<li>Utiliza el formato y los colores: Haz que los chats sean animados y m\u00e1s f\u00e1ciles de leer.<\/li>\n<li>Exporta transcripciones: Guarda discusiones importantes, notas de reuniones o sesiones creativas.<\/li>\n<li>Asigna roles a los usuarios: Mant\u00e9n el orden en las grandes salas otorgando a los usuarios de confianza poderes de moderador.<\/li>\n<li>Personaliza tu habitaci\u00f3n: Cambia los temas, establece normas y escribe un mensaje de bienvenida para marcar la pauta.<\/li>\n<li>Cambie de dispositivo f\u00e1cilmente: Al estar basado en navegador, Chatzy funciona en cualquier ordenador, tel\u00e9fono o tableta, sin necesidad de descargas.<\/li>\n<\/ul>\n<h2>Soluci\u00f3n de problemas comunes del Chatzy<\/h2>\n<h3>No se puede entrar en una habitaci\u00f3n<\/h3>\n<p>Compruebe si la sala requiere contrase\u00f1a; p\u00f3ngase en contacto con el administrador para obtener acceso. Aseg\u00farate de que utilizas el enlace correcto.<\/p>\n<h3>Spam o usuarios no deseados<\/h3>\n<p>Utiliza siempre salas protegidas por contrase\u00f1a. Utiliza el panel de administraci\u00f3n para bloquear o silenciar a los alborotadores al instante.<\/p>\n<h3>Registros de chat perdidos<\/h3>\n<p>Exporta las transcripciones importantes con regularidad; las ca\u00eddas del navegador o el cierre de pesta\u00f1as pueden hacer que se pierda el historial no guardado.<\/p>\n<h3>No funciona la compartici\u00f3n de im\u00e1genes o archivos<\/h3>\n<p>Compruebe el tipo de archivo y los l\u00edmites de tama\u00f1o. Aseg\u00farate de que tu navegador est\u00e1 actualizado y es compatible con las funciones necesarias.<\/p>\n<h3>No se puede utilizar el formato ni los colores<\/h3>\n<p>Consulte la secci\u00f3n de ayuda del Chatzy para conocer los c\u00f3digos de formato y la sintaxis adecuados.<\/p>\n<p>Absolutamente, especialmente para cualquiera que busque una experiencia de sala de chat privada, flexible y fiable sin las molestias de las redes sociales modernas. Chatzy ofrece un chat de grupo puro y personalizable sin registro, sin descargas y con control total del usuario.<\/p>\n<p>Tanto si est\u00e1 organizando una clase como un grupo de apoyo, planificando un evento o simplemente manteniendo unido a su grupo de amigos, Chatzy es una soluci\u00f3n atemporal y de confianza, tan actual hoy como cuando se lanz\u00f3 por primera vez.<\/p>\n<p>\u00bfListo para crear tu sala privada? Visita chatzy.com, configura tu espacio de chat y comienza tu pr\u00f3xima conversaci\u00f3n en cuesti\u00f3n de segundos.<\/p>","protected":false},"excerpt":{"rendered":"<p>As social networks and chat platforms get bigger, noisier, and more public, there\u2019s a growing demand for privacy and simplicity\u2014places where you can talk with friends, colleagues, or even strangers without broadcasting your thoughts to the whole world. Enter Chatzy, one of the web\u2019s longest-running, most trusted platforms for creating private chat rooms, hosting group [&hellip;]<\/p>\n","protected":false},"author":6,"featured_media":0,"parent":0,"menu_order":0,"comment_status":"closed","ping_status":"closed","template":"","meta":{"footnotes":""},"class_list":["post-5268","page","type-page","status-publish","hentry"],"yoast_head":"<!-- This site is optimized with the Yoast SEO plugin v27.4 - https:\/\/yoast.com\/product\/yoast-seo-wordpress\/ -->\n<title>Chatzy - Free Private Chat Rooms - TinyChat.com<\/title>\n<meta name=\"description\" content=\"Enjoying Chatzy? Join over 50,000,000 strangers on TinyChat! Turn on your cam and start meeting new people, or find a match.\" \/>\n<meta name=\"robots\" content=\"index, follow, max-snippet:-1, max-image-preview:large, max-video-preview:-1\" \/>\n<link rel=\"canonical\" href=\"https:\/\/tinychat.com\/es\/chatzy\/\" \/>\n<meta property=\"og:locale\" content=\"es_ES\" \/>\n<meta property=\"og:type\" content=\"article\" \/>\n<meta property=\"og:title\" content=\"Chatzy - Free Private Chat Rooms - TinyChat.com\" \/>\n<meta property=\"og:description\" content=\"Enjoying Chatzy? Join over 50,000,000 strangers on TinyChat! Turn on your cam and start meeting new people, or find a match.\" \/>\n<meta property=\"og:url\" content=\"https:\/\/tinychat.com\/es\/chatzy\/\" \/>\n<meta property=\"og:site_name\" content=\"TinyChat\" \/>\n<meta property=\"article:publisher\" content=\"https:\/\/www.facebook.com\/tinychat\" \/>\n<meta property=\"article:modified_time\" content=\"2025-07-26T16:20:07+00:00\" \/>\n<meta property=\"og:image\" content=\"https:\/\/tinychat.com\/wp-content\/uploads\/2020\/04\/Tinychat-logo-1280x284-new-black.png\" \/>\n\t<meta property=\"og:image:width\" content=\"1280\" \/>\n\t<meta property=\"og:image:height\" content=\"284\" \/>\n\t<meta property=\"og:image:type\" content=\"image\/png\" \/>\n<meta name=\"twitter:card\" content=\"summary_large_image\" \/>\n<meta name=\"twitter:site\" content=\"@tinychat\" \/>\n<meta name=\"twitter:label1\" content=\"Tiempo de lectura\" \/>\n\t<meta name=\"twitter:data1\" content=\"8 minutos\" \/>\n<script type=\"application\/ld+json\" class=\"yoast-schema-graph\">{\"@context\":\"https:\\\/\\\/schema.org\",\"@graph\":[{\"@type\":\"WebPage\",\"@id\":\"https:\\\/\\\/tinychat.com\\\/chatzy\\\/\",\"url\":\"https:\\\/\\\/tinychat.com\\\/chatzy\\\/\",\"name\":\"Chatzy - Free Private Chat Rooms - TinyChat.com\",\"isPartOf\":{\"@id\":\"https:\\\/\\\/tinychat.com\\\/#website\"},\"datePublished\":\"2025-07-26T13:53:54+00:00\",\"dateModified\":\"2025-07-26T16:20:07+00:00\",\"description\":\"Enjoying Chatzy? Join over 50,000,000 strangers on TinyChat! Turn on your cam and start meeting new people, or find a match.\",\"breadcrumb\":{\"@id\":\"https:\\\/\\\/tinychat.com\\\/chatzy\\\/#breadcrumb\"},\"inLanguage\":\"es\",\"potentialAction\":[{\"@type\":\"ReadAction\",\"target\":[\"https:\\\/\\\/tinychat.com\\\/chatzy\\\/\"]}]},{\"@type\":\"BreadcrumbList\",\"@id\":\"https:\\\/\\\/tinychat.com\\\/chatzy\\\/#breadcrumb\",\"itemListElement\":[{\"@type\":\"ListItem\",\"position\":1,\"name\":\"Home\",\"item\":\"https:\\\/\\\/tinychat.com\\\/\"},{\"@type\":\"ListItem\",\"position\":2,\"name\":\"Chatzy\"}]},{\"@type\":\"WebSite\",\"@id\":\"https:\\\/\\\/tinychat.com\\\/#website\",\"url\":\"https:\\\/\\\/tinychat.com\\\/\",\"name\":\"TinyChat\",\"description\":\"Random Video Chat with Strangers\",\"publisher\":{\"@id\":\"https:\\\/\\\/tinychat.com\\\/#organization\"},\"alternateName\":\"TinyChat.com\",\"potentialAction\":[{\"@type\":\"SearchAction\",\"target\":{\"@type\":\"EntryPoint\",\"urlTemplate\":\"https:\\\/\\\/tinychat.com\\\/?s={search_term_string}\"},\"query-input\":{\"@type\":\"PropertyValueSpecification\",\"valueRequired\":true,\"valueName\":\"search_term_string\"}}],\"inLanguage\":\"es\"},{\"@type\":\"Organization\",\"@id\":\"https:\\\/\\\/tinychat.com\\\/#organization\",\"name\":\"TinyChat\",\"alternateName\":\"TinyChat.com\",\"url\":\"https:\\\/\\\/tinychat.com\\\/\",\"logo\":{\"@type\":\"ImageObject\",\"inLanguage\":\"es\",\"@id\":\"https:\\\/\\\/tinychat.com\\\/#\\\/schema\\\/logo\\\/image\\\/\",\"url\":\"https:\\\/\\\/tinychat.com\\\/wp-content\\\/uploads\\\/2023\\\/11\\\/Tinychat-icon-square.png\",\"contentUrl\":\"https:\\\/\\\/tinychat.com\\\/wp-content\\\/uploads\\\/2023\\\/11\\\/Tinychat-icon-square.png\",\"width\":284,\"height\":284,\"caption\":\"TinyChat\"},\"image\":{\"@id\":\"https:\\\/\\\/tinychat.com\\\/#\\\/schema\\\/logo\\\/image\\\/\"},\"sameAs\":[\"https:\\\/\\\/www.facebook.com\\\/tinychat\",\"https:\\\/\\\/x.com\\\/tinychat\"]}]}<\/script>\n<!-- \/ Yoast SEO plugin. -->","yoast_head_json":{"title":"Chatzy - Salas de chat privadas y gratuitas - TinyChat.com","description":"\u00bfTe gusta Chatzy? \u00a1\u00danete a m\u00e1s de 50.000.000 de desconocidos en TinyChat! Enciende tu c\u00e1mara y empieza a conocer gente nueva, o encuentra una pareja.","robots":{"index":"index","follow":"follow","max-snippet":"max-snippet:-1","max-image-preview":"max-image-preview:large","max-video-preview":"max-video-preview:-1"},"canonical":"https:\/\/tinychat.com\/es\/chatzy\/","og_locale":"es_ES","og_type":"article","og_title":"Chatzy - Free Private Chat Rooms - TinyChat.com","og_description":"Enjoying Chatzy? Join over 50,000,000 strangers on TinyChat! Turn on your cam and start meeting new people, or find a match.","og_url":"https:\/\/tinychat.com\/es\/chatzy\/","og_site_name":"TinyChat","article_publisher":"https:\/\/www.facebook.com\/tinychat","article_modified_time":"2025-07-26T16:20:07+00:00","og_image":[{"width":1280,"height":284,"url":"https:\/\/tinychat.com\/wp-content\/uploads\/2020\/04\/Tinychat-logo-1280x284-new-black.png","type":"image\/png"}],"twitter_card":"summary_large_image","twitter_site":"@tinychat","twitter_misc":{"Tiempo de lectura":"8 minutos"},"schema":{"@context":"https:\/\/schema.org","@graph":[{"@type":"WebPage","@id":"https:\/\/tinychat.com\/chatzy\/","url":"https:\/\/tinychat.com\/chatzy\/","name":"Chatzy - Salas de chat privadas y gratuitas - TinyChat.com","isPartOf":{"@id":"https:\/\/tinychat.com\/#website"},"datePublished":"2025-07-26T13:53:54+00:00","dateModified":"2025-07-26T16:20:07+00:00","description":"\u00bfTe gusta Chatzy? \u00a1\u00danete a m\u00e1s de 50.000.000 de desconocidos en TinyChat! Enciende tu c\u00e1mara y empieza a conocer gente nueva, o encuentra una pareja.","breadcrumb":{"@id":"https:\/\/tinychat.com\/chatzy\/#breadcrumb"},"inLanguage":"es","potentialAction":[{"@type":"ReadAction","target":["https:\/\/tinychat.com\/chatzy\/"]}]},{"@type":"BreadcrumbList","@id":"https:\/\/tinychat.com\/chatzy\/#breadcrumb","itemListElement":[{"@type":"ListItem","position":1,"name":"Home","item":"https:\/\/tinychat.com\/"},{"@type":"ListItem","position":2,"name":"Chatzy"}]},{"@type":"WebSite","@id":"https:\/\/tinychat.com\/#website","url":"https:\/\/tinychat.com\/","name":"TinyChat","description":"Videochat aleatorio con desconocidos","publisher":{"@id":"https:\/\/tinychat.com\/#organization"},"alternateName":"TinyChat.com","potentialAction":[{"@type":"SearchAction","target":{"@type":"EntryPoint","urlTemplate":"https:\/\/tinychat.com\/?s={search_term_string}"},"query-input":{"@type":"PropertyValueSpecification","valueRequired":true,"valueName":"search_term_string"}}],"inLanguage":"es"},{"@type":"Organization","@id":"https:\/\/tinychat.com\/#organization","name":"TinyChat","alternateName":"TinyChat.com","url":"https:\/\/tinychat.com\/","logo":{"@type":"ImageObject","inLanguage":"es","@id":"https:\/\/tinychat.com\/#\/schema\/logo\/image\/","url":"https:\/\/tinychat.com\/wp-content\/uploads\/2023\/11\/Tinychat-icon-square.png","contentUrl":"https:\/\/tinychat.com\/wp-content\/uploads\/2023\/11\/Tinychat-icon-square.png","width":284,"height":284,"caption":"TinyChat"},"image":{"@id":"https:\/\/tinychat.com\/#\/schema\/logo\/image\/"},"sameAs":["https:\/\/www.facebook.com\/tinychat","https:\/\/x.com\/tinychat"]}]}},"_links":{"self":[{"href":"https:\/\/tinychat.com\/es\/wp-json\/wp\/v2\/pages\/5268","targetHints":{"allow":["GET"]}}],"collection":[{"href":"https:\/\/tinychat.com\/es\/wp-json\/wp\/v2\/pages"}],"about":[{"href":"https:\/\/tinychat.com\/es\/wp-json\/wp\/v2\/types\/page"}],"author":[{"embeddable":true,"href":"https:\/\/tinychat.com\/es\/wp-json\/wp\/v2\/users\/6"}],"replies":[{"embeddable":true,"href":"https:\/\/tinychat.com\/es\/wp-json\/wp\/v2\/comments?post=5268"}],"version-history":[{"count":3,"href":"https:\/\/tinychat.com\/es\/wp-json\/wp\/v2\/pages\/5268\/revisions"}],"predecessor-version":[{"id":13368,"href":"https:\/\/tinychat.com\/es\/wp-json\/wp\/v2\/pages\/5268\/revisions\/13368"}],"wp:attachment":[{"href":"https:\/\/tinychat.com\/es\/wp-json\/wp\/v2\/media?parent=5268"}],"curies":[{"name":"wp","href":"https:\/\/api.w.org\/{rel}","templated":true}]}}