{"id":7865,"date":"2025-08-27T08:33:59","date_gmt":"2025-08-27T06:33:59","guid":{"rendered":"https:\/\/tinychat.com\/?page_id=7865"},"modified":"2025-08-27T09:32:44","modified_gmt":"2025-08-27T07:32:44","slug":"talk-with-stranger","status":"publish","type":"page","link":"https:\/\/tinychat.com\/es\/talk-with-stranger\/","title":{"rendered":"Talk With Stranger"},"content":{"rendered":"<p>Internet est\u00e1 lleno de plataformas que ayudan a la gente a conectar, pero pocas ofrecen la imprevisibilidad y la emoci\u00f3n del chat aleatorio. Mientras que en las redes sociales todo gira en torno a los feeds y los c\u00edrculos conocidos, las plataformas de chat aleatorio devuelven la espontaneidad al mundo online. Uno de los servicios m\u00e1s populares en este \u00e1mbito es Talk With Stranger, una plataforma dise\u00f1ada para que conocer gente nueva sea tan f\u00e1cil como pulsar un bot\u00f3n.<\/p>\n<p>A diferencia de las aplicaciones de mensajer\u00eda tradicionales, Talk With Stranger se centra en el anonimato, la aleatoriedad y la accesibilidad. Te da la oportunidad de conocer a desconocidos de todo el mundo, ya sea a trav\u00e9s de salas de chat de texto o de conversaciones cara a cara, sin necesidad de registrarte. Para las personas que disfrutan con los encuentros imprevistos, es una alternativa atractiva a grandes nombres como Omegle, Chatroulette y ChatHub.<\/p>\n<p>En esta rese\u00f1a, analizaremos en detalle lo que ofrece Talk With Stranger, sus funciones, c\u00f3mo utilizarlo, la experiencia de usuario, las herramientas de seguridad y c\u00f3mo se compara con otras plataformas.<\/p>\n<h2>\u00bfQu\u00e9 es Talk With Stranger?<\/h2>\n<p>Talk With Stranger es una plataforma de chat en l\u00ednea gratuita que te permite conectar con desconocidos a trav\u00e9s de chat de texto, voz y v\u00eddeo. Su objetivo es crear oportunidades para que la gente se conozca sin necesidad de perfiles, inscripciones complicadas o compromisos a largo plazo.<\/p>\n<p>En esencia, la plataforma trata de:<\/p>\n<ul>\n<li>Interacciones aleatorias: Nunca sabes a qui\u00e9n conocer\u00e1s despu\u00e9s.<\/li>\n<li>Salas impulsadas por la comunidad: \u00danete a grupos de debate sobre temas de tu inter\u00e9s.<\/li>\n<li>Anonimato: Chatea sin revelar datos personales.<\/li>\n<\/ul>\n<p>Forma parte de una creciente categor\u00eda de servicios de chat ligeros y basados en navegadores que te dan acceso instant\u00e1neo a desconocidos, ya sea para hacer nuevos amigos, pasar el rato o simplemente ver de qu\u00e9 hablan los dem\u00e1s.<\/p>\n<h2>Caracter\u00edsticas principales de Talk With Stranger<\/h2>\n<p>Talk With Stranger ofrece una mezcla de nostalgia de las salas de chat cl\u00e1sicas y modernas herramientas de chat aleatorio, lo que lo hace atractivo para un p\u00fablico amplio.<\/p>\n<h3>1. Salas de chat p\u00fablicas<\/h3>\n<ul>\n<li>Salas de chat tem\u00e1ticas donde se re\u00fanen grupos de personas.<\/li>\n<li>Los temas abarcan desde aficiones y deportes hasta espacios informales para \"conocer gente nueva\".<\/li>\n<li>Ideal para usuarios que prefieren las conversaciones en grupo.<\/li>\n<\/ul>\n<h3>2. Chat individual<\/h3>\n<ul>\n<li>Empar\u00e9jate al azar con un desconocido para mantener una conversaci\u00f3n directa.<\/li>\n<li>Puede ser s\u00f3lo texto o incluir v\u00eddeo y audio.<\/li>\n<li>Cada partido es privado y temporal.<\/li>\n<\/ul>\n<h3>3. Opciones de voz y v\u00eddeo<\/h3>\n<ul>\n<li>Ve m\u00e1s all\u00e1 del texto activando la webcam y el micr\u00f3fono.<\/li>\n<li>Ofrece una experiencia m\u00e1s personal y aut\u00e9ntica.<\/li>\n<\/ul>\n<h3>4. Anonimato<\/h3>\n<ul>\n<li>No es necesario registrarse para utilizar las funciones b\u00e1sicas.<\/li>\n<li>Puedes permanecer en el anonimato mientras chateas.<\/li>\n<\/ul>\n<h3>5. Compatibilidad entre dispositivos<\/h3>\n<ul>\n<li>Funciona en navegadores de escritorio y m\u00f3viles.<\/li>\n<li>Algunas regiones tambi\u00e9n permiten el acceso a trav\u00e9s de aplicaciones.<\/li>\n<\/ul>\n<h3>6. Interacci\u00f3n comunitaria<\/h3>\n<ul>\n<li>Los usuarios pueden a\u00f1adir amigos si encuentran a alguien interesante.<\/li>\n<li>Algunas funciones permiten mantener conversaciones continuas en lugar de chats puntuales.<\/li>\n<\/ul>\n<h2>C\u00f3mo utilizar Talk With Stranger<\/h2>\n<p>Talk With Stranger est\u00e1 dise\u00f1ado para ser lo m\u00e1s sencillo posible. A continuaci\u00f3n te explicamos c\u00f3mo empezar:<\/p>\n<h3>Paso 1: Visite el sitio web<\/h3>\n<ul>\n<li>Abra el sitio oficial de Talk With Stranger en su navegador.<\/li>\n<\/ul>\n<h3>Paso 2: Elija un modo<\/h3>\n<ul>\n<li>Entra en una sala de chat p\u00fablica.<\/li>\n<li>O inicia un chat privado.<\/li>\n<\/ul>\n<h3>Paso 3: Permitir permisos (opcional)<\/h3>\n<ul>\n<li>Para chatear por v\u00eddeo o voz, permite el acceso a tu c\u00e1mara y micr\u00f3fono.<\/li>\n<\/ul>\n<h3>Paso 4: Empezar a hablar<\/h3>\n<ul>\n<li>\u00danete a la conversaci\u00f3n, escribe un mensaje o enciende tu webcam.<\/li>\n<\/ul>\n<h3>Paso 5: Seguir explorando<\/h3>\n<ul>\n<li>Cambia de sala de chat o salta a nuevos desconocidos tan a menudo como quieras.<\/li>\n<\/ul>\n<p>Este enfoque \"drop-in, drop-out\" facilita su uso tanto si se dispone de cinco minutos como de toda una tarde.<\/p>\n<h2>Experiencia de usuario en Talk With Stranger<\/h2>\n<p>Talk With Stranger combina elementos de las salas de chat cl\u00e1sicas con los nuevos sistemas de chat aleatorio.<\/p>\n<h3>Lo que les gusta a los usuarios<\/h3>\n<ul>\n<li>Las salas de chat p\u00fablicas resultan nost\u00e1lgicas e interactivas.<\/li>\n<li>Los chats individuales son de f\u00e1cil acceso y an\u00f3nimos.<\/li>\n<li>Admite texto, voz y v\u00eddeo para mayor flexibilidad.<\/li>\n<li>Funciona en todos los dispositivos sin necesidad de descargas.<\/li>\n<\/ul>\n<h3>Quejas comunes<\/h3>\n<ul>\n<li>Las salas abarrotadas pueden resultar ca\u00f3ticas.<\/li>\n<li>Los chats individuales aleatorios carecen de filtros avanzados.<\/li>\n<li>La calidad de los partidos depende en gran medida de qui\u00e9n est\u00e9 conectado en ese momento.<\/li>\n<\/ul>\n<p>En general, Talk With Stranger ofrece una experiencia ligera y orientada a la comunidad que atrae a quienes echan de menos las salas de chat en grupo de la vieja escuela, pero tambi\u00e9n quieren conexiones aleatorias modernas.<\/p>\n<h2>Talk With Stranger frente a otras plataformas<\/h2>\n<p>Compara Talk With Stranger con otros servicios populares de chat aleatorio:<\/p>\n<table>\n<thead>\n<tr>\n<th>Caracter\u00edstica<\/th>\n<th>Talk With Stranger<\/th>\n<th>Omegle<\/th>\n<th>ChatHub<\/th>\n<th>Chat Avenue<\/th>\n<th>Emerald Chat<\/th>\n<th>Y99<\/th>\n<\/tr>\n<\/thead>\n<tbody>\n<tr>\n<td>Salas de chat p\u00fablicas<\/td>\n<td>\u2705 S\u00ed<\/td>\n<td>\u274c No<\/td>\n<td>\u274c No<\/td>\n<td>\u2705 S\u00ed<\/td>\n<td>\u274c No<\/td>\n<td>\u2705 S\u00ed<\/td>\n<\/tr>\n<tr>\n<td>Chat aleatorio individual<\/td>\n<td>\u2705 S\u00ed<\/td>\n<td>\u2705 S\u00ed<\/td>\n<td>\u2705 S\u00ed<\/td>\n<td>\u2705 S\u00ed<\/td>\n<td>\u2705 S\u00ed<\/td>\n<td>\u2705 S\u00ed<\/td>\n<\/tr>\n<tr>\n<td>Opciones de voz y v\u00eddeo<\/td>\n<td>\u2705 S\u00ed<\/td>\n<td>\u274c No<\/td>\n<td>\u2705 S\u00ed<\/td>\n<td>\u274c No<\/td>\n<td>\u2705 S\u00ed<\/td>\n<td>\u2705 S\u00ed<\/td>\n<\/tr>\n<tr>\n<td>Anonimato<\/td>\n<td>\u2705 Fuerte<\/td>\n<td>\u2705 Fuerte<\/td>\n<td>\u2705 Moderado<\/td>\n<td>\u2705 Moderado<\/td>\n<td>\u2705 Moderado<\/td>\n<td>\u2705 Fuerte<\/td>\n<\/tr>\n<tr>\n<td>Opciones de perfil y amigos<\/td>\n<td>\u2705 Limitada<\/td>\n<td>\u274c No<\/td>\n<td>\u2705 S\u00ed<\/td>\n<td>\u274c No<\/td>\n<td>\u2705 S\u00ed<\/td>\n<td>\u2705 S\u00ed<\/td>\n<\/tr>\n<tr>\n<td>Compatibilidad entre dispositivos<\/td>\n<td>\u2705 S\u00ed<\/td>\n<td>\u2705 S\u00ed<\/td>\n<td>\u2705 S\u00ed<\/td>\n<td>\u2705 S\u00ed<\/td>\n<td>\u2705 S\u00ed<\/td>\n<td>\u2705 S\u00ed<\/td>\n<\/tr>\n<\/tbody>\n<\/table>\n<p>Resumen: Talk With Stranger ofrece lo mejor de dos mundos: salas de chat comunitarias, como Y99 y Chat Avenue, y chats individuales aleatorios, como Omegle y ChatHub.<\/p>\n<h2>\u00bfEs seguro el Talk With Stranger?<\/h2>\n<p>Como en todas las plataformas en las que intervienen desconocidos, la seguridad depende tanto de las herramientas disponibles como del comportamiento de los usuarios.<\/p>\n<h3>Herramientas de seguridad integradas<\/h3>\n<ul>\n<li>Acceso an\u00f3nimo sin perfil obligatorio.<\/li>\n<li>Botones de denuncia\/bloqueo para tratar los malos comportamientos.<\/li>\n<li>Moderaci\u00f3n en algunas salas p\u00fablicas.<\/li>\n<\/ul>\n<h3>Consejos de seguridad<\/h3>\n<ul>\n<li>Nunca compartas datos personales como tu nombre real, n\u00famero de tel\u00e9fono o direcci\u00f3n.<\/li>\n<li>Utiliza el bot\u00f3n de salto para salir de conversaciones inc\u00f3modas.<\/li>\n<li>Los padres deben supervisar a los usuarios m\u00e1s j\u00f3venes, ya que la plataforma est\u00e1 abierta a todos.<\/li>\n<li>Lim\u00edtate a las salas de chat p\u00fablicas si eres nuevo y a\u00fan est\u00e1s explorando.<\/li>\n<\/ul>\n<h2>Consejos para aprovechar al m\u00e1ximo el Talk With Stranger<\/h2>\n<ul>\n<li>Explore las distintas salas. Cada una tiene su propia cultura y tono.<\/li>\n<li>Prueba con voz o v\u00eddeo. Es m\u00e1s personal que el texto.<\/li>\n<li>\u00danete durante las horas punta. M\u00e1s actividad significa m\u00e1s partidos interesantes.<\/li>\n<li>Mant\u00e9n conversaciones ligeras. Los chats aleatorios funcionan mejor con temas informales y amistosos.<\/li>\n<li>No te apresures a saltar. No todos los desconocidos encajan.<\/li>\n<\/ul>\n<h2>Problemas comunes y soluciones<\/h2>\n<h3>Problema: Las salas de chat no se cargan<\/h3>\n<ul>\n<li>Actualiza la p\u00e1gina o cambia de navegador.<\/li>\n<li>Borrar cookies\/cache.<\/li>\n<\/ul>\n<h3>Problema: el micr\u00f3fono o la c\u00e1mara no funcionan<\/h3>\n<ul>\n<li>Permitir permisos en su navegador.<\/li>\n<li>Comprueba que ninguna otra aplicaci\u00f3n est\u00e1 utilizando tu hardware.<\/li>\n<\/ul>\n<h3>Problema: demasiado spam en las salas<\/h3>\n<ul>\n<li>Lim\u00edtate a las salas moderadas.<\/li>\n<li>Informar y bloquear cuentas de spam.<\/li>\n<\/ul>\n<h2>Por qu\u00e9 la gente utiliza Talk With Stranger<\/h2>\n<p>La gente elige Talk With Stranger porque ofrece:<\/p>\n<ul>\n<li>Variedad: Salas de chat y uno a uno.<\/li>\n<li>Flexibilidad: Modos de texto, voz y v\u00eddeo.<\/li>\n<li>Anonimato: No se necesitan cuentas.<\/li>\n<li>Comunidad: Grupos activos con temas diversos.<\/li>\n<\/ul>\n<p>Captura la nostalgia de las salas de chat de la vieja escuela y, al mismo tiempo, se mantiene a la altura de las expectativas modernas de chat global instant\u00e1neo.<\/p>\n<p>Si buscas una forma gratuita, an\u00f3nima y flexible de conocer a desconocidos, merece la pena probar Talk With Stranger. Combina chats individuales aleatorios con la vivacidad de las salas de chat p\u00fablicas, lo que da a los usuarios m\u00e1s opciones que las plataformas que solo hacen una cosa o la otra.<\/p>\n<p>Puede que no tenga los filtros o la pulcritud de servicios m\u00e1s grandes como Emerald Chat, pero brilla por su sencillez y accesibilidad.<\/p>\n<p>En resumen: Talk With Stranger es una gran plataforma para cualquiera que disfrute de la imprevisibilidad del chat aleatorio, con la ventaja a\u00f1adida de las salas comunitarias para la interacci\u00f3n en grupo.<\/p>\n<p>\u00bfListo para probarlo? Visita Talk With Stranger, elige una sala o haz clic en \"Empezar\" para conocer a tu pr\u00f3xima pareja al azar.<\/p>","protected":false},"excerpt":{"rendered":"<p>The internet is full of platforms that help people connect, but few offer the unpredictability and excitement of random chat. While social media is all about curated feeds and known circles, random chat platforms bring spontaneity back into the online world. One of the most popular services in this space is Talk With Stranger\u2014a platform [&hellip;]<\/p>\n","protected":false},"author":6,"featured_media":0,"parent":0,"menu_order":0,"comment_status":"closed","ping_status":"closed","template":"","meta":{"footnotes":""},"class_list":["post-7865","page","type-page","status-publish","hentry"],"yoast_head":"<!-- This site is optimized with the Yoast SEO plugin v27.3 - https:\/\/yoast.com\/product\/yoast-seo-wordpress\/ -->\n<title>Talk With Stranger - Free Random Chat Rooms - TinyChat.com<\/title>\n<meta name=\"description\" content=\"Enjoying Talk With Stranger? Join over 50,000,000 strangers on TinyChat! Turn on your cam and start meeting new people, or find a match.\" \/>\n<meta name=\"robots\" content=\"index, follow, max-snippet:-1, max-image-preview:large, max-video-preview:-1\" \/>\n<link rel=\"canonical\" href=\"https:\/\/tinychat.com\/es\/talk-with-stranger\/\" \/>\n<meta property=\"og:locale\" content=\"es_ES\" \/>\n<meta property=\"og:type\" content=\"article\" \/>\n<meta property=\"og:title\" content=\"Talk With Stranger - Free Random Chat Rooms - TinyChat.com\" \/>\n<meta property=\"og:description\" content=\"Enjoying Talk With Stranger? Join over 50,000,000 strangers on TinyChat! Turn on your cam and start meeting new people, or find a match.\" \/>\n<meta property=\"og:url\" content=\"https:\/\/tinychat.com\/es\/talk-with-stranger\/\" \/>\n<meta property=\"og:site_name\" content=\"TinyChat\" \/>\n<meta property=\"article:publisher\" content=\"https:\/\/www.facebook.com\/tinychat\" \/>\n<meta property=\"article:modified_time\" content=\"2025-08-27T07:32:44+00:00\" \/>\n<meta property=\"og:image\" content=\"https:\/\/tinychat.com\/wp-content\/uploads\/2020\/04\/Tinychat-logo-1280x284-new-black.png\" \/>\n\t<meta property=\"og:image:width\" content=\"1280\" \/>\n\t<meta property=\"og:image:height\" content=\"284\" \/>\n\t<meta property=\"og:image:type\" content=\"image\/png\" \/>\n<meta name=\"twitter:card\" content=\"summary_large_image\" \/>\n<meta name=\"twitter:site\" content=\"@tinychat\" \/>\n<meta name=\"twitter:label1\" content=\"Tiempo de lectura\" \/>\n\t<meta name=\"twitter:data1\" content=\"6 minutos\" \/>\n<script type=\"application\/ld+json\" class=\"yoast-schema-graph\">{\"@context\":\"https:\\\/\\\/schema.org\",\"@graph\":[{\"@type\":\"WebPage\",\"@id\":\"https:\\\/\\\/tinychat.com\\\/talk-with-stranger\\\/\",\"url\":\"https:\\\/\\\/tinychat.com\\\/talk-with-stranger\\\/\",\"name\":\"Talk With Stranger - Free Random Chat Rooms - TinyChat.com\",\"isPartOf\":{\"@id\":\"https:\\\/\\\/tinychat.com\\\/#website\"},\"datePublished\":\"2025-08-27T06:33:59+00:00\",\"dateModified\":\"2025-08-27T07:32:44+00:00\",\"description\":\"Enjoying Talk With Stranger? Join over 50,000,000 strangers on TinyChat! Turn on your cam and start meeting new people, or find a match.\",\"breadcrumb\":{\"@id\":\"https:\\\/\\\/tinychat.com\\\/talk-with-stranger\\\/#breadcrumb\"},\"inLanguage\":\"es\",\"potentialAction\":[{\"@type\":\"ReadAction\",\"target\":[\"https:\\\/\\\/tinychat.com\\\/talk-with-stranger\\\/\"]}]},{\"@type\":\"BreadcrumbList\",\"@id\":\"https:\\\/\\\/tinychat.com\\\/talk-with-stranger\\\/#breadcrumb\",\"itemListElement\":[{\"@type\":\"ListItem\",\"position\":1,\"name\":\"Home\",\"item\":\"https:\\\/\\\/tinychat.com\\\/\"},{\"@type\":\"ListItem\",\"position\":2,\"name\":\"Talk With Stranger\"}]},{\"@type\":\"WebSite\",\"@id\":\"https:\\\/\\\/tinychat.com\\\/#website\",\"url\":\"https:\\\/\\\/tinychat.com\\\/\",\"name\":\"TinyChat\",\"description\":\"Random Video Chat with Strangers\",\"publisher\":{\"@id\":\"https:\\\/\\\/tinychat.com\\\/#organization\"},\"alternateName\":\"TinyChat.com\",\"potentialAction\":[{\"@type\":\"SearchAction\",\"target\":{\"@type\":\"EntryPoint\",\"urlTemplate\":\"https:\\\/\\\/tinychat.com\\\/?s={search_term_string}\"},\"query-input\":{\"@type\":\"PropertyValueSpecification\",\"valueRequired\":true,\"valueName\":\"search_term_string\"}}],\"inLanguage\":\"es\"},{\"@type\":\"Organization\",\"@id\":\"https:\\\/\\\/tinychat.com\\\/#organization\",\"name\":\"TinyChat\",\"alternateName\":\"TinyChat.com\",\"url\":\"https:\\\/\\\/tinychat.com\\\/\",\"logo\":{\"@type\":\"ImageObject\",\"inLanguage\":\"es\",\"@id\":\"https:\\\/\\\/tinychat.com\\\/#\\\/schema\\\/logo\\\/image\\\/\",\"url\":\"https:\\\/\\\/tinychat.com\\\/wp-content\\\/uploads\\\/2023\\\/11\\\/Tinychat-icon-square.png\",\"contentUrl\":\"https:\\\/\\\/tinychat.com\\\/wp-content\\\/uploads\\\/2023\\\/11\\\/Tinychat-icon-square.png\",\"width\":284,\"height\":284,\"caption\":\"TinyChat\"},\"image\":{\"@id\":\"https:\\\/\\\/tinychat.com\\\/#\\\/schema\\\/logo\\\/image\\\/\"},\"sameAs\":[\"https:\\\/\\\/www.facebook.com\\\/tinychat\",\"https:\\\/\\\/x.com\\\/tinychat\"]}]}<\/script>\n<!-- \/ Yoast SEO plugin. -->","yoast_head_json":{"title":"Talk With Stranger - Salas de chat aleatorias gratis - TinyChat.com","description":"\u00bfTe gusta Talk With Stranger? \u00a1\u00danete a m\u00e1s de 50.000.000 de desconocidos en TinyChat! Enciende tu c\u00e1mara y empieza a conocer gente nueva, o encuentra pareja.","robots":{"index":"index","follow":"follow","max-snippet":"max-snippet:-1","max-image-preview":"max-image-preview:large","max-video-preview":"max-video-preview:-1"},"canonical":"https:\/\/tinychat.com\/es\/talk-with-stranger\/","og_locale":"es_ES","og_type":"article","og_title":"Talk With Stranger - Free Random Chat Rooms - TinyChat.com","og_description":"Enjoying Talk With Stranger? Join over 50,000,000 strangers on TinyChat! Turn on your cam and start meeting new people, or find a match.","og_url":"https:\/\/tinychat.com\/es\/talk-with-stranger\/","og_site_name":"TinyChat","article_publisher":"https:\/\/www.facebook.com\/tinychat","article_modified_time":"2025-08-27T07:32:44+00:00","og_image":[{"width":1280,"height":284,"url":"https:\/\/tinychat.com\/wp-content\/uploads\/2020\/04\/Tinychat-logo-1280x284-new-black.png","type":"image\/png"}],"twitter_card":"summary_large_image","twitter_site":"@tinychat","twitter_misc":{"Tiempo de lectura":"6 minutos"},"schema":{"@context":"https:\/\/schema.org","@graph":[{"@type":"WebPage","@id":"https:\/\/tinychat.com\/talk-with-stranger\/","url":"https:\/\/tinychat.com\/talk-with-stranger\/","name":"Talk With Stranger - Salas de chat aleatorias gratis - TinyChat.com","isPartOf":{"@id":"https:\/\/tinychat.com\/#website"},"datePublished":"2025-08-27T06:33:59+00:00","dateModified":"2025-08-27T07:32:44+00:00","description":"\u00bfTe gusta Talk With Stranger? \u00a1\u00danete a m\u00e1s de 50.000.000 de desconocidos en TinyChat! Enciende tu c\u00e1mara y empieza a conocer gente nueva, o encuentra pareja.","breadcrumb":{"@id":"https:\/\/tinychat.com\/talk-with-stranger\/#breadcrumb"},"inLanguage":"es","potentialAction":[{"@type":"ReadAction","target":["https:\/\/tinychat.com\/talk-with-stranger\/"]}]},{"@type":"BreadcrumbList","@id":"https:\/\/tinychat.com\/talk-with-stranger\/#breadcrumb","itemListElement":[{"@type":"ListItem","position":1,"name":"Home","item":"https:\/\/tinychat.com\/"},{"@type":"ListItem","position":2,"name":"Talk With Stranger"}]},{"@type":"WebSite","@id":"https:\/\/tinychat.com\/#website","url":"https:\/\/tinychat.com\/","name":"TinyChat","description":"Videochat aleatorio con desconocidos","publisher":{"@id":"https:\/\/tinychat.com\/#organization"},"alternateName":"TinyChat.com","potentialAction":[{"@type":"SearchAction","target":{"@type":"EntryPoint","urlTemplate":"https:\/\/tinychat.com\/?s={search_term_string}"},"query-input":{"@type":"PropertyValueSpecification","valueRequired":true,"valueName":"search_term_string"}}],"inLanguage":"es"},{"@type":"Organization","@id":"https:\/\/tinychat.com\/#organization","name":"TinyChat","alternateName":"TinyChat.com","url":"https:\/\/tinychat.com\/","logo":{"@type":"ImageObject","inLanguage":"es","@id":"https:\/\/tinychat.com\/#\/schema\/logo\/image\/","url":"https:\/\/tinychat.com\/wp-content\/uploads\/2023\/11\/Tinychat-icon-square.png","contentUrl":"https:\/\/tinychat.com\/wp-content\/uploads\/2023\/11\/Tinychat-icon-square.png","width":284,"height":284,"caption":"TinyChat"},"image":{"@id":"https:\/\/tinychat.com\/#\/schema\/logo\/image\/"},"sameAs":["https:\/\/www.facebook.com\/tinychat","https:\/\/x.com\/tinychat"]}]}},"_links":{"self":[{"href":"https:\/\/tinychat.com\/es\/wp-json\/wp\/v2\/pages\/7865","targetHints":{"allow":["GET"]}}],"collection":[{"href":"https:\/\/tinychat.com\/es\/wp-json\/wp\/v2\/pages"}],"about":[{"href":"https:\/\/tinychat.com\/es\/wp-json\/wp\/v2\/types\/page"}],"author":[{"embeddable":true,"href":"https:\/\/tinychat.com\/es\/wp-json\/wp\/v2\/users\/6"}],"replies":[{"embeddable":true,"href":"https:\/\/tinychat.com\/es\/wp-json\/wp\/v2\/comments?post=7865"}],"version-history":[{"count":3,"href":"https:\/\/tinychat.com\/es\/wp-json\/wp\/v2\/pages\/7865\/revisions"}],"predecessor-version":[{"id":13475,"href":"https:\/\/tinychat.com\/es\/wp-json\/wp\/v2\/pages\/7865\/revisions\/13475"}],"wp:attachment":[{"href":"https:\/\/tinychat.com\/es\/wp-json\/wp\/v2\/media?parent=7865"}],"curies":[{"name":"wp","href":"https:\/\/api.w.org\/{rel}","templated":true}]}}