{"id":80,"date":"2025-08-27T08:35:29","date_gmt":"2025-08-27T06:35:29","guid":{"rendered":"https:\/\/tinychat.com\/?page_id=80"},"modified":"2025-08-27T09:35:21","modified_gmt":"2025-08-27T07:35:21","slug":"chat-alternative","status":"publish","type":"page","link":"https:\/\/tinychat.com\/es\/chat-alternative\/","title":{"rendered":"Chat Alternative"},"content":{"rendered":"<p>El mundo de la comunicaci\u00f3n en l\u00ednea ha cambiado radicalmente en la \u00faltima d\u00e9cada. Las plataformas de redes sociales est\u00e1n saturadas de feeds personalizados, las aplicaciones de citas se centran en la mec\u00e1nica del deslizamiento y las herramientas de mensajer\u00eda instant\u00e1nea nos mantienen atados a los mismos c\u00edrculos de amigos. Para las personas que anhelan la espontaneidad y una aut\u00e9ntica conexi\u00f3n humana, las plataformas de chat aleatorias siguen siendo tan interesantes como siempre. Una de ellas es Chat Alternative, un servicio dise\u00f1ado para que sea f\u00e1cil y r\u00e1pido conocer a desconocidos cara a cara en Internet.<\/p>\n<p>Construido en torno al concepto de videochat an\u00f3nimo uno a uno, Chat Alternative te permite conectar con gente de todo el mundo al instante. Tanto si buscas una conversaci\u00f3n casual, un intercambio cultural o simplemente pasar un rato con caras nuevas, Chat Alternative ofrece una experiencia ligera y accesible similar a Omegle, Chatroulette y ChatHub, pero con su propio toque moderno.<\/p>\n<p>Esta revisi\u00f3n en profundidad cubre qu\u00e9 es Chat Alternative, sus caracter\u00edsticas clave, c\u00f3mo funciona, la experiencia del usuario, herramientas de seguridad, comparaciones con la competencia y consejos para maximizar tu experiencia.<\/p>\n<h2>\u00bfQu\u00e9 es Chat Alternative?<\/h2>\n<p>Chat Alternative es una plataforma de videochat aleatorio que permite conocer a desconocidos a trav\u00e9s de su webcam y micr\u00f3fono. Al igual que Omegle, conecta a los usuarios al instante sin necesidad de perfiles ni largos registros. Las conversaciones son temporales, privadas e individuales, por lo que es ideal para quienes prefieren interacciones aut\u00e9nticas y sin filtros a identidades en l\u00ednea controladas.<\/p>\n<p>El nombre de la plataforma refleja su misi\u00f3n: servir de alternativa a las principales plataformas de chat, ofreciendo a los usuarios m\u00e1s libertad, anonimato y variedad.<\/p>\n<h2>Caracter\u00edsticas principales de Chat Alternative<\/h2>\n<p>Chat Alternative mantiene la f\u00f3rmula sencilla, pero a\u00f1ade suficientes funciones para que las conversaciones sean m\u00e1s fluidas.<\/p>\n<h3>1. Videochat individual instant\u00e1neo<\/h3>\n<ul>\n<li>Te empareja al instante con desconocidos de todo el mundo.<\/li>\n<li>No se necesitan cuentas ni perfiles.<\/li>\n<li>El bot\u00f3n \"Siguiente\" le permite saltar y avanzar al instante.<\/li>\n<\/ul>\n<h3>2. Alcance mundial<\/h3>\n<ul>\n<li>Conecta a personas de decenas de pa\u00edses.<\/li>\n<li>Ideal para el intercambio cultural y para conocer gente de fuera de tu c\u00edrculo local.<\/li>\n<\/ul>\n<h3>3. Anonimato<\/h3>\n<ul>\n<li>No es necesario inscribirse.<\/li>\n<li>Las conversaciones son privadas y temporales.<\/li>\n<li>T\u00fa decides qu\u00e9 compartir durante el chat.<\/li>\n<\/ul>\n<h3>4. Soporte de chat de texto<\/h3>\n<ul>\n<li>Cuadro de texto disponible junto al v\u00eddeo.<\/li>\n<li>\u00datil cuando el audio es deficiente o si prefieres teclear.<\/li>\n<\/ul>\n<h3>5. Dise\u00f1o compatible con dispositivos m\u00f3viles<\/h3>\n<ul>\n<li>Optimizado para navegadores de escritorio y m\u00f3viles.<\/li>\n<li>Funciona sobre la marcha sin necesidad de descargar aplicaciones.<\/li>\n<\/ul>\n<h3>6. Interfaz minimalista<\/h3>\n<ul>\n<li>Dise\u00f1o limpio, sencillo y sin distracciones.<\/li>\n<li>La atenci\u00f3n se centra en la conversaci\u00f3n, no en las caracter\u00edsticas.<\/li>\n<\/ul>\n<h2>C\u00f3mo utilizar Chat Alternative<\/h2>\n<p>El atractivo de Chat Alternative reside en lo r\u00e1pido y f\u00e1cil que es empezar.<\/p>\n<h3>Paso 1: Visite el sitio web<\/h3>\n<p>Abre Chat Alternative en tu navegador de escritorio o m\u00f3vil.<\/p>\n<h3>Paso 2: Habilitar permisos<\/h3>\n<p>Concede acceso a tu c\u00e1mara y micr\u00f3fono si quieres utilizar el chat de v\u00eddeo y voz.<\/p>\n<h3>Paso 3: Haga clic en Inicio<\/h3>\n<p>Empieza a chatear al instante con un desconocido cualquiera.<\/p>\n<h3>Paso 4: Chatear o saltar<\/h3>\n<p>Permanece en una conversaci\u00f3n si te resulta agradable. Si no, pulsa \"Siguiente\" para seguir adelante.<\/p>\n<h3>Paso 5: Repetir<\/h3>\n<p>Siga conect\u00e1ndose sin cesar: no hay l\u00edmites.<\/p>\n<p>Este estilo es ideal para conversaciones r\u00e1pidas o sesiones m\u00e1s largas.<\/p>\n<h2>Experiencia de usuario en Chat Alternative<\/h2>\n<p>Chat Alternative est\u00e1 dise\u00f1ado para ser r\u00e1pido, sencillo y accesible.<\/p>\n<h3>Lo que les gusta a los usuarios<\/h3>\n<ul>\n<li>Emparejamiento instant\u00e1neo sin registro.<\/li>\n<li>Interfaz limpia, minimalista y f\u00e1cil de usar.<\/li>\n<li>El anonimato permite mantener conversaciones sin presiones.<\/li>\n<li>Funciona sin problemas en m\u00f3viles y ordenadores de sobremesa.<\/li>\n<\/ul>\n<h3>Donde los usuarios ven margen de mejora<\/h3>\n<ul>\n<li>No hay filtros avanzados (sexo, ubicaci\u00f3n) en la versi\u00f3n gratuita.<\/li>\n<li>No hay opci\u00f3n de reconexi\u00f3n si pierdes un buen chat.<\/li>\n<li>La aleatoriedad significa que puedes conocer a personas que no encajen bien contigo.<\/li>\n<\/ul>\n<p>En general, los usuarios disfrutan de la sensaci\u00f3n cl\u00e1sica del chat aleatorio con un toque moderno, lo que lo convierte en una opci\u00f3n s\u00f3lida para quienes desean conversaciones sencillas y directas.<\/p>\n<h2>Chat Alternative frente a otras plataformas<\/h2>\n<p>He aqu\u00ed la comparaci\u00f3n de Chat Alternative con algunos de sus competidores:<\/p>\n<table>\n<thead>\n<tr>\n<th>Caracter\u00edstica<\/th>\n<th>Chat Alternative<\/th>\n<th>Omegle<\/th>\n<th>Chatroulette<\/th>\n<th>ChatHub<\/th>\n<th>Emerald Chat<\/th>\n<th>TinyChat<\/th>\n<\/tr>\n<\/thead>\n<tbody>\n<tr>\n<td>V\u00eddeo individual instant\u00e1neo<\/td>\n<td>\u2705 S\u00ed<\/td>\n<td>\u2705 S\u00ed<\/td>\n<td>\u2705 S\u00ed<\/td>\n<td>\u2705 S\u00ed<\/td>\n<td>\u2705 S\u00ed<\/td>\n<td>\u274c No<\/td>\n<\/tr>\n<tr>\n<td>Opci\u00f3n de chat de texto<\/td>\n<td>\u2705 S\u00ed<\/td>\n<td>\u2705 S\u00ed<\/td>\n<td>\u2705 S\u00ed<\/td>\n<td>\u2705 S\u00ed<\/td>\n<td>\u2705 S\u00ed<\/td>\n<td>\u2705 S\u00ed<\/td>\n<\/tr>\n<tr>\n<td>Anonimato<\/td>\n<td>\u2705 Fuerte<\/td>\n<td>\u2705 Fuerte<\/td>\n<td>\u2705 Fuerte<\/td>\n<td>\u2705 Moderado<\/td>\n<td>\u2705 Moderado<\/td>\n<td>\u274c D\u00e9bil<\/td>\n<\/tr>\n<tr>\n<td>Filtros (sexo\/ubicaci\u00f3n)<\/td>\n<td>\u274c No<\/td>\n<td>\u274c No<\/td>\n<td>\u2705 Limitada<\/td>\n<td>\u2705 S\u00ed<\/td>\n<td>\u2705 S\u00ed<\/td>\n<td>\u2705 S\u00ed<\/td>\n<\/tr>\n<tr>\n<td>Sistema amigo\/seguidor<\/td>\n<td>\u274c No<\/td>\n<td>\u274c No<\/td>\n<td>\u274c No<\/td>\n<td>\u2705 S\u00ed<\/td>\n<td>\u2705 S\u00ed<\/td>\n<td>\u2705 S\u00ed<\/td>\n<\/tr>\n<tr>\n<td>Compatible con m\u00f3viles<\/td>\n<td>\u2705 S\u00ed<\/td>\n<td>\u2705 S\u00ed<\/td>\n<td>\u2705 S\u00ed<\/td>\n<td>\u2705 S\u00ed<\/td>\n<td>\u2705 S\u00ed<\/td>\n<td>\u2705 S\u00ed<\/td>\n<\/tr>\n<\/tbody>\n<\/table>\n<p>Resumen: Chat Alternative es m\u00e1s comparable a Omegle y Chatroulette, ya que mantiene la experiencia despojada y centrada en conversaciones aleatorias uno a uno.<\/p>\n<h2>\u00bfEs seguro Chat Alternative?<\/h2>\n<p>La seguridad es siempre una consideraci\u00f3n a tener en cuenta en las plataformas de chat aleatorias. Chat Alternative hace hincapi\u00e9 en el anonimato, pero los usuarios deben tener cuidado.<\/p>\n<h3>Funciones de seguridad integradas<\/h3>\n<ul>\n<li>No se necesitan cuentas ni datos personales.<\/li>\n<li>Las conversaciones son temporales y no se almacenan.<\/li>\n<li>El bot\u00f3n de salto proporciona un control instant\u00e1neo.<\/li>\n<\/ul>\n<h3>Consejos de seguridad para los usuarios<\/h3>\n<p>Evita compartir datos personales como tu nombre, tel\u00e9fono o ubicaci\u00f3n.<\/p>\n<p>Termine las conversaciones que le resulten inc\u00f3modas.<\/p>\n<p>Utilizar en entornos seguros y privados.<\/p>\n<p>Los padres deben vigilar a los usuarios m\u00e1s j\u00f3venes.<\/p>\n<p>Considere la posibilidad de utilizar una VPN para mayor privacidad.<\/p>\n<h2>Consejos para aprovechar al m\u00e1ximo Chat Alternative<\/h2>\n<ul>\n<li>Disfruta de la aleatoriedad: cada partido es una sorpresa.<\/li>\n<li>\u00danase durante las horas punta para mantener conversaciones m\u00e1s activas.<\/li>\n<li>Una buena iluminaci\u00f3n y un v\u00eddeo n\u00edtido crean una mejor primera impresi\u00f3n.<\/li>\n<li>Los temas deben ser ligeros y desenfadados: las charlas al azar se nutren de humor.<\/li>\n<li>Utiliza auriculares para mejorar la calidad del sonido.<\/li>\n<li>Salte libremente: no todos los partidos encajar\u00e1n, y es normal.<\/li>\n<\/ul>\n<h2>Problemas comunes y soluciones<\/h2>\n<h3>Problema: La c\u00e1mara y el micr\u00f3fono no funcionan<\/h3>\n<ul>\n<li>Compruebe los permisos del navegador.<\/li>\n<li>Aseg\u00farate de que ninguna otra aplicaci\u00f3n est\u00e1 utilizando tu c\u00e1mara.<\/li>\n<li>Reinicia tu dispositivo o navegador.<\/li>\n<\/ul>\n<h3>Problema: No se encuentran coincidencias<\/h3>\n<ul>\n<li>Actualiza la p\u00e1gina.<\/li>\n<li>Pruebe a diferentes horas (las tardes y los fines de semana suelen estar m\u00e1s ocupados).<\/li>\n<\/ul>\n<h3>Problema: mala calidad de v\u00eddeo<\/h3>\n<ul>\n<li>Utiliza Wi-Fi en lugar de datos m\u00f3viles.<\/li>\n<li>Cierra las aplicaciones que consumen mucho ancho de banda.<\/li>\n<\/ul>\n<h3>Problema: encontrar un comportamiento negativo<\/h3>\n<ul>\n<li>Termina el chat inmediatamente.<\/li>\n<li>Usa skip y sigue adelante.<\/li>\n<\/ul>\n<h2>Por qu\u00e9 la gente elige Chat Alternative<\/h2>\n<p>Chat Alternative se dirige a personas que valoran:<\/p>\n<ul>\n<li>Simplicidad: charlas r\u00e1pidas sin complicaciones.<\/li>\n<li>Anonimato: sin cuentas ni presiones.<\/li>\n<li>Accesibilidad: funciona en todos los dispositivos al instante.<\/li>\n<li>Alcance mundial: conversaciones con personas de todo el mundo.<\/li>\n<\/ul>\n<p>Capta la emoci\u00f3n central del chat aleatorio sin complicar demasiado las cosas.<\/p>\n<p>Si buscas una plataforma de videochat aleatoria, r\u00e1pida, an\u00f3nima y sencilla, merece la pena probar Chat Alternative. No tiene los filtros avanzados ni las herramientas sociales de plataformas como Emerald Chat, pero eso es parte de su encanto: mantiene el foco en conversaciones puras y no planificadas.<\/p>\n<p>Si est\u00e1s aqu\u00ed para:<\/p>\n<ul>\n<li>Pasar el tiempo.<\/li>\n<li>Explorar las culturas del mundo.<\/li>\n<li>Practica un idioma.<\/li>\n<li>O simplemente disfrutar conociendo a alguien nuevo...<\/li>\n<\/ul>\n<p>Chat Alternative cumple.<\/p>\n<p>En resumen: Chat Alternative es un sitio de videochat moderno y sencillo que ofrece exactamente lo que su nombre sugiere: una alternativa al chat convencional, centrada en conexiones r\u00e1pidas y genuinas.<\/p>\n<p>\u00bfListo para probarlo? Visite Chat Alternative, haga clic en Empezar y vea a qui\u00e9n conocer\u00e1 despu\u00e9s.<\/p>","protected":false},"excerpt":{"rendered":"<p>The world of online communication has shifted dramatically in the last decade. Social media platforms are saturated with curated feeds, dating apps focus heavily on swiping mechanics, and instant messaging tools keep us tethered to the same circles of friends. For people who crave spontaneity and genuine human connection, random chat platforms remain as exciting [&hellip;]<\/p>\n","protected":false},"author":6,"featured_media":0,"parent":0,"menu_order":0,"comment_status":"closed","ping_status":"closed","template":"","meta":{"footnotes":""},"class_list":["post-80","page","type-page","status-publish","hentry"],"yoast_head":"<!-- This site is optimized with the Yoast SEO plugin v27.4 - https:\/\/yoast.com\/product\/yoast-seo-wordpress\/ -->\n<title>Chat Alternative - Free Video Chat - TinyChat.com<\/title>\n<meta name=\"description\" content=\"Enjoying Chat Alternative? Join over 50,000,000 strangers on TinyChat! Turn on your cam and start meeting new people, or find a match.\" \/>\n<meta name=\"robots\" content=\"index, follow, max-snippet:-1, max-image-preview:large, max-video-preview:-1\" \/>\n<link rel=\"canonical\" href=\"https:\/\/tinychat.com\/es\/chat-alternative\/\" \/>\n<meta property=\"og:locale\" content=\"es_ES\" \/>\n<meta property=\"og:type\" content=\"article\" \/>\n<meta property=\"og:title\" content=\"Chat Alternative - Free Video Chat - TinyChat.com\" \/>\n<meta property=\"og:description\" content=\"Enjoying Chat Alternative? Join over 50,000,000 strangers on TinyChat! Turn on your cam and start meeting new people, or find a match.\" \/>\n<meta property=\"og:url\" content=\"https:\/\/tinychat.com\/es\/chat-alternative\/\" \/>\n<meta property=\"og:site_name\" content=\"TinyChat\" \/>\n<meta property=\"article:publisher\" content=\"https:\/\/www.facebook.com\/tinychat\" \/>\n<meta property=\"article:modified_time\" content=\"2025-08-27T07:35:21+00:00\" \/>\n<meta property=\"og:image\" content=\"https:\/\/tinychat.com\/wp-content\/uploads\/2020\/04\/Tinychat-logo-1280x284-new-black.png\" \/>\n\t<meta property=\"og:image:width\" content=\"1280\" \/>\n\t<meta property=\"og:image:height\" content=\"284\" \/>\n\t<meta property=\"og:image:type\" content=\"image\/png\" \/>\n<meta name=\"twitter:card\" content=\"summary_large_image\" \/>\n<meta name=\"twitter:site\" content=\"@tinychat\" \/>\n<meta name=\"twitter:label1\" content=\"Tiempo de lectura\" \/>\n\t<meta name=\"twitter:data1\" content=\"5 minutos\" \/>\n<script type=\"application\/ld+json\" class=\"yoast-schema-graph\">{\"@context\":\"https:\\\/\\\/schema.org\",\"@graph\":[{\"@type\":\"WebPage\",\"@id\":\"https:\\\/\\\/tinychat.com\\\/chat-alternative\\\/\",\"url\":\"https:\\\/\\\/tinychat.com\\\/chat-alternative\\\/\",\"name\":\"Chat Alternative - Free Video Chat - TinyChat.com\",\"isPartOf\":{\"@id\":\"https:\\\/\\\/tinychat.com\\\/#website\"},\"datePublished\":\"2025-08-27T06:35:29+00:00\",\"dateModified\":\"2025-08-27T07:35:21+00:00\",\"description\":\"Enjoying Chat Alternative? Join over 50,000,000 strangers on TinyChat! Turn on your cam and start meeting new people, or find a match.\",\"breadcrumb\":{\"@id\":\"https:\\\/\\\/tinychat.com\\\/chat-alternative\\\/#breadcrumb\"},\"inLanguage\":\"es\",\"potentialAction\":[{\"@type\":\"ReadAction\",\"target\":[\"https:\\\/\\\/tinychat.com\\\/chat-alternative\\\/\"]}]},{\"@type\":\"BreadcrumbList\",\"@id\":\"https:\\\/\\\/tinychat.com\\\/chat-alternative\\\/#breadcrumb\",\"itemListElement\":[{\"@type\":\"ListItem\",\"position\":1,\"name\":\"Home\",\"item\":\"https:\\\/\\\/tinychat.com\\\/\"},{\"@type\":\"ListItem\",\"position\":2,\"name\":\"Chat Alternative\"}]},{\"@type\":\"WebSite\",\"@id\":\"https:\\\/\\\/tinychat.com\\\/#website\",\"url\":\"https:\\\/\\\/tinychat.com\\\/\",\"name\":\"TinyChat\",\"description\":\"Random Video Chat with Strangers\",\"publisher\":{\"@id\":\"https:\\\/\\\/tinychat.com\\\/#organization\"},\"alternateName\":\"TinyChat.com\",\"potentialAction\":[{\"@type\":\"SearchAction\",\"target\":{\"@type\":\"EntryPoint\",\"urlTemplate\":\"https:\\\/\\\/tinychat.com\\\/?s={search_term_string}\"},\"query-input\":{\"@type\":\"PropertyValueSpecification\",\"valueRequired\":true,\"valueName\":\"search_term_string\"}}],\"inLanguage\":\"es\"},{\"@type\":\"Organization\",\"@id\":\"https:\\\/\\\/tinychat.com\\\/#organization\",\"name\":\"TinyChat\",\"alternateName\":\"TinyChat.com\",\"url\":\"https:\\\/\\\/tinychat.com\\\/\",\"logo\":{\"@type\":\"ImageObject\",\"inLanguage\":\"es\",\"@id\":\"https:\\\/\\\/tinychat.com\\\/#\\\/schema\\\/logo\\\/image\\\/\",\"url\":\"https:\\\/\\\/tinychat.com\\\/wp-content\\\/uploads\\\/2023\\\/11\\\/Tinychat-icon-square.png\",\"contentUrl\":\"https:\\\/\\\/tinychat.com\\\/wp-content\\\/uploads\\\/2023\\\/11\\\/Tinychat-icon-square.png\",\"width\":284,\"height\":284,\"caption\":\"TinyChat\"},\"image\":{\"@id\":\"https:\\\/\\\/tinychat.com\\\/#\\\/schema\\\/logo\\\/image\\\/\"},\"sameAs\":[\"https:\\\/\\\/www.facebook.com\\\/tinychat\",\"https:\\\/\\\/x.com\\\/tinychat\"]}]}<\/script>\n<!-- \/ Yoast SEO plugin. -->","yoast_head_json":{"title":"Chat Alternative - Videochat gratuito - TinyChat.com","description":"\u00bfTe gusta Chat Alternative? \u00a1\u00danete a m\u00e1s de 50.000.000 de desconocidos en TinyChat! Enciende tu c\u00e1mara y empieza a conocer gente nueva, o encuentra una pareja.","robots":{"index":"index","follow":"follow","max-snippet":"max-snippet:-1","max-image-preview":"max-image-preview:large","max-video-preview":"max-video-preview:-1"},"canonical":"https:\/\/tinychat.com\/es\/chat-alternative\/","og_locale":"es_ES","og_type":"article","og_title":"Chat Alternative - Free Video Chat - TinyChat.com","og_description":"Enjoying Chat Alternative? Join over 50,000,000 strangers on TinyChat! Turn on your cam and start meeting new people, or find a match.","og_url":"https:\/\/tinychat.com\/es\/chat-alternative\/","og_site_name":"TinyChat","article_publisher":"https:\/\/www.facebook.com\/tinychat","article_modified_time":"2025-08-27T07:35:21+00:00","og_image":[{"width":1280,"height":284,"url":"https:\/\/tinychat.com\/wp-content\/uploads\/2020\/04\/Tinychat-logo-1280x284-new-black.png","type":"image\/png"}],"twitter_card":"summary_large_image","twitter_site":"@tinychat","twitter_misc":{"Tiempo de lectura":"5 minutos"},"schema":{"@context":"https:\/\/schema.org","@graph":[{"@type":"WebPage","@id":"https:\/\/tinychat.com\/chat-alternative\/","url":"https:\/\/tinychat.com\/chat-alternative\/","name":"Chat Alternative - Videochat gratuito - TinyChat.com","isPartOf":{"@id":"https:\/\/tinychat.com\/#website"},"datePublished":"2025-08-27T06:35:29+00:00","dateModified":"2025-08-27T07:35:21+00:00","description":"\u00bfTe gusta Chat Alternative? \u00a1\u00danete a m\u00e1s de 50.000.000 de desconocidos en TinyChat! Enciende tu c\u00e1mara y empieza a conocer gente nueva, o encuentra una pareja.","breadcrumb":{"@id":"https:\/\/tinychat.com\/chat-alternative\/#breadcrumb"},"inLanguage":"es","potentialAction":[{"@type":"ReadAction","target":["https:\/\/tinychat.com\/chat-alternative\/"]}]},{"@type":"BreadcrumbList","@id":"https:\/\/tinychat.com\/chat-alternative\/#breadcrumb","itemListElement":[{"@type":"ListItem","position":1,"name":"Home","item":"https:\/\/tinychat.com\/"},{"@type":"ListItem","position":2,"name":"Chat Alternative"}]},{"@type":"WebSite","@id":"https:\/\/tinychat.com\/#website","url":"https:\/\/tinychat.com\/","name":"TinyChat","description":"Videochat aleatorio con desconocidos","publisher":{"@id":"https:\/\/tinychat.com\/#organization"},"alternateName":"TinyChat.com","potentialAction":[{"@type":"SearchAction","target":{"@type":"EntryPoint","urlTemplate":"https:\/\/tinychat.com\/?s={search_term_string}"},"query-input":{"@type":"PropertyValueSpecification","valueRequired":true,"valueName":"search_term_string"}}],"inLanguage":"es"},{"@type":"Organization","@id":"https:\/\/tinychat.com\/#organization","name":"TinyChat","alternateName":"TinyChat.com","url":"https:\/\/tinychat.com\/","logo":{"@type":"ImageObject","inLanguage":"es","@id":"https:\/\/tinychat.com\/#\/schema\/logo\/image\/","url":"https:\/\/tinychat.com\/wp-content\/uploads\/2023\/11\/Tinychat-icon-square.png","contentUrl":"https:\/\/tinychat.com\/wp-content\/uploads\/2023\/11\/Tinychat-icon-square.png","width":284,"height":284,"caption":"TinyChat"},"image":{"@id":"https:\/\/tinychat.com\/#\/schema\/logo\/image\/"},"sameAs":["https:\/\/www.facebook.com\/tinychat","https:\/\/x.com\/tinychat"]}]}},"_links":{"self":[{"href":"https:\/\/tinychat.com\/es\/wp-json\/wp\/v2\/pages\/80","targetHints":{"allow":["GET"]}}],"collection":[{"href":"https:\/\/tinychat.com\/es\/wp-json\/wp\/v2\/pages"}],"about":[{"href":"https:\/\/tinychat.com\/es\/wp-json\/wp\/v2\/types\/page"}],"author":[{"embeddable":true,"href":"https:\/\/tinychat.com\/es\/wp-json\/wp\/v2\/users\/6"}],"replies":[{"embeddable":true,"href":"https:\/\/tinychat.com\/es\/wp-json\/wp\/v2\/comments?post=80"}],"version-history":[{"count":3,"href":"https:\/\/tinychat.com\/es\/wp-json\/wp\/v2\/pages\/80\/revisions"}],"predecessor-version":[{"id":13476,"href":"https:\/\/tinychat.com\/es\/wp-json\/wp\/v2\/pages\/80\/revisions\/13476"}],"wp:attachment":[{"href":"https:\/\/tinychat.com\/es\/wp-json\/wp\/v2\/media?parent=80"}],"curies":[{"name":"wp","href":"https:\/\/api.w.org\/{rel}","templated":true}]}}