{"id":8386,"date":"2025-04-19T11:35:24","date_gmt":"2025-04-19T09:35:24","guid":{"rendered":"https:\/\/tinychat.com\/?page_id=8386"},"modified":"2025-07-07T18:17:39","modified_gmt":"2025-07-07T16:17:39","slug":"chat-avenue","status":"publish","type":"page","link":"https:\/\/tinychat.com\/es\/chat-avenue\/","title":{"rendered":"Chat Avenue"},"content":{"rendered":"<p>Conocida por su gran variedad de <a href=\"https:\/\/tinychat.com\/es\/chatroulette\/\">chat<\/a> habitaciones, una interfaz retro y una base de usuarios fieles, <a href=\"https:\/\/tinychat.com\/es\/chatroulette\/\">Chat<\/a> Avenue no es s\u00f3lo otra <a href=\"https:\/\/tinychat.com\/es\/chatroulette\/\">chat<\/a> es un veterano de la escena de los chats en l\u00ednea que sigue vigente hoy en d\u00eda.<\/p>\n<p>Lanzada en 2000, <a href=\"https:\/\/tinychat.com\/es\/chatroulette\/\">Chat<\/a> Avenue ha crecido hasta incluir m\u00e1s de una docena de <a href=\"https:\/\/tinychat.com\/es\/chatroulette\/\">chat<\/a> salas adaptadas a diferentes intereses y grupos demogr\u00e1ficos, desde adolescentes a adultos. <a href=\"https:\/\/tinychat.com\/es\/chatroulette\/\">chat<\/a> y adultos <a href=\"https:\/\/tinychat.com\/es\/chatroulette\/\">chat<\/a> a la m\u00fasica, los deportes, las citas e incluso la webcam. <a href=\"https:\/\/tinychat.com\/es\/chatroulette\/\">chat<\/a>. Combina la sensaci\u00f3n del chat IRC de la vieja escuela con la moderaci\u00f3n moderna, los perfiles de usuario y el acceso m\u00f3vil.<\/p>\n<p>Si buscas una experiencia basada en el texto con integraci\u00f3n opcional de v\u00eddeo, <a href=\"https:\/\/tinychat.com\/es\/chatroulette\/\">Chat<\/a> Avenue ofrece un lugar amplio y sin barreras para <a href=\"https:\/\/tinychat.com\/es\/talk-to-strangers\/\">hablar con desconocidos<\/a>y relacionarse con un amplio abanico de personas, desde usuarios ocasionales hasta los m\u00e1s exigentes. <a href=\"https:\/\/tinychat.com\/es\/chatroulette\/\">chat<\/a> veteranos.<\/p>\n<p>En esta gu\u00eda detallada, exploraremos qu\u00e9 <a href=\"https:\/\/tinychat.com\/es\/chatroulette\/\">Chat<\/a> Avenue es, sus caracter\u00edsticas, experiencia de usuario, pros y contras, comparaciones con la competencia y consejos para navegar por la plataforma con seguridad.<\/p>\n<h2>\u00bfQu\u00e9 es Chat Avenue?<\/h2>\n<p><a href=\"https:\/\/tinychat.com\/es\/chatroulette\/\">Chat<\/a> Avenue es uno de los <a href=\"https:\/\/tinychat.com\/es\/chatroulette\/\">chat<\/a> plataformas, que ofrecen <a href=\"https:\/\/tinychat.com\/es\/chatroulette\/\">chat<\/a> salas organizadas por temas o intereses. A diferencia de los nuevos <a href=\"https:\/\/tinychat.com\/es\/chatroulette\/\">chat<\/a> plataformas, <a href=\"https:\/\/tinychat.com\/es\/chatroulette\/\">Chat<\/a> Avenue hace hincapi\u00e9 en la comunicaci\u00f3n por texto, aunque tambi\u00e9n ofrece algunas funciones de v\u00eddeo y voz en determinadas salas.<\/p>\n<p>En lugar de emparejarte con un usuario al azar, <a href=\"https:\/\/tinychat.com\/es\/chatroulette\/\">Chat<\/a> La avenida te coloca en p\u00fablico <a href=\"https:\/\/tinychat.com\/es\/chatroulette\/\">chat<\/a> salas donde varios usuarios conversan juntos. Puedes responder p\u00fablicamente, enviar mensajes privados e incluso crear tu propio perfil con un avatar y una biograf\u00eda si decides quedarte.<\/p>\n<p>Tanto si buscas una conversaci\u00f3n informal, una cita <a href=\"https:\/\/tinychat.com\/es\/chatroulette\/\">chat<\/a>, charla sobre juegos o apoyo an\u00f3nimo, <a href=\"https:\/\/tinychat.com\/es\/chatroulette\/\">Chat<\/a> Avenue ofrece salas especializadas que facilitan encontrar tu nicho.<\/p>\n<h2>Caracter\u00edsticas principales de Chat Avenue<\/h2>\n<p>\u00bfQu\u00e9 establece <a href=\"https:\/\/tinychat.com\/es\/chatroulette\/\">Chat<\/a> Avenida aparte de los muchos <a href=\"https:\/\/tinychat.com\/es\/chatroulette\/\">chat<\/a> aplicaciones y sitios disponibles hoy en d\u00eda es su enfoque estructurado y tem\u00e1tico. Estas son sus principales caracter\u00edsticas:<\/p>\n<h3>1. Decenas de salas de chat tem\u00e1ticas<\/h3>\n<p><a href=\"https:\/\/tinychat.com\/es\/chatroulette\/\">Chat<\/a> Avenue alberga m\u00e1s de una docena de <a href=\"https:\/\/tinychat.com\/es\/chatroulette\/\">chat<\/a> salas, cada una adaptada a un p\u00fablico o tema diferente. Entre ellas figuran:<\/p>\n<ul>\n<li>Adolescentes <a href=\"https:\/\/tinychat.com\/es\/chatroulette\/\">Chat<\/a><\/li>\n<li>Adultos <a href=\"https:\/\/tinychat.com\/es\/chatroulette\/\">Chat<\/a><\/li>\n<li>Chicas <a href=\"https:\/\/tinychat.com\/es\/chatroulette\/\">Chat<\/a><\/li>\n<li>Chicos <a href=\"https:\/\/tinychat.com\/es\/chatroulette\/\">Chat<\/a><\/li>\n<li>Citas <a href=\"https:\/\/tinychat.com\/es\/chatroulette\/\">Chat<\/a><\/li>\n<li>LGBT <a href=\"https:\/\/tinychat.com\/es\/chatroulette\/\">Chat<\/a><\/li>\n<li>V\u00eddeo <a href=\"https:\/\/tinychat.com\/es\/chatroulette\/\">Chat<\/a><\/li>\n<li>General <a href=\"https:\/\/tinychat.com\/es\/chatroulette\/\">Chat<\/a><\/li>\n<li>M\u00fasica <a href=\"https:\/\/tinychat.com\/es\/chatroulette\/\">Chat<\/a><\/li>\n<li>Deportes <a href=\"https:\/\/tinychat.com\/es\/chatroulette\/\">Chat<\/a><\/li>\n<li>Juegos <a href=\"https:\/\/tinychat.com\/es\/chatroulette\/\">Chat<\/a><\/li>\n<li>Universidad <a href=\"https:\/\/tinychat.com\/es\/chatroulette\/\">Chat<\/a><\/li>\n<\/ul>\n<p>Cada sala tiene su propio ambiente, usuarios habituales y moderadores activos. Puedes saltar de una sala a otra o quedarte con la que mejor se adapte a tus intereses o identidad.<\/p>\n<h3>2. Comunicaci\u00f3n an\u00f3nima basada en texto<\/h3>\n<p>La mayor\u00eda de <a href=\"https:\/\/tinychat.com\/es\/chatroulette\/\">Chat<\/a> Las interacciones de Avenue se basan en texto, por lo que es ideal para usuarios que no se atreven con las c\u00e1maras o prefieren escribir a hablar. No es necesario registrarse para unirse a un grupo. <a href=\"https:\/\/tinychat.com\/es\/chatroulette\/\">chat<\/a> - puedes entrar en la mayor\u00eda de las salas al instante y elegir un apodo.<\/p>\n<p>Se puede responder p\u00fablicamente en la sala o enviar mensajes privados a personas concretas. Los usuarios tambi\u00e9n pueden crear listas de amigos y <a href=\"https:\/\/tinychat.com\/es\/chatroulette\/\">chat<\/a> en privado fuera de la sala principal.<\/p>\n<h3>3. Registro opcional y perfiles personalizados<\/h3>\n<p>Aunque no es necesario registrarse, puedes crear una cuenta gratuita para desbloquear funciones adicionales como:<\/p>\n<ul>\n<li>Avatares personalizados<\/li>\n<li>Nombres de usuario y biograf\u00edas<\/li>\n<li>Solicitudes directas de amistad<\/li>\n<li>Mensajer\u00eda privada entre salas<\/li>\n<li>Funciones de moderaci\u00f3n (para usuarios de confianza)<\/li>\n<\/ul>\n<p>Tener una cuenta tambi\u00e9n te permite evitar el uso de un alias de invitado cada vez que te unes, y te da una identidad m\u00e1s coherente dentro de la comunidad.<\/p>\n<h3>4. Chat por webcam integrado (salas selectivas)<\/h3>\n<p>Algunas salas, como la de v\u00eddeo <a href=\"https:\/\/tinychat.com\/es\/chatroulette\/\">Chat<\/a> y Adultos <a href=\"https:\/\/tinychat.com\/es\/chatroulette\/\">Chat<\/a>admiten la integraci\u00f3n de webcams, lo que permite a los usuarios emitir v\u00eddeo adem\u00e1s de texto. Tambi\u00e9n puedes ver las webcams de otros usuarios si las han habilitado.<\/p>\n<p>A diferencia del v\u00eddeo individual <a href=\"https:\/\/tinychat.com\/es\/chatroulette\/\">chat<\/a> Este v\u00eddeo se integra en las salas de grupo, lo que lo convierte en una experiencia m\u00e1s social que directa. <a href=\"https:\/\/tinychat.com\/es\/chatroulette\/\">chat<\/a>.<\/p>\n<h3>5. Interfaz m\u00f3vil<\/h3>\n<p><a href=\"https:\/\/tinychat.com\/es\/chatroulette\/\">Chat<\/a> Avenue se ha optimizado completamente para dispositivos m\u00f3viles y, aunque no hay una aplicaci\u00f3n independiente, la experiencia del navegador m\u00f3vil es limpia, receptiva y totalmente funcional. Puede <a href=\"https:\/\/tinychat.com\/es\/chatroulette\/\">chat<\/a> sobre la marcha sin perder el acceso a ninguna funci\u00f3n clave.<\/p>\n<h3>6. Moderaci\u00f3n comunitaria y controles de seguridad<\/h3>\n<p>La mayor\u00eda de las salas cuentan con moderadores y un conjunto de normas activas, especialmente en el caso de los adolescentes. <a href=\"https:\/\/tinychat.com\/es\/chatroulette\/\">Chat<\/a>LGBT <a href=\"https:\/\/tinychat.com\/es\/chatroulette\/\">Chat<\/a>y Adultos <a href=\"https:\/\/tinychat.com\/es\/chatroulette\/\">Chat<\/a>. Los usuarios pueden denunciar comportamientos inadecuados, y los mods pueden expulsar, silenciar o bloquear a los usuarios conflictivos.<\/p>\n<p><a href=\"https:\/\/tinychat.com\/es\/chatroulette\/\">Chat<\/a> Avenue tambi\u00e9n ofrece filtros de contenido y aplicaci\u00f3n de las condiciones de servicio para mantener conversaciones respetuosas y seguras, aunque la calidad de la aplicaci\u00f3n var\u00eda seg\u00fan la sala.<\/p>\n<h2>C\u00f3mo utilizar Chat Avenue<\/h2>\n<p>C\u00f3mo empezar en <a href=\"https:\/\/tinychat.com\/es\/chatroulette\/\">Chat<\/a> Avenue es muy sencillo, tanto para ordenador como para m\u00f3vil. Aqu\u00ed tienes un desglose paso a paso:<\/p>\n<h3>Paso 1: Visite el sitio web<\/h3>\n<p>Vaya a www.chat-avenue.com. Ver\u00e1 una p\u00e1gina de inicio con una lista de todos los sitios disponibles <a href=\"https:\/\/tinychat.com\/es\/chatroulette\/\">chat<\/a> habitaciones por categor\u00eda.<\/p>\n<h3>Paso 2: Elegir una sala de chat<\/h3>\n<p>Haga clic en la sala que m\u00e1s le interese. Acceder\u00e1 directamente a una <a href=\"https:\/\/tinychat.com\/es\/chatroulette\/\">chat<\/a> entorno poblado con otros usuarios.<\/p>\n<h3>Paso 3: Introduzca un apodo (o reg\u00edstrese)<\/h3>\n<p>Puedes empezar a chatear inmediatamente introduciendo un apodo. Si quieres funciones adicionales, haz clic en \"Registrarse\" para crear un perfil.<\/p>\n<h3>Paso 4: \u00danete a la conversaci\u00f3n<\/h3>\n<p>Una vez en la sala, puedes enviar mensajes p\u00fablicos, reaccionar a los dem\u00e1s o hacer clic en nombres de usuario individuales para enviar mensajes privados.<\/p>\n<h3>Paso 5: Explore las opciones de v\u00eddeo o c\u00e1mara web (si est\u00e1n disponibles)<\/h3>\n<p>En algunas salas ver\u00e1s iconos de c\u00e1mara. Haz clic en ellos para activar tu c\u00e1mara web o ver la imagen en directo de otra persona, pero respeta siempre las normas de la sala.<\/p>\n<h2>Experiencia de usuario en Chat Avenue<\/h2>\n<p>Mientras que la interfaz de <a href=\"https:\/\/tinychat.com\/es\/chatroulette\/\">Chat<\/a> Avenue puede parecer retro, pero sigue siendo uno de sus puntos fuertes. Su dise\u00f1o, m\u00e1s funcional que llamativo, lo hace r\u00e1pido, estable y f\u00e1cil de navegar.<\/p>\n<h3>Lo que les gusta a los usuarios<\/h3>\n<ul>\n<li>Conversaciones estructuradas en salas tem\u00e1ticas<\/li>\n<li>Barrera de entrada m\u00ednima: no es necesario iniciar sesi\u00f3n<\/li>\n<li>Posibilidad de permanecer en el anonimato o crear un perfil<\/li>\n<li>Comunidad diversa con m\u00faltiples intereses<\/li>\n<li>La nostalgia de las salas de chat cl\u00e1sicas con modernas funciones de seguridad<\/li>\n<\/ul>\n<h3>Qu\u00e9 podr\u00eda mejorarse<\/h3>\n<ul>\n<li>La interfaz de usuario parece anticuada en comparaci\u00f3n con plataformas m\u00e1s modernas.<\/li>\n<li>La calidad de la moderaci\u00f3n var\u00eda seg\u00fan la sala: algunas est\u00e1n bien gestionadas, otras no tanto<\/li>\n<li>No hay un sistema de v\u00eddeo partido uno contra uno como <a href=\"https:\/\/tinychat.com\/es\/chatroulette\/\">Chatroulette<\/a> o <a href=\"https:\/\/tinychat.com\/es\/omegle\/\">Omegle<\/a><\/li>\n<li>No hay aplicaci\u00f3n m\u00f3vil, s\u00f3lo acceso a trav\u00e9s del navegador<\/li>\n<\/ul>\n<h2>Opiniones reales de usuarios<\/h2>\n<blockquote><p>\"Es de la vieja escuela, pero eso es lo que me gusta. Real <a href=\"https:\/\/tinychat.com\/es\/chatroulette\/\">chat<\/a> salas, sin bots ni falsas coincidencias. S\u00f3lo gente hablando\".<br \/>\n- <em>Samantha P., Trustpilot<\/em><\/p><\/blockquote>\n<blockquote><p>\"Teen <a href=\"https:\/\/tinychat.com\/es\/chatroulette\/\">Chat<\/a> tiene mods vigilando, lo que hace que me sienta segura. Aqu\u00ed he conocido amigos con los que sigo hablando todos los d\u00edas\".<br \/>\n- <em>Liam R., Reddit<\/em><\/p><\/blockquote>\n<blockquote><p>\"Si quiere un lugar tem\u00e1tico para <a href=\"https:\/\/tinychat.com\/es\/chatroulette\/\">chat<\/a> con extra\u00f1os que no sea un desastre total, <a href=\"https:\/\/tinychat.com\/es\/chatroulette\/\">Chat<\/a> La avenida sigue en pie\".<br \/>\n- <em>Tony V., Google Reviews<\/em><\/p><\/blockquote>\n<h2>Chat Avenue frente a otras plataformas de chat<\/h2>\n<p>\u00bfC\u00f3mo puede <a href=\"https:\/\/tinychat.com\/es\/chatroulette\/\">Chat<\/a> Avenue frente a los competidores del sector?<\/p>\n<table>\n<thead>\n<tr>\n<th>Caracter\u00edstica<\/th>\n<th><a href=\"https:\/\/tinychat.com\/es\/chatroulette\/\">Chat<\/a> Avenida<\/th>\n<th><a href=\"https:\/\/tinychat.com\/es\/omegle\/\">Omegle<\/a><\/th>\n<th><a href=\"https:\/\/tinychat.com\/es\/chathub\/\">ChatHub<\/a><\/th>\n<th><a href=\"https:\/\/tinychat.com\/es\/\">TinyChat<\/a><\/th>\n<th><a href=\"https:\/\/tinychat.com\/es\/ometv\/\">OmeTV<\/a><\/th>\n<\/tr>\n<\/thead>\n<tbody>\n<tr>\n<td>Salas tem\u00e1ticas<\/td>\n<td>\u2705 S\u00ed<\/td>\n<td>\u274c No<\/td>\n<td>\u274c No<\/td>\n<td>\u2705 S\u00ed<\/td>\n<td>\u274c No<\/td>\n<\/tr>\n<tr>\n<td>Grupo <a href=\"https:\/\/tinychat.com\/es\/chatroulette\/\">Chat<\/a><\/td>\n<td>\u2705 S\u00ed<\/td>\n<td>\u274c No<\/td>\n<td>\u274c No<\/td>\n<td>\u2705 S\u00ed<\/td>\n<td>\u274c No<\/td>\n<\/tr>\n<tr>\n<td>Texto <a href=\"https:\/\/tinychat.com\/es\/chatroulette\/\">Chat<\/a><\/td>\n<td>\u2705 S\u00ed<\/td>\n<td>\u2705 S\u00ed<\/td>\n<td>\u2705 S\u00ed<\/td>\n<td>\u2705 S\u00ed<\/td>\n<td>\u2705 S\u00ed<\/td>\n<\/tr>\n<tr>\n<td>V\u00eddeo <a href=\"https:\/\/tinychat.com\/es\/chatroulette\/\">Chat<\/a><\/td>\n<td>\u2705 Limitada<\/td>\n<td>\u2705 S\u00ed<\/td>\n<td>\u2705 S\u00ed<\/td>\n<td>\u2705 S\u00ed<\/td>\n<td>\u2705 S\u00ed<\/td>\n<\/tr>\n<tr>\n<td>Uso an\u00f3nimo<\/td>\n<td>\u2705 S\u00ed<\/td>\n<td>\u2705 S\u00ed<\/td>\n<td>\u2705 S\u00ed<\/td>\n<td>\u2705 S\u00ed<\/td>\n<td>\u2705 S\u00ed<\/td>\n<\/tr>\n<tr>\n<td>Creaci\u00f3n de perfiles<\/td>\n<td>\u2705 Opcional<\/td>\n<td>\u274c No<\/td>\n<td>\u274c No<\/td>\n<td>\u2705 S\u00ed<\/td>\n<td>\u274c No<\/td>\n<\/tr>\n<tr>\n<td>Asistencia m\u00f3vil<\/td>\n<td>Navegador<\/td>\n<td>Navegador<\/td>\n<td>Navegador<\/td>\n<td>Aplicaci\u00f3n<\/td>\n<td>Aplicaci\u00f3n<\/td>\n<\/tr>\n<tr>\n<td>Moderaci\u00f3n<\/td>\n<td>\u2705 Var\u00eda<\/td>\n<td>\u26a0\ufe0f M\u00ednimo<\/td>\n<td>\u2705 Fuerte<\/td>\n<td>\u2705 Moderado<\/td>\n<td>\u2705 Bueno<\/td>\n<\/tr>\n<\/tbody>\n<\/table>\n<p>Resumen: <a href=\"https:\/\/tinychat.com\/es\/chatroulette\/\">Chat<\/a> Avenue es ideal para los usuarios que prefieren las discusiones en grupo, las conversaciones mecanografiadas y las salas tem\u00e1ticas a los chats individuales aleatorios.<\/p>\n<h2>Consejos para utilizar Chat Avenue con seguridad<\/h2>\n<p>Como cualquier <a href=\"https:\/\/tinychat.com\/es\/chatroulette\/\">chat<\/a> plataforma, la seguridad depende de tus h\u00e1bitos. He aqu\u00ed las mejores pr\u00e1cticas:<\/p>\n<ul>\n<li>Utiliza un apodo \u00fanico que no est\u00e9 vinculado a tu identidad real<\/li>\n<li>Evita compartir informaci\u00f3n privada (nombre completo, correo electr\u00f3nico, ubicaci\u00f3n)<\/li>\n<li>No haga clic en enlaces externos a menos que est\u00e9n verificados<\/li>\n<li>Utilice la webcam de forma responsable: s\u00f3lo en salas que lo permitan y siga todas las directrices<\/li>\n<li>Informar inmediatamente a los moderadores de los malos comportamientos<\/li>\n<li>Lim\u00edtate a las salas adecuadas a tu edad e intereses<\/li>\n<\/ul>\n<h2>Soluci\u00f3n de problemas comunes<\/h2>\n<h3>No puedo entrar en la sala de chat<\/h3>\n<p>Aseg\u00farate de que las cookies y JavaScript est\u00e1n activados en tu navegador. Actualiza o prueba con otro navegador.<\/p>\n<h3>La webcam no funciona<\/h3>\n<p>Aseg\u00farate de que tu navegador tiene permiso para utilizar la c\u00e1mara. Prueba a reiniciar el navegador o a comprobar la configuraci\u00f3n de seguridad.<\/p>\n<h3>Prohibici\u00f3n de acceso a una sala<\/h3>\n<p>Los baneos de sala suelen estar vinculados a tu IP o cuenta. Prueba en otra sala, ponte en contacto con un mod o espera.<\/p>\n<h3>Carga lenta o retardo<\/h3>\n<p><a href=\"https:\/\/tinychat.com\/es\/chatroulette\/\">Chat<\/a> Avenue es ligero, pero las conexiones lentas pueden afectar a las funciones de la webcam. Prueba a reducir la actividad en segundo plano o a cambiar de red.<\/p>\n<p><a href=\"https:\/\/tinychat.com\/es\/chatroulette\/\">Chat<\/a> Puede que Avenue no sea llamativo, pero ofrece uno de los an\u00f3nimos m\u00e1s consistentes y fiables. <a href=\"https:\/\/tinychat.com\/es\/chatroulette\/\">chat<\/a> experiencias en l\u00ednea.<\/p>\n<p>Con su gran base de usuarios, su amplia variedad de <a href=\"https:\/\/tinychat.com\/es\/chatroulette\/\">chat<\/a> salas, integraci\u00f3n de v\u00eddeo opcional y baja barrera de entrada, es una plataforma excelente para cualquiera que prefiera la conversaci\u00f3n en grupo al azar de uno a uno.<\/p>\n<p>Si est\u00e1s buscando un lugar donde conocer a desconocidos sin tener que hacer swipe o matching, y te gusta la simplicidad de la vieja escuela del live <a href=\"https:\/\/tinychat.com\/es\/chatroulette\/\">chat<\/a> habitaciones, <a href=\"https:\/\/tinychat.com\/es\/chatroulette\/\">Chat<\/a> Avenue sigue siendo una de las mejores opciones que existen.<\/p>\n<p>Visite www.chat-avenue.com, elija una sala y l\u00e1ncese a conversar. Nunca se sabe a qui\u00e9n conocer\u00e1s.<\/p>","protected":false},"excerpt":{"rendered":"<p>Known for its wide variety of chat rooms, retro interface, and loyal user base, Chat Avenue isn\u2019t just another random chat site \u2014 it\u2019s a veteran of the online chatting scene that still holds relevance today. Launched in 2000, Chat Avenue has grown to include over a dozen specialized chat rooms tailored to different interests [&hellip;]<\/p>\n","protected":false},"author":6,"featured_media":0,"parent":0,"menu_order":0,"comment_status":"closed","ping_status":"closed","template":"","meta":{"footnotes":""},"class_list":["post-8386","page","type-page","status-publish","hentry"],"yoast_head":"<!-- This site is optimized with the Yoast SEO plugin v27.6 - https:\/\/yoast.com\/product\/yoast-seo-wordpress\/ -->\n<title>Chat Avenue - The Original Random Video Chat - TinyChat.com<\/title>\n<meta name=\"description\" content=\"Enjoying Chat Avenue? Join over 50,000,000 strangers on TinyChat! Turn on your cam and start meeting new people, or find a match.\" \/>\n<meta name=\"robots\" content=\"index, follow, max-snippet:-1, max-image-preview:large, max-video-preview:-1\" \/>\n<link rel=\"canonical\" href=\"https:\/\/tinychat.com\/es\/chat-avenue\/\" \/>\n<meta property=\"og:locale\" content=\"es_ES\" \/>\n<meta property=\"og:type\" content=\"article\" \/>\n<meta property=\"og:title\" content=\"Chat Avenue - The Original Random Video Chat - TinyChat.com\" \/>\n<meta property=\"og:description\" content=\"Enjoying Chat Avenue? Join over 50,000,000 strangers on TinyChat! Turn on your cam and start meeting new people, or find a match.\" \/>\n<meta property=\"og:url\" content=\"https:\/\/tinychat.com\/es\/chat-avenue\/\" \/>\n<meta property=\"og:site_name\" content=\"TinyChat\" \/>\n<meta property=\"article:publisher\" content=\"https:\/\/www.facebook.com\/tinychat\" \/>\n<meta property=\"article:modified_time\" content=\"2025-07-07T16:17:39+00:00\" \/>\n<meta property=\"og:image\" content=\"https:\/\/tinychat.com\/wp-content\/uploads\/2020\/04\/Tinychat-logo-1280x284-new-black.png\" \/>\n\t<meta property=\"og:image:width\" content=\"1280\" \/>\n\t<meta property=\"og:image:height\" content=\"284\" \/>\n\t<meta property=\"og:image:type\" content=\"image\/png\" \/>\n<meta name=\"twitter:card\" content=\"summary_large_image\" \/>\n<meta name=\"twitter:site\" content=\"@tinychat\" \/>\n<meta name=\"twitter:label1\" content=\"Tiempo de lectura\" \/>\n\t<meta name=\"twitter:data1\" content=\"6 minutos\" \/>\n<script type=\"application\/ld+json\" class=\"yoast-schema-graph\">{\"@context\":\"https:\\\/\\\/schema.org\",\"@graph\":[{\"@type\":\"WebPage\",\"@id\":\"https:\\\/\\\/tinychat.com\\\/chat-avenue\\\/\",\"url\":\"https:\\\/\\\/tinychat.com\\\/chat-avenue\\\/\",\"name\":\"Chat Avenue - The Original Random Video Chat - TinyChat.com\",\"isPartOf\":{\"@id\":\"https:\\\/\\\/tinychat.com\\\/#website\"},\"datePublished\":\"2025-04-19T09:35:24+00:00\",\"dateModified\":\"2025-07-07T16:17:39+00:00\",\"description\":\"Enjoying Chat Avenue? Join over 50,000,000 strangers on TinyChat! Turn on your cam and start meeting new people, or find a match.\",\"breadcrumb\":{\"@id\":\"https:\\\/\\\/tinychat.com\\\/chat-avenue\\\/#breadcrumb\"},\"inLanguage\":\"es\",\"potentialAction\":[{\"@type\":\"ReadAction\",\"target\":[\"https:\\\/\\\/tinychat.com\\\/chat-avenue\\\/\"]}]},{\"@type\":\"BreadcrumbList\",\"@id\":\"https:\\\/\\\/tinychat.com\\\/chat-avenue\\\/#breadcrumb\",\"itemListElement\":[{\"@type\":\"ListItem\",\"position\":1,\"name\":\"Home\",\"item\":\"https:\\\/\\\/tinychat.com\\\/\"},{\"@type\":\"ListItem\",\"position\":2,\"name\":\"Chat Avenue\"}]},{\"@type\":\"WebSite\",\"@id\":\"https:\\\/\\\/tinychat.com\\\/#website\",\"url\":\"https:\\\/\\\/tinychat.com\\\/\",\"name\":\"TinyChat\",\"description\":\"Random Video Chat with Strangers\",\"publisher\":{\"@id\":\"https:\\\/\\\/tinychat.com\\\/#organization\"},\"alternateName\":\"TinyChat.com\",\"potentialAction\":[{\"@type\":\"SearchAction\",\"target\":{\"@type\":\"EntryPoint\",\"urlTemplate\":\"https:\\\/\\\/tinychat.com\\\/?s={search_term_string}\"},\"query-input\":{\"@type\":\"PropertyValueSpecification\",\"valueRequired\":true,\"valueName\":\"search_term_string\"}}],\"inLanguage\":\"es\"},{\"@type\":\"Organization\",\"@id\":\"https:\\\/\\\/tinychat.com\\\/#organization\",\"name\":\"TinyChat\",\"alternateName\":\"TinyChat.com\",\"url\":\"https:\\\/\\\/tinychat.com\\\/\",\"logo\":{\"@type\":\"ImageObject\",\"inLanguage\":\"es\",\"@id\":\"https:\\\/\\\/tinychat.com\\\/#\\\/schema\\\/logo\\\/image\\\/\",\"url\":\"https:\\\/\\\/tinychat.com\\\/wp-content\\\/uploads\\\/2023\\\/11\\\/Tinychat-icon-square.png\",\"contentUrl\":\"https:\\\/\\\/tinychat.com\\\/wp-content\\\/uploads\\\/2023\\\/11\\\/Tinychat-icon-square.png\",\"width\":284,\"height\":284,\"caption\":\"TinyChat\"},\"image\":{\"@id\":\"https:\\\/\\\/tinychat.com\\\/#\\\/schema\\\/logo\\\/image\\\/\"},\"sameAs\":[\"https:\\\/\\\/www.facebook.com\\\/tinychat\",\"https:\\\/\\\/x.com\\\/tinychat\"]}]}<\/script>\n<!-- \/ Yoast SEO plugin. -->","yoast_head_json":{"title":"Chat Avenue - El videochat aleatorio original - TinyChat.com","description":"\u00bfDisfrutando de Chat Avenue? \u00a1\u00danete a m\u00e1s de 50.000.000 de desconocidos en TinyChat! Enciende tu c\u00e1mara y empieza a conocer gente nueva, o encuentra una pareja.","robots":{"index":"index","follow":"follow","max-snippet":"max-snippet:-1","max-image-preview":"max-image-preview:large","max-video-preview":"max-video-preview:-1"},"canonical":"https:\/\/tinychat.com\/es\/chat-avenue\/","og_locale":"es_ES","og_type":"article","og_title":"Chat Avenue - The Original Random Video Chat - TinyChat.com","og_description":"Enjoying Chat Avenue? Join over 50,000,000 strangers on TinyChat! Turn on your cam and start meeting new people, or find a match.","og_url":"https:\/\/tinychat.com\/es\/chat-avenue\/","og_site_name":"TinyChat","article_publisher":"https:\/\/www.facebook.com\/tinychat","article_modified_time":"2025-07-07T16:17:39+00:00","og_image":[{"width":1280,"height":284,"url":"https:\/\/tinychat.com\/wp-content\/uploads\/2020\/04\/Tinychat-logo-1280x284-new-black.png","type":"image\/png"}],"twitter_card":"summary_large_image","twitter_site":"@tinychat","twitter_misc":{"Tiempo de lectura":"6 minutos"},"schema":{"@context":"https:\/\/schema.org","@graph":[{"@type":"WebPage","@id":"https:\/\/tinychat.com\/chat-avenue\/","url":"https:\/\/tinychat.com\/chat-avenue\/","name":"Chat Avenue - El videochat aleatorio original - TinyChat.com","isPartOf":{"@id":"https:\/\/tinychat.com\/#website"},"datePublished":"2025-04-19T09:35:24+00:00","dateModified":"2025-07-07T16:17:39+00:00","description":"\u00bfDisfrutando de Chat Avenue? \u00a1\u00danete a m\u00e1s de 50.000.000 de desconocidos en TinyChat! Enciende tu c\u00e1mara y empieza a conocer gente nueva, o encuentra una pareja.","breadcrumb":{"@id":"https:\/\/tinychat.com\/chat-avenue\/#breadcrumb"},"inLanguage":"es","potentialAction":[{"@type":"ReadAction","target":["https:\/\/tinychat.com\/chat-avenue\/"]}]},{"@type":"BreadcrumbList","@id":"https:\/\/tinychat.com\/chat-avenue\/#breadcrumb","itemListElement":[{"@type":"ListItem","position":1,"name":"Home","item":"https:\/\/tinychat.com\/"},{"@type":"ListItem","position":2,"name":"Chat Avenue"}]},{"@type":"WebSite","@id":"https:\/\/tinychat.com\/#website","url":"https:\/\/tinychat.com\/","name":"TinyChat","description":"Videochat aleatorio con desconocidos","publisher":{"@id":"https:\/\/tinychat.com\/#organization"},"alternateName":"TinyChat.com","potentialAction":[{"@type":"SearchAction","target":{"@type":"EntryPoint","urlTemplate":"https:\/\/tinychat.com\/?s={search_term_string}"},"query-input":{"@type":"PropertyValueSpecification","valueRequired":true,"valueName":"search_term_string"}}],"inLanguage":"es"},{"@type":"Organization","@id":"https:\/\/tinychat.com\/#organization","name":"TinyChat","alternateName":"TinyChat.com","url":"https:\/\/tinychat.com\/","logo":{"@type":"ImageObject","inLanguage":"es","@id":"https:\/\/tinychat.com\/#\/schema\/logo\/image\/","url":"https:\/\/tinychat.com\/wp-content\/uploads\/2023\/11\/Tinychat-icon-square.png","contentUrl":"https:\/\/tinychat.com\/wp-content\/uploads\/2023\/11\/Tinychat-icon-square.png","width":284,"height":284,"caption":"TinyChat"},"image":{"@id":"https:\/\/tinychat.com\/#\/schema\/logo\/image\/"},"sameAs":["https:\/\/www.facebook.com\/tinychat","https:\/\/x.com\/tinychat"]}]}},"_links":{"self":[{"href":"https:\/\/tinychat.com\/es\/wp-json\/wp\/v2\/pages\/8386","targetHints":{"allow":["GET"]}}],"collection":[{"href":"https:\/\/tinychat.com\/es\/wp-json\/wp\/v2\/pages"}],"about":[{"href":"https:\/\/tinychat.com\/es\/wp-json\/wp\/v2\/types\/page"}],"author":[{"embeddable":true,"href":"https:\/\/tinychat.com\/es\/wp-json\/wp\/v2\/users\/6"}],"replies":[{"embeddable":true,"href":"https:\/\/tinychat.com\/es\/wp-json\/wp\/v2\/comments?post=8386"}],"version-history":[{"count":4,"href":"https:\/\/tinychat.com\/es\/wp-json\/wp\/v2\/pages\/8386\/revisions"}],"predecessor-version":[{"id":13200,"href":"https:\/\/tinychat.com\/es\/wp-json\/wp\/v2\/pages\/8386\/revisions\/13200"}],"wp:attachment":[{"href":"https:\/\/tinychat.com\/es\/wp-json\/wp\/v2\/media?parent=8386"}],"curies":[{"name":"wp","href":"https:\/\/api.w.org\/{rel}","templated":true}]}}