{"id":8554,"date":"2021-10-18T10:33:50","date_gmt":"2021-10-18T08:33:50","guid":{"rendered":"https:\/\/tinychat.com\/?page_id=8554"},"modified":"2025-05-03T17:25:13","modified_gmt":"2025-05-03T15:25:13","slug":"refund","status":"publish","type":"page","link":"https:\/\/tinychat.com\/es\/refund\/","title":{"rendered":"Reembolsos y devoluciones"},"content":{"rendered":"<p class=\"\" data-start=\"351\" data-end=\"740\">Gracias por utilizar nuestro sitio web. Le informamos de que todas las consultas sobre facturaci\u00f3n, reembolsos, devoluciones de cargos y atenci\u00f3n al cliente relacionadas con compras realizadas a trav\u00e9s de enlaces de este sitio web son gestionadas exclusivamente por CooMeet. Como afiliado independiente, no procesamos pagos, gestionamos problemas de facturaci\u00f3n ni proporcionamos asistencia directa al cliente para transacciones relacionadas con los servicios de CooMeet.<\/p>\n<h2 data-start=\"747\" data-end=\"782\">Productos y servicios digitales<\/h2>\n<p class=\"\" data-start=\"784\" data-end=\"1106\">Nuestro sitio web promociona servicios y productos digitales no tangibles proporcionados por CooMeet. Estos pueden incluir suscripciones, membres\u00edas premium o funciones adicionales.<br data-start=\"951\" data-end=\"954\" \/>Antes de realizar cualquier compra, le recomendamos encarecidamente que revise detenidamente la descripci\u00f3n del producto o servicio para asegurarse de que se ajusta a sus expectativas.<\/p>\n<p class=\"\" data-start=\"1108\" data-end=\"1335\">Si tiene alguna pregunta sobre el producto, las funciones, los precios o las condiciones de suscripci\u00f3n, p\u00f3ngase en contacto con el equipo de asistencia oficial de CooMeet antes de completar el pago. No estamos autorizados a aclarar o modificar estas ofertas.<\/p>\n<h2 data-start=\"1342\" data-end=\"1363\">Pol\u00edtica de reembolso<\/h2>\n<p class=\"\" data-start=\"1365\" data-end=\"1560\">Dado que CooMeet se encarga de procesar todos los pagos, cualquier solicitud de reembolso debe enviarse directamente a su equipo de atenci\u00f3n al cliente. Los reembolsos pueden considerarse en circunstancias espec\u00edficas, tales como:<\/p>\n<ul>\n<li data-start=\"1564\" data-end=\"1588\">Transacciones duplicadas<\/li>\n<li data-start=\"1591\" data-end=\"1609\">Errores t\u00e9cnicos<\/li>\n<li data-start=\"1612\" data-end=\"1632\">Cargos no autorizados<\/li>\n<\/ul>\n<p class=\"\" data-start=\"1634\" data-end=\"1709\">Para solicitar un reembolso, facilite a CooMeet la siguiente informaci\u00f3n:<\/p>\n<ul>\n<li data-start=\"1713\" data-end=\"1741\">Fecha e importe del pago<\/li>\n<li data-start=\"1744\" data-end=\"1765\">Forma de pago utilizada<\/li>\n<li data-start=\"1768\" data-end=\"1800\">ID de transacci\u00f3n o n\u00famero de pedido<\/li>\n<li data-start=\"1803\" data-end=\"1833\">Motivo de su solicitud de devoluci\u00f3n<\/li>\n<\/ul>\n<p class=\"\" data-start=\"1835\" data-end=\"2106\">Si se aprueba el reembolso, espere de 3 a 10 d\u00edas laborables para que su banco o entidad emisora de la tarjeta procese el reembolso. No podemos controlar ni influir en los plazos de reembolso una vez emitido. Para cualquier duda o actualizaci\u00f3n, ponte en contacto directamente con el servicio de asistencia de CooMeet.<\/p>\n<h2 data-start=\"2113\" data-end=\"2132\">Devoluciones de cargo<\/h2>\n<p class=\"\" data-start=\"2134\" data-end=\"2385\">Si est\u00e1s pensando en iniciar una devoluci\u00f3n de cargo, te recomendamos que primero te pongas en contacto con el servicio de asistencia de CooMeet para resolver el problema. Presentar una devoluci\u00f3n de cargo sin solicitar primero asistencia puede retrasar la resoluci\u00f3n y provocar restricciones en su cuenta o en el acceso futuro.<\/p>\n<p class=\"\" data-start=\"2387\" data-end=\"2567\">Todas las devoluciones de cargo son revisadas e investigadas por CooMeet. El env\u00edo de una devoluci\u00f3n de cargo fraudulenta o infundada puede infringir las condiciones de uso y dar lugar a la suspensi\u00f3n del servicio.<\/p>\n<h2 data-start=\"2574\" data-end=\"2610\">Servicios y enlaces de terceros<\/h2>\n<p class=\"\" data-start=\"2612\" data-end=\"2818\">Nuestro sitio web puede incluir enlaces a plataformas de terceros, incluida CooMeet. Los productos o servicios a los que acceda a trav\u00e9s de estos enlaces se rigen por las condiciones y pol\u00edticas de los terceros, no por las nuestras.<\/p>\n<p class=\"\" data-start=\"2820\" data-end=\"3042\">No somos responsables del funcionamiento de estos servicios externos ni podemos intervenir en sus procedimientos de atenci\u00f3n al cliente o reembolso. Para cualquier problema con las compras externas, p\u00f3ngase en contacto directamente con el proveedor externo.<\/p>\n<h2 data-start=\"3049\" data-end=\"3070\">Contacto<\/h2>\n<p class=\"\" data-start=\"3072\" data-end=\"3376\">Si tienes alguna pregunta sobre el contenido de nuestro sitio o sobre nuestra relaci\u00f3n de afiliaci\u00f3n con CooMeet, no dudes en ponerte en contacto con nosotros a trav\u00e9s de nuestra p\u00e1gina de contacto. Tenga en cuenta, sin embargo, que no podemos ayudarle con problemas de facturaci\u00f3n, reembolso o suscripci\u00f3n, que deben dirigirse al equipo de atenci\u00f3n al cliente de CooMeet.<\/p>","protected":false},"excerpt":{"rendered":"<p>Thank you for using our website. Please be advised that all billing, refunds, chargebacks, and customer support inquiries related to purchases made through links on this website are exclusively managed by CooMeet. As an independent affiliate, we do not process payments, handle billing issues, or provide direct customer support for transactions involving CooMeet services. Digital [&hellip;]<\/p>\n","protected":false},"author":1,"featured_media":0,"parent":0,"menu_order":0,"comment_status":"closed","ping_status":"closed","template":"","meta":{"footnotes":""},"class_list":["post-8554","page","type-page","status-publish","hentry"],"yoast_head":"<!-- This site is optimized with the Yoast SEO plugin v27.5 - https:\/\/yoast.com\/product\/yoast-seo-wordpress\/ -->\n<title>Refunds &amp; Chargeback - TinyChat<\/title>\n<meta name=\"robots\" content=\"index, follow, max-snippet:-1, max-image-preview:large, max-video-preview:-1\" \/>\n<link rel=\"canonical\" href=\"https:\/\/tinychat.com\/es\/refund\/\" \/>\n<meta property=\"og:locale\" content=\"es_ES\" \/>\n<meta property=\"og:type\" content=\"article\" \/>\n<meta property=\"og:title\" content=\"Refunds &amp; Chargeback - TinyChat\" \/>\n<meta property=\"og:description\" content=\"Thank you for using our website. Please be advised that all billing, refunds, chargebacks, and customer support inquiries related to purchases made through links on this website are exclusively managed by CooMeet. As an independent affiliate, we do not process payments, handle billing issues, or provide direct customer support for transactions involving CooMeet services. Digital [&hellip;]\" \/>\n<meta property=\"og:url\" content=\"https:\/\/tinychat.com\/es\/refund\/\" \/>\n<meta property=\"og:site_name\" content=\"TinyChat\" \/>\n<meta property=\"article:publisher\" content=\"https:\/\/www.facebook.com\/tinychat\" \/>\n<meta property=\"article:modified_time\" content=\"2025-05-03T15:25:13+00:00\" \/>\n<meta property=\"og:image\" content=\"https:\/\/tinychat.com\/wp-content\/uploads\/2020\/04\/Tinychat-logo-1280x284-new-black.png\" \/>\n\t<meta property=\"og:image:width\" content=\"1280\" \/>\n\t<meta property=\"og:image:height\" content=\"284\" \/>\n\t<meta property=\"og:image:type\" content=\"image\/png\" \/>\n<meta name=\"twitter:card\" content=\"summary_large_image\" \/>\n<meta name=\"twitter:site\" content=\"@tinychat\" \/>\n<meta name=\"twitter:label1\" content=\"Tiempo de lectura\" \/>\n\t<meta name=\"twitter:data1\" content=\"2 minutos\" \/>\n<script type=\"application\/ld+json\" class=\"yoast-schema-graph\">{\"@context\":\"https:\\\/\\\/schema.org\",\"@graph\":[{\"@type\":\"WebPage\",\"@id\":\"https:\\\/\\\/tinychat.com\\\/refund\\\/\",\"url\":\"https:\\\/\\\/tinychat.com\\\/refund\\\/\",\"name\":\"Refunds & Chargeback - TinyChat\",\"isPartOf\":{\"@id\":\"https:\\\/\\\/tinychat.com\\\/#website\"},\"datePublished\":\"2021-10-18T08:33:50+00:00\",\"dateModified\":\"2025-05-03T15:25:13+00:00\",\"breadcrumb\":{\"@id\":\"https:\\\/\\\/tinychat.com\\\/refund\\\/#breadcrumb\"},\"inLanguage\":\"es\",\"potentialAction\":[{\"@type\":\"ReadAction\",\"target\":[\"https:\\\/\\\/tinychat.com\\\/refund\\\/\"]}]},{\"@type\":\"BreadcrumbList\",\"@id\":\"https:\\\/\\\/tinychat.com\\\/refund\\\/#breadcrumb\",\"itemListElement\":[{\"@type\":\"ListItem\",\"position\":1,\"name\":\"Home\",\"item\":\"https:\\\/\\\/tinychat.com\\\/\"},{\"@type\":\"ListItem\",\"position\":2,\"name\":\"Refunds &#038; Chargeback\"}]},{\"@type\":\"WebSite\",\"@id\":\"https:\\\/\\\/tinychat.com\\\/#website\",\"url\":\"https:\\\/\\\/tinychat.com\\\/\",\"name\":\"TinyChat\",\"description\":\"Random Video Chat with Strangers\",\"publisher\":{\"@id\":\"https:\\\/\\\/tinychat.com\\\/#organization\"},\"alternateName\":\"TinyChat.com\",\"potentialAction\":[{\"@type\":\"SearchAction\",\"target\":{\"@type\":\"EntryPoint\",\"urlTemplate\":\"https:\\\/\\\/tinychat.com\\\/?s={search_term_string}\"},\"query-input\":{\"@type\":\"PropertyValueSpecification\",\"valueRequired\":true,\"valueName\":\"search_term_string\"}}],\"inLanguage\":\"es\"},{\"@type\":\"Organization\",\"@id\":\"https:\\\/\\\/tinychat.com\\\/#organization\",\"name\":\"TinyChat\",\"alternateName\":\"TinyChat.com\",\"url\":\"https:\\\/\\\/tinychat.com\\\/\",\"logo\":{\"@type\":\"ImageObject\",\"inLanguage\":\"es\",\"@id\":\"https:\\\/\\\/tinychat.com\\\/#\\\/schema\\\/logo\\\/image\\\/\",\"url\":\"https:\\\/\\\/tinychat.com\\\/wp-content\\\/uploads\\\/2023\\\/11\\\/Tinychat-icon-square.png\",\"contentUrl\":\"https:\\\/\\\/tinychat.com\\\/wp-content\\\/uploads\\\/2023\\\/11\\\/Tinychat-icon-square.png\",\"width\":284,\"height\":284,\"caption\":\"TinyChat\"},\"image\":{\"@id\":\"https:\\\/\\\/tinychat.com\\\/#\\\/schema\\\/logo\\\/image\\\/\"},\"sameAs\":[\"https:\\\/\\\/www.facebook.com\\\/tinychat\",\"https:\\\/\\\/x.com\\\/tinychat\"]}]}<\/script>\n<!-- \/ Yoast SEO plugin. -->","yoast_head_json":{"title":"Reembolsos y devoluciones - TinyChat","robots":{"index":"index","follow":"follow","max-snippet":"max-snippet:-1","max-image-preview":"max-image-preview:large","max-video-preview":"max-video-preview:-1"},"canonical":"https:\/\/tinychat.com\/es\/refund\/","og_locale":"es_ES","og_type":"article","og_title":"Refunds & Chargeback - TinyChat","og_description":"Thank you for using our website. Please be advised that all billing, refunds, chargebacks, and customer support inquiries related to purchases made through links on this website are exclusively managed by CooMeet. As an independent affiliate, we do not process payments, handle billing issues, or provide direct customer support for transactions involving CooMeet services. Digital [&hellip;]","og_url":"https:\/\/tinychat.com\/es\/refund\/","og_site_name":"TinyChat","article_publisher":"https:\/\/www.facebook.com\/tinychat","article_modified_time":"2025-05-03T15:25:13+00:00","og_image":[{"width":1280,"height":284,"url":"https:\/\/tinychat.com\/wp-content\/uploads\/2020\/04\/Tinychat-logo-1280x284-new-black.png","type":"image\/png"}],"twitter_card":"summary_large_image","twitter_site":"@tinychat","twitter_misc":{"Tiempo de lectura":"2 minutos"},"schema":{"@context":"https:\/\/schema.org","@graph":[{"@type":"WebPage","@id":"https:\/\/tinychat.com\/refund\/","url":"https:\/\/tinychat.com\/refund\/","name":"Reembolsos y devoluciones - TinyChat","isPartOf":{"@id":"https:\/\/tinychat.com\/#website"},"datePublished":"2021-10-18T08:33:50+00:00","dateModified":"2025-05-03T15:25:13+00:00","breadcrumb":{"@id":"https:\/\/tinychat.com\/refund\/#breadcrumb"},"inLanguage":"es","potentialAction":[{"@type":"ReadAction","target":["https:\/\/tinychat.com\/refund\/"]}]},{"@type":"BreadcrumbList","@id":"https:\/\/tinychat.com\/refund\/#breadcrumb","itemListElement":[{"@type":"ListItem","position":1,"name":"Home","item":"https:\/\/tinychat.com\/"},{"@type":"ListItem","position":2,"name":"Refunds &#038; Chargeback"}]},{"@type":"WebSite","@id":"https:\/\/tinychat.com\/#website","url":"https:\/\/tinychat.com\/","name":"TinyChat","description":"Videochat aleatorio con desconocidos","publisher":{"@id":"https:\/\/tinychat.com\/#organization"},"alternateName":"TinyChat.com","potentialAction":[{"@type":"SearchAction","target":{"@type":"EntryPoint","urlTemplate":"https:\/\/tinychat.com\/?s={search_term_string}"},"query-input":{"@type":"PropertyValueSpecification","valueRequired":true,"valueName":"search_term_string"}}],"inLanguage":"es"},{"@type":"Organization","@id":"https:\/\/tinychat.com\/#organization","name":"TinyChat","alternateName":"TinyChat.com","url":"https:\/\/tinychat.com\/","logo":{"@type":"ImageObject","inLanguage":"es","@id":"https:\/\/tinychat.com\/#\/schema\/logo\/image\/","url":"https:\/\/tinychat.com\/wp-content\/uploads\/2023\/11\/Tinychat-icon-square.png","contentUrl":"https:\/\/tinychat.com\/wp-content\/uploads\/2023\/11\/Tinychat-icon-square.png","width":284,"height":284,"caption":"TinyChat"},"image":{"@id":"https:\/\/tinychat.com\/#\/schema\/logo\/image\/"},"sameAs":["https:\/\/www.facebook.com\/tinychat","https:\/\/x.com\/tinychat"]}]}},"_links":{"self":[{"href":"https:\/\/tinychat.com\/es\/wp-json\/wp\/v2\/pages\/8554","targetHints":{"allow":["GET"]}}],"collection":[{"href":"https:\/\/tinychat.com\/es\/wp-json\/wp\/v2\/pages"}],"about":[{"href":"https:\/\/tinychat.com\/es\/wp-json\/wp\/v2\/types\/page"}],"author":[{"embeddable":true,"href":"https:\/\/tinychat.com\/es\/wp-json\/wp\/v2\/users\/1"}],"replies":[{"embeddable":true,"href":"https:\/\/tinychat.com\/es\/wp-json\/wp\/v2\/comments?post=8554"}],"version-history":[{"count":3,"href":"https:\/\/tinychat.com\/es\/wp-json\/wp\/v2\/pages\/8554\/revisions"}],"predecessor-version":[{"id":13054,"href":"https:\/\/tinychat.com\/es\/wp-json\/wp\/v2\/pages\/8554\/revisions\/13054"}],"wp:attachment":[{"href":"https:\/\/tinychat.com\/es\/wp-json\/wp\/v2\/media?parent=8554"}],"curies":[{"name":"wp","href":"https:\/\/api.w.org\/{rel}","templated":true}]}}