{"id":8588,"date":"2025-07-26T15:30:39","date_gmt":"2025-07-26T13:30:39","guid":{"rendered":"https:\/\/tinychat.com\/?page_id=8588"},"modified":"2025-07-26T17:42:37","modified_gmt":"2025-07-26T15:42:37","slug":"wireclub","status":"publish","type":"page","link":"https:\/\/tinychat.com\/es\/wireclub\/","title":{"rendered":"Wireclub"},"content":{"rendered":"<p>En un mundo lleno de momentos fugaces en las redes sociales y conexiones superficiales, mucha gente busca algo m\u00e1s genuino: un lugar donde se pueda entablar una conversaci\u00f3n de verdad, hacer amigos duraderos o unirse a grupos de inter\u00e9s sobre cualquier tema, desde filosof\u00eda hasta m\u00fasica o citas. Wireclub es una de las comunidades de chat m\u00e1s consolidadas, din\u00e1micas y repletas de funciones de la red, y ofrece miles de salas de chat, una gran capacidad de personalizaci\u00f3n y una base de usuarios activa y cordial.<\/p>\n<p>Tanto si est\u00e1s aqu\u00ed para conocer gente nueva, encontrar apoyo, hablar de aficiones o incluso encontrar un romance, las salas flexibles y la s\u00f3lida plataforma de Wireclub lo convierten en el destino ideal para una verdadera interacci\u00f3n social en l\u00ednea. No es s\u00f3lo otro sitio de chat: es una red de comunidades construidas en torno a la conversaci\u00f3n, el respeto y el amor compartido por conectarse en l\u00ednea.<\/p>\n<p>Esta gu\u00eda en profundidad cubre todo lo que necesitas saber sobre Wireclub: c\u00f3mo funciona, sus caracter\u00edsticas m\u00e1s destacadas, experiencia de usuario, privacidad y seguridad, comparaciones con otras plataformas, resoluci\u00f3n de problemas y consejos de expertos para sacar el m\u00e1ximo partido a cada chat.<\/p>\n<h2>\u00bfQu\u00e9 es Wireclub?<\/h2>\n<p>Wireclub es una plataforma de chat y red social basada en navegador que permite a los usuarios crear, unirse y participar en miles de salas de chat sobre casi todos los temas imaginables. Lanzada en 2003, Wireclub se convirti\u00f3 r\u00e1pidamente en una comunidad mundial, con millones de miembros registrados y una reputaci\u00f3n de ser abierta, amigable y altamente personalizable.<\/p>\n<p>En el fondo, Wireclub trata de:<\/p>\n<ul>\n<li>Salas de chat abiertas y mensajer\u00eda privada<\/li>\n<li>Grupos de inter\u00e9s y regionales<\/li>\n<li>Contenidos generados por los usuarios y moderaci\u00f3n impulsada por la comunidad<\/li>\n<li>Una mezcla de anonimato, privacidad y red social persistente<\/li>\n<\/ul>\n<p>El modelo de Wireclub es diferente al de la mayor\u00eda de los sitios de \"chat aleatorio\": mientras t\u00fa <em>puede<\/em> saltar al chat abierto como invitado, la plataforma se experimenta mejor creando una cuenta gratuita para desbloquear funciones sociales, listas de amigos y una identidad en l\u00ednea realmente persistente.<\/p>\n<h2>Caracter\u00edsticas principales de Wireclub<\/h2>\n<p>El conjunto de funciones de Wireclub es uno de los m\u00e1s completos del chat en l\u00ednea:<\/p>\n<h3>1. Miles de salas de chat p\u00fablicas y privadas<\/h3>\n<ul>\n<li>Salas tem\u00e1ticas: Citas, m\u00fasica, juegos, filosof\u00eda, salud, paternidad, chat para adultos y mucho m\u00e1s.<\/li>\n<li>Salas de pa\u00edses\/regiones: Conoce a gente de tu zona o explora comunidades globales.<\/li>\n<li>Salas creadas por usuarios: Crea tu propio grupo, establece el tema y modera el debate.<\/li>\n<\/ul>\n<h3>2. Registro gratuito e identidad persistente<\/h3>\n<ul>\n<li>Crea una cuenta gratuita: Reserva tu alias, configura un perfil y \u00fanete o crea salas de chat.<\/li>\n<li>Personaliza tu perfil: Fotos, estado, publicaciones en el muro, insignias y mucho m\u00e1s.<\/li>\n<li>Lista de amigos y seguidores: Construye tu red y mira cu\u00e1ndo est\u00e1n conectados tus amigos.<\/li>\n<\/ul>\n<h3>3. Mensajer\u00eda privada y chats de grupo<\/h3>\n<ul>\n<li>Mensajes uno a uno: Env\u00eda notas privadas a amigos o nuevos contactos.<\/li>\n<li>Grupos de chat: Crea peque\u00f1os grupos de chat privados para c\u00edrculos cercanos.<\/li>\n<\/ul>\n<h3>4. Compartici\u00f3n multimedia y funciones de diversi\u00f3n<\/h3>\n<ul>\n<li>Comparte im\u00e1genes y v\u00eddeos: Sube y comparte contenido multimedia al instante en salas o MP.<\/li>\n<li>Emojis, pegatinas y regalos: Expr\u00e9sate con una enorme colecci\u00f3n de mejoras para el chat.<\/li>\n<li>Juegos y concursos: Juega con otros en tiempo real para romper el hielo.<\/li>\n<\/ul>\n<h3>5. Moderaci\u00f3n de salas y controles de usuarios<\/h3>\n<ul>\n<li>Crea tus propias salas: Establece normas, invita a amigos, nombra moderadores y mant\u00e9n el control.<\/li>\n<li>Funciones de denuncia\/bloqueo: Gestiona tu propia experiencia; hay moderadores en la mayor\u00eda de las salas m\u00e1s concurridas.<\/li>\n<li>Personalizaci\u00f3n de la sala: Configura el tema, las reglas, el mensaje de bienvenida y los roles de usuario.<\/li>\n<\/ul>\n<h3>6. Foros y mensajes en el muro<\/h3>\n<ul>\n<li>No s\u00f3lo chat: Participe en la comunidad Wireclub a trav\u00e9s de foros, mensajes en el muro y debates de actualidad.<\/li>\n<\/ul>\n<h3>7. Monedas y caracter\u00edsticas premium<\/h3>\n<ul>\n<li>Monedas Wireclub: La moneda virtual del sitio te permite desbloquear mejoras de perfil, enviar regalos, comprar acceso premium o crear salas extragrandes.<\/li>\n<li>Afiliaciones Premium: Elimina anuncios, accede a salas especiales y mejora tu perfil.<\/li>\n<\/ul>\n<h3>8. Acceso m\u00f3vil y de escritorio<\/h3>\n<p>Wireclub est\u00e1 totalmente basado en navegador, optimizado para m\u00f3viles y ordenadores de sobremesa. No requiere descarga ni instalaci\u00f3n de aplicaciones.<\/p>\n<h2>C\u00f3mo utilizar Wireclub<\/h2>\n<p>Empezar es f\u00e1cil, tanto si quieres chatear como invitado como si quieres unirte a toda la comunidad.<\/p>\n<h3>Paso 1: Visite el sitio web de Wireclub<\/h3>\n<p>Abre wireclub.com en cualquier navegador moderno.<\/p>\n<h3>Paso 2: Registrarse (recomendado) o chatear como invitado<\/h3>\n<ul>\n<li>Registre una cuenta gratuita: Desbloquea todas las funciones, perfiles persistentes y listas de amigos.<\/li>\n<li>Chatea como invitado: Explora salas p\u00fablicas con funciones limitadas.<\/li>\n<\/ul>\n<h3>Paso 3: Configure su perfil<\/h3>\n<p>A\u00f1ade una foto, escribe una breve biograf\u00eda, define tus intereses y haz que tu perfil destaque. A\u00f1ade amigos y sigue a gente interesante.<\/p>\n<h3>Paso 4: Buscar o crear una sala de chat<\/h3>\n<ul>\n<li>Navegue por las salas de tendencias o busque por temas.<\/li>\n<li>\u00danase a salas de pa\u00edses\/idiomas o a grupos especializados.<\/li>\n<li>Crea tu propia sala: personal\u00edzala con normas, temas y moderadores.<\/li>\n<\/ul>\n<h3>Paso 5: \u00danete a la conversaci\u00f3n<\/h3>\n<p>Escribe mensajes, env\u00eda emojis, publica im\u00e1genes o juega. Salta entre salas o inst\u00e1late en tus favoritas.<\/p>\n<h3>Paso 6: Mensaje privado y a\u00f1adir amigos<\/h3>\n<p>Haz clic en cualquier usuario para abrir su perfil, enviarle un mensaje privado o a\u00f1adirlo como amigo.<\/p>\n<h3>Paso 7: Explorar los foros y las publicaciones en el muro<\/h3>\n<p>Adem\u00e1s del chat, los foros y muros de usuarios de Wireclub son ideales para debates y anuncios as\u00edncronos.<\/p>\n<h3>Paso 8: Desbloquear extras con monedas<\/h3>\n<p>Participa, juega o compra monedas para mejorar tu perfil, conseguir regalos o hacerte miembro premium.<\/p>\n<h2>Experiencia de usuario en Wireclub<\/h2>\n<p>La experiencia de Wireclub se basa en la apertura, el control y la variedad:<\/p>\n<h3>Lo que les gusta a los usuarios<\/h3>\n<ul>\n<li>Gran variedad de salas: Siempre hay algo para cada uno: citas, amistad, aficiones, consejos y mucho m\u00e1s.<\/li>\n<li>Comunidad fuerte y persistente: Construye amistades reales y perfiles reconocibles.<\/li>\n<li>Amplia personalizaci\u00f3n del perfil: Destaca y conecta con personas afines.<\/li>\n<li>Intercambio multimedia y juegos: Hace que los chats sean animados y atractivos.<\/li>\n<li>Potentes herramientas de moderaci\u00f3n: Mant\u00e9n tus salas limpias y sin dramas.<\/li>\n<li>Compatible con m\u00f3viles y ordenadores de sobremesa: Chatea en cualquier momento y lugar.<\/li>\n<\/ul>\n<h3>Donde los usuarios ven margen de mejora<\/h3>\n<ul>\n<li>Algunas funciones (salas grandes, regalos premium, sin anuncios) requieren monedas o premium.<\/li>\n<li>Las salas m\u00e1s concurridas pueden moverse con rapidez; las salas privadas ayudan a mantener charlas m\u00e1s concentradas.<\/li>\n<li>Como en todos los sitios de chat abiertos, pueden aparecer trolls (la moderaci\u00f3n activa ayuda).<\/li>\n<li>Los foros son menos activos que las salas de chat.<\/li>\n<\/ul>\n<h3>Opiniones reales de los usuarios<\/h3>\n<blockquote><p>\"Wireclub es mi hogar online. He hecho amigos en todo el mundo e incluso conoc\u00ed a mi pareja aqu\u00ed.\"<br \/>\n- <em>Helen B., Trustpilot<\/em><\/p><\/blockquote>\n<blockquote><p>\"Me encanta la variedad: hay sitio para literalmente cualquier inter\u00e9s, y la comunidad es genial\".<br \/>\n- <em>Manuel S., Google Reviews<\/em><\/p><\/blockquote>\n<blockquote><p>\"Crear mi propia sala y establecer las reglas fue un cambio de juego para mi club de lectura\".<br \/>\n- <em>Sarah T., App Store<\/em><\/p><\/blockquote>\n<h2>Wireclub frente a otras plataformas de salas de chat<\/h2>\n<p>\u00bfC\u00f3mo se compara Wireclub con los principales sitios de chat?<\/p>\n<table>\n<thead>\n<tr>\n<th>Caracter\u00edstica<\/th>\n<th>Wireclub<\/th>\n<th>321Chat<\/th>\n<th>Sala de chat2000<\/th>\n<th>Yesichat<\/th>\n<th>Chatzy<\/th>\n<th>Discordia<\/th>\n<\/tr>\n<\/thead>\n<tbody>\n<tr>\n<td>Inscripci\u00f3n gratuita<\/td>\n<td>\u2705 S\u00ed<\/td>\n<td>\u2705 S\u00ed<\/td>\n<td>\u2705 Opcional<\/td>\n<td>\u2705 S\u00ed<\/td>\n<td>\u2705 Opcional<\/td>\n<td>\u2705 S\u00ed<\/td>\n<\/tr>\n<tr>\n<td>Salas de chat p\u00fablicas\/de grupo<\/td>\n<td>\u2705 S\u00ed<\/td>\n<td>\u2705 S\u00ed<\/td>\n<td>\u2705 S\u00ed<\/td>\n<td>\u2705 S\u00ed<\/td>\n<td>\u2705 S\u00ed<\/td>\n<td>\u2705 S\u00ed<\/td>\n<\/tr>\n<tr>\n<td>Cree sus propias salas<\/td>\n<td>\u2705 S\u00ed<\/td>\n<td>\u2705 Limitada<\/td>\n<td>\u2705 S\u00ed<\/td>\n<td>\u2705 S\u00ed<\/td>\n<td>\u2705 S\u00ed<\/td>\n<td>\u2705 S\u00ed<\/td>\n<\/tr>\n<tr>\n<td>Medios compartidos<\/td>\n<td>\u2705 S\u00ed<\/td>\n<td>\u2705 S\u00ed<\/td>\n<td>\u2705 S\u00ed<\/td>\n<td>\u2705 S\u00ed<\/td>\n<td>\u2705 S\u00ed<\/td>\n<td>\u2705 S\u00ed<\/td>\n<\/tr>\n<tr>\n<td>Personalizaci\u00f3n del perfil<\/td>\n<td>\u2705 S\u00ed<\/td>\n<td>\u2705 Limitada<\/td>\n<td>\u2705 Limitada<\/td>\n<td>\u2705 S\u00ed<\/td>\n<td>\u2705 S\u00ed<\/td>\n<td>\u2705 S\u00ed<\/td>\n<\/tr>\n<tr>\n<td>Optimizado para m\u00f3viles<\/td>\n<td>\u2705 S\u00ed<\/td>\n<td>\u2705 S\u00ed<\/td>\n<td>\u2705 S\u00ed<\/td>\n<td>\u2705 S\u00ed<\/td>\n<td>\u2705 S\u00ed<\/td>\n<td>\u2705 S\u00ed<\/td>\n<\/tr>\n<tr>\n<td>Juegos y regalos<\/td>\n<td>\u2705 S\u00ed<\/td>\n<td>\u274c No<\/td>\n<td>\u274c No<\/td>\n<td>\u2705 Limitada<\/td>\n<td>\u274c No<\/td>\n<td>\u2705 S\u00ed<\/td>\n<\/tr>\n<tr>\n<td>Monedas\/Moneda virtual<\/td>\n<td>\u2705 S\u00ed<\/td>\n<td>\u274c No<\/td>\n<td>\u274c No<\/td>\n<td>\u274c No<\/td>\n<td>\u274c No<\/td>\n<td>\u274c No<\/td>\n<\/tr>\n<tr>\n<td>Foros\/Muros<\/td>\n<td>\u2705 S\u00ed<\/td>\n<td>\u274c No<\/td>\n<td>\u274c No<\/td>\n<td>\u274c No<\/td>\n<td>\u274c No<\/td>\n<td>Foros<\/td>\n<\/tr>\n<tr>\n<td>Moderaci\u00f3n fuerte<\/td>\n<td>\u2705 S\u00ed<\/td>\n<td>\u2705 S\u00ed<\/td>\n<td>\u2705 S\u00ed<\/td>\n<td>\u2705 S\u00ed<\/td>\n<td>\u2705 S\u00ed<\/td>\n<td>\u2705 S\u00ed<\/td>\n<\/tr>\n<\/tbody>\n<\/table>\n<p>Resumen: Wireclub ofrece la personalizaci\u00f3n m\u00e1s profunda, la mayor variedad de salas de chat y las mejores funciones sociales de cualquier plataforma de chat basada en navegador, ideal para usuarios que buscan algo m\u00e1s que un chat an\u00f3nimo.<\/p>\n<h2>\u00bfEs seguro el Wireclub?<\/h2>\n<p>Wireclub se toma muy en serio la privacidad y la seguridad:<\/p>\n<ul>\n<li>Privacidad del perfil y de la sala: Controla qui\u00e9n ve tu informaci\u00f3n y qui\u00e9n entra en tu sala.<\/li>\n<li>Moderadores humanos activos: En salas ocupadas y listos para responder a los informes.<\/li>\n<li>Herramientas f\u00e1ciles de bloquear y denunciar: Silencia o marca al instante a los usuarios abusivos.<\/li>\n<li>Salas adecuadas a la edad: Separaci\u00f3n clara entre espacios para adultos, generales y juveniles.<\/li>\n<li>Controles de anonimato: Utiliza apodos, sin necesidad de nombres reales.<\/li>\n<\/ul>\n<h3>Consejos de seguridad<\/h3>\n<ul>\n<li>No compartas informaci\u00f3n personal delicada, sobre todo en lugares p\u00fablicos.<\/li>\n<li>Utiliza salas privadas e invitaciones para conversaciones de confianza.<\/li>\n<li>Bloquea o denuncia a quien te haga sentir inc\u00f3modo.<\/li>\n<li>Reg\u00edstrate para tener un perfil persistente y gestiona cuidadosamente tus amigos\/seguidores.<\/li>\n<li>Evite hacer clic en enlaces desconocidos o aceptar archivos compartidos al azar.<\/li>\n<\/ul>\n<h2>Consejos para sacar el m\u00e1ximo partido al Wireclub<\/h2>\n<ul>\n<li>Explora las salas: Hay un grupo para cada afici\u00f3n o tema: entra y pres\u00e9ntate.<\/li>\n<li>Crea tu propia sala: Establece las normas, invita a tus amigos, crea una comunidad.<\/li>\n<li>Personalice su perfil: Destaca y atrae a los contactos adecuados.<\/li>\n<li>Comparte contenido multimedia: Anima las conversaciones con fotos, GIF y v\u00eddeos.<\/li>\n<li>Juega: Rompe el hielo y divi\u00e9rtete con juegos y concursos basados en el chat.<\/li>\n<li>Utiliza herramientas de moderaci\u00f3n: Mant\u00e9n tu espacio de chat libre de dramas.<\/li>\n<li>Prueba Premium: Si te gusta Wireclub, considera las monedas o la membres\u00eda para obtener ventajas adicionales.<\/li>\n<li>Cambia entre m\u00f3vil y escritorio: Funcionalidad total, est\u00e9s donde est\u00e9s.<\/li>\n<\/ul>\n<h2>Soluci\u00f3n de problemas comunes del Wireclub<\/h2>\n<h3>No se puede entrar en una habitaci\u00f3n<\/h3>\n<p>Comprueba si la sala es privada o requiere invitaci\u00f3n. Intenta registrarte o iniciar sesi\u00f3n para tener acceso completo.<\/p>\n<h3>No se pueden enviar im\u00e1genes ni regalos<\/h3>\n<p>Algunas funciones requieren monedas o una cuenta premium; gana monedas participando o c\u00f3mpralas.<\/p>\n<h3>Encontrarse con trolls o spam<\/h3>\n<p>Bloquee y denuncie al instante; hay moderadores en todas las salas principales.<\/p>\n<h3>Perfil o amigos perdidos<\/h3>\n<p>Reg\u00edstrese para obtener una cuenta e inicie sesi\u00f3n cada vez para mantener su perfil, amigos y preferencias.<\/p>\n<h3>Problemas m\u00f3viles<\/h3>\n<p>Wireclub se basa en el navegador: aseg\u00farate de utilizar un navegador moderno y actualizado para obtener el mejor rendimiento.<\/p>\n<p>Absolutamente, especialmente para cualquiera que busque una verdadera comunidad de chat social, una variedad infinita de salas y m\u00e1s profundidad que las aplicaciones de chat aleatorias o los simples mensajeros. Wireclub combina el chat de grupo cl\u00e1sico con las redes sociales modernas, lo que lo convierte en un lugar de encuentro digital para amigos, aficionados, solteros y personas que buscan apoyo.<\/p>\n<p>Tanto si quieres conocer gente nueva, participar en debates, compartir contenido multimedia o crear tu propio grupo, Wireclub es tu club social en l\u00ednea: siempre abierto, siempre animado y siempre gratuito en el nivel b\u00e1sico.<\/p>\n<p>\u00bfListo para unirte a la conversaci\u00f3n? Visita wireclub.com, crea tu perfil, explora las salas y comienza hoy mismo tu pr\u00f3xima gran conversaci\u00f3n.<\/p>","protected":false},"excerpt":{"rendered":"<p>In a world full of fleeting social media moments and surface-level connections, many people are searching for something more genuine\u2014a place where you can truly engage in conversation, make lasting friends, or join interest groups on everything from philosophy to music to dating. Wireclub stands as one of the most established, vibrant, and feature-rich chat [&hellip;]<\/p>\n","protected":false},"author":6,"featured_media":0,"parent":0,"menu_order":0,"comment_status":"closed","ping_status":"closed","template":"","meta":{"footnotes":""},"class_list":["post-8588","page","type-page","status-publish","hentry"],"yoast_head":"<!-- This site is optimized with the Yoast SEO plugin v27.4 - https:\/\/yoast.com\/product\/yoast-seo-wordpress\/ -->\n<title>Wireclub - Free Online Chat Rooms - TinyChat.com<\/title>\n<meta name=\"description\" content=\"Enjoying Wireclub? Join over 50,000,000 strangers on TinyChat! Turn on your cam and start meeting new people, or find a match.\" \/>\n<meta name=\"robots\" content=\"index, follow, max-snippet:-1, max-image-preview:large, max-video-preview:-1\" \/>\n<link rel=\"canonical\" href=\"https:\/\/tinychat.com\/es\/wireclub\/\" \/>\n<meta property=\"og:locale\" content=\"es_ES\" \/>\n<meta property=\"og:type\" content=\"article\" \/>\n<meta property=\"og:title\" content=\"Wireclub - Free Online Chat Rooms - TinyChat.com\" \/>\n<meta property=\"og:description\" content=\"Enjoying Wireclub? Join over 50,000,000 strangers on TinyChat! Turn on your cam and start meeting new people, or find a match.\" \/>\n<meta property=\"og:url\" content=\"https:\/\/tinychat.com\/es\/wireclub\/\" \/>\n<meta property=\"og:site_name\" content=\"TinyChat\" \/>\n<meta property=\"article:publisher\" content=\"https:\/\/www.facebook.com\/tinychat\" \/>\n<meta property=\"article:modified_time\" content=\"2025-07-26T15:42:37+00:00\" \/>\n<meta property=\"og:image\" content=\"https:\/\/tinychat.com\/wp-content\/uploads\/2020\/04\/Tinychat-logo-1280x284-new-black.png\" \/>\n\t<meta property=\"og:image:width\" content=\"1280\" \/>\n\t<meta property=\"og:image:height\" content=\"284\" \/>\n\t<meta property=\"og:image:type\" content=\"image\/png\" \/>\n<meta name=\"twitter:card\" content=\"summary_large_image\" \/>\n<meta name=\"twitter:site\" content=\"@tinychat\" \/>\n<meta name=\"twitter:label1\" content=\"Tiempo de lectura\" \/>\n\t<meta name=\"twitter:data1\" content=\"7 minutos\" \/>\n<script type=\"application\/ld+json\" class=\"yoast-schema-graph\">{\"@context\":\"https:\\\/\\\/schema.org\",\"@graph\":[{\"@type\":\"WebPage\",\"@id\":\"https:\\\/\\\/tinychat.com\\\/wireclub\\\/\",\"url\":\"https:\\\/\\\/tinychat.com\\\/wireclub\\\/\",\"name\":\"Wireclub - Free Online Chat Rooms - TinyChat.com\",\"isPartOf\":{\"@id\":\"https:\\\/\\\/tinychat.com\\\/#website\"},\"datePublished\":\"2025-07-26T13:30:39+00:00\",\"dateModified\":\"2025-07-26T15:42:37+00:00\",\"description\":\"Enjoying Wireclub? Join over 50,000,000 strangers on TinyChat! Turn on your cam and start meeting new people, or find a match.\",\"breadcrumb\":{\"@id\":\"https:\\\/\\\/tinychat.com\\\/wireclub\\\/#breadcrumb\"},\"inLanguage\":\"es\",\"potentialAction\":[{\"@type\":\"ReadAction\",\"target\":[\"https:\\\/\\\/tinychat.com\\\/wireclub\\\/\"]}]},{\"@type\":\"BreadcrumbList\",\"@id\":\"https:\\\/\\\/tinychat.com\\\/wireclub\\\/#breadcrumb\",\"itemListElement\":[{\"@type\":\"ListItem\",\"position\":1,\"name\":\"Home\",\"item\":\"https:\\\/\\\/tinychat.com\\\/\"},{\"@type\":\"ListItem\",\"position\":2,\"name\":\"Wireclub\"}]},{\"@type\":\"WebSite\",\"@id\":\"https:\\\/\\\/tinychat.com\\\/#website\",\"url\":\"https:\\\/\\\/tinychat.com\\\/\",\"name\":\"TinyChat\",\"description\":\"Random Video Chat with Strangers\",\"publisher\":{\"@id\":\"https:\\\/\\\/tinychat.com\\\/#organization\"},\"alternateName\":\"TinyChat.com\",\"potentialAction\":[{\"@type\":\"SearchAction\",\"target\":{\"@type\":\"EntryPoint\",\"urlTemplate\":\"https:\\\/\\\/tinychat.com\\\/?s={search_term_string}\"},\"query-input\":{\"@type\":\"PropertyValueSpecification\",\"valueRequired\":true,\"valueName\":\"search_term_string\"}}],\"inLanguage\":\"es\"},{\"@type\":\"Organization\",\"@id\":\"https:\\\/\\\/tinychat.com\\\/#organization\",\"name\":\"TinyChat\",\"alternateName\":\"TinyChat.com\",\"url\":\"https:\\\/\\\/tinychat.com\\\/\",\"logo\":{\"@type\":\"ImageObject\",\"inLanguage\":\"es\",\"@id\":\"https:\\\/\\\/tinychat.com\\\/#\\\/schema\\\/logo\\\/image\\\/\",\"url\":\"https:\\\/\\\/tinychat.com\\\/wp-content\\\/uploads\\\/2023\\\/11\\\/Tinychat-icon-square.png\",\"contentUrl\":\"https:\\\/\\\/tinychat.com\\\/wp-content\\\/uploads\\\/2023\\\/11\\\/Tinychat-icon-square.png\",\"width\":284,\"height\":284,\"caption\":\"TinyChat\"},\"image\":{\"@id\":\"https:\\\/\\\/tinychat.com\\\/#\\\/schema\\\/logo\\\/image\\\/\"},\"sameAs\":[\"https:\\\/\\\/www.facebook.com\\\/tinychat\",\"https:\\\/\\\/x.com\\\/tinychat\"]}]}<\/script>\n<!-- \/ Yoast SEO plugin. -->","yoast_head_json":{"title":"Wireclub - Salas de chat en l\u00ednea gratis - TinyChat.com","description":"\u00bfTe gusta Wireclub? \u00a1\u00danete a m\u00e1s de 50.000.000 de desconocidos en TinyChat! Enciende tu c\u00e1mara y empieza a conocer gente nueva, o encuentra una pareja.","robots":{"index":"index","follow":"follow","max-snippet":"max-snippet:-1","max-image-preview":"max-image-preview:large","max-video-preview":"max-video-preview:-1"},"canonical":"https:\/\/tinychat.com\/es\/wireclub\/","og_locale":"es_ES","og_type":"article","og_title":"Wireclub - Free Online Chat Rooms - TinyChat.com","og_description":"Enjoying Wireclub? Join over 50,000,000 strangers on TinyChat! Turn on your cam and start meeting new people, or find a match.","og_url":"https:\/\/tinychat.com\/es\/wireclub\/","og_site_name":"TinyChat","article_publisher":"https:\/\/www.facebook.com\/tinychat","article_modified_time":"2025-07-26T15:42:37+00:00","og_image":[{"width":1280,"height":284,"url":"https:\/\/tinychat.com\/wp-content\/uploads\/2020\/04\/Tinychat-logo-1280x284-new-black.png","type":"image\/png"}],"twitter_card":"summary_large_image","twitter_site":"@tinychat","twitter_misc":{"Tiempo de lectura":"7 minutos"},"schema":{"@context":"https:\/\/schema.org","@graph":[{"@type":"WebPage","@id":"https:\/\/tinychat.com\/wireclub\/","url":"https:\/\/tinychat.com\/wireclub\/","name":"Wireclub - Salas de chat en l\u00ednea gratis - TinyChat.com","isPartOf":{"@id":"https:\/\/tinychat.com\/#website"},"datePublished":"2025-07-26T13:30:39+00:00","dateModified":"2025-07-26T15:42:37+00:00","description":"\u00bfTe gusta Wireclub? \u00a1\u00danete a m\u00e1s de 50.000.000 de desconocidos en TinyChat! Enciende tu c\u00e1mara y empieza a conocer gente nueva, o encuentra una pareja.","breadcrumb":{"@id":"https:\/\/tinychat.com\/wireclub\/#breadcrumb"},"inLanguage":"es","potentialAction":[{"@type":"ReadAction","target":["https:\/\/tinychat.com\/wireclub\/"]}]},{"@type":"BreadcrumbList","@id":"https:\/\/tinychat.com\/wireclub\/#breadcrumb","itemListElement":[{"@type":"ListItem","position":1,"name":"Home","item":"https:\/\/tinychat.com\/"},{"@type":"ListItem","position":2,"name":"Wireclub"}]},{"@type":"WebSite","@id":"https:\/\/tinychat.com\/#website","url":"https:\/\/tinychat.com\/","name":"TinyChat","description":"Videochat aleatorio con desconocidos","publisher":{"@id":"https:\/\/tinychat.com\/#organization"},"alternateName":"TinyChat.com","potentialAction":[{"@type":"SearchAction","target":{"@type":"EntryPoint","urlTemplate":"https:\/\/tinychat.com\/?s={search_term_string}"},"query-input":{"@type":"PropertyValueSpecification","valueRequired":true,"valueName":"search_term_string"}}],"inLanguage":"es"},{"@type":"Organization","@id":"https:\/\/tinychat.com\/#organization","name":"TinyChat","alternateName":"TinyChat.com","url":"https:\/\/tinychat.com\/","logo":{"@type":"ImageObject","inLanguage":"es","@id":"https:\/\/tinychat.com\/#\/schema\/logo\/image\/","url":"https:\/\/tinychat.com\/wp-content\/uploads\/2023\/11\/Tinychat-icon-square.png","contentUrl":"https:\/\/tinychat.com\/wp-content\/uploads\/2023\/11\/Tinychat-icon-square.png","width":284,"height":284,"caption":"TinyChat"},"image":{"@id":"https:\/\/tinychat.com\/#\/schema\/logo\/image\/"},"sameAs":["https:\/\/www.facebook.com\/tinychat","https:\/\/x.com\/tinychat"]}]}},"_links":{"self":[{"href":"https:\/\/tinychat.com\/es\/wp-json\/wp\/v2\/pages\/8588","targetHints":{"allow":["GET"]}}],"collection":[{"href":"https:\/\/tinychat.com\/es\/wp-json\/wp\/v2\/pages"}],"about":[{"href":"https:\/\/tinychat.com\/es\/wp-json\/wp\/v2\/types\/page"}],"author":[{"embeddable":true,"href":"https:\/\/tinychat.com\/es\/wp-json\/wp\/v2\/users\/6"}],"replies":[{"embeddable":true,"href":"https:\/\/tinychat.com\/es\/wp-json\/wp\/v2\/comments?post=8588"}],"version-history":[{"count":3,"href":"https:\/\/tinychat.com\/es\/wp-json\/wp\/v2\/pages\/8588\/revisions"}],"predecessor-version":[{"id":13365,"href":"https:\/\/tinychat.com\/es\/wp-json\/wp\/v2\/pages\/8588\/revisions\/13365"}],"wp:attachment":[{"href":"https:\/\/tinychat.com\/es\/wp-json\/wp\/v2\/media?parent=8588"}],"curies":[{"name":"wp","href":"https:\/\/api.w.org\/{rel}","templated":true}]}}