{"id":86,"date":"2025-06-27T12:05:16","date_gmt":"2025-06-27T10:05:16","guid":{"rendered":"https:\/\/tinychat.com\/?page_id=86"},"modified":"2025-07-07T18:18:57","modified_gmt":"2025-07-07T16:18:57","slug":"chatroulette","status":"publish","type":"page","link":"https:\/\/tinychat.com\/es\/chatroulette\/","title":{"rendered":"Chatroulette"},"content":{"rendered":"<p>Chatroulette ocupa un lugar especial como pionero del <a href=\"https:\/\/tinychat.com\/es\/\">chat de v\u00eddeo aleatorio<\/a> plataformas. Mucho antes de que el videochat con desconocidos se convirtiera en una tendencia mundial, Chatroulette capt\u00f3 la atenci\u00f3n de Internet al ofrecer algo novedoso, arriesgado y emocionante: una forma de conocer instant\u00e1neamente a alguien de cualquier parte del mundo con un solo clic. Lanzada en 2009 por un estudiante ruso de 17 a\u00f1os, la plataforma se hizo r\u00e1pidamente viral y se convirti\u00f3 en un fen\u00f3meno cultural.<\/p>\n<p>Hoy en d\u00eda, Chatroulette ha evolucionado hasta convertirse en una plataforma m\u00e1s pulida, f\u00e1cil de usar y moderada que combina la nostalgia de sus primeros d\u00edas con la seguridad y las expectativas de la comunicaci\u00f3n en l\u00ednea moderna. Sigue siendo el destino preferido de millones de personas que anhelan una interacci\u00f3n humana sin filtros m\u00e1s all\u00e1 de los confines de las redes sociales o las aplicaciones de citas.<\/p>\n<p>Tanto si es un usuario veterano como un reci\u00e9n llegado curioso, Chatroulette ofrece una experiencia \u00fanica, basada en la autenticidad, la espontaneidad y la sorpresa. Veamos qu\u00e9 hace que Chatroulette destaque en el mundo del v\u00eddeo en l\u00ednea <a href=\"https:\/\/tinychat.com\/es\/chathub\/\">chat<\/a>.<\/p>\n<h2>Caracter\u00edsticas principales de Chatroulette<\/h2>\n<p>Aunque muchas plataformas han intentado replicar el \u00e9xito de Chatroulette, pocas han igualado su sencillez y su alcance mundial. Estas son las caracter\u00edsticas principales que siguen definiendo la experiencia Chatroulette:<\/p>\n<h3>Videochat aleatorio instant\u00e1neo<\/h3>\n<p>El principal atractivo de Chatroulette siempre ha sido su modelo de conexi\u00f3n instant\u00e1nea. Abres el sitio, permites el acceso a tu webcam y micr\u00f3fono, e inmediatamente te emparejas con una persona al azar. <a href=\"https:\/\/tinychat.com\/es\/strangercam\/\">extra\u00f1o<\/a> para una conversaci\u00f3n cara a cara.<\/p>\n<p>No hay que crear ning\u00fan perfil, descargar ninguna aplicaci\u00f3n ni realizar largas configuraciones. Es v\u00eddeo <a href=\"https:\/\/tinychat.com\/es\/chathub\/\">chat<\/a> en estado puro: r\u00e1pido, fluido y completamente imprevisible.<\/p>\n<h3>Interacciones an\u00f3nimas<\/h3>\n<p>Chatroulette sigue valorando el anonimato de los usuarios, permiti\u00e9ndoles interactuar sin revelar informaci\u00f3n personal. No es necesario registrarse ni iniciar sesi\u00f3n para utilizar el servicio. Esto significa que cada sesi\u00f3n es temporal y ef\u00edmera: los usuarios son libres de expresarse sin consecuencias ni juicios a largo plazo.<\/p>\n<h3>Alcance mundial<\/h3>\n<p>Con usuarios de todo el mundo conectados en todo momento, Chatroulette ofrece una experiencia verdaderamente internacional. Tanto si chateas con alguien de Tokio, Toronto, Berl\u00edn o Ciudad del Cabo, cada sesi\u00f3n es una oportunidad para conocer nuevas perspectivas y explorar diferentes culturas.<\/p>\n<h3>Moderaci\u00f3n asistida por inteligencia artificial<\/h3>\n<p>Una de las principales mejoras de Chatroulette en los \u00faltimos a\u00f1os es la implementaci\u00f3n de la moderaci\u00f3n basada en IA. Para combatir los problemas que plagaron sus inicios, la plataforma utiliza ahora el aprendizaje autom\u00e1tico para detectar contenidos y comportamientos inapropiados en tiempo real.<\/p>\n<p>Este sistema automatizado est\u00e1 respaldado por un equipo de moderadores humanos que responden a las denuncias de los usuarios. El resultado es un entorno mucho m\u00e1s seguro y respetuoso para todos los usuarios.<\/p>\n<h3>Sistema de verificaci\u00f3n facial (opcional)<\/h3>\n<p>Para quienes buscan a\u00fan m\u00e1s credibilidad y experiencias m\u00e1s limpias, Chatroulette ofrece un sistema opcional de verificaci\u00f3n facial. Los usuarios verificados tienen prioridad en <a href=\"https:\/\/tinychat.com\/es\/chathub\/\">chat<\/a> emparejamientos, aumentando la probabilidad de mantener conversaciones significativas con personas reales y respetuosas.<\/p>\n<p>Esta funci\u00f3n es especialmente \u00fatil para los usuarios cansados de bots, trolls o encuentros NSFW, y es un paso hacia la responsabilidad en entornos an\u00f3nimos.<\/p>\n<h3>Opci\u00f3n de chat de texto<\/h3>\n<p>Adem\u00e1s del v\u00eddeo, Chatroulette incluye un sistema basado en texto <a href=\"https:\/\/tinychat.com\/es\/chathub\/\">chat<\/a> durante cada sesi\u00f3n. De este modo, los usuarios que no deseen hablar o utilizar el v\u00eddeo pueden seguir interactuando con los dem\u00e1s, lo que resulta ideal para quienes se encuentran en entornos m\u00e1s silenciosos o con conectividad limitada.<\/p>\n<h3>Sistema Skip and Connect<\/h3>\n<p>Si no est\u00e1s a gusto con tu pareja actual, el cl\u00e1sico bot\u00f3n \"Siguiente\" te permite pasar instant\u00e1neamente a la siguiente persona. Sin penalizaciones ni explicaciones, solo una transici\u00f3n limpia a la siguiente interacci\u00f3n.<\/p>\n<p>Este modelo de cambio r\u00e1pido fomenta la exploraci\u00f3n y mantiene las cosas frescas, facilitando el paso de charlas inc\u00f3modas o aburridas.<\/p>\n<h2>C\u00f3mo utilizar Chatroulette<\/h2>\n<p>Empezar a utilizar Chatroulette es una de las cosas m\u00e1s f\u00e1ciles que puede hacer en Internet. Est\u00e1 dise\u00f1ado para ser ligero, f\u00e1cil de navegar y accesible al instante. Aqu\u00ed tienes una gu\u00eda paso a paso para sacarle el m\u00e1ximo partido:<\/p>\n<h3>Paso 1: Visite el sitio web<\/h3>\n<p>Entra en Chatroulette. No necesitas registrarte ni descargar ninguna aplicaci\u00f3n. Todo funciona directamente desde tu navegador.<\/p>\n<h3>Paso 2: Permitir el acceso a la c\u00e1mara web y al micr\u00f3fono<\/h3>\n<p>Cuando se te solicite, dale a Chatroulette acceso a tu webcam y micr\u00f3fono. Estos son esenciales para el v\u00eddeo <a href=\"https:\/\/tinychat.com\/es\/chathub\/\">chat<\/a>. Aseg\u00farate de estar en un entorno c\u00f3modo con una iluminaci\u00f3n decente para disfrutar de la mejor experiencia.<\/p>\n<h3>Paso 3: Haga clic en \"Inicio\" para empezar<\/h3>\n<p>Pulsa el bot\u00f3n \"Empezar\" y te emparejar\u00e1s al instante con un usuario cualquiera. Si la conexi\u00f3n no es de tu agrado, simplemente pulsa \"Siguiente\" para volver a intentarlo.<\/p>\n<h3>Paso 4: Participar u omitir<\/h3>\n<p>Puede <a href=\"https:\/\/tinychat.com\/es\/chathub\/\">chat<\/a> utilizando el micr\u00f3fono y la webcam, o utiliza el texto <a href=\"https:\/\/tinychat.com\/es\/chathub\/\">chat<\/a> caja. Si el ambiente no te gusta o simplemente quieres seguir adelante, haz clic en \"Siguiente\" para conocer a alguien nuevo.<\/p>\n<h3>Paso 5: Denunciar o bloquear (si es necesario)<\/h3>\n<p>Si alguien se comporta de forma inapropiada, utiliza el bot\u00f3n de denuncia para se\u00f1alar la interacci\u00f3n. Tambi\u00e9n puedes bloquear a los usuarios que infrinjan las normas de la comunidad. Esto ayuda a mantener la comunidad limpia y agradable para los dem\u00e1s.<\/p>\n<h2>Seguridad y privacidad en Chatroulette<\/h2>\n<p>Chatroulette ha avanzado mucho en seguridad, sobre todo en comparaci\u00f3n con sus inicios. As\u00ed es como protege a los usuarios y crea un espacio digital respetuoso:<\/p>\n<h3>Moderaci\u00f3n en tiempo real con IA<\/h3>\n<p>La plataforma emplea el aprendizaje autom\u00e1tico para detectar desnudos, comportamientos inapropiados o incitaci\u00f3n al odio. Las infracciones detectadas provocan la finalizaci\u00f3n inmediata de la sesi\u00f3n y, en muchos casos, el bloqueo de la cuenta para los reincidentes.<\/p>\n<p>Este enfoque proactivo ha reducido en gran medida el tipo de contenidos que antes daban mala reputaci\u00f3n a Chatroulette.<\/p>\n<h3>Sistema de notificaci\u00f3n de usuarios<\/h3>\n<p>Los usuarios pueden denunciar comportamientos que escapan a la moderaci\u00f3n de la IA. Los informes son revisados por moderadores humanos y se toman medidas cuando es necesario. El sistema es r\u00e1pido y reactivo, lo que contribuye a mantener un entorno m\u00e1s seguro.<\/p>\n<h3>Verificaci\u00f3n facial opcional<\/h3>\n<p>Los usuarios pueden verificar su identidad mediante un sistema de verificaci\u00f3n facial. Aunque no es obligatorio, los usuarios verificados suelen tener prioridad en los chats y la comunidad los considera m\u00e1s fiables.<\/p>\n<h3>An\u00f3nimo por defecto<\/h3>\n<p>Para utilizar Chatroulette no es necesario introducir ning\u00fan dato personal. No es necesario configurar una cuenta, crear un perfil ni compartir tu nombre o correo electr\u00f3nico. Eres libre de permanecer en el anonimato a menos que elijas lo contrario.<\/p>\n<h3>Cifrado SSL<\/h3>\n<p>Todos los datos transferidos durante la sesi\u00f3n -incluidos v\u00eddeo, audio y <a href=\"https:\/\/tinychat.com\/es\/chathub\/\">chat<\/a> - est\u00e1 encriptado con protocolos SSL, lo que garantiza la protecci\u00f3n de su privacidad durante su uso.<\/p>\n<h2>Experiencia de usuario en Chatroulette<\/h2>\n<p>A pesar de su interfaz minimalista, Chatroulette ofrece una experiencia de usuario sorprendentemente envolvente y atractiva. Esto es lo que los usuarios adoran y lo que desear\u00edan que mejorase.<\/p>\n<h3>Lo que les gusta a los usuarios<\/h3>\n<ul>\n<li>Rapidez: la capacidad de entablar una conversaci\u00f3n al instante es uno de los puntos fuertes de Chatroulette.<\/li>\n<li>Nostalgia: Muchos usuarios disfrutan del valor nost\u00e1lgico de Chatroulette como el \"original\". <a href=\"https:\/\/tinychat.com\/es\/\">chat de v\u00eddeo aleatorio<\/a> sitio.<\/li>\n<li>Simplicidad: Sin aplicaci\u00f3n, sin registrarse, s\u00f3lo un clic y... <a href=\"https:\/\/tinychat.com\/es\/chathub\/\">chat<\/a>.<\/li>\n<li>Conversaciones diversas: Con usuarios de todo el mundo, nunca hay dos chats iguales.<\/li>\n<\/ul>\n<h3>Lo que podr\u00eda mejorarse<\/h3>\n<ul>\n<li>Opciones de filtrado: A diferencia de sus competidores, Chatroulette a\u00fan no permite filtrar libremente por g\u00e9nero o ubicaci\u00f3n.<\/li>\n<li>Funciones limitadas: Algunos usuarios echan de menos las funciones interactivas o de juego de las plataformas m\u00e1s recientes.<\/li>\n<li>Uso indebido ocasional: A pesar de las mejoras, siguen apareciendo contenidos inapropiados.<\/li>\n<\/ul>\n<h3>Opiniones reales de usuarios<\/h3>\n<blockquote><p>\"Chatroulette es como la ruleta de tu vida social. Nunca sabes a qui\u00e9n vas a conocer. A veces es raro, pero a veces es incre\u00edble\".<br \/>\n- <em>Daniel K., Twitter<\/em><\/p><\/blockquote>\n<blockquote><p>\"Lo han limpiado mucho. Antes lo evitaba por todo el material NSFW, pero ahora me parece mucho m\u00e1s seguro\".<br \/>\n- <em>Lena V., Reddit<\/em><\/p><\/blockquote>\n<blockquote><p>\"Genial para charlas nocturnas o cuando est\u00e1s aburrido y solo quieres hablar con alguien nuevo. Mejor que desplazarse por las redes sociales, sinceramente\".<br \/>\n- <em>Ajay T., Trustpilot<\/em><\/p><\/blockquote>\n<h2>Chatroulette frente a otras plataformas de videoconferencia<\/h2>\n<p>Veamos c\u00f3mo se compara Chatroulette con otras plataformas l\u00edderes del mismo sector:<\/p>\n<table>\n<thead>\n<tr>\n<th>Caracter\u00edstica<\/th>\n<th>Chatroulette<\/th>\n<th><a href=\"https:\/\/tinychat.com\/es\/omegle\/\">Omegle<\/a><\/th>\n<th><a href=\"https:\/\/tinychat.com\/es\/strangercam\/\">StrangerCam<\/a><\/th>\n<th>Bazoocam<\/th>\n<th>Esmeralda <a href=\"https:\/\/tinychat.com\/es\/chathub\/\">Chat<\/a><\/th>\n<\/tr>\n<\/thead>\n<tbody>\n<tr>\n<td>Inscripci\u00f3n<\/td>\n<td>\u274c No<\/td>\n<td>\u274c No<\/td>\n<td>\u274c No<\/td>\n<td>\u274c No<\/td>\n<td>\u2705 S\u00ed<\/td>\n<\/tr>\n<tr>\n<td>Texto + V\u00eddeo <a href=\"https:\/\/tinychat.com\/es\/chathub\/\">Chat<\/a><\/td>\n<td>\u2705 S\u00ed<\/td>\n<td>\u2705 S\u00ed<\/td>\n<td>\u2705 S\u00ed<\/td>\n<td>\u2705 S\u00ed<\/td>\n<td>\u2705 S\u00ed<\/td>\n<\/tr>\n<tr>\n<td>Filtro de g\u00e9nero<\/td>\n<td>\u274c No<\/td>\n<td>\u274c No<\/td>\n<td>\u2705 (Premium)<\/td>\n<td>\u2705 (Premium)<\/td>\n<td>\u2705 S\u00ed<\/td>\n<\/tr>\n<tr>\n<td>Integraci\u00f3n de juegos<\/td>\n<td>\u274c No<\/td>\n<td>\u274c No<\/td>\n<td>\u274c No<\/td>\n<td>\u2705 S\u00ed<\/td>\n<td>\u2705 S\u00ed<\/td>\n<\/tr>\n<tr>\n<td>Para m\u00f3viles<\/td>\n<td>\u2705 S\u00ed<\/td>\n<td>\u2705 S\u00ed<\/td>\n<td>\u2705 S\u00ed<\/td>\n<td>\u2705 S\u00ed<\/td>\n<td>\u2705 S\u00ed<\/td>\n<\/tr>\n<tr>\n<td>Moderaci\u00f3n<\/td>\n<td>\u2705 IA fuerte<\/td>\n<td>\u26a0\ufe0f D\u00e9bil<\/td>\n<td>\u2705 Bueno<\/td>\n<td>\u2705 Moderado<\/td>\n<td>\u2705 Fuerte<\/td>\n<\/tr>\n<tr>\n<td>Anonimato<\/td>\n<td>\u2705 Completo<\/td>\n<td>\u2705 Completo<\/td>\n<td>\u2705 Completo<\/td>\n<td>\u2705 Completo<\/td>\n<td>\u274c Parcial<\/td>\n<\/tr>\n<tr>\n<td>Verificaci\u00f3n facial<\/td>\n<td>\u2705 Opcional<\/td>\n<td>\u274c No<\/td>\n<td>\u274c No<\/td>\n<td>\u274c No<\/td>\n<td>Obligatorio<\/td>\n<\/tr>\n<\/tbody>\n<\/table>\n<p>Aunque Chatroulette tiene menos campanas y silbatos que algunas plataformas m\u00e1s recientes, su sencillez, velocidad y comunidad global siguen siendo sus principales puntos fuertes.<\/p>\n<h2>Consejos para un uso seguro y agradable<\/h2>\n<p>Para aprovechar al m\u00e1ximo su experiencia Chatroulette, tenga en cuenta estos consejos:<\/p>\n<ul>\n<li>Evite compartir informaci\u00f3n personal: Mant\u00e9n en privado tu nombre, direcci\u00f3n, correo electr\u00f3nico y n\u00famero de tel\u00e9fono.<\/li>\n<li>Utilice una VPN: a\u00f1ada una capa adicional de privacidad y seguridad.<\/li>\n<li>Facilite una buena iluminaci\u00f3n: Te ayuda a parecer presentable y genera confianza.<\/li>\n<li>Utiliza auriculares: Mejora la calidad del audio y mantiene tu conversaci\u00f3n en privado.<\/li>\n<li>Conf\u00eda en tus instintos: Si algo no te gusta, haz clic en \"Siguiente\" o denuncia al usuario.<\/li>\n<li>S\u00e9 respetuoso: Trata a los dem\u00e1s como te gustar\u00eda que te trataran a ti. Chatroulette no tolera el acoso ni los comportamientos ofensivos.<\/li>\n<\/ul>\n<h2>Soluci\u00f3n de problemas comunes<\/h2>\n<p>Incluso en una plataforma tan sencilla como Chatroulette, los usuarios pueden encontrarse con problemas ocasionales. A continuaci\u00f3n te explicamos c\u00f3mo solucionar los m\u00e1s comunes:<\/p>\n<h3>La c\u00e1mara o el micr\u00f3fono no funcionan<\/h3>\n<p>Aseg\u00farate de que tu navegador tiene permiso para acceder a estos dispositivos. Reinicia el navegador o el ordenador si el problema persiste.<\/p>\n<h3>Pantalla en negro o sin conexi\u00f3n<\/h3>\n<p>Actualiza la p\u00e1gina o cambia de navegador. Comprueba tambi\u00e9n si tu conexi\u00f3n a Internet es estable.<\/p>\n<h3>Ser vetado<\/h3>\n<p>Si has sido baneado, puede deberse a un comportamiento marcado por el sistema de IA. Tendr\u00e1s que esperar a que se levante el bloqueo o intentar conectarte con una IP diferente mediante una VPN.<\/p>\n<h3>No encontrar a nadie con quien chatear<\/h3>\n<p>La actividad de Chatroulette var\u00eda seg\u00fan la zona horaria. Prueba en diferentes horarios, especialmente por la noche y los fines de semana, cuando hay m\u00e1s usuarios conectados.<\/p>\n<p>Aunque los primeros d\u00edas de Chatroulette estuvieron marcados por el caos y la pol\u00e9mica, desde entonces ha experimentado una transformaci\u00f3n que lo ha convertido en uno de los v\u00eddeos m\u00e1s seguros, sencillos y aut\u00e9nticos. <a href=\"https:\/\/tinychat.com\/es\/chathub\/\">chat<\/a> plataformas en l\u00ednea.<\/p>\n<p>Se mantiene fiel a sus ra\u00edces -ofrecer conversaciones globales sin filtros con desconocidos-, pero ahora incorpora una moderaci\u00f3n responsable y protecciones de la privacidad a la altura de las expectativas modernas.<\/p>\n<p>Si lo que buscas es una conexi\u00f3n humana real, conocer a gente de todo el mundo o simplemente descansar de las redes sociales, Chatroulette te ofrece una experiencia \u00fanica y espont\u00e1nea que pocas plataformas pueden igualar.<\/p>\n<p>As\u00ed que adelante, abre una nueva pesta\u00f1a, visita Chatroulette y arri\u00e9sgate en la pr\u00f3xima conversaci\u00f3n. Nunca se sabe qui\u00e9n puede estar al otro lado de la pantalla.<\/p>","protected":false},"excerpt":{"rendered":"<p>Chatroulette holds a special place as the pioneer of random video chat platforms. Long before video chatting with strangers became a global trend, Chatroulette captured the internet\u2019s attention by offering something novel, risky, and thrilling: a way to instantly meet someone from anywhere in the world with just one click. Launched in 2009 by a [&hellip;]<\/p>\n","protected":false},"author":6,"featured_media":0,"parent":0,"menu_order":0,"comment_status":"closed","ping_status":"closed","template":"","meta":{"footnotes":""},"class_list":["post-86","page","type-page","status-publish","hentry"],"yoast_head":"<!-- This site is optimized with the Yoast SEO plugin v27.4 - https:\/\/yoast.com\/product\/yoast-seo-wordpress\/ -->\n<title>Chatroulette - Meet With Strangers Worldwide - TinyChat.com<\/title>\n<meta name=\"description\" content=\"Enjoying Chatroulette? Join over 50,000,000 strangers on TinyChat! Turn on your cam and start meeting new people, or find a match.\" \/>\n<meta name=\"robots\" content=\"index, follow, max-snippet:-1, max-image-preview:large, max-video-preview:-1\" \/>\n<link rel=\"canonical\" href=\"https:\/\/tinychat.com\/es\/chatroulette\/\" \/>\n<meta property=\"og:locale\" content=\"es_ES\" \/>\n<meta property=\"og:type\" content=\"article\" \/>\n<meta property=\"og:title\" content=\"Chatroulette - Meet With Strangers Worldwide - TinyChat.com\" \/>\n<meta property=\"og:description\" content=\"Enjoying Chatroulette? Join over 50,000,000 strangers on TinyChat! Turn on your cam and start meeting new people, or find a match.\" \/>\n<meta property=\"og:url\" content=\"https:\/\/tinychat.com\/es\/chatroulette\/\" \/>\n<meta property=\"og:site_name\" content=\"TinyChat\" \/>\n<meta property=\"article:publisher\" content=\"https:\/\/www.facebook.com\/tinychat\" \/>\n<meta property=\"article:modified_time\" content=\"2025-07-07T16:18:57+00:00\" \/>\n<meta property=\"og:image\" content=\"https:\/\/tinychat.com\/wp-content\/uploads\/2020\/04\/Tinychat-logo-1280x284-new-black.png\" \/>\n\t<meta property=\"og:image:width\" content=\"1280\" \/>\n\t<meta property=\"og:image:height\" content=\"284\" \/>\n\t<meta property=\"og:image:type\" content=\"image\/png\" \/>\n<meta name=\"twitter:card\" content=\"summary_large_image\" \/>\n<meta name=\"twitter:site\" content=\"@tinychat\" \/>\n<meta name=\"twitter:label1\" content=\"Tiempo de lectura\" \/>\n\t<meta name=\"twitter:data1\" content=\"8 minutos\" \/>\n<script type=\"application\/ld+json\" class=\"yoast-schema-graph\">{\"@context\":\"https:\\\/\\\/schema.org\",\"@graph\":[{\"@type\":\"WebPage\",\"@id\":\"https:\\\/\\\/tinychat.com\\\/chatroulette\\\/\",\"url\":\"https:\\\/\\\/tinychat.com\\\/chatroulette\\\/\",\"name\":\"Chatroulette - Meet With Strangers Worldwide - TinyChat.com\",\"isPartOf\":{\"@id\":\"https:\\\/\\\/tinychat.com\\\/#website\"},\"datePublished\":\"2025-06-27T10:05:16+00:00\",\"dateModified\":\"2025-07-07T16:18:57+00:00\",\"description\":\"Enjoying Chatroulette? Join over 50,000,000 strangers on TinyChat! Turn on your cam and start meeting new people, or find a match.\",\"breadcrumb\":{\"@id\":\"https:\\\/\\\/tinychat.com\\\/chatroulette\\\/#breadcrumb\"},\"inLanguage\":\"es\",\"potentialAction\":[{\"@type\":\"ReadAction\",\"target\":[\"https:\\\/\\\/tinychat.com\\\/chatroulette\\\/\"]}]},{\"@type\":\"BreadcrumbList\",\"@id\":\"https:\\\/\\\/tinychat.com\\\/chatroulette\\\/#breadcrumb\",\"itemListElement\":[{\"@type\":\"ListItem\",\"position\":1,\"name\":\"Home\",\"item\":\"https:\\\/\\\/tinychat.com\\\/\"},{\"@type\":\"ListItem\",\"position\":2,\"name\":\"Chatroulette\"}]},{\"@type\":\"WebSite\",\"@id\":\"https:\\\/\\\/tinychat.com\\\/#website\",\"url\":\"https:\\\/\\\/tinychat.com\\\/\",\"name\":\"TinyChat\",\"description\":\"Random Video Chat with Strangers\",\"publisher\":{\"@id\":\"https:\\\/\\\/tinychat.com\\\/#organization\"},\"alternateName\":\"TinyChat.com\",\"potentialAction\":[{\"@type\":\"SearchAction\",\"target\":{\"@type\":\"EntryPoint\",\"urlTemplate\":\"https:\\\/\\\/tinychat.com\\\/?s={search_term_string}\"},\"query-input\":{\"@type\":\"PropertyValueSpecification\",\"valueRequired\":true,\"valueName\":\"search_term_string\"}}],\"inLanguage\":\"es\"},{\"@type\":\"Organization\",\"@id\":\"https:\\\/\\\/tinychat.com\\\/#organization\",\"name\":\"TinyChat\",\"alternateName\":\"TinyChat.com\",\"url\":\"https:\\\/\\\/tinychat.com\\\/\",\"logo\":{\"@type\":\"ImageObject\",\"inLanguage\":\"es\",\"@id\":\"https:\\\/\\\/tinychat.com\\\/#\\\/schema\\\/logo\\\/image\\\/\",\"url\":\"https:\\\/\\\/tinychat.com\\\/wp-content\\\/uploads\\\/2023\\\/11\\\/Tinychat-icon-square.png\",\"contentUrl\":\"https:\\\/\\\/tinychat.com\\\/wp-content\\\/uploads\\\/2023\\\/11\\\/Tinychat-icon-square.png\",\"width\":284,\"height\":284,\"caption\":\"TinyChat\"},\"image\":{\"@id\":\"https:\\\/\\\/tinychat.com\\\/#\\\/schema\\\/logo\\\/image\\\/\"},\"sameAs\":[\"https:\\\/\\\/www.facebook.com\\\/tinychat\",\"https:\\\/\\\/x.com\\\/tinychat\"]}]}<\/script>\n<!-- \/ Yoast SEO plugin. -->","yoast_head_json":{"title":"Chatroulette - Encuentros con desconocidos en todo el mundo - TinyChat.com","description":"\u00bfTe gusta Chatroulette? \u00a1\u00danete a m\u00e1s de 50.000.000 de desconocidos en TinyChat! Enciende tu c\u00e1mara y empieza a conocer gente nueva, o encuentra una pareja.","robots":{"index":"index","follow":"follow","max-snippet":"max-snippet:-1","max-image-preview":"max-image-preview:large","max-video-preview":"max-video-preview:-1"},"canonical":"https:\/\/tinychat.com\/es\/chatroulette\/","og_locale":"es_ES","og_type":"article","og_title":"Chatroulette - Meet With Strangers Worldwide - TinyChat.com","og_description":"Enjoying Chatroulette? Join over 50,000,000 strangers on TinyChat! Turn on your cam and start meeting new people, or find a match.","og_url":"https:\/\/tinychat.com\/es\/chatroulette\/","og_site_name":"TinyChat","article_publisher":"https:\/\/www.facebook.com\/tinychat","article_modified_time":"2025-07-07T16:18:57+00:00","og_image":[{"width":1280,"height":284,"url":"https:\/\/tinychat.com\/wp-content\/uploads\/2020\/04\/Tinychat-logo-1280x284-new-black.png","type":"image\/png"}],"twitter_card":"summary_large_image","twitter_site":"@tinychat","twitter_misc":{"Tiempo de lectura":"8 minutos"},"schema":{"@context":"https:\/\/schema.org","@graph":[{"@type":"WebPage","@id":"https:\/\/tinychat.com\/chatroulette\/","url":"https:\/\/tinychat.com\/chatroulette\/","name":"Chatroulette - Encuentros con desconocidos en todo el mundo - TinyChat.com","isPartOf":{"@id":"https:\/\/tinychat.com\/#website"},"datePublished":"2025-06-27T10:05:16+00:00","dateModified":"2025-07-07T16:18:57+00:00","description":"\u00bfTe gusta Chatroulette? \u00a1\u00danete a m\u00e1s de 50.000.000 de desconocidos en TinyChat! Enciende tu c\u00e1mara y empieza a conocer gente nueva, o encuentra una pareja.","breadcrumb":{"@id":"https:\/\/tinychat.com\/chatroulette\/#breadcrumb"},"inLanguage":"es","potentialAction":[{"@type":"ReadAction","target":["https:\/\/tinychat.com\/chatroulette\/"]}]},{"@type":"BreadcrumbList","@id":"https:\/\/tinychat.com\/chatroulette\/#breadcrumb","itemListElement":[{"@type":"ListItem","position":1,"name":"Home","item":"https:\/\/tinychat.com\/"},{"@type":"ListItem","position":2,"name":"Chatroulette"}]},{"@type":"WebSite","@id":"https:\/\/tinychat.com\/#website","url":"https:\/\/tinychat.com\/","name":"TinyChat","description":"Videochat aleatorio con desconocidos","publisher":{"@id":"https:\/\/tinychat.com\/#organization"},"alternateName":"TinyChat.com","potentialAction":[{"@type":"SearchAction","target":{"@type":"EntryPoint","urlTemplate":"https:\/\/tinychat.com\/?s={search_term_string}"},"query-input":{"@type":"PropertyValueSpecification","valueRequired":true,"valueName":"search_term_string"}}],"inLanguage":"es"},{"@type":"Organization","@id":"https:\/\/tinychat.com\/#organization","name":"TinyChat","alternateName":"TinyChat.com","url":"https:\/\/tinychat.com\/","logo":{"@type":"ImageObject","inLanguage":"es","@id":"https:\/\/tinychat.com\/#\/schema\/logo\/image\/","url":"https:\/\/tinychat.com\/wp-content\/uploads\/2023\/11\/Tinychat-icon-square.png","contentUrl":"https:\/\/tinychat.com\/wp-content\/uploads\/2023\/11\/Tinychat-icon-square.png","width":284,"height":284,"caption":"TinyChat"},"image":{"@id":"https:\/\/tinychat.com\/#\/schema\/logo\/image\/"},"sameAs":["https:\/\/www.facebook.com\/tinychat","https:\/\/x.com\/tinychat"]}]}},"_links":{"self":[{"href":"https:\/\/tinychat.com\/es\/wp-json\/wp\/v2\/pages\/86","targetHints":{"allow":["GET"]}}],"collection":[{"href":"https:\/\/tinychat.com\/es\/wp-json\/wp\/v2\/pages"}],"about":[{"href":"https:\/\/tinychat.com\/es\/wp-json\/wp\/v2\/types\/page"}],"author":[{"embeddable":true,"href":"https:\/\/tinychat.com\/es\/wp-json\/wp\/v2\/users\/6"}],"replies":[{"embeddable":true,"href":"https:\/\/tinychat.com\/es\/wp-json\/wp\/v2\/comments?post=86"}],"version-history":[{"count":2,"href":"https:\/\/tinychat.com\/es\/wp-json\/wp\/v2\/pages\/86\/revisions"}],"predecessor-version":[{"id":13168,"href":"https:\/\/tinychat.com\/es\/wp-json\/wp\/v2\/pages\/86\/revisions\/13168"}],"wp:attachment":[{"href":"https:\/\/tinychat.com\/es\/wp-json\/wp\/v2\/media?parent=86"}],"curies":[{"name":"wp","href":"https:\/\/api.w.org\/{rel}","templated":true}]}}