{"id":8647,"date":"2025-05-26T09:38:47","date_gmt":"2025-05-26T07:38:47","guid":{"rendered":"https:\/\/tinychat.com\/?page_id=8647"},"modified":"2025-07-07T18:18:24","modified_gmt":"2025-07-07T16:18:24","slug":"chatib","status":"publish","type":"page","link":"https:\/\/tinychat.com\/es\/chatib\/","title":{"rendered":"Chatib"},"content":{"rendered":"<p>A medida que evoluciona la comunicaci\u00f3n en l\u00ednea, resulta innegable el atractivo de las plataformas que eliminan la complejidad y sit\u00faan la conversaci\u00f3n real y espont\u00e1nea en el centro. Chatib es una de esas plataformas: un retroceso a la era dorada de los chats en l\u00ednea, pero actualizado para la web moderna. Si quieres conocer gente nueva, hacer amigos o simplemente pasar el rato chateando con desconocidos de todo el mundo, Chatib es el mejor destino, y no tendr\u00e1s que registrarte, descargar nada ni revelar tu identidad real.<\/p>\n<p>En Chatib todo gira en torno a la interacci\u00f3n instant\u00e1nea basada en texto, accesible a trav\u00e9s de cualquier navegador, en cualquier dispositivo, sin ning\u00fan obst\u00e1culo. Tanto si buscas nuevos amigos, un chat coqueto o un espacio comunitario para tus intereses, las salas p\u00fablicas y las funciones de chat privado de Chatib facilitan la conexi\u00f3n, la comunicaci\u00f3n y el intercambio, todo gratis.<\/p>\n<p>Este art\u00edculo profundiza en c\u00f3mo funciona Chatib, sus principales caracter\u00edsticas, qu\u00e9 lo diferencia de otros sitios de chat, consejos de seguridad, comparaciones y c\u00f3mo sacar el m\u00e1ximo partido a cada sesi\u00f3n de chat.<\/p>\n<h2>\u00bfQu\u00e9 es el Chatib?<\/h2>\n<p>Chatib es una plataforma de salas de chat an\u00f3nima y gratuita que conecta a usuarios de todo el mundo a trav\u00e9s de salas de chat abiertas y mensajer\u00eda privada, todo en tiempo real. Sin necesidad de registrarse ni de instalar ninguna aplicaci\u00f3n, Chatib destaca por su facilidad de acceso y su dise\u00f1o ligero.<\/p>\n<p>Fundada para revivir la experiencia cl\u00e1sica de las salas de chat, Chatib ofrece una selecci\u00f3n de salas tem\u00e1ticas y por pa\u00edses (como \"Chat de solteros\", \"Chat de EE.UU.\" o \"Amantes de la m\u00fasica\"), as\u00ed como la opci\u00f3n de chatear uno a uno en privado. S\u00f3lo tienes que elegir un apodo, seleccionar una sala y empezar a escribir. Si encuentras a alguien interesante, puedes chatear en privado o a\u00f1adirlo como amigo para volver a conectar m\u00e1s f\u00e1cilmente.<\/p>\n<p>Chatib se centra en la comunicaci\u00f3n s\u00f3lo de texto y es perfecto para quienes prefieren el anonimato o quieren chatear sin encender la c\u00e1mara o el micr\u00f3fono. Est\u00e1 basado en la web, es apto para m\u00f3viles y su uso es totalmente gratuito.<\/p>\n<h2>Caracter\u00edsticas principales de Chatib<\/h2>\n<p>Chatib puede parecer sencillo, pero est\u00e1 repleto de pr\u00e1cticas funciones que lo convierten en uno de los sitios de chat m\u00e1s flexibles y acogedores de la web.<\/p>\n<h3>1. No es necesario registrarse ni descargar nada<\/h3>\n<p>El coraz\u00f3n del atractivo de Chatib es su entrada instant\u00e1nea y sin complicaciones. No es necesario registrarse para el uso b\u00e1sico:<\/p>\n<ul>\n<li>Elige un apodo<\/li>\n<li>Seleccione su sexo y edad<\/li>\n<li>Elija una sala de chat (por tema o pa\u00eds)<\/li>\n<li>Acepta las condiciones y participa.<\/li>\n<\/ul>\n<p>No se recogen correos electr\u00f3nicos, n\u00fameros de tel\u00e9fono ni datos personales de los usuarios invitados.<\/p>\n<h3>2. Salas de chat p\u00fablicas por tema y regi\u00f3n<\/h3>\n<p>Chatib cuenta con una amplia gama de salas de chat abiertas, organizadas por:<\/p>\n<ul>\n<li>Pa\u00eds\/Regi\u00f3n: por ejemplo, Estados Unidos, Reino Unido, India, Filipinas, Sud\u00e1frica y muchos m\u00e1s.<\/li>\n<li>Inter\u00e9s\/Tema: por ejemplo, Solteros, Adolescentes, M\u00fasica, Citas, Deportes, Educaci\u00f3n, Ligar, etc.<\/li>\n<\/ul>\n<p>Esto le permite unirse a una sala que coincida con sus intereses o su idioma preferido, lo que facilita la conexi\u00f3n con personas afines de todo el mundo.<\/p>\n<h3>3. Chat privado<\/h3>\n<p>Si haces clic con alguien en una sala p\u00fablica, puedes invitarle instant\u00e1neamente a una ventana de chat privada. Aqu\u00ed, la conversaci\u00f3n solo es visible para ti y tu interlocutor, lo que os da privacidad para hablar m\u00e1s abiertamente o conoceros mejor.<\/p>\n<h3>4. Lista de amigos y bloqueo<\/h3>\n<p>Los que creen una cuenta gratuita Chatib (opcional) podr\u00e1n a\u00f1adir usuarios a su lista de amigos para reconectarse r\u00e1pidamente, bloquear usuarios no deseados y gestionar sus conversaciones privadas. Las herramientas de bloqueo y denuncia ayudan a mantener tu experiencia segura y respetuosa.<\/p>\n<h3>5. Dise\u00f1o Mobile-First<\/h3>\n<p>Chatib funciona perfectamente en cualquier navegador m\u00f3vil, adapt\u00e1ndose autom\u00e1ticamente al tama\u00f1o de su pantalla. No necesita una aplicaci\u00f3n espec\u00edfica: visite Chatib.com desde su tel\u00e9fono o tableta y empiece a chatear. La interfaz es ligera, se carga r\u00e1pido y consume pocos datos.<\/p>\n<h3>6. Filtros de idioma y pa\u00eds<\/h3>\n<p>Puedes filtrar f\u00e1cilmente las salas de chat o buscar usuarios por idioma y pa\u00eds, lo que resulta ideal para practicar un idioma, conocer a gente local o conectar con personas de culturas o regiones espec\u00edficas.<\/p>\n<h3>7. Perfiles b\u00e1sicos de usuario<\/h3>\n<p>Para los usuarios registrados, Chatib te permite configurar un perfil b\u00e1sico con una foto, un apodo, un pa\u00eds y una breve descripci\u00f3n. Esto facilita que tus amigos te reconozcan o que otros usuarios sepan un poco con qui\u00e9n est\u00e1n chateando.<\/p>\n<h3>8. Emoji, pegatinas y medios compartidos<\/h3>\n<p>Para amenizar las conversaciones, el Chatib es compatible:<\/p>\n<ul>\n<li>Paquetes de emoticonos y pegatinas<\/li>\n<li>Intercambio b\u00e1sico de im\u00e1genes (sujeto a moderaci\u00f3n)<\/li>\n<li>Formato de texto divertido y expresivo<\/li>\n<\/ul>\n<p>Esto hace que la charla sea m\u00e1s atractiva y ayuda a romper el hielo con gente nueva.<\/p>\n<h2>C\u00f3mo utilizar Chatib<\/h2>\n<p>El mayor punto fuerte de Chatib es su accesibilidad. Aqu\u00ed te explicamos c\u00f3mo empezar en menos de un minuto:<\/p>\n<h3>Paso 1: Vaya a Chatib.com<\/h3>\n<p>Visite chatib.com en cualquier navegador (ordenador, tableta o m\u00f3vil).<\/p>\n<h3>Paso 2: Elige un apodo y los detalles<\/h3>\n<p>Introduzca un apodo, seleccione su sexo y grupo de edad, y elija su pa\u00eds. Puedes utilizar un seud\u00f3nimo para disfrutar de la m\u00e1xima privacidad.<\/p>\n<h3>Paso 3: Elige una sala de chat<\/h3>\n<p>Despl\u00e1cese por las salas de chat disponibles, organizadas por pa\u00edses y temas. Haz clic para unirte a la que te interese.<\/p>\n<h3>Paso 4: Empezar a chatear<\/h3>\n<p>Una vez dentro de una sala, s\u00f3lo tienes que escribir tu mensaje y unirte a la conversaci\u00f3n p\u00fablica. Puedes enviar invitaciones a chats privados haciendo clic en el nombre de un usuario.<\/p>\n<h3>Paso 5: (Opcional) Reg\u00edstrese para obtener m\u00e1s funciones<\/h3>\n<p>Crea una cuenta gratuita para desbloquear listas de amigos, historial de chat, uso compartido de contenido multimedia y controles de moderaci\u00f3n mejorados.<\/p>\n<h2>Experiencia de usuario en Chatib<\/h2>\n<p>Chatib es muy apreciado por su ambiente de sala de chat de la vieja escuela. Todo est\u00e1 dise\u00f1ado para un acceso r\u00e1pido, el anonimato y la facilidad de chat - sin pelusa extra.<\/p>\n<h3>Lo que les gusta a los usuarios<\/h3>\n<ul>\n<li>No es necesario registrarse para chatear<\/li>\n<li>Decenas de salas de chat para elegir (por intereses y regiones)<\/li>\n<li>Chat privado sencillo y gesti\u00f3n de amigos<\/li>\n<li>Compatibilidad con navegadores m\u00f3viles<\/li>\n<li>Carga r\u00e1pida y anuncios m\u00ednimos<\/li>\n<li>Una comunidad divertida con asiduos y reci\u00e9n llegados por igual<\/li>\n<\/ul>\n<h3>Aspectos susceptibles de mejora del Chatib<\/h3>\n<ul>\n<li>Spam ocasional o trolling, especialmente en salas p\u00fablicas concurridas.<\/li>\n<li>Sin chat de v\u00eddeo ni llamadas de voz<\/li>\n<li>Moderaci\u00f3n limitada en salas peque\u00f1as<\/li>\n<li>Algunos anuncios en la versi\u00f3n gratuita<\/li>\n<li>El uso compartido de medios est\u00e1 restringido y supervisado por motivos de seguridad<\/li>\n<\/ul>\n<h3>Opiniones reales de los usuarios<\/h3>\n<blockquote><p>\"Me recuerda a las cl\u00e1sicas salas de chat de Yahoo, pero en mi tel\u00e9fono. Me encanta poder unirme sin registrarme\".<br \/>\n- <em>Tina V., Sitejabber<\/em><\/p><\/blockquote>\n<blockquote><p>\"Conoc\u00ed a un par de buenos amigos de Sud\u00e1frica y Brasil aqu\u00ed. A veces hay bichos raros, pero el bot\u00f3n de bloqueo funciona\".<br \/>\n- <em>James L., Trustpilot<\/em><\/p><\/blockquote>\n<blockquote><p>\"Est\u00e1 bien que puedas hablar en privado con cualquiera, pero me gustar\u00eda que hubiera una opci\u00f3n de v\u00eddeo. Aun as\u00ed, para un simple chat, es genial\".<br \/>\n- <em>Priya M., Revisi\u00f3n de Google Play<\/em><\/p><\/blockquote>\n<h2>Chatib frente a otras plataformas de chat<\/h2>\n<p>Veamos c\u00f3mo se comporta el Chatib frente a la competencia:<\/p>\n<table>\n<thead>\n<tr>\n<th>Caracter\u00edstica<\/th>\n<th>Chatib<\/th>\n<th>Chatiw<\/th>\n<th>Omegle<\/th>\n<th>Camfrog<\/th>\n<th>ChatHub<\/th>\n<th>Thundr<\/th>\n<\/tr>\n<\/thead>\n<tbody>\n<tr>\n<td>Chat an\u00f3nimo<\/td>\n<td>\u2705 S\u00ed<\/td>\n<td>\u2705 S\u00ed<\/td>\n<td>\u2705 S\u00ed<\/td>\n<td>\u2705 Invitado<\/td>\n<td>\u2705 S\u00ed<\/td>\n<td>\u2705 S\u00ed<\/td>\n<\/tr>\n<tr>\n<td>No es necesario registrarse<\/td>\n<td>\u2705 S\u00ed<\/td>\n<td>\u2705 S\u00ed<\/td>\n<td>\u2705 S\u00ed<\/td>\n<td>\u2705 Opcional<\/td>\n<td>\u2705 S\u00ed<\/td>\n<td>\u2705 S\u00ed<\/td>\n<\/tr>\n<tr>\n<td>Chat de texto<\/td>\n<td>\u2705 S\u00ed<\/td>\n<td>\u2705 S\u00ed<\/td>\n<td>\u2705 S\u00ed<\/td>\n<td>\u2705 S\u00ed<\/td>\n<td>\u2705 S\u00ed<\/td>\n<td>\u2705 S\u00ed<\/td>\n<\/tr>\n<tr>\n<td>Videochat<\/td>\n<td>\u274c No<\/td>\n<td>\u274c No<\/td>\n<td>\u2705 S\u00ed<\/td>\n<td>\u2705 S\u00ed<\/td>\n<td>\u2705 S\u00ed<\/td>\n<td>\u2705 S\u00ed<\/td>\n<\/tr>\n<tr>\n<td>Salas de chat en grupo<\/td>\n<td>\u2705 S\u00ed<\/td>\n<td>\u2705 S\u00ed<\/td>\n<td>\u274c No<\/td>\n<td>\u2705 S\u00ed<\/td>\n<td>\u274c No<\/td>\n<td>\u274c No<\/td>\n<\/tr>\n<tr>\n<td>Mensajer\u00eda privada<\/td>\n<td>\u2705 S\u00ed<\/td>\n<td>\u2705 S\u00ed<\/td>\n<td>\u2705 S\u00ed<\/td>\n<td>\u2705 S\u00ed<\/td>\n<td>\u2705 S\u00ed<\/td>\n<td>\u2705 S\u00ed<\/td>\n<\/tr>\n<tr>\n<td>Optimizado para m\u00f3viles<\/td>\n<td>\u2705 S\u00ed<\/td>\n<td>\u2705 S\u00ed<\/td>\n<td>\u26a0\ufe0f Mixto<\/td>\n<td>\u2705 S\u00ed<\/td>\n<td>\u2705 S\u00ed<\/td>\n<td>\u2705 S\u00ed<\/td>\n<\/tr>\n<tr>\n<td>Opci\u00f3n Perfil<\/td>\n<td>\u2705 Opcional<\/td>\n<td>\u2705 Opcional<\/td>\n<td>\u274c No<\/td>\n<td>\u2705 S\u00ed<\/td>\n<td>\u2705 S\u00ed<\/td>\n<td>\u274c No<\/td>\n<\/tr>\n<tr>\n<td>Medios\/Emojis<\/td>\n<td>\u2705 S\u00ed<\/td>\n<td>\u2705 S\u00ed<\/td>\n<td>\u26a0\ufe0f B\u00e1sico<\/td>\n<td>\u2705 S\u00ed<\/td>\n<td>\u2705 S\u00ed<\/td>\n<td>\u26a0\ufe0f B\u00e1sico<\/td>\n<\/tr>\n<\/tbody>\n<\/table>\n<p>Resumen: Chatib destaca para los usuarios que buscan un chat de texto an\u00f3nimo, instant\u00e1neo y basado en temas, con un animado sistema de salas y una interfaz f\u00e1cil de usar desde el m\u00f3vil. Se trata menos de visuales o citas y m\u00e1s de pura conversaci\u00f3n.<\/p>\n<h2>\u00bfEs seguro el Chatib?<\/h2>\n<p>Chatib se esfuerza por ofrecer un espacio seguro y acogedor para los usuarios, pero como en cualquier sala de chat abierta, la precauci\u00f3n personal es imprescindible.<\/p>\n<h3>Caracter\u00edsticas de seguridad<\/h3>\n<ul>\n<li>No se requiere nombre real ni correo electr\u00f3nico para los invitados<\/li>\n<li>Funciones de bloqueo e informe para cada usuario<\/li>\n<li>Moderadores en salas grandes\/p\u00fablicas<\/li>\n<li>Normas estrictas sobre intercambio de informaci\u00f3n personal, contenido expl\u00edcito y acoso<\/li>\n<li>El uso compartido de contenidos multimedia est\u00e1 restringido para evitar abusos<\/li>\n<\/ul>\n<h3>Consejos para chatear con seguridad<\/h3>\n<ul>\n<li>Nunca compartas tu nombre real, direcci\u00f3n, tel\u00e9fono o datos privados<\/li>\n<li>Utiliza un apodo \u00fanico (que no sea el tuyo real)<\/li>\n<li>Pasa al chat privado s\u00f3lo si te sientes c\u00f3modo<\/li>\n<li>Bloquear\/denunciar a cualquier persona que se comporte de forma inapropiada<\/li>\n<li>No haga clic en enlaces sospechosos ni descargue archivos<\/li>\n<li>Cerrar la sesi\u00f3n y borrar el historial de chat si se utiliza un dispositivo compartido\/p\u00fablico<\/li>\n<\/ul>\n<h2>Consejos para aprovechar al m\u00e1ximo el Chatib<\/h2>\n<ul>\n<li>Pruebe las salas internacionales: Conoce a gente de diferentes culturas y practica nuevos idiomas<\/li>\n<li>Encuentra tu tema: Desde deportes a solteros, \u00fanete a una sala que se ajuste a tus intereses<\/li>\n<li>Sea amable: Un simple \"hola\" puede iniciar una buena conversaci\u00f3n.<\/li>\n<li>Mant\u00e9n la mente abierta: Espera una gran variedad de personalidades, desde coquetas a filos\u00f3ficas.<\/li>\n<li>Movilidad: el Chatib funciona perfectamente en tel\u00e9fonos y tabletas, para estar conectado dondequiera que est\u00e9.<\/li>\n<li>Utiliza herramientas de bloqueo\/denuncia: Protege tu experiencia de chat con un clic<\/li>\n<\/ul>\n<h2>Soluci\u00f3n de problemas comunes del Chatib<\/h2>\n<h3>No se puede conectar a una sala<\/h3>\n<p>Soluci\u00f3n: Actualiza la p\u00e1gina, comprueba tu conexi\u00f3n a Internet o prueba con otro navegador.<\/p>\n<h3>Demasiado spam o bots<\/h3>\n<p>Soluci\u00f3n: Lim\u00edtate a salas con moderaci\u00f3n activa y utiliza las funciones de bloqueo\/denuncia.<\/p>\n<h3>El chat privado no funciona<\/h3>\n<p>Soluci\u00f3n: Es posible que el otro usuario haya desactivado los chats privados; int\u00e9ntalo de nuevo o elige otro usuario.<\/p>\n<h3>No se pueden enviar im\u00e1genes<\/h3>\n<p>Aseg\u00farate de estar registrado y sigue las directrices para subir im\u00e1genes. Evita enviar im\u00e1genes privadas.<\/p>\n<h3>La aplicaci\u00f3n o el sitio son lentos<\/h3>\n<p>Cierra las pesta\u00f1as de fondo, comprueba tu conexi\u00f3n o intenta cambiar del m\u00f3vil al escritorio (o viceversa).<\/p>\n<h2>Reflexiones finales: \u00bfMerece la pena utilizar el Chatib?<\/h2>\n<p>Absolutamente - para cualquiera que valore la nostalgia de las salas de chat, la conversaci\u00f3n an\u00f3nima r\u00e1pida y la comunidad global real. Chatib es la mejor opci\u00f3n para el chat puro basado en texto. No hay presi\u00f3n para revelar tu identidad, no hay que esperar a que se aprueben los perfiles, y no hay necesidad de c\u00e1maras web o micr\u00f3fonos. Todo gira en torno a la conexi\u00f3n, la conversaci\u00f3n y el descubrimiento.<\/p>\n<p>Ya sea para matar el tiempo, hacer nuevos amigos, practicar un idioma o incluso encontrar pareja, Chatib ofrece un entorno de chat flexible, abierto y divertido, accesible en segundos, en cualquier dispositivo y siempre gratis.<\/p>\n<p>\u00bfListo para unirte a la conversaci\u00f3n?<br \/>\nVisita chatib.com ahora, elige una sala y empieza a chatear. La pr\u00f3xima persona que conozcas podr\u00eda ser tu nuevo amigo del otro lado del mundo.<\/p>","protected":false},"excerpt":{"rendered":"<p>As online communication keeps evolving, there\u2019s an undeniable appeal to platforms that strip away complexity and put real, spontaneous conversation at the center. Chatib is one of those platforms \u2014 a throwback to the golden era of online chatrooms, but updated for the modern web. If you want to meet new people, make friends, or [&hellip;]<\/p>\n","protected":false},"author":6,"featured_media":0,"parent":0,"menu_order":0,"comment_status":"closed","ping_status":"closed","template":"","meta":{"footnotes":""},"class_list":["post-8647","page","type-page","status-publish","hentry"],"yoast_head":"<!-- This site is optimized with the Yoast SEO plugin v27.6 - https:\/\/yoast.com\/product\/yoast-seo-wordpress\/ -->\n<title>Chatib - Chat Online With No Registration - TinyChat.com<\/title>\n<meta name=\"description\" content=\"Enjoying Chatib? Join over 50,000,000 strangers on TinyChat! Turn on your cam and start meeting new people, or find a match.\" \/>\n<meta name=\"robots\" content=\"index, follow, max-snippet:-1, max-image-preview:large, max-video-preview:-1\" \/>\n<link rel=\"canonical\" href=\"https:\/\/tinychat.com\/es\/chatib\/\" \/>\n<meta property=\"og:locale\" content=\"es_ES\" \/>\n<meta property=\"og:type\" content=\"article\" \/>\n<meta property=\"og:title\" content=\"Chatib - Chat Online With No Registration - TinyChat.com\" \/>\n<meta property=\"og:description\" content=\"Enjoying Chatib? Join over 50,000,000 strangers on TinyChat! Turn on your cam and start meeting new people, or find a match.\" \/>\n<meta property=\"og:url\" content=\"https:\/\/tinychat.com\/es\/chatib\/\" \/>\n<meta property=\"og:site_name\" content=\"TinyChat\" \/>\n<meta property=\"article:publisher\" content=\"https:\/\/www.facebook.com\/tinychat\" \/>\n<meta property=\"article:modified_time\" content=\"2025-07-07T16:18:24+00:00\" \/>\n<meta property=\"og:image\" content=\"https:\/\/tinychat.com\/wp-content\/uploads\/2020\/04\/Tinychat-logo-1280x284-new-black.png\" \/>\n\t<meta property=\"og:image:width\" content=\"1280\" \/>\n\t<meta property=\"og:image:height\" content=\"284\" \/>\n\t<meta property=\"og:image:type\" content=\"image\/png\" \/>\n<meta name=\"twitter:card\" content=\"summary_large_image\" \/>\n<meta name=\"twitter:site\" content=\"@tinychat\" \/>\n<meta name=\"twitter:label1\" content=\"Tiempo de lectura\" \/>\n\t<meta name=\"twitter:data1\" content=\"7 minutos\" \/>\n<script type=\"application\/ld+json\" class=\"yoast-schema-graph\">{\"@context\":\"https:\\\/\\\/schema.org\",\"@graph\":[{\"@type\":\"WebPage\",\"@id\":\"https:\\\/\\\/tinychat.com\\\/chatib\\\/\",\"url\":\"https:\\\/\\\/tinychat.com\\\/chatib\\\/\",\"name\":\"Chatib - Chat Online With No Registration - TinyChat.com\",\"isPartOf\":{\"@id\":\"https:\\\/\\\/tinychat.com\\\/#website\"},\"datePublished\":\"2025-05-26T07:38:47+00:00\",\"dateModified\":\"2025-07-07T16:18:24+00:00\",\"description\":\"Enjoying Chatib? Join over 50,000,000 strangers on TinyChat! Turn on your cam and start meeting new people, or find a match.\",\"breadcrumb\":{\"@id\":\"https:\\\/\\\/tinychat.com\\\/chatib\\\/#breadcrumb\"},\"inLanguage\":\"es\",\"potentialAction\":[{\"@type\":\"ReadAction\",\"target\":[\"https:\\\/\\\/tinychat.com\\\/chatib\\\/\"]}]},{\"@type\":\"BreadcrumbList\",\"@id\":\"https:\\\/\\\/tinychat.com\\\/chatib\\\/#breadcrumb\",\"itemListElement\":[{\"@type\":\"ListItem\",\"position\":1,\"name\":\"Home\",\"item\":\"https:\\\/\\\/tinychat.com\\\/\"},{\"@type\":\"ListItem\",\"position\":2,\"name\":\"Chatib\"}]},{\"@type\":\"WebSite\",\"@id\":\"https:\\\/\\\/tinychat.com\\\/#website\",\"url\":\"https:\\\/\\\/tinychat.com\\\/\",\"name\":\"TinyChat\",\"description\":\"Random Video Chat with Strangers\",\"publisher\":{\"@id\":\"https:\\\/\\\/tinychat.com\\\/#organization\"},\"alternateName\":\"TinyChat.com\",\"potentialAction\":[{\"@type\":\"SearchAction\",\"target\":{\"@type\":\"EntryPoint\",\"urlTemplate\":\"https:\\\/\\\/tinychat.com\\\/?s={search_term_string}\"},\"query-input\":{\"@type\":\"PropertyValueSpecification\",\"valueRequired\":true,\"valueName\":\"search_term_string\"}}],\"inLanguage\":\"es\"},{\"@type\":\"Organization\",\"@id\":\"https:\\\/\\\/tinychat.com\\\/#organization\",\"name\":\"TinyChat\",\"alternateName\":\"TinyChat.com\",\"url\":\"https:\\\/\\\/tinychat.com\\\/\",\"logo\":{\"@type\":\"ImageObject\",\"inLanguage\":\"es\",\"@id\":\"https:\\\/\\\/tinychat.com\\\/#\\\/schema\\\/logo\\\/image\\\/\",\"url\":\"https:\\\/\\\/tinychat.com\\\/wp-content\\\/uploads\\\/2023\\\/11\\\/Tinychat-icon-square.png\",\"contentUrl\":\"https:\\\/\\\/tinychat.com\\\/wp-content\\\/uploads\\\/2023\\\/11\\\/Tinychat-icon-square.png\",\"width\":284,\"height\":284,\"caption\":\"TinyChat\"},\"image\":{\"@id\":\"https:\\\/\\\/tinychat.com\\\/#\\\/schema\\\/logo\\\/image\\\/\"},\"sameAs\":[\"https:\\\/\\\/www.facebook.com\\\/tinychat\",\"https:\\\/\\\/x.com\\\/tinychat\"]}]}<\/script>\n<!-- \/ Yoast SEO plugin. -->","yoast_head_json":{"title":"Chatib - Chat en l\u00ednea sin registro - TinyChat.com","description":"\u00bfTe gusta Chatib? \u00a1\u00danete a m\u00e1s de 50.000.000 de desconocidos en TinyChat! Enciende tu c\u00e1mara y empieza a conocer gente nueva, o encuentra una pareja.","robots":{"index":"index","follow":"follow","max-snippet":"max-snippet:-1","max-image-preview":"max-image-preview:large","max-video-preview":"max-video-preview:-1"},"canonical":"https:\/\/tinychat.com\/es\/chatib\/","og_locale":"es_ES","og_type":"article","og_title":"Chatib - Chat Online With No Registration - TinyChat.com","og_description":"Enjoying Chatib? Join over 50,000,000 strangers on TinyChat! Turn on your cam and start meeting new people, or find a match.","og_url":"https:\/\/tinychat.com\/es\/chatib\/","og_site_name":"TinyChat","article_publisher":"https:\/\/www.facebook.com\/tinychat","article_modified_time":"2025-07-07T16:18:24+00:00","og_image":[{"width":1280,"height":284,"url":"https:\/\/tinychat.com\/wp-content\/uploads\/2020\/04\/Tinychat-logo-1280x284-new-black.png","type":"image\/png"}],"twitter_card":"summary_large_image","twitter_site":"@tinychat","twitter_misc":{"Tiempo de lectura":"7 minutos"},"schema":{"@context":"https:\/\/schema.org","@graph":[{"@type":"WebPage","@id":"https:\/\/tinychat.com\/chatib\/","url":"https:\/\/tinychat.com\/chatib\/","name":"Chatib - Chat en l\u00ednea sin registro - TinyChat.com","isPartOf":{"@id":"https:\/\/tinychat.com\/#website"},"datePublished":"2025-05-26T07:38:47+00:00","dateModified":"2025-07-07T16:18:24+00:00","description":"\u00bfTe gusta Chatib? \u00a1\u00danete a m\u00e1s de 50.000.000 de desconocidos en TinyChat! Enciende tu c\u00e1mara y empieza a conocer gente nueva, o encuentra una pareja.","breadcrumb":{"@id":"https:\/\/tinychat.com\/chatib\/#breadcrumb"},"inLanguage":"es","potentialAction":[{"@type":"ReadAction","target":["https:\/\/tinychat.com\/chatib\/"]}]},{"@type":"BreadcrumbList","@id":"https:\/\/tinychat.com\/chatib\/#breadcrumb","itemListElement":[{"@type":"ListItem","position":1,"name":"Home","item":"https:\/\/tinychat.com\/"},{"@type":"ListItem","position":2,"name":"Chatib"}]},{"@type":"WebSite","@id":"https:\/\/tinychat.com\/#website","url":"https:\/\/tinychat.com\/","name":"TinyChat","description":"Videochat aleatorio con desconocidos","publisher":{"@id":"https:\/\/tinychat.com\/#organization"},"alternateName":"TinyChat.com","potentialAction":[{"@type":"SearchAction","target":{"@type":"EntryPoint","urlTemplate":"https:\/\/tinychat.com\/?s={search_term_string}"},"query-input":{"@type":"PropertyValueSpecification","valueRequired":true,"valueName":"search_term_string"}}],"inLanguage":"es"},{"@type":"Organization","@id":"https:\/\/tinychat.com\/#organization","name":"TinyChat","alternateName":"TinyChat.com","url":"https:\/\/tinychat.com\/","logo":{"@type":"ImageObject","inLanguage":"es","@id":"https:\/\/tinychat.com\/#\/schema\/logo\/image\/","url":"https:\/\/tinychat.com\/wp-content\/uploads\/2023\/11\/Tinychat-icon-square.png","contentUrl":"https:\/\/tinychat.com\/wp-content\/uploads\/2023\/11\/Tinychat-icon-square.png","width":284,"height":284,"caption":"TinyChat"},"image":{"@id":"https:\/\/tinychat.com\/#\/schema\/logo\/image\/"},"sameAs":["https:\/\/www.facebook.com\/tinychat","https:\/\/x.com\/tinychat"]}]}},"_links":{"self":[{"href":"https:\/\/tinychat.com\/es\/wp-json\/wp\/v2\/pages\/8647","targetHints":{"allow":["GET"]}}],"collection":[{"href":"https:\/\/tinychat.com\/es\/wp-json\/wp\/v2\/pages"}],"about":[{"href":"https:\/\/tinychat.com\/es\/wp-json\/wp\/v2\/types\/page"}],"author":[{"embeddable":true,"href":"https:\/\/tinychat.com\/es\/wp-json\/wp\/v2\/users\/6"}],"replies":[{"embeddable":true,"href":"https:\/\/tinychat.com\/es\/wp-json\/wp\/v2\/comments?post=8647"}],"version-history":[{"count":3,"href":"https:\/\/tinychat.com\/es\/wp-json\/wp\/v2\/pages\/8647\/revisions"}],"predecessor-version":[{"id":13291,"href":"https:\/\/tinychat.com\/es\/wp-json\/wp\/v2\/pages\/8647\/revisions\/13291"}],"wp:attachment":[{"href":"https:\/\/tinychat.com\/es\/wp-json\/wp\/v2\/media?parent=8647"}],"curies":[{"name":"wp","href":"https:\/\/api.w.org\/{rel}","templated":true}]}}