{"id":8689,"date":"2025-10-21T11:18:47","date_gmt":"2025-10-21T09:18:47","guid":{"rendered":"https:\/\/tinychat.com\/?page_id=8689"},"modified":"2025-10-21T13:17:16","modified_gmt":"2025-10-21T11:17:16","slug":"chathour","status":"publish","type":"page","link":"https:\/\/tinychat.com\/es\/chathour\/","title":{"rendered":"ChatHour"},"content":{"rendered":"<p>En una era dominada por los algoritmos de las redes sociales y las aplicaciones de citas, ChatHour ofrece un refrescante retorno a las ra\u00edces de la comunicaci\u00f3n en l\u00ednea: los chats. Es una plataforma que celebra el arte de la conversaci\u00f3n, donde la gente se conoce no a trav\u00e9s de swipes o feeds curados, sino a trav\u00e9s de intereses compartidos y la interacci\u00f3n espont\u00e1nea.<\/p>\n<p>Con miles de usuarios activos en varias salas de chat tem\u00e1ticas, ChatHour es un h\u00edbrido entre la experiencia cl\u00e1sica de las salas de chat y las modernas redes de contactos en l\u00ednea. Tanto si quieres hacer amigos, explorar temas que te apasionan o simplemente pasar el rato chateando con gente nueva, ChatHour lo hace f\u00e1cil, r\u00e1pido y sorprendentemente atractivo.<\/p>\n<p>Esta rese\u00f1a explora qu\u00e9 es el ChatHour, c\u00f3mo funciona, sus caracter\u00edsticas m\u00e1s destacadas, la experiencia del usuario, comparaciones con la competencia, consejos de seguridad y por qu\u00e9 sigue atrayendo a un p\u00fablico mundial fiel.<\/p>\n<h2>\u00bfQu\u00e9 es ChatHour?<\/h2>\n<p>ChatHour es una plataforma de chat en l\u00ednea gratuita que conecta a los usuarios a trav\u00e9s de salas de chat p\u00fablicas y conversaciones privadas. No se basa en el emparejamiento aleatorio de v\u00eddeos, como Omegle o Chatroulette, sino que ofrece a los usuarios la posibilidad de elegir. Puedes unirte a salas de chat tem\u00e1ticas, participar en discusiones de grupo o iniciar chats privados con personas que compartan tus intereses.<\/p>\n<p>Lanzado a mediados de la d\u00e9cada de 2000, ChatHour ha mantenido una s\u00f3lida base de usuarios gracias a su sencillez, amplia gama de temas de chat y \u00e9nfasis en la comunicaci\u00f3n basada en texto. Para los que prefieren hablar sin la presi\u00f3n de la c\u00e1mara, sigue siendo una de las comunidades de chat de texto m\u00e1s activas en l\u00ednea.<\/p>\n<h2>Caracter\u00edsticas principales de ChatHour<\/h2>\n<p>ChatHour destaca por su equilibrio entre el encanto de la vieja escuela y la facilidad de uso moderna. Sus principales caracter\u00edsticas son la flexibilidad y la facilidad de comunicaci\u00f3n.<\/p>\n<h3>1. Salas de chat p\u00fablicas tem\u00e1ticas<\/h3>\n<ul>\n<li>\u00danete a miles de salas de chat basadas en intereses como la m\u00fasica, los viajes, los deportes, las relaciones o las \u00e1reas locales.<\/li>\n<li>Las salas de chat est\u00e1n activas 24 horas al d\u00eda, 7 d\u00edas a la semana, con usuarios de todo el mundo.<\/li>\n<li>Crea tu propia sala si no encuentras un tema que te guste.<\/li>\n<\/ul>\n<h3>2. Mensajer\u00eda privada<\/h3>\n<ul>\n<li>Inicia chats individuales con usuarios que conozcas en salas p\u00fablicas.<\/li>\n<li>Contin\u00faa las conversaciones en privado sin salir de la plataforma.<\/li>\n<\/ul>\n<h3>3. Perfiles de usuario<\/h3>\n<ul>\n<li>Crea un perfil sencillo con fotos y una breve biograf\u00eda.<\/li>\n<li>Ayuda a otros a conocer tus intereses e iniciar charlas significativas.<\/li>\n<\/ul>\n<h3>4. Compatibilidad con m\u00f3viles y ordenadores de sobremesa<\/h3>\n<ul>\n<li>Funciona sin problemas tanto en navegadores web como en dispositivos m\u00f3viles.<\/li>\n<li>No es necesario descargar una aplicaci\u00f3n, aunque los usuarios de m\u00f3viles pueden marcar el sitio para acceder r\u00e1pidamente.<\/li>\n<\/ul>\n<h3>5. B\u00fasqueda y filtros<\/h3>\n<ul>\n<li>Busca personas por nombre de usuario, sexo o ubicaci\u00f3n.<\/li>\n<li>Los filtros te ayudan a encontrar salas de chat o usuarios que coincidan con tus intereses.<\/li>\n<\/ul>\n<h3>6. Acceso libre<\/h3>\n<ul>\n<li>Las funciones b\u00e1sicas son totalmente gratuitas.<\/li>\n<li>Sin muros de pago ocultos ni trampas de suscripci\u00f3n premium.<\/li>\n<\/ul>\n<h3>7. Salas de chat personalizadas<\/h3>\n<ul>\n<li>Los usuarios registrados pueden crear sus propias salas de chat p\u00fablicas o privadas.<\/li>\n<li>Las herramientas de moderaci\u00f3n ayudan a gestionar qui\u00e9n puede entrar y participar.<\/li>\n<\/ul>\n<h2>C\u00f3mo utilizar ChatHour<\/h2>\n<p>ChatHour est\u00e1 dise\u00f1ado para ser sencillo y f\u00e1cil de usar para cualquier persona, incluso sin experiencia previa en salas de chat.<\/p>\n<h3>Paso 1: Visite el sitio web de ChatHour<\/h3>\n<p>Abre ChatHour en tu navegador de escritorio o m\u00f3vil.<\/p>\n<h3>Paso 2: Elija una sala o cree una<\/h3>\n<p>Navegue por las categor\u00edas disponibles y \u00fanase a una sala que le interese, o cree su propia sala de chat personalizada.<\/p>\n<h3>Paso 3: Crear un perfil (opcional)<\/h3>\n<p>Puedes chatear como invitado, pero crear una cuenta gratuita te permite subir una foto, guardar tus salas favoritas y enviar mensajes privados a los usuarios.<\/p>\n<h3>Paso 4: Empezar a chatear<\/h3>\n<p>Entra en cualquier sala y \u00fanete a la conversaci\u00f3n. La mayor\u00eda de las salas de chat tienen debates en curso, lo que facilita la participaci\u00f3n.<\/p>\n<h3>Paso 5: Conectarse en privado<\/h3>\n<p>Si encuentras a alguien interesante, puedes iniciar un chat privado para una interacci\u00f3n m\u00e1s personal.<\/p>\n<p>Todo el proceso dura menos de un minuto: sin descargas ni esperas, s\u00f3lo conversaci\u00f3n.<\/p>\n<h2>Experiencia de usuario en ChatHour<\/h2>\n<p>ChatHour ha conservado la sencillez que hizo populares a las primeras plataformas de chat como Yahoo! Chat o IRC, al tiempo que ha introducido suficientes funciones modernas para mantener su relevancia.<\/p>\n<h3>Lo que les gusta a los usuarios<\/h3>\n<ul>\n<li>Gran variedad de salas de chat por temas y regiones.<\/li>\n<li>Opci\u00f3n de chatear en p\u00fablico o en privado.<\/li>\n<li>Interfaz sencilla y sin complicaciones.<\/li>\n<li>Funciona en cualquier dispositivo.<\/li>\n<li>Base de usuarios activos 24\/7.<\/li>\n<\/ul>\n<h3>Donde los usuarios ven margen de mejora<\/h3>\n<ul>\n<li>Carece de funciones de videochat.<\/li>\n<li>Algunas salas de chat pueden estar inactivas a determinadas horas.<\/li>\n<li>La interfaz podr\u00eda parecer anticuada para los usuarios m\u00e1s j\u00f3venes.<\/li>\n<li>Usuarios ocasionales de spam en salas p\u00fablicas.<\/li>\n<\/ul>\n<p>En general, la experiencia del usuario es nost\u00e1lgica pero fiable: da prioridad a la conversaci\u00f3n sobre el dise\u00f1o llamativo, atrayendo a personas que valoran la sencillez y los intercambios significativos.<\/p>\n<h2>ChatHour frente a otras plataformas de chat<\/h2>\n<p>He aqu\u00ed la comparaci\u00f3n de ChatHour con otras plataformas sociales y de chat:<\/p>\n<table>\n<thead>\n<tr>\n<th>Caracter\u00edstica<\/th>\n<th>ChatHour<\/th>\n<th>Omegle<\/th>\n<th>Chatroulette<\/th>\n<th>ChatHub<\/th>\n<th>Wireclub<\/th>\n<th>Paltalk<\/th>\n<\/tr>\n<\/thead>\n<tbody>\n<tr>\n<td>Salas de chat p\u00fablicas<\/td>\n<td>\u2705 S\u00ed<\/td>\n<td>\u274c No<\/td>\n<td>\u274c No<\/td>\n<td>\u274c No<\/td>\n<td>\u2705 S\u00ed<\/td>\n<td>\u2705 S\u00ed<\/td>\n<\/tr>\n<tr>\n<td>Mensajer\u00eda privada<\/td>\n<td>\u2705 S\u00ed<\/td>\n<td>\u274c No<\/td>\n<td>\u274c No<\/td>\n<td>\u2705 S\u00ed<\/td>\n<td>\u2705 S\u00ed<\/td>\n<td>\u2705 S\u00ed<\/td>\n<\/tr>\n<tr>\n<td>Perfiles de usuario<\/td>\n<td>\u2705 S\u00ed<\/td>\n<td>\u274c No<\/td>\n<td>\u274c No<\/td>\n<td>\u2705 S\u00ed<\/td>\n<td>\u2705 S\u00ed<\/td>\n<td>\u2705 S\u00ed<\/td>\n<\/tr>\n<tr>\n<td>Videochat<\/td>\n<td>\u274c No<\/td>\n<td>\u2705 S\u00ed<\/td>\n<td>\u2705 S\u00ed<\/td>\n<td>\u2705 S\u00ed<\/td>\n<td>\u2705 S\u00ed<\/td>\n<td>\u2705 S\u00ed<\/td>\n<\/tr>\n<tr>\n<td>Chat de voz<\/td>\n<td>\u274c No<\/td>\n<td>\u274c No<\/td>\n<td>\u274c No<\/td>\n<td>\u274c No<\/td>\n<td>\u2705 Limitada<\/td>\n<td>\u2705 S\u00ed<\/td>\n<\/tr>\n<tr>\n<td>Anonimato<\/td>\n<td>\u2705 Moderado<\/td>\n<td>\u2705 Fuerte<\/td>\n<td>\u2705 Fuerte<\/td>\n<td>\u2705 Moderado<\/td>\n<td>\u2705 Moderado<\/td>\n<td>\u274c Limitada<\/td>\n<\/tr>\n<tr>\n<td>Compatible con m\u00f3viles<\/td>\n<td>\u2705 S\u00ed<\/td>\n<td>\u2705 S\u00ed<\/td>\n<td>\u2705 S\u00ed<\/td>\n<td>\u2705 S\u00ed<\/td>\n<td>\u2705 S\u00ed<\/td>\n<td>\u2705 S\u00ed<\/td>\n<\/tr>\n<\/tbody>\n<\/table>\n<p>Resumen: ChatHour est\u00e1 m\u00e1s orientado a la comunidad que aplicaciones de chat aleatorias como Omegle, y es m\u00e1s accesible que plataformas complejas como Paltalk. Es un punto dulce para los usuarios que prefieren el chat de texto estructurado a las conexiones de v\u00eddeo impredecibles.<\/p>\n<h2>\u00bfEs seguro el ChatHour?<\/h2>\n<p>ChatHour se toma muy en serio la seguridad de los usuarios, pero como en cualquier plataforma p\u00fablica de chat, es esencial un uso responsable.<\/p>\n<h3>Funciones de seguridad integradas<\/h3>\n<ul>\n<li>Moderaci\u00f3n b\u00e1sica en chats populares.<\/li>\n<li>Opciones de bloqueo y denuncia de usuarios inapropiados.<\/li>\n<li>Controles del chat privado.<\/li>\n<\/ul>\n<h3>Consejos de seguridad para los usuarios<\/h3>\n<ul>\n<li>Evite compartir informaci\u00f3n personal o financiera.<\/li>\n<li>Permanezca en salas de chat moderadas o bien pobladas.<\/li>\n<li>Tenga cuidado al hacer clic en enlaces externos.<\/li>\n<li>Los padres deben supervisar a los menores que utilicen el sitio.<\/li>\n<\/ul>\n<p>La estructura de s\u00f3lo texto del ChatHour limita naturalmente los riesgos asociados a los chats de v\u00eddeo, lo que lo convierte en una de las opciones m\u00e1s seguras para el chat ocasional cuando se utiliza con prudencia.<\/p>\n<h2>Consejos para sacar el m\u00e1ximo partido al ChatHour<\/h2>\n<ul>\n<li>Explore varias salas de chat: no se limite a una; hay salas para casi todos los temas imaginables.<\/li>\n<li>Compruebe las horas punta: las noches y los fines de semana suelen tener los usuarios m\u00e1s activos.<\/li>\n<li>Sea amable: los usuarios amables suelen atraer m\u00e1s respuestas.<\/li>\n<li>Personaliza tu perfil: una biograf\u00eda breve y aut\u00e9ntica ayuda a los dem\u00e1s a conectar contigo.<\/li>\n<li>Denuncia a los spammers: mantener las salas limpias ayuda a la comunidad a prosperar.<\/li>\n<li>Marque sus habitaciones favoritas para poder volver f\u00e1cilmente la pr\u00f3xima vez.<\/li>\n<\/ul>\n<p>Estos peque\u00f1os h\u00e1bitos hacen que la experiencia ChatHour sea m\u00e1s gratificante y agradable.<\/p>\n<h2>Problemas comunes y soluciones<\/h2>\n<h3>Problema: No puedo conectarme<\/h3>\n<ul>\n<li>Aseg\u00farese de que las cookies est\u00e1n activadas.<\/li>\n<li>Prueba a restablecer tu contrase\u00f1a o a borrar la cach\u00e9 del navegador.<\/li>\n<\/ul>\n<h3>Problema: los mensajes no se env\u00edan<\/h3>\n<ul>\n<li>Actualiza la sala de chat.<\/li>\n<li>Comprueba tu conexi\u00f3n a Internet.<\/li>\n<\/ul>\n<h3>Problema: demasiados usuarios inactivos<\/h3>\n<ul>\n<li>Explore otras salas o int\u00e9ntelo a horas m\u00e1s concurridas del d\u00eda.<\/li>\n<\/ul>\n<h3>Problema: usuarios inadecuados<\/h3>\n<ul>\n<li>Bloqu\u00e9elos y den\u00fancielos inmediatamente.<\/li>\n<li>Lim\u00edtate a salas moderadas para interactuar de forma m\u00e1s segura.<\/li>\n<\/ul>\n<h2>Por qu\u00e9 la gente elige ChatHour<\/h2>\n<p>La gente elige ChatHour por muchas razones:<\/p>\n<ul>\n<li>Libertad de elecci\u00f3n: participa en chats p\u00fablicos o privados en cualquier momento.<\/li>\n<li>Diversidad: miles de temas y usuarios de todo el mundo.<\/li>\n<li>Simplicidad: adhesi\u00f3n r\u00e1pida y facilidad de uso.<\/li>\n<li>Comunidad: forjar amistades que vayan m\u00e1s all\u00e1 de los encuentros puntuales.<\/li>\n<\/ul>\n<p>En un mundo digital dominado por las plataformas basadas en v\u00eddeo, el ChatHour demuestra que el chat de texto a\u00fan tiene poder, especialmente para quienes prefieren la conversaci\u00f3n sin c\u00e1maras.<\/p>\n<h2>Reflexiones finales: \u00bfMerece la pena utilizar el ChatHour?<\/h2>\n<p>Si echas de menos los d\u00edas de las salas de chat cl\u00e1sicas o simplemente te gusta conocer gente por intereses comunes, merece la pena probar ChatHour. No persigue tendencias ni reinventa la rueda, sino que perfecciona la f\u00f3rmula atemporal que hizo prosperar a las primeras comunidades de Internet.<\/p>\n<p>Aunque no ofrezca chat de v\u00eddeo aleatorio ni filtros llamativos, la fiabilidad, el enfoque comunitario y el alcance mundial del ChatHour lo convierten en una opci\u00f3n destacada para mantener conversaciones significativas en l\u00ednea.<\/p>\n<p>Tanto si quieres:<\/p>\n<ul>\n<li>Conoce a nuevos amigos,<\/li>\n<li>Hable de sus temas favoritos,<\/li>\n<li>O simplemente charlar toda la noche...<\/li>\n<\/ul>\n<p>ChatHour proporciona el espacio digital para hacerlo, libremente y sin esfuerzo.<\/p>\n<p>En resumen: ChatHour es una continuaci\u00f3n moderna de las cl\u00e1sicas salas de chat en l\u00ednea, que ofrece una forma segura, social y sencilla de conocer gente a trav\u00e9s del texto. Es ideal para usuarios que prefieren las conversaciones reales a los algoritmos y disfrutan de la sensaci\u00f3n de comunidad en l\u00ednea.<\/p>\n<p>\u00bfListo para empezar a chatear? Visita ChatHour, \u00fanete a una sala que te interese y mira ad\u00f3nde te lleva la conversaci\u00f3n.<\/p>","protected":false},"excerpt":{"rendered":"<p>In an age dominated by social media algorithms and dating apps, ChatHour offers a refreshing throwback to the roots of online communication \u2014 chatrooms. It\u2019s a platform that celebrates the art of conversation, where people meet not through swipes or curated feeds, but through shared interests and spontaneous interaction. With thousands of active users across [&hellip;]<\/p>\n","protected":false},"author":6,"featured_media":0,"parent":0,"menu_order":0,"comment_status":"closed","ping_status":"closed","template":"","meta":{"footnotes":""},"class_list":["post-8689","page","type-page","status-publish","hentry"],"yoast_head":"<!-- This site is optimized with the Yoast SEO plugin v27.4 - https:\/\/yoast.com\/product\/yoast-seo-wordpress\/ -->\n<title>ChatHour - Mobile Free Chat Rooms - TinyChat.com<\/title>\n<meta name=\"description\" content=\"Enjoying ChatHour? Join over 50,000,000 strangers on TinyChat! Turn on your cam and start meeting new people, or find a match.\" \/>\n<meta name=\"robots\" content=\"index, follow, max-snippet:-1, max-image-preview:large, max-video-preview:-1\" \/>\n<link rel=\"canonical\" href=\"https:\/\/tinychat.com\/es\/chathour\/\" \/>\n<meta property=\"og:locale\" content=\"es_ES\" \/>\n<meta property=\"og:type\" content=\"article\" \/>\n<meta property=\"og:title\" content=\"ChatHour - Mobile Free Chat Rooms - TinyChat.com\" \/>\n<meta property=\"og:description\" content=\"Enjoying ChatHour? Join over 50,000,000 strangers on TinyChat! Turn on your cam and start meeting new people, or find a match.\" \/>\n<meta property=\"og:url\" content=\"https:\/\/tinychat.com\/es\/chathour\/\" \/>\n<meta property=\"og:site_name\" content=\"TinyChat\" \/>\n<meta property=\"article:publisher\" content=\"https:\/\/www.facebook.com\/tinychat\" \/>\n<meta property=\"article:modified_time\" content=\"2025-10-21T11:17:16+00:00\" \/>\n<meta property=\"og:image\" content=\"https:\/\/tinychat.com\/wp-content\/uploads\/2020\/04\/Tinychat-logo-1280x284-new-black.png\" \/>\n\t<meta property=\"og:image:width\" content=\"1280\" \/>\n\t<meta property=\"og:image:height\" content=\"284\" \/>\n\t<meta property=\"og:image:type\" content=\"image\/png\" \/>\n<meta name=\"twitter:card\" content=\"summary_large_image\" \/>\n<meta name=\"twitter:site\" content=\"@tinychat\" \/>\n<meta name=\"twitter:label1\" content=\"Tiempo de lectura\" \/>\n\t<meta name=\"twitter:data1\" content=\"6 minutos\" \/>\n<script type=\"application\/ld+json\" class=\"yoast-schema-graph\">{\"@context\":\"https:\\\/\\\/schema.org\",\"@graph\":[{\"@type\":\"WebPage\",\"@id\":\"https:\\\/\\\/tinychat.com\\\/chathour\\\/\",\"url\":\"https:\\\/\\\/tinychat.com\\\/chathour\\\/\",\"name\":\"ChatHour - Mobile Free Chat Rooms - TinyChat.com\",\"isPartOf\":{\"@id\":\"https:\\\/\\\/tinychat.com\\\/#website\"},\"datePublished\":\"2025-10-21T09:18:47+00:00\",\"dateModified\":\"2025-10-21T11:17:16+00:00\",\"description\":\"Enjoying ChatHour? Join over 50,000,000 strangers on TinyChat! Turn on your cam and start meeting new people, or find a match.\",\"breadcrumb\":{\"@id\":\"https:\\\/\\\/tinychat.com\\\/chathour\\\/#breadcrumb\"},\"inLanguage\":\"es\",\"potentialAction\":[{\"@type\":\"ReadAction\",\"target\":[\"https:\\\/\\\/tinychat.com\\\/chathour\\\/\"]}]},{\"@type\":\"BreadcrumbList\",\"@id\":\"https:\\\/\\\/tinychat.com\\\/chathour\\\/#breadcrumb\",\"itemListElement\":[{\"@type\":\"ListItem\",\"position\":1,\"name\":\"Home\",\"item\":\"https:\\\/\\\/tinychat.com\\\/\"},{\"@type\":\"ListItem\",\"position\":2,\"name\":\"ChatHour\"}]},{\"@type\":\"WebSite\",\"@id\":\"https:\\\/\\\/tinychat.com\\\/#website\",\"url\":\"https:\\\/\\\/tinychat.com\\\/\",\"name\":\"TinyChat\",\"description\":\"Random Video Chat with Strangers\",\"publisher\":{\"@id\":\"https:\\\/\\\/tinychat.com\\\/#organization\"},\"alternateName\":\"TinyChat.com\",\"potentialAction\":[{\"@type\":\"SearchAction\",\"target\":{\"@type\":\"EntryPoint\",\"urlTemplate\":\"https:\\\/\\\/tinychat.com\\\/?s={search_term_string}\"},\"query-input\":{\"@type\":\"PropertyValueSpecification\",\"valueRequired\":true,\"valueName\":\"search_term_string\"}}],\"inLanguage\":\"es\"},{\"@type\":\"Organization\",\"@id\":\"https:\\\/\\\/tinychat.com\\\/#organization\",\"name\":\"TinyChat\",\"alternateName\":\"TinyChat.com\",\"url\":\"https:\\\/\\\/tinychat.com\\\/\",\"logo\":{\"@type\":\"ImageObject\",\"inLanguage\":\"es\",\"@id\":\"https:\\\/\\\/tinychat.com\\\/#\\\/schema\\\/logo\\\/image\\\/\",\"url\":\"https:\\\/\\\/tinychat.com\\\/wp-content\\\/uploads\\\/2023\\\/11\\\/Tinychat-icon-square.png\",\"contentUrl\":\"https:\\\/\\\/tinychat.com\\\/wp-content\\\/uploads\\\/2023\\\/11\\\/Tinychat-icon-square.png\",\"width\":284,\"height\":284,\"caption\":\"TinyChat\"},\"image\":{\"@id\":\"https:\\\/\\\/tinychat.com\\\/#\\\/schema\\\/logo\\\/image\\\/\"},\"sameAs\":[\"https:\\\/\\\/www.facebook.com\\\/tinychat\",\"https:\\\/\\\/x.com\\\/tinychat\"]}]}<\/script>\n<!-- \/ Yoast SEO plugin. -->","yoast_head_json":{"title":"ChatHour - Salas de chat m\u00f3viles gratuitas - TinyChat.com","description":"\u00bfTe gusta ChatHour? \u00a1\u00danete a m\u00e1s de 50.000.000 de desconocidos en TinyChat! Enciende tu c\u00e1mara y empieza a conocer gente nueva, o encuentra una pareja.","robots":{"index":"index","follow":"follow","max-snippet":"max-snippet:-1","max-image-preview":"max-image-preview:large","max-video-preview":"max-video-preview:-1"},"canonical":"https:\/\/tinychat.com\/es\/chathour\/","og_locale":"es_ES","og_type":"article","og_title":"ChatHour - Mobile Free Chat Rooms - TinyChat.com","og_description":"Enjoying ChatHour? Join over 50,000,000 strangers on TinyChat! Turn on your cam and start meeting new people, or find a match.","og_url":"https:\/\/tinychat.com\/es\/chathour\/","og_site_name":"TinyChat","article_publisher":"https:\/\/www.facebook.com\/tinychat","article_modified_time":"2025-10-21T11:17:16+00:00","og_image":[{"width":1280,"height":284,"url":"https:\/\/tinychat.com\/wp-content\/uploads\/2020\/04\/Tinychat-logo-1280x284-new-black.png","type":"image\/png"}],"twitter_card":"summary_large_image","twitter_site":"@tinychat","twitter_misc":{"Tiempo de lectura":"6 minutos"},"schema":{"@context":"https:\/\/schema.org","@graph":[{"@type":"WebPage","@id":"https:\/\/tinychat.com\/chathour\/","url":"https:\/\/tinychat.com\/chathour\/","name":"ChatHour - Salas de chat m\u00f3viles gratuitas - TinyChat.com","isPartOf":{"@id":"https:\/\/tinychat.com\/#website"},"datePublished":"2025-10-21T09:18:47+00:00","dateModified":"2025-10-21T11:17:16+00:00","description":"\u00bfTe gusta ChatHour? \u00a1\u00danete a m\u00e1s de 50.000.000 de desconocidos en TinyChat! Enciende tu c\u00e1mara y empieza a conocer gente nueva, o encuentra una pareja.","breadcrumb":{"@id":"https:\/\/tinychat.com\/chathour\/#breadcrumb"},"inLanguage":"es","potentialAction":[{"@type":"ReadAction","target":["https:\/\/tinychat.com\/chathour\/"]}]},{"@type":"BreadcrumbList","@id":"https:\/\/tinychat.com\/chathour\/#breadcrumb","itemListElement":[{"@type":"ListItem","position":1,"name":"Home","item":"https:\/\/tinychat.com\/"},{"@type":"ListItem","position":2,"name":"ChatHour"}]},{"@type":"WebSite","@id":"https:\/\/tinychat.com\/#website","url":"https:\/\/tinychat.com\/","name":"TinyChat","description":"Videochat aleatorio con desconocidos","publisher":{"@id":"https:\/\/tinychat.com\/#organization"},"alternateName":"TinyChat.com","potentialAction":[{"@type":"SearchAction","target":{"@type":"EntryPoint","urlTemplate":"https:\/\/tinychat.com\/?s={search_term_string}"},"query-input":{"@type":"PropertyValueSpecification","valueRequired":true,"valueName":"search_term_string"}}],"inLanguage":"es"},{"@type":"Organization","@id":"https:\/\/tinychat.com\/#organization","name":"TinyChat","alternateName":"TinyChat.com","url":"https:\/\/tinychat.com\/","logo":{"@type":"ImageObject","inLanguage":"es","@id":"https:\/\/tinychat.com\/#\/schema\/logo\/image\/","url":"https:\/\/tinychat.com\/wp-content\/uploads\/2023\/11\/Tinychat-icon-square.png","contentUrl":"https:\/\/tinychat.com\/wp-content\/uploads\/2023\/11\/Tinychat-icon-square.png","width":284,"height":284,"caption":"TinyChat"},"image":{"@id":"https:\/\/tinychat.com\/#\/schema\/logo\/image\/"},"sameAs":["https:\/\/www.facebook.com\/tinychat","https:\/\/x.com\/tinychat"]}]}},"_links":{"self":[{"href":"https:\/\/tinychat.com\/es\/wp-json\/wp\/v2\/pages\/8689","targetHints":{"allow":["GET"]}}],"collection":[{"href":"https:\/\/tinychat.com\/es\/wp-json\/wp\/v2\/pages"}],"about":[{"href":"https:\/\/tinychat.com\/es\/wp-json\/wp\/v2\/types\/page"}],"author":[{"embeddable":true,"href":"https:\/\/tinychat.com\/es\/wp-json\/wp\/v2\/users\/6"}],"replies":[{"embeddable":true,"href":"https:\/\/tinychat.com\/es\/wp-json\/wp\/v2\/comments?post=8689"}],"version-history":[{"count":3,"href":"https:\/\/tinychat.com\/es\/wp-json\/wp\/v2\/pages\/8689\/revisions"}],"predecessor-version":[{"id":13560,"href":"https:\/\/tinychat.com\/es\/wp-json\/wp\/v2\/pages\/8689\/revisions\/13560"}],"wp:attachment":[{"href":"https:\/\/tinychat.com\/es\/wp-json\/wp\/v2\/media?parent=8689"}],"curies":[{"name":"wp","href":"https:\/\/api.w.org\/{rel}","templated":true}]}}