{"id":881,"date":"2024-12-02T19:15:37","date_gmt":"2024-12-02T17:15:37","guid":{"rendered":"https:\/\/tinychat.com\/?page_id=881"},"modified":"2025-06-12T10:27:21","modified_gmt":"2025-06-12T08:27:21","slug":"ometv","status":"publish","type":"page","link":"https:\/\/tinychat.com\/es\/ometv\/","title":{"rendered":"OmeTV"},"content":{"rendered":"<p>OmeTV se ha convertido en la principal opci\u00f3n para los usuarios que desean mantener conversaciones en tiempo real con desconocidos, sin renunciar a la seguridad, la privacidad o la calidad. Aunque muchas plataformas, incluida la legendaria <a href=\"https:\/\/tinychat.com\/es\/omegle\/\">Omegle<\/a> y <a href=\"https:\/\/tinychat.com\/es\/chatroulette\/\">Chatroulette<\/a>que populariz\u00f3 la idea de los chats aleatorios, OmeTV ha tomado este concepto y le ha a\u00f1adido el pulido, la moderaci\u00f3n y la moderna compatibilidad m\u00f3vil que esperan los usuarios de hoy en d\u00eda.<\/p>\n<p>En OmeTV no se trata de trucos ni de juegos: se trata de conversaciones de v\u00eddeo significativas, uno a uno, que son tan f\u00e1ciles de empezar como de dejar. Tanto si quieres conocer gente nueva, practicar un idioma extranjero, hacer amigos en todo el mundo, o simplemente <a href=\"https:\/\/tinychat.com\/es\/chatroulette\/\">chat<\/a> con alguien nuevo, OmeTV ofrece una plataforma segura y f\u00e1cil de usar construida para la interacci\u00f3n global.<\/p>\n<p>Desde su interfaz sencilla hasta su entorno moderado, OmeTV ofrece una alternativa atractiva a las plataformas que han estado plagadas de trolls, bots o contenido expl\u00edcito. En este art\u00edculo, exploraremos las caracter\u00edsticas de OmeTV, sus protocolos de seguridad, su experiencia de usuario, comparaciones y consejos pr\u00e1cticos para sacar el m\u00e1ximo partido a tus chats.<\/p>\n<h2>\u00bfQu\u00e9 es OmeTV?<\/h2>\n<p>OmeTV es un servicio de v\u00eddeo basado en navegador y apto para m\u00f3viles <a href=\"https:\/\/tinychat.com\/es\/chatroulette\/\">chat<\/a> que conecta a usuarios de todo el mundo para mantener conversaciones an\u00f3nimas de v\u00eddeo cara a cara. Como <a href=\"https:\/\/tinychat.com\/es\/omegle\/\">Omegle<\/a> y <a href=\"https:\/\/tinychat.com\/es\/chatroulette\/\">Chatroulette<\/a>El concepto b\u00e1sico es sencillo: pulsa un bot\u00f3n, te emparejar\u00e1n con un <a href=\"https:\/\/tinychat.com\/es\/strangercam\/\">extra\u00f1o<\/a>y empieza a hablar.<\/p>\n<p>Pero donde realmente brilla OmeTV es en su compromiso con la seguridad, la moderaci\u00f3n y la accesibilidad internacional. La plataforma est\u00e1 disponible en m\u00e1s de 100 pa\u00edses, traducida a docenas de idiomas y moderada en tiempo real para garantizar un entorno m\u00e1s limpio y amigable. <a href=\"https:\/\/tinychat.com\/es\/chatroulette\/\">chat<\/a> medio ambiente.<\/p>\n<h2>Caracter\u00edsticas principales de OmeTV<\/h2>\n<p>La fuerza de OmeTV reside en su minimalismo, respaldado por un fuerte \u00e9nfasis en la seguridad y el rendimiento. Estas son las caracter\u00edsticas principales que lo convierten en una opci\u00f3n destacada en el <a href=\"https:\/\/tinychat.com\/es\/\">chat de v\u00eddeo aleatorio<\/a> espacio:<\/p>\n<h3>1. Coincidencia instant\u00e1nea de v\u00eddeos<\/h3>\n<p>Con OmeTV no necesitas registrarte ni crear un perfil para empezar. En cuanto entres en el sitio (o abras la aplicaci\u00f3n), podr\u00e1s empezar a chatear al instante. S\u00f3lo tienes que permitir el acceso a la c\u00e1mara y al micr\u00f3fono y pulsar el bot\u00f3n \"Empezar\".<\/p>\n<p>La plataforma te empareja con un <a href=\"https:\/\/tinychat.com\/es\/strangercam\/\">extra\u00f1o<\/a> en funci\u00f3n de su idioma y configuraci\u00f3n geogr\u00e1fica, lo que permite una experiencia fluida y global.<\/p>\n<h3>2. Traducci\u00f3n de textos<\/h3>\n<p>Una de las funciones m\u00e1s destacadas de OmeTV es la traducci\u00f3n autom\u00e1tica de mensajes. Si est\u00e1s chateando con alguien que escribe en otro idioma, OmeTV traduce autom\u00e1ticamente el mensaje a tu idioma preferido en tiempo real.<\/p>\n<p>Esta funci\u00f3n rompe las barreras ling\u00fc\u00edsticas y ayuda a fomentar la comunicaci\u00f3n entre usuarios que, de otro modo, tendr\u00edan dificultades para entenderse.<\/p>\n<h3>3. Filtro de g\u00e9nero (de pago)<\/h3>\n<p>Para los usuarios que deseen una experiencia m\u00e1s personalizada, OmeTV ofrece un filtro de g\u00e9nero a trav\u00e9s de su modelo de suscripci\u00f3n premium. Esto te permite elegir si quieres ser emparejado con hombres, mujeres o ambos.<\/p>\n<p>Esto es especialmente \u00fatil para quienes buscan conversaciones rom\u00e1nticas o se sienten m\u00e1s c\u00f3modos hablando con un sexo concreto.<\/p>\n<h3>4. Integraci\u00f3n de aplicaciones m\u00f3viles<\/h3>\n<p>OmeTV ha entrado de lleno en la era m\u00f3vil. Sus aplicaciones para iOS y Android est\u00e1n entre las mejor valoradas de la categor\u00eda y ofrecen v\u00eddeo fluido. <a href=\"https:\/\/tinychat.com\/es\/chatroulette\/\">chat<\/a>herramientas de moderaci\u00f3n y coherencia de la interfaz de usuario en todos los dispositivos.<\/p>\n<p>La versi\u00f3n m\u00f3vil incluye todas las funciones b\u00e1sicas del sitio de escritorio, lo que garantiza que pueda conectarse sobre la marcha con la misma calidad y seguridad.<\/p>\n<h3>5. Sin bots ni anuncios durante los chats<\/h3>\n<p>A diferencia de muchos <a href=\"https:\/\/tinychat.com\/es\/chatroulette\/\">chat<\/a> plataformas que bombardean a los usuarios con anuncios o permiten que bots simulen conversaciones, OmeTV se enorgullece de ofrecer servicios sin bots ni anuncios. <a href=\"https:\/\/tinychat.com\/es\/chatroulette\/\">chat<\/a> sesiones.<\/p>\n<p>La ausencia de anuncios durante los chats mejora la concentraci\u00f3n, minimiza las distracciones y crea una experiencia m\u00e1s aut\u00e9ntica.<\/p>\n<h3>6. Moderaci\u00f3n en tiempo real<\/h3>\n<p>OmeTV cuenta con un equipo de moderadores activos respaldados por sistemas de se\u00f1alizaci\u00f3n basados en IA que supervisan el comportamiento y el contenido de las pantallas en tiempo real. El comportamiento inapropiado puede resultar en prohibiciones instant\u00e1neas, ayudando a mantener un espacio respetuoso y acogedor.<\/p>\n<p>Esto diferencia a OmeTV de otras plataformas en las que la moderaci\u00f3n es demasiado indulgente o inexistente.<\/p>\n<h3>7. Uso an\u00f3nimo<\/h3>\n<p>A pesar de sus modernas caracter\u00edsticas, OmeTV conserva el elemento central del anonimato. No es necesario registrarse. Puede empezar a chatear sin facilitar ning\u00fan dato personal. Tienes el control absoluto de lo que revelas y a qui\u00e9n.<\/p>\n<h2>C\u00f3mo utilizar OmeTV<\/h2>\n<p>Uno de los mayores atractivos de OmeTV es lo f\u00e1cil que es empezar. Aqu\u00ed tienes una gu\u00eda sencilla para navegar por la plataforma:<\/p>\n<h3>Paso 1: Visite OmeTV<\/h3>\n<p>Vaya a OmeTV en su navegador o descargue la aplicaci\u00f3n OmeTV desde Apple App Store o Google Play Store.<\/p>\n<h3>Paso 2: Permitir el acceso a la c\u00e1mara y al micr\u00f3fono<\/h3>\n<p>La plataforma solicitar\u00e1 acceso a tu webcam y micr\u00f3fono. Conceder acceso para habilitar el v\u00eddeo <a href=\"https:\/\/tinychat.com\/es\/chatroulette\/\">chat<\/a>. Siempre puedes desactivar la c\u00e1mara si prefieres interactuar s\u00f3lo con texto.<\/p>\n<h3>Paso 3: Seleccione sus preferencias<\/h3>\n<p>En la p\u00e1gina de inicio o en la interfaz de la aplicaci\u00f3n, selecciona tu idioma y pa\u00eds para mejorar la calidad de tus partidos. Los usuarios Premium tambi\u00e9n pueden establecer aqu\u00ed filtros de g\u00e9nero.<\/p>\n<h3>Paso 4: Haga clic en \"Iniciar\".<\/h3>\n<p>Haz clic en el bot\u00f3n de inicio para comenzar tu viaje. Te emparejar\u00e1s con otro usuario en cuesti\u00f3n de segundos. Si no te interesa la persona con la que te emparejan, simplemente haz clic en \"Siguiente\" para seguir adelante.<\/p>\n<h3>Paso 5: Utilizar el cuadro de texto<\/h3>\n<p>Si hablar no es una opci\u00f3n, puede utilizar el texto incorporado <a href=\"https:\/\/tinychat.com\/es\/chatroulette\/\">chat<\/a> box para comunicarse. Las traducciones autom\u00e1ticas facilitan la comunicaci\u00f3n con personas de distintos pa\u00edses.<\/p>\n<h3>Paso 6: Denunciar o bloquear si es necesario<\/h3>\n<p>OmeTV proporciona botones para denunciar, bloquear o silenciar usuarios. Utilice estas herramientas para ayudar a mantener un entorno seguro y se\u00f1alar comportamientos inadecuados.<\/p>\n<h2>Seguridad y privacidad en OmeTV<\/h2>\n<p>Con tantos <a href=\"https:\/\/tinychat.com\/es\/chatroulette\/\">chat<\/a> OmeTV se distingue por tomarse en serio la seguridad de los usuarios.<\/p>\n<h3>1. IA + Moderaci\u00f3n humana<\/h3>\n<p>OmeTV combina sistemas de monitorizaci\u00f3n de IA con un equipo de moderadores humanos para detectar comportamientos inapropiados y hacer cumplir las directrices de su comunidad. Este modelo h\u00edbrido ayuda a la plataforma a reaccionar r\u00e1pidamente ante las infracciones.<\/p>\n<h3>2. Filtros contra la desnudez y el abuso<\/h3>\n<p>La IA de OmeTV est\u00e1 entrenada para detectar contenidos expl\u00edcitos, como desnudos o gestos ofensivos. Este tipo de contenido da lugar a bloqueos inmediatos, a menudo sin necesidad de que el usuario lo denuncie.<\/p>\n<h3>3. No se recogen datos personales<\/h3>\n<p>La plataforma no requiere nombres de usuario, correos electr\u00f3nicos ni contrase\u00f1as, lo que la convierte en una de las m\u00e1s privadas. <a href=\"https:\/\/tinychat.com\/es\/chatroulette\/\">chat<\/a> entornos disponibles. Puede permanecer en el anonimato en todo momento.<\/p>\n<h3>4. Conexiones seguras<\/h3>\n<p>Todos los chats est\u00e1n asegurados con encriptaci\u00f3n HTTPS, protegiendo tus datos mientras se transmiten. Esto evita que terceros escuchen tus conversaciones.<\/p>\n<h3>5. 5. Directrices comunitarias<\/h3>\n<p>Los usuarios deben aceptar las estrictas condiciones de uso de OmeTV, que proh\u00edben la incitaci\u00f3n al odio, la desnudez, el acoso y el comportamiento abusivo. La violaci\u00f3n de estas normas puede dar lugar a prohibiciones permanentes.<\/p>\n<h2>Experiencia de usuario en OmeTV<\/h2>\n<p>La experiencia de usuario del OmeTV es uno de sus puntos fuertes. Esto es lo que la hace tan atractiva:<\/p>\n<h3>Interfaz limpia<\/h3>\n<p>El dise\u00f1o es moderno, r\u00e1pido y sin distracciones. No hay desorden ni funciones innecesarias. La interfaz funciona a la perfecci\u00f3n tanto en ordenadores como en m\u00f3viles.<\/p>\n<h3>Matchmaking r\u00e1pido<\/h3>\n<p>Los usuarios se emparejan en cuesti\u00f3n de segundos, y la calidad de v\u00eddeo suele ser fluida y estable, siempre que se disponga de una conexi\u00f3n a Internet decente.<\/p>\n<h3>Usuarios de alta calidad<\/h3>\n<p>Gracias a una mejor moderaci\u00f3n y un menor n\u00famero de bots, OmeTV tiende a atraer a usuarios m\u00e1s serios y realmente interesados en las conversaciones.<\/p>\n<h3>Accesibilidad m\u00f3vil<\/h3>\n<p>Con aplicaciones dedicadas, OmeTV ofrece una experiencia m\u00f3vil excepcional, permitiendo a los usuarios <a href=\"https:\/\/tinychat.com\/es\/chatroulette\/\">chat<\/a> c\u00f3modamente desde cualquier lugar.<\/p>\n<h2>Opiniones reales de usuarios<\/h2>\n<blockquote><p>\"He utilizado <a href=\"https:\/\/tinychat.com\/es\/omegle\/\">Omegle<\/a> y <a href=\"https:\/\/tinychat.com\/es\/chatroulette\/\">Chatroulette<\/a>pero el OmeTV parece m\u00e1s seguro y leg\u00edtimo. Tambi\u00e9n es m\u00e1s limpio y parece moderno\".<br \/>\n- <em>Sasha R., Rese\u00f1a de App Store<\/em><\/p><\/blockquote>\n<blockquote><p>\"La herramienta de traducci\u00f3n cambia las reglas del juego. He hablado con gente de Corea del Sur, Brasil y Turqu\u00eda y les he entendido\".<br \/>\n- <em>Diego M., Google Play<\/em><\/p><\/blockquote>\n<blockquote><p>\"La mejor aplicaci\u00f3n para v\u00eddeo <a href=\"https:\/\/tinychat.com\/es\/chatroulette\/\">chat<\/a> si s\u00f3lo quieres conocer gente sin tanta basura. Se siente realmente supervisado\".<br \/>\n- <em>Keisha L., Reddit<\/em><\/p><\/blockquote>\n<h2>OmeTV frente a otras plataformas de chat<\/h2>\n<p>Comparaci\u00f3n de OmeTV con la competencia en el v\u00eddeo <a href=\"https:\/\/tinychat.com\/es\/chatroulette\/\">chat<\/a> \u00bfespacio?<\/p>\n<table>\n<thead>\n<tr>\n<th>Caracter\u00edstica<\/th>\n<th>OmeTV<\/th>\n<th><a href=\"https:\/\/tinychat.com\/es\/omegle\/\">Omegle<\/a><\/th>\n<th><a href=\"https:\/\/tinychat.com\/es\/chatroulette\/\">Chatroulette<\/a><\/th>\n<th>Bazoocam<\/th>\n<th><a href=\"https:\/\/tinychat.com\/es\/strangercam\/\">StrangerCam<\/a><\/th>\n<\/tr>\n<\/thead>\n<tbody>\n<tr>\n<td>V\u00eddeo <a href=\"https:\/\/tinychat.com\/es\/chatroulette\/\">Chat<\/a><\/td>\n<td>\u2705 S\u00ed<\/td>\n<td>\u2705 S\u00ed<\/td>\n<td>\u2705 S\u00ed<\/td>\n<td>\u2705 S\u00ed<\/td>\n<td>\u2705 S\u00ed<\/td>\n<\/tr>\n<tr>\n<td>Texto <a href=\"https:\/\/tinychat.com\/es\/chatroulette\/\">Chat<\/a><\/td>\n<td>\u2705 S\u00ed<\/td>\n<td>\u2705 S\u00ed<\/td>\n<td>\u2705 S\u00ed<\/td>\n<td>\u2705 S\u00ed<\/td>\n<td>\u2705 S\u00ed<\/td>\n<\/tr>\n<tr>\n<td>Inscripci\u00f3n<\/td>\n<td>\u274c No<\/td>\n<td>\u274c No<\/td>\n<td>\u274c No<\/td>\n<td>\u274c No<\/td>\n<td>\u274c No<\/td>\n<\/tr>\n<tr>\n<td>Aplicaci\u00f3n m\u00f3vil<\/td>\n<td>\u2705 Nativo<\/td>\n<td>\u26a0\ufe0f Ninguno<\/td>\n<td>\u2705 S\u00ed<\/td>\n<td>\u2705 S\u00ed<\/td>\n<td>\u2705 S\u00ed<\/td>\n<\/tr>\n<tr>\n<td>Filtro de g\u00e9nero<\/td>\n<td>\u2705 Premium<\/td>\n<td>\u274c No<\/td>\n<td>\u274c No<\/td>\n<td>\u2705 Premium<\/td>\n<td>\u2705 Premium<\/td>\n<\/tr>\n<tr>\n<td>Sistema de moderaci\u00f3n<\/td>\n<td>\u2705 Fuerte<\/td>\n<td>\u26a0\ufe0f D\u00e9bil<\/td>\n<td>\u2705 Mejorado<\/td>\n<td>\u2705 Moderado<\/td>\n<td>\u2705 Bueno<\/td>\n<\/tr>\n<tr>\n<td>Herramienta de traducci\u00f3n<\/td>\n<td>\u2705 S\u00ed<\/td>\n<td>\u274c No<\/td>\n<td>\u274c No<\/td>\n<td>\u274c No<\/td>\n<td>\u274c No<\/td>\n<\/tr>\n<tr>\n<td>Sin anuncios <a href=\"https:\/\/tinychat.com\/es\/chatroulette\/\">Chat<\/a><\/td>\n<td>\u2705 S\u00ed<\/td>\n<td>\u274c No<\/td>\n<td>\u26a0\ufe0f Algunos anuncios<\/td>\n<td>\u26a0\ufe0f Algunos anuncios<\/td>\n<td>\u2705 S\u00ed<\/td>\n<\/tr>\n<\/tbody>\n<\/table>\n<p>OmeTV tiene una puntuaci\u00f3n alta en seguridad, funciones de traducci\u00f3n, optimizaci\u00f3n para m\u00f3viles y moderaci\u00f3n. Es ideal para los usuarios que buscan una plataforma limpia y seria en lugar de un \"todo vale\". <a href=\"https:\/\/tinychat.com\/es\/chatroulette\/\">chat<\/a> sitio.<\/p>\n<h2>Consejos para utilizar OmeTV con seguridad y eficacia<\/h2>\n<ul>\n<li>Utiliza el cuadro de texto si eres t\u00edmido: No siempre tiene que hablar: utilice el cuadro de texto. <a href=\"https:\/\/tinychat.com\/es\/chatroulette\/\">chat<\/a> para romper el hielo.<\/li>\n<li>Utiliza traducciones: No dejes que las barreras ling\u00fc\u00edsticas te impidan chatear a nivel mundial. Utiliza la funci\u00f3n de traducci\u00f3n integrada.<\/li>\n<li>Evita compartir informaci\u00f3n personal: Como con todos los chats an\u00f3nimos, nunca compartas tu nombre real, correo electr\u00f3nico o cuentas sociales.<\/li>\n<li>Informar de conductas inapropiadas: Ayuda a mantener limpia la comunidad denunciando cualquier abuso o contenido inapropiado.<\/li>\n<li>Utilice una buena iluminaci\u00f3n: Un espacio bien iluminado ayuda a crear una mejor calidad de v\u00eddeo y mejora la confianza de los usuarios.<\/li>\n<li>Mant\u00e9n la calma y s\u00e9 amable: Las conversaciones son m\u00e1s fluidas cuando eres amable y paciente, incluso con desconocidos.<\/li>\n<\/ul>\n<h2>Soluci\u00f3n de problemas comunes del OmeTV<\/h2>\n<p>He aqu\u00ed las soluciones a los problemas m\u00e1s frecuentes de los usuarios:<\/p>\n<h3>La c\u00e1mara o el micr\u00f3fono no funcionan<\/h3>\n<p>Aseg\u00farate de que tu navegador o aplicaci\u00f3n m\u00f3vil tiene permiso. Reinicia el navegador o comprueba la configuraci\u00f3n del sistema operativo.<\/p>\n<h3>Prohibido sin previo aviso<\/h3>\n<p>La moderaci\u00f3n de OmeTV puede ser estricta. Apela a trav\u00e9s de su p\u00e1gina web o espera a que expire el bloqueo. Considera la posibilidad de utilizar otra red o VPN.<\/p>\n<h3>Partidos repetidos<\/h3>\n<p>Ampl\u00ede la configuraci\u00f3n de su pa\u00eds o idioma. Los filtros m\u00e1s espec\u00edficos producen menos resultados.<\/p>\n<h3>La aplicaci\u00f3n se bloquea<\/h3>\n<p>Aseg\u00farate de que la aplicaci\u00f3n est\u00e1 actualizada. Reinst\u00e1lala si es necesario. Borra la cach\u00e9 de la aplicaci\u00f3n en Android.<\/p>\n<p>Absolutamente. OmeTV destaca en el azar <a href=\"https:\/\/tinychat.com\/es\/chatroulette\/\">chat<\/a> por todas las razones correctas: seguridad, rendimiento, accesibilidad multiling\u00fce y comodidad m\u00f3vil. Est\u00e1 pensado para gente que quiere conversaciones reales, no tonter\u00edas.<\/p>\n<p>Aunque carece de caracter\u00edsticas llamativas como juegos o foros tem\u00e1ticos, cumple donde m\u00e1s importa: chats de v\u00eddeo limpios, instant\u00e1neos y globales con un sistema de moderaci\u00f3n fiable.<\/p>\n<p>Tanto si quieres hacer nuevos amigos, explorar culturas o simplemente disfrutar de un viaje espont\u00e1neo... <a href=\"https:\/\/tinychat.com\/es\/chatroulette\/\">chat<\/a>OmeTV ofrece una experiencia inteligente, segura y atractiva, especialmente en comparaci\u00f3n con la naturaleza salvaje de las plataformas anteriores.<\/p>\n<p>As\u00ed que, si est\u00e1s listo para conocer a alguien nuevo, dale una oportunidad a OmeTV. Nunca se sabe a qui\u00e9n puedes conocer.<\/p>","protected":false},"excerpt":{"rendered":"<p>OmeTV has emerged as a leading choice for users who want real-time conversations with strangers\u2014without sacrificing safety, privacy, or quality. While many platforms, including the legendary Omegle and Chatroulette, popularized the idea of random chats, OmeTV has taken this concept and added the polish, moderation, and modern mobile support today\u2019s users expect. OmeTV isn\u2019t about [&hellip;]<\/p>\n","protected":false},"author":6,"featured_media":0,"parent":0,"menu_order":0,"comment_status":"closed","ping_status":"closed","template":"","meta":{"footnotes":""},"class_list":["post-881","page","type-page","status-publish","hentry"],"yoast_head":"<!-- This site is optimized with the Yoast SEO plugin v27.5 - https:\/\/yoast.com\/product\/yoast-seo-wordpress\/ -->\n<title>OmeTV - Omegle Random Chat Alternative on TinyChat.com<\/title>\n<meta name=\"description\" content=\"Enjoying OmeTV? Join over 50,000,000 strangers on TinyChat! Turn on your cam and start meeting new people, or find a match.\" \/>\n<meta name=\"robots\" content=\"index, follow, max-snippet:-1, max-image-preview:large, max-video-preview:-1\" \/>\n<link rel=\"canonical\" href=\"https:\/\/tinychat.com\/es\/ometv\/\" \/>\n<meta property=\"og:locale\" content=\"es_ES\" \/>\n<meta property=\"og:type\" content=\"article\" \/>\n<meta property=\"og:title\" content=\"OmeTV - Omegle Random Chat Alternative on TinyChat.com\" \/>\n<meta property=\"og:description\" content=\"Enjoying OmeTV? Join over 50,000,000 strangers on TinyChat! Turn on your cam and start meeting new people, or find a match.\" \/>\n<meta property=\"og:url\" content=\"https:\/\/tinychat.com\/es\/ometv\/\" \/>\n<meta property=\"og:site_name\" content=\"TinyChat\" \/>\n<meta property=\"article:publisher\" content=\"https:\/\/www.facebook.com\/tinychat\" \/>\n<meta property=\"article:modified_time\" content=\"2025-06-12T08:27:21+00:00\" \/>\n<meta property=\"og:image\" content=\"https:\/\/tinychat.com\/wp-content\/uploads\/2020\/04\/Tinychat-logo-1280x284-new-black.png\" \/>\n\t<meta property=\"og:image:width\" content=\"1280\" \/>\n\t<meta property=\"og:image:height\" content=\"284\" \/>\n\t<meta property=\"og:image:type\" content=\"image\/png\" \/>\n<meta name=\"twitter:card\" content=\"summary_large_image\" \/>\n<meta name=\"twitter:site\" content=\"@tinychat\" \/>\n<meta name=\"twitter:label1\" content=\"Tiempo de lectura\" \/>\n\t<meta name=\"twitter:data1\" content=\"8 minutos\" \/>\n<script type=\"application\/ld+json\" class=\"yoast-schema-graph\">{\"@context\":\"https:\\\/\\\/schema.org\",\"@graph\":[{\"@type\":\"WebPage\",\"@id\":\"https:\\\/\\\/tinychat.com\\\/ometv\\\/\",\"url\":\"https:\\\/\\\/tinychat.com\\\/ometv\\\/\",\"name\":\"OmeTV - Omegle Random Chat Alternative on TinyChat.com\",\"isPartOf\":{\"@id\":\"https:\\\/\\\/tinychat.com\\\/#website\"},\"datePublished\":\"2024-12-02T17:15:37+00:00\",\"dateModified\":\"2025-06-12T08:27:21+00:00\",\"description\":\"Enjoying OmeTV? Join over 50,000,000 strangers on TinyChat! Turn on your cam and start meeting new people, or find a match.\",\"breadcrumb\":{\"@id\":\"https:\\\/\\\/tinychat.com\\\/ometv\\\/#breadcrumb\"},\"inLanguage\":\"es\",\"potentialAction\":[{\"@type\":\"ReadAction\",\"target\":[\"https:\\\/\\\/tinychat.com\\\/ometv\\\/\"]}]},{\"@type\":\"BreadcrumbList\",\"@id\":\"https:\\\/\\\/tinychat.com\\\/ometv\\\/#breadcrumb\",\"itemListElement\":[{\"@type\":\"ListItem\",\"position\":1,\"name\":\"Home\",\"item\":\"https:\\\/\\\/tinychat.com\\\/\"},{\"@type\":\"ListItem\",\"position\":2,\"name\":\"OmeTV\"}]},{\"@type\":\"WebSite\",\"@id\":\"https:\\\/\\\/tinychat.com\\\/#website\",\"url\":\"https:\\\/\\\/tinychat.com\\\/\",\"name\":\"TinyChat\",\"description\":\"Random Video Chat with Strangers\",\"publisher\":{\"@id\":\"https:\\\/\\\/tinychat.com\\\/#organization\"},\"alternateName\":\"TinyChat.com\",\"potentialAction\":[{\"@type\":\"SearchAction\",\"target\":{\"@type\":\"EntryPoint\",\"urlTemplate\":\"https:\\\/\\\/tinychat.com\\\/?s={search_term_string}\"},\"query-input\":{\"@type\":\"PropertyValueSpecification\",\"valueRequired\":true,\"valueName\":\"search_term_string\"}}],\"inLanguage\":\"es\"},{\"@type\":\"Organization\",\"@id\":\"https:\\\/\\\/tinychat.com\\\/#organization\",\"name\":\"TinyChat\",\"alternateName\":\"TinyChat.com\",\"url\":\"https:\\\/\\\/tinychat.com\\\/\",\"logo\":{\"@type\":\"ImageObject\",\"inLanguage\":\"es\",\"@id\":\"https:\\\/\\\/tinychat.com\\\/#\\\/schema\\\/logo\\\/image\\\/\",\"url\":\"https:\\\/\\\/tinychat.com\\\/wp-content\\\/uploads\\\/2023\\\/11\\\/Tinychat-icon-square.png\",\"contentUrl\":\"https:\\\/\\\/tinychat.com\\\/wp-content\\\/uploads\\\/2023\\\/11\\\/Tinychat-icon-square.png\",\"width\":284,\"height\":284,\"caption\":\"TinyChat\"},\"image\":{\"@id\":\"https:\\\/\\\/tinychat.com\\\/#\\\/schema\\\/logo\\\/image\\\/\"},\"sameAs\":[\"https:\\\/\\\/www.facebook.com\\\/tinychat\",\"https:\\\/\\\/x.com\\\/tinychat\"]}]}<\/script>\n<!-- \/ Yoast SEO plugin. -->","yoast_head_json":{"title":"OmeTV - Omegle Random Chat Alternative en TinyChat.com","description":"\u00bfDisfrutas de OmeTV? \u00a1\u00danete a m\u00e1s de 50.000.000 de desconocidos en TinyChat! Enciende tu c\u00e1mara y empieza a conocer gente nueva, o encuentra una pareja.","robots":{"index":"index","follow":"follow","max-snippet":"max-snippet:-1","max-image-preview":"max-image-preview:large","max-video-preview":"max-video-preview:-1"},"canonical":"https:\/\/tinychat.com\/es\/ometv\/","og_locale":"es_ES","og_type":"article","og_title":"OmeTV - Omegle Random Chat Alternative on TinyChat.com","og_description":"Enjoying OmeTV? Join over 50,000,000 strangers on TinyChat! Turn on your cam and start meeting new people, or find a match.","og_url":"https:\/\/tinychat.com\/es\/ometv\/","og_site_name":"TinyChat","article_publisher":"https:\/\/www.facebook.com\/tinychat","article_modified_time":"2025-06-12T08:27:21+00:00","og_image":[{"width":1280,"height":284,"url":"https:\/\/tinychat.com\/wp-content\/uploads\/2020\/04\/Tinychat-logo-1280x284-new-black.png","type":"image\/png"}],"twitter_card":"summary_large_image","twitter_site":"@tinychat","twitter_misc":{"Tiempo de lectura":"8 minutos"},"schema":{"@context":"https:\/\/schema.org","@graph":[{"@type":"WebPage","@id":"https:\/\/tinychat.com\/ometv\/","url":"https:\/\/tinychat.com\/ometv\/","name":"OmeTV - Omegle Random Chat Alternative en TinyChat.com","isPartOf":{"@id":"https:\/\/tinychat.com\/#website"},"datePublished":"2024-12-02T17:15:37+00:00","dateModified":"2025-06-12T08:27:21+00:00","description":"\u00bfDisfrutas de OmeTV? \u00a1\u00danete a m\u00e1s de 50.000.000 de desconocidos en TinyChat! Enciende tu c\u00e1mara y empieza a conocer gente nueva, o encuentra una pareja.","breadcrumb":{"@id":"https:\/\/tinychat.com\/ometv\/#breadcrumb"},"inLanguage":"es","potentialAction":[{"@type":"ReadAction","target":["https:\/\/tinychat.com\/ometv\/"]}]},{"@type":"BreadcrumbList","@id":"https:\/\/tinychat.com\/ometv\/#breadcrumb","itemListElement":[{"@type":"ListItem","position":1,"name":"Home","item":"https:\/\/tinychat.com\/"},{"@type":"ListItem","position":2,"name":"OmeTV"}]},{"@type":"WebSite","@id":"https:\/\/tinychat.com\/#website","url":"https:\/\/tinychat.com\/","name":"TinyChat","description":"Videochat aleatorio con desconocidos","publisher":{"@id":"https:\/\/tinychat.com\/#organization"},"alternateName":"TinyChat.com","potentialAction":[{"@type":"SearchAction","target":{"@type":"EntryPoint","urlTemplate":"https:\/\/tinychat.com\/?s={search_term_string}"},"query-input":{"@type":"PropertyValueSpecification","valueRequired":true,"valueName":"search_term_string"}}],"inLanguage":"es"},{"@type":"Organization","@id":"https:\/\/tinychat.com\/#organization","name":"TinyChat","alternateName":"TinyChat.com","url":"https:\/\/tinychat.com\/","logo":{"@type":"ImageObject","inLanguage":"es","@id":"https:\/\/tinychat.com\/#\/schema\/logo\/image\/","url":"https:\/\/tinychat.com\/wp-content\/uploads\/2023\/11\/Tinychat-icon-square.png","contentUrl":"https:\/\/tinychat.com\/wp-content\/uploads\/2023\/11\/Tinychat-icon-square.png","width":284,"height":284,"caption":"TinyChat"},"image":{"@id":"https:\/\/tinychat.com\/#\/schema\/logo\/image\/"},"sameAs":["https:\/\/www.facebook.com\/tinychat","https:\/\/x.com\/tinychat"]}]}},"_links":{"self":[{"href":"https:\/\/tinychat.com\/es\/wp-json\/wp\/v2\/pages\/881","targetHints":{"allow":["GET"]}}],"collection":[{"href":"https:\/\/tinychat.com\/es\/wp-json\/wp\/v2\/pages"}],"about":[{"href":"https:\/\/tinychat.com\/es\/wp-json\/wp\/v2\/types\/page"}],"author":[{"embeddable":true,"href":"https:\/\/tinychat.com\/es\/wp-json\/wp\/v2\/users\/6"}],"replies":[{"embeddable":true,"href":"https:\/\/tinychat.com\/es\/wp-json\/wp\/v2\/comments?post=881"}],"version-history":[{"count":2,"href":"https:\/\/tinychat.com\/es\/wp-json\/wp\/v2\/pages\/881\/revisions"}],"predecessor-version":[{"id":13174,"href":"https:\/\/tinychat.com\/es\/wp-json\/wp\/v2\/pages\/881\/revisions\/13174"}],"wp:attachment":[{"href":"https:\/\/tinychat.com\/es\/wp-json\/wp\/v2\/media?parent=881"}],"curies":[{"name":"wp","href":"https:\/\/api.w.org\/{rel}","templated":true}]}}