{"id":90,"date":"2024-06-24T18:49:58","date_gmt":"2024-06-24T16:49:58","guid":{"rendered":"https:\/\/tinychat.com\/?page_id=90"},"modified":"2025-07-21T11:56:11","modified_gmt":"2025-07-21T09:56:11","slug":"omegle","status":"publish","type":"page","link":"https:\/\/tinychat.com\/es\/omegle\/","title":{"rendered":"Omegle"},"content":{"rendered":"<p>Antes de la era de las vidas TikTok, las comunidades Discord y los interminables deslizamientos en las aplicaciones de citas, exist\u00eda Omegle, la puerta de entrada directa y sin filtros para hablar con completos desconocidos online. Creada en 2009 por Leif K-Brooks, un joven de 18 a\u00f1os, Omegle arras\u00f3 en Internet con un concepto tan sencillo como revolucionario: emparejar a dos usuarios an\u00f3nimos en una ventana de chat con la indicaci\u00f3n: \"Ahora est\u00e1s chateando con un desconocido al azar\".<\/p>\n<p>Lo que empez\u00f3 como una interfaz de s\u00f3lo texto evolucion\u00f3 r\u00e1pidamente hasta convertirse en uno de los nombres m\u00e1s conocidos y comentados del mundo de la comunicaci\u00f3n aleatoria en l\u00ednea. Para muchos, Omegle no es s\u00f3lo un sitio web: es un artefacto cultural de la libertad en Internet, el anonimato y la espontaneidad juvenil.<\/p>\n<p>Pero, \u00bfc\u00f3mo se mantiene el Omegle en el mundo actual? \u00bfSigue siendo relevante? \u00bfEs seguro? \u00bfLe gusta? En esta gu\u00eda detallada, exploraremos todo lo que necesita saber sobre el Omegle, desde sus caracter\u00edsticas y funciones hasta los problemas de seguridad y las comparaciones con sus competidores.<\/p>\n<h2>\u00bfQu\u00e9 es Omegle?<\/h2>\n<p>Omegle es una plataforma de chat an\u00f3nima basada en navegador que permite a los usuarios entablar conversaciones cara a cara con desconocidos desde cualquier parte del mundo. No es necesario registrarse, dar una direcci\u00f3n de correo electr\u00f3nico ni crear un nombre de usuario. Basta con visitar el sitio, elegir entre chat de texto o de v\u00eddeo, e inmediatamente estar\u00e1s conectado con otra persona que busca lo mismo: una conversaci\u00f3n con un completo desconocido.<\/p>\n<p>La sencillez de Omegle es su encanto. No hay biograf\u00edas, ni fotos, ni solicitudes de amistad. Es una vuelta a lo b\u00e1sico: dos personas, una ventana de chat abierta e infinitas posibilidades.<\/p>\n<h2>Caracter\u00edsticas principales de Omegle<\/h2>\n<p>A pesar de su dise\u00f1o minimalista, el Omegle ofrece una serie de caracter\u00edsticas b\u00e1sicas que le han ayudado a resistir el paso del tiempo.<\/p>\n<h3>1. Chat de texto aleatorio<\/h3>\n<p>La funci\u00f3n original y m\u00e1s utilizada de Omegle es su chat de texto an\u00f3nimo. Los usuarios se emparejan con desconocidos en una interfaz de chat b\u00e1sica sin informaci\u00f3n identificativa.<\/p>\n<p>No hay nombres de usuario, fotos de perfil ni \"me gusta\": s\u00f3lo conversaci\u00f3n. Este entorno de solo texto es ideal para los usuarios que prefieren la privacidad o se encuentran en situaciones en las que no es posible utilizar el v\u00eddeo.<\/p>\n<h3>2. Videochat<\/h3>\n<p>La funci\u00f3n de videochat de Omegle a\u00f1ade una capa de conexi\u00f3n humana. Al entrar en la secci\u00f3n de chat de v\u00eddeo, los usuarios deben permitir el acceso a su c\u00e1mara web y micr\u00f3fono para iniciar una conversaci\u00f3n en directo.<\/p>\n<p>El videochat da vida a la espontaneidad, pero tambi\u00e9n conlleva m\u00e1s riesgos, ya que a menudo te encontrar\u00e1s con desconocidos sin ning\u00fan tipo de moderaci\u00f3n inicial. Sin embargo, para muchos usuarios, esta imprevisibilidad forma parte de su encanto.<\/p>\n<h3>3. Coincidencia de intereses<\/h3>\n<p>Omegle permite a los usuarios introducir temas de inter\u00e9s antes de iniciar un chat. Estas palabras clave ayudan a emparejarte con alguien que comparta intereses similares, ya sea \"anime\", \"filosof\u00eda\", \"f\u00fatbol\" o \"Taylor Swift\".<\/p>\n<p>Este es el intento de Omegle de curar la aleatoriedad, ofreciendo una mejor oportunidad de entablar conversaciones.<\/p>\n<h3>4. Modo esp\u00eda (modo pregunta)<\/h3>\n<p>Una de las funciones m\u00e1s creativas del Omegle es el Modo Esp\u00eda, en el que puedes hacer una pregunta y ver c\u00f3mo dos desconocidos discuten sobre ella, o ser uno de los participantes respondiendo a la pregunta de otro.<\/p>\n<p>Es un giro divertido al habitual chat uno a uno y perfecto para los usuarios que prefieren observar o avivar la conversaci\u00f3n sin participar directamente.<\/p>\n<h3>5. Secciones moderadas y no moderadas<\/h3>\n<p>Para responder a la preocupaci\u00f3n por los contenidos inapropiados, Omegle ha introducido secciones de v\u00eddeo moderadas y no moderadas. El chat de v\u00eddeo moderado tiene algunos filtros de contenido y es m\u00e1s seguro para uso general, mientras que la secci\u00f3n no moderada est\u00e1 expl\u00edcitamente etiquetada y no recomendada para usuarios menores de 18 a\u00f1os.<\/p>\n<p>Es un burdo intento de control de contenidos, pero al menos da a los usuarios la posibilidad de elegir entre distintos entornos.<\/p>\n<h2>C\u00f3mo utilizar Omegle<\/h2>\n<p>Parte del atractivo perdurable de Omegle es lo incre\u00edblemente f\u00e1cil que resulta empezar a utilizarlo. A continuaci\u00f3n te explicamos c\u00f3mo empezar.<\/p>\n<h3>Paso 1: Visite el sitio web<\/h3>\n<p>Vaya a Omegle. Ver\u00e1s una p\u00e1gina de inicio minimalista con dos opciones principales: Chat de texto o Chat de v\u00eddeo.<\/p>\n<h3>Paso 2: Establezca sus preferencias<\/h3>\n<p>Introduce cualquier tema de inter\u00e9s en el cuadro de texto proporcionado para emparejarte con usuarios que tengan intereses similares. Tambi\u00e9n puedes elegir entre chatear de forma an\u00f3nima o utilizar el modo esp\u00eda. Tambi\u00e9n puedes conocer a tu pr\u00f3xima chica Omegle seleccionando Chicas como g\u00e9nero.<\/p>\n<h3>Paso 3: Elegir tipo de chat<\/h3>\n<p>Haz clic en \"Texto\" para iniciar un chat tradicional, o en \"V\u00eddeo\" si quieres hablar cara a cara con alguien. Para el v\u00eddeo, aseg\u00farate de que la c\u00e1mara web y el micr\u00f3fono est\u00e1n correctamente configurados y autorizados.<\/p>\n<h3>Paso 4: Chatear o saltar<\/h3>\n<p>Ahora est\u00e1s chateando con un desconocido. Puedes escribir, hablar o desconectarte en cualquier momento con los botones \"Detener\" o \"Siguiente\". Al terminar un chat, autom\u00e1ticamente se pone en cola un nuevo desconocido.<\/p>\n<h3>Paso 5: Uso responsable<\/h3>\n<p>Omegle exige que los usuarios acepten sus t\u00e9rminos y condiciones, aunque su aplicaci\u00f3n es poco estricta. S\u00e9 respetuoso, prudente y consciente de lo que te rodea, y si algo te parece raro, descon\u00e9ctate inmediatamente.<\/p>\n<h2>Seguridad y privacidad en el Omegle<\/h2>\n<p>Seamos francos: Omegle es famoso por sus problemas de seguridad, especialmente en las secciones de videochat. Aunque la plataforma hace esfuerzos simb\u00f3licos de moderaci\u00f3n, sigue siendo un espacio en gran medida no filtrado, y los usuarios deben ser responsables de protegerse a s\u00ed mismos.<\/p>\n<h3>1. Sin cuenta no hay seguimiento (pero tampoco responsabilidad)<\/h3>\n<p>Eres completamente an\u00f3nimo: no hay proceso de registro. Aunque esto es muy bueno para la privacidad, tambi\u00e9n significa que no hay responsabilidad del usuario incorporada, lo que hace que sea m\u00e1s f\u00e1cil para los trolls o malos actores prosperar.<\/p>\n<h3>2. La moderaci\u00f3n es limitada<\/h3>\n<p>Aunque Omegle afirma que su videochat est\u00e1 supervisado, la moderaci\u00f3n es escasa y lenta. Muchos usuarios afirman encontrar contenido inapropiado, incluso en la secci\u00f3n moderada.<\/p>\n<p>La secci\u00f3n no moderada es expl\u00edcitamente para adultos, sin filtros de seguridad. No es segura para menores ni para nadie que busque una experiencia limpia.<\/p>\n<h3>3. Registro IP<\/h3>\n<p>Omegle registra su direcci\u00f3n IP con fines legales y de moderaci\u00f3n. Aunque no es necesario que proporciones informaci\u00f3n personal, tu conexi\u00f3n puede ser rastreada si se denuncia un uso indebido.<\/p>\n<h3>4. Sin cifrado<\/h3>\n<p>A diferencia de algunos competidores m\u00e1s recientes, el Omegle no ofrece cifrado de extremo a extremo. Esto significa que tus datos de texto y v\u00eddeo podr\u00edan, en teor\u00eda, ser interceptados.<\/p>\n<h2>Experiencia de usuario en Omegle<\/h2>\n<p>Omegle ofrece una experiencia \u00fanica, a menudo impredecible, que es exactamente la raz\u00f3n por la que la gente sigue volviendo.<\/p>\n<h3>Lo bueno<\/h3>\n<ul>\n<li>F\u00e1cil de usar: Sin registro, sin descargas, chat instant\u00e1neo.<\/li>\n<li>Puro azar: Las conversaciones son totalmente impredecibles: a veces hilarantes, a veces sinceras.<\/li>\n<li>Audiencia global: Conoce a gente de todo el mundo en tiempo real.<\/li>\n<li>Etiquetas de inter\u00e9s: Cuando funcionan, ayudan a mejorar la calidad del chat.<\/li>\n<\/ul>\n<h3>Lo malo<\/h3>\n<ul>\n<li>Comportamiento t\u00f3xico: El acoso, el trolling y los contenidos expl\u00edcitos siguen siendo problemas importantes.<\/li>\n<li>Falta de moderaci\u00f3n: Especialmente en el videochat, los malos comportamientos suelen quedar sin control.<\/li>\n<li>Sin perfiles de usuario: Aunque esto preserva el anonimato, tambi\u00e9n elimina cualquier posibilidad de confianza o credibilidad.<\/li>\n<li>Actividad de bots: Los usuarios denuncian con frecuencia bots de spam, estafas o chats con scripts.<\/li>\n<\/ul>\n<h2>Omegle frente a otras plataformas de chat<\/h2>\n<p>As\u00ed es como Omegle se compara con otras plataformas populares en el mismo nicho:<\/p>\n<table>\n<thead>\n<tr>\n<th>Caracter\u00edstica<\/th>\n<th>Omegle<\/th>\n<th>Chatroulette<\/th>\n<th>Bazoocam<\/th>\n<th>StrangerCam<\/th>\n<th>Emerald Chat<\/th>\n<\/tr>\n<\/thead>\n<tbody>\n<tr>\n<td>Chat de texto<\/td>\n<td>\u2705 S\u00ed<\/td>\n<td>\u2705 S\u00ed<\/td>\n<td>\u2705 S\u00ed<\/td>\n<td>\u2705 S\u00ed<\/td>\n<td>\u2705 S\u00ed<\/td>\n<\/tr>\n<tr>\n<td>Videochat<\/td>\n<td>\u2705 S\u00ed<\/td>\n<td>\u2705 S\u00ed<\/td>\n<td>\u2705 S\u00ed<\/td>\n<td>\u2705 S\u00ed<\/td>\n<td>\u2705 S\u00ed<\/td>\n<\/tr>\n<tr>\n<td>Inscripci\u00f3n<\/td>\n<td>\u274c No<\/td>\n<td>\u274c No<\/td>\n<td>\u274c No<\/td>\n<td>\u274c No<\/td>\n<td>\u2705 S\u00ed<\/td>\n<\/tr>\n<tr>\n<td>Casaci\u00f3n de intereses<\/td>\n<td>\u2705 S\u00ed<\/td>\n<td>\u274c No<\/td>\n<td>\u274c No<\/td>\n<td>\u274c No<\/td>\n<td>\u2705 S\u00ed<\/td>\n<\/tr>\n<tr>\n<td>Juegos<\/td>\n<td>\u274c No<\/td>\n<td>\u274c No<\/td>\n<td>\u2705 S\u00ed<\/td>\n<td>\u274c No<\/td>\n<td>\u2705 S\u00ed<\/td>\n<\/tr>\n<tr>\n<td>Moderaci\u00f3n<\/td>\n<td>\u26a0\ufe0f Limitada<\/td>\n<td>\u2705 Mejorado<\/td>\n<td>\u2705 Moderado<\/td>\n<td>\u2705 Bueno<\/td>\n<td>\u2705 Fuerte<\/td>\n<\/tr>\n<tr>\n<td>Anonimato<\/td>\n<td>\u2705 Alta<\/td>\n<td>\u2705 Alta<\/td>\n<td>\u2705 Alta<\/td>\n<td>\u2705 Alta<\/td>\n<td>\u274c Parcial<\/td>\n<\/tr>\n<tr>\n<td>Compatible con m\u00f3viles<\/td>\n<td>\u2705 S\u00ed<\/td>\n<td>\u2705 S\u00ed<\/td>\n<td>\u2705 S\u00ed<\/td>\n<td>\u2705 S\u00ed<\/td>\n<td>\u2705 S\u00ed<\/td>\n<\/tr>\n<\/tbody>\n<\/table>\n<p>El Omegle gana en accesibilidad y popularidad mundial, pero pierde en seguridad y prestaciones modernas. Es una batalla campal digital: divertida, ca\u00f3tica y arriesgada.<\/p>\n<h2>Consejos para disfrutar del Omegle con seguridad<\/h2>\n<p>Si va a utilizar el Omegle, t\u00f3mese en serio estas precauciones de seguridad:<\/p>\n<ul>\n<li>Utilice una VPN: oculte su direcci\u00f3n IP para estar m\u00e1s seguro.<\/li>\n<li>Evita compartir informaci\u00f3n personal: Nunca compartas tu nombre real, n\u00famero de tel\u00e9fono, ubicaci\u00f3n o perfiles en redes sociales.<\/li>\n<li>Qu\u00e9date en el chat de texto: Si te preocupa el contenido inapropiado, lim\u00edtate al texto.<\/li>\n<li>Utiliza etiquetas de inter\u00e9s: Te ayudan a encontrar personas que quieren conversaciones reales.<\/li>\n<li>No te pases a otras plataformas: Los estafadores a menudo intentan llevarte a aplicaciones de terceros. No les sigas.<\/li>\n<li>Informar de comportamientos sospechosos: Aunque la aplicaci\u00f3n de la ley es lenta, cada denuncia ayuda a limpiar la plataforma.<\/li>\n<li>Cerrar sesi\u00f3n y borrar cach\u00e9: Despu\u00e9s de tu sesi\u00f3n, borra la cach\u00e9 y las cookies de tu navegador para mayor privacidad.<\/li>\n<\/ul>\n<h2>Soluci\u00f3n de problemas comunes del Omegle<\/h2>\n<p>He aqu\u00ed c\u00f3mo resolver los problemas m\u00e1s frecuentes que encuentran los usuarios:<\/p>\n<h3>La c\u00e1mara no funciona<\/h3>\n<p>Aseg\u00farate de que tu navegador tiene permiso para acceder a tu c\u00e1mara. Comprueba la configuraci\u00f3n del sitio de Chrome o Firefox.<\/p>\n<h3>Error de conexi\u00f3n<\/h3>\n<p>Intenta actualizar la p\u00e1gina, cambiar de navegador o utilizar una VPN si Omegle est\u00e1 bloqueado en tu pa\u00eds.<\/p>\n<h3>IP prohibida<\/h3>\n<p>Los baneos de Omegle se basan en la IP. Puedes probar a cambiar de red, utilizar una VPN o esperar a que se levante el bloqueo (a menudo entre 1 y 7 d\u00edas).<\/p>\n<h3>Desconexiones constantes<\/h3>\n<p>Pueden ser problemas del servidor u otros usuarios que saltan r\u00e1pidamente. Prueba a cambiar las etiquetas de inter\u00e9s o a utilizar el sitio en otro momento.<\/p>\n<p>Omegle sigue siendo uno de los sitios de chat aleatorio m\u00e1s populares del planeta. Su acceso instant\u00e1neo, su anonimato total y su naturaleza impredecible lo convierten en una plataforma apasionante para aquellos que buscan romper con la rutina.<\/p>\n<p>Sin embargo, no es para todo el mundo. Si te incomoda el contenido NSFW, los bots o la falta de moderaci\u00f3n, es mejor que explores alternativas m\u00e1s seguras como Emerald Chat, StrangerCam o Bazoocam.<\/p>\n<p>Para quienes sepan en qu\u00e9 se est\u00e1n metiendo y tomen las debidas precauciones, la Omegle puede seguir transmitiendo esa energ\u00eda social cruda y sin gui\u00f3n que la hizo famosa en primer lugar.<\/p>\n<p>Tanto si quieres conocer a alguien del otro lado del mundo como si s\u00f3lo quieres tener una charla extra\u00f1a y memorable a las 2 de la madrugada, Omegle sigue siendo la m\u00e1quina de conversaciones extra\u00f1as original de Internet.<\/p>","protected":false},"excerpt":{"rendered":"<p>Before the era of TikTok lives, Discord communities, and endless swiping on dating apps, there was Omegle \u2014 the raw, unfiltered gateway to talking with total strangers online. Created in 2009 by an 18-year-old Leif K-Brooks, Omegle took the internet by storm with a concept that was as simple as it was revolutionary: pairing two [&hellip;]<\/p>\n","protected":false},"author":6,"featured_media":0,"parent":0,"menu_order":0,"comment_status":"closed","ping_status":"closed","template":"","meta":{"footnotes":""},"class_list":["post-90","page","type-page","status-publish","hentry"],"yoast_head":"<!-- This site is optimized with the Yoast SEO plugin v27.5 - https:\/\/yoast.com\/product\/yoast-seo-wordpress\/ -->\n<title>Omegle - The Original Random Video Chat - TinyChat.com<\/title>\n<meta name=\"description\" content=\"Enjoying Omegle? Join over 50,000,000 strangers on TinyChat! Turn on your cam and start meeting new people, or find a match.\" \/>\n<meta name=\"robots\" content=\"index, follow, max-snippet:-1, max-image-preview:large, max-video-preview:-1\" \/>\n<link rel=\"canonical\" href=\"https:\/\/tinychat.com\/es\/omegle\/\" \/>\n<meta property=\"og:locale\" content=\"es_ES\" \/>\n<meta property=\"og:type\" content=\"article\" \/>\n<meta property=\"og:title\" content=\"Omegle - The Original Random Video Chat - TinyChat.com\" \/>\n<meta property=\"og:description\" content=\"Enjoying Omegle? Join over 50,000,000 strangers on TinyChat! Turn on your cam and start meeting new people, or find a match.\" \/>\n<meta property=\"og:url\" content=\"https:\/\/tinychat.com\/es\/omegle\/\" \/>\n<meta property=\"og:site_name\" content=\"TinyChat\" \/>\n<meta property=\"article:publisher\" content=\"https:\/\/www.facebook.com\/tinychat\" \/>\n<meta property=\"article:modified_time\" content=\"2025-07-21T09:56:11+00:00\" \/>\n<meta property=\"og:image\" content=\"https:\/\/tinychat.com\/wp-content\/uploads\/2020\/04\/Tinychat-logo-1280x284-new-black.png\" \/>\n\t<meta property=\"og:image:width\" content=\"1280\" \/>\n\t<meta property=\"og:image:height\" content=\"284\" \/>\n\t<meta property=\"og:image:type\" content=\"image\/png\" \/>\n<meta name=\"twitter:card\" content=\"summary_large_image\" \/>\n<meta name=\"twitter:site\" content=\"@tinychat\" \/>\n<meta name=\"twitter:label1\" content=\"Tiempo de lectura\" \/>\n\t<meta name=\"twitter:data1\" content=\"7 minutos\" \/>\n<script type=\"application\/ld+json\" class=\"yoast-schema-graph\">{\"@context\":\"https:\\\/\\\/schema.org\",\"@graph\":[{\"@type\":\"WebPage\",\"@id\":\"https:\\\/\\\/tinychat.com\\\/omegle\\\/\",\"url\":\"https:\\\/\\\/tinychat.com\\\/omegle\\\/\",\"name\":\"Omegle - The Original Random Video Chat - TinyChat.com\",\"isPartOf\":{\"@id\":\"https:\\\/\\\/tinychat.com\\\/#website\"},\"datePublished\":\"2024-06-24T16:49:58+00:00\",\"dateModified\":\"2025-07-21T09:56:11+00:00\",\"description\":\"Enjoying Omegle? Join over 50,000,000 strangers on TinyChat! Turn on your cam and start meeting new people, or find a match.\",\"breadcrumb\":{\"@id\":\"https:\\\/\\\/tinychat.com\\\/omegle\\\/#breadcrumb\"},\"inLanguage\":\"es\",\"potentialAction\":[{\"@type\":\"ReadAction\",\"target\":[\"https:\\\/\\\/tinychat.com\\\/omegle\\\/\"]}]},{\"@type\":\"BreadcrumbList\",\"@id\":\"https:\\\/\\\/tinychat.com\\\/omegle\\\/#breadcrumb\",\"itemListElement\":[{\"@type\":\"ListItem\",\"position\":1,\"name\":\"Home\",\"item\":\"https:\\\/\\\/tinychat.com\\\/\"},{\"@type\":\"ListItem\",\"position\":2,\"name\":\"Omegle\"}]},{\"@type\":\"WebSite\",\"@id\":\"https:\\\/\\\/tinychat.com\\\/#website\",\"url\":\"https:\\\/\\\/tinychat.com\\\/\",\"name\":\"TinyChat\",\"description\":\"Random Video Chat with Strangers\",\"publisher\":{\"@id\":\"https:\\\/\\\/tinychat.com\\\/#organization\"},\"alternateName\":\"TinyChat.com\",\"potentialAction\":[{\"@type\":\"SearchAction\",\"target\":{\"@type\":\"EntryPoint\",\"urlTemplate\":\"https:\\\/\\\/tinychat.com\\\/?s={search_term_string}\"},\"query-input\":{\"@type\":\"PropertyValueSpecification\",\"valueRequired\":true,\"valueName\":\"search_term_string\"}}],\"inLanguage\":\"es\"},{\"@type\":\"Organization\",\"@id\":\"https:\\\/\\\/tinychat.com\\\/#organization\",\"name\":\"TinyChat\",\"alternateName\":\"TinyChat.com\",\"url\":\"https:\\\/\\\/tinychat.com\\\/\",\"logo\":{\"@type\":\"ImageObject\",\"inLanguage\":\"es\",\"@id\":\"https:\\\/\\\/tinychat.com\\\/#\\\/schema\\\/logo\\\/image\\\/\",\"url\":\"https:\\\/\\\/tinychat.com\\\/wp-content\\\/uploads\\\/2023\\\/11\\\/Tinychat-icon-square.png\",\"contentUrl\":\"https:\\\/\\\/tinychat.com\\\/wp-content\\\/uploads\\\/2023\\\/11\\\/Tinychat-icon-square.png\",\"width\":284,\"height\":284,\"caption\":\"TinyChat\"},\"image\":{\"@id\":\"https:\\\/\\\/tinychat.com\\\/#\\\/schema\\\/logo\\\/image\\\/\"},\"sameAs\":[\"https:\\\/\\\/www.facebook.com\\\/tinychat\",\"https:\\\/\\\/x.com\\\/tinychat\"]}]}<\/script>\n<!-- \/ Yoast SEO plugin. -->","yoast_head_json":{"title":"Omegle - El videochat aleatorio original - TinyChat.com","description":"\u00bfDisfrutas de Omegle? \u00a1\u00danete a m\u00e1s de 50.000.000 de desconocidos en TinyChat! Enciende tu c\u00e1mara y empieza a conocer gente nueva, o encuentra una pareja.","robots":{"index":"index","follow":"follow","max-snippet":"max-snippet:-1","max-image-preview":"max-image-preview:large","max-video-preview":"max-video-preview:-1"},"canonical":"https:\/\/tinychat.com\/es\/omegle\/","og_locale":"es_ES","og_type":"article","og_title":"Omegle - The Original Random Video Chat - TinyChat.com","og_description":"Enjoying Omegle? Join over 50,000,000 strangers on TinyChat! Turn on your cam and start meeting new people, or find a match.","og_url":"https:\/\/tinychat.com\/es\/omegle\/","og_site_name":"TinyChat","article_publisher":"https:\/\/www.facebook.com\/tinychat","article_modified_time":"2025-07-21T09:56:11+00:00","og_image":[{"width":1280,"height":284,"url":"https:\/\/tinychat.com\/wp-content\/uploads\/2020\/04\/Tinychat-logo-1280x284-new-black.png","type":"image\/png"}],"twitter_card":"summary_large_image","twitter_site":"@tinychat","twitter_misc":{"Tiempo de lectura":"7 minutos"},"schema":{"@context":"https:\/\/schema.org","@graph":[{"@type":"WebPage","@id":"https:\/\/tinychat.com\/omegle\/","url":"https:\/\/tinychat.com\/omegle\/","name":"Omegle - El videochat aleatorio original - TinyChat.com","isPartOf":{"@id":"https:\/\/tinychat.com\/#website"},"datePublished":"2024-06-24T16:49:58+00:00","dateModified":"2025-07-21T09:56:11+00:00","description":"\u00bfDisfrutas de Omegle? \u00a1\u00danete a m\u00e1s de 50.000.000 de desconocidos en TinyChat! Enciende tu c\u00e1mara y empieza a conocer gente nueva, o encuentra una pareja.","breadcrumb":{"@id":"https:\/\/tinychat.com\/omegle\/#breadcrumb"},"inLanguage":"es","potentialAction":[{"@type":"ReadAction","target":["https:\/\/tinychat.com\/omegle\/"]}]},{"@type":"BreadcrumbList","@id":"https:\/\/tinychat.com\/omegle\/#breadcrumb","itemListElement":[{"@type":"ListItem","position":1,"name":"Home","item":"https:\/\/tinychat.com\/"},{"@type":"ListItem","position":2,"name":"Omegle"}]},{"@type":"WebSite","@id":"https:\/\/tinychat.com\/#website","url":"https:\/\/tinychat.com\/","name":"TinyChat","description":"Videochat aleatorio con desconocidos","publisher":{"@id":"https:\/\/tinychat.com\/#organization"},"alternateName":"TinyChat.com","potentialAction":[{"@type":"SearchAction","target":{"@type":"EntryPoint","urlTemplate":"https:\/\/tinychat.com\/?s={search_term_string}"},"query-input":{"@type":"PropertyValueSpecification","valueRequired":true,"valueName":"search_term_string"}}],"inLanguage":"es"},{"@type":"Organization","@id":"https:\/\/tinychat.com\/#organization","name":"TinyChat","alternateName":"TinyChat.com","url":"https:\/\/tinychat.com\/","logo":{"@type":"ImageObject","inLanguage":"es","@id":"https:\/\/tinychat.com\/#\/schema\/logo\/image\/","url":"https:\/\/tinychat.com\/wp-content\/uploads\/2023\/11\/Tinychat-icon-square.png","contentUrl":"https:\/\/tinychat.com\/wp-content\/uploads\/2023\/11\/Tinychat-icon-square.png","width":284,"height":284,"caption":"TinyChat"},"image":{"@id":"https:\/\/tinychat.com\/#\/schema\/logo\/image\/"},"sameAs":["https:\/\/www.facebook.com\/tinychat","https:\/\/x.com\/tinychat"]}]}},"_links":{"self":[{"href":"https:\/\/tinychat.com\/es\/wp-json\/wp\/v2\/pages\/90","targetHints":{"allow":["GET"]}}],"collection":[{"href":"https:\/\/tinychat.com\/es\/wp-json\/wp\/v2\/pages"}],"about":[{"href":"https:\/\/tinychat.com\/es\/wp-json\/wp\/v2\/types\/page"}],"author":[{"embeddable":true,"href":"https:\/\/tinychat.com\/es\/wp-json\/wp\/v2\/users\/6"}],"replies":[{"embeddable":true,"href":"https:\/\/tinychat.com\/es\/wp-json\/wp\/v2\/comments?post=90"}],"version-history":[{"count":4,"href":"https:\/\/tinychat.com\/es\/wp-json\/wp\/v2\/pages\/90\/revisions"}],"predecessor-version":[{"id":13341,"href":"https:\/\/tinychat.com\/es\/wp-json\/wp\/v2\/pages\/90\/revisions\/13341"}],"wp:attachment":[{"href":"https:\/\/tinychat.com\/es\/wp-json\/wp\/v2\/media?parent=90"}],"curies":[{"name":"wp","href":"https:\/\/api.w.org\/{rel}","templated":true}]}}