{"id":980,"date":"2025-08-11T09:06:16","date_gmt":"2025-08-11T07:06:16","guid":{"rendered":"https:\/\/tinychat.com\/?page_id=980"},"modified":"2025-08-11T09:12:11","modified_gmt":"2025-08-11T07:12:11","slug":"azar","status":"publish","type":"page","link":"https:\/\/tinychat.com\/es\/azar\/","title":{"rendered":"Azar"},"content":{"rendered":"<p>En un mundo que se siente m\u00e1s conectado que nunca y que, sin embargo, sigue dividido por el idioma, la cultura y la distancia, Azar destaca como una plataforma que realmente salva esas distancias. Esta popular aplicaci\u00f3n m\u00f3vil combina el videochat aleatorio, el descubrimiento social y la traducci\u00f3n en tiempo real en una experiencia perfecta, lo que la convierte en una de las herramientas m\u00e1s potentes para conocer gente de todo el mundo.<\/p>\n<p>Con m\u00e1s de 500 millones de descargas y usuarios en m\u00e1s de 190 pa\u00edses, Azar ha redefinido lo que significa conocer extra\u00f1os en l\u00ednea. Tanto si quieres hacer amigos en el extranjero, practicar un idioma, explorar otras culturas o simplemente disfrutar de conversaciones de v\u00eddeo espont\u00e1neas, Azar lo consigue, manteniendo una interfaz pulida y orientada al m\u00f3vil y unos s\u00f3lidos controles de seguridad.<\/p>\n<p>Este an\u00e1lisis en profundidad te guiar\u00e1 a trav\u00e9s de todo lo que necesitas saber sobre Azar, desde sus caracter\u00edsticas y configuraci\u00f3n hasta c\u00f3mo se compara con otras plataformas, adem\u00e1s de consejos de expertos para aprovechar al m\u00e1ximo tu tiempo en la aplicaci\u00f3n.<\/p>\n<h2>\u00bfQu\u00e9 es Azar?<\/h2>\n<p>Azar es una aplicaci\u00f3n de videochat instant\u00e1neo y redes sociales que te permite conectar con personas de cualquier parte del mundo en cuesti\u00f3n de segundos. A diferencia de las simples salas de chat basadas en texto, Azar se centra en la conversaci\u00f3n cara a cara, devolviendo el elemento humano a la interacci\u00f3n en l\u00ednea.<\/p>\n<p>Lanzada por Hyperconnect en 2014 (posteriormente adquirida por Match Group en 2021), Azar se ha convertido en uno de los nombres m\u00e1s reconocidos del videochat aleatorio. Sus caracter\u00edsticas m\u00e1s destacadas -traducci\u00f3n en directo, filtros de g\u00e9nero\/ubicaci\u00f3n y herramientas para hacer amigos- lo hacen popular tanto para conversaciones informales como para el intercambio de idiomas y la exploraci\u00f3n cultural.<\/p>\n<h2>Caracter\u00edsticas principales de Azar<\/h2>\n<p>La popularidad del Azar no es casualidad: est\u00e1 repleto de herramientas exclusivas que mejoran tanto la conexi\u00f3n como la seguridad.<\/p>\n<h3>1. Videochat aleatorio<\/h3>\n<ul>\n<li>Empar\u00e9jate al instante con usuarios de cualquier parte del mundo.<\/li>\n<li>Desliza el dedo para conectar con la siguiente persona.<\/li>\n<li>V\u00eddeo y audio HD en tiempo real para conversaciones fluidas.<\/li>\n<\/ul>\n<h3>2. Filtros de ubicaci\u00f3n y sexo<\/h3>\n<ul>\n<li>Elige conectar con personas de determinados pa\u00edses o regiones.<\/li>\n<li>Filtre por sexo para una experiencia m\u00e1s personalizada.<\/li>\n<li>Algunos filtros requieren monedas o acceso premium.<\/li>\n<\/ul>\n<h3>3. Traducci\u00f3n en tiempo real<\/h3>\n<ul>\n<li>Traducci\u00f3n autom\u00e1tica de texto y voz en varios idiomas.<\/li>\n<li>Rompe las barreras ling\u00fc\u00edsticas al instante.<\/li>\n<li>Ideal para estudiantes de idiomas o conexiones interculturales.<\/li>\n<\/ul>\n<h3>4. Sistema de amigos y mensajer\u00eda<\/h3>\n<ul>\n<li>A\u00f1ade como amigos a las personas con las que te conectes.<\/li>\n<li>Contin\u00faa las conversaciones mediante mensajes de texto y v\u00eddeo integrados en la aplicaci\u00f3n.<\/li>\n<li>Comparte im\u00e1genes, pegatinas y emojis en el chat.<\/li>\n<\/ul>\n<h3>5. Efectos virtuales y personalizaci\u00f3n<\/h3>\n<ul>\n<li>Divertidos filtros de v\u00eddeo, marcos y pegatinas para a\u00f1adir personalidad a las llamadas.<\/li>\n<li>Personaliza tu perfil con fotos e intereses.<\/li>\n<\/ul>\n<h3>6. Seguridad y moderaci\u00f3n<\/h3>\n<ul>\n<li>Moderaci\u00f3n humana y mediante IA las 24 horas del d\u00eda, los 7 d\u00edas de la semana.<\/li>\n<li>Herramientas de informe\/bloqueo dentro de la aplicaci\u00f3n.<\/li>\n<li>Filtro de desenfoque opcional para previsualizar las coincidencias antes de conectarse.<\/li>\n<\/ul>\n<h3>7. Sistema Coin &amp; Premium<\/h3>\n<ul>\n<li>Gana o compra monedas para desbloquear determinados filtros y funciones.<\/li>\n<li>Premium desbloquea una localizaci\u00f3n m\u00e1s espec\u00edfica, chats ilimitados y funciones avanzadas.<\/li>\n<\/ul>\n<h2>C\u00f3mo utilizar Azar<\/h2>\n<p>El Azar est\u00e1 dise\u00f1ado para ser sencillo para los usuarios noveles y, al mismo tiempo, ofrecer suficiente profundidad para los habituales.<\/p>\n<h3>Paso 1: Descargar la aplicaci\u00f3n<\/h3>\n<ul>\n<li>Disponible gratuitamente para iOS y Android.<\/li>\n<li>Inst\u00e1lalo desde App Store o Google Play.<\/li>\n<\/ul>\n<h3>Paso 2: Registrarse o iniciar sesi\u00f3n<\/h3>\n<ul>\n<li>Reg\u00edstrate con tu correo electr\u00f3nico, Facebook, Google o Apple ID.<\/li>\n<li>A\u00f1ade una foto de perfil para aumentar la participaci\u00f3n.<\/li>\n<\/ul>\n<h3>Paso 3: Establezca sus preferencias<\/h3>\n<ul>\n<li>Seleccione sexo y rango de edad.<\/li>\n<li>Elija las preferencias de ubicaci\u00f3n (global o pa\u00edses espec\u00edficos).<\/li>\n<li>Ajuste la configuraci\u00f3n de privacidad.<\/li>\n<\/ul>\n<h3>Paso 4: Empezar a chatear<\/h3>\n<ul>\n<li>Toca el icono del v\u00eddeo para que te emparejen al instante.<\/li>\n<li>Desliza el dedo para saltar y encontrar a alguien nuevo.<\/li>\n<li>Utiliza la funci\u00f3n de traducci\u00f3n en tiempo real si es necesario.<\/li>\n<\/ul>\n<h3>Paso 5: A\u00f1adir amigos y seguir chateando<\/h3>\n<ul>\n<li>Haz clic en el bot\u00f3n \"A\u00f1adir amigo\" para guardar las buenas conexiones.<\/li>\n<li>Utiliza el chat de texto o los mensajes de v\u00eddeo de la aplicaci\u00f3n para mantenerte en contacto.<\/li>\n<\/ul>\n<h2>Experiencia de usuario en Azar<\/h2>\n<p>El dise\u00f1o de Azar, basado en deslizar el dedo, hace que resulte natural para cualquiera que est\u00e9 familiarizado con las aplicaciones modernas.<\/p>\n<h3>Lo que les gusta a los usuarios<\/h3>\n<ul>\n<li>Alcance mundial: Conoce a gente de m\u00e1s de 190 pa\u00edses.<\/li>\n<li>Traducci\u00f3n en tiempo real: Elimina las barreras de comunicaci\u00f3n.<\/li>\n<li>Calidad de v\u00eddeo fluida: Incluso con conexiones internacionales.<\/li>\n<li>Divertidos filtros y pegatinas: A\u00f1ade personalidad a las llamadas.<\/li>\n<li>Entorno seguro: La moderaci\u00f3n activa mantiene el respeto.<\/li>\n<li>Sistema de amigos: Construye conexiones continuas.<\/li>\n<\/ul>\n<h3>Donde los usuarios ven margen de mejora<\/h3>\n<ul>\n<li>Algunos filtros avanzados requieren monedas o premium.<\/li>\n<li>Desajuste ling\u00fc\u00edstico ocasional en la traducci\u00f3n.<\/li>\n<li>Partidos gratuitos limitados en comparaci\u00f3n con las plataformas completamente gratuitas.<\/li>\n<li>El coste de las primas puede ser elevado para los usuarios ocasionales.<\/li>\n<\/ul>\n<h2>Azar frente a otras aplicaciones de chat de v\u00eddeo<\/h2>\n<table>\n<thead>\n<tr>\n<th>Caracter\u00edstica<\/th>\n<th>Azar<\/th>\n<th>HOLLA<\/th>\n<th>LivU<\/th>\n<th>Mono<\/th>\n<th>ChatHub<\/th>\n<th>OmegleWeb<\/th>\n<\/tr>\n<\/thead>\n<tbody>\n<tr>\n<td>Random Video Chat con Desconocidos<\/td>\n<td>\u2705 S\u00ed<\/td>\n<td>\u2705 S\u00ed<\/td>\n<td>\u2705 S\u00ed<\/td>\n<td>\u2705 S\u00ed<\/td>\n<td>\u2705 S\u00ed<\/td>\n<td>\u2705 S\u00ed<\/td>\n<\/tr>\n<tr>\n<td>Traducci\u00f3n en tiempo real<\/td>\n<td>\u2705 S\u00ed<\/td>\n<td>\u274c No<\/td>\n<td>\u274c No<\/td>\n<td>\u274c No<\/td>\n<td>\u274c No<\/td>\n<td>\u274c No<\/td>\n<\/tr>\n<tr>\n<td>Sistema de amigos<\/td>\n<td>\u2705 S\u00ed<\/td>\n<td>\u2705 S\u00ed<\/td>\n<td>\u2705 S\u00ed<\/td>\n<td>\u2705 S\u00ed<\/td>\n<td>\u2705 S\u00ed<\/td>\n<td>\u274c No<\/td>\n<\/tr>\n<tr>\n<td>Filtros de g\u00e9nero\/ubicaci\u00f3n<\/td>\n<td>\u2705 S\u00ed<\/td>\n<td>\u2705 S\u00ed<\/td>\n<td>\u2705 S\u00ed<\/td>\n<td>\u2705 S\u00ed<\/td>\n<td>\u2705 S\u00ed<\/td>\n<td>\u26a0\ufe0f Limitada<\/td>\n<\/tr>\n<tr>\n<td>Aplicaci\u00f3n m\u00f3vil<\/td>\n<td>\u2705 S\u00ed<\/td>\n<td>\u2705 S\u00ed<\/td>\n<td>\u2705 S\u00ed<\/td>\n<td>\u2705 S\u00ed<\/td>\n<td>\u2705 S\u00ed<\/td>\n<td>\u2705 S\u00ed<\/td>\n<\/tr>\n<tr>\n<td>Filtros y efectos<\/td>\n<td>\u2705 S\u00ed<\/td>\n<td>\u2705 S\u00ed<\/td>\n<td>\u2705 S\u00ed<\/td>\n<td>\u2705 S\u00ed<\/td>\n<td>\u2705 S\u00ed<\/td>\n<td>\u274c No<\/td>\n<\/tr>\n<tr>\n<td>Opci\u00f3n Premium<\/td>\n<td>\u2705 S\u00ed<\/td>\n<td>\u2705 S\u00ed<\/td>\n<td>\u2705 S\u00ed<\/td>\n<td>\u2705 S\u00ed<\/td>\n<td>\u274c No<\/td>\n<td>\u274c No<\/td>\n<\/tr>\n<\/tbody>\n<\/table>\n<p>Resumen: Azar es ideal para quienes desean conexiones internacionales sin barreras ling\u00fc\u00edsticas. Sus herramientas de traducci\u00f3n y su enorme base de usuarios la diferencian de otras plataformas de chat aleatorias m\u00e1s b\u00e1sicas.<\/p>\n<h2>\u00bfEs seguro el Azar?<\/h2>\n<p>S\u00ed, siempre que sigas las normas b\u00e1sicas de seguridad en Internet. Azar utiliza:<\/p>\n<ul>\n<li>IA y moderaci\u00f3n humana para filtrar contenidos inapropiados.<\/li>\n<li>Verificaci\u00f3n del perfil para reducir las cuentas falsas.<\/li>\n<li>Vista previa difuminada para mayor comodidad.<\/li>\n<li>Informar\/bloquear las herramientas en caso de infracci\u00f3n.<\/li>\n<\/ul>\n<h3>Consejos de seguridad para los usuarios<\/h3>\n<ul>\n<li>Evite compartir informaci\u00f3n personal.<\/li>\n<li>Use la traducci\u00f3n con cuidado: las traducciones autom\u00e1ticas a veces pueden alterar el significado.<\/li>\n<li>Conf\u00eda en tus instintos: termina cualquier conversaci\u00f3n que te incomode.<\/li>\n<li>Los padres deben supervisar su uso si se instala en los dispositivos de los adolescentes.<\/li>\n<\/ul>\n<h2>Consejos para sacar el m\u00e1ximo partido al Azar<\/h2>\n<ul>\n<li>Pruebe diferentes regiones: Ampl\u00ede sus horizontes culturales.<\/li>\n<li>Utiliza la traducci\u00f3n de forma activa: Aprende frases mientras chateas.<\/li>\n<li>Charla en horas punta: Aumenta la variedad de partidos.<\/li>\n<li>Utiliza una foto de perfil clara: Aumenta los \u00edndices de participaci\u00f3n.<\/li>\n<li>Mant\u00e9n una actitud amistosa y abierta: La energ\u00eda positiva atrae mejores charlas.<\/li>\n<li>Denuncia los malos comportamientos: Ayuda a mantener la seguridad de la comunidad.<\/li>\n<\/ul>\n<h2>Problemas y soluciones comunes del Azar<\/h2>\n<h3>El v\u00eddeo no se conecta<\/h3>\n<p>Comprueba la velocidad de Internet, cambia a Wi-Fi y permite los permisos de c\u00e1mara\/micr\u00f3fono.<\/p>\n<h3>Los filtros no funcionan<\/h3>\n<p>Aseg\u00farate de que tienes suficientes monedas o premium activado.<\/p>\n<h3>Mala calidad de la traducci\u00f3n<\/h3>\n<p>Hable claro, evite la jerga y utilice frases cortas.<\/p>\n<h3>Usuarios inadecuados<\/h3>\n<p>Bloquea e informa inmediatamente: la moderaci\u00f3n responde.<\/p>\n<p>Si tu objetivo es conocer gente de todo el mundo, aprender sobre otras culturas y hablar sin preocuparte por las diferencias de idioma, Azar es una de las opciones m\u00e1s avanzadas y pulidas disponibles hoy en d\u00eda. Su funci\u00f3n de traducci\u00f3n por s\u00ed sola lo hace \u00fanico en el espacio de videochat aleatorio.<\/p>\n<p>Aunque algunas funciones requieren monedas o acceso premium, la versi\u00f3n gratuita sigue ofreciendo muchas oportunidades para conectarse globalmente. Azar es una excelente opci\u00f3n para socializar internacionalmente, intercambiar idiomas y hacer amistades duraderas m\u00e1s all\u00e1 de las fronteras.<\/p>\n<p>\u00bfListo para empezar a chatear? Descarga Azar para iOS o Android, configura tus preferencias y explora el mundo: una conversaci\u00f3n cara a cara cada vez.<\/p>","protected":false},"excerpt":{"rendered":"<p>In a world that feels more connected than ever yet still divided by language, culture, and distance, Azar stands out as a platform that truly bridges those gaps. This popular mobile app blends random video chat, social discovery, and real-time translation into a seamless experience, making it one of the most powerful tools for meeting [&hellip;]<\/p>\n","protected":false},"author":6,"featured_media":0,"parent":0,"menu_order":0,"comment_status":"closed","ping_status":"closed","template":"","meta":{"footnotes":""},"class_list":["post-980","page","type-page","status-publish","hentry"],"yoast_head":"<!-- This site is optimized with the Yoast SEO plugin v27.6 - https:\/\/yoast.com\/product\/yoast-seo-wordpress\/ -->\n<title>Azar - Alternative to OmeTV &amp; Monkey App - TinyChat.com<\/title>\n<meta name=\"description\" content=\"Enjoying Azar? Join over 50,000,000 strangers on TinyChat! Turn on your cam and start meeting new people, or find a match.\" \/>\n<meta name=\"robots\" content=\"index, follow, max-snippet:-1, max-image-preview:large, max-video-preview:-1\" \/>\n<link rel=\"canonical\" href=\"https:\/\/tinychat.com\/es\/azar\/\" \/>\n<meta property=\"og:locale\" content=\"es_ES\" \/>\n<meta property=\"og:type\" content=\"article\" \/>\n<meta property=\"og:title\" content=\"Azar - Alternative to OmeTV &amp; Monkey App - TinyChat.com\" \/>\n<meta property=\"og:description\" content=\"Enjoying Azar? Join over 50,000,000 strangers on TinyChat! Turn on your cam and start meeting new people, or find a match.\" \/>\n<meta property=\"og:url\" content=\"https:\/\/tinychat.com\/es\/azar\/\" \/>\n<meta property=\"og:site_name\" content=\"TinyChat\" \/>\n<meta property=\"article:publisher\" content=\"https:\/\/www.facebook.com\/tinychat\" \/>\n<meta property=\"article:modified_time\" content=\"2025-08-11T07:12:11+00:00\" \/>\n<meta property=\"og:image\" content=\"https:\/\/tinychat.com\/wp-content\/uploads\/2020\/04\/Tinychat-logo-1280x284-new-black.png\" \/>\n\t<meta property=\"og:image:width\" content=\"1280\" \/>\n\t<meta property=\"og:image:height\" content=\"284\" \/>\n\t<meta property=\"og:image:type\" content=\"image\/png\" \/>\n<meta name=\"twitter:card\" content=\"summary_large_image\" \/>\n<meta name=\"twitter:site\" content=\"@tinychat\" \/>\n<meta name=\"twitter:label1\" content=\"Tiempo de lectura\" \/>\n\t<meta name=\"twitter:data1\" content=\"5 minutos\" \/>\n<script type=\"application\/ld+json\" class=\"yoast-schema-graph\">{\"@context\":\"https:\\\/\\\/schema.org\",\"@graph\":[{\"@type\":\"WebPage\",\"@id\":\"https:\\\/\\\/tinychat.com\\\/azar\\\/\",\"url\":\"https:\\\/\\\/tinychat.com\\\/azar\\\/\",\"name\":\"Azar - Alternative to OmeTV & Monkey App - TinyChat.com\",\"isPartOf\":{\"@id\":\"https:\\\/\\\/tinychat.com\\\/#website\"},\"datePublished\":\"2025-08-11T07:06:16+00:00\",\"dateModified\":\"2025-08-11T07:12:11+00:00\",\"description\":\"Enjoying Azar? Join over 50,000,000 strangers on TinyChat! Turn on your cam and start meeting new people, or find a match.\",\"breadcrumb\":{\"@id\":\"https:\\\/\\\/tinychat.com\\\/azar\\\/#breadcrumb\"},\"inLanguage\":\"es\",\"potentialAction\":[{\"@type\":\"ReadAction\",\"target\":[\"https:\\\/\\\/tinychat.com\\\/azar\\\/\"]}]},{\"@type\":\"BreadcrumbList\",\"@id\":\"https:\\\/\\\/tinychat.com\\\/azar\\\/#breadcrumb\",\"itemListElement\":[{\"@type\":\"ListItem\",\"position\":1,\"name\":\"Home\",\"item\":\"https:\\\/\\\/tinychat.com\\\/\"},{\"@type\":\"ListItem\",\"position\":2,\"name\":\"Azar\"}]},{\"@type\":\"WebSite\",\"@id\":\"https:\\\/\\\/tinychat.com\\\/#website\",\"url\":\"https:\\\/\\\/tinychat.com\\\/\",\"name\":\"TinyChat\",\"description\":\"Random Video Chat with Strangers\",\"publisher\":{\"@id\":\"https:\\\/\\\/tinychat.com\\\/#organization\"},\"alternateName\":\"TinyChat.com\",\"potentialAction\":[{\"@type\":\"SearchAction\",\"target\":{\"@type\":\"EntryPoint\",\"urlTemplate\":\"https:\\\/\\\/tinychat.com\\\/?s={search_term_string}\"},\"query-input\":{\"@type\":\"PropertyValueSpecification\",\"valueRequired\":true,\"valueName\":\"search_term_string\"}}],\"inLanguage\":\"es\"},{\"@type\":\"Organization\",\"@id\":\"https:\\\/\\\/tinychat.com\\\/#organization\",\"name\":\"TinyChat\",\"alternateName\":\"TinyChat.com\",\"url\":\"https:\\\/\\\/tinychat.com\\\/\",\"logo\":{\"@type\":\"ImageObject\",\"inLanguage\":\"es\",\"@id\":\"https:\\\/\\\/tinychat.com\\\/#\\\/schema\\\/logo\\\/image\\\/\",\"url\":\"https:\\\/\\\/tinychat.com\\\/wp-content\\\/uploads\\\/2023\\\/11\\\/Tinychat-icon-square.png\",\"contentUrl\":\"https:\\\/\\\/tinychat.com\\\/wp-content\\\/uploads\\\/2023\\\/11\\\/Tinychat-icon-square.png\",\"width\":284,\"height\":284,\"caption\":\"TinyChat\"},\"image\":{\"@id\":\"https:\\\/\\\/tinychat.com\\\/#\\\/schema\\\/logo\\\/image\\\/\"},\"sameAs\":[\"https:\\\/\\\/www.facebook.com\\\/tinychat\",\"https:\\\/\\\/x.com\\\/tinychat\"]}]}<\/script>\n<!-- \/ Yoast SEO plugin. -->","yoast_head_json":{"title":"Azar - Alternativa a OmeTV y Monkey App - TinyChat.com","description":"\u00bfDisfrutas de Azar? \u00a1\u00danete a m\u00e1s de 50.000.000 de desconocidos en TinyChat! Enciende tu c\u00e1mara y empieza a conocer gente nueva, o encuentra una pareja.","robots":{"index":"index","follow":"follow","max-snippet":"max-snippet:-1","max-image-preview":"max-image-preview:large","max-video-preview":"max-video-preview:-1"},"canonical":"https:\/\/tinychat.com\/es\/azar\/","og_locale":"es_ES","og_type":"article","og_title":"Azar - Alternative to OmeTV & Monkey App - TinyChat.com","og_description":"Enjoying Azar? Join over 50,000,000 strangers on TinyChat! Turn on your cam and start meeting new people, or find a match.","og_url":"https:\/\/tinychat.com\/es\/azar\/","og_site_name":"TinyChat","article_publisher":"https:\/\/www.facebook.com\/tinychat","article_modified_time":"2025-08-11T07:12:11+00:00","og_image":[{"width":1280,"height":284,"url":"https:\/\/tinychat.com\/wp-content\/uploads\/2020\/04\/Tinychat-logo-1280x284-new-black.png","type":"image\/png"}],"twitter_card":"summary_large_image","twitter_site":"@tinychat","twitter_misc":{"Tiempo de lectura":"5 minutos"},"schema":{"@context":"https:\/\/schema.org","@graph":[{"@type":"WebPage","@id":"https:\/\/tinychat.com\/azar\/","url":"https:\/\/tinychat.com\/azar\/","name":"Azar - Alternativa a OmeTV y Monkey App - TinyChat.com","isPartOf":{"@id":"https:\/\/tinychat.com\/#website"},"datePublished":"2025-08-11T07:06:16+00:00","dateModified":"2025-08-11T07:12:11+00:00","description":"\u00bfDisfrutas de Azar? \u00a1\u00danete a m\u00e1s de 50.000.000 de desconocidos en TinyChat! Enciende tu c\u00e1mara y empieza a conocer gente nueva, o encuentra una pareja.","breadcrumb":{"@id":"https:\/\/tinychat.com\/azar\/#breadcrumb"},"inLanguage":"es","potentialAction":[{"@type":"ReadAction","target":["https:\/\/tinychat.com\/azar\/"]}]},{"@type":"BreadcrumbList","@id":"https:\/\/tinychat.com\/azar\/#breadcrumb","itemListElement":[{"@type":"ListItem","position":1,"name":"Home","item":"https:\/\/tinychat.com\/"},{"@type":"ListItem","position":2,"name":"Azar"}]},{"@type":"WebSite","@id":"https:\/\/tinychat.com\/#website","url":"https:\/\/tinychat.com\/","name":"TinyChat","description":"Videochat aleatorio con desconocidos","publisher":{"@id":"https:\/\/tinychat.com\/#organization"},"alternateName":"TinyChat.com","potentialAction":[{"@type":"SearchAction","target":{"@type":"EntryPoint","urlTemplate":"https:\/\/tinychat.com\/?s={search_term_string}"},"query-input":{"@type":"PropertyValueSpecification","valueRequired":true,"valueName":"search_term_string"}}],"inLanguage":"es"},{"@type":"Organization","@id":"https:\/\/tinychat.com\/#organization","name":"TinyChat","alternateName":"TinyChat.com","url":"https:\/\/tinychat.com\/","logo":{"@type":"ImageObject","inLanguage":"es","@id":"https:\/\/tinychat.com\/#\/schema\/logo\/image\/","url":"https:\/\/tinychat.com\/wp-content\/uploads\/2023\/11\/Tinychat-icon-square.png","contentUrl":"https:\/\/tinychat.com\/wp-content\/uploads\/2023\/11\/Tinychat-icon-square.png","width":284,"height":284,"caption":"TinyChat"},"image":{"@id":"https:\/\/tinychat.com\/#\/schema\/logo\/image\/"},"sameAs":["https:\/\/www.facebook.com\/tinychat","https:\/\/x.com\/tinychat"]}]}},"_links":{"self":[{"href":"https:\/\/tinychat.com\/es\/wp-json\/wp\/v2\/pages\/980","targetHints":{"allow":["GET"]}}],"collection":[{"href":"https:\/\/tinychat.com\/es\/wp-json\/wp\/v2\/pages"}],"about":[{"href":"https:\/\/tinychat.com\/es\/wp-json\/wp\/v2\/types\/page"}],"author":[{"embeddable":true,"href":"https:\/\/tinychat.com\/es\/wp-json\/wp\/v2\/users\/6"}],"replies":[{"embeddable":true,"href":"https:\/\/tinychat.com\/es\/wp-json\/wp\/v2\/comments?post=980"}],"version-history":[{"count":4,"href":"https:\/\/tinychat.com\/es\/wp-json\/wp\/v2\/pages\/980\/revisions"}],"predecessor-version":[{"id":13425,"href":"https:\/\/tinychat.com\/es\/wp-json\/wp\/v2\/pages\/980\/revisions\/13425"}],"wp:attachment":[{"href":"https:\/\/tinychat.com\/es\/wp-json\/wp\/v2\/media?parent=980"}],"curies":[{"name":"wp","href":"https:\/\/api.w.org\/{rel}","templated":true}]}}