{"id":10116,"date":"2025-12-02T10:02:33","date_gmt":"2025-12-02T08:02:33","guid":{"rendered":"https:\/\/tinychat.com\/?page_id=10116"},"modified":"2025-12-02T12:03:02","modified_gmt":"2025-12-02T10:03:02","slug":"stickam","status":"publish","type":"page","link":"https:\/\/tinychat.com\/fr\/stickam\/","title":{"rendered":"Stickam"},"content":{"rendered":"<p>Avant Twitch, avant YouNow, avant TikTok Live, il y avait Stickam. Pendant pr\u00e8s d'une d\u00e9cennie, Stickam a \u00e9t\u00e9 l'une des plateformes de chat vid\u00e9o en direct les plus innovantes et les plus appr\u00e9ci\u00e9es d'Internet. Ce n'\u00e9tait pas seulement un site web, c'\u00e9tait un ph\u00e9nom\u00e8ne culturel. Des millions d'adolescents, de musiciens, de gamers, de vloggers et de cr\u00e9ateurs s'y retrouvaient chaque jour pour diffuser en direct, passer du temps ensemble, diffuser des webcams, animer des salons de discussion et former d'\u00e9normes communaut\u00e9s en ligne, bien avant l'\u00e8re moderne des r\u00e9seaux sociaux.<\/p>\n<p>M\u00eame si Stickam a ferm\u00e9 ses portes en 2013, son h\u00e9ritage perdure. De nombreuses fonctionnalit\u00e9s consid\u00e9r\u00e9es aujourd'hui comme \u201c standard \u201d (salles vid\u00e9o multi-utilisateurs, flux en direct int\u00e9gr\u00e9s, superpositions de chat interactif, fan clubs et diffusion de type cr\u00e9ateur) ont toutes \u00e9t\u00e9 mises en place tr\u00e8s t\u00f4t par Stickam, souvent des ann\u00e9es avant ses concurrents.<\/p>\n<p>Cette analyse explore ce qu'\u00e9tait Stickam, son fonctionnement, ses principales fonctionnalit\u00e9s, la culture de sa communaut\u00e9, ses outils de s\u00e9curit\u00e9, ses comparaisons avec les plateformes modernes, les raisons de sa fermeture et les raisons pour lesquelles il reste l'un des sites de chat les plus importants de l'histoire d'Internet.<\/p>\n<h2>Qu'\u00e9tait Stickam ?<\/h2>\n<p>Stickam (lanc\u00e9 en 2005) \u00e9tait une plateforme pionni\u00e8re de streaming vid\u00e9o en direct et de chat. \u00c0 une \u00e9poque o\u00f9 les webcams \u00e9taient encore rares et o\u00f9 les r\u00e9seaux sociaux en \u00e9taient \u00e0 leurs balbutiements, Stickam permettait aux utilisateurs :<\/p>\n<ul>\n<li>Diffusion en direct via leur webcam<\/li>\n<li>Rejoignez des salons de discussion vid\u00e9o multi-utilisateurs<\/li>\n<li>Organisez des spectacles publics ou priv\u00e9s en direct<\/li>\n<li>Interagissez en temps r\u00e9el avec vos fans et vos spectateurs<\/li>\n<li>Cr\u00e9er des pages de profil personnalisables<\/li>\n<li>Partagez simultan\u00e9ment des fichiers audio, vid\u00e9o et webcam<\/li>\n<\/ul>\n<p>Il est devenu particuli\u00e8rement populaire aupr\u00e8s :<\/p>\n<ul>\n<li>Adolescents et jeunes adultes<\/li>\n<li>Musiciens faisant la promotion de leur travail<\/li>\n<li>Groupes ind\u00e9pendants et sc\u00e8nes underground<\/li>\n<li>Les premiers cr\u00e9ateurs YouTube<\/li>\n<li>Cosplayers, gamers et fans d'anime<\/li>\n<li>Animateurs de talk-shows en direct et streamers de personnalit\u00e9s<\/li>\n<\/ul>\n<p>Stickam n'\u00e9tait pas seulement un site de chat, c'\u00e9tait l'un des premiers \u00e9cosyst\u00e8mes sociaux de diffusion en direct, et des milliers de cr\u00e9ateurs le consid\u00e8rent aujourd'hui comme leur point de d\u00e9part.<\/p>\n<h2>Caract\u00e9ristiques principales du Stickam<\/h2>\n<p>Stickam \u00e9tait en avance sur son temps. Bon nombre de ses fonctionnalit\u00e9s \u00e9taient r\u00e9volutionnaires bien avant que des plateformes telles que Twitch, YouNow, Instagram Live et TikTok n'adoptent des concepts similaires.<\/p>\n<h3>1. Diffusion en direct multi-cam\u00e9ras<\/h3>\n<p>Les utilisateurs pouvaient diffuser :<\/p>\n<ul>\n<li>Leur webcam<\/li>\n<li>Une cam\u00e9ra vid\u00e9o externe<\/li>\n<li>Vid\u00e9os pr\u00e9enregistr\u00e9es<\/li>\n<li>Flux audio en direct<\/li>\n<\/ul>\n<p>Cela a ouvert la voie aux musiciens, DJ, podcasteurs et vlogueurs.<\/p>\n<h3>2. Salons de discussion vid\u00e9o multi-utilisateurs<\/h3>\n<p>Stickam autorisait jusqu'\u00e0 6 fen\u00eatres vid\u00e9o dans une seule salle de discussion, ce qui \u00e9tait r\u00e9volutionnaire \u00e0 l'\u00e9poque. Les utilisateurs pouvaient :<\/p>\n<ul>\n<li>Rejoindre les salles publiques<\/li>\n<li>Cr\u00e9er des salles priv\u00e9es<\/li>\n<li>Organiser des conversations de groupe<\/li>\n<li>Rencontrer de nouvelles personnes dans un cadre social<\/li>\n<li>Construire des communaut\u00e9s r\u00e9currentes<\/li>\n<\/ul>\n<p>C'\u00e9tait l\u00e0 le fondement de la culture Stickam.<\/p>\n<h3>3. Syst\u00e8me \u00ab Suivre \u00bb et \u00ab Ami \u00bb<\/h3>\n<p>Bien avant Instagram et Twitch, Stickam avait :<\/p>\n<ul>\n<li>Listes d'amis<\/li>\n<li>Diffusion bas\u00e9e sur les abonn\u00e9s<\/li>\n<li>Communaut\u00e9s de fans<\/li>\n<li>Murs de profil et commentaires<\/li>\n<\/ul>\n<p>Les cr\u00e9ateurs pouvaient se constituer un public directement sur la plateforme.<\/p>\n<h3>4. Spectacles publics et priv\u00e9s<\/h3>\n<p>Les utilisateurs pouvaient choisir entre :<\/p>\n<ul>\n<li>Diffusions publiques (ouvertes \u00e0 tous)<\/li>\n<li>Spectacles priv\u00e9s (sur invitation uniquement)<\/li>\n<li>Discussions de groupe<\/li>\n<\/ul>\n<p>Cette flexibilit\u00e9 a attir\u00e9 des artistes, des influenceurs et des animateurs communautaires.<\/p>\n<h3>5. Personnalisation du profil<\/h3>\n<p>Les utilisateurs pouvaient personnaliser leur page avec :<\/p>\n<ul>\n<li>Skins et arri\u00e8re-plans<\/li>\n<li>Lecteurs de musique<\/li>\n<li>Vid\u00e9os int\u00e9gr\u00e9es<\/li>\n<li>Sections biographiques personnelles<\/li>\n<\/ul>\n<p>On aurait dit un m\u00e9lange entre MySpace, Twitch et Chatroulette.<\/p>\n<h3>6. Communaut\u00e9 des jeunes et des adolescents<\/h3>\n<p>Le Stickam \u00e9tait particuli\u00e8rement populaire aupr\u00e8s des jeunes utilisateurs. Il comptait d'importantes communaut\u00e9s de fans autour des th\u00e8mes suivants :<\/p>\n<ul>\n<li>Musique<\/li>\n<li>Anime<\/li>\n<li>Culture emo\/sc\u00e8ne<\/li>\n<li>Jeux<\/li>\n<li>Cosplay<\/li>\n<li>Vlogging<\/li>\n<\/ul>\n<p>C'\u00e9tait l'un des premiers sites en ligne o\u00f9 les cultures jeunes se sont d\u00e9velopp\u00e9es massivement.<\/p>\n<h3>7. Diffusion audio uniquement<\/h3>\n<p>Groupes et DJ souvent diffus\u00e9s :<\/p>\n<ul>\n<li>Sets live<\/li>\n<li>Sessions acoustiques<\/li>\n<li>S\u00e9ances en studio<\/li>\n<li>Premi\u00e8res musicales<\/li>\n<\/ul>\n<p>Stickam est devenu une plateforme permettant aux musiciens de promouvoir leur travail directement aupr\u00e8s de leurs fans.<\/p>\n<h3>8. Utilisation gratuite<\/h3>\n<p>La plateforme est rest\u00e9e enti\u00e8rement gratuite tout au long de son existence, ce qui a contribu\u00e9 \u00e0 sa popularit\u00e9 mondiale.<\/p>\n<h2>Comment fonctionnait le Stickam<\/h2>\n<p>L'utilisation de Stickam \u00e9tait simple par rapport aux plateformes de streaming modernes. Voici comment se d\u00e9roulait une session type :<\/p>\n<h3>\u00c9tape 1 : Cr\u00e9er un compte<\/h3>\n<p>Les utilisateurs ont cr\u00e9\u00e9 un profil gratuit.<\/p>\n<h3>\u00c9tape 2 : Personnalisez votre espace<\/h3>\n<p>Ajoutez des photos, un th\u00e8me de profil, un fichier audio et une biographie.<\/p>\n<h3>\u00c9tape 3 : Mise en ligne<\/h3>\n<p>Cliquez sur \u201c Go Live \u201d, choisissez votre webcam et commencez \u00e0 diffuser.<\/p>\n<h3>\u00c9tape 4 : Rejoignez un salon de discussion<\/h3>\n<p>Parcourir les chambres selon :<\/p>\n<ul>\n<li>Groupes d'\u00e2ge<\/li>\n<li>Genres musicaux<\/li>\n<li>Jeux<\/li>\n<li>Th\u00e8mes<\/li>\n<li>Groupes communautaires<\/li>\n<\/ul>\n<h3>\u00c9tape 5 : Interagir<\/h3>\n<p>Les utilisateurs pouvaient discuter, se connecter par cam\u00e9ra ou envoyer des demandes d'ajout \u00e0 leur liste d'amis.<\/p>\n<h3>\u00c9tape 6 : Construisez une communaut\u00e9<\/h3>\n<p>Si vous animiez des \u00e9missions ou diffusiez r\u00e9guli\u00e8rement, vous gagniez des fans et des t\u00e9l\u00e9spectateurs r\u00e9guliers.<\/p>\n<p>Stickam ressemblait davantage \u00e0 un univers social qu'\u00e0 un simple site de chat.<\/p>\n<h2>Exp\u00e9rience utilisateur sur Stickam<\/h2>\n<p>Stickam \u00e9tait connu pour sa communaut\u00e9 vivante et dynamique. L'ambiance \u00e9tait un m\u00e9lange de :<\/p>\n<ul>\n<li>Les d\u00e9buts de la culture cr\u00e9ative sur Internet<\/li>\n<li>Vlogging en direct<\/li>\n<li>Lieux de rencontre pour adolescents<\/li>\n<li>Sc\u00e8nes musicales ind\u00e9pendantes<\/li>\n<li>Amiti\u00e9s et communaut\u00e9s de fans en ligne<\/li>\n<\/ul>\n<h3>Ce que les utilisateurs ont aim\u00e9<\/h3>\n<ul>\n<li>Salles vid\u00e9o multi-utilisateurs<\/li>\n<li>Profils personnalisables<\/li>\n<li>Des outils de diffusion en direct tr\u00e8s en avance sur leur temps<\/li>\n<li>Fort sentiment d'appartenance \u00e0 la communaut\u00e9<\/li>\n<li>Options de chat public et priv\u00e9<\/li>\n<li>D\u00e9couvrir de nouveaux musiciens et cr\u00e9ateurs<\/li>\n<li>Acc\u00e8s gratuit<\/li>\n<\/ul>\n<h3>O\u00f9 cela a parfois pos\u00e9 probl\u00e8me<\/h3>\n<ul>\n<li>D\u00e9fis li\u00e9s \u00e0 la mod\u00e9ration (foule immense + jeunes utilisateurs)<\/li>\n<li>Probl\u00e8mes occasionnels de stabilit\u00e9<\/li>\n<li>Les chambres tr\u00e8s demand\u00e9es pourraient se remplir rapidement.<\/li>\n<li>Difficult\u00e9 \u00e0 g\u00e9rer un trafic intense pendant les heures de pointe<\/li>\n<\/ul>\n<p>Pourtant, l'authenticit\u00e9 brute de la plateforme la rendait inoubliable.<\/p>\n<h2>Stickam vs. Plateformes de chat modernes<\/h2>\n<p>Voici comment Stickam se compare aux principaux sites de chat et plateformes de diffusion en direct actuels :<\/p>\n<table>\n<thead>\n<tr>\n<th>Fonctionnalit\u00e9<\/th>\n<th>Stickam (Ancien mod\u00e8le)<\/th>\n<th>Twitch<\/th>\n<th>TinyChat<\/th>\n<th>Chatroulette<\/th>\n<th>YouNow<\/th>\n<th>Discord<\/th>\n<\/tr>\n<\/thead>\n<tbody>\n<tr>\n<td>Salles vid\u00e9o multi-utilisateurs<\/td>\n<td>\u2b50 Oui<\/td>\n<td>Non<\/td>\n<td>Oui<\/td>\n<td>Non<\/td>\n<td>Non<\/td>\n<td>Oui<\/td>\n<\/tr>\n<tr>\n<td>Diffusions en direct personnelles<\/td>\n<td>Oui<\/td>\n<td>Oui<\/td>\n<td>Limit\u00e9e<\/td>\n<td>Non<\/td>\n<td>Oui<\/td>\n<td>Limit\u00e9e<\/td>\n<\/tr>\n<tr>\n<td>Correspondance al\u00e9atoire dans le chat<\/td>\n<td>Non<\/td>\n<td>Non<\/td>\n<td>Non<\/td>\n<td>Oui<\/td>\n<td>Non<\/td>\n<td>Non<\/td>\n<\/tr>\n<tr>\n<td>Profils personnalisables<\/td>\n<td>Oui<\/td>\n<td>Limit\u00e9e<\/td>\n<td>Limit\u00e9e<\/td>\n<td>Non<\/td>\n<td>Limit\u00e9e<\/td>\n<td>Oui<\/td>\n<\/tr>\n<tr>\n<td>Communaut\u00e9s d'adolescents\/de jeunes<\/td>\n<td>Tr\u00e8s fort<\/td>\n<td>Mod\u00e9r\u00e9<\/td>\n<td>Fort<\/td>\n<td>Faible<\/td>\n<td>Fort<\/td>\n<td>Fort<\/td>\n<\/tr>\n<tr>\n<td>Fonctionnalit\u00e9s des r\u00e9seaux sociaux<\/td>\n<td>Oui<\/td>\n<td>Partiel<\/td>\n<td>Partiel<\/td>\n<td>Non<\/td>\n<td>Partiel<\/td>\n<td>Oui<\/td>\n<\/tr>\n<tr>\n<td>Utilisation gratuite<\/td>\n<td>Oui<\/td>\n<td>Partiellement<\/td>\n<td>Principalement<\/td>\n<td>Oui<\/td>\n<td>Oui<\/td>\n<td>Oui<\/td>\n<\/tr>\n<\/tbody>\n<\/table>\n<p>Stickam n'\u00e9tait pas un site de chat vid\u00e9o al\u00e9atoire comme Omegle, mais plut\u00f4t l'anc\u00eatre spirituel des plateformes sociales modernes de diffusion en direct.<\/p>\n<h2>S\u00e9curit\u00e9 et mod\u00e9ration sur Stickam<\/h2>\n<p>Stickam a beaucoup investi dans la s\u00e9curit\u00e9 \u00e0 l'\u00e9poque, notamment :<\/p>\n<ul>\n<li>Mod\u00e9rateurs manuels<\/li>\n<li>Syst\u00e8mes de reporting<\/li>\n<li>Salons de discussion sp\u00e9cifiques \u00e0 chaque tranche d'\u00e2ge<\/li>\n<li>R\u00e8gles contre les contenus inappropri\u00e9s<\/li>\n<li>Outils d'interdiction<\/li>\n<\/ul>\n<p>Cependant, comme la plupart des plateformes fr\u00e9quent\u00e9es par un grand nombre d'adolescents, les exigences en mati\u00e8re de mod\u00e9ration \u00e9taient extr\u00eamement \u00e9lev\u00e9es.<\/p>\n<h3>Comment les utilisateurs ont assur\u00e9 leur s\u00e9curit\u00e9<\/h3>\n<ul>\n<li>\u00c9vit\u00e9 de partager des informations personnelles<\/li>\n<li>S\u00e9journ\u00e9 dans des chambres mod\u00e9r\u00e9es<\/li>\n<li>Contrevenants signal\u00e9s<\/li>\n<li>Chambres priv\u00e9es utilis\u00e9es pour des amis de confiance<\/li>\n<\/ul>\n<p>Le Stickam a servi d'exp\u00e9rience d'apprentissage pour les futures plateformes sur la mani\u00e8re de g\u00e9rer des communaut\u00e9s de jeunes \u00e0 grande \u00e9chelle.<\/p>\n<h2>Pourquoi Stickam a-t-il \u00e9t\u00e9 ferm\u00e9 ?<\/h2>\n<p>Stickam a ferm\u00e9 ses portes de mani\u00e8re inattendue en janvier 2013, publiant un message d'adieu qui soulignait :<\/p>\n<ul>\n<li>Il n'avait jamais \u00e9t\u00e9 vendu.<\/li>\n<li>Il n'a pas \u00e9t\u00e9 acquis.<\/li>\n<li>Il fermait ses portes en raison de d\u00e9cisions commerciales internes.<\/li>\n<\/ul>\n<p>Les experts du secteur sugg\u00e8rent plusieurs raisons, notamment :<\/p>\n<ul>\n<li>Augmentation des co\u00fbts li\u00e9s aux serveurs et \u00e0 la bande passante<\/li>\n<li>Exigences \u00e9lev\u00e9es en mati\u00e8re de mod\u00e9ration<\/li>\n<li>Concurrence croissante de YouNow, TinyChat et Twitch \u00e0 ses d\u00e9buts<\/li>\n<li>Passage aux applications mobiles<\/li>\n<li>\u00c9volution des mod\u00e8les de revenus publicitaires<\/li>\n<\/ul>\n<p>M\u00eame apr\u00e8s sa fermeture, l'influence de Stickam est rest\u00e9e consid\u00e9rable.<\/p>\n<h2>Qu'est-ce qui a rendu le Stickam embl\u00e9matique ?<\/h2>\n<p>On se souvient avec \u00e9motion du Stickam car il \u00e9tait :<\/p>\n<ul>\n<li>Un centre culturel pour les communaut\u00e9s de jeunes<\/li>\n<li>Une rampe de lancement pour les futures c\u00e9l\u00e9brit\u00e9s et influenceurs<\/li>\n<li>L'une des premi\u00e8res plateformes de diffusion en direct<\/li>\n<li>Un lieu o\u00f9 de solides amiti\u00e9s se sont nou\u00e9es<\/li>\n<li>Un pionnier du chat webcam multi-utilisateurs<\/li>\n<li>Un espace cr\u00e9atif o\u00f9 la musique, l'art et la culture Internet naissante ont prosp\u00e9r\u00e9.<\/li>\n<\/ul>\n<p>Aujourd'hui encore, des milliers de personnes affirment que Stickam a \u00e9t\u00e9 leur premi\u00e8re exp\u00e9rience d'une communaut\u00e9 num\u00e9rique et d'une connexion en ligne.<\/p>\n<h2>Alternatives modernes au Stickam<\/h2>\n<p>Si les utilisateurs recherchent une exp\u00e9rience moderne similaire \u00e0 celle offerte par Stickam, ces plateformes s'en rapprochent le plus :<\/p>\n<ul>\n<li>TinyChat (salles vid\u00e9o multi-utilisateurs)<\/li>\n<li>YouNow (diffusion en direct par les cr\u00e9ateurs)<\/li>\n<li>Twitch (diffusion en direct, en particulier de jeux vid\u00e9o)<\/li>\n<li>Discord (serveurs communautaires et salles vid\u00e9o)<\/li>\n<li>FaceFlow (chat vid\u00e9o de groupe)<\/li>\n<li>Camfrog (communaut\u00e9s vid\u00e9o bas\u00e9es sur les centres d'int\u00e9r\u00eat)<\/li>\n<\/ul>\n<p>Aucun ne reproduit exactement le Stickam, mais chacun porte en lui une partie de son h\u00e9ritage.<\/p>\n<h2>Conclusion : l'h\u00e9ritage de Stickam<\/h2>\n<p>Stickam n'\u00e9tait pas seulement un site de chat. C'\u00e9tait le berceau de la culture moderne du livestreaming. Il a inspir\u00e9 les plateformes que nous utilisons aujourd'hui et a prouv\u00e9 que les gens du monde entier aspiraient \u00e0 une connexion en temps r\u00e9el bien avant que le \u201c livestreaming \u201d ne devienne courant.<\/p>\n<p>Que vous ayez \u00e9t\u00e9 :<\/p>\n<ul>\n<li>Passer du temps dans des salles vid\u00e9o de groupe<\/li>\n<li>Regarder votre groupe indie pr\u00e9f\u00e9r\u00e9 se produire<\/li>\n<li>Construire un cercle d'amis num\u00e9riques<\/li>\n<li>Animation de discussions nocturnes par webcam<\/li>\n<li>Cr\u00e9ation des premi\u00e8res \u00e9missions en ligne<\/li>\n<\/ul>\n<p>Stickam \u00e9tait le lieu o\u00f9 la culture Internet prosp\u00e9rait.<\/p>\n<p>Stickam reste l'une des plateformes de chat les plus importantes de l'histoire, une pionni\u00e8re qui a fa\u00e7onn\u00e9 le livestreaming, la culture des cr\u00e9ateurs et les communaut\u00e9s sociales en ligne tels que nous les connaissons aujourd'hui.<\/p>\n<p>Il a peut-\u00eatre disparu, mais son h\u00e9ritage continue d'influencer l'ensemble du monde num\u00e9rique.<\/p>","protected":false},"excerpt":{"rendered":"<p>Before Twitch, before YouNow, before TikTok Live \u2014 there was Stickam. For nearly a decade, Stickam was one of the internet\u2019s most innovative and beloved live video chat platforms. It wasn\u2019t just a website; it was a cultural phenomenon. Millions of teens, musicians, gamers, vloggers, and creators gathered there daily to livestream, hang out, broadcast [&hellip;]<\/p>\n","protected":false},"author":6,"featured_media":0,"parent":0,"menu_order":0,"comment_status":"closed","ping_status":"closed","template":"","meta":{"footnotes":""},"class_list":["post-10116","page","type-page","status-publish","hentry"],"yoast_head":"<!-- This site is optimized with the Yoast SEO plugin v27.4 - https:\/\/yoast.com\/product\/yoast-seo-wordpress\/ -->\n<title>Stickam - Original Video Chat Roulette - TinyChat.com<\/title>\n<meta name=\"description\" content=\"Enjoying Stickam? Join over 50,000,000 strangers on TinyChat! Turn on your cam and start meeting new people, or find a match.\" \/>\n<meta name=\"robots\" content=\"index, follow, max-snippet:-1, max-image-preview:large, max-video-preview:-1\" \/>\n<link rel=\"canonical\" href=\"https:\/\/tinychat.com\/fr\/stickam\/\" \/>\n<meta property=\"og:locale\" content=\"fr_FR\" \/>\n<meta property=\"og:type\" content=\"article\" \/>\n<meta property=\"og:title\" content=\"Stickam - Original Video Chat Roulette - TinyChat.com\" \/>\n<meta property=\"og:description\" content=\"Enjoying Stickam? Join over 50,000,000 strangers on TinyChat! Turn on your cam and start meeting new people, or find a match.\" \/>\n<meta property=\"og:url\" content=\"https:\/\/tinychat.com\/fr\/stickam\/\" \/>\n<meta property=\"og:site_name\" content=\"TinyChat\" \/>\n<meta property=\"article:publisher\" content=\"https:\/\/www.facebook.com\/tinychat\" \/>\n<meta property=\"article:modified_time\" content=\"2025-12-02T10:03:02+00:00\" \/>\n<meta property=\"og:image\" content=\"https:\/\/tinychat.com\/wp-content\/uploads\/2020\/04\/Tinychat-logo-1280x284-new-black.png\" \/>\n\t<meta property=\"og:image:width\" content=\"1280\" \/>\n\t<meta property=\"og:image:height\" content=\"284\" \/>\n\t<meta property=\"og:image:type\" content=\"image\/png\" \/>\n<meta name=\"twitter:card\" content=\"summary_large_image\" \/>\n<meta name=\"twitter:site\" content=\"@tinychat\" \/>\n<meta name=\"twitter:label1\" content=\"Dur\u00e9e de lecture estim\u00e9e\" \/>\n\t<meta name=\"twitter:data1\" content=\"6 minutes\" \/>\n<script type=\"application\/ld+json\" class=\"yoast-schema-graph\">{\"@context\":\"https:\\\/\\\/schema.org\",\"@graph\":[{\"@type\":\"WebPage\",\"@id\":\"https:\\\/\\\/tinychat.com\\\/stickam\\\/\",\"url\":\"https:\\\/\\\/tinychat.com\\\/stickam\\\/\",\"name\":\"Stickam - Original Video Chat Roulette - TinyChat.com\",\"isPartOf\":{\"@id\":\"https:\\\/\\\/tinychat.com\\\/#website\"},\"datePublished\":\"2025-12-02T08:02:33+00:00\",\"dateModified\":\"2025-12-02T10:03:02+00:00\",\"description\":\"Enjoying Stickam? Join over 50,000,000 strangers on TinyChat! Turn on your cam and start meeting new people, or find a match.\",\"breadcrumb\":{\"@id\":\"https:\\\/\\\/tinychat.com\\\/stickam\\\/#breadcrumb\"},\"inLanguage\":\"fr-FR\",\"potentialAction\":[{\"@type\":\"ReadAction\",\"target\":[\"https:\\\/\\\/tinychat.com\\\/stickam\\\/\"]}]},{\"@type\":\"BreadcrumbList\",\"@id\":\"https:\\\/\\\/tinychat.com\\\/stickam\\\/#breadcrumb\",\"itemListElement\":[{\"@type\":\"ListItem\",\"position\":1,\"name\":\"Home\",\"item\":\"https:\\\/\\\/tinychat.com\\\/\"},{\"@type\":\"ListItem\",\"position\":2,\"name\":\"Stickam\"}]},{\"@type\":\"WebSite\",\"@id\":\"https:\\\/\\\/tinychat.com\\\/#website\",\"url\":\"https:\\\/\\\/tinychat.com\\\/\",\"name\":\"TinyChat\",\"description\":\"Random Video Chat with Strangers\",\"publisher\":{\"@id\":\"https:\\\/\\\/tinychat.com\\\/#organization\"},\"alternateName\":\"TinyChat.com\",\"potentialAction\":[{\"@type\":\"SearchAction\",\"target\":{\"@type\":\"EntryPoint\",\"urlTemplate\":\"https:\\\/\\\/tinychat.com\\\/?s={search_term_string}\"},\"query-input\":{\"@type\":\"PropertyValueSpecification\",\"valueRequired\":true,\"valueName\":\"search_term_string\"}}],\"inLanguage\":\"fr-FR\"},{\"@type\":\"Organization\",\"@id\":\"https:\\\/\\\/tinychat.com\\\/#organization\",\"name\":\"TinyChat\",\"alternateName\":\"TinyChat.com\",\"url\":\"https:\\\/\\\/tinychat.com\\\/\",\"logo\":{\"@type\":\"ImageObject\",\"inLanguage\":\"fr-FR\",\"@id\":\"https:\\\/\\\/tinychat.com\\\/#\\\/schema\\\/logo\\\/image\\\/\",\"url\":\"https:\\\/\\\/tinychat.com\\\/wp-content\\\/uploads\\\/2023\\\/11\\\/Tinychat-icon-square.png\",\"contentUrl\":\"https:\\\/\\\/tinychat.com\\\/wp-content\\\/uploads\\\/2023\\\/11\\\/Tinychat-icon-square.png\",\"width\":284,\"height\":284,\"caption\":\"TinyChat\"},\"image\":{\"@id\":\"https:\\\/\\\/tinychat.com\\\/#\\\/schema\\\/logo\\\/image\\\/\"},\"sameAs\":[\"https:\\\/\\\/www.facebook.com\\\/tinychat\",\"https:\\\/\\\/x.com\\\/tinychat\"]}]}<\/script>\n<!-- \/ Yoast SEO plugin. -->","yoast_head_json":{"title":"Stickam - Chat vid\u00e9o roulette original - TinyChat.com","description":"Vous aimez Stickam ? Rejoignez plus de 50 000 000 d'inconnus sur TinyChat ! Allumez votre webcam et commencez \u00e0 rencontrer de nouvelles personnes, ou trouvez votre \u00e2me s\u0153ur.","robots":{"index":"index","follow":"follow","max-snippet":"max-snippet:-1","max-image-preview":"max-image-preview:large","max-video-preview":"max-video-preview:-1"},"canonical":"https:\/\/tinychat.com\/fr\/stickam\/","og_locale":"fr_FR","og_type":"article","og_title":"Stickam - Original Video Chat Roulette - TinyChat.com","og_description":"Enjoying Stickam? Join over 50,000,000 strangers on TinyChat! Turn on your cam and start meeting new people, or find a match.","og_url":"https:\/\/tinychat.com\/fr\/stickam\/","og_site_name":"TinyChat","article_publisher":"https:\/\/www.facebook.com\/tinychat","article_modified_time":"2025-12-02T10:03:02+00:00","og_image":[{"width":1280,"height":284,"url":"https:\/\/tinychat.com\/wp-content\/uploads\/2020\/04\/Tinychat-logo-1280x284-new-black.png","type":"image\/png"}],"twitter_card":"summary_large_image","twitter_site":"@tinychat","twitter_misc":{"Dur\u00e9e de lecture estim\u00e9e":"6 minutes"},"schema":{"@context":"https:\/\/schema.org","@graph":[{"@type":"WebPage","@id":"https:\/\/tinychat.com\/stickam\/","url":"https:\/\/tinychat.com\/stickam\/","name":"Stickam - Chat vid\u00e9o roulette original - TinyChat.com","isPartOf":{"@id":"https:\/\/tinychat.com\/#website"},"datePublished":"2025-12-02T08:02:33+00:00","dateModified":"2025-12-02T10:03:02+00:00","description":"Vous aimez Stickam ? Rejoignez plus de 50 000 000 d'inconnus sur TinyChat ! Allumez votre webcam et commencez \u00e0 rencontrer de nouvelles personnes, ou trouvez votre \u00e2me s\u0153ur.","breadcrumb":{"@id":"https:\/\/tinychat.com\/stickam\/#breadcrumb"},"inLanguage":"fr-FR","potentialAction":[{"@type":"ReadAction","target":["https:\/\/tinychat.com\/stickam\/"]}]},{"@type":"BreadcrumbList","@id":"https:\/\/tinychat.com\/stickam\/#breadcrumb","itemListElement":[{"@type":"ListItem","position":1,"name":"Home","item":"https:\/\/tinychat.com\/"},{"@type":"ListItem","position":2,"name":"Stickam"}]},{"@type":"WebSite","@id":"https:\/\/tinychat.com\/#website","url":"https:\/\/tinychat.com\/","name":"TinyChat","description":"Chat vid\u00e9o al\u00e9atoire avec des inconnus","publisher":{"@id":"https:\/\/tinychat.com\/#organization"},"alternateName":"TinyChat.com","potentialAction":[{"@type":"SearchAction","target":{"@type":"EntryPoint","urlTemplate":"https:\/\/tinychat.com\/?s={search_term_string}"},"query-input":{"@type":"PropertyValueSpecification","valueRequired":true,"valueName":"search_term_string"}}],"inLanguage":"fr-FR"},{"@type":"Organization","@id":"https:\/\/tinychat.com\/#organization","name":"TinyChat","alternateName":"TinyChat.com","url":"https:\/\/tinychat.com\/","logo":{"@type":"ImageObject","inLanguage":"fr-FR","@id":"https:\/\/tinychat.com\/#\/schema\/logo\/image\/","url":"https:\/\/tinychat.com\/wp-content\/uploads\/2023\/11\/Tinychat-icon-square.png","contentUrl":"https:\/\/tinychat.com\/wp-content\/uploads\/2023\/11\/Tinychat-icon-square.png","width":284,"height":284,"caption":"TinyChat"},"image":{"@id":"https:\/\/tinychat.com\/#\/schema\/logo\/image\/"},"sameAs":["https:\/\/www.facebook.com\/tinychat","https:\/\/x.com\/tinychat"]}]}},"_links":{"self":[{"href":"https:\/\/tinychat.com\/fr\/wp-json\/wp\/v2\/pages\/10116","targetHints":{"allow":["GET"]}}],"collection":[{"href":"https:\/\/tinychat.com\/fr\/wp-json\/wp\/v2\/pages"}],"about":[{"href":"https:\/\/tinychat.com\/fr\/wp-json\/wp\/v2\/types\/page"}],"author":[{"embeddable":true,"href":"https:\/\/tinychat.com\/fr\/wp-json\/wp\/v2\/users\/6"}],"replies":[{"embeddable":true,"href":"https:\/\/tinychat.com\/fr\/wp-json\/wp\/v2\/comments?post=10116"}],"version-history":[{"count":3,"href":"https:\/\/tinychat.com\/fr\/wp-json\/wp\/v2\/pages\/10116\/revisions"}],"predecessor-version":[{"id":13587,"href":"https:\/\/tinychat.com\/fr\/wp-json\/wp\/v2\/pages\/10116\/revisions\/13587"}],"wp:attachment":[{"href":"https:\/\/tinychat.com\/fr\/wp-json\/wp\/v2\/media?parent=10116"}],"curies":[{"name":"wp","href":"https:\/\/api.w.org\/{rel}","templated":true}]}}