{"id":10160,"date":"2025-10-21T11:40:58","date_gmt":"2025-10-21T09:40:58","guid":{"rendered":"https:\/\/tinychat.com\/?page_id=10160"},"modified":"2025-10-21T13:23:07","modified_gmt":"2025-10-21T11:23:07","slug":"chateek","status":"publish","type":"page","link":"https:\/\/tinychat.com\/fr\/chateek\/","title":{"rendered":"Chateek"},"content":{"rendered":"<p>\u00c0 une \u00e9poque o\u00f9 les m\u00e9dias sociaux donnent souvent l'impression d'\u00eatre polis, r\u00e9p\u00e9titifs et impersonnels, Chateek r\u00e9tablit l'\u00e9l\u00e9ment humain de la communication en ligne - spontan\u00e9e, en direct et r\u00e9elle. Il s'agit d'une plateforme de chat vid\u00e9o al\u00e9atoire con\u00e7ue pour vous connecter instantan\u00e9ment avec des inconnus du monde entier. Pas d'inscription, pas de mur payant, pas d'\u00e9tapes compliqu\u00e9es - juste vous, votre cam\u00e9ra et un nouveau visage \u00e0 chaque fois que vous cliquez sur \u201cD\u00e9marrer\u201d.\u201d<\/p>\n<p>Con\u00e7u pour les personnes qui appr\u00e9cient les conversations authentiques, Chateek propose un chat vid\u00e9o gratuit en t\u00eate-\u00e0-t\u00eate dans une interface propre, rapide et conviviale. Que vous cherchiez \u00e0 vous faire des amis, \u00e0 pratiquer des langues ou simplement \u00e0 rencontrer de nouvelles personnes, il offre un moyen facile de s'engager dans une v\u00e9ritable connexion humaine, \u00e0 tout moment et en tout lieu.<\/p>\n<p>Cet examen approfondi couvre ce qu'est Chateek, comment il fonctionne, ses principales caract\u00e9ristiques, l'exp\u00e9rience de l'utilisateur, les mesures de s\u00e9curit\u00e9, les comparaisons avec les concurrents et les conseils pour tirer le meilleur parti de votre temps en ligne.<\/p>\n<h2>Qu'est-ce que Chateek ?<\/h2>\n<p>Chateek est un site de chat vid\u00e9o al\u00e9atoire gratuit qui met en relation des utilisateurs du monde entier pour des conversations instantan\u00e9es. Similaire au concept de Omegle, Chatroulette ou Emerald Chat, il associe les utilisateurs de mani\u00e8re al\u00e9atoire pour des chats vid\u00e9o en face \u00e0 face ou des conversations textuelles, favorisant ainsi des interactions rapides et anonymes.<\/p>\n<p>Ce qui rend Chateek unique, c'est sa combinaison de simplicit\u00e9, de port\u00e9e mondiale et de design moderne. Il fonctionne directement dans votre navigateur sans n\u00e9cessiter d'enregistrement ou de t\u00e9l\u00e9chargement et comprend des options permettant de s\u00e9lectionner des pays, des langues ou des sexes - des caract\u00e9ristiques qui renforcent la personnalisation tout en pr\u00e9servant l'anonymat.<\/p>\n<p>Il s'agit d'une solution interm\u00e9diaire parfaite entre les discussions totalement al\u00e9atoires et les interactions filtr\u00e9es et bas\u00e9es sur des sujets, offrant \u00e0 la fois libert\u00e9 et flexibilit\u00e9.<\/p>\n<h2>Caract\u00e9ristiques principales de Chateek<\/h2>\n<p>Chateek offre un \u00e9quilibre entre l'accessibilit\u00e9 et la fonctionnalit\u00e9, en combinant la technologie de chat moderne avec le plaisir spontan\u00e9 des anciennes plates-formes de chat.<\/p>\n<h3>1. Chat vid\u00e9o al\u00e9atoire<\/h3>\n<ul>\n<li>Vous met instantan\u00e9ment en contact avec des inconnus par le biais d'une webcam.<\/li>\n<li>Correspondance \u00e0 grande vitesse avec vid\u00e9o et audio fluides.<\/li>\n<li>Aucune inscription n'est n\u00e9cessaire.<\/li>\n<\/ul>\n<h3>2. Option de chat textuel<\/h3>\n<ul>\n<li>Mode texte seul int\u00e9gr\u00e9 pour les utilisateurs qui pr\u00e9f\u00e8rent taper.<\/li>\n<li>Id\u00e9al pour les connexions \u00e0 faible bande passante ou les utilisateurs soucieux de leur vie priv\u00e9e.<\/li>\n<\/ul>\n<h3>3. Filtres de genre et de pays<\/h3>\n<ul>\n<li>Choisissez de discuter avec des hommes, des femmes ou les deux.<\/li>\n<li>Choisissez parmi des dizaines de pays pour localiser votre exp\u00e9rience.<\/li>\n<li>Facilite la recherche d'utilisateurs correspondant \u00e0 vos pr\u00e9f\u00e9rences.<\/li>\n<\/ul>\n<h3>4. Compatibilit\u00e9 mobile<\/h3>\n<ul>\n<li>Fonctionne parfaitement sur les navigateurs mobiles.<\/li>\n<li>Le design responsive s'adapte automatiquement \u00e0 la taille de l'\u00e9cran.<\/li>\n<li>Id\u00e9al pour discuter en d\u00e9placement.<\/li>\n<\/ul>\n<h3>5. Acc\u00e8s instantan\u00e9, sans enregistrement<\/h3>\n<ul>\n<li>Compl\u00e8tement anonyme - pas besoin de comptes ou d'informations personnelles.<\/li>\n<li>Les conversations disparaissent lorsque vous vous d\u00e9connectez.<\/li>\n<\/ul>\n<h3>6. Prise en charge de plusieurs langues<\/h3>\n<ul>\n<li>Interface disponible en plusieurs langues.<\/li>\n<li>Populaire aupr\u00e8s des utilisateurs d'Europe, d'Asie et d'Am\u00e9rique latine.<\/li>\n<\/ul>\n<h3>7. Libre d'utilisation<\/h3>\n<ul>\n<li>100% chat vid\u00e9o et texte gratuit.<\/li>\n<li>Aucun frais cach\u00e9 ou mise \u00e0 niveau payante n'est n\u00e9cessaire.<\/li>\n<\/ul>\n<h2>Comment utiliser Chateek<\/h2>\n<p>Chateek met l'accent sur la rapidit\u00e9 et la simplicit\u00e9, ce qui permet \u00e0 tout un chacun de commencer \u00e0 discuter en quelques secondes.<\/p>\n<h3>\u00c9tape 1 : Visiter le site web<\/h3>\n<p>Ouvrez Chateek.com dans votre navigateur. Il fonctionne sur ordinateur de bureau, tablette ou mobile sans aucune installation.<\/p>\n<h3>\u00c9tape 2 : Activer la cam\u00e9ra et le microphone<\/h3>\n<p>Autorisez le site \u00e0 acc\u00e9der \u00e0 votre appareil photo et \u00e0 votre micro lorsque vous y \u00eates invit\u00e9.<\/p>\n<h3>\u00c9tape 3 : S\u00e9lection des pr\u00e9f\u00e9rences (facultatif)<\/h3>\n<ul>\n<li>Choisissez un pays pour entrer en contact avec des personnes de cette r\u00e9gion.<\/li>\n<li>D\u00e9finissez des filtres de genre si vous le souhaitez.<\/li>\n<\/ul>\n<h3>\u00c9tape 4 : Cliquez sur \"D\u00e9marrer\"<\/h3>\n<p>Vous serez instantan\u00e9ment associ\u00e9 \u00e0 un autre utilisateur pour un chat vid\u00e9o en direct.<\/p>\n<h3>\u00c9tape 5 : Discuter, se connecter ou passer \u00e0 autre chose<\/h3>\n<p>Si la conversation ne vous convient pas, il vous suffit de cliquer sur \u201cSuivant\u201d pour passer \u00e0 autre chose et rencontrer quelqu'un d'autre.<\/p>\n<p>C'est tout - pas d'inscription, pas d'attente. Vous parlez aux gens en quelques secondes.<\/p>\n<h2>Exp\u00e9rience utilisateur sur Chateek<\/h2>\n<p>Chateek a \u00e9t\u00e9 salu\u00e9 pour son interface propre, ses performances fiables et sa vari\u00e9t\u00e9 d'options de chat.<\/p>\n<h3>Ce que les utilisateurs aiment<\/h3>\n<ul>\n<li>Acc\u00e8s instantan\u00e9 - aucun compte n'est n\u00e9cessaire.<\/li>\n<li>Fonctionne bien sur les t\u00e9l\u00e9phones portables et les ordinateurs de bureau.<\/li>\n<li>Possibilit\u00e9 de choisir des filtres par pays et par sexe.<\/li>\n<li>Une qualit\u00e9 vid\u00e9o fluide et des temps de connexion rapides.<\/li>\n<li>Conception simple et intuitive avec un minimum de publicit\u00e9s.<\/li>\n<\/ul>\n<h3>Les points \u00e0 am\u00e9liorer selon les utilisateurs<\/h3>\n<ul>\n<li>Certains filtres sont parfois limit\u00e9s pendant les heures de pointe.<\/li>\n<li>Base d'utilisateurs plus r\u00e9duite dans certaines r\u00e9gions.<\/li>\n<li>Pas de liste d'amis ni de fonction de reconnexion.<\/li>\n<li>Coupures de connexion occasionnelles sur les donn\u00e9es mobiles.<\/li>\n<\/ul>\n<p>N\u00e9anmoins, la plupart des utilisateurs appr\u00e9cient la conception simple du Chateek et l'\u00e9quilibre entre la libert\u00e9 de discussion al\u00e9atoire et le contr\u00f4le personnalisable.<\/p>\n<h2>Chateek vs. autres plateformes de chat<\/h2>\n<p>Voici comment Chateek se situe par rapport aux autres grands sites de chat al\u00e9atoire :<\/p>\n<table>\n<thead>\n<tr>\n<th>Fonctionnalit\u00e9<\/th>\n<th>Chateek<\/th>\n<th>Omegle<\/th>\n<th>Chatroulette<\/th>\n<th>ChatHub<\/th>\n<th>Emerald Chat<\/th>\n<th>Chatingly<\/th>\n<\/tr>\n<\/thead>\n<tbody>\n<tr>\n<td>Random Video Chat avec des Inconnus<\/td>\n<td>\u2705 Oui<\/td>\n<td>\u2705 Oui<\/td>\n<td>\u2705 Oui<\/td>\n<td>\u2705 Oui<\/td>\n<td>\u2705 Oui<\/td>\n<td>\u2705 Oui<\/td>\n<\/tr>\n<tr>\n<td>Option de chat textuel<\/td>\n<td>\u2705 Oui<\/td>\n<td>\u2705 Oui<\/td>\n<td>\u2705 Oui<\/td>\n<td>\u2705 Oui<\/td>\n<td>\u2705 Oui<\/td>\n<td>\u2705 Oui<\/td>\n<\/tr>\n<tr>\n<td>Filtres de genre\/localisation<\/td>\n<td>\u2705 Oui<\/td>\n<td>\u274c Non<\/td>\n<td>\u2705 Limit\u00e9e<\/td>\n<td>\u2705 Oui<\/td>\n<td>\u2705 Oui<\/td>\n<td>\u274c Non<\/td>\n<\/tr>\n<tr>\n<td>Inscription obligatoire<\/td>\n<td>\u274c Non<\/td>\n<td>\u274c Non<\/td>\n<td>\u274c Non<\/td>\n<td>\u2705 Facultatif<\/td>\n<td>\u2705 Facultatif<\/td>\n<td>\u274c Non<\/td>\n<\/tr>\n<tr>\n<td>Adapt\u00e9e aux mobiles<\/td>\n<td>\u2705 Oui<\/td>\n<td>\u2705 Oui<\/td>\n<td>\u2705 Oui<\/td>\n<td>\u2705 Oui<\/td>\n<td>\u2705 Oui<\/td>\n<td>\u2705 Oui<\/td>\n<\/tr>\n<tr>\n<td>Utilisation gratuite<\/td>\n<td>\u2705 Toujours<\/td>\n<td>\u2705 Toujours<\/td>\n<td>\u2705 Toujours<\/td>\n<td>\u2705 Oui<\/td>\n<td>\u2705 Oui<\/td>\n<td>\u2705 Oui<\/td>\n<\/tr>\n<\/tbody>\n<\/table>\n<p>R\u00e9sum\u00e9 : Chateek combine la libert\u00e9 de Omegle avec la puissance de filtrage de ChatHub, donnant aux utilisateurs plus de contr\u00f4le tout en gardant l'anonymat et la gratuit\u00e9.<\/p>\n<h2>Le Chateek est-il s\u00fbr ?<\/h2>\n<p>Comme toutes les plateformes de chat al\u00e9atoire, Chateek encourage l'interaction ouverte, mais en pr\u00e9servant la confidentialit\u00e9. Bien que la plateforme elle-m\u00eame ne collecte pas de donn\u00e9es personnelles, les utilisateurs doivent toujours faire preuve de prudence.<\/p>\n<h3>Dispositifs de s\u00e9curit\u00e9 int\u00e9gr\u00e9s<\/h3>\n<ul>\n<li>Acc\u00e8s anonyme sans inscription.<\/li>\n<li>Les conversations ne sont pas sauvegard\u00e9es ou stock\u00e9es.<\/li>\n<li>Possibilit\u00e9 de passer ou de se d\u00e9connecter instantan\u00e9ment.<\/li>\n<li>Outils de signalement disponibles pour les comportements inappropri\u00e9s.<\/li>\n<\/ul>\n<h3>Conseils de s\u00e9curit\u00e9 pour les utilisateurs<\/h3>\n<ul>\n<li>Ne communiquez jamais d'informations personnelles (nom, adresse, coordonn\u00e9es).<\/li>\n<li>\u00c9vitez de montrer des environnements identifiables sur la cam\u00e9ra.<\/li>\n<li>D\u00e9connectez-vous imm\u00e9diatement des conversations g\u00eanantes.<\/li>\n<li>Utilisez les filtres de genre et de pays \u00e0 bon escient pour fa\u00e7onner votre exp\u00e9rience.<\/li>\n<li>Les parents doivent surveiller les mineurs.<\/li>\n<li>Envisagez d'utiliser un r\u00e9seau priv\u00e9 virtuel (VPN) pour plus de confidentialit\u00e9.<\/li>\n<\/ul>\n<p>Utilis\u00e9 de mani\u00e8re responsable, Chateek offre un environnement s\u00fbr et anonyme pour les interactions sociales.<\/p>\n<h2>Conseils pour tirer le meilleur parti de Chateek<\/h2>\n<ul>\n<li>Essayez de discuter avec des personnes de diff\u00e9rents pays : c'est un excellent moyen d'apprendre \u00e0 conna\u00eetre d'autres cultures.<\/li>\n<li>Utilisez des \u00e9couteurs pour un son plus clair et pour plus d'intimit\u00e9.<\/li>\n<li>Un bon \u00e9clairage am\u00e9liore la qualit\u00e9 de la vid\u00e9o et la premi\u00e8re impression.<\/li>\n<li>Chattez pendant les heures de pointe (soirs\/week-ends) pour des correspondances plus rapides.<\/li>\n<li>Soyez amical et respectueux - les utilisateurs sinc\u00e8res r\u00e9agissent mieux \u00e0 l'\u00e9nergie positive.<\/li>\n<li>Utilisez librement le bouton \"sauter\" - ne perdez pas de temps sur les mauvais matchs.<\/li>\n<\/ul>\n<p>Ces conseils vous aideront \u00e0 rendre votre exp\u00e9rience Chateek plus fluide, plus engageante et plus agr\u00e9able.<\/p>\n<h2>Probl\u00e8mes courants et solutions<\/h2>\n<h3>Probl\u00e8me : L'appareil photo ou le micro ne fonctionne pas<\/h3>\n<ul>\n<li>V\u00e9rifier les permissions du navigateur pour Chateek.<\/li>\n<li>Fermez d'autres applications en utilisant votre appareil photo.<\/li>\n<li>Actualisez la page ou red\u00e9marrez votre navigateur.<\/li>\n<\/ul>\n<h3>Probl\u00e8me : Longs temps d'attente pour les matches<\/h3>\n<ul>\n<li>Essayez de supprimer les filtres pour \u00e9largir votre champ d'action.<\/li>\n<li>Utilisez la plateforme pendant les heures de soir\u00e9e dans votre r\u00e9gion.<\/li>\n<\/ul>\n<h3>Probl\u00e8me : lag ou chutes de connexion<\/h3>\n<ul>\n<li>Passez au Wi-Fi si vous utilisez des donn\u00e9es mobiles.<\/li>\n<li>Fermez les onglets ou les programmes d'arri\u00e8re-plan inutilis\u00e9s.<\/li>\n<\/ul>\n<h3>Probl\u00e8me : rencontre d'utilisateurs inappropri\u00e9s<\/h3>\n<ul>\n<li>Passer imm\u00e9diatement.<\/li>\n<li>Signaler le comportement si des outils sont disponibles.<\/li>\n<\/ul>\n<h2>Pourquoi les gens choisissent Chateek<\/h2>\n<p>Les gens aiment Chateek parce qu'il combine l'accessibilit\u00e9, le contr\u00f4le et l'amusement - le tout sans frais.<\/p>\n<p>Ils le choisissent pour :<\/p>\n<ul>\n<li>Acc\u00e8s gratuit sans inscription.<\/li>\n<li>Connexions vid\u00e9o rapides et fiables.<\/li>\n<li>Filtres optionnels pour une meilleure ad\u00e9quation.<\/li>\n<li>Compatibilit\u00e9 mobile pour discuter partout.<\/li>\n<li>Environnement anonyme et s\u00e9curis\u00e9.<\/li>\n<\/ul>\n<p>Il est particuli\u00e8rement populaire parmi les utilisateurs qui ont appr\u00e9ci\u00e9 les plateformes comme Omegle ou Chatroulette, mais qui souhaitent une alternative plus fra\u00eeche, plus s\u00fbre et plus conviviale.<\/p>\n<h2>R\u00e9flexions finales : Le Chateek vaut-il la peine d'\u00eatre utilis\u00e9 ?<\/h2>\n<p>Si vous \u00eates \u00e0 la recherche d'une plateforme de chat vid\u00e9o al\u00e9atoire gratuite qui allie anonymat, simplicit\u00e9 et design moderne, Chateek m\u00e9rite absolument d'\u00eatre essay\u00e9. Elle r\u00e9unit les meilleures caract\u00e9ristiques des anciennes plateformes de chat avec de nouveaux niveaux d'accessibilit\u00e9 et de contr\u00f4le.<\/p>\n<p>Contrairement aux applications qui n\u00e9cessitent une inscription ou qui cachent les fonctions de base derri\u00e8re un mur payant, Chateek se concentre uniquement sur les conversations r\u00e9elles entre personnes r\u00e9elles. Vous pouvez vous connecter, cliquer et trouver instantan\u00e9ment quelqu'un \u00e0 qui parler, qu'il s'agisse d'un simple bonjour ou d'une discussion approfondie sur la vie \u00e0 travers le monde.<\/p>\n<p>Que vous le vouliez ou non :<\/p>\n<ul>\n<li>Rencontrer de nouvelles personnes,<\/li>\n<li>Explorer les conversations internationales,<\/li>\n<li>Ou tout simplement pour une discussion amicale et al\u00e9atoire...<\/li>\n<\/ul>\n<p>Chateek rend les choses faciles, s\u00fbres et totalement gratuites.<\/p>\n<p>En bref : Chateek est un service moderne de chat vid\u00e9o al\u00e9atoire bas\u00e9 sur un navigateur qui vous permet de vous connecter instantan\u00e9ment avec des inconnus dans le monde entier - offrant un acc\u00e8s gratuit, des filtres et une compatibilit\u00e9 mobile dans une plateforme facile \u00e0 utiliser.<\/p>\n<p>Pr\u00eat \u00e0 rencontrer quelqu'un de nouveau ? Visitez Chateek, cliquez sur \u201cD\u00e9marrer\u201d et voyez o\u00f9 vous m\u00e8nera votre prochaine conversation.<\/p>","protected":false},"excerpt":{"rendered":"<p>In a time when social media often feels polished, repetitive, and impersonal, Chateek brings back the human element of online communication \u2014 spontaneous, live, and real. It\u2019s a random video chat platform designed to connect you instantly with strangers from all over the world. No sign-ups, no paywalls, and no complicated steps \u2014 just you, [&hellip;]<\/p>\n","protected":false},"author":6,"featured_media":0,"parent":0,"menu_order":0,"comment_status":"closed","ping_status":"closed","template":"","meta":{"footnotes":""},"class_list":["post-10160","page","type-page","status-publish","hentry"],"yoast_head":"<!-- This site is optimized with the Yoast SEO plugin v27.4 - https:\/\/yoast.com\/product\/yoast-seo-wordpress\/ -->\n<title>Chateek - Online Chat in Real Time - TinyChat.com<\/title>\n<meta name=\"description\" content=\"Enjoying Chateek? Join over 50,000,000 strangers on TinyChat! Turn on your cam and start meeting new people, or find a match.\" \/>\n<meta name=\"robots\" content=\"index, follow, max-snippet:-1, max-image-preview:large, max-video-preview:-1\" \/>\n<link rel=\"canonical\" href=\"https:\/\/tinychat.com\/fr\/chateek\/\" \/>\n<meta property=\"og:locale\" content=\"fr_FR\" \/>\n<meta property=\"og:type\" content=\"article\" \/>\n<meta property=\"og:title\" content=\"Chateek - Online Chat in Real Time - TinyChat.com\" \/>\n<meta property=\"og:description\" content=\"Enjoying Chateek? Join over 50,000,000 strangers on TinyChat! Turn on your cam and start meeting new people, or find a match.\" \/>\n<meta property=\"og:url\" content=\"https:\/\/tinychat.com\/fr\/chateek\/\" \/>\n<meta property=\"og:site_name\" content=\"TinyChat\" \/>\n<meta property=\"article:publisher\" content=\"https:\/\/www.facebook.com\/tinychat\" \/>\n<meta property=\"article:modified_time\" content=\"2025-10-21T11:23:07+00:00\" \/>\n<meta property=\"og:image\" content=\"https:\/\/tinychat.com\/wp-content\/uploads\/2020\/04\/Tinychat-logo-1280x284-new-black.png\" \/>\n\t<meta property=\"og:image:width\" content=\"1280\" \/>\n\t<meta property=\"og:image:height\" content=\"284\" \/>\n\t<meta property=\"og:image:type\" content=\"image\/png\" \/>\n<meta name=\"twitter:card\" content=\"summary_large_image\" \/>\n<meta name=\"twitter:site\" content=\"@tinychat\" \/>\n<meta name=\"twitter:label1\" content=\"Dur\u00e9e de lecture estim\u00e9e\" \/>\n\t<meta name=\"twitter:data1\" content=\"6 minutes\" \/>\n<script type=\"application\/ld+json\" class=\"yoast-schema-graph\">{\"@context\":\"https:\\\/\\\/schema.org\",\"@graph\":[{\"@type\":\"WebPage\",\"@id\":\"https:\\\/\\\/tinychat.com\\\/chateek\\\/\",\"url\":\"https:\\\/\\\/tinychat.com\\\/chateek\\\/\",\"name\":\"Chateek - Online Chat in Real Time - TinyChat.com\",\"isPartOf\":{\"@id\":\"https:\\\/\\\/tinychat.com\\\/#website\"},\"datePublished\":\"2025-10-21T09:40:58+00:00\",\"dateModified\":\"2025-10-21T11:23:07+00:00\",\"description\":\"Enjoying Chateek? Join over 50,000,000 strangers on TinyChat! Turn on your cam and start meeting new people, or find a match.\",\"breadcrumb\":{\"@id\":\"https:\\\/\\\/tinychat.com\\\/chateek\\\/#breadcrumb\"},\"inLanguage\":\"fr-FR\",\"potentialAction\":[{\"@type\":\"ReadAction\",\"target\":[\"https:\\\/\\\/tinychat.com\\\/chateek\\\/\"]}]},{\"@type\":\"BreadcrumbList\",\"@id\":\"https:\\\/\\\/tinychat.com\\\/chateek\\\/#breadcrumb\",\"itemListElement\":[{\"@type\":\"ListItem\",\"position\":1,\"name\":\"Home\",\"item\":\"https:\\\/\\\/tinychat.com\\\/\"},{\"@type\":\"ListItem\",\"position\":2,\"name\":\"Chateek\"}]},{\"@type\":\"WebSite\",\"@id\":\"https:\\\/\\\/tinychat.com\\\/#website\",\"url\":\"https:\\\/\\\/tinychat.com\\\/\",\"name\":\"TinyChat\",\"description\":\"Random Video Chat with Strangers\",\"publisher\":{\"@id\":\"https:\\\/\\\/tinychat.com\\\/#organization\"},\"alternateName\":\"TinyChat.com\",\"potentialAction\":[{\"@type\":\"SearchAction\",\"target\":{\"@type\":\"EntryPoint\",\"urlTemplate\":\"https:\\\/\\\/tinychat.com\\\/?s={search_term_string}\"},\"query-input\":{\"@type\":\"PropertyValueSpecification\",\"valueRequired\":true,\"valueName\":\"search_term_string\"}}],\"inLanguage\":\"fr-FR\"},{\"@type\":\"Organization\",\"@id\":\"https:\\\/\\\/tinychat.com\\\/#organization\",\"name\":\"TinyChat\",\"alternateName\":\"TinyChat.com\",\"url\":\"https:\\\/\\\/tinychat.com\\\/\",\"logo\":{\"@type\":\"ImageObject\",\"inLanguage\":\"fr-FR\",\"@id\":\"https:\\\/\\\/tinychat.com\\\/#\\\/schema\\\/logo\\\/image\\\/\",\"url\":\"https:\\\/\\\/tinychat.com\\\/wp-content\\\/uploads\\\/2023\\\/11\\\/Tinychat-icon-square.png\",\"contentUrl\":\"https:\\\/\\\/tinychat.com\\\/wp-content\\\/uploads\\\/2023\\\/11\\\/Tinychat-icon-square.png\",\"width\":284,\"height\":284,\"caption\":\"TinyChat\"},\"image\":{\"@id\":\"https:\\\/\\\/tinychat.com\\\/#\\\/schema\\\/logo\\\/image\\\/\"},\"sameAs\":[\"https:\\\/\\\/www.facebook.com\\\/tinychat\",\"https:\\\/\\\/x.com\\\/tinychat\"]}]}<\/script>\n<!-- \/ Yoast SEO plugin. -->","yoast_head_json":{"title":"Chateek - Chat en ligne en temps r\u00e9el - TinyChat.com","description":"Vous aimez Chateek ? Rejoignez plus de 50 000 000 d'inconnus sur TinyChat ! Allumez votre cam\u00e9ra et commencez \u00e0 rencontrer de nouvelles personnes, ou trouvez un partenaire.","robots":{"index":"index","follow":"follow","max-snippet":"max-snippet:-1","max-image-preview":"max-image-preview:large","max-video-preview":"max-video-preview:-1"},"canonical":"https:\/\/tinychat.com\/fr\/chateek\/","og_locale":"fr_FR","og_type":"article","og_title":"Chateek - Online Chat in Real Time - TinyChat.com","og_description":"Enjoying Chateek? Join over 50,000,000 strangers on TinyChat! Turn on your cam and start meeting new people, or find a match.","og_url":"https:\/\/tinychat.com\/fr\/chateek\/","og_site_name":"TinyChat","article_publisher":"https:\/\/www.facebook.com\/tinychat","article_modified_time":"2025-10-21T11:23:07+00:00","og_image":[{"width":1280,"height":284,"url":"https:\/\/tinychat.com\/wp-content\/uploads\/2020\/04\/Tinychat-logo-1280x284-new-black.png","type":"image\/png"}],"twitter_card":"summary_large_image","twitter_site":"@tinychat","twitter_misc":{"Dur\u00e9e de lecture estim\u00e9e":"6 minutes"},"schema":{"@context":"https:\/\/schema.org","@graph":[{"@type":"WebPage","@id":"https:\/\/tinychat.com\/chateek\/","url":"https:\/\/tinychat.com\/chateek\/","name":"Chateek - Chat en ligne en temps r\u00e9el - TinyChat.com","isPartOf":{"@id":"https:\/\/tinychat.com\/#website"},"datePublished":"2025-10-21T09:40:58+00:00","dateModified":"2025-10-21T11:23:07+00:00","description":"Vous aimez Chateek ? Rejoignez plus de 50 000 000 d'inconnus sur TinyChat ! Allumez votre cam\u00e9ra et commencez \u00e0 rencontrer de nouvelles personnes, ou trouvez un partenaire.","breadcrumb":{"@id":"https:\/\/tinychat.com\/chateek\/#breadcrumb"},"inLanguage":"fr-FR","potentialAction":[{"@type":"ReadAction","target":["https:\/\/tinychat.com\/chateek\/"]}]},{"@type":"BreadcrumbList","@id":"https:\/\/tinychat.com\/chateek\/#breadcrumb","itemListElement":[{"@type":"ListItem","position":1,"name":"Home","item":"https:\/\/tinychat.com\/"},{"@type":"ListItem","position":2,"name":"Chateek"}]},{"@type":"WebSite","@id":"https:\/\/tinychat.com\/#website","url":"https:\/\/tinychat.com\/","name":"TinyChat","description":"Chat vid\u00e9o al\u00e9atoire avec des inconnus","publisher":{"@id":"https:\/\/tinychat.com\/#organization"},"alternateName":"TinyChat.com","potentialAction":[{"@type":"SearchAction","target":{"@type":"EntryPoint","urlTemplate":"https:\/\/tinychat.com\/?s={search_term_string}"},"query-input":{"@type":"PropertyValueSpecification","valueRequired":true,"valueName":"search_term_string"}}],"inLanguage":"fr-FR"},{"@type":"Organization","@id":"https:\/\/tinychat.com\/#organization","name":"TinyChat","alternateName":"TinyChat.com","url":"https:\/\/tinychat.com\/","logo":{"@type":"ImageObject","inLanguage":"fr-FR","@id":"https:\/\/tinychat.com\/#\/schema\/logo\/image\/","url":"https:\/\/tinychat.com\/wp-content\/uploads\/2023\/11\/Tinychat-icon-square.png","contentUrl":"https:\/\/tinychat.com\/wp-content\/uploads\/2023\/11\/Tinychat-icon-square.png","width":284,"height":284,"caption":"TinyChat"},"image":{"@id":"https:\/\/tinychat.com\/#\/schema\/logo\/image\/"},"sameAs":["https:\/\/www.facebook.com\/tinychat","https:\/\/x.com\/tinychat"]}]}},"_links":{"self":[{"href":"https:\/\/tinychat.com\/fr\/wp-json\/wp\/v2\/pages\/10160","targetHints":{"allow":["GET"]}}],"collection":[{"href":"https:\/\/tinychat.com\/fr\/wp-json\/wp\/v2\/pages"}],"about":[{"href":"https:\/\/tinychat.com\/fr\/wp-json\/wp\/v2\/types\/page"}],"author":[{"embeddable":true,"href":"https:\/\/tinychat.com\/fr\/wp-json\/wp\/v2\/users\/6"}],"replies":[{"embeddable":true,"href":"https:\/\/tinychat.com\/fr\/wp-json\/wp\/v2\/comments?post=10160"}],"version-history":[{"count":3,"href":"https:\/\/tinychat.com\/fr\/wp-json\/wp\/v2\/pages\/10160\/revisions"}],"predecessor-version":[{"id":13563,"href":"https:\/\/tinychat.com\/fr\/wp-json\/wp\/v2\/pages\/10160\/revisions\/13563"}],"wp:attachment":[{"href":"https:\/\/tinychat.com\/fr\/wp-json\/wp\/v2\/media?parent=10160"}],"curies":[{"name":"wp","href":"https:\/\/api.w.org\/{rel}","templated":true}]}}