{"id":10206,"date":"2025-05-30T14:48:39","date_gmt":"2025-05-30T12:48:39","guid":{"rendered":"https:\/\/tinychat.com\/?page_id=10206"},"modified":"2025-07-07T18:31:23","modified_gmt":"2025-07-07T16:31:23","slug":"joingy","status":"publish","type":"page","link":"https:\/\/tinychat.com\/fr\/joingy\/","title":{"rendered":"Joingy"},"content":{"rendered":"<p>Joingy s'est taill\u00e9 une place de choix en proposant une plateforme ax\u00e9e sur la rapidit\u00e9, la simplicit\u00e9 et l'anonymat. Si vous souhaitez vous lancer dans une conversation avec un inconnu, Joingy vous offre la possibilit\u00e9 de le faire en toute simplicit\u00e9. <a href=\"https:\/\/tinychat.com\/fr\/strangercam\/\">\u00e9tranger<\/a> - pas de profils, pas de t\u00e9l\u00e9chargements, pas de complications - le Joingy pourrait bien \u00eatre le <a href=\"https:\/\/tinychat.com\/fr\/chatroulette\/\">chat<\/a> que vous recherchez.<\/p>\n<p>Principalement ax\u00e9 sur les vid\u00e9os et les textes al\u00e9atoires <a href=\"https:\/\/tinychat.com\/fr\/chatroulette\/\">chat<\/a>Joingy offre une exp\u00e9rience propre et efficace aux utilisateurs qui souhaitent interagir en temps r\u00e9el avec des personnes du monde entier. Que vous souhaitiez vous amuser, rencontrer de nouvelles personnes ou simplement tuer le temps, la mise en relation rapide et l'interface sans fioritures de Joingy en font une plateforme de choix pour les conversations spontan\u00e9es.<\/p>\n<p>Dans ce guide complet, nous examinerons ce qu'est le Joingy, ses caract\u00e9ristiques principales, comment il se compare \u00e0 ses concurrents, les consid\u00e9rations de s\u00e9curit\u00e9 et la mani\u00e8re de tirer le meilleur parti de votre exp\u00e9rience sur ce r\u00e9seau de plus en plus populaire, le Joingy. <a href=\"https:\/\/tinychat.com\/fr\/strangercam\/\">\u00e9tranger<\/a> <a href=\"https:\/\/tinychat.com\/fr\/chatroulette\/\">chat<\/a> site.<\/p>\n<h2>Qu'est-ce que le Joingy ?<\/h2>\n<p>Joingy est un service gratuit et anonyme de vid\u00e9o et de texte. <a href=\"https:\/\/tinychat.com\/fr\/chatroulette\/\">chat<\/a> qui met en relation des utilisateurs au hasard pour des conversations en temps r\u00e9el. Comme <a href=\"https:\/\/tinychat.com\/fr\/omegle\/\">Omegle<\/a> et <a href=\"https:\/\/tinychat.com\/fr\/chatroulette\/\">Chatroulette<\/a>Il n'est pas n\u00e9cessaire de s'inscrire ou de cr\u00e9er un profil. <a href=\"https:\/\/tinychat.com\/fr\/chatroulette\/\">chat<\/a> et sont instantan\u00e9ment jumel\u00e9s avec un <a href=\"https:\/\/tinychat.com\/fr\/strangercam\/\">\u00e9tranger<\/a>.<\/p>\n<p>Ce qui distingue Joingy, c'est l'accent mis sur la mise en relation vid\u00e9o rapide et individuelle, associ\u00e9 \u00e0 un filtrage optionnel bas\u00e9 sur les centres d'int\u00e9r\u00eat et \u00e0 une conception \u00e9l\u00e9gante et r\u00e9active qui fonctionne bien sur les ordinateurs de bureau et les t\u00e9l\u00e9phones portables.<\/p>\n<p>Bien qu'il n'offre pas <a href=\"https:\/\/tinychat.com\/fr\/chatroulette\/\">chat<\/a> ou des fonctions communautaires avanc\u00e9es, le Joingy fait ce qu'il fait tr\u00e8s bien : faciliter les interactions priv\u00e9es et anonymes entre deux personnes \u00e0 la fois.<\/p>\n<h2>Caract\u00e9ristiques principales du Joingy<\/h2>\n<p>Le Joingy reste simple, et c'est ce qui fait en grande partie son attrait. Voici les principales caract\u00e9ristiques de la plate-forme :<\/p>\n<h3>1. Chat vid\u00e9o ou textuel instantan\u00e9<\/h3>\n<p>Le c\u0153ur de Joingy est son approche individuelle. <a href=\"https:\/\/tinychat.com\/fr\/chatroulette\/\">chat<\/a> syst\u00e8me. D\u00e8s que vous arrivez sur le site, vous avez le choix entre le texte seul et la vid\u00e9o. <a href=\"https:\/\/tinychat.com\/fr\/chatroulette\/\">chat<\/a>puis cliquez sur \"D\u00e9marrer\" pour \u00eatre instantan\u00e9ment connect\u00e9 avec une personne choisie au hasard. <a href=\"https:\/\/tinychat.com\/fr\/strangercam\/\">\u00e9tranger<\/a>.<\/p>\n<p>L'interface est rapide, l\u00e9g\u00e8re et con\u00e7ue pour fonctionner sans d\u00e9calage, m\u00eame sur des connexions plus lentes.<\/p>\n<h3>2. Balises d'int\u00e9r\u00eat (correspondance avec les mots-cl\u00e9s)<\/h3>\n<p>Pour am\u00e9liorer les chances d'une interaction fructueuse, le Joingy propose une mise en relation bas\u00e9e sur les centres d'int\u00e9r\u00eat. Avant de commencer une session, les utilisateurs peuvent saisir un ou plusieurs mots-cl\u00e9s ou sujets. Le syst\u00e8me tentera de vous mettre en relation avec d'autres personnes ayant saisi des centres d'int\u00e9r\u00eat similaires.<\/p>\n<p>Cette fonction est id\u00e9ale pour les personnes qui souhaitent discuter de sujets sp\u00e9cifiques, rencontrer des utilisateurs partageant les m\u00eames id\u00e9es ou \u00e9viter les conversations totalement al\u00e9atoires.<\/p>\n<h3>3. Anonyme par d\u00e9faut<\/h3>\n<p>Joingy ne n\u00e9cessite aucune information personnelle pour \u00eatre utilis\u00e9. Il n'y a pas de connexion, pas de compte et pas de saisie d'e-mail. Vous \u00eates simplement identifi\u00e9 comme \"\u00c9tranger\" par les autres, et votre session est temporaire et jetable.<\/p>\n<p>Cet anonymat est l'une des valeurs fondamentales de Joingy - il permet une communication honn\u00eate et non filtr\u00e9e sans la pression de l'identit\u00e9 ou d'une connexion \u00e0 long terme.<\/p>\n<h3>4. Adapt\u00e9 aux navigateurs et aux mobiles<\/h3>\n<p>Aucune application n'est n\u00e9cessaire. Joingy fonctionne enti\u00e8rement dans votre navigateur, avec une interface adapt\u00e9e aux mobiles qui fonctionne parfaitement sur les t\u00e9l\u00e9phones et les tablettes.<\/p>\n<p>Bien que la plateforme ne propose pas d'applications mobiles (iOS\/Android), sa version web est enti\u00e8rement optimis\u00e9e pour les petits \u00e9crans et les interactions tactiles.<\/p>\n<h3>5. Saut automatique et reconnexion rapide<\/h3>\n<p>Vous n'aimez pas votre vie actuelle <a href=\"https:\/\/tinychat.com\/fr\/chatroulette\/\">chat<\/a>? Il vous suffit de cliquer sur \"Suivant\" pour \u00eatre instantan\u00e9ment mis en relation avec quelqu'un de nouveau. Joingy met l'accent sur la rapidit\u00e9, il n'y a donc pas d'\u00e9cran de chargement ou de d\u00e9lai pour passer \u00e0 la connexion suivante.<\/p>\n<p>Vous pouvez \u00e9galement r\u00e9activer ou d\u00e9sactiver votre cam\u00e9ra et votre microphone \u00e0 tout moment de la session.<\/p>\n<h2>Comment utiliser Joingy<\/h2>\n<p>D\u00e9marrer avec Joingy est aussi simple que possible. Voici un guide \u00e9tape par \u00e9tape de l'utilisation de la plateforme :<\/p>\n<h3>\u00c9tape 1 : Visiter le site web<\/h3>\n<p>Rendez-vous sur joingy.com \u00e0 l'aide d'un navigateur moderne. Vous arriverez directement sur la page d'accueil <a href=\"https:\/\/tinychat.com\/fr\/chatroulette\/\">chat<\/a> l'interface.<\/p>\n<h3>\u00c9tape 2 : Choisir le mode de discussion<\/h3>\n<p>Choisir entre :<\/p>\n<ul>\n<li>Vid\u00e9o <a href=\"https:\/\/tinychat.com\/fr\/chatroulette\/\">Chat<\/a><\/li>\n<li>Texte <a href=\"https:\/\/tinychat.com\/fr\/chatroulette\/\">Chat<\/a><\/li>\n<\/ul>\n<p>Vous devrez autoriser l'acc\u00e8s \u00e0 la cam\u00e9ra et au microphone pour la vid\u00e9o. <a href=\"https:\/\/tinychat.com\/fr\/chatroulette\/\">chat<\/a>.<\/p>\n<h3>\u00c9tape 3 : Ajouter des \u00e9tiquettes d'int\u00e9r\u00eat (facultatif)<\/h3>\n<p>Tapez des sujets qui vous int\u00e9ressent, par exemple : \"musique\", \"anime\", \"philosophie\" ou \"gens dr\u00f4les\" : \"musique\", \"anime\", \"philosophie\" ou \"gens dr\u00f4les\". Cela permet au syst\u00e8me de vous mettre en relation avec d'autres personnes qui partagent les m\u00eames th\u00e8mes.<\/p>\n<h3>\u00c9tape 4 : Cliquez sur \"D\u00e9marrer\"<\/h3>\n<p>Une fois que vous \u00eates pr\u00eat, cliquez sur \"D\u00e9marrer\" et vous serez connect\u00e9 \u00e0 un site Web. <a href=\"https:\/\/tinychat.com\/fr\/strangercam\/\">\u00e9tranger<\/a> instantan\u00e9ment. Les <a href=\"https:\/\/tinychat.com\/fr\/chatroulette\/\">chat<\/a> affichera votre vid\u00e9o et la leur (si vous utilisez la vid\u00e9o), ainsi qu'une interface de message simple.<\/p>\n<h3>\u00c9tape 5 : Sauter ou terminer la discussion<\/h3>\n<p>Vous pouvez quitter la conversation \u00e0 tout moment en cliquant sur \"Sauter\" pour passer \u00e0 une autre conversation. <a href=\"https:\/\/tinychat.com\/fr\/strangercam\/\">\u00e9tranger<\/a> ou \"Stop\" pour mettre fin \u00e0 la session.<\/p>\n<h2>Exp\u00e9rience utilisateur sur Joingy<\/h2>\n<p>Joingy est ax\u00e9 sur la vitesse, la simplicit\u00e9 et un design \u00e9pur\u00e9. Pour les personnes habitu\u00e9es \u00e0 des interfaces encombrantes ou \u00e0 une publicit\u00e9 abondante, le Joingy est un outil de travail efficace. <a href=\"https:\/\/tinychat.com\/fr\/chatroulette\/\">chat<\/a> Joingy est d'une modernit\u00e9 et d'une fluidit\u00e9 rafra\u00eechissantes.<\/p>\n<h3>Ce que les utilisateurs aiment<\/h3>\n<ul>\n<li>Une mise en page minimaliste sans distractions<\/li>\n<li>Correspondance rapide sans d\u00e9calage<\/li>\n<li>Aucune inscription n'est requise<\/li>\n<li>Les marques d'int\u00e9r\u00eat permettent d'orienter la conversation<\/li>\n<li>Fonctionne aussi bien sur ordinateur que sur mobile<\/li>\n<\/ul>\n<h3>Ce qui pourrait \u00eatre am\u00e9lior\u00e9<\/h3>\n<ul>\n<li>Pas d'application mobile - exp\u00e9rience uniquement sur navigateur<\/li>\n<li>Aucun profil d'utilisateur, liste d'amis ou <a href=\"https:\/\/tinychat.com\/fr\/chatroulette\/\">chat<\/a> l'histoire<\/li>\n<li>Pas d'outils de mod\u00e9ration pour les utilisateurs (par exemple, un bouton de signalement)<\/li>\n<li>Certains bots ou trolls se faufilent encore \u00e0 travers les mailles du filet<\/li>\n<\/ul>\n<h2>Avis d'utilisateurs r\u00e9els<\/h2>\n<blockquote><p>\"Honn\u00eatement, Joingy est tout simplement rapide et propre. Je n'ai pas besoin de m'inscrire et je peux parler \u00e0 quelqu'un en moins de cinq secondes.\"<br \/>\n- Marco J., Trustpilot<\/p><\/blockquote>\n<blockquote><p>\"Je l'utilise pour pratiquer l'espagnol avec des gens au hasard. Les \u00e9tiquettes d'int\u00e9r\u00eat fonctionnent parfois. C'est mieux que <a href=\"https:\/\/tinychat.com\/fr\/omegle\/\">Omegle<\/a>.\"<br \/>\n- Anya T., Reddit<\/p><\/blockquote>\n<blockquote><p>\"Bon pour des discussions rapides. Mais comme la plupart des <a href=\"https:\/\/tinychat.com\/fr\/chatroulette\/\">chat<\/a> sites, il faut \u00e9viter quelques bizarreries avant de trouver une bonne conversation\".<br \/>\n- Raymond M., Sitejabber<\/p><\/blockquote>\n<h2>Joingy vs. autres plateformes de chat vid\u00e9o<\/h2>\n<p>Voyons comment le Joingy se positionne par rapport aux alternatives les plus populaires au hasard <a href=\"https:\/\/tinychat.com\/fr\/chatroulette\/\">chat<\/a> l'espace :<\/p>\n<table>\n<thead>\n<tr>\n<th>Fonctionnalit\u00e9<\/th>\n<th>Joingy<\/th>\n<th><a href=\"https:\/\/tinychat.com\/fr\/omegle\/\">Omegle<\/a><\/th>\n<th><a href=\"https:\/\/tinychat.com\/fr\/chatroulette\/\">Chatroulette<\/a><\/th>\n<th><a href=\"https:\/\/tinychat.com\/fr\/chathub\/\">ChatHub<\/a><\/th>\n<th><a href=\"https:\/\/tinychat.com\/fr\/ometv\/\">OmeTV<\/a><\/th>\n<\/tr>\n<\/thead>\n<tbody>\n<tr>\n<td>Vid\u00e9o instantan\u00e9e <a href=\"https:\/\/tinychat.com\/fr\/chatroulette\/\">Chat<\/a><\/td>\n<td>\u2705 Oui<\/td>\n<td>\u2705 Oui<\/td>\n<td>\u2705 Oui<\/td>\n<td>\u2705 Oui<\/td>\n<td>\u2705 Oui<\/td>\n<\/tr>\n<tr>\n<td>Texte <a href=\"https:\/\/tinychat.com\/fr\/chatroulette\/\">Chat<\/a> Option<\/td>\n<td>\u2705 Oui<\/td>\n<td>\u2705 Oui<\/td>\n<td>\u2705 Oui<\/td>\n<td>\u2705 Oui<\/td>\n<td>\u2705 Oui<\/td>\n<\/tr>\n<tr>\n<td>Tags d'int\u00e9r\u00eat<\/td>\n<td>\u2705 Oui<\/td>\n<td>\u2705 Oui<\/td>\n<td>\u274c Non<\/td>\n<td>\u274c Non<\/td>\n<td>\u274c Non<\/td>\n<\/tr>\n<tr>\n<td>Utilisation anonyme<\/td>\n<td>\u2705 Oui<\/td>\n<td>\u2705 Oui<\/td>\n<td>\u2705 Oui<\/td>\n<td>\u2705 Oui<\/td>\n<td>\u2705 Oui<\/td>\n<\/tr>\n<tr>\n<td>Pas d'enregistrement<\/td>\n<td>\u2705 Oui<\/td>\n<td>\u2705 Oui<\/td>\n<td>\u2705 Oui<\/td>\n<td>\u2705 Oui<\/td>\n<td>\u2705 Oui<\/td>\n<\/tr>\n<tr>\n<td>Outils de mod\u00e9ration<\/td>\n<td>\u26a0\ufe0f Minimal<\/td>\n<td>\u26a0\ufe0f Pauvre<\/td>\n<td>\u2705 Mod\u00e9r\u00e9<\/td>\n<td>\u2705 Fort<\/td>\n<td>\u2705 Fort<\/td>\n<\/tr>\n<tr>\n<td>Application mobile<\/td>\n<td>\u274c Pas d'application<\/td>\n<td>\u274c Non<\/td>\n<td>\u2705 Oui<\/td>\n<td>\u274c Pas d'application<\/td>\n<td>\u2705 Oui<\/td>\n<\/tr>\n<tr>\n<td>Qualit\u00e9 de la vid\u00e9o<\/td>\n<td>\u2705 Bon<\/td>\n<td>\u26a0\ufe0f Variable<\/td>\n<td>\u2705 Bon<\/td>\n<td>\u2705 Excellent<\/td>\n<td>\u2705 Bon<\/td>\n<\/tr>\n<\/tbody>\n<\/table>\n<p>R\u00e9sum\u00e9 : Le Joingy offre l'une des solutions vid\u00e9o les plus rapides et les plus simples. <a href=\"https:\/\/tinychat.com\/fr\/chatroulette\/\">chat<\/a> exp\u00e9riences en ligne, rivalisant avec <a href=\"https:\/\/tinychat.com\/fr\/omegle\/\">Omegle<\/a> en termes de facilit\u00e9 d'acc\u00e8s, mais avec un design plus \u00e9pur\u00e9 et des filtres d'int\u00e9r\u00eat utiles.<\/p>\n<h2>Le Joingy est-il s\u00fbr ?<\/h2>\n<p>Joingy fait de son mieux pour offrir des chats anonymes et priv\u00e9s, mais la s\u00e9curit\u00e9 d\u00e9pend fortement de l'utilisateur. Contrairement \u00e0 d'autres plateformes, Joingy n'offre pas d'outils de signalement \u00e9vidents ni de mod\u00e9rateurs visibles.<\/p>\n<h3>Risques potentiels<\/h3>\n<ul>\n<li>Contenu inappropri\u00e9 dans les chats vid\u00e9o<\/li>\n<li>Bots ou spam script\u00e9s en mode texte<\/li>\n<li>Pas de v\u00e9rification de l'\u00e2ge - les adolescents peuvent \u00eatre expos\u00e9s \u00e0 des contenus pour adultes<\/li>\n<\/ul>\n<h3>Bonnes pratiques pour une utilisation s\u00fbre<\/h3>\n<ul>\n<li>Ne jamais partager d'informations personnelles (nom, adresse, m\u00e9dias sociaux)<\/li>\n<li>Ne cliquez pas sur les liens partag\u00e9s par d'autres utilisateurs<\/li>\n<li>Sauter imm\u00e9diatement si un utilisateur se comporte de mani\u00e8re inappropri\u00e9e<\/li>\n<li>Utiliser le site dans des environnements mod\u00e9r\u00e9s (par exemple, \u00e0 la maison, pas de Wi-Fi public).<\/li>\n<li>Envisager l'utilisation d'un r\u00e9seau priv\u00e9 virtuel (VPN) pour plus de confidentialit\u00e9<\/li>\n<\/ul>\n<h2>Conseils pour tirer le meilleur parti de Joingy<\/h2>\n<ul>\n<li>Utilisez judicieusement les balises d'int\u00e9r\u00eat - les sujets de niche permettent de filtrer les meilleures correspondances.<\/li>\n<li>Utilisez des \u00e9couteurs pour un son plus clair et plus d'intimit\u00e9<\/li>\n<li>Disposer d'un bon \u00e9clairage pour des chats vid\u00e9o plus attrayants<\/li>\n<li>N'ayez pas peur de sauter - vous n'\u00eates pas oblig\u00e9 de rester dans l'une ou l'autre des cat\u00e9gories suivantes <a href=\"https:\/\/tinychat.com\/fr\/chatroulette\/\">chat<\/a><\/li>\n<li>Essayez de chatter \u00e0 des heures diff\u00e9rentes - les caract\u00e9ristiques d\u00e9mographiques des utilisateurs varient en fonction de la r\u00e9gion et du fuseau horaire.<\/li>\n<\/ul>\n<h2>D\u00e9pannage des probl\u00e8mes courants<\/h2>\n<h3>L'appareil photo ou le micro ne fonctionne pas<\/h3>\n<p>Assurez-vous que les permissions sont activ\u00e9es dans votre navigateur. Essayez d'actualiser ou d'utiliser un autre navigateur (Chrome fonctionne le mieux).<\/p>\n<h3>\u00c9cran vid\u00e9o vide ou noir<\/h3>\n<p>Il se peut que ce soit du c\u00f4t\u00e9 de l'autre utilisateur. Passez outre et r\u00e9essayez. V\u00e9rifiez \u00e9galement que votre appareil photo n'est pas utilis\u00e9 par une autre application.<\/p>\n<h3>L'appariement des int\u00e9r\u00eats ne fonctionne pas<\/h3>\n<p>Utilisez des mots-cl\u00e9s plus larges ou plus courants. Parfois, les sujets de niche n'ont pas assez d'utilisateurs actifs.<\/p>\n<h3>Comportement inappropri\u00e9<\/h3>\n<p>Joingy n'a actuellement pas de bouton de rapport d'utilisateur. La meilleure chose \u00e0 faire est de passer imm\u00e9diatement \u00e0 autre chose.<\/p>\n<p>Joingy tient exactement ses promesses : un moyen propre, sans login, d'acc\u00e9der \u00e0 l'Internet. <a href=\"https:\/\/tinychat.com\/fr\/talk-to-strangers\/\">parler \u00e0 des \u00e9trangers<\/a> par texte ou par vid\u00e9o. Gr\u00e2ce \u00e0 des fonctionnalit\u00e9s telles que les balises d'int\u00e9r\u00eat et la compatibilit\u00e9 mobile, il s'agit d'un excellent choix pour les utilisateurs occasionnels qui souhaitent rencontrer quelqu'un de nouveau en toute simplicit\u00e9.<\/p>\n<p>Il n'est pas exempt de d\u00e9fauts - la mod\u00e9ration limit\u00e9e et le manque de prise en charge des applications peuvent rebuter certains utilisateurs - mais pour ceux qui privil\u00e9gient la simplicit\u00e9, la rapidit\u00e9 et l'anonymat, Joingy est un concurrent de taille dans le domaine du hasard. <a href=\"https:\/\/tinychat.com\/fr\/chatroulette\/\">chat<\/a> l'espace.<\/p>\n<p>Si vous \u00eates d'humeur \u00e0 avoir une conversation non filtr\u00e9e ou si vous souhaitez simplement rencontrer une personne de votre entourage, vous pouvez vous inscrire sur la page d'accueil du site. <a href=\"https:\/\/tinychat.com\/fr\/strangercam\/\">\u00e9tranger<\/a> et voir ce qu'il en est, essayez Joingy sur joingy.com. Un clic suffit.<\/p>","protected":false},"excerpt":{"rendered":"<p>Joingy has carved out a niche for itself by offering a platform that is all about speed, simplicity, and anonymity. If you&#8217;re looking to instantly jump into a conversation with a random stranger \u2014 no profiles, no downloads, no complications \u2014 Joingy might just be the chat site you&#8217;re looking for. Focused primarily on random [&hellip;]<\/p>\n","protected":false},"author":6,"featured_media":0,"parent":0,"menu_order":0,"comment_status":"closed","ping_status":"closed","template":"","meta":{"footnotes":""},"class_list":["post-10206","page","type-page","status-publish","hentry"],"yoast_head":"<!-- This site is optimized with the Yoast SEO plugin v27.6 - https:\/\/yoast.com\/product\/yoast-seo-wordpress\/ -->\n<title>Joingy - Join the Stranger Cam Chat - TinyChat.com<\/title>\n<meta name=\"description\" content=\"Enjoying Joingy? Join over 50,000,000 strangers on TinyChat! Turn on your cam and start meeting new people, or find a match.\" \/>\n<meta name=\"robots\" content=\"index, follow, max-snippet:-1, max-image-preview:large, max-video-preview:-1\" \/>\n<link rel=\"canonical\" href=\"https:\/\/tinychat.com\/fr\/joingy\/\" \/>\n<meta property=\"og:locale\" content=\"fr_FR\" \/>\n<meta property=\"og:type\" content=\"article\" \/>\n<meta property=\"og:title\" content=\"Joingy - Join the Stranger Cam Chat - TinyChat.com\" \/>\n<meta property=\"og:description\" content=\"Enjoying Joingy? Join over 50,000,000 strangers on TinyChat! Turn on your cam and start meeting new people, or find a match.\" \/>\n<meta property=\"og:url\" content=\"https:\/\/tinychat.com\/fr\/joingy\/\" \/>\n<meta property=\"og:site_name\" content=\"TinyChat\" \/>\n<meta property=\"article:publisher\" content=\"https:\/\/www.facebook.com\/tinychat\" \/>\n<meta property=\"article:modified_time\" content=\"2025-07-07T16:31:23+00:00\" \/>\n<meta property=\"og:image\" content=\"https:\/\/tinychat.com\/wp-content\/uploads\/2020\/04\/Tinychat-logo-1280x284-new-black.png\" \/>\n\t<meta property=\"og:image:width\" content=\"1280\" \/>\n\t<meta property=\"og:image:height\" content=\"284\" \/>\n\t<meta property=\"og:image:type\" content=\"image\/png\" \/>\n<meta name=\"twitter:card\" content=\"summary_large_image\" \/>\n<meta name=\"twitter:site\" content=\"@tinychat\" \/>\n<meta name=\"twitter:label1\" content=\"Dur\u00e9e de lecture estim\u00e9e\" \/>\n\t<meta name=\"twitter:data1\" content=\"6 minutes\" \/>\n<script type=\"application\/ld+json\" class=\"yoast-schema-graph\">{\"@context\":\"https:\\\/\\\/schema.org\",\"@graph\":[{\"@type\":\"WebPage\",\"@id\":\"https:\\\/\\\/tinychat.com\\\/joingy\\\/\",\"url\":\"https:\\\/\\\/tinychat.com\\\/joingy\\\/\",\"name\":\"Joingy - Join the Stranger Cam Chat - TinyChat.com\",\"isPartOf\":{\"@id\":\"https:\\\/\\\/tinychat.com\\\/#website\"},\"datePublished\":\"2025-05-30T12:48:39+00:00\",\"dateModified\":\"2025-07-07T16:31:23+00:00\",\"description\":\"Enjoying Joingy? Join over 50,000,000 strangers on TinyChat! Turn on your cam and start meeting new people, or find a match.\",\"breadcrumb\":{\"@id\":\"https:\\\/\\\/tinychat.com\\\/joingy\\\/#breadcrumb\"},\"inLanguage\":\"fr-FR\",\"potentialAction\":[{\"@type\":\"ReadAction\",\"target\":[\"https:\\\/\\\/tinychat.com\\\/joingy\\\/\"]}]},{\"@type\":\"BreadcrumbList\",\"@id\":\"https:\\\/\\\/tinychat.com\\\/joingy\\\/#breadcrumb\",\"itemListElement\":[{\"@type\":\"ListItem\",\"position\":1,\"name\":\"Home\",\"item\":\"https:\\\/\\\/tinychat.com\\\/\"},{\"@type\":\"ListItem\",\"position\":2,\"name\":\"Joingy\"}]},{\"@type\":\"WebSite\",\"@id\":\"https:\\\/\\\/tinychat.com\\\/#website\",\"url\":\"https:\\\/\\\/tinychat.com\\\/\",\"name\":\"TinyChat\",\"description\":\"Random Video Chat with Strangers\",\"publisher\":{\"@id\":\"https:\\\/\\\/tinychat.com\\\/#organization\"},\"alternateName\":\"TinyChat.com\",\"potentialAction\":[{\"@type\":\"SearchAction\",\"target\":{\"@type\":\"EntryPoint\",\"urlTemplate\":\"https:\\\/\\\/tinychat.com\\\/?s={search_term_string}\"},\"query-input\":{\"@type\":\"PropertyValueSpecification\",\"valueRequired\":true,\"valueName\":\"search_term_string\"}}],\"inLanguage\":\"fr-FR\"},{\"@type\":\"Organization\",\"@id\":\"https:\\\/\\\/tinychat.com\\\/#organization\",\"name\":\"TinyChat\",\"alternateName\":\"TinyChat.com\",\"url\":\"https:\\\/\\\/tinychat.com\\\/\",\"logo\":{\"@type\":\"ImageObject\",\"inLanguage\":\"fr-FR\",\"@id\":\"https:\\\/\\\/tinychat.com\\\/#\\\/schema\\\/logo\\\/image\\\/\",\"url\":\"https:\\\/\\\/tinychat.com\\\/wp-content\\\/uploads\\\/2023\\\/11\\\/Tinychat-icon-square.png\",\"contentUrl\":\"https:\\\/\\\/tinychat.com\\\/wp-content\\\/uploads\\\/2023\\\/11\\\/Tinychat-icon-square.png\",\"width\":284,\"height\":284,\"caption\":\"TinyChat\"},\"image\":{\"@id\":\"https:\\\/\\\/tinychat.com\\\/#\\\/schema\\\/logo\\\/image\\\/\"},\"sameAs\":[\"https:\\\/\\\/www.facebook.com\\\/tinychat\",\"https:\\\/\\\/x.com\\\/tinychat\"]}]}<\/script>\n<!-- \/ Yoast SEO plugin. -->","yoast_head_json":{"title":"Joingy - Rejoignez le chat Stranger Cam - TinyChat.com","description":"Vous aimez Joingy ? Rejoignez plus de 50 000 000 d'inconnus sur TinyChat ! Allumez votre cam\u00e9ra et commencez \u00e0 rencontrer de nouvelles personnes, ou trouvez un partenaire.","robots":{"index":"index","follow":"follow","max-snippet":"max-snippet:-1","max-image-preview":"max-image-preview:large","max-video-preview":"max-video-preview:-1"},"canonical":"https:\/\/tinychat.com\/fr\/joingy\/","og_locale":"fr_FR","og_type":"article","og_title":"Joingy - Join the Stranger Cam Chat - TinyChat.com","og_description":"Enjoying Joingy? Join over 50,000,000 strangers on TinyChat! Turn on your cam and start meeting new people, or find a match.","og_url":"https:\/\/tinychat.com\/fr\/joingy\/","og_site_name":"TinyChat","article_publisher":"https:\/\/www.facebook.com\/tinychat","article_modified_time":"2025-07-07T16:31:23+00:00","og_image":[{"width":1280,"height":284,"url":"https:\/\/tinychat.com\/wp-content\/uploads\/2020\/04\/Tinychat-logo-1280x284-new-black.png","type":"image\/png"}],"twitter_card":"summary_large_image","twitter_site":"@tinychat","twitter_misc":{"Dur\u00e9e de lecture estim\u00e9e":"6 minutes"},"schema":{"@context":"https:\/\/schema.org","@graph":[{"@type":"WebPage","@id":"https:\/\/tinychat.com\/joingy\/","url":"https:\/\/tinychat.com\/joingy\/","name":"Joingy - Rejoignez le chat Stranger Cam - TinyChat.com","isPartOf":{"@id":"https:\/\/tinychat.com\/#website"},"datePublished":"2025-05-30T12:48:39+00:00","dateModified":"2025-07-07T16:31:23+00:00","description":"Vous aimez Joingy ? Rejoignez plus de 50 000 000 d'inconnus sur TinyChat ! Allumez votre cam\u00e9ra et commencez \u00e0 rencontrer de nouvelles personnes, ou trouvez un partenaire.","breadcrumb":{"@id":"https:\/\/tinychat.com\/joingy\/#breadcrumb"},"inLanguage":"fr-FR","potentialAction":[{"@type":"ReadAction","target":["https:\/\/tinychat.com\/joingy\/"]}]},{"@type":"BreadcrumbList","@id":"https:\/\/tinychat.com\/joingy\/#breadcrumb","itemListElement":[{"@type":"ListItem","position":1,"name":"Home","item":"https:\/\/tinychat.com\/"},{"@type":"ListItem","position":2,"name":"Joingy"}]},{"@type":"WebSite","@id":"https:\/\/tinychat.com\/#website","url":"https:\/\/tinychat.com\/","name":"TinyChat","description":"Chat vid\u00e9o al\u00e9atoire avec des inconnus","publisher":{"@id":"https:\/\/tinychat.com\/#organization"},"alternateName":"TinyChat.com","potentialAction":[{"@type":"SearchAction","target":{"@type":"EntryPoint","urlTemplate":"https:\/\/tinychat.com\/?s={search_term_string}"},"query-input":{"@type":"PropertyValueSpecification","valueRequired":true,"valueName":"search_term_string"}}],"inLanguage":"fr-FR"},{"@type":"Organization","@id":"https:\/\/tinychat.com\/#organization","name":"TinyChat","alternateName":"TinyChat.com","url":"https:\/\/tinychat.com\/","logo":{"@type":"ImageObject","inLanguage":"fr-FR","@id":"https:\/\/tinychat.com\/#\/schema\/logo\/image\/","url":"https:\/\/tinychat.com\/wp-content\/uploads\/2023\/11\/Tinychat-icon-square.png","contentUrl":"https:\/\/tinychat.com\/wp-content\/uploads\/2023\/11\/Tinychat-icon-square.png","width":284,"height":284,"caption":"TinyChat"},"image":{"@id":"https:\/\/tinychat.com\/#\/schema\/logo\/image\/"},"sameAs":["https:\/\/www.facebook.com\/tinychat","https:\/\/x.com\/tinychat"]}]}},"_links":{"self":[{"href":"https:\/\/tinychat.com\/fr\/wp-json\/wp\/v2\/pages\/10206","targetHints":{"allow":["GET"]}}],"collection":[{"href":"https:\/\/tinychat.com\/fr\/wp-json\/wp\/v2\/pages"}],"about":[{"href":"https:\/\/tinychat.com\/fr\/wp-json\/wp\/v2\/types\/page"}],"author":[{"embeddable":true,"href":"https:\/\/tinychat.com\/fr\/wp-json\/wp\/v2\/users\/6"}],"replies":[{"embeddable":true,"href":"https:\/\/tinychat.com\/fr\/wp-json\/wp\/v2\/comments?post=10206"}],"version-history":[{"count":3,"href":"https:\/\/tinychat.com\/fr\/wp-json\/wp\/v2\/pages\/10206\/revisions"}],"predecessor-version":[{"id":13198,"href":"https:\/\/tinychat.com\/fr\/wp-json\/wp\/v2\/pages\/10206\/revisions\/13198"}],"wp:attachment":[{"href":"https:\/\/tinychat.com\/fr\/wp-json\/wp\/v2\/media?parent=10206"}],"curies":[{"name":"wp","href":"https:\/\/api.w.org\/{rel}","templated":true}]}}