{"id":11273,"date":"2025-07-26T15:04:37","date_gmt":"2025-07-26T13:04:37","guid":{"rendered":"https:\/\/tinychat.com\/?page_id=11273"},"modified":"2025-07-26T17:45:09","modified_gmt":"2025-07-26T15:45:09","slug":"321chat","status":"publish","type":"page","link":"https:\/\/tinychat.com\/fr\/321chat\/","title":{"rendered":"321chat"},"content":{"rendered":"<p>\u00c0 l'\u00e8re des applications de rencontre sans fin et des r\u00e9seaux sociaux \u00e0 d\u00e9filement rapide, il y a quelque chose de rafra\u00eechissant et de r\u00e9el dans un endroit o\u00f9 vous pouvez simplement parler - pas de swiping, pas de matching, pas de pression. 321Chat est l'une des communaut\u00e9s de chat les plus anciennes et les plus respect\u00e9es du Web, rassemblant des personnes de tous horizons pour des conversations, du soutien, de l'amiti\u00e9 et parfois m\u00eame de la romance.<\/p>\n<p>Que vous soyez un adolescent \u00e0 la recherche d'un endroit s\u00fbr pour chatter, un adulte \u00e0 la recherche de compagnons, ou quelqu'un qui souhaite rejoindre une communaut\u00e9 fond\u00e9e sur le respect et l'amusement, 321Chat a une salle pour vous. Avec des d\u00e9cennies d'histoire, une forte mod\u00e9ration et une attention particuli\u00e8re \u00e0 la diversit\u00e9, \u00e0 l'inclusion et \u00e0 la s\u00e9curit\u00e9 des utilisateurs, 321Chat est une destination de confiance pour de vraies connexions dans un environnement d\u00e9tendu et amical.<\/p>\n<p>Ce guide approfondi vous pr\u00e9sentera tout ce que vous devez savoir sur 321Chat : son fonctionnement, ses principales caract\u00e9ristiques, l'exp\u00e9rience utilisateur, la confidentialit\u00e9 et la s\u00e9curit\u00e9, les comparaisons avec d'autres sites de chat, le d\u00e9pannage et les conseils pour tirer le meilleur parti de chaque visite dans la salle de chat.<\/p>\n<h2>Qu'est-ce que 321Chat ?<\/h2>\n<p>321Chat est une plateforme de chat par navigateur qui existe depuis longtemps et qui h\u00e9berge des dizaines de salons de chat gratuits, publics et priv\u00e9s pour tous les \u00e2ges, tous les milieux et tous les centres d'int\u00e9r\u00eat. Fond\u00e9 en 2002, il s'agit de l'un des premiers r\u00e9seaux sociaux, qui a accueilli des millions d'utilisateurs au fil des ans.<\/p>\n<p>Le site s'articule autour de salons de discussion communautaires, chacun ayant son propre sujet, ses propres r\u00e8gles et ses propres habitu\u00e9s. Parmi les salons les plus populaires, citons<\/p>\n<ul>\n<li>Chat pour les adolescents (13-19)<\/li>\n<li>Chat g\u00e9n\u00e9ral<\/li>\n<li>Chat adulte (18+)<\/li>\n<li>Chat pour c\u00e9libataires<\/li>\n<li>Chat LGBT<\/li>\n<li>Chat chr\u00e9tien<\/li>\n<li>Chat international et linguistique<\/li>\n<li>Salles d'int\u00e9r\u00eat et de soutien (par exemple, parentalit\u00e9, sant\u00e9 mentale, musique, jeux)<\/li>\n<\/ul>\n<p>321Chat est ouvert \u00e0 tous (avec des salles adapt\u00e9es \u00e0 l'\u00e2ge des participants et une forte mod\u00e9ration), et aucune inscription n'est n\u00e9cessaire pour s'inscrire et commencer \u00e0 discuter.<\/p>\n<h2>Principales caract\u00e9ristiques de 321Chat<\/h2>\n<p>321Chat a pour but de rassembler les gens dans un environnement s\u00fbr et amical. Voici ce qui en fait un choix de premier ordre parmi les salles de chat classiques :<\/p>\n<h3>1. Des dizaines de salles de chat publiques et gratuites<\/h3>\n<p>Des adolescents aux adultes, des c\u00e9libataires aux personnes \u00e2g\u00e9es, il y a une place pour tout le monde. Trouvez votre tribu dans des espaces ax\u00e9s sur les centres d'int\u00e9r\u00eat, l'\u00e2ge ou le soutien.<\/p>\n<h3>2. Aucune inscription n'est requise pour le chat de base<\/h3>\n<p>Acc\u00e9dez directement \u00e0 la plupart des salons de discussion \u00e0 l'aide d'un simple pseudo - pas besoin d'email, de mot de passe ou de t\u00e9l\u00e9chargement d'application.<\/p>\n<h3>3. Messagerie priv\u00e9e et syst\u00e8me d'amis<\/h3>\n<ul>\n<li>Chuchoter (message priv\u00e9) : Discutez en t\u00eate-\u00e0-t\u00eate avec les utilisateurs d'une salle.<\/li>\n<li>Ajouter des amis : Sauvegardez vos amis pr\u00e9f\u00e9r\u00e9s et voyez quand ils sont en ligne.<\/li>\n<li>Bloquer des utilisateurs : Mettez instantan\u00e9ment en sourdine toute personne avec laquelle vous ne souhaitez pas interagir.<\/li>\n<\/ul>\n<h3>4. Profils d'utilisateurs et avatars<\/h3>\n<p>Personnalisez votre surnom et votre avatar, \u00e9crivez une courte biographie et exprimez vos centres d'int\u00e9r\u00eat. Les utilisateurs enregistr\u00e9s peuvent personnaliser davantage leur profil et conserver une identit\u00e9 persistante d'une salle \u00e0 l'autre.<\/p>\n<h3>5. Plate-forme conviviale pour les mobiles et bas\u00e9e sur un navigateur<\/h3>\n<p>Chattez en toute transparence sur votre ordinateur de bureau, votre ordinateur portable, votre tablette ou votre t\u00e9l\u00e9phone portable - aucun t\u00e9l\u00e9chargement ou installation d'application n'est n\u00e9cessaire.<\/p>\n<h3>6. Partage des m\u00e9dias et fonctions ludiques<\/h3>\n<p>Envoyez des emojis, des images et des GIF (sous r\u00e9serve de mod\u00e9ration), jouez \u00e0 des jeux de chat et participez \u00e0 des sondages et \u00e0 des \u00e9v\u00e9nements \u00e0 l'\u00e9chelle de la salle.<\/p>\n<h3>7. Mod\u00e9ration active et s\u00e9curit\u00e9 des utilisateurs<\/h3>\n<p>321Chat est connu pour sa mod\u00e9ration parmi les plus fortes du secteur :<\/p>\n<ul>\n<li>Des mod\u00e9rateurs humains form\u00e9s dans chaque salle.<\/li>\n<li>Des r\u00e8gles de chat claires : Pas d'intimidation, de haine ou de contenu explicite dans des salles inappropri\u00e9es \u00e0 l'\u00e2ge des participants.<\/li>\n<li>Signalement facile : Les utilisateurs peuvent signaler les abus instantan\u00e9ment.<\/li>\n<li>Les bots et les spams sont rapidement trait\u00e9s.<\/li>\n<\/ul>\n<h3>8. Enregistrement facultatif pour plus de fonctionnalit\u00e9s<\/h3>\n<p>Cr\u00e9ez un compte gratuit pour :<\/p>\n<ul>\n<li>R\u00e9servez votre pseudo et votre avatar<\/li>\n<li>Cr\u00e9er une liste d'amis et un historique des messages priv\u00e9s<\/li>\n<li>Personnalisez votre profil<\/li>\n<li>Recevoir des notifications lorsque des amis se connectent<\/li>\n<\/ul>\n<p>L'inscription est rapide et ne n\u00e9cessite qu'un minimum d'informations, ce qui est parfait pour ceux qui souhaitent une pr\u00e9sence sociale persistante.<\/p>\n<h3>9. Chambres et r\u00e8gles adapt\u00e9es \u00e0 l'\u00e2ge des enfants<\/h3>\n<p>Des salles d\u00e9di\u00e9es aux adolescents (avec des mesures de s\u00e9curit\u00e9 sp\u00e9ciales), aux adultes, aux c\u00e9libataires, et plus encore. Des contr\u00f4les d'\u00e2ge et des r\u00e8gles strictes garantissent la s\u00e9curit\u00e9 des utilisateurs.<\/p>\n<h2>Comment utiliser 321Chat<\/h2>\n<p>Pour commencer, rien de plus simple : voici un guide \u00e9tape par \u00e9tape :<\/p>\n<h3>\u00c9tape 1 : Visitez le site web de 321Chat<\/h3>\n<p>Allez sur 321chat.com dans n'importe quel navigateur.<\/p>\n<h3>\u00c9tape 2 : Choisissez votre chambre<\/h3>\n<p>Choisissez un salon de discussion en fonction de votre \u00e2ge, de vos centres d'int\u00e9r\u00eat ou de vos ant\u00e9c\u00e9dents : adolescents, adultes, c\u00e9libataires, LGBT, etc.<\/p>\n<h3>\u00c9tape 3 : Choisir un pseudonyme et un avatar<\/h3>\n<p>Entrez un pseudo (aucun nom r\u00e9el n'est requis), choisissez un avatar ou t\u00e9l\u00e9chargez une photo, et vous \u00eates pr\u00eat \u00e0 discuter. Vous pouvez \u00e9galement ouvrir un compte complet si vous souhaitez sauvegarder votre profil et votre liste d'amis.<\/p>\n<h3>\u00c9tape 4 : Participer \u00e0 la conversation<\/h3>\n<p>Participez au chat du groupe, r\u00e9pondez aux messages ou pr\u00e9sentez-vous dans la salle.<\/p>\n<h3>\u00c9tape 5 : Message priv\u00e9 et ajout d'amis<\/h3>\n<p>Cliquez sur le nom d'un utilisateur pour lui envoyer un \"chuchotement\" priv\u00e9, l'ajouter \u00e0 vos amis ou le bloquer\/rapporter si n\u00e9cessaire.<\/p>\n<h3>\u00c9tape 6 : S'exprimer<\/h3>\n<p>Utilisez des emojis, des GIFs et participez \u00e0 des jeux de chat ou \u00e0 des sondages pour une exp\u00e9rience vivante.<\/p>\n<h3>\u00c9tape 7 : S'inscrire pour b\u00e9n\u00e9ficier d'autres fonctionnalit\u00e9s (facultatif)<\/h3>\n<p>Cr\u00e9ez un compte gratuit pour d\u00e9bloquer un profil persistant, des notifications et des param\u00e8tres plus avanc\u00e9s.<\/p>\n<h2>Exp\u00e9rience utilisateur sur 321Chat<\/h2>\n<p>L'exp\u00e9rience de 321Chat s'articule autour d'une v\u00e9ritable communaut\u00e9 et d'un acc\u00e8s facile :<\/p>\n<h3>Ce que les utilisateurs aiment<\/h3>\n<ul>\n<li>Des dizaines de salles : Il y en a pour tous les \u00e2ges et tous les go\u00fbts, avec des habitu\u00e9s accueillants.<\/li>\n<li>Aucune inscription n'est n\u00e9cessaire : Chat instantan\u00e9 et anonyme.<\/li>\n<li>Adapt\u00e9 aux mobiles et aux ordinateurs de bureau : Chat de n'importe o\u00f9, n'importe quand.<\/li>\n<li>Forte mod\u00e9ration : Plus s\u00fbr que beaucoup d'autres solutions, en particulier pour les adolescents.<\/li>\n<li>Profils personnalisables : Exprimez-vous, faites-vous de vrais amis.<\/li>\n<li>Messagerie priv\u00e9e facile : Organisez des entretiens individuels ou des discussions de groupe enrichissantes.<\/li>\n<li>Jeux et \u00e9v\u00e9nements amusants : Faites en sorte que les choses soient anim\u00e9es et sociales.<\/li>\n<\/ul>\n<h3>Les points \u00e0 am\u00e9liorer selon les utilisateurs<\/h3>\n<ul>\n<li>Pas de chat vid\u00e9o ou vocal (321Chat est bas\u00e9 sur le texte).<\/li>\n<li>Les messages priv\u00e9s permettent de garder les choses personnelles.<\/li>\n<li>Certaines fonctionnalit\u00e9s n\u00e9cessitent une inscription gratuite.<\/li>\n<li>Les trolls sont toujours pr\u00e9sents (bien que les mod\u00e9rateurs agissent rapidement).<\/li>\n<\/ul>\n<h3>Un vrai retour d'information de la part des utilisateurs<\/h3>\n<blockquote><p>\"Le meilleur site de chat pour se faire de vrais amis, pas seulement des rencontres rapides. Je discute ici depuis des ann\u00e9es.<br \/>\n- <em>Ashley M., Trustpilot<\/em><\/p><\/blockquote>\n<blockquote><p>\"J'adore la salle des ados. Les animateurs se soucient vraiment de leur s\u00e9curit\u00e9.\"<br \/>\n- <em>Jake T., Google Play<\/em><\/p><\/blockquote>\n<blockquote><p>\"Je suis dans la salle des c\u00e9libataires tous les soirs - c'est amusant, s\u00fbr, et il y a beaucoup d'habitu\u00e9s.<br \/>\n- <em>Steve L., App Store<\/em><\/p><\/blockquote>\n<h2>321Chat vs. autres plates-formes de salons de discussion<\/h2>\n<p>Comment 321Chat se compare-t-il aux autres sites de chat classiques ?<\/p>\n<table>\n<thead>\n<tr>\n<th>Fonctionnalit\u00e9<\/th>\n<th>321Chat<\/th>\n<th>Chatroom2000<\/th>\n<th>Ouiichat<\/th>\n<th>Chatzy<\/th>\n<th>Chat Avenue<\/th>\n<th>Discord<\/th>\n<\/tr>\n<\/thead>\n<tbody>\n<tr>\n<td>Pas d'inscription n\u00e9cessaire<\/td>\n<td>\u2705 Oui<\/td>\n<td>\u2705 Oui<\/td>\n<td>\u2705 Oui<\/td>\n<td>\u2705 Oui<\/td>\n<td>\u2705 Oui<\/td>\n<td>\u274c Non<\/td>\n<\/tr>\n<tr>\n<td>Salles publiques et priv\u00e9es<\/td>\n<td>\u2705 Oui<\/td>\n<td>\u2705 Oui<\/td>\n<td>\u2705 Oui<\/td>\n<td>\u2705 Oui<\/td>\n<td>\u2705 Oui<\/td>\n<td>\u2705 Oui<\/td>\n<\/tr>\n<tr>\n<td>S\u00e9paration adolescents\/adultes<\/td>\n<td>\u2705 Fort<\/td>\n<td>\u26a0\ufe0f Quelques-uns<\/td>\n<td>\u2705 Oui<\/td>\n<td>\u274c Non<\/td>\n<td>\u2705 Oui<\/td>\n<td>\u26a0\ufe0f Quelques-uns<\/td>\n<\/tr>\n<tr>\n<td>Messagerie priv\u00e9e<\/td>\n<td>\u2705 Oui<\/td>\n<td>\u2705 Oui<\/td>\n<td>\u2705 Oui<\/td>\n<td>\u2705 Oui<\/td>\n<td>\u2705 Oui<\/td>\n<td>\u2705 Oui<\/td>\n<\/tr>\n<tr>\n<td>Chat vid\u00e9o\/audio<\/td>\n<td>\u274c Non<\/td>\n<td>\u274c Non<\/td>\n<td>\u2705 Oui<\/td>\n<td>\u274c Non<\/td>\n<td>\u2705 Oui<\/td>\n<td>\u2705 Oui<\/td>\n<\/tr>\n<tr>\n<td>M\u00e9dias\/GIFs<\/td>\n<td>\u2705 Oui<\/td>\n<td>\u2705 Oui<\/td>\n<td>\u2705 Oui<\/td>\n<td>\u2705 Oui<\/td>\n<td>\u2705 Oui<\/td>\n<td>\u2705 Oui<\/td>\n<\/tr>\n<tr>\n<td>Une forte mod\u00e9ration<\/td>\n<td>\u2705 Oui<\/td>\n<td>\u2705 Oui<\/td>\n<td>\u2705 Oui<\/td>\n<td>\u2705 Oui<\/td>\n<td>\u2705 Mod\u00e9r\u00e9<\/td>\n<td>\u2705 Oui<\/td>\n<\/tr>\n<tr>\n<td>Optimis\u00e9 pour les mobiles<\/td>\n<td>\u2705 Oui<\/td>\n<td>\u2705 Oui<\/td>\n<td>\u2705 Oui<\/td>\n<td>\u2705 Oui<\/td>\n<td>\u2705 Oui<\/td>\n<td>\u2705 Oui<\/td>\n<\/tr>\n<\/tbody>\n<\/table>\n<p>R\u00e9sum\u00e9 : 321Chat se distingue par sa gamme de salons, sa forte mod\u00e9ration (en particulier pour les jeunes) et son orientation communautaire depuis des d\u00e9cennies, ce qui en fait un choix s\u00fbr et classique pour le chat de groupe et l'amiti\u00e9.<\/p>\n<h2>321Chat est-il s\u00fbr ?<\/h2>\n<p>La s\u00e9curit\u00e9 est au c\u0153ur de l'exp\u00e9rience 321Chat :<\/p>\n<ul>\n<li>Des mod\u00e9rateurs humains dans chaque salle : Sympathiques, actifs et bien form\u00e9s.<\/li>\n<li>Des r\u00e8gles strictes en mati\u00e8re d'\u00e2ge : Les salles r\u00e9serv\u00e9es aux adolescents et aux adultes sont strictement s\u00e9par\u00e9es, avec des interdictions pour les contrevenants.<\/li>\n<li>Signalement\/blocage facile : Mettez instantan\u00e9ment en sourdine ou signalez les abus.<\/li>\n<li>Chat anonyme : Aucun nom ou information personnelle n'est requis.<\/li>\n<li>Des r\u00e8gles claires et appliqu\u00e9es : Pas d'intimidation, pas de contenu sexuel dans les salles r\u00e9serv\u00e9es aux jeunes, pas de haine.<\/li>\n<\/ul>\n<h3>Conseils de s\u00e9curit\u00e9<\/h3>\n<ul>\n<li>Ne communiquez jamais votre vrai nom, votre adresse ou vos informations financi\u00e8res.<\/li>\n<li>Restez dans la chambre correspondant \u00e0 votre \u00e2ge ; ne changez pas de chambre en fonction des restrictions d'\u00e2ge.<\/li>\n<li>Signalez ou bloquez les utilisateurs qui vous mettent mal \u00e0 l'aise.<\/li>\n<li>Ne cliquez pas sur des liens inconnus et ne partagez pas d'informations sensibles.<\/li>\n<li>Inscrivez-vous \u00e0 un profil persistant si vous souhaitez enregistrer des listes d'amis et de blocage.<\/li>\n<\/ul>\n<h2>Conseils pour tirer le meilleur parti de 321Chat<\/h2>\n<ul>\n<li>Pr\u00e9sentez-vous : Les habitu\u00e9s accueillent volontiers les nouveaux utilisateurs.<\/li>\n<li>Essayez diff\u00e9rentes pi\u00e8ces : Trouvez votre chambre pr\u00e9f\u00e9r\u00e9e - chaque chambre a sa propre ambiance.<\/li>\n<li>Ajoutez des amis : Cr\u00e9ez votre propre communaut\u00e9 en ligne pour des discussions r\u00e9guli\u00e8res.<\/li>\n<li>Participez aux jeux et aux sondages : Participez pour rendre les choses plus amusantes.<\/li>\n<li>Utilisez les outils de mod\u00e9ration : Veillez \u00e0 ce que votre exp\u00e9rience soit positive et s\u00fbre.<\/li>\n<li>Changez d'appareil si n\u00e9cessaire : Chattez sur votre t\u00e9l\u00e9phone portable ou votre ordinateur de bureau : tout est bas\u00e9 sur un navigateur.<\/li>\n<li>S'inscrire pour les extras : Profitez d'une identit\u00e9 persistante, d'une liste d'amis et d'un profil personnalis\u00e9.<\/li>\n<\/ul>\n<h2>D\u00e9pannage des probl\u00e8mes courants li\u00e9s au 321Chat<\/h2>\n<h3>Impossible d'entrer dans une pi\u00e8ce<\/h3>\n<p>Assurez-vous que vous choisissez la chambre correspondant \u00e0 votre \u00e2ge ; \u00e9vitez les surnoms inappropri\u00e9s. Actualisez ou essayez un autre navigateur si le probl\u00e8me persiste.<\/p>\n<h3>Impossible d'envoyer un message priv\u00e9 ou d'ajouter des amis<\/h3>\n<p>Il se peut que vous deviez cr\u00e9er un compte gratuit pour acc\u00e9der \u00e0 ces fonctions. Assurez-vous d'\u00eatre connect\u00e9.<\/p>\n<h3>Spam ou trolls dans la salle<\/h3>\n<p>Signaler et bloquer instantan\u00e9ment ; les mod\u00e9rateurs sont pr\u00e9sents et agissent rapidement.<\/p>\n<h3>Profil ou amis perdus<\/h3>\n<p>Cr\u00e9ez un compte gratuit et connectez-vous pour sauvegarder votre liste d'amis et vos personnalisations.<\/p>\n<h3>La salle de chat est lente ou d\u00e9connect\u00e9e<\/h3>\n<p>V\u00e9rifiez votre connexion Wi-Fi, fermez les onglets\/applications en arri\u00e8re-plan et mettez \u00e0 jour votre navigateur.<\/p>\n<p>Absolument, surtout pour ceux qui recherchent des salles de chat classiques, une communaut\u00e9 amicale et des conversations s\u00fbres et r\u00e9elles. 321Chat combine le meilleur du chat \u00e0 l'ancienne avec des fonctionnalit\u00e9s modernes, une mod\u00e9ration active et un esprit accueillant.<\/p>\n<p>Que vous souhaitiez vous faire des amis, trouver l'amour, rejoindre un groupe de soutien ou simplement passer du temps ensemble, 321Chat est votre club social num\u00e9rique, ouvert 24 heures sur 24, 7 jours sur 7, toujours gratuit et toujours accueillant.<\/p>\n<p>Pr\u00eat \u00e0 chatter ? Visitez 321chat.com, choisissez une salle, un pseudo et commencez votre prochaine grande conversation en quelques secondes.<\/p>","protected":false},"excerpt":{"rendered":"<p>In an age of endless dating apps and fast-scrolling social networks, there\u2019s something refreshingly real about a place where you can just talk\u2014no swiping, no matching, no pressure. 321Chat stands as one of the oldest and most respected chat room communities on the web, bringing together people from all walks of life for conversation, support, [&hellip;]<\/p>\n","protected":false},"author":6,"featured_media":0,"parent":0,"menu_order":0,"comment_status":"closed","ping_status":"closed","template":"","meta":{"footnotes":""},"class_list":["post-11273","page","type-page","status-publish","hentry"],"yoast_head":"<!-- This site is optimized with the Yoast SEO plugin v27.4 - https:\/\/yoast.com\/product\/yoast-seo-wordpress\/ -->\n<title>321chat - Free Chat Rooms for Everyone - TinyChat.com<\/title>\n<meta name=\"description\" content=\"Enjoying 321chat? Join over 50,000,000 strangers on TinyChat! Turn on your cam and start meeting new people, or find a match.\" \/>\n<meta name=\"robots\" content=\"index, follow, max-snippet:-1, max-image-preview:large, max-video-preview:-1\" \/>\n<link rel=\"canonical\" href=\"https:\/\/tinychat.com\/fr\/321chat\/\" \/>\n<meta property=\"og:locale\" content=\"fr_FR\" \/>\n<meta property=\"og:type\" content=\"article\" \/>\n<meta property=\"og:title\" content=\"321chat - Free Chat Rooms for Everyone - TinyChat.com\" \/>\n<meta property=\"og:description\" content=\"Enjoying 321chat? Join over 50,000,000 strangers on TinyChat! Turn on your cam and start meeting new people, or find a match.\" \/>\n<meta property=\"og:url\" content=\"https:\/\/tinychat.com\/fr\/321chat\/\" \/>\n<meta property=\"og:site_name\" content=\"TinyChat\" \/>\n<meta property=\"article:publisher\" content=\"https:\/\/www.facebook.com\/tinychat\" \/>\n<meta property=\"article:modified_time\" content=\"2025-07-26T15:45:09+00:00\" \/>\n<meta property=\"og:image\" content=\"https:\/\/tinychat.com\/wp-content\/uploads\/2020\/04\/Tinychat-logo-1280x284-new-black.png\" \/>\n\t<meta property=\"og:image:width\" content=\"1280\" \/>\n\t<meta property=\"og:image:height\" content=\"284\" \/>\n\t<meta property=\"og:image:type\" content=\"image\/png\" \/>\n<meta name=\"twitter:card\" content=\"summary_large_image\" \/>\n<meta name=\"twitter:site\" content=\"@tinychat\" \/>\n<meta name=\"twitter:label1\" content=\"Dur\u00e9e de lecture estim\u00e9e\" \/>\n\t<meta name=\"twitter:data1\" content=\"7 minutes\" \/>\n<script type=\"application\/ld+json\" class=\"yoast-schema-graph\">{\"@context\":\"https:\\\/\\\/schema.org\",\"@graph\":[{\"@type\":\"WebPage\",\"@id\":\"https:\\\/\\\/tinychat.com\\\/321chat\\\/\",\"url\":\"https:\\\/\\\/tinychat.com\\\/321chat\\\/\",\"name\":\"321chat - Free Chat Rooms for Everyone - TinyChat.com\",\"isPartOf\":{\"@id\":\"https:\\\/\\\/tinychat.com\\\/#website\"},\"datePublished\":\"2025-07-26T13:04:37+00:00\",\"dateModified\":\"2025-07-26T15:45:09+00:00\",\"description\":\"Enjoying 321chat? Join over 50,000,000 strangers on TinyChat! Turn on your cam and start meeting new people, or find a match.\",\"breadcrumb\":{\"@id\":\"https:\\\/\\\/tinychat.com\\\/321chat\\\/#breadcrumb\"},\"inLanguage\":\"fr-FR\",\"potentialAction\":[{\"@type\":\"ReadAction\",\"target\":[\"https:\\\/\\\/tinychat.com\\\/321chat\\\/\"]}]},{\"@type\":\"BreadcrumbList\",\"@id\":\"https:\\\/\\\/tinychat.com\\\/321chat\\\/#breadcrumb\",\"itemListElement\":[{\"@type\":\"ListItem\",\"position\":1,\"name\":\"Home\",\"item\":\"https:\\\/\\\/tinychat.com\\\/\"},{\"@type\":\"ListItem\",\"position\":2,\"name\":\"321chat\"}]},{\"@type\":\"WebSite\",\"@id\":\"https:\\\/\\\/tinychat.com\\\/#website\",\"url\":\"https:\\\/\\\/tinychat.com\\\/\",\"name\":\"TinyChat\",\"description\":\"Random Video Chat with Strangers\",\"publisher\":{\"@id\":\"https:\\\/\\\/tinychat.com\\\/#organization\"},\"alternateName\":\"TinyChat.com\",\"potentialAction\":[{\"@type\":\"SearchAction\",\"target\":{\"@type\":\"EntryPoint\",\"urlTemplate\":\"https:\\\/\\\/tinychat.com\\\/?s={search_term_string}\"},\"query-input\":{\"@type\":\"PropertyValueSpecification\",\"valueRequired\":true,\"valueName\":\"search_term_string\"}}],\"inLanguage\":\"fr-FR\"},{\"@type\":\"Organization\",\"@id\":\"https:\\\/\\\/tinychat.com\\\/#organization\",\"name\":\"TinyChat\",\"alternateName\":\"TinyChat.com\",\"url\":\"https:\\\/\\\/tinychat.com\\\/\",\"logo\":{\"@type\":\"ImageObject\",\"inLanguage\":\"fr-FR\",\"@id\":\"https:\\\/\\\/tinychat.com\\\/#\\\/schema\\\/logo\\\/image\\\/\",\"url\":\"https:\\\/\\\/tinychat.com\\\/wp-content\\\/uploads\\\/2023\\\/11\\\/Tinychat-icon-square.png\",\"contentUrl\":\"https:\\\/\\\/tinychat.com\\\/wp-content\\\/uploads\\\/2023\\\/11\\\/Tinychat-icon-square.png\",\"width\":284,\"height\":284,\"caption\":\"TinyChat\"},\"image\":{\"@id\":\"https:\\\/\\\/tinychat.com\\\/#\\\/schema\\\/logo\\\/image\\\/\"},\"sameAs\":[\"https:\\\/\\\/www.facebook.com\\\/tinychat\",\"https:\\\/\\\/x.com\\\/tinychat\"]}]}<\/script>\n<!-- \/ Yoast SEO plugin. -->","yoast_head_json":{"title":"321chat - Salles de chat gratuites pour tous - TinyChat.com","description":"Vous aimez 321chat ? Rejoignez plus de 50 000 000 d'inconnus sur TinyChat ! Allumez votre cam\u00e9ra et commencez \u00e0 rencontrer de nouvelles personnes, ou trouvez un partenaire.","robots":{"index":"index","follow":"follow","max-snippet":"max-snippet:-1","max-image-preview":"max-image-preview:large","max-video-preview":"max-video-preview:-1"},"canonical":"https:\/\/tinychat.com\/fr\/321chat\/","og_locale":"fr_FR","og_type":"article","og_title":"321chat - Free Chat Rooms for Everyone - TinyChat.com","og_description":"Enjoying 321chat? Join over 50,000,000 strangers on TinyChat! Turn on your cam and start meeting new people, or find a match.","og_url":"https:\/\/tinychat.com\/fr\/321chat\/","og_site_name":"TinyChat","article_publisher":"https:\/\/www.facebook.com\/tinychat","article_modified_time":"2025-07-26T15:45:09+00:00","og_image":[{"width":1280,"height":284,"url":"https:\/\/tinychat.com\/wp-content\/uploads\/2020\/04\/Tinychat-logo-1280x284-new-black.png","type":"image\/png"}],"twitter_card":"summary_large_image","twitter_site":"@tinychat","twitter_misc":{"Dur\u00e9e de lecture estim\u00e9e":"7 minutes"},"schema":{"@context":"https:\/\/schema.org","@graph":[{"@type":"WebPage","@id":"https:\/\/tinychat.com\/321chat\/","url":"https:\/\/tinychat.com\/321chat\/","name":"321chat - Salles de chat gratuites pour tous - TinyChat.com","isPartOf":{"@id":"https:\/\/tinychat.com\/#website"},"datePublished":"2025-07-26T13:04:37+00:00","dateModified":"2025-07-26T15:45:09+00:00","description":"Vous aimez 321chat ? Rejoignez plus de 50 000 000 d'inconnus sur TinyChat ! Allumez votre cam\u00e9ra et commencez \u00e0 rencontrer de nouvelles personnes, ou trouvez un partenaire.","breadcrumb":{"@id":"https:\/\/tinychat.com\/321chat\/#breadcrumb"},"inLanguage":"fr-FR","potentialAction":[{"@type":"ReadAction","target":["https:\/\/tinychat.com\/321chat\/"]}]},{"@type":"BreadcrumbList","@id":"https:\/\/tinychat.com\/321chat\/#breadcrumb","itemListElement":[{"@type":"ListItem","position":1,"name":"Home","item":"https:\/\/tinychat.com\/"},{"@type":"ListItem","position":2,"name":"321chat"}]},{"@type":"WebSite","@id":"https:\/\/tinychat.com\/#website","url":"https:\/\/tinychat.com\/","name":"TinyChat","description":"Chat vid\u00e9o al\u00e9atoire avec des inconnus","publisher":{"@id":"https:\/\/tinychat.com\/#organization"},"alternateName":"TinyChat.com","potentialAction":[{"@type":"SearchAction","target":{"@type":"EntryPoint","urlTemplate":"https:\/\/tinychat.com\/?s={search_term_string}"},"query-input":{"@type":"PropertyValueSpecification","valueRequired":true,"valueName":"search_term_string"}}],"inLanguage":"fr-FR"},{"@type":"Organization","@id":"https:\/\/tinychat.com\/#organization","name":"TinyChat","alternateName":"TinyChat.com","url":"https:\/\/tinychat.com\/","logo":{"@type":"ImageObject","inLanguage":"fr-FR","@id":"https:\/\/tinychat.com\/#\/schema\/logo\/image\/","url":"https:\/\/tinychat.com\/wp-content\/uploads\/2023\/11\/Tinychat-icon-square.png","contentUrl":"https:\/\/tinychat.com\/wp-content\/uploads\/2023\/11\/Tinychat-icon-square.png","width":284,"height":284,"caption":"TinyChat"},"image":{"@id":"https:\/\/tinychat.com\/#\/schema\/logo\/image\/"},"sameAs":["https:\/\/www.facebook.com\/tinychat","https:\/\/x.com\/tinychat"]}]}},"_links":{"self":[{"href":"https:\/\/tinychat.com\/fr\/wp-json\/wp\/v2\/pages\/11273","targetHints":{"allow":["GET"]}}],"collection":[{"href":"https:\/\/tinychat.com\/fr\/wp-json\/wp\/v2\/pages"}],"about":[{"href":"https:\/\/tinychat.com\/fr\/wp-json\/wp\/v2\/types\/page"}],"author":[{"embeddable":true,"href":"https:\/\/tinychat.com\/fr\/wp-json\/wp\/v2\/users\/6"}],"replies":[{"embeddable":true,"href":"https:\/\/tinychat.com\/fr\/wp-json\/wp\/v2\/comments?post=11273"}],"version-history":[{"count":3,"href":"https:\/\/tinychat.com\/fr\/wp-json\/wp\/v2\/pages\/11273\/revisions"}],"predecessor-version":[{"id":13366,"href":"https:\/\/tinychat.com\/fr\/wp-json\/wp\/v2\/pages\/11273\/revisions\/13366"}],"wp:attachment":[{"href":"https:\/\/tinychat.com\/fr\/wp-json\/wp\/v2\/media?parent=11273"}],"curies":[{"name":"wp","href":"https:\/\/api.w.org\/{rel}","templated":true}]}}