{"id":11922,"date":"2025-12-02T10:01:20","date_gmt":"2025-12-02T08:01:20","guid":{"rendered":"https:\/\/tinychat.com\/?page_id=11922"},"modified":"2025-12-02T12:01:14","modified_gmt":"2025-12-02T10:01:14","slug":"strangermeetup","status":"publish","type":"page","link":"https:\/\/tinychat.com\/fr\/strangermeetup\/","title":{"rendered":"StrangerMeetup"},"content":{"rendered":"<p>Dans un monde en ligne domin\u00e9 par les filtres, les profils et les flux aliment\u00e9s par des algorithmes, StrangerMeetup offre quelque chose de rafra\u00eechissant et d'humain : des conversations textuelles rapides et anonymes avec des inconnus du monde entier. Pas d'inscription, pas de donn\u00e9es personnelles, pas de fonctionnalit\u00e9s compliqu\u00e9es, juste des discussions spontan\u00e9es et authentiques avec des personnes que vous n'avez jamais rencontr\u00e9es.<\/p>\n<p>Con\u00e7u pour les utilisateurs qui pr\u00e9f\u00e8rent la simplicit\u00e9 et la confidentialit\u00e9 des communications textuelles, StrangerMeetup est devenu une plateforme incontournable pour ceux qui souhaitent discuter ouvertement, rencontrer de nouvelles personnes ou simplement passer le temps en discutant de mani\u00e8re informelle en ligne. Il est l\u00e9ger, sans stress et accessible depuis presque tous les appareils.<\/p>\n<p>Dans cette revue compl\u00e8te, vous d\u00e9couvrirez ce qu'est StrangerMeetup, comment il fonctionne, ses principales fonctionnalit\u00e9s, l'exp\u00e9rience utilisateur, les consignes de s\u00e9curit\u00e9, les comparaisons avec ses concurrents, les solutions de d\u00e9pannage et s'il vaut la peine de l'utiliser aujourd'hui.<\/p>\n<h2>Qu'est-ce que StrangerMeetup ?<\/h2>\n<p>StrangerMeetup est un service de chat textuel anonyme gratuit qui vous met instantan\u00e9ment en relation avec des inconnus. Contrairement aux plateformes de chat vid\u00e9o al\u00e9atoire, StrangerMeetup se concentre exclusivement sur la communication textuelle, ce qui le rend id\u00e9al pour les utilisateurs qui :<\/p>\n<ul>\n<li>Pr\u00e9f\u00e9rer la confidentialit\u00e9<\/li>\n<li>Ne veulent pas montrer leur visage<\/li>\n<li>Profitez d'une conversation d\u00e9contract\u00e9e, sans pression.<\/li>\n<li>Vous souhaitez rencontrer des personnes issues de cultures diff\u00e9rentes ?<\/li>\n<li>Comme des conversations rapides en t\u00eate-\u00e0-t\u00eate<\/li>\n<\/ul>\n<p>Vous n'avez pas besoin de compte ni de profil : chaque session est temporaire, anonyme et r\u00e9initialis\u00e9e d\u00e8s que vous quittez le chat. Cela fait de StrangerMeetup un excellent choix pour les personnes qui aiment discuter librement sans le poids de leur identit\u00e9 sur les r\u00e9seaux sociaux.<\/p>\n<h2>Principales fonctionnalit\u00e9s de StrangerMeetup<\/h2>\n<p>StrangerMeetup r\u00e9duit tout \u00e0 l'essentiel, mais conserve suffisamment de structure pour offrir une exp\u00e9rience de chat fluide.<\/p>\n<h3>1. Chat \u00e0 texte al\u00e9atoire<\/h3>\n<ul>\n<li>Entrez instantan\u00e9ment en contact avec un inconnu<\/li>\n<li>Aucune cam\u00e9ra ni microphone requis<\/li>\n<li>Interaction \u00e0 basse pression<\/li>\n<\/ul>\n<p>Ce format permet des conversations faciles et fluides sans se soucier de l'apparence ou de la qualit\u00e9 vid\u00e9o.<\/p>\n<h3>2. 100% Anonyme<\/h3>\n<ul>\n<li>Aucune connexion requise<\/li>\n<li>Aucun e-mail ni num\u00e9ro de t\u00e9l\u00e9phone requis<\/li>\n<li>Aucune donn\u00e9e personnelle n'est stock\u00e9e.<\/li>\n<\/ul>\n<p>Les conversations disparaissent lorsque vous fermez la discussion, pour une confidentialit\u00e9 maximale.<\/p>\n<h3>3. Interface simple et \u00e9pur\u00e9e<\/h3>\n<ul>\n<li>Design minimaliste<\/li>\n<li>Fonctionne parfaitement sur n'importe quel appareil<\/li>\n<li>Peu de distractions et pas d'encombrement<\/li>\n<\/ul>\n<p>Les utilisateurs appr\u00e9cient que tout soit simple et facile \u00e0 comprendre.<\/p>\n<h3>4. Syst\u00e8me de match rapide<\/h3>\n<ul>\n<li>La correspondance ne prend que quelques secondes<\/li>\n<li>Pas de files d'attente<\/li>\n<li>Ignorer ou d\u00e9connecter \u00e0 tout moment<\/li>\n<\/ul>\n<p>Parfait pour ceux qui aiment les relations rapides et spontan\u00e9es.<\/p>\n<h3>5. Port\u00e9e mondiale<\/h3>\n<ul>\n<li>Discutez avec des personnes du monde entier<\/li>\n<li>Grande diversit\u00e9 dans la conversation<\/li>\n<li>Id\u00e9al pour les \u00e9changes culturels<\/li>\n<\/ul>\n<p>De nombreux utilisateurs s'inscrivent sp\u00e9cifiquement pour discuter avec des personnes de diff\u00e9rents pays.<\/p>\n<h3>6. Compatible avec les appareils mobiles<\/h3>\n<ul>\n<li>Enti\u00e8rement fonctionnel sur les navigateurs mobiles<\/li>\n<li>Aucun t\u00e9l\u00e9chargement d'application requis<\/li>\n<\/ul>\n<p>Cela rend StrangerMeetup id\u00e9al pour discuter lors de vos d\u00e9placements.<\/p>\n<h3>7. Libre d'utilisation<\/h3>\n<ul>\n<li>Chat illimit\u00e9<\/li>\n<li>Aucune fonctionnalit\u00e9 premium requise<\/li>\n<li>Pas de paywalls<\/li>\n<\/ul>\n<p>Tout ce qui est essentiel est accessible sans d\u00e9penser d'argent.<\/p>\n<h2>Comment utiliser StrangerMeetup<\/h2>\n<p>L'utilisation de StrangerMeetup est incroyablement simple :<\/p>\n<h3>\u00c9tape 1 : Visiter le site web<\/h3>\n<p>Acc\u00e9dez \u00e0 StrangerMeetup.com \u00e0 l'aide de n'importe quel navigateur.<\/p>\n<h3>\u00c9tape 2 : Choisissez votre mode<\/h3>\n<p>La plupart des versions proposent un chat en texte brut ou des cat\u00e9gories th\u00e9matiques.<\/p>\n<h3>\u00c9tape 3 : Cliquez sur \u201cD\u00e9marrer\u201d<\/h3>\n<p>Vous serez imm\u00e9diatement mis en relation avec une nouvelle personne.<\/p>\n<h3>\u00c9tape 4 : Discuter ou passer<\/h3>\n<p>Vous pouvez discuter aussi longtemps que vous le souhaitez ou cliquer sur Suivant pour passer \u00e0 un autre inconnu.<\/p>\n<h3>\u00c9tape 5 : Partez quand vous le souhaitez<\/h3>\n<p>Lorsque vous terminez la conversation ou fermez la page, celle-ci dispara\u00eet d\u00e9finitivement.<\/p>\n<p>Pas de compte, pas d'attente \u2014 juste des messages instantan\u00e9s avec des inconnus du monde entier.<\/p>\n<h2>Exp\u00e9rience utilisateur sur StrangerMeetup<\/h2>\n<p>StrangerMeetup s'est forg\u00e9 une solide r\u00e9putation gr\u00e2ce \u00e0 sa facilit\u00e9 d'utilisation et \u00e0 son anonymat.<\/p>\n<h3>Ce que les utilisateurs aiment<\/h3>\n<ul>\n<li>Anonyme et priv\u00e9<\/li>\n<li>Aucun appareil photo requis<\/li>\n<li>Vitesse de correspondance rapide<\/li>\n<li>Id\u00e9al pour les personnes introverties ou timides<\/li>\n<li>Interface simple et minimaliste<\/li>\n<li>Fonctionne bien sur les t\u00e9l\u00e9phones portables et les ordinateurs de bureau<\/li>\n<li>Acc\u00e8s gratuit \u00e0 toutes les fonctionnalit\u00e9s<\/li>\n<\/ul>\n<h3>Les points \u00e0 am\u00e9liorer selon les utilisateurs<\/h3>\n<ul>\n<li>Aucun filtre par pays ou par sexe<\/li>\n<li>Utilisateurs occasionnels de spam<\/li>\n<li>Pas de liste d'amis ni d'option de reconnexion<\/li>\n<li>Les conversations sont d\u00e9finitivement r\u00e9initialis\u00e9es lorsqu'elles sont ferm\u00e9es.<\/li>\n<li>Certaines sessions de chat peuvent \u00eatre courtes ou de mauvaise qualit\u00e9.<\/li>\n<\/ul>\n<p>Malgr\u00e9 tout, la plupart des utilisateurs appr\u00e9cient la simplicit\u00e9 de la plateforme et son approche ax\u00e9e sur la confidentialit\u00e9, en particulier par rapport aux autres solutions de chat vid\u00e9o.<\/p>\n<h2>StrangerMeetup vs. autres plateformes de chat<\/h2>\n<p>Voici comment StrangerMeetup se compare \u00e0 d'autres services de chat populaires :<\/p>\n<table>\n<thead>\n<tr>\n<th>Fonctionnalit\u00e9<\/th>\n<th>StrangerMeetup<\/th>\n<th>Omegle<\/th>\n<th>Chatroulette<\/th>\n<th>ChatHub<\/th>\n<th>RandoChat<\/th>\n<th>Chatiw<\/th>\n<\/tr>\n<\/thead>\n<tbody>\n<tr>\n<td>Chat textuel<\/td>\n<td>\u2705 Oui<\/td>\n<td>\u2705 Oui<\/td>\n<td>Limit\u00e9e<\/td>\n<td>Oui<\/td>\n<td>Oui<\/td>\n<td>Oui<\/td>\n<\/tr>\n<tr>\n<td>Chat vid\u00e9o<\/td>\n<td>\u274c Non<\/td>\n<td>Oui<\/td>\n<td>Oui<\/td>\n<td>Oui<\/td>\n<td>Non<\/td>\n<td>Non<\/td>\n<\/tr>\n<tr>\n<td>Inscription obligatoire<\/td>\n<td>\u274c Non<\/td>\n<td>\u274c Non<\/td>\n<td>\u274c Non<\/td>\n<td>En option<\/td>\n<td>\u274c Non<\/td>\n<td>\u274c Non<\/td>\n<\/tr>\n<tr>\n<td>Anonymat<\/td>\n<td>\u2b50 Tr\u00e8s \u00e9lev\u00e9<\/td>\n<td>Haut<\/td>\n<td>Mod\u00e9r\u00e9<\/td>\n<td>Moyen<\/td>\n<td>Tr\u00e8s \u00e9lev\u00e9<\/td>\n<td>Mod\u00e9r\u00e9<\/td>\n<\/tr>\n<tr>\n<td>Filtres (sexe\/r\u00e9gion)<\/td>\n<td>\u274c Non<\/td>\n<td>\u274c Non<\/td>\n<td>Limit\u00e9e<\/td>\n<td>Oui<\/td>\n<td>\u274c Non<\/td>\n<td>\u274c Non<\/td>\n<\/tr>\n<tr>\n<td>Adapt\u00e9e aux mobiles<\/td>\n<td>Oui<\/td>\n<td>Oui<\/td>\n<td>Oui<\/td>\n<td>Oui<\/td>\n<td>Oui<\/td>\n<td>Oui<\/td>\n<\/tr>\n<tr>\n<td>Utilisation gratuite<\/td>\n<td>Oui<\/td>\n<td>Oui<\/td>\n<td>Oui<\/td>\n<td>Oui<\/td>\n<td>Oui<\/td>\n<td>Oui<\/td>\n<\/tr>\n<\/tbody>\n<\/table>\n<p>R\u00e9sum\u00e9 :<br \/>\nStrangerMeetup est id\u00e9al pour les utilisateurs qui souhaitent communiquer de mani\u00e8re anonyme, uniquement par texte, sans la pression de la vid\u00e9o. Il est plus simple et plus priv\u00e9 que bon nombre de ses concurrents.<\/p>\n<h2>S\u00e9curit\u00e9 et confidentialit\u00e9 sur StrangerMeetup<\/h2>\n<p>Le chat al\u00e9atoire textuel est g\u00e9n\u00e9ralement plus s\u00fbr que le chat vid\u00e9o, et StrangerMeetup fait un bon travail pour pr\u00e9server la confidentialit\u00e9 des utilisateurs.<\/p>\n<h3>Dispositifs de s\u00e9curit\u00e9 int\u00e9gr\u00e9s<\/h3>\n<ul>\n<li>Connexions anonymes<\/li>\n<li>Aucune collecte de donn\u00e9es<\/li>\n<li>Pas de syst\u00e8me d'inscription<\/li>\n<li>Bouton \u00ab Ignorer \u00bb pour quitter n'importe quel chat<\/li>\n<li>Mod\u00e9ration en cas de violation des r\u00e8gles<\/li>\n<\/ul>\n<h3>Conseils de s\u00e9curit\u00e9 pour les utilisateurs<\/h3>\n<p>Pour rester prot\u00e9g\u00e9 :<\/p>\n<ul>\n<li>Ne partagez pas d'informations personnelles<\/li>\n<li>\u00c9vitez d'envoyer des photos<\/li>\n<li>Ne cliquez pas sur les liens provenant d'inconnus.<\/li>\n<li>Mettez fin aux conversations qui vous mettent mal \u00e0 l'aise.<\/li>\n<li>Utilisez un VPN pour plus de confidentialit\u00e9<\/li>\n<li>Les parents doivent surveiller les mineurs.<\/li>\n<\/ul>\n<p>En prenant ces pr\u00e9cautions, StrangerMeetup peut \u00eatre utilis\u00e9 en toute s\u00e9curit\u00e9 par la plupart des gens.<\/p>\n<h2>Conseils pour tirer le meilleur parti de StrangerMeetup<\/h2>\n<p>Voici comment am\u00e9liorer votre exp\u00e9rience :<\/p>\n<ul>\n<li>Commencez par de simples salutations<\/li>\n<li>Gardez la conversation d\u00e9contract\u00e9e et amicale.<\/li>\n<li>Soyez ouvert \u00e0 la rencontre avec des personnes issues de cultures diff\u00e9rentes.<\/li>\n<li>Essayez les heures de pointe pour les utilisateurs plus actifs.<\/li>\n<li>Utilisez l'anonymat pour vous exprimer librement<\/li>\n<li>Passez rapidement si la conversation ne coule pas bien.<\/li>\n<\/ul>\n<p>La nature purement textuelle de StrangerMeetup conduit souvent \u00e0 des conversations plus profondes ou plus sinc\u00e8res, en particulier lorsque les deux utilisateurs sont d\u00e9tendus.<\/p>\n<h2>Probl\u00e8mes courants et solutions<\/h2>\n<h3>Probl\u00e8me : \u201c Aucun utilisateur en ligne \u201d<\/h3>\n<ul>\n<li>R\u00e9essayez pendant les heures de pointe.<\/li>\n<li>Actualiser la page<\/li>\n<li>Essayez un autre navigateur.<\/li>\n<\/ul>\n<h3>Probl\u00e8me : les messages ne sont pas envoy\u00e9s<\/h3>\n<ul>\n<li>Actualiser la session de chat<\/li>\n<li>Videz le cache de votre navigateur.<\/li>\n<li>Assurez-vous d'avoir une connexion Internet stable.<\/li>\n<\/ul>\n<h3>Probl\u00e8me : trop d'utilisateurs spammeurs<\/h3>\n<ul>\n<li>Partez imm\u00e9diatement<\/li>\n<li>Utilisez souvent la fonction \u00ab passer \u00bb.<\/li>\n<\/ul>\n<h3>Probl\u00e8me : d\u00e9connexions ou r\u00e9initialisation du chat<\/h3>\n<ul>\n<li>Le navigateur a peut-\u00eatre \u00e9t\u00e9 actualis\u00e9.<\/li>\n<li>Probl\u00e8mes de connexion \u00e0 chaque extr\u00e9mit\u00e9<\/li>\n<\/ul>\n<p>StrangerMeetup est g\u00e9n\u00e9ralement stable, mais comme tous les services de chat al\u00e9atoire gratuits, l'exp\u00e9rience d\u00e9pend en partie de votre connexion et du moment o\u00f9 vous vous connectez.<\/p>\n<h2>Pourquoi les gens choisissent StrangerMeetup<\/h2>\n<p>StrangerMeetup s\u00e9duit les utilisateurs car il est :<\/p>\n<ul>\n<li>Priv\u00e9<\/li>\n<li>Anonyme<\/li>\n<li>Texte uniquement<\/li>\n<li>Rapide<\/li>\n<li>Gratuit<\/li>\n<li>Simple<\/li>\n<li>Aucune inscription n'est requise<\/li>\n<\/ul>\n<p>Pour beaucoup, l'absence de vid\u00e9o supprime la pression sociale, leur permettant ainsi de communiquer plus librement.<\/p>\n<p>Il est particuli\u00e8rement populaire aupr\u00e8s des :<\/p>\n<ul>\n<li>Introvertis<\/li>\n<li>Apprenants en langues<\/li>\n<li>Les personnes qui \u00e9vitent les plateformes vid\u00e9o<\/li>\n<li>Les utilisateurs lass\u00e9s des r\u00e9seaux sociaux<\/li>\n<li>Voyageurs souhaitant avoir des conversations internationales<\/li>\n<li>Personnes recherchant une connexion \u00e9motionnelle sans d\u00e9voiler leur identit\u00e9<\/li>\n<\/ul>\n<h2>Conclusion : StrangerMeetup vaut-il la peine d'\u00eatre utilis\u00e9 ?<\/h2>\n<p>Si vous recherchez une plateforme de chat textuel pure et anonyme, StrangerMeetup vaut vraiment le coup d'\u00eatre essay\u00e9e. Elle est simple, rapide, priv\u00e9e et accessible depuis n'importe quel appareil, ce qui en fait l'un des moyens les plus faciles de discuter avec des inconnus en ligne sans partager d'informations personnelles.<\/p>\n<p>Que vous soyez :<\/p>\n<ul>\n<li>Je m'ennuie et j'ai envie de discuter<\/li>\n<li>Curieux \u00e0 propos des gens d'autres pays<\/li>\n<li>Vous souhaitez un endroit s\u00fbr o\u00f9 vous pouvez vous exprimer librement<\/li>\n<li>\u00c0 la recherche d'une conversation honn\u00eate<\/li>\n<li>Dans l'espoir d'\u00e9chapper \u00e0 la lassitude des r\u00e9seaux sociaux<\/li>\n<\/ul>\n<p>StrangerMeetup offre une alternative rafra\u00eechissante qui privil\u00e9gie la confidentialit\u00e9, la simplicit\u00e9 et la connexion en temps r\u00e9el.<\/p>\n<p>StrangerMeetup est une plateforme de chat al\u00e9atoire propre, anonyme et exclusivement textuelle, id\u00e9ale pour tous ceux qui souhaitent discuter rapidement et sans pression avec des inconnus du monde entier.<\/p>\n<p>Pr\u00eat \u00e0 essayer ? Rendez-vous sur StrangerMeetup, cliquez sur \u201c Commencer \u201d et d\u00e9couvrez qui vous allez rencontrer.<\/p>","protected":false},"excerpt":{"rendered":"<p>In an online world dominated by filters, profiles, and algorithm-driven feeds, StrangerMeetup offers something refreshingly human: quick, anonymous text conversations with strangers from around the world. No sign-ups, no personal details, and no complicated features \u2014 just pure, spontaneous chatting with people you\u2019ve never met. Designed for users who prefer the simplicity and privacy of [&hellip;]<\/p>\n","protected":false},"author":6,"featured_media":0,"parent":0,"menu_order":0,"comment_status":"closed","ping_status":"closed","template":"","meta":{"footnotes":""},"class_list":["post-11922","page","type-page","status-publish","hentry"],"yoast_head":"<!-- This site is optimized with the Yoast SEO plugin v27.4 - https:\/\/yoast.com\/product\/yoast-seo-wordpress\/ -->\n<title>StrangerMeetup - Meet New Friends Online - TinyChat.com<\/title>\n<meta name=\"description\" content=\"Enjoying StrangerMeetup? Join over 50,000,000 strangers on TinyChat! Turn on your cam and start meeting new people, or find a match.\" \/>\n<meta name=\"robots\" content=\"index, follow, max-snippet:-1, max-image-preview:large, max-video-preview:-1\" \/>\n<link rel=\"canonical\" href=\"https:\/\/tinychat.com\/fr\/strangermeetup\/\" \/>\n<meta property=\"og:locale\" content=\"fr_FR\" \/>\n<meta property=\"og:type\" content=\"article\" \/>\n<meta property=\"og:title\" content=\"StrangerMeetup - Meet New Friends Online - TinyChat.com\" \/>\n<meta property=\"og:description\" content=\"Enjoying StrangerMeetup? Join over 50,000,000 strangers on TinyChat! Turn on your cam and start meeting new people, or find a match.\" \/>\n<meta property=\"og:url\" content=\"https:\/\/tinychat.com\/fr\/strangermeetup\/\" \/>\n<meta property=\"og:site_name\" content=\"TinyChat\" \/>\n<meta property=\"article:publisher\" content=\"https:\/\/www.facebook.com\/tinychat\" \/>\n<meta property=\"article:modified_time\" content=\"2025-12-02T10:01:14+00:00\" \/>\n<meta property=\"og:image\" content=\"https:\/\/tinychat.com\/wp-content\/uploads\/2020\/04\/Tinychat-logo-1280x284-new-black.png\" \/>\n\t<meta property=\"og:image:width\" content=\"1280\" \/>\n\t<meta property=\"og:image:height\" content=\"284\" \/>\n\t<meta property=\"og:image:type\" content=\"image\/png\" \/>\n<meta name=\"twitter:card\" content=\"summary_large_image\" \/>\n<meta name=\"twitter:site\" content=\"@tinychat\" \/>\n<meta name=\"twitter:label1\" content=\"Dur\u00e9e de lecture estim\u00e9e\" \/>\n\t<meta name=\"twitter:data1\" content=\"6 minutes\" \/>\n<script type=\"application\/ld+json\" class=\"yoast-schema-graph\">{\"@context\":\"https:\\\/\\\/schema.org\",\"@graph\":[{\"@type\":\"WebPage\",\"@id\":\"https:\\\/\\\/tinychat.com\\\/strangermeetup\\\/\",\"url\":\"https:\\\/\\\/tinychat.com\\\/strangermeetup\\\/\",\"name\":\"StrangerMeetup - Meet New Friends Online - TinyChat.com\",\"isPartOf\":{\"@id\":\"https:\\\/\\\/tinychat.com\\\/#website\"},\"datePublished\":\"2025-12-02T08:01:20+00:00\",\"dateModified\":\"2025-12-02T10:01:14+00:00\",\"description\":\"Enjoying StrangerMeetup? Join over 50,000,000 strangers on TinyChat! Turn on your cam and start meeting new people, or find a match.\",\"breadcrumb\":{\"@id\":\"https:\\\/\\\/tinychat.com\\\/strangermeetup\\\/#breadcrumb\"},\"inLanguage\":\"fr-FR\",\"potentialAction\":[{\"@type\":\"ReadAction\",\"target\":[\"https:\\\/\\\/tinychat.com\\\/strangermeetup\\\/\"]}]},{\"@type\":\"BreadcrumbList\",\"@id\":\"https:\\\/\\\/tinychat.com\\\/strangermeetup\\\/#breadcrumb\",\"itemListElement\":[{\"@type\":\"ListItem\",\"position\":1,\"name\":\"Home\",\"item\":\"https:\\\/\\\/tinychat.com\\\/\"},{\"@type\":\"ListItem\",\"position\":2,\"name\":\"StrangerMeetup\"}]},{\"@type\":\"WebSite\",\"@id\":\"https:\\\/\\\/tinychat.com\\\/#website\",\"url\":\"https:\\\/\\\/tinychat.com\\\/\",\"name\":\"TinyChat\",\"description\":\"Random Video Chat with Strangers\",\"publisher\":{\"@id\":\"https:\\\/\\\/tinychat.com\\\/#organization\"},\"alternateName\":\"TinyChat.com\",\"potentialAction\":[{\"@type\":\"SearchAction\",\"target\":{\"@type\":\"EntryPoint\",\"urlTemplate\":\"https:\\\/\\\/tinychat.com\\\/?s={search_term_string}\"},\"query-input\":{\"@type\":\"PropertyValueSpecification\",\"valueRequired\":true,\"valueName\":\"search_term_string\"}}],\"inLanguage\":\"fr-FR\"},{\"@type\":\"Organization\",\"@id\":\"https:\\\/\\\/tinychat.com\\\/#organization\",\"name\":\"TinyChat\",\"alternateName\":\"TinyChat.com\",\"url\":\"https:\\\/\\\/tinychat.com\\\/\",\"logo\":{\"@type\":\"ImageObject\",\"inLanguage\":\"fr-FR\",\"@id\":\"https:\\\/\\\/tinychat.com\\\/#\\\/schema\\\/logo\\\/image\\\/\",\"url\":\"https:\\\/\\\/tinychat.com\\\/wp-content\\\/uploads\\\/2023\\\/11\\\/Tinychat-icon-square.png\",\"contentUrl\":\"https:\\\/\\\/tinychat.com\\\/wp-content\\\/uploads\\\/2023\\\/11\\\/Tinychat-icon-square.png\",\"width\":284,\"height\":284,\"caption\":\"TinyChat\"},\"image\":{\"@id\":\"https:\\\/\\\/tinychat.com\\\/#\\\/schema\\\/logo\\\/image\\\/\"},\"sameAs\":[\"https:\\\/\\\/www.facebook.com\\\/tinychat\",\"https:\\\/\\\/x.com\\\/tinychat\"]}]}<\/script>\n<!-- \/ Yoast SEO plugin. -->","yoast_head_json":{"title":"StrangerMeetup - Rencontrez de nouveaux amis en ligne - TinyChat.com","description":"Vous aimez StrangerMeetup ? Rejoignez plus de 50 000 000 d'inconnus sur TinyChat ! Allumez votre webcam et commencez \u00e0 rencontrer de nouvelles personnes ou trouvez votre \u00e2me s\u0153ur.","robots":{"index":"index","follow":"follow","max-snippet":"max-snippet:-1","max-image-preview":"max-image-preview:large","max-video-preview":"max-video-preview:-1"},"canonical":"https:\/\/tinychat.com\/fr\/strangermeetup\/","og_locale":"fr_FR","og_type":"article","og_title":"StrangerMeetup - Meet New Friends Online - TinyChat.com","og_description":"Enjoying StrangerMeetup? Join over 50,000,000 strangers on TinyChat! Turn on your cam and start meeting new people, or find a match.","og_url":"https:\/\/tinychat.com\/fr\/strangermeetup\/","og_site_name":"TinyChat","article_publisher":"https:\/\/www.facebook.com\/tinychat","article_modified_time":"2025-12-02T10:01:14+00:00","og_image":[{"width":1280,"height":284,"url":"https:\/\/tinychat.com\/wp-content\/uploads\/2020\/04\/Tinychat-logo-1280x284-new-black.png","type":"image\/png"}],"twitter_card":"summary_large_image","twitter_site":"@tinychat","twitter_misc":{"Dur\u00e9e de lecture estim\u00e9e":"6 minutes"},"schema":{"@context":"https:\/\/schema.org","@graph":[{"@type":"WebPage","@id":"https:\/\/tinychat.com\/strangermeetup\/","url":"https:\/\/tinychat.com\/strangermeetup\/","name":"StrangerMeetup - Rencontrez de nouveaux amis en ligne - TinyChat.com","isPartOf":{"@id":"https:\/\/tinychat.com\/#website"},"datePublished":"2025-12-02T08:01:20+00:00","dateModified":"2025-12-02T10:01:14+00:00","description":"Vous aimez StrangerMeetup ? Rejoignez plus de 50 000 000 d'inconnus sur TinyChat ! Allumez votre webcam et commencez \u00e0 rencontrer de nouvelles personnes ou trouvez votre \u00e2me s\u0153ur.","breadcrumb":{"@id":"https:\/\/tinychat.com\/strangermeetup\/#breadcrumb"},"inLanguage":"fr-FR","potentialAction":[{"@type":"ReadAction","target":["https:\/\/tinychat.com\/strangermeetup\/"]}]},{"@type":"BreadcrumbList","@id":"https:\/\/tinychat.com\/strangermeetup\/#breadcrumb","itemListElement":[{"@type":"ListItem","position":1,"name":"Home","item":"https:\/\/tinychat.com\/"},{"@type":"ListItem","position":2,"name":"StrangerMeetup"}]},{"@type":"WebSite","@id":"https:\/\/tinychat.com\/#website","url":"https:\/\/tinychat.com\/","name":"TinyChat","description":"Chat vid\u00e9o al\u00e9atoire avec des inconnus","publisher":{"@id":"https:\/\/tinychat.com\/#organization"},"alternateName":"TinyChat.com","potentialAction":[{"@type":"SearchAction","target":{"@type":"EntryPoint","urlTemplate":"https:\/\/tinychat.com\/?s={search_term_string}"},"query-input":{"@type":"PropertyValueSpecification","valueRequired":true,"valueName":"search_term_string"}}],"inLanguage":"fr-FR"},{"@type":"Organization","@id":"https:\/\/tinychat.com\/#organization","name":"TinyChat","alternateName":"TinyChat.com","url":"https:\/\/tinychat.com\/","logo":{"@type":"ImageObject","inLanguage":"fr-FR","@id":"https:\/\/tinychat.com\/#\/schema\/logo\/image\/","url":"https:\/\/tinychat.com\/wp-content\/uploads\/2023\/11\/Tinychat-icon-square.png","contentUrl":"https:\/\/tinychat.com\/wp-content\/uploads\/2023\/11\/Tinychat-icon-square.png","width":284,"height":284,"caption":"TinyChat"},"image":{"@id":"https:\/\/tinychat.com\/#\/schema\/logo\/image\/"},"sameAs":["https:\/\/www.facebook.com\/tinychat","https:\/\/x.com\/tinychat"]}]}},"_links":{"self":[{"href":"https:\/\/tinychat.com\/fr\/wp-json\/wp\/v2\/pages\/11922","targetHints":{"allow":["GET"]}}],"collection":[{"href":"https:\/\/tinychat.com\/fr\/wp-json\/wp\/v2\/pages"}],"about":[{"href":"https:\/\/tinychat.com\/fr\/wp-json\/wp\/v2\/types\/page"}],"author":[{"embeddable":true,"href":"https:\/\/tinychat.com\/fr\/wp-json\/wp\/v2\/users\/6"}],"replies":[{"embeddable":true,"href":"https:\/\/tinychat.com\/fr\/wp-json\/wp\/v2\/comments?post=11922"}],"version-history":[{"count":3,"href":"https:\/\/tinychat.com\/fr\/wp-json\/wp\/v2\/pages\/11922\/revisions"}],"predecessor-version":[{"id":13577,"href":"https:\/\/tinychat.com\/fr\/wp-json\/wp\/v2\/pages\/11922\/revisions\/13577"}],"wp:attachment":[{"href":"https:\/\/tinychat.com\/fr\/wp-json\/wp\/v2\/media?parent=11922"}],"curies":[{"name":"wp","href":"https:\/\/api.w.org\/{rel}","templated":true}]}}