{"id":11949,"date":"2023-10-24T11:57:43","date_gmt":"2023-10-24T09:57:43","guid":{"rendered":"https:\/\/tinychat.com\/?page_id=11949"},"modified":"2025-07-21T13:03:37","modified_gmt":"2025-07-21T11:03:37","slug":"cammatch","status":"publish","type":"page","link":"https:\/\/tinychat.com\/fr\/cammatch\/","title":{"rendered":"Cammatch"},"content":{"rendered":"<p>Dans un monde o\u00f9 la connexion est \u00e0 port\u00e9e de clic, l'essor des plateformes de chat vid\u00e9o al\u00e9atoire a ouvert de nouvelles fronti\u00e8res pour rencontrer des amis, flirter, \u00e9changer des langues et explorer des cultures, le tout en temps r\u00e9el. CamMatch, l'un des acteurs les plus r\u00e9cents et les plus innovants sur la sc\u00e8ne, s'impose rapidement comme une destination de choix pour ceux qui recherchent des conversations authentiques, s\u00fbres et engageantes en face-\u00e0-face avec des inconnus en ligne.<\/p>\n<p>Que vous cherchiez \u00e0 briser la routine, \u00e0 pratiquer une langue \u00e9trang\u00e8re, \u00e0 trouver une \u00e2me s\u0153ur ou simplement \u00e0 rire, CamMatch vous offre une exp\u00e9rience conviviale, riche en fonctionnalit\u00e9s et respectueuse de la vie priv\u00e9e, qui ressemble au meilleur de Omegle, Chatroulette et de la derni\u00e8re technologie de chat vid\u00e9o, combin\u00e9s et am\u00e9lior\u00e9s.<\/p>\n<p>Ce guide approfondi couvre tout ce que vous devez savoir sur CamMatch : son fonctionnement, ses caract\u00e9ristiques uniques, l'exp\u00e9rience utilisateur, la s\u00e9curit\u00e9, la comparaison avec les concurrents, le d\u00e9pannage et les conseils d'experts pour rendre chaque chat plus gratifiant.<\/p>\n<h2>Qu'est-ce que CamMatch ?<\/h2>\n<p>CamMatch est une plateforme de chat vid\u00e9o al\u00e9atoire con\u00e7ue pour des connexions rapides, anonymes et significatives avec des personnes du monde entier. Il n'est pas n\u00e9cessaire de s'inscrire ou de t\u00e9l\u00e9charger une application : il suffit de visiter le site, d'activer votre cam\u00e9ra et votre microphone, et vous \u00eates instantan\u00e9ment mis en relation avec quelqu'un de nouveau pour une conversation en direct et en t\u00eate-\u00e0-t\u00eate.<\/p>\n<p>Contrairement \u00e0 de nombreux sites de chat al\u00e9atoire, CamMatch est con\u00e7u pour les utilisateurs d'aujourd'hui, avec une optimisation mobile, une traduction en temps r\u00e9el, un filtrage intelligent et une forte mod\u00e9ration pour garder les choses s\u00fbres et amusantes. Que vous souhaitiez un chat textuel ou une exp\u00e9rience vid\u00e9o compl\u00e8te, CamMatch vous donne le contr\u00f4le \u00e0 chaque \u00e9tape.<\/p>\n<p>La communaut\u00e9 de CamMatch est mondiale et diversifi\u00e9e, comprenant des \u00e9tudiants et des voyageurs, des apprenants de langues, des nomades num\u00e9riques et tous ceux qui aiment l'excitation de l'interaction spontan\u00e9e.<\/p>\n<h2>Principales caract\u00e9ristiques de CamMatch<\/h2>\n<p>CamMatch se distingue par l'association de fonctions classiques de chat al\u00e9atoire et d'am\u00e9liorations de nouvelle g\u00e9n\u00e9ration :<\/p>\n<h3>1. Chat vid\u00e9o et textuel instantan\u00e9<\/h3>\n<p>Il vous suffit de s\u00e9lectionner le mode de chat de votre choix (vid\u00e9o ou texte) et vous \u00eates connect\u00e9 \u00e0 un inconnu, o\u00f9 qu'il se trouve dans le monde. Pas de connexion, pas de profil, juste de l'interaction pure.<\/p>\n<h3>2. Filtres de genre, de pays et de langue<\/h3>\n<p>Vous voulez personnaliser votre exp\u00e9rience ? Utilisez les filtres intelligents de CamMatch pour vous connecter uniquement avec des utilisateurs d'un sexe sp\u00e9cifique, d'un certain pays ou qui parlent votre langue. (Certains filtres avanc\u00e9s peuvent n\u00e9cessiter la cr\u00e9ation d'un compte ou le paiement d'une somme modique).<\/p>\n<h3>3. Dans le navigateur, aucun t\u00e9l\u00e9chargement n'est n\u00e9cessaire<\/h3>\n<p>Profitez de toute l'exp\u00e9rience CamMatch directement dans votre navigateur sur votre ordinateur de bureau, votre ordinateur portable ou votre t\u00e9l\u00e9phone portable - pas besoin d'installer des applications ou d'encombrer votre appareil avec des logiciels suppl\u00e9mentaires.<\/p>\n<h3>4. Conception optimis\u00e9e pour les mobiles<\/h3>\n<p>CamMatch fonctionne parfaitement sur tous les smartphones et tablettes modernes, offrant des mises en page r\u00e9actives, des connexions rapides et des commandes intuitives pour le chat en d\u00e9placement.<\/p>\n<h3>5. Anonymes et priv\u00e9s<\/h3>\n<p>La confidentialit\u00e9 est au c\u0153ur de CamMatch. On ne vous demande pas d'email, de num\u00e9ro de t\u00e9l\u00e9phone ou de d\u00e9tails personnels pour commencer. Tous les chats sont anonymes et ne sont pas enregistr\u00e9s - vous contr\u00f4lez totalement ce que vous partagez.<\/p>\n<h3>6. Bouton \"Suivant\" pour un saut rapide<\/h3>\n<p>Vous ne vous sentez pas \u00e0 l'aise avec votre correspondant ? Cliquez simplement sur \"Suivant\" pour \u00e9tablir imm\u00e9diatement une nouvelle connexion, sans pause g\u00eanante ni attente.<\/p>\n<h3>7. Communaut\u00e9 s\u00fbre et mod\u00e9ration en direct<\/h3>\n<p>CamMatch utilise une combinaison de :<\/p>\n<ul>\n<li>Mod\u00e9ration automatis\u00e9e (AI) pour filtrer la nudit\u00e9, le spam et les abus<\/li>\n<li>Des mod\u00e9rateurs humains en direct pour une assistance et une intervention en temps r\u00e9el<\/li>\n<li>Les fonctions de rapport et de blocage de l'utilisateur vous permettent de prendre le contr\u00f4le \u00e0 tout moment.<\/li>\n<\/ul>\n<h3>8. Traduction en temps r\u00e9el<\/h3>\n<p>Brisez les barri\u00e8res linguistiques instantan\u00e9ment ! CamMatch offre un outil de traduction qui vous permet de chatter facilement avec des personnes parlant des langues diff\u00e9rentes, faisant ainsi des conversations internationales une r\u00e9alit\u00e9.<\/p>\n<h3>9. Inscription facultative pour les utilisateurs exp\u00e9riment\u00e9s<\/h3>\n<p>CamMatch fonctionne parfaitement sans compte, mais les utilisateurs qui choisissent de s'inscrire peuvent le faire :<\/p>\n<ul>\n<li>Sauvegarder ses amis pr\u00e9f\u00e9r\u00e9s<\/li>\n<li>Acc\u00e9der \u00e0 des filtres et fonctionnalit\u00e9s avanc\u00e9s<\/li>\n<li>Voir les connexions ant\u00e9rieures (tout en pr\u00e9servant la confidentialit\u00e9)<\/li>\n<\/ul>\n<h3>10. Partage d'images en toute s\u00e9curit\u00e9 (avec mod\u00e9ration)<\/h3>\n<p>Pour ceux qui souhaitent envoyer des photos ou des images, CamMatch permet un partage s\u00fbr et mod\u00e9r\u00e9, ce qui contribue \u00e0 maintenir un environnement positif et respectueux.<\/p>\n<h2>Comment utiliser CamMatch<\/h2>\n<p>L'utilisation de CamMatch est rapide et intuitive. Voici comment commencer \u00e0 chatter en quelques secondes :<\/p>\n<h3>\u00c9tape 1 : Visiter le site web CamMatch<\/h3>\n<p>Ouvrez votre navigateur et allez sur cammatch.com ou votre version r\u00e9gionale.<\/p>\n<h3>\u00c9tape 2 : Choisir le mode vid\u00e9o ou texte<\/h3>\n<p>Choisissez si vous voulez un chat vid\u00e9o (activez la cam\u00e9ra et le micro) ou si vous voulez vous en tenir au texte (id\u00e9al pour ceux qui pr\u00e9f\u00e8rent l'intimit\u00e9).<\/p>\n<h3>\u00c9tape 3 : D\u00e9finir des filtres (facultatif)<\/h3>\n<p>Utilisez des filtres pour entrer en contact avec des personnes d'un sexe, d'un pays ou d'une langue sp\u00e9cifique. Vous pouvez combiner les filtres pour obtenir l'exp\u00e9rience que vous souhaitez.<\/p>\n<h3>\u00c9tape 4 : Cliquez sur \"D\u00e9marrer\" ou \"Connecter\".<\/h3>\n<p>Vous serez instantan\u00e9ment mis en relation avec un inconnu. Entamez la conversation : dites bonjour ou pr\u00e9sentez-vous !<\/p>\n<h3>\u00c9tape 5 : Utiliser \"Suivant\" pour passer \u00e0 l'\u00e9tape suivante<\/h3>\n<p>Vous voulez un nouveau chat ? Cliquez sur \"Suivant\" pour une autre connexion al\u00e9atoire, sans limite.<\/p>\n<h3>\u00c9tape 6 : S'inscrire (facultatif)<\/h3>\n<p>Inscrivez-vous (avec un minimum d'informations) si vous souhaitez acc\u00e9der \u00e0 des fonctionnalit\u00e9s suppl\u00e9mentaires telles que la liste d'amis, les filtres avanc\u00e9s ou les conversations enregistr\u00e9es.<\/p>\n<h3>\u00c9tape 7 : Rapport ou blocage (si n\u00e9cessaire)<\/h3>\n<p>Vous voyez quelque chose d'inappropri\u00e9 ? Utilisez la fonction de blocage ou de signalement - l'\u00e9quipe de CamMatch r\u00e9agit rapidement.<\/p>\n<h2>Exp\u00e9rience des utilisateurs sur CamMatch<\/h2>\n<p>CamMatch est con\u00e7u pour \u00eatre simple, rapide et s\u00fbr, afin que vous puissiez vous concentrer sur le plaisir de rencontrer de nouvelles personnes, sans avoir \u00e0 naviguer dans des menus complexes ou \u00e0 remplir des profils.<\/p>\n<h3>Ce que les utilisateurs aiment<\/h3>\n<ul>\n<li>Acc\u00e8s instantan\u00e9, sans inscription : Commencez \u00e0 chatter tout de suite, en toute confidentialit\u00e9<\/li>\n<li>Interface \u00e9l\u00e9gante et moderne : Pas d'encombrement ni de contr\u00f4les confus<\/li>\n<li>Id\u00e9al pour la pratique de la langue, les \u00e9changes culturels ou simplement les \u00e9changes amicaux.<\/li>\n<li>Fonction de saut rapide : Pour que les conversations restent fra\u00eeches et positives<\/li>\n<li>Filtres et traduction : Exp\u00e9rience globale personnalisable<\/li>\n<li>Fonctionne sur n'importe quel appareil : Mobile ou ordinateur de bureau, c'est transparent.<\/li>\n<\/ul>\n<h3>Ce qui pourrait \u00eatre am\u00e9lior\u00e9<\/h3>\n<ul>\n<li>Les filtres avanc\u00e9s et les amis sauvegard\u00e9s n\u00e9cessitent une inscription ou une prime<\/li>\n<li>Pas (encore) de salles de groupes ou de salles th\u00e9matiques<\/li>\n<li>Trolls occasionnels ou utilisateurs inappropri\u00e9s (courants sur toutes les applications de chat al\u00e9atoire - la mod\u00e9ration aide)<\/li>\n<li>Tr\u00e8s engageant - il est facile de perdre la notion du temps !<\/li>\n<\/ul>\n<h3>Avis d'utilisateurs r\u00e9els<\/h3>\n<blockquote><p>\"CamMatch est mon site de pr\u00e9dilection pour les chats vid\u00e9o al\u00e9atoires. J'aime sa facilit\u00e9 d'utilisation et je me sens plus en s\u00e9curit\u00e9 que sur d'autres sites.\"<br \/>\n- <em>Olivia B., Trustpilot<\/em><\/p><\/blockquote>\n<blockquote><p>\"Le filtre pays m'a aid\u00e9 \u00e0 pratiquer mon fran\u00e7ais avec des locuteurs natifs. Bien mieux que les applications de langues !\"<br \/>\n- <em>Marco R., Google Play<\/em><\/p><\/blockquote>\n<blockquote><p>\"L'exp\u00e9rience mobile est fantastique - la qualit\u00e9 de la vid\u00e9o est excellente et l'interface est tr\u00e8s propre.<br \/>\n- <em>Priya T., App Store<\/em><\/p><\/blockquote>\n<h2>CamMatch vs. autres plateformes de chat vid\u00e9o<\/h2>\n<p>Comment CamMatch se situe-t-il par rapport aux alternatives de chat vid\u00e9o les plus populaires ?<\/p>\n<table>\n<thead>\n<tr>\n<th>Fonctionnalit\u00e9<\/th>\n<th>CamMatch<\/th>\n<th>ChatMatch<\/th>\n<th>Omegle<\/th>\n<th>Omegla<\/th>\n<th>Chatroulette<\/th>\n<th>Chatrandom<\/th>\n<th>HOLLA<\/th>\n<th>LivU<\/th>\n<\/tr>\n<\/thead>\n<tbody>\n<tr>\n<td>Pas d'inscription n\u00e9cessaire<\/td>\n<td>\u2705 Oui<\/td>\n<td>\u2705 Oui<\/td>\n<td>\u2705 Oui<\/td>\n<td>\u2705 Oui<\/td>\n<td>\u2705 Oui<\/td>\n<td>\u2705 Oui<\/td>\n<td>\u2705 Oui<\/td>\n<td>\u2705 Oui<\/td>\n<\/tr>\n<tr>\n<td>Chat vid\u00e9o et texte<\/td>\n<td>\u2705 Les deux<\/td>\n<td>\u2705 Les deux<\/td>\n<td>\u2705 Les deux<\/td>\n<td>\u2705 Les deux<\/td>\n<td>\u2705 Les deux<\/td>\n<td>\u2705 Les deux<\/td>\n<td>\u2705 Les deux<\/td>\n<td>\u2705 Les deux<\/td>\n<\/tr>\n<tr>\n<td>Filtre genre\/pays<\/td>\n<td>\u2705 Oui*<\/td>\n<td>\u2705 Oui*<\/td>\n<td>\u26a0\ufe0f Limited<\/td>\n<td>\u2705 Oui*<\/td>\n<td>\u2705 Oui<\/td>\n<td>\u2705 Oui<\/td>\n<td>\u2705 Oui<\/td>\n<td>\u2705 Oui<\/td>\n<\/tr>\n<tr>\n<td>Optimis\u00e9 pour les mobiles<\/td>\n<td>\u2705 Oui<\/td>\n<td>\u2705 Oui<\/td>\n<td>\u26a0\ufe0f Mixte<\/td>\n<td>\u2705 Oui<\/td>\n<td>\u2705 Oui<\/td>\n<td>\u2705 Oui<\/td>\n<td>\u2705 Oui<\/td>\n<td>\u2705 Oui<\/td>\n<\/tr>\n<tr>\n<td>Outil de traduction<\/td>\n<td>\u2705 Oui<\/td>\n<td>\u2705 Oui<\/td>\n<td>\u274c Non<\/td>\n<td>\ud83d\udd52 Bient\u00f4t<\/td>\n<td>\u274c Non<\/td>\n<td>\u274c Non<\/td>\n<td>\u2705 Oui<\/td>\n<td>\u2705 Oui<\/td>\n<\/tr>\n<tr>\n<td>Comptes facultatifs<\/td>\n<td>\u2705 Oui<\/td>\n<td>\u2705 Oui<\/td>\n<td>\u274c Non<\/td>\n<td>\u274c Non<\/td>\n<td>\u274c Non<\/td>\n<td>\u2705 Oui<\/td>\n<td>\u2705 Oui<\/td>\n<td>\u2705 Oui<\/td>\n<\/tr>\n<tr>\n<td>Partage d'images en toute s\u00e9curit\u00e9<\/td>\n<td>\u2705 Oui<\/td>\n<td>\u2705 Oui<\/td>\n<td>\u274c Non<\/td>\n<td>\u274c Non<\/td>\n<td>\u274c Non<\/td>\n<td>\u2705 Oui<\/td>\n<td>\u2705 Oui<\/td>\n<td>\u2705 Oui<\/td>\n<\/tr>\n<tr>\n<td>Mod\u00e9ration en direct\/S\u00e9curit\u00e9<\/td>\n<td>\u2705 Fort<\/td>\n<td>\u2705 Fort<\/td>\n<td>\u26a0\ufe0f Limited<\/td>\n<td>\u2705 Fort<\/td>\n<td>\u26a0\ufe0f Limited<\/td>\n<td>\u2705 Oui<\/td>\n<td>\u2705 Fort<\/td>\n<td>\u2705 Fort<\/td>\n<\/tr>\n<\/tbody>\n<\/table>\n<p>*Certains filtres\/fonctions avanc\u00e9s peuvent n\u00e9cessiter un compte gratuit ou premium.<\/p>\n<p>R\u00e9sum\u00e9 : CamMatch est con\u00e7u pour l'utilisateur d'aujourd'hui : rapide, s\u00fbr, personnalisable et accessible partout. Il est parfait pour ceux qui veulent une exp\u00e9rience moderne, priv\u00e9e et amusante de chat vid\u00e9o al\u00e9atoire.<\/p>\n<h2>CamMatch est-il s\u00fbr ?<\/h2>\n<p>La priorit\u00e9 absolue de CamMatch est de fournir un espace s\u00fbr, respectueux et amusant pour tout le monde :<\/p>\n<ul>\n<li>La mod\u00e9ration assist\u00e9e par ordinateur v\u00e9rifie tous les contenus vid\u00e9o\/texte\/image pour d\u00e9tecter la nudit\u00e9, le spam ou les abus.<\/li>\n<li>Des mod\u00e9rateurs humains en direct 24 heures sur 24 et 7 jours sur 7 r\u00e9pondent aux rapports des utilisateurs et bannissent les contrevenants.<\/li>\n<li>Discussions priv\u00e9es, pas de stockage de donn\u00e9es : Les chats ne sont pas sauvegard\u00e9s et aucune donn\u00e9e personnelle n'est collect\u00e9e \u00e0 moins que vous ne vous inscriviez volontairement.<\/li>\n<li>Des r\u00e8gles communautaires claires garantissent la convivialit\u00e9 et la participation de tous.<\/li>\n<li>Contr\u00f4les utilisateur : Boutons de blocage\/rapport toujours visibles.<\/li>\n<\/ul>\n<h3>Conseils de s\u00e9curit\u00e9<\/h3>\n<ul>\n<li>Ne communiquez jamais votre vrai nom, votre adresse, votre num\u00e9ro de t\u00e9l\u00e9phone ou des informations sensibles.<\/li>\n<li>Faites confiance \u00e0 votre instinct et mettez fin \u00e0 toute discussion qui vous met mal \u00e0 l'aise.<\/li>\n<li>Utilisez un pseudonyme et ne d\u00e9voilez pas votre identit\u00e9, sauf si vous avez vraiment confiance en l'autre utilisateur.<\/li>\n<li>Signaler\/bloquer toute personne ayant un comportement inappropri\u00e9.<\/li>\n<li>Ne cliquez pas sur des liens externes et n'acceptez pas de fichiers provenant d'inconnus.<\/li>\n<\/ul>\n<h2>Conseils pour tirer le meilleur parti de CamMatch<\/h2>\n<ul>\n<li>Commencez par \u00eatre aimable : Un sourire et un bonjour font beaucoup de bien !<\/li>\n<li>Ne vous contentez pas de cela : Utilisez \"Suivant\" pour sauter les discussions improductives ou d\u00e9sagr\u00e9ables.<\/li>\n<li>Explorer les filtres : Connectez-vous par pays ou par langue pour des \u00e9changes uniques.<\/li>\n<li>Essayez la traduction : Pratiquez de nouvelles langues ou faites-vous des amis dans le monde entier.<\/li>\n<li>Utilisez les dispositifs de s\u00e9curit\u00e9 : Toujours signaler\/bloquer les mauvais acteurs - aider la communaut\u00e9 \u00e0 rester propre.<\/li>\n<li>Chat en d\u00e9placement : Le site mobile de CamMatch est parfait pour les conversations spontan\u00e9es o\u00f9 que vous soyez.<\/li>\n<li>S'inscrire pour des extras : Si vous aimez CamMatch, pensez \u00e0 vous inscrire pour b\u00e9n\u00e9ficier de filtres avanc\u00e9s, d'amis sauvegard\u00e9s, et plus encore.<\/li>\n<\/ul>\n<h2>R\u00e9solution des probl\u00e8mes courants li\u00e9s \u00e0 CamMatch<\/h2>\n<h3>L'appareil photo ou le micro ne fonctionne pas<\/h3>\n<p>Assurez-vous que votre navigateur\/appareil autorise l'acc\u00e8s, fermez les autres applications utilisant votre appareil photo et actualisez le site.<\/p>\n<h3>Connexions lentes ou d\u00e9calage<\/h3>\n<p>Utilisez une connexion Wi-Fi solide, fermez les applications\/onglets gourmands en bande passante et essayez un autre navigateur si n\u00e9cessaire.<\/p>\n<h3>Filtres non disponibles<\/h3>\n<p>Certaines fonctionnalit\u00e9s n\u00e9cessitent un compte gratuit ou payant - inscrivez-vous ou mettez \u00e0 niveau si n\u00e9cessaire.<\/p>\n<h3>Trolls ou utilisateurs inappropri\u00e9s<\/h3>\n<p>Cliquez sur bloquer\/signaler imm\u00e9diatement. Les mod\u00e9rateurs traiteront les violations rapidement.<\/p>\n<h3>La traduction ne fonctionne pas<\/h3>\n<p>Actualisez, v\u00e9rifiez votre connexion ou contactez le service d'assistance. La traduction peut n\u00e9cessiter une mise \u00e0 niveau du compte.<\/p>\n<p>Absolument, surtout si vous souhaitez b\u00e9n\u00e9ficier du dernier cri en mati\u00e8re de chat vid\u00e9o al\u00e9atoire, avec une confidentialit\u00e9 et une s\u00e9curit\u00e9 de premier ordre, et un design moderne et \u00e9l\u00e9gant. CamMatch apporte \u00e0 la magie de la rencontre avec des inconnus une am\u00e9lioration indispensable, en associant un acc\u00e8s instantan\u00e9 \u00e0 un m\u00e9lange judicieux de fonctionnalit\u00e9s et de contr\u00f4les communautaires.<\/p>\n<p>Pour l'amiti\u00e9, l'\u00e9change linguistique, l'exploration culturelle, ou simplement pour des chats internationaux amusants, CamMatch est votre portail vers le monde - priv\u00e9, rapide, et accessible \u00e0 partir de n'importe quel appareil.<\/p>\n<p>Pr\u00eat \u00e0 commencer ?<br \/>\nVisitez cammatch.com, choisissez une vid\u00e9o ou un texte, et plongez dans votre prochaine conversation en quelques secondes.<\/p>","protected":false},"excerpt":{"rendered":"<p>In a world where connection is just a click away, the rise of random video chat platforms has opened new frontiers for meeting friends, flirting, language exchange, and exploring cultures\u2014all in real time. As one of the newest and most innovative players on the scene, CamMatch is quickly gaining traction as a top destination for [&hellip;]<\/p>\n","protected":false},"author":6,"featured_media":0,"parent":0,"menu_order":0,"comment_status":"closed","ping_status":"closed","template":"","meta":{"footnotes":""},"class_list":["post-11949","page","type-page","status-publish","hentry"],"yoast_head":"<!-- This site is optimized with the Yoast SEO plugin v27.4 - https:\/\/yoast.com\/product\/yoast-seo-wordpress\/ -->\n<title>Cammatch - Live Video Chat with Random People - TinyChat.com<\/title>\n<meta name=\"description\" content=\"Enjoying Cammatch? Join over 50,000,000 strangers on TinyChat! Turn on your cam and start meeting new people, or find a match.\" \/>\n<meta name=\"robots\" content=\"index, follow, max-snippet:-1, max-image-preview:large, max-video-preview:-1\" \/>\n<link rel=\"canonical\" href=\"https:\/\/tinychat.com\/fr\/cammatch\/\" \/>\n<meta property=\"og:locale\" content=\"fr_FR\" \/>\n<meta property=\"og:type\" content=\"article\" \/>\n<meta property=\"og:title\" content=\"Cammatch - Live Video Chat with Random People - TinyChat.com\" \/>\n<meta property=\"og:description\" content=\"Enjoying Cammatch? Join over 50,000,000 strangers on TinyChat! Turn on your cam and start meeting new people, or find a match.\" \/>\n<meta property=\"og:url\" content=\"https:\/\/tinychat.com\/fr\/cammatch\/\" \/>\n<meta property=\"og:site_name\" content=\"TinyChat\" \/>\n<meta property=\"article:publisher\" content=\"https:\/\/www.facebook.com\/tinychat\" \/>\n<meta property=\"article:modified_time\" content=\"2025-07-21T11:03:37+00:00\" \/>\n<meta property=\"og:image\" content=\"https:\/\/tinychat.com\/wp-content\/uploads\/2020\/04\/Tinychat-logo-1280x284-new-black.png\" \/>\n\t<meta property=\"og:image:width\" content=\"1280\" \/>\n\t<meta property=\"og:image:height\" content=\"284\" \/>\n\t<meta property=\"og:image:type\" content=\"image\/png\" \/>\n<meta name=\"twitter:card\" content=\"summary_large_image\" \/>\n<meta name=\"twitter:site\" content=\"@tinychat\" \/>\n<meta name=\"twitter:label1\" content=\"Dur\u00e9e de lecture estim\u00e9e\" \/>\n\t<meta name=\"twitter:data1\" content=\"7 minutes\" \/>\n<script type=\"application\/ld+json\" class=\"yoast-schema-graph\">{\"@context\":\"https:\\\/\\\/schema.org\",\"@graph\":[{\"@type\":\"WebPage\",\"@id\":\"https:\\\/\\\/tinychat.com\\\/cammatch\\\/\",\"url\":\"https:\\\/\\\/tinychat.com\\\/cammatch\\\/\",\"name\":\"Cammatch - Live Video Chat with Random People - TinyChat.com\",\"isPartOf\":{\"@id\":\"https:\\\/\\\/tinychat.com\\\/#website\"},\"datePublished\":\"2023-10-24T09:57:43+00:00\",\"dateModified\":\"2025-07-21T11:03:37+00:00\",\"description\":\"Enjoying Cammatch? Join over 50,000,000 strangers on TinyChat! Turn on your cam and start meeting new people, or find a match.\",\"breadcrumb\":{\"@id\":\"https:\\\/\\\/tinychat.com\\\/cammatch\\\/#breadcrumb\"},\"inLanguage\":\"fr-FR\",\"potentialAction\":[{\"@type\":\"ReadAction\",\"target\":[\"https:\\\/\\\/tinychat.com\\\/cammatch\\\/\"]}]},{\"@type\":\"BreadcrumbList\",\"@id\":\"https:\\\/\\\/tinychat.com\\\/cammatch\\\/#breadcrumb\",\"itemListElement\":[{\"@type\":\"ListItem\",\"position\":1,\"name\":\"Home\",\"item\":\"https:\\\/\\\/tinychat.com\\\/\"},{\"@type\":\"ListItem\",\"position\":2,\"name\":\"Cammatch\"}]},{\"@type\":\"WebSite\",\"@id\":\"https:\\\/\\\/tinychat.com\\\/#website\",\"url\":\"https:\\\/\\\/tinychat.com\\\/\",\"name\":\"TinyChat\",\"description\":\"Random Video Chat with Strangers\",\"publisher\":{\"@id\":\"https:\\\/\\\/tinychat.com\\\/#organization\"},\"alternateName\":\"TinyChat.com\",\"potentialAction\":[{\"@type\":\"SearchAction\",\"target\":{\"@type\":\"EntryPoint\",\"urlTemplate\":\"https:\\\/\\\/tinychat.com\\\/?s={search_term_string}\"},\"query-input\":{\"@type\":\"PropertyValueSpecification\",\"valueRequired\":true,\"valueName\":\"search_term_string\"}}],\"inLanguage\":\"fr-FR\"},{\"@type\":\"Organization\",\"@id\":\"https:\\\/\\\/tinychat.com\\\/#organization\",\"name\":\"TinyChat\",\"alternateName\":\"TinyChat.com\",\"url\":\"https:\\\/\\\/tinychat.com\\\/\",\"logo\":{\"@type\":\"ImageObject\",\"inLanguage\":\"fr-FR\",\"@id\":\"https:\\\/\\\/tinychat.com\\\/#\\\/schema\\\/logo\\\/image\\\/\",\"url\":\"https:\\\/\\\/tinychat.com\\\/wp-content\\\/uploads\\\/2023\\\/11\\\/Tinychat-icon-square.png\",\"contentUrl\":\"https:\\\/\\\/tinychat.com\\\/wp-content\\\/uploads\\\/2023\\\/11\\\/Tinychat-icon-square.png\",\"width\":284,\"height\":284,\"caption\":\"TinyChat\"},\"image\":{\"@id\":\"https:\\\/\\\/tinychat.com\\\/#\\\/schema\\\/logo\\\/image\\\/\"},\"sameAs\":[\"https:\\\/\\\/www.facebook.com\\\/tinychat\",\"https:\\\/\\\/x.com\\\/tinychat\"]}]}<\/script>\n<!-- \/ Yoast SEO plugin. -->","yoast_head_json":{"title":"Cammatch - Chat vid\u00e9o en direct avec des personnes au hasard - TinyChat.com","description":"Vous aimez Cammatch ? Rejoignez plus de 50 000 000 d'inconnus sur TinyChat ! Allumez votre cam\u00e9ra et commencez \u00e0 rencontrer de nouvelles personnes, ou trouvez un partenaire.","robots":{"index":"index","follow":"follow","max-snippet":"max-snippet:-1","max-image-preview":"max-image-preview:large","max-video-preview":"max-video-preview:-1"},"canonical":"https:\/\/tinychat.com\/fr\/cammatch\/","og_locale":"fr_FR","og_type":"article","og_title":"Cammatch - Live Video Chat with Random People - TinyChat.com","og_description":"Enjoying Cammatch? Join over 50,000,000 strangers on TinyChat! Turn on your cam and start meeting new people, or find a match.","og_url":"https:\/\/tinychat.com\/fr\/cammatch\/","og_site_name":"TinyChat","article_publisher":"https:\/\/www.facebook.com\/tinychat","article_modified_time":"2025-07-21T11:03:37+00:00","og_image":[{"width":1280,"height":284,"url":"https:\/\/tinychat.com\/wp-content\/uploads\/2020\/04\/Tinychat-logo-1280x284-new-black.png","type":"image\/png"}],"twitter_card":"summary_large_image","twitter_site":"@tinychat","twitter_misc":{"Dur\u00e9e de lecture estim\u00e9e":"7 minutes"},"schema":{"@context":"https:\/\/schema.org","@graph":[{"@type":"WebPage","@id":"https:\/\/tinychat.com\/cammatch\/","url":"https:\/\/tinychat.com\/cammatch\/","name":"Cammatch - Chat vid\u00e9o en direct avec des personnes au hasard - TinyChat.com","isPartOf":{"@id":"https:\/\/tinychat.com\/#website"},"datePublished":"2023-10-24T09:57:43+00:00","dateModified":"2025-07-21T11:03:37+00:00","description":"Vous aimez Cammatch ? Rejoignez plus de 50 000 000 d'inconnus sur TinyChat ! Allumez votre cam\u00e9ra et commencez \u00e0 rencontrer de nouvelles personnes, ou trouvez un partenaire.","breadcrumb":{"@id":"https:\/\/tinychat.com\/cammatch\/#breadcrumb"},"inLanguage":"fr-FR","potentialAction":[{"@type":"ReadAction","target":["https:\/\/tinychat.com\/cammatch\/"]}]},{"@type":"BreadcrumbList","@id":"https:\/\/tinychat.com\/cammatch\/#breadcrumb","itemListElement":[{"@type":"ListItem","position":1,"name":"Home","item":"https:\/\/tinychat.com\/"},{"@type":"ListItem","position":2,"name":"Cammatch"}]},{"@type":"WebSite","@id":"https:\/\/tinychat.com\/#website","url":"https:\/\/tinychat.com\/","name":"TinyChat","description":"Chat vid\u00e9o al\u00e9atoire avec des inconnus","publisher":{"@id":"https:\/\/tinychat.com\/#organization"},"alternateName":"TinyChat.com","potentialAction":[{"@type":"SearchAction","target":{"@type":"EntryPoint","urlTemplate":"https:\/\/tinychat.com\/?s={search_term_string}"},"query-input":{"@type":"PropertyValueSpecification","valueRequired":true,"valueName":"search_term_string"}}],"inLanguage":"fr-FR"},{"@type":"Organization","@id":"https:\/\/tinychat.com\/#organization","name":"TinyChat","alternateName":"TinyChat.com","url":"https:\/\/tinychat.com\/","logo":{"@type":"ImageObject","inLanguage":"fr-FR","@id":"https:\/\/tinychat.com\/#\/schema\/logo\/image\/","url":"https:\/\/tinychat.com\/wp-content\/uploads\/2023\/11\/Tinychat-icon-square.png","contentUrl":"https:\/\/tinychat.com\/wp-content\/uploads\/2023\/11\/Tinychat-icon-square.png","width":284,"height":284,"caption":"TinyChat"},"image":{"@id":"https:\/\/tinychat.com\/#\/schema\/logo\/image\/"},"sameAs":["https:\/\/www.facebook.com\/tinychat","https:\/\/x.com\/tinychat"]}]}},"_links":{"self":[{"href":"https:\/\/tinychat.com\/fr\/wp-json\/wp\/v2\/pages\/11949","targetHints":{"allow":["GET"]}}],"collection":[{"href":"https:\/\/tinychat.com\/fr\/wp-json\/wp\/v2\/pages"}],"about":[{"href":"https:\/\/tinychat.com\/fr\/wp-json\/wp\/v2\/types\/page"}],"author":[{"embeddable":true,"href":"https:\/\/tinychat.com\/fr\/wp-json\/wp\/v2\/users\/6"}],"replies":[{"embeddable":true,"href":"https:\/\/tinychat.com\/fr\/wp-json\/wp\/v2\/comments?post=11949"}],"version-history":[{"count":3,"href":"https:\/\/tinychat.com\/fr\/wp-json\/wp\/v2\/pages\/11949\/revisions"}],"predecessor-version":[{"id":13346,"href":"https:\/\/tinychat.com\/fr\/wp-json\/wp\/v2\/pages\/11949\/revisions\/13346"}],"wp:attachment":[{"href":"https:\/\/tinychat.com\/fr\/wp-json\/wp\/v2\/media?parent=11949"}],"curies":[{"name":"wp","href":"https:\/\/api.w.org\/{rel}","templated":true}]}}