{"id":11954,"date":"2024-10-24T12:21:22","date_gmt":"2024-10-24T10:21:22","guid":{"rendered":"https:\/\/tinychat.com\/?page_id=11954"},"modified":"2025-06-12T10:28:41","modified_gmt":"2025-06-12T08:28:41","slug":"luckycrush","status":"publish","type":"page","link":"https:\/\/tinychat.com\/fr\/luckycrush\/","title":{"rendered":"LuckyCrush"},"content":{"rendered":"<p>Chat vid\u00e9o al\u00e9atoire en t\u00eate-\u00e0-t\u00eate exclusivement entre hommes et femmes, jumel\u00e9s instantan\u00e9ment pour des conversations flirteuses, amusantes et \u00e9ventuellement romantiques. Contrairement aux plateformes de chat al\u00e9atoire traditionnelles qui connectent les utilisateurs ind\u00e9pendamment de leur sexe, LuckyCrush inverse la formule - si vous \u00eates un homme, vous serez toujours connect\u00e9 \u00e0 une femme, et vice versa.<\/p>\n<p>Cette conception d\u00e9lib\u00e9r\u00e9e fait de LuckyCrush l'une des plateformes les plus utiles dans l'espace de chat al\u00e9atoire. Avec des dizaines de millions d'utilisateurs dans le monde et une r\u00e9putation grandissante pour son design \u00e9pur\u00e9, sa mise en relation rapide et son engagement \u00e9lev\u00e9, il est facile de comprendre pourquoi tant de gens se tournent vers LuckyCrush lorsqu'ils sont \u00e0 la recherche d'une exp\u00e9rience de vid\u00e9o al\u00e9atoire plus ax\u00e9e sur le flirt.<\/p>\n<p>Dans cet examen approfondi, nous allons explorer tout ce que vous devez savoir sur LuckyCrush - comment il fonctionne, ce qui le rend diff\u00e9rent, comment il se compare aux plateformes similaires, et comment tirer le meilleur parti de vos chats.<\/p>\n<h2>Qu'est-ce que LuckyCrush ?<\/h2>\n<p>LuckyCrush est une plateforme internationale de chat vid\u00e9o al\u00e9atoire qui associe des hommes \u00e0 des femmes exclusivement, et vice versa. Le site a \u00e9t\u00e9 lanc\u00e9 en 2019 et a rapidement gagn\u00e9 une audience mondiale en attirant les utilisateurs qui veulent des chats vid\u00e9o rapides et anonymes avec le sexe oppos\u00e9, sans configuration de profil et sans salles publiques.<\/p>\n<p>Contrairement \u00e0 des sites comme Omegle ou Chatroulette - o\u00f9 vous \u00eates mis en relation avec n'importe qui, quel que soit son sexe - LuckyCrush utilise un algorithme qui garantit \u00e0 chaque fois une mise en relation entre les deux sexes. Les hommes ne sont mis en relation qu'avec des femmes, et les femmes ne sont mises en relation qu'avec des hommes. C'est cette simplicit\u00e9, combin\u00e9e \u00e0 une interface utilisateur rationalis\u00e9e et \u00e0 une base d'utilisateurs mondiale, qui donne \u00e0 LuckyCrush sa personnalit\u00e9 distincte.<\/p>\n<p>L'essai de la plateforme est gratuit, mais elle fonctionne sur la base d'un syst\u00e8me de cr\u00e9dit pour les hommes. Les femmes, quant \u00e0 elles, peuvent utiliser le site gratuitement. Ce mod\u00e8le \u00e9conomique vise \u00e0 maintenir l'\u00e9quilibre entre les sexes et \u00e0 encourager les rencontres authentiques entre personnes de sexes oppos\u00e9s.<\/p>\n<h2>Caract\u00e9ristiques principales de LuckyCrush<\/h2>\n<p>LuckyCrush est unique tant par sa fonction que par son design. Voici ce qui le distingue :<\/p>\n<h3>1. L'appariement fond\u00e9 sur le sexe<\/h3>\n<p>Le principal argument de vente de LuckyCrush est le filtrage des sexes par d\u00e9faut. Il se connecte :<\/p>\n<ul>\n<li>Les hommes exclusivement aux femmes<\/li>\n<li>Les femmes exclusivement aux hommes<\/li>\n<\/ul>\n<p>Cela donne instantan\u00e9ment le ton pour le flirt, la romance ou le badinage amical entre les sexes. Il \u00e9limine le chaos que l'on trouve souvent sur les plates-formes de discussion plus g\u00e9n\u00e9rales.<\/p>\n<h3>2. Chat vid\u00e9o al\u00e9atoire en t\u00eate-\u00e0-t\u00eate<\/h3>\n<p>Il n'y a pas de salles de groupe, pas d'options de texte uniquement, ni de forums anonymes. Chaque session est un chat vid\u00e9o priv\u00e9, en direct et en face \u00e0 face avec une seule personne \u00e0 la fois.<\/p>\n<p>Si vous n'aimez pas la correspondance, il vous suffit de cliquer sur \"Suivant\" pour passer \u00e0 quelqu'un d'autre.<\/p>\n<h3>3. Mise en relation instantan\u00e9e - Pas d'inscription n\u00e9cessaire<\/h3>\n<p>Vous pouvez commencer \u00e0 chatter en un seul clic. Pas d'adresse e-mail. Pas d'inscription. Pas de profil. Cette approche sans friction fait partie du succ\u00e8s de LuckyCrush - en particulier sur mobile, o\u00f9 les utilisateurs attendent rapidit\u00e9 et facilit\u00e9.<\/p>\n<p>(Cela dit, il est recommand\u00e9 de s'inscrire si vous souhaitez gagner des cr\u00e9dits gratuits, acc\u00e9der \u00e0 l'historique des discussions ou suivre votre utilisation).<\/p>\n<h3>4. Syst\u00e8me bas\u00e9 sur les cr\u00e9dits (pour les hommes)<\/h3>\n<p>L'essai de LuckyCrush est gratuit, mais les hommes doivent utiliser des cr\u00e9dits pour continuer \u00e0 chatter apr\u00e8s la p\u00e9riode d'essai. Les cr\u00e9dits sont achet\u00e9s par lots, et chaque seconde de chat vid\u00e9o en utilise une petite quantit\u00e9.<\/p>\n<p>Les femmes, quant \u00e0 elles, utilisent le site de mani\u00e8re totalement gratuite, ce qui contribue \u00e0 assurer une pr\u00e9sence constante de v\u00e9ritables utilisatrices.<\/p>\n<h3>5. Port\u00e9e mondiale<\/h3>\n<p>LuckyCrush compte des utilisateurs dans plus de 100 pays, avec une correspondance r\u00e9gionale automatique pour des conversations locales plus rapides. Vous pouvez \u00e9galement passer au chat international pour une exp\u00e9rience plus large.<\/p>\n<p>Cette ambiance internationale fait de LuckyCrush le lieu id\u00e9al pour :<\/p>\n<ul>\n<li>Flirt interculturel<\/li>\n<li>Pratiquer les langues<\/li>\n<li>D\u00e9couvrir de nouveaux accents et de nouvelles personnalit\u00e9s<\/li>\n<\/ul>\n<h3>6. Une interface simple avec un support mobile solide<\/h3>\n<p>Le design est \u00e9pur\u00e9, optimis\u00e9 pour les mobiles et intuitif :<\/p>\n<ul>\n<li>Interface vid\u00e9o plein \u00e9cran<\/li>\n<li>Chatbox pour le texte si n\u00e9cessaire<\/li>\n<li>Temps de chargement rapides et distractions minimales<\/li>\n<\/ul>\n<p>Que vous l'utilisiez sur ordinateur ou sur mobile, LuckyCrush fonctionne de fa\u00e7on transparente.<\/p>\n<h2>Comment utiliser LuckyCrush<\/h2>\n<p>L'utilisation de LuckyCrush est simple et rapide. Voici comment commencer :<\/p>\n<h3>\u00c9tape 1 : Visiter le site<\/h3>\n<p>Rendez-vous sur le site luckycrush.live dans n'importe quel navigateur. Vous serez invit\u00e9 \u00e0 choisir votre sexe.<\/p>\n<h3>\u00c9tape 2 : Autoriser l'acc\u00e8s \u00e0 la webcam et au microphone<\/h3>\n<p>Pour utiliser la plateforme, vous devez activer votre cam\u00e9ra et votre microphone. Le site les utilise exclusivement pour le chat vid\u00e9o.<\/p>\n<h3>\u00c9tape 3 : Commencer \u00e0 chatter<\/h3>\n<p>Une fois que vous \u00eates jumel\u00e9, votre session de chat commence imm\u00e9diatement. Vous verrez l'autre personne en vid\u00e9o et elle vous verra. Vous pouvez \u00e9galement taper dans la bo\u00eete de dialogue si n\u00e9cessaire.<\/p>\n<h3>\u00c9tape 4 : Cliquez sur \"Suivant\" pour passer \u00e0 l'\u00e9tape suivante<\/h3>\n<p>Vous voulez essayer un nouveau partenaire ? Cliquez sur le bouton \"Suivant\" pour changer instantan\u00e9ment de partenaire.<\/p>\n<h3>\u00c9tape 5 : Gestion des cr\u00e9dits (hommes uniquement)<\/h3>\n<p>Si vous \u00eates un utilisateur masculin, votre essai gratuit prend fin apr\u00e8s quelques minutes. Vous devrez acheter des cr\u00e9dits pour continuer \u00e0 utiliser le service.<\/p>\n<h2>Exp\u00e9rience utilisateur sur LuckyCrush<\/h2>\n<p>LuckyCrush offre l'une des exp\u00e9riences utilisateur les plus fluides et les plus cibl\u00e9es dans la cat\u00e9gorie des chats al\u00e9atoires. Il n'est pas surcharg\u00e9 de fonctionnalit\u00e9s inutiles - l'accent est mis sur l'interaction en face \u00e0 face avec une personne du sexe oppos\u00e9.<\/p>\n<h3>Ce que les gens aiment<\/h3>\n<ul>\n<li>Acc\u00e8s rapide et facile<\/li>\n<li>Garantie de concordance des sexes<\/li>\n<li>Gratuit pour les femmes<\/li>\n<li>De vrais utilisateurs - beaucoup moins de bots et de trolls<\/li>\n<li>Un design adapt\u00e9 au flirt sans \u00eatre r\u00e9serv\u00e9 aux adultes<\/li>\n<li>Une interface utilisateur soign\u00e9e avec une excellente compatibilit\u00e9 mobile<\/li>\n<\/ul>\n<h3>Ce qui pourrait \u00eatre mieux<\/h3>\n<ul>\n<li>Les hommes doivent payer apr\u00e8s une courte p\u00e9riode d'essai gratuite<\/li>\n<li>Pas d'option de chat entre personnes du m\u00eame sexe<\/li>\n<li>Pas de correspondance d'int\u00e9r\u00eat ou de sujet<\/li>\n<li>Outils de s\u00e9curit\u00e9\/de signalement limit\u00e9s en cours de session<\/li>\n<\/ul>\n<h2>Un vrai retour d'information de la part des utilisateurs<\/h2>\n<blockquote><p>\"Bien mieux que Omegle. Au moins, je sais que je suis toujours jumel\u00e9 avec une vraie femme. Cela vaut la peine de payer les cr\u00e9dits si vous \u00eates s\u00e9rieux.\"<br \/>\n- <em>Eric S., Google Play<\/em><\/p><\/blockquote>\n<blockquote><p>\"J'ai eu de bonnes discussions - c'est cool que les matchs soient toujours hommes\/femmes. C'est moins al\u00e9atoire, et c'est tant mieux\".<br \/>\n- <em>Laura G., Sitejabber<\/em><\/p><\/blockquote>\n<blockquote><p>\"Il manque des fonctionnalit\u00e9s comme les amis enregistr\u00e9s, mais cela fonctionne tr\u00e8s bien pour des discussions rapides et amusantes.<br \/>\n- <em>Dan V., Reddit<\/em><\/p><\/blockquote>\n<h2>LuckyCrush vs. autres plateformes de chat vid\u00e9o<\/h2>\n<p>Voici comment LuckyCrush se compare aux autres grands noms du secteur :<\/p>\n<table>\n<thead>\n<tr>\n<th>Fonctionnalit\u00e9<\/th>\n<th>LuckyCrush<\/th>\n<th>Omegle<\/th>\n<th>ChatHub<\/th>\n<th>Emerald Chat<\/th>\n<th>Thundr<\/th>\n<\/tr>\n<\/thead>\n<tbody>\n<tr>\n<td>Appariement des sexes<\/td>\n<td>\u2705 Garanti<\/td>\n<td>\u274c Au hasard<\/td>\n<td>\u2705 Premium<\/td>\n<td>\u2705 Bas\u00e9 sur le karma<\/td>\n<td>\u2705 Premium<\/td>\n<\/tr>\n<tr>\n<td>Chat vid\u00e9o<\/td>\n<td>\u2705 Oui<\/td>\n<td>\u2705 Oui<\/td>\n<td>\u2705 Oui<\/td>\n<td>\u2705 Oui<\/td>\n<td>\u2705 Oui<\/td>\n<\/tr>\n<tr>\n<td>Gratuit pour les femmes<\/td>\n<td>\u2705 Oui<\/td>\n<td>\u2705 Oui<\/td>\n<td>\u2705 Oui<\/td>\n<td>\u2705 Oui<\/td>\n<td>\u2705 Oui<\/td>\n<\/tr>\n<tr>\n<td>Utilisation anonyme<\/td>\n<td>\u2705 Oui<\/td>\n<td>\u2705 Oui<\/td>\n<td>\u2705 Oui<\/td>\n<td>\u2705 Facultatif<\/td>\n<td>\u2705 Oui<\/td>\n<\/tr>\n<tr>\n<td>Optimis\u00e9 pour les mobiles<\/td>\n<td>\u2705 Excellent<\/td>\n<td>\u26a0\ufe0f Mixte<\/td>\n<td>\u2705 Bon<\/td>\n<td>\u2705 Bon<\/td>\n<td>\u2705 Excellent<\/td>\n<\/tr>\n<tr>\n<td>Correspondance des int\u00e9r\u00eats<\/td>\n<td>\u274c Non<\/td>\n<td>\u2705 Oui<\/td>\n<td>\u274c Non<\/td>\n<td>\u2705 Oui<\/td>\n<td>\u274c Non<\/td>\n<\/tr>\n<tr>\n<td>Syst\u00e8me de cr\u00e9dit (utilisation payante)<\/td>\n<td>\u2705 Pour les hommes<\/td>\n<td>\u274c Non<\/td>\n<td>\u274c Non<\/td>\n<td>\u274c Non<\/td>\n<td>\u274c Non<\/td>\n<\/tr>\n<tr>\n<td>Assurance-ch\u00f4mage pour adultes<\/td>\n<td>\u2705 Oui<\/td>\n<td>\u26a0\ufe0f Pas s\u00fbr<\/td>\n<td>\u2705 Oui<\/td>\n<td>\u2705 Oui<\/td>\n<td>\u2705 Oui<\/td>\n<\/tr>\n<\/tbody>\n<\/table>\n<p>R\u00e9sum\u00e9 : LuckyCrush gagne sur l'exclusivit\u00e9 des sexes oppos\u00e9s, la qualit\u00e9 des utilisateurs et une exp\u00e9rience centr\u00e9e sur le flirt. Ce n'est pas la plateforme la plus personnalisable, mais c'est l'une des mieux con\u00e7ues pour un flirt simple, anonyme et bas\u00e9 sur la vid\u00e9o.<\/p>\n<h2>LuckyCrush est-il s\u00fbr ?<\/h2>\n<p>LuckyCrush offre une meilleure s\u00e9curit\u00e9 que la plupart des sites de chat vid\u00e9o al\u00e9atoire, mais il s'agit toujours d'un environnement r\u00e9glement\u00e9 par l'utilisateur, la discr\u00e9tion est donc essentielle.<\/p>\n<h3>Les points positifs en mati\u00e8re de s\u00e9curit\u00e9<\/h3>\n<ul>\n<li>Les chats individuels r\u00e9duisent la p\u00eache \u00e0 la tra\u00eene<\/li>\n<li>L'exclusivit\u00e9 des sexes cr\u00e9e un meilleur \u00e9quilibre comportemental<\/li>\n<li>Pas de salles publiques<\/li>\n<li>Pas de stockage permanent des donn\u00e9es<\/li>\n<li>Connexions crypt\u00e9es<\/li>\n<\/ul>\n<h3>Limites<\/h3>\n<ul>\n<li>Pas de mod\u00e9ration en temps r\u00e9el dans chaque chat<\/li>\n<li>Pas de bouton de rapport visible pendant les appels<\/li>\n<li>Pas de v\u00e9rification de l'\u00e2ge en dehors du syst\u00e8me d'honneur des utilisateurs<\/li>\n<\/ul>\n<h2>Conseils pour une utilisation efficace de LuckyCrush<\/h2>\n<ul>\n<li>Utiliser des \u00e9couteurs pour un meilleur son et une plus grande intimit\u00e9<\/li>\n<li>Passez rapidement \u00e0 autre chose si la conversation ne vous convient pas.<\/li>\n<li>\u00c9viter de partager des informations personnelles (r\u00e9seaux sociaux, courriel, etc.)<\/li>\n<li>Maintenez votre appareil photo \u00e0 hauteur d'\u0153il sous un bon \u00e9clairage<\/li>\n<li>Femmes : Essayer diff\u00e9rents moments de la journ\u00e9e pour les matches internationaux<\/li>\n<li>Hommes : Utilisez vos cr\u00e9dits gratuits pour tester avant d'acheter<\/li>\n<\/ul>\n<h2>D\u00e9pannage des probl\u00e8mes courants<\/h2>\n<h3>Impossible d'acc\u00e9der \u00e0 la cam\u00e9ra<\/h3>\n<p>Assurez-vous que votre navigateur autorise l'utilisation de la cam\u00e9ra\/du microphone. Fermez les autres applications susceptibles d'utiliser l'appareil photo.<\/p>\n<h3>Lag ou mauvaise qualit\u00e9 vid\u00e9o<\/h3>\n<p>Passez \u00e0 une connexion Wi-Fi stable. Fermez les onglets en arri\u00e8re-plan ou changez de navigateur.<\/p>\n<h3>Aucune correspondance trouv\u00e9e<\/h3>\n<p>Essayez aux heures de pointe (soirs\/week-ends). La demande peut \u00eatre r\u00e9gionale ; passer \u00e0 une demande globale peut aider.<\/p>\n<h3>Cr\u00e9dits \u00e9puis\u00e9s<\/h3>\n<p>Inscrivez-vous pour gagner des cr\u00e9dits gratuits ou achetez un forfait pour continuer \u00e0 chatter.<\/p>\n<p>LuckyCrush n'essaie pas d'\u00eatre un site de rencontre ou un centre d'amiti\u00e9. Il est l\u00e0 pour vous offrir des conversations vid\u00e9o priv\u00e9es, en t\u00eate-\u00e0-t\u00eate, qui sont spontan\u00e9es, s\u00fbres et transgenres par d\u00e9faut.<\/p>\n<p>Avec des millions d'utilisateurs, une interface fluide et un algorithme d'appariement des sexes qui r\u00e9pond aux attentes de la plupart des utilisateurs de chats al\u00e9atoires, LuckyCrush r\u00e9pond \u00e0 une demande claire et croissante.<\/p>\n<p>Ce n'est pas le lieu pour de longues biographies ou des rencontres approfondies - il s'agit d'une connexion vivante dans l'instant.<\/p>\n<p>Donc, si vous \u00eates \u00e0 la recherche de la prochaine \u00e9tape au-del\u00e0 de Omegle ou Chatroulette, et que vous en avez assez du spam, des robots, ou de ne pas savoir avec qui vous allez correspondre, donnez un coup de pouce \u00e0 LuckyCrush.<\/p>\n<p>Visitez luckycrush.live et commencez \u00e0 chatter instantan\u00e9ment - pas d'inscription, pas de jugement, juste de vraies personnes, une vraie attirance, en temps r\u00e9el.<\/p>","protected":false},"excerpt":{"rendered":"<p>Random one-on-one video chat exclusively between men and women, matched instantly for flirty, fun, and possibly romantic conversations. Unlike traditional random chat platforms that connect users regardless of gender, LuckyCrush flips the formula \u2014 if you\u2019re a man, you\u2019ll always be connected to a woman, and vice versa. That deliberate design makes LuckyCrush one of [&hellip;]<\/p>\n","protected":false},"author":6,"featured_media":0,"parent":0,"menu_order":0,"comment_status":"closed","ping_status":"closed","template":"","meta":{"footnotes":""},"class_list":["post-11954","page","type-page","status-publish","hentry"],"yoast_head":"<!-- This site is optimized with the Yoast SEO plugin v27.4 - https:\/\/yoast.com\/product\/yoast-seo-wordpress\/ -->\n<title>LuckyCrush - Online Video Chat Website with Girls - TinyChat.com<\/title>\n<meta name=\"description\" content=\"Enjoying LuckyCrush? Join over 50,000,000 strangers on TinyChat! Turn on your cam and start meeting new people, or find a match.\" \/>\n<meta name=\"robots\" content=\"index, follow, max-snippet:-1, max-image-preview:large, max-video-preview:-1\" \/>\n<link rel=\"canonical\" href=\"https:\/\/tinychat.com\/fr\/luckycrush\/\" \/>\n<meta property=\"og:locale\" content=\"fr_FR\" \/>\n<meta property=\"og:type\" content=\"article\" \/>\n<meta property=\"og:title\" content=\"LuckyCrush - Online Video Chat Website with Girls - TinyChat.com\" \/>\n<meta property=\"og:description\" content=\"Enjoying LuckyCrush? Join over 50,000,000 strangers on TinyChat! Turn on your cam and start meeting new people, or find a match.\" \/>\n<meta property=\"og:url\" content=\"https:\/\/tinychat.com\/fr\/luckycrush\/\" \/>\n<meta property=\"og:site_name\" content=\"TinyChat\" \/>\n<meta property=\"article:publisher\" content=\"https:\/\/www.facebook.com\/tinychat\" \/>\n<meta property=\"article:modified_time\" content=\"2025-06-12T08:28:41+00:00\" \/>\n<meta property=\"og:image\" content=\"https:\/\/tinychat.com\/wp-content\/uploads\/2020\/04\/Tinychat-logo-1280x284-new-black.png\" \/>\n\t<meta property=\"og:image:width\" content=\"1280\" \/>\n\t<meta property=\"og:image:height\" content=\"284\" \/>\n\t<meta property=\"og:image:type\" content=\"image\/png\" \/>\n<meta name=\"twitter:card\" content=\"summary_large_image\" \/>\n<meta name=\"twitter:site\" content=\"@tinychat\" \/>\n<meta name=\"twitter:label1\" content=\"Dur\u00e9e de lecture estim\u00e9e\" \/>\n\t<meta name=\"twitter:data1\" content=\"6 minutes\" \/>\n<script type=\"application\/ld+json\" class=\"yoast-schema-graph\">{\"@context\":\"https:\\\/\\\/schema.org\",\"@graph\":[{\"@type\":\"WebPage\",\"@id\":\"https:\\\/\\\/tinychat.com\\\/luckycrush\\\/\",\"url\":\"https:\\\/\\\/tinychat.com\\\/luckycrush\\\/\",\"name\":\"LuckyCrush - Online Video Chat Website with Girls - TinyChat.com\",\"isPartOf\":{\"@id\":\"https:\\\/\\\/tinychat.com\\\/#website\"},\"datePublished\":\"2024-10-24T10:21:22+00:00\",\"dateModified\":\"2025-06-12T08:28:41+00:00\",\"description\":\"Enjoying LuckyCrush? Join over 50,000,000 strangers on TinyChat! Turn on your cam and start meeting new people, or find a match.\",\"breadcrumb\":{\"@id\":\"https:\\\/\\\/tinychat.com\\\/luckycrush\\\/#breadcrumb\"},\"inLanguage\":\"fr-FR\",\"potentialAction\":[{\"@type\":\"ReadAction\",\"target\":[\"https:\\\/\\\/tinychat.com\\\/luckycrush\\\/\"]}]},{\"@type\":\"BreadcrumbList\",\"@id\":\"https:\\\/\\\/tinychat.com\\\/luckycrush\\\/#breadcrumb\",\"itemListElement\":[{\"@type\":\"ListItem\",\"position\":1,\"name\":\"Home\",\"item\":\"https:\\\/\\\/tinychat.com\\\/\"},{\"@type\":\"ListItem\",\"position\":2,\"name\":\"LuckyCrush\"}]},{\"@type\":\"WebSite\",\"@id\":\"https:\\\/\\\/tinychat.com\\\/#website\",\"url\":\"https:\\\/\\\/tinychat.com\\\/\",\"name\":\"TinyChat\",\"description\":\"Random Video Chat with Strangers\",\"publisher\":{\"@id\":\"https:\\\/\\\/tinychat.com\\\/#organization\"},\"alternateName\":\"TinyChat.com\",\"potentialAction\":[{\"@type\":\"SearchAction\",\"target\":{\"@type\":\"EntryPoint\",\"urlTemplate\":\"https:\\\/\\\/tinychat.com\\\/?s={search_term_string}\"},\"query-input\":{\"@type\":\"PropertyValueSpecification\",\"valueRequired\":true,\"valueName\":\"search_term_string\"}}],\"inLanguage\":\"fr-FR\"},{\"@type\":\"Organization\",\"@id\":\"https:\\\/\\\/tinychat.com\\\/#organization\",\"name\":\"TinyChat\",\"alternateName\":\"TinyChat.com\",\"url\":\"https:\\\/\\\/tinychat.com\\\/\",\"logo\":{\"@type\":\"ImageObject\",\"inLanguage\":\"fr-FR\",\"@id\":\"https:\\\/\\\/tinychat.com\\\/#\\\/schema\\\/logo\\\/image\\\/\",\"url\":\"https:\\\/\\\/tinychat.com\\\/wp-content\\\/uploads\\\/2023\\\/11\\\/Tinychat-icon-square.png\",\"contentUrl\":\"https:\\\/\\\/tinychat.com\\\/wp-content\\\/uploads\\\/2023\\\/11\\\/Tinychat-icon-square.png\",\"width\":284,\"height\":284,\"caption\":\"TinyChat\"},\"image\":{\"@id\":\"https:\\\/\\\/tinychat.com\\\/#\\\/schema\\\/logo\\\/image\\\/\"},\"sameAs\":[\"https:\\\/\\\/www.facebook.com\\\/tinychat\",\"https:\\\/\\\/x.com\\\/tinychat\"]}]}<\/script>\n<!-- \/ Yoast SEO plugin. -->","yoast_head_json":{"title":"LuckyCrush - Site de chat vid\u00e9o en ligne avec des filles - TinyChat.com","description":"Vous aimez LuckyCrush ? Rejoignez plus de 50 000 000 d'inconnus sur TinyChat ! Allumez votre cam\u00e9ra et commencez \u00e0 rencontrer de nouvelles personnes, ou trouvez un partenaire.","robots":{"index":"index","follow":"follow","max-snippet":"max-snippet:-1","max-image-preview":"max-image-preview:large","max-video-preview":"max-video-preview:-1"},"canonical":"https:\/\/tinychat.com\/fr\/luckycrush\/","og_locale":"fr_FR","og_type":"article","og_title":"LuckyCrush - Online Video Chat Website with Girls - TinyChat.com","og_description":"Enjoying LuckyCrush? Join over 50,000,000 strangers on TinyChat! Turn on your cam and start meeting new people, or find a match.","og_url":"https:\/\/tinychat.com\/fr\/luckycrush\/","og_site_name":"TinyChat","article_publisher":"https:\/\/www.facebook.com\/tinychat","article_modified_time":"2025-06-12T08:28:41+00:00","og_image":[{"width":1280,"height":284,"url":"https:\/\/tinychat.com\/wp-content\/uploads\/2020\/04\/Tinychat-logo-1280x284-new-black.png","type":"image\/png"}],"twitter_card":"summary_large_image","twitter_site":"@tinychat","twitter_misc":{"Dur\u00e9e de lecture estim\u00e9e":"6 minutes"},"schema":{"@context":"https:\/\/schema.org","@graph":[{"@type":"WebPage","@id":"https:\/\/tinychat.com\/luckycrush\/","url":"https:\/\/tinychat.com\/luckycrush\/","name":"LuckyCrush - Site de chat vid\u00e9o en ligne avec des filles - TinyChat.com","isPartOf":{"@id":"https:\/\/tinychat.com\/#website"},"datePublished":"2024-10-24T10:21:22+00:00","dateModified":"2025-06-12T08:28:41+00:00","description":"Vous aimez LuckyCrush ? Rejoignez plus de 50 000 000 d'inconnus sur TinyChat ! Allumez votre cam\u00e9ra et commencez \u00e0 rencontrer de nouvelles personnes, ou trouvez un partenaire.","breadcrumb":{"@id":"https:\/\/tinychat.com\/luckycrush\/#breadcrumb"},"inLanguage":"fr-FR","potentialAction":[{"@type":"ReadAction","target":["https:\/\/tinychat.com\/luckycrush\/"]}]},{"@type":"BreadcrumbList","@id":"https:\/\/tinychat.com\/luckycrush\/#breadcrumb","itemListElement":[{"@type":"ListItem","position":1,"name":"Home","item":"https:\/\/tinychat.com\/"},{"@type":"ListItem","position":2,"name":"LuckyCrush"}]},{"@type":"WebSite","@id":"https:\/\/tinychat.com\/#website","url":"https:\/\/tinychat.com\/","name":"TinyChat","description":"Chat vid\u00e9o al\u00e9atoire avec des inconnus","publisher":{"@id":"https:\/\/tinychat.com\/#organization"},"alternateName":"TinyChat.com","potentialAction":[{"@type":"SearchAction","target":{"@type":"EntryPoint","urlTemplate":"https:\/\/tinychat.com\/?s={search_term_string}"},"query-input":{"@type":"PropertyValueSpecification","valueRequired":true,"valueName":"search_term_string"}}],"inLanguage":"fr-FR"},{"@type":"Organization","@id":"https:\/\/tinychat.com\/#organization","name":"TinyChat","alternateName":"TinyChat.com","url":"https:\/\/tinychat.com\/","logo":{"@type":"ImageObject","inLanguage":"fr-FR","@id":"https:\/\/tinychat.com\/#\/schema\/logo\/image\/","url":"https:\/\/tinychat.com\/wp-content\/uploads\/2023\/11\/Tinychat-icon-square.png","contentUrl":"https:\/\/tinychat.com\/wp-content\/uploads\/2023\/11\/Tinychat-icon-square.png","width":284,"height":284,"caption":"TinyChat"},"image":{"@id":"https:\/\/tinychat.com\/#\/schema\/logo\/image\/"},"sameAs":["https:\/\/www.facebook.com\/tinychat","https:\/\/x.com\/tinychat"]}]}},"_links":{"self":[{"href":"https:\/\/tinychat.com\/fr\/wp-json\/wp\/v2\/pages\/11954","targetHints":{"allow":["GET"]}}],"collection":[{"href":"https:\/\/tinychat.com\/fr\/wp-json\/wp\/v2\/pages"}],"about":[{"href":"https:\/\/tinychat.com\/fr\/wp-json\/wp\/v2\/types\/page"}],"author":[{"embeddable":true,"href":"https:\/\/tinychat.com\/fr\/wp-json\/wp\/v2\/users\/6"}],"replies":[{"embeddable":true,"href":"https:\/\/tinychat.com\/fr\/wp-json\/wp\/v2\/comments?post=11954"}],"version-history":[{"count":3,"href":"https:\/\/tinychat.com\/fr\/wp-json\/wp\/v2\/pages\/11954\/revisions"}],"predecessor-version":[{"id":13218,"href":"https:\/\/tinychat.com\/fr\/wp-json\/wp\/v2\/pages\/11954\/revisions\/13218"}],"wp:attachment":[{"href":"https:\/\/tinychat.com\/fr\/wp-json\/wp\/v2\/media?parent=11954"}],"curies":[{"name":"wp","href":"https:\/\/api.w.org\/{rel}","templated":true}]}}