{"id":12021,"date":"2025-08-07T10:51:13","date_gmt":"2025-08-07T08:51:13","guid":{"rendered":"https:\/\/tinychat.com\/?page_id=12021"},"modified":"2025-08-07T10:56:26","modified_gmt":"2025-08-07T08:56:26","slug":"omegle-alternative","status":"publish","type":"page","link":"https:\/\/tinychat.com\/fr\/omegle-alternative\/","title":{"rendered":"Omegle Alternative"},"content":{"rendered":"<p>Pendant des ann\u00e9es, Omegle a \u00e9t\u00e9 la plateforme de r\u00e9f\u00e9rence pour tous ceux qui cherchaient \u00e0 se connecter instantan\u00e9ment avec des inconnus par le biais de textes ou de vid\u00e9os. Sa simplicit\u00e9 et sa spontan\u00e9it\u00e9 ont chang\u00e9 la fa\u00e7on dont des millions de personnes se sont fait de nouveaux amis en ligne. Mais le monde du chat vid\u00e9o al\u00e9atoire a \u00e9volu\u00e9, tout comme les attentes des utilisateurs. Aujourd'hui, de nombreuses personnes recherchent une alternative \u00e0 Omegle plus s\u00fbre et plus attrayante.<\/p>\n<p>Que vous en ayez assez des bots, que vous recherchiez plus de fonctionnalit\u00e9s ou que vous souhaitiez simplement une plateforme qui ressemble davantage \u00e0 une communaut\u00e9, il existe aujourd'hui des dizaines d'alternatives \u00e0 Omegle. Parmi elles, TinyChat se distingue comme l'une des meilleures, offrant un espace plus riche, plus interactif et plus s\u00fbr pour de vraies conversations. Voici pourquoi.<\/p>\n<h2>Pourquoi chercher une alternative au Omegle ?<\/h2>\n<p>Omegle a innov\u00e9, mais il n'est pas exempt de d\u00e9fauts. Voici pourquoi tant d'utilisateurs sont aujourd'hui \u00e0 la recherche de la meilleure alternative \u00e0 Omegle :<\/p>\n<ul>\n<li>Manque de mod\u00e9ration : Omegle est devenu tristement c\u00e9l\u00e8bre pour ses bots, son spam et son contenu inappropri\u00e9.<\/li>\n<li>Pas de v\u00e9ritable communaut\u00e9 : La plupart des conversations sont \u00e9ph\u00e9m\u00e8res, avec peu d'occasions de se connecter au-del\u00e0 de l'instant pr\u00e9sent.<\/li>\n<li>Fonctionnalit\u00e9s limit\u00e9es : Pas de salons de discussion de groupe, mauvaise prise en charge des mobiles et tr\u00e8s peu d'options de personnalisation.<\/li>\n<li>Probl\u00e8mes de s\u00e9curit\u00e9 : En l'absence de contr\u00f4les robustes des utilisateurs et d'outils de signalement, de nombreux utilisateurs (en particulier les femmes et les jeunes) ne se sentent pas en s\u00e9curit\u00e9.<\/li>\n<li>Pas de chats \u00e0 th\u00e8me : Il est difficile de trouver des personnes qui partagent vos centres d'int\u00e9r\u00eat ou qui veulent parler d'un sujet sp\u00e9cifique.<\/li>\n<\/ul>\n<p>C'est pourquoi les plateformes telles que TinyChat ont gagn\u00e9 en popularit\u00e9, offrant tout ce qui manque \u00e0 Omegle, et bien plus encore.<\/p>\n<h2>Qu'est-ce qui fait une bonne alternative \u00e0 Omegle ?<\/h2>\n<p>Toutes les plateformes de chat vid\u00e9o al\u00e9atoire ne sont pas \u00e9gales. Les meilleures alternatives \u00e0 Omegle offrent :<\/p>\n<ul>\n<li>Des outils de mod\u00e9ration et de reporting plus performants<\/li>\n<li>Plusieurs formats de chat : texte, voix et vid\u00e9o, en priv\u00e9 ou en groupe<\/li>\n<li>Salles et communaut\u00e9s th\u00e9matiques<\/li>\n<li>Applications mobiles et support multiplateforme<\/li>\n<li>Personnalisation et contr\u00f4le par l'utilisateur<\/li>\n<li>Une base d'utilisateurs accueillante et active<\/li>\n<\/ul>\n<p>Le TinyChat r\u00e9pond \u00e0 toutes ces exigences et va encore plus loin.<\/p>\n<h2>TinyChat : La meilleure alternative \u00e0 Omegle pour de vraies conversations<\/h2>\n<p>TinyChat est un pilier du chat en ligne depuis des ann\u00e9es, mais il s'est r\u00e9cemment r\u00e9imagin\u00e9 comme une alternative de premier plan \u00e0 Omegle, alliant la spontan\u00e9it\u00e9 du chat al\u00e9atoire \u00e0 la profondeur et \u00e0 la s\u00e9curit\u00e9 d'une v\u00e9ritable communaut\u00e9 en ligne.<\/p>\n<h3>Qu'est-ce qui distingue TinyChat ?<\/h3>\n<h4>1. Salles de chat vid\u00e9o priv\u00e9es et de groupe<\/h4>\n<p>Contrairement \u00e0 l'appariement al\u00e9atoire en t\u00eate-\u00e0-t\u00eate de Omegle, TinyChat vous permet de rejoindre des salons de chat vid\u00e9o publics ou priv\u00e9s en fonction de sujets, de centres d'int\u00e9r\u00eat ou m\u00eame de la g\u00e9ographie. Vous voulez parler de musique, de jeux, de rencontres, de sant\u00e9 mentale ou simplement vous d\u00e9tendre avec de nouveaux amis ? Il y a une salle pour cela.<\/p>\n<h4>2. Une exp\u00e9rience plus s\u00fbre et mod\u00e9r\u00e9e<\/h4>\n<p>TinyChat utilise une mod\u00e9ration active et des outils de signalement des utilisateurs pour assurer la convivialit\u00e9 et la s\u00e9curit\u00e9. Vous avez beaucoup moins de chances de tomber sur des bots, des trolls ou des contenus explicites que sur Omegle.<\/p>\n<h4>3. Texte, voix et vid\u00e9o - au choix<\/h4>\n<p>Que vous soyez pr\u00eat \u00e0 utiliser une cam\u00e9ra ou que vous souhaitiez simplement discuter en texte ou en audio, le TinyChat offre les trois options. Vous contr\u00f4lez la fa\u00e7on dont vous vous connectez et vous pouvez rejoindre des salles au format que vous pr\u00e9f\u00e9rez.<\/p>\n<h4>4. Aucune inscription n'est n\u00e9cessaire pour commencer<\/h4>\n<p>Vous pouvez acc\u00e9der directement \u00e0 un salon de discussion en tant qu'invit\u00e9 ou vous inscrire pour b\u00e9n\u00e9ficier de fonctionnalit\u00e9s suppl\u00e9mentaires et cr\u00e9er vos propres salons.<\/p>\n<h4>5. L'esprit communautaire<\/h4>\n<p>TinyChat n'est pas seulement un lieu de discussion \u00e9ph\u00e9m\u00e8re. De nombreux utilisateurs s'y font de vrais amis, forment des groupes d'int\u00e9r\u00eat et organisent m\u00eame des \u00e9v\u00e9nements. C'est une communaut\u00e9 vivante, qui respire, ce que Omegle ne peut tout simplement pas offrir.<\/p>\n<h4>6. Support multiplateforme<\/h4>\n<p>TinyChat est disponible sur le web, iOS et Android - vous pouvez donc vous connecter en d\u00e9placement, \u00e0 partir de n'importe quel appareil.<\/p>\n<h2>Comment le TinyChat se compare-t-il aux autres produits de remplacement du Omegle ?<\/h2>\n<table>\n<thead>\n<tr>\n<th>Fonctionnalit\u00e9<\/th>\n<th>TinyChat<\/th>\n<th>Omegle<\/th>\n<th>Chatroulette<\/th>\n<th>Chatspin<\/th>\n<th>Camsurf<\/th>\n<\/tr>\n<\/thead>\n<tbody>\n<tr>\n<td>Salles de chat vid\u00e9o de groupe<\/td>\n<td>\u2705<\/td>\n<td>\u274c<\/td>\n<td>\u274c<\/td>\n<td>\u274c<\/td>\n<td>\u274c<\/td>\n<\/tr>\n<tr>\n<td>Salons de discussion th\u00e9matiques<\/td>\n<td>\u2705<\/td>\n<td>\u274c<\/td>\n<td>\u274c<\/td>\n<td>\u2705<\/td>\n<td>\u274c<\/td>\n<\/tr>\n<tr>\n<td>Chat textuel, vocal et vid\u00e9o<\/td>\n<td>\u2705<\/td>\n<td>\u2705<\/td>\n<td>\u2705<\/td>\n<td>\u2705<\/td>\n<td>\u2705<\/td>\n<\/tr>\n<tr>\n<td>Forte mod\u00e9ration<\/td>\n<td>\u2705<\/td>\n<td>\u274c<\/td>\n<td>\u2705<\/td>\n<td>\u2705<\/td>\n<td>\u2705<\/td>\n<\/tr>\n<tr>\n<td>Applications mobiles<\/td>\n<td>\u2705<\/td>\n<td>\u274c<\/td>\n<td>\u2705<\/td>\n<td>\u2705<\/td>\n<td>\u2705<\/td>\n<\/tr>\n<tr>\n<td>Communaut\u00e9 et \u00e9v\u00e9nements<\/td>\n<td>\u2705<\/td>\n<td>\u274c<\/td>\n<td>\u274c<\/td>\n<td>\u274c<\/td>\n<td>\u274c<\/td>\n<\/tr>\n<tr>\n<td>Aucune inscription n'est requise<\/td>\n<td>\u2705<\/td>\n<td>\u2705<\/td>\n<td>\u2705<\/td>\n<td>\u2705<\/td>\n<td>\u2705<\/td>\n<\/tr>\n<\/tbody>\n<\/table>\n<p>Comme vous pouvez le constater, TinyChat offre une exp\u00e9rience plus riche, plus personnalisable et plus s\u00fbre que la plupart des autres solutions Omegle.<\/p>\n<h2>Pourquoi les utilisateurs aiment le TinyChat comme alternative au Omegle<\/h2>\n<ul>\n<li>Plus de contr\u00f4le sur vos interlocuteurs : Choisissez une salle, rejoignez un groupe ou cr\u00e9ez le v\u00f4tre - fini la roulette du \"prochain\".<\/li>\n<li>Rencontrez des personnes qui partagent vos centres d'int\u00e9r\u00eat : De la musique aux jeux en passant par les rencontres et la sant\u00e9 mentale, trouvez votre public.<\/li>\n<li>Restez anonyme ou cr\u00e9ez un profil : Le choix vous appartient ; la vie priv\u00e9e est toujours respect\u00e9e.<\/li>\n<li>Participez \u00e0 votre rythme : Observez d'abord, discutez par texte ou passez directement \u00e0 la vid\u00e9o. TinyChat s'adapte \u00e0 votre niveau de confort.<\/li>\n<li>Communaut\u00e9 active et amicale : TinyChat attire des personnes qui veulent r\u00e9ellement discuter, et pas seulement r\u00f4der ou troller.<\/li>\n<\/ul>\n<h2>Conseils pour tirer le meilleur parti de TinyChat<\/h2>\n<ul>\n<li>Explorez diff\u00e9rentes salles : Essayez les salles publiques, priv\u00e9es et \u00e0 th\u00e8me jusqu'\u00e0 ce que vous trouviez vos espaces pr\u00e9f\u00e9r\u00e9s.<\/li>\n<li>Ne soyez pas timide : De nombreux utilisateurs commencent en tant qu'observateurs - participez lorsque vous vous sentez \u00e0 l'aise.<\/li>\n<li>Respecter les autres : Traitez tout le monde avec gentillesse et signalez tout mauvais comportement.<\/li>\n<li>Utilisez la vid\u00e9o lorsque vous \u00eates pr\u00eat : Le chat vid\u00e9o est un excellent moyen de nouer des liens r\u00e9els, mais il est toujours facultatif.<\/li>\n<li>Essayez d'organiser votre propre salon : R\u00e9unissez des amis ou des inconnus pour discuter de sujets qui vous passionnent.<\/li>\n<\/ul>\n<h2>Rester en s\u00e9curit\u00e9 sur TinyChat et d'autres alternatives \u00e0 Omegle<\/h2>\n<p>La plupart des gens sont en ligne pour s'amuser, se connecter et discuter, mais il est important de le faire :<\/p>\n<ul>\n<li>Ne communiquez jamais d'informations personnelles (nom complet, adresse, coordonn\u00e9es) \u00e0 des inconnus.<\/li>\n<li>Utilisez un surnom unique ou un mode invit\u00e9 jusqu'\u00e0 ce que vous vous sentiez \u00e0 l'aise.<\/li>\n<li>Quittez toute pi\u00e8ce ou discussion qui vous met mal \u00e0 l'aise.<\/li>\n<li>Signalez les mauvais comportements - les mod\u00e9rateurs actifs sont l\u00e0 pour vous aider.<\/li>\n<li>Pour les adolescents et les jeunes utilisateurs : restez dans des salles adapt\u00e9es \u00e0 leur \u00e2ge et lisez toutes les consignes de s\u00e9curit\u00e9.<\/li>\n<\/ul>\n<h2>Gratuit ou payant : Faut-il d\u00e9penser de l'argent ?<\/h2>\n<p>Les principales fonctionnalit\u00e9s de TinyChat - rejoindre des salons, chatter, vid\u00e9o et audio - sont gratuites. Il existe des mises \u00e0 niveau payantes pour des avantages suppl\u00e9mentaires (comme des cadeaux virtuels ou la personnalisation du profil), mais vous n'en avez pas besoin pour profiter de l'exp\u00e9rience principale. C'est une v\u00e9ritable alternative gratuite \u00e0 Omegle.<\/p>\n<h2>Quand essayer une alternative au Omegle comme le TinyChat<\/h2>\n<ul>\n<li>Quand vous voulez plus qu'une simple discussion en t\u00eate-\u00e0-t\u00eate<\/li>\n<li>Si vous accordez de l'importance \u00e0 la s\u00e9curit\u00e9, \u00e0 la mod\u00e9ration et \u00e0 la communaut\u00e9<\/li>\n<li>Pour les chats bas\u00e9s sur les int\u00e9r\u00eats, les \u00e9v\u00e9nements ou les conversations de groupe<\/li>\n<li>Lorsque vous vous ennuyez, que vous vous sentez seul ou que vous souhaitez rencontrer de nouvelles personnes<\/li>\n<li>Faire l'exp\u00e9rience d'une nouvelle ambiance et d'une communaut\u00e9 en ligne plus positive<\/li>\n<\/ul>\n<p>Si vous cherchez une alternative \u00e0 Omegle qui soit plus s\u00fbre, plus amusante et vraiment interactive, TinyChat est votre meilleur choix. Avec ses salons de discussion anim\u00e9s, sa mod\u00e9ration active et ses options de discussion flexibles, c'est l'endroit id\u00e9al pour rencontrer des inconnus, se faire des amis et explorer de nouvelles communaut\u00e9s, tout en gardant le contr\u00f4le de votre exp\u00e9rience.<\/p>\n<p>Pr\u00eat \u00e0 am\u00e9liorer votre jeu de chat en ligne ? Rejoignez un salon TinyChat d\u00e8s aujourd'hui et d\u00e9couvrez le moyen le plus gratifiant de vous connecter avec de nouvelles personnes en ligne !<\/p>","protected":false},"excerpt":{"rendered":"<p>For years, Omegle was the go-to platform for anyone looking to connect instantly with strangers via text or video. Its simplicity and spontaneity changed the way millions of people made new friends online. But as the world of random video chat has evolved, so have user expectations\u2014and now, many people are searching for a safer, [&hellip;]<\/p>\n","protected":false},"author":8,"featured_media":0,"parent":0,"menu_order":0,"comment_status":"closed","ping_status":"closed","template":"","meta":{"footnotes":""},"class_list":["post-12021","page","type-page","status-publish","hentry"],"yoast_head":"<!-- This site is optimized with the Yoast SEO plugin v27.5 - https:\/\/yoast.com\/product\/yoast-seo-wordpress\/ -->\n<title>Omegle Alternative with Video Chat on TinyChat.com<\/title>\n<meta name=\"description\" content=\"Enjoying Omegle Alternative? Join over 50,000,000 strangers on TinyChat! Turn on your cam and start meeting new people, or find a match.\" \/>\n<meta name=\"robots\" content=\"index, follow, max-snippet:-1, max-image-preview:large, max-video-preview:-1\" \/>\n<link rel=\"canonical\" href=\"https:\/\/tinychat.com\/fr\/omegle-alternative\/\" \/>\n<meta property=\"og:locale\" content=\"fr_FR\" \/>\n<meta property=\"og:type\" content=\"article\" \/>\n<meta property=\"og:title\" content=\"Omegle Alternative with Video Chat on TinyChat.com\" \/>\n<meta property=\"og:description\" content=\"Enjoying Omegle Alternative? Join over 50,000,000 strangers on TinyChat! Turn on your cam and start meeting new people, or find a match.\" \/>\n<meta property=\"og:url\" content=\"https:\/\/tinychat.com\/fr\/omegle-alternative\/\" \/>\n<meta property=\"og:site_name\" content=\"TinyChat\" \/>\n<meta property=\"article:publisher\" content=\"https:\/\/www.facebook.com\/tinychat\" \/>\n<meta property=\"article:modified_time\" content=\"2025-08-07T08:56:26+00:00\" \/>\n<meta property=\"og:image\" content=\"https:\/\/tinychat.com\/wp-content\/uploads\/2020\/04\/Tinychat-logo-1280x284-new-black.png\" \/>\n\t<meta property=\"og:image:width\" content=\"1280\" \/>\n\t<meta property=\"og:image:height\" content=\"284\" \/>\n\t<meta property=\"og:image:type\" content=\"image\/png\" \/>\n<meta name=\"twitter:card\" content=\"summary_large_image\" \/>\n<meta name=\"twitter:site\" content=\"@tinychat\" \/>\n<meta name=\"twitter:label1\" content=\"Dur\u00e9e de lecture estim\u00e9e\" \/>\n\t<meta name=\"twitter:data1\" content=\"5 minutes\" \/>\n<script type=\"application\/ld+json\" class=\"yoast-schema-graph\">{\"@context\":\"https:\\\/\\\/schema.org\",\"@graph\":[{\"@type\":\"WebPage\",\"@id\":\"https:\\\/\\\/tinychat.com\\\/omegle-alternative\\\/\",\"url\":\"https:\\\/\\\/tinychat.com\\\/omegle-alternative\\\/\",\"name\":\"Omegle Alternative with Video Chat on TinyChat.com\",\"isPartOf\":{\"@id\":\"https:\\\/\\\/tinychat.com\\\/#website\"},\"datePublished\":\"2025-08-07T08:51:13+00:00\",\"dateModified\":\"2025-08-07T08:56:26+00:00\",\"description\":\"Enjoying Omegle Alternative? Join over 50,000,000 strangers on TinyChat! Turn on your cam and start meeting new people, or find a match.\",\"breadcrumb\":{\"@id\":\"https:\\\/\\\/tinychat.com\\\/omegle-alternative\\\/#breadcrumb\"},\"inLanguage\":\"fr-FR\",\"potentialAction\":[{\"@type\":\"ReadAction\",\"target\":[\"https:\\\/\\\/tinychat.com\\\/omegle-alternative\\\/\"]}]},{\"@type\":\"BreadcrumbList\",\"@id\":\"https:\\\/\\\/tinychat.com\\\/omegle-alternative\\\/#breadcrumb\",\"itemListElement\":[{\"@type\":\"ListItem\",\"position\":1,\"name\":\"Home\",\"item\":\"https:\\\/\\\/tinychat.com\\\/\"},{\"@type\":\"ListItem\",\"position\":2,\"name\":\"Omegle Alternative\"}]},{\"@type\":\"WebSite\",\"@id\":\"https:\\\/\\\/tinychat.com\\\/#website\",\"url\":\"https:\\\/\\\/tinychat.com\\\/\",\"name\":\"TinyChat\",\"description\":\"Random Video Chat with Strangers\",\"publisher\":{\"@id\":\"https:\\\/\\\/tinychat.com\\\/#organization\"},\"alternateName\":\"TinyChat.com\",\"potentialAction\":[{\"@type\":\"SearchAction\",\"target\":{\"@type\":\"EntryPoint\",\"urlTemplate\":\"https:\\\/\\\/tinychat.com\\\/?s={search_term_string}\"},\"query-input\":{\"@type\":\"PropertyValueSpecification\",\"valueRequired\":true,\"valueName\":\"search_term_string\"}}],\"inLanguage\":\"fr-FR\"},{\"@type\":\"Organization\",\"@id\":\"https:\\\/\\\/tinychat.com\\\/#organization\",\"name\":\"TinyChat\",\"alternateName\":\"TinyChat.com\",\"url\":\"https:\\\/\\\/tinychat.com\\\/\",\"logo\":{\"@type\":\"ImageObject\",\"inLanguage\":\"fr-FR\",\"@id\":\"https:\\\/\\\/tinychat.com\\\/#\\\/schema\\\/logo\\\/image\\\/\",\"url\":\"https:\\\/\\\/tinychat.com\\\/wp-content\\\/uploads\\\/2023\\\/11\\\/Tinychat-icon-square.png\",\"contentUrl\":\"https:\\\/\\\/tinychat.com\\\/wp-content\\\/uploads\\\/2023\\\/11\\\/Tinychat-icon-square.png\",\"width\":284,\"height\":284,\"caption\":\"TinyChat\"},\"image\":{\"@id\":\"https:\\\/\\\/tinychat.com\\\/#\\\/schema\\\/logo\\\/image\\\/\"},\"sameAs\":[\"https:\\\/\\\/www.facebook.com\\\/tinychat\",\"https:\\\/\\\/x.com\\\/tinychat\"]}]}<\/script>\n<!-- \/ Yoast SEO plugin. -->","yoast_head_json":{"title":"Omegle Alternative avec chat vid\u00e9o sur TinyChat.com","description":"Vous appr\u00e9ciez Omegle Alternative ? Rejoignez plus de 50 000 000 d'inconnus sur TinyChat ! Allumez votre cam\u00e9ra et commencez \u00e0 rencontrer de nouvelles personnes, ou trouvez un partenaire.","robots":{"index":"index","follow":"follow","max-snippet":"max-snippet:-1","max-image-preview":"max-image-preview:large","max-video-preview":"max-video-preview:-1"},"canonical":"https:\/\/tinychat.com\/fr\/omegle-alternative\/","og_locale":"fr_FR","og_type":"article","og_title":"Omegle Alternative with Video Chat on TinyChat.com","og_description":"Enjoying Omegle Alternative? Join over 50,000,000 strangers on TinyChat! Turn on your cam and start meeting new people, or find a match.","og_url":"https:\/\/tinychat.com\/fr\/omegle-alternative\/","og_site_name":"TinyChat","article_publisher":"https:\/\/www.facebook.com\/tinychat","article_modified_time":"2025-08-07T08:56:26+00:00","og_image":[{"width":1280,"height":284,"url":"https:\/\/tinychat.com\/wp-content\/uploads\/2020\/04\/Tinychat-logo-1280x284-new-black.png","type":"image\/png"}],"twitter_card":"summary_large_image","twitter_site":"@tinychat","twitter_misc":{"Dur\u00e9e de lecture estim\u00e9e":"5 minutes"},"schema":{"@context":"https:\/\/schema.org","@graph":[{"@type":"WebPage","@id":"https:\/\/tinychat.com\/omegle-alternative\/","url":"https:\/\/tinychat.com\/omegle-alternative\/","name":"Omegle Alternative avec chat vid\u00e9o sur TinyChat.com","isPartOf":{"@id":"https:\/\/tinychat.com\/#website"},"datePublished":"2025-08-07T08:51:13+00:00","dateModified":"2025-08-07T08:56:26+00:00","description":"Vous appr\u00e9ciez Omegle Alternative ? Rejoignez plus de 50 000 000 d'inconnus sur TinyChat ! Allumez votre cam\u00e9ra et commencez \u00e0 rencontrer de nouvelles personnes, ou trouvez un partenaire.","breadcrumb":{"@id":"https:\/\/tinychat.com\/omegle-alternative\/#breadcrumb"},"inLanguage":"fr-FR","potentialAction":[{"@type":"ReadAction","target":["https:\/\/tinychat.com\/omegle-alternative\/"]}]},{"@type":"BreadcrumbList","@id":"https:\/\/tinychat.com\/omegle-alternative\/#breadcrumb","itemListElement":[{"@type":"ListItem","position":1,"name":"Home","item":"https:\/\/tinychat.com\/"},{"@type":"ListItem","position":2,"name":"Omegle Alternative"}]},{"@type":"WebSite","@id":"https:\/\/tinychat.com\/#website","url":"https:\/\/tinychat.com\/","name":"TinyChat","description":"Chat vid\u00e9o al\u00e9atoire avec des inconnus","publisher":{"@id":"https:\/\/tinychat.com\/#organization"},"alternateName":"TinyChat.com","potentialAction":[{"@type":"SearchAction","target":{"@type":"EntryPoint","urlTemplate":"https:\/\/tinychat.com\/?s={search_term_string}"},"query-input":{"@type":"PropertyValueSpecification","valueRequired":true,"valueName":"search_term_string"}}],"inLanguage":"fr-FR"},{"@type":"Organization","@id":"https:\/\/tinychat.com\/#organization","name":"TinyChat","alternateName":"TinyChat.com","url":"https:\/\/tinychat.com\/","logo":{"@type":"ImageObject","inLanguage":"fr-FR","@id":"https:\/\/tinychat.com\/#\/schema\/logo\/image\/","url":"https:\/\/tinychat.com\/wp-content\/uploads\/2023\/11\/Tinychat-icon-square.png","contentUrl":"https:\/\/tinychat.com\/wp-content\/uploads\/2023\/11\/Tinychat-icon-square.png","width":284,"height":284,"caption":"TinyChat"},"image":{"@id":"https:\/\/tinychat.com\/#\/schema\/logo\/image\/"},"sameAs":["https:\/\/www.facebook.com\/tinychat","https:\/\/x.com\/tinychat"]}]}},"_links":{"self":[{"href":"https:\/\/tinychat.com\/fr\/wp-json\/wp\/v2\/pages\/12021","targetHints":{"allow":["GET"]}}],"collection":[{"href":"https:\/\/tinychat.com\/fr\/wp-json\/wp\/v2\/pages"}],"about":[{"href":"https:\/\/tinychat.com\/fr\/wp-json\/wp\/v2\/types\/page"}],"author":[{"embeddable":true,"href":"https:\/\/tinychat.com\/fr\/wp-json\/wp\/v2\/users\/8"}],"replies":[{"embeddable":true,"href":"https:\/\/tinychat.com\/fr\/wp-json\/wp\/v2\/comments?post=12021"}],"version-history":[{"count":2,"href":"https:\/\/tinychat.com\/fr\/wp-json\/wp\/v2\/pages\/12021\/revisions"}],"predecessor-version":[{"id":13417,"href":"https:\/\/tinychat.com\/fr\/wp-json\/wp\/v2\/pages\/12021\/revisions\/13417"}],"wp:attachment":[{"href":"https:\/\/tinychat.com\/fr\/wp-json\/wp\/v2\/media?parent=12021"}],"curies":[{"name":"wp","href":"https:\/\/api.w.org\/{rel}","templated":true}]}}