{"id":12071,"date":"2025-08-11T08:47:15","date_gmt":"2025-08-11T06:47:15","guid":{"rendered":"https:\/\/tinychat.com\/?page_id=12071"},"modified":"2025-08-11T09:25:19","modified_gmt":"2025-08-11T07:25:19","slug":"callmechat","status":"publish","type":"page","link":"https:\/\/tinychat.com\/fr\/callmechat\/","title":{"rendered":"Callmechat"},"content":{"rendered":"<p>Dans le paysage num\u00e9rique d'aujourd'hui, o\u00f9 les flux de m\u00e9dias sociaux sont de plus en plus souvent r\u00e9dig\u00e9s et pr\u00e9visibles, Callmechat offre une alternative rafra\u00eechissante. Au lieu de parcourir des profils soign\u00e9s ou de suivre des algorithmes de contenu, Callmechat se concentre sur la connexion humaine directe et en temps r\u00e9el, vous mettant face \u00e0 face avec des inconnus du monde entier en quelques secondes.<\/p>\n<p>Que vous soyez \u00e0 la recherche d'une conversation d\u00e9contract\u00e9e, d'une langue \u00e9trang\u00e8re, d'une nouvelle culture ou m\u00eame d'une \u00e9tincelle romantique, Callmechat vous permet de rencontrer facilement des gens en ligne de mani\u00e8re authentique et sans filtre.<\/p>\n<p>Ce guide approfondi explique ce qu'est Callmechat, ses caract\u00e9ristiques, ses outils de s\u00e9curit\u00e9, comment l'utiliser et comment il se compare \u00e0 d'autres plateformes de chat vid\u00e9o al\u00e9atoire.<\/p>\n<h2>Qu'est-ce que Callmechat ?<\/h2>\n<p>Callmechat est une plateforme de chat vid\u00e9o al\u00e9atoire qui connecte instantan\u00e9ment les utilisateurs par le biais de la vid\u00e9o en direct, de l'audio et de la messagerie texte optionnelle. Tout comme Omegle, Chatroulette ou ChatHub, elle est con\u00e7ue pour les interactions spontan\u00e9es, sauf qu'elle utilise une technologie de diffusion moderne, une interface plus claire et des mesures de s\u00e9curit\u00e9 suppl\u00e9mentaires pour cr\u00e9er une meilleure exp\u00e9rience globale.<\/p>\n<p>Vous pouvez participer \u00e0 des conversations d'un simple clic ou d'un tapotement, sans avoir \u00e0 vous inscrire longuement ou \u00e0 effectuer des r\u00e9glages compliqu\u00e9s. Cette simplicit\u00e9 a permis \u00e0 Callmechat de s\u00e9duire un large \u00e9ventail d'utilisateurs, qu'il s'agisse de nouveaux venus ou d'habitu\u00e9s qui se connectent tous les jours pour voir qui ils vont rencontrer.<\/p>\n<h2>Caract\u00e9ristiques principales de Callmechat<\/h2>\n<p>Callmechat a \u00e9t\u00e9 con\u00e7u pour offrir un \u00e9quilibre entre plaisir, s\u00e9curit\u00e9 et facilit\u00e9 d'utilisation, ce qui en fait un choix solide pour toute personne int\u00e9ress\u00e9e par le chat vid\u00e9o al\u00e9atoire.<\/p>\n<h3>1. Correspondance al\u00e9atoire instantan\u00e9e<\/h3>\n<ul>\n<li>Connectez-vous en quelques secondes avec des inconnus du monde entier.<\/li>\n<li>Pas de file d'attente, pas d'attente - il suffit d'appuyer sur le bouton et de commencer \u00e0 discuter.<\/li>\n<li>Passez imm\u00e9diatement \u00e0 la personne suivante si l'ambiance n'est pas bonne.<\/li>\n<\/ul>\n<h3>2. Filtres de localisation et de sexe<\/h3>\n<ul>\n<li>Choisissez des r\u00e9gions sp\u00e9cifiques pour cibler vos matchs.<\/li>\n<li>Filtrez par sexe pour une exp\u00e9rience plus personnalis\u00e9e.<\/li>\n<li>Facultatif : laissez les filtres d\u00e9sactiv\u00e9s pour un caract\u00e8re totalement al\u00e9atoire.<\/li>\n<\/ul>\n<h3>3. Chat textuel int\u00e9gr\u00e9<\/h3>\n<ul>\n<li>Discutez par texte en m\u00eame temps que votre flux vid\u00e9o.<\/li>\n<li>Parfait pour partager des notes rapides, des traductions ou des liens.<\/li>\n<\/ul>\n<h3>4. Option \"Ami et reconnexion<\/h3>\n<ul>\n<li>Ajoutez des personnes avec lesquelles vous avez aim\u00e9 parler afin de pouvoir vous reconnecter.<\/li>\n<li>Il n'est pas n\u00e9cessaire de s'en remettre au hasard pour une deuxi\u00e8me rencontre.<\/li>\n<\/ul>\n<h3>5. Effets visuels amusants<\/h3>\n<ul>\n<li>Utilisez des masques, des autocollants et des filtres AR pour briser la glace.<\/li>\n<li>Ajoutez de l'humour ou du style \u00e0 vos conversations.<\/li>\n<\/ul>\n<h3>6. Outils de s\u00e9curit\u00e9 et de protection de la vie priv\u00e9e<\/h3>\n<ul>\n<li>Le mode de pr\u00e9visualisation du flou vous permet de voir une silhouette avant d'afficher la vid\u00e9o compl\u00e8te.<\/li>\n<li>Des boutons de rapport rapide et de blocage sont disponibles \u00e0 tout moment.<\/li>\n<li>Une \u00e9quipe de mod\u00e9ration active pour g\u00e9rer les comportements inappropri\u00e9s.<\/li>\n<\/ul>\n<h3>7. Accessibilit\u00e9 multiplateforme<\/h3>\n<ul>\n<li>Fonctionne sans probl\u00e8me sur les navigateurs de bureau et les appareils mobiles.<\/li>\n<li>Interface adapt\u00e9e \u00e0 toutes les tailles d'\u00e9cran.<\/li>\n<\/ul>\n<h2>Comment utiliser Callmechat<\/h2>\n<p>L'un des points forts du Callmechat est sa facilit\u00e9 d'utilisation pour les d\u00e9butants.<\/p>\n<h3>\u00c9tape 1 : Acc\u00e9der \u00e0 la plate-forme<\/h3>\n<ul>\n<li>Visitez le site officiel de Callmechat sur votre ordinateur ou votre t\u00e9l\u00e9phone portable.<\/li>\n<li>Certaines r\u00e9gions ont \u00e9galement acc\u00e8s \u00e0 des applications via les magasins d'applications.<\/li>\n<\/ul>\n<h3>\u00c9tape 2 : Ajustez vos param\u00e8tres<\/h3>\n<ul>\n<li>S\u00e9lectionnez le lieu de votre choix ou laissez-le global.<\/li>\n<li>Choisissez un filtre de genre si vous le souhaitez.<\/li>\n<li>Activez la pr\u00e9visualisation du flou pour plus de s\u00e9curit\u00e9.<\/li>\n<\/ul>\n<h3>\u00c9tape 3 : Commencer \u00e0 chatter<\/h3>\n<ul>\n<li>Cliquez sur D\u00e9marrer et obtenez une correspondance instantan\u00e9e.<\/li>\n<li>Utilisez la touche \"Suivant\" pour passer \u00e0 un nouveau match \u00e0 tout moment.<\/li>\n<\/ul>\n<h3>\u00c9tape 4 : Ajouter des amis ou continuer \u00e0 naviguer<\/h3>\n<ul>\n<li>Enregistrez des personnes int\u00e9ressantes dans votre liste d'amis.<\/li>\n<li>Continuez \u00e0 discuter avec de nouvelles personnes aussi longtemps que vous le souhaitez.<\/li>\n<\/ul>\n<h2>Exp\u00e9rience utilisateur sur Callmechat<\/h2>\n<p>L'interface fluide et la faible barri\u00e8re d'entr\u00e9e du Callmechat lui ont permis de gagner une base d'utilisateurs fid\u00e8les.<\/p>\n<h3>Ce que les utilisateurs aiment<\/h3>\n<ul>\n<li>Installation rapide - pas d'inscription obligatoire.<\/li>\n<li>Qualit\u00e9 vid\u00e9o stable avec un d\u00e9calage minimal.<\/li>\n<li>Filtres personnalisables pour des correspondances plus pertinentes.<\/li>\n<li>Options de s\u00e9curit\u00e9 telles que la pr\u00e9visualisation du flou.<\/li>\n<li>Une interface simple qui fonctionne sur tous les appareils.<\/li>\n<\/ul>\n<h3>Inconv\u00e9nients courants<\/h3>\n<ul>\n<li>Certains filtres peuvent n\u00e9cessiter un acc\u00e8s premium.<\/li>\n<li>Base d'utilisateurs plus r\u00e9duite dans certains fuseaux horaires.<\/li>\n<li>Absence de traduction int\u00e9gr\u00e9e pour les chats multilingues.<\/li>\n<li>La disponibilit\u00e9 de l'application peut varier selon les pays.<\/li>\n<\/ul>\n<h2>Callmechat vs. autres plateformes de chat vid\u00e9o al\u00e9atoire<\/h2>\n<table>\n<thead>\n<tr>\n<th>Fonctionnalit\u00e9<\/th>\n<th>Callmechat<\/th>\n<th>OmegleWeb<\/th>\n<th>ChatHub<\/th>\n<th>Camloo<\/th>\n<th>LuckyCrush<\/th>\n<th>Azar<\/th>\n<\/tr>\n<\/thead>\n<tbody>\n<tr>\n<td>Random Video Chat avec des Inconnus<\/td>\n<td>\u2705 Oui<\/td>\n<td>\u2705 Oui<\/td>\n<td>\u2705 Oui<\/td>\n<td>\u2705 Oui<\/td>\n<td>\u2705 Oui<\/td>\n<td>\u2705 Oui<\/td>\n<\/tr>\n<tr>\n<td>Filtres de genre\/localisation<\/td>\n<td>\u2705 Oui<\/td>\n<td>\u26a0\ufe0f Limited<\/td>\n<td>\u2705 Oui<\/td>\n<td>\u2705 Oui<\/td>\n<td>\u2705 Oui<\/td>\n<td>\u2705 Oui<\/td>\n<\/tr>\n<tr>\n<td>Mode de pr\u00e9visualisation du flou<\/td>\n<td>\u2705 Oui<\/td>\n<td>\u274c Non<\/td>\n<td>\u2705 Oui<\/td>\n<td>\u2705 Oui<\/td>\n<td>\u274c Non<\/td>\n<td>\u2705 Oui<\/td>\n<\/tr>\n<tr>\n<td>Effets\/filtres amusants<\/td>\n<td>\u2705 Oui<\/td>\n<td>\u274c Non<\/td>\n<td>\u2705 Oui<\/td>\n<td>\u2705 Oui<\/td>\n<td>\u274c Non<\/td>\n<td>\u2705 Oui<\/td>\n<\/tr>\n<tr>\n<td>Syst\u00e8me des amis<\/td>\n<td>\u2705 Oui<\/td>\n<td>\u274c Non<\/td>\n<td>\u2705 Oui<\/td>\n<td>\u2705 Oui<\/td>\n<td>\u2705 Oui<\/td>\n<td>\u2705 Oui<\/td>\n<\/tr>\n<tr>\n<td>Traduction<\/td>\n<td>\u274c Non<\/td>\n<td>\u274c Non<\/td>\n<td>\u274c Non<\/td>\n<td>\u274c Non<\/td>\n<td>\u274c Non<\/td>\n<td>\u2705 Oui<\/td>\n<\/tr>\n<tr>\n<td>Multiplateforme<\/td>\n<td>\u2705 Oui<\/td>\n<td>\u2705 Oui<\/td>\n<td>\u2705 Oui<\/td>\n<td>\u2705 Oui<\/td>\n<td>\u2705 Oui<\/td>\n<td>\u2705 Oui<\/td>\n<\/tr>\n<\/tbody>\n<\/table>\n<p>R\u00e9sum\u00e9 : Callmechat offre un bon \u00e9quilibre entre les fonctionnalit\u00e9s, les outils de confidentialit\u00e9 et les performances, ce qui en fait un excellent choix pour les utilisateurs qui souhaitent des discussions al\u00e9atoires rapides et simples sans sacrifier la s\u00e9curit\u00e9.<\/p>\n<h2>Le Callmechat est-il s\u00fbr ?<\/h2>\n<p>Oui-Callmechat prend la s\u00e9curit\u00e9 des utilisateurs au s\u00e9rieux :<\/p>\n<ul>\n<li>La mod\u00e9ration bas\u00e9e sur l'IA filtre les contenus explicites.<\/li>\n<li>Les outils de blocage\/rapport sont toujours disponibles.<\/li>\n<li>Le mode flou permet de masquer votre vid\u00e9o jusqu'\u00e0 ce que vous l'approuviez.<\/li>\n<li>Vous pouvez chatter de mani\u00e8re anonyme, sans avoir \u00e0 r\u00e9v\u00e9ler d'informations personnelles.<\/li>\n<\/ul>\n<h3>Conseils de s\u00e9curit\u00e9<\/h3>\n<ul>\n<li>\u00c9vitez de communiquer votre localisation ou vos donn\u00e9es personnelles.<\/li>\n<li>Utilisez le mode flou pour les premi\u00e8res impressions.<\/li>\n<li>Signalez imm\u00e9diatement tout comportement inappropri\u00e9.<\/li>\n<li>Les parents doivent surveiller les jeunes utilisateurs.<\/li>\n<\/ul>\n<h2>Conseils pour tirer le meilleur parti de Callmechat<\/h2>\n<ul>\n<li>Utilisez le mode global pour \u00e9largir vos connexions culturelles.<\/li>\n<li>Activez les filtres lorsque vous souhaitez obtenir des r\u00e9sultats cibl\u00e9s.<\/li>\n<li>Connectez-vous pendant les heures de pointe pour augmenter l'activit\u00e9 des utilisateurs.<\/li>\n<li>Jouez avec les effets pour rendre les interactions plus amusantes.<\/li>\n<li>Gardez un bon \u00e9clairage pour une meilleure impression vid\u00e9o.<\/li>\n<li>Aidez la communaut\u00e9 en signalant les personnes qui ne respectent pas les r\u00e8gles.<\/li>\n<\/ul>\n<h2>Probl\u00e8mes et r\u00e9parations les plus courants concernant le Callmechat<\/h2>\n<h3>La cam\u00e9ra\/le micro ne fonctionne pas<\/h3>\n<p>Autoriser les permissions dans les param\u00e8tres de votre navigateur ou de votre application.<\/p>\n<h3>Mauvaise qualit\u00e9 vid\u00e9o<\/h3>\n<p>Utilisez une connexion Wi-Fi stable et fermez les applications en arri\u00e8re-plan.<\/p>\n<h3>Filtres non appliqu\u00e9s<\/h3>\n<p>Connectez-vous et assurez-vous que vous avez acc\u00e8s aux fonctions premium si n\u00e9cessaire.<\/p>\n<h3>Rencontre avec des utilisateurs offensants<\/h3>\n<p>Bloquez, signalez et passez imm\u00e9diatement au match suivant.<\/p>\n<p>Si vous souhaitez une exp\u00e9rience de chat vid\u00e9o al\u00e9atoire simple, s\u00fbre et attrayante, Callmechat r\u00e9pond \u00e0 vos attentes. Il n'est pas surcharg\u00e9 de gadgets, il se concentre sur la rapidit\u00e9 des correspondances, des outils de confidentialit\u00e9 d\u00e9cents et un design \u00e9pur\u00e9, ce qui est exactement ce que de nombreuses personnes recherchent sur ce type de plateforme.<\/p>\n<p>Bien qu'il ne dispose pas de toutes les fonctions avanc\u00e9es du march\u00e9, il offre suffisamment de fonctionnalit\u00e9s pour rendre votre temps agr\u00e9able et vos rencontres significatives. Que vous soyez ici pour une conversation rapide ou pour \u00e9tablir une nouvelle connexion, Callmechat est un ajout solide \u00e0 votre ligne de chat al\u00e9atoire.<\/p>\n<p>Pr\u00eat \u00e0 commencer ? Visitez le site Callmechat, appuyez sur \"start\" et voyez o\u00f9 vous m\u00e8nera votre prochaine conversation.<\/p>","protected":false},"excerpt":{"rendered":"<p>In today\u2019s digital landscape, where social media feeds are increasingly curated and predictable, Callmechat offers a refreshing alternative. Instead of browsing polished profiles or following content algorithms, Callmechat focuses on direct, real-time human connection\u2014putting you face-to-face with strangers from around the globe in a matter of seconds. Whether you\u2019re looking for casual conversation, practicing a [&hellip;]<\/p>\n","protected":false},"author":6,"featured_media":0,"parent":0,"menu_order":0,"comment_status":"closed","ping_status":"closed","template":"","meta":{"footnotes":""},"class_list":["post-12071","page","type-page","status-publish","hentry"],"yoast_head":"<!-- This site is optimized with the Yoast SEO plugin v27.5 - https:\/\/yoast.com\/product\/yoast-seo-wordpress\/ -->\n<title>Callmechat - Alternative to OmeTV &amp; Monkey App - TinyChat.com<\/title>\n<meta name=\"description\" content=\"Enjoying Callmechat? Join over 50,000,000 strangers on TinyChat! Turn on your cam and start meeting new people, or find a match.\" \/>\n<meta name=\"robots\" content=\"index, follow, max-snippet:-1, max-image-preview:large, max-video-preview:-1\" \/>\n<link rel=\"canonical\" href=\"https:\/\/tinychat.com\/fr\/callmechat\/\" \/>\n<meta property=\"og:locale\" content=\"fr_FR\" \/>\n<meta property=\"og:type\" content=\"article\" \/>\n<meta property=\"og:title\" content=\"Callmechat - Alternative to OmeTV &amp; Monkey App - TinyChat.com\" \/>\n<meta property=\"og:description\" content=\"Enjoying Callmechat? Join over 50,000,000 strangers on TinyChat! Turn on your cam and start meeting new people, or find a match.\" \/>\n<meta property=\"og:url\" content=\"https:\/\/tinychat.com\/fr\/callmechat\/\" \/>\n<meta property=\"og:site_name\" content=\"TinyChat\" \/>\n<meta property=\"article:publisher\" content=\"https:\/\/www.facebook.com\/tinychat\" \/>\n<meta property=\"article:modified_time\" content=\"2025-08-11T07:25:19+00:00\" \/>\n<meta property=\"og:image\" content=\"https:\/\/tinychat.com\/wp-content\/uploads\/2020\/04\/Tinychat-logo-1280x284-new-black.png\" \/>\n\t<meta property=\"og:image:width\" content=\"1280\" \/>\n\t<meta property=\"og:image:height\" content=\"284\" \/>\n\t<meta property=\"og:image:type\" content=\"image\/png\" \/>\n<meta name=\"twitter:card\" content=\"summary_large_image\" \/>\n<meta name=\"twitter:site\" content=\"@tinychat\" \/>\n<meta name=\"twitter:label1\" content=\"Dur\u00e9e de lecture estim\u00e9e\" \/>\n\t<meta name=\"twitter:data1\" content=\"5 minutes\" \/>\n<script type=\"application\/ld+json\" class=\"yoast-schema-graph\">{\"@context\":\"https:\\\/\\\/schema.org\",\"@graph\":[{\"@type\":\"WebPage\",\"@id\":\"https:\\\/\\\/tinychat.com\\\/callmechat\\\/\",\"url\":\"https:\\\/\\\/tinychat.com\\\/callmechat\\\/\",\"name\":\"Callmechat - Alternative to OmeTV & Monkey App - TinyChat.com\",\"isPartOf\":{\"@id\":\"https:\\\/\\\/tinychat.com\\\/#website\"},\"datePublished\":\"2025-08-11T06:47:15+00:00\",\"dateModified\":\"2025-08-11T07:25:19+00:00\",\"description\":\"Enjoying Callmechat? Join over 50,000,000 strangers on TinyChat! Turn on your cam and start meeting new people, or find a match.\",\"breadcrumb\":{\"@id\":\"https:\\\/\\\/tinychat.com\\\/callmechat\\\/#breadcrumb\"},\"inLanguage\":\"fr-FR\",\"potentialAction\":[{\"@type\":\"ReadAction\",\"target\":[\"https:\\\/\\\/tinychat.com\\\/callmechat\\\/\"]}]},{\"@type\":\"BreadcrumbList\",\"@id\":\"https:\\\/\\\/tinychat.com\\\/callmechat\\\/#breadcrumb\",\"itemListElement\":[{\"@type\":\"ListItem\",\"position\":1,\"name\":\"Home\",\"item\":\"https:\\\/\\\/tinychat.com\\\/\"},{\"@type\":\"ListItem\",\"position\":2,\"name\":\"Callmechat\"}]},{\"@type\":\"WebSite\",\"@id\":\"https:\\\/\\\/tinychat.com\\\/#website\",\"url\":\"https:\\\/\\\/tinychat.com\\\/\",\"name\":\"TinyChat\",\"description\":\"Random Video Chat with Strangers\",\"publisher\":{\"@id\":\"https:\\\/\\\/tinychat.com\\\/#organization\"},\"alternateName\":\"TinyChat.com\",\"potentialAction\":[{\"@type\":\"SearchAction\",\"target\":{\"@type\":\"EntryPoint\",\"urlTemplate\":\"https:\\\/\\\/tinychat.com\\\/?s={search_term_string}\"},\"query-input\":{\"@type\":\"PropertyValueSpecification\",\"valueRequired\":true,\"valueName\":\"search_term_string\"}}],\"inLanguage\":\"fr-FR\"},{\"@type\":\"Organization\",\"@id\":\"https:\\\/\\\/tinychat.com\\\/#organization\",\"name\":\"TinyChat\",\"alternateName\":\"TinyChat.com\",\"url\":\"https:\\\/\\\/tinychat.com\\\/\",\"logo\":{\"@type\":\"ImageObject\",\"inLanguage\":\"fr-FR\",\"@id\":\"https:\\\/\\\/tinychat.com\\\/#\\\/schema\\\/logo\\\/image\\\/\",\"url\":\"https:\\\/\\\/tinychat.com\\\/wp-content\\\/uploads\\\/2023\\\/11\\\/Tinychat-icon-square.png\",\"contentUrl\":\"https:\\\/\\\/tinychat.com\\\/wp-content\\\/uploads\\\/2023\\\/11\\\/Tinychat-icon-square.png\",\"width\":284,\"height\":284,\"caption\":\"TinyChat\"},\"image\":{\"@id\":\"https:\\\/\\\/tinychat.com\\\/#\\\/schema\\\/logo\\\/image\\\/\"},\"sameAs\":[\"https:\\\/\\\/www.facebook.com\\\/tinychat\",\"https:\\\/\\\/x.com\\\/tinychat\"]}]}<\/script>\n<!-- \/ Yoast SEO plugin. -->","yoast_head_json":{"title":"Callmechat - Alternative \u00e0 OmeTV &amp; Monkey App - TinyChat.com","description":"Vous avez appr\u00e9ci\u00e9 Callmechat ? Rejoignez plus de 50 000 000 d'inconnus sur TinyChat ! Allumez votre cam\u00e9ra et commencez \u00e0 rencontrer de nouvelles personnes, ou trouvez un partenaire.","robots":{"index":"index","follow":"follow","max-snippet":"max-snippet:-1","max-image-preview":"max-image-preview:large","max-video-preview":"max-video-preview:-1"},"canonical":"https:\/\/tinychat.com\/fr\/callmechat\/","og_locale":"fr_FR","og_type":"article","og_title":"Callmechat - Alternative to OmeTV & Monkey App - TinyChat.com","og_description":"Enjoying Callmechat? Join over 50,000,000 strangers on TinyChat! Turn on your cam and start meeting new people, or find a match.","og_url":"https:\/\/tinychat.com\/fr\/callmechat\/","og_site_name":"TinyChat","article_publisher":"https:\/\/www.facebook.com\/tinychat","article_modified_time":"2025-08-11T07:25:19+00:00","og_image":[{"width":1280,"height":284,"url":"https:\/\/tinychat.com\/wp-content\/uploads\/2020\/04\/Tinychat-logo-1280x284-new-black.png","type":"image\/png"}],"twitter_card":"summary_large_image","twitter_site":"@tinychat","twitter_misc":{"Dur\u00e9e de lecture estim\u00e9e":"5 minutes"},"schema":{"@context":"https:\/\/schema.org","@graph":[{"@type":"WebPage","@id":"https:\/\/tinychat.com\/callmechat\/","url":"https:\/\/tinychat.com\/callmechat\/","name":"Callmechat - Alternative \u00e0 OmeTV &amp; Monkey App - TinyChat.com","isPartOf":{"@id":"https:\/\/tinychat.com\/#website"},"datePublished":"2025-08-11T06:47:15+00:00","dateModified":"2025-08-11T07:25:19+00:00","description":"Vous avez appr\u00e9ci\u00e9 Callmechat ? Rejoignez plus de 50 000 000 d'inconnus sur TinyChat ! Allumez votre cam\u00e9ra et commencez \u00e0 rencontrer de nouvelles personnes, ou trouvez un partenaire.","breadcrumb":{"@id":"https:\/\/tinychat.com\/callmechat\/#breadcrumb"},"inLanguage":"fr-FR","potentialAction":[{"@type":"ReadAction","target":["https:\/\/tinychat.com\/callmechat\/"]}]},{"@type":"BreadcrumbList","@id":"https:\/\/tinychat.com\/callmechat\/#breadcrumb","itemListElement":[{"@type":"ListItem","position":1,"name":"Home","item":"https:\/\/tinychat.com\/"},{"@type":"ListItem","position":2,"name":"Callmechat"}]},{"@type":"WebSite","@id":"https:\/\/tinychat.com\/#website","url":"https:\/\/tinychat.com\/","name":"TinyChat","description":"Chat vid\u00e9o al\u00e9atoire avec des inconnus","publisher":{"@id":"https:\/\/tinychat.com\/#organization"},"alternateName":"TinyChat.com","potentialAction":[{"@type":"SearchAction","target":{"@type":"EntryPoint","urlTemplate":"https:\/\/tinychat.com\/?s={search_term_string}"},"query-input":{"@type":"PropertyValueSpecification","valueRequired":true,"valueName":"search_term_string"}}],"inLanguage":"fr-FR"},{"@type":"Organization","@id":"https:\/\/tinychat.com\/#organization","name":"TinyChat","alternateName":"TinyChat.com","url":"https:\/\/tinychat.com\/","logo":{"@type":"ImageObject","inLanguage":"fr-FR","@id":"https:\/\/tinychat.com\/#\/schema\/logo\/image\/","url":"https:\/\/tinychat.com\/wp-content\/uploads\/2023\/11\/Tinychat-icon-square.png","contentUrl":"https:\/\/tinychat.com\/wp-content\/uploads\/2023\/11\/Tinychat-icon-square.png","width":284,"height":284,"caption":"TinyChat"},"image":{"@id":"https:\/\/tinychat.com\/#\/schema\/logo\/image\/"},"sameAs":["https:\/\/www.facebook.com\/tinychat","https:\/\/x.com\/tinychat"]}]}},"_links":{"self":[{"href":"https:\/\/tinychat.com\/fr\/wp-json\/wp\/v2\/pages\/12071","targetHints":{"allow":["GET"]}}],"collection":[{"href":"https:\/\/tinychat.com\/fr\/wp-json\/wp\/v2\/pages"}],"about":[{"href":"https:\/\/tinychat.com\/fr\/wp-json\/wp\/v2\/types\/page"}],"author":[{"embeddable":true,"href":"https:\/\/tinychat.com\/fr\/wp-json\/wp\/v2\/users\/6"}],"replies":[{"embeddable":true,"href":"https:\/\/tinychat.com\/fr\/wp-json\/wp\/v2\/comments?post=12071"}],"version-history":[{"count":4,"href":"https:\/\/tinychat.com\/fr\/wp-json\/wp\/v2\/pages\/12071\/revisions"}],"predecessor-version":[{"id":13434,"href":"https:\/\/tinychat.com\/fr\/wp-json\/wp\/v2\/pages\/12071\/revisions\/13434"}],"wp:attachment":[{"href":"https:\/\/tinychat.com\/fr\/wp-json\/wp\/v2\/media?parent=12071"}],"curies":[{"name":"wp","href":"https:\/\/api.w.org\/{rel}","templated":true}]}}