{"id":12310,"date":"2025-08-04T11:29:50","date_gmt":"2025-08-04T09:29:50","guid":{"rendered":"https:\/\/tinychat.com\/?page_id=12310"},"modified":"2025-08-04T11:57:45","modified_gmt":"2025-08-04T09:57:45","slug":"mirami","status":"publish","type":"page","link":"https:\/\/tinychat.com\/fr\/mirami\/","title":{"rendered":"Mirami"},"content":{"rendered":"<p>\u00c0 l'\u00e8re num\u00e9rique actuelle, o\u00f9 la vie priv\u00e9e, les connexions en temps r\u00e9el et la simplicit\u00e9 sont plus importantes que jamais, de nouvelles plates-formes \u00e9mergent pour r\u00e9pondre \u00e0 ces besoins sans les inconv\u00e9nients des m\u00e9dias sociaux traditionnels ou des applications complexes. Mirami, qui se trouve sur mirami.chat, est l'un des ajouts les plus int\u00e9ressants et les plus ax\u00e9s sur l'utilisateur dans le monde du chat en ligne al\u00e9atoire, offrant un environnement rationalis\u00e9 et respectueux de la vie priv\u00e9e pour les personnes qui souhaitent rencontrer des inconnus, se faire des amis ou tout simplement avoir une conversation authentique.<\/p>\n<p>Mirami se distingue par son m\u00e9lange \u00e9l\u00e9gant de chat vid\u00e9o et textuel, sa politique de non-enregistrement et l'importance qu'il accorde \u00e0 la s\u00e9curit\u00e9, \u00e0 l'inclusion et \u00e0 la port\u00e9e mondiale. Que vous cherchiez \u00e0 chatter pour vous amuser, \u00e0 trouver du soutien, \u00e0 d\u00e9couvrir de nouvelles cultures ou simplement \u00e0 voir qui est l\u00e0, Mirami.chat vous offre une exp\u00e9rience en ligne spontan\u00e9e et s\u00e9curis\u00e9e, toujours gratuite et toujours anonyme.<\/p>\n<p>Dans ce guide d\u00e9taill\u00e9, vous d\u00e9couvrirez tout sur Mirami : ce qu'il est, comment il fonctionne, ses principales caract\u00e9ristiques, l'exp\u00e9rience de l'utilisateur, la confidentialit\u00e9 et la s\u00e9curit\u00e9, les comparaisons avec les principales plateformes de chat, le d\u00e9pannage et les conseils de pro pour tirer le meilleur parti de chaque session.<\/p>\n<h2>Qu'est-ce que le Mirami ?<\/h2>\n<p>Mirami est une plateforme de chat al\u00e9atoire de nouvelle g\u00e9n\u00e9ration, con\u00e7ue pour mettre en relation des personnes du monde entier par le biais de chats vid\u00e9o ou textuels, de mani\u00e8re totalement anonyme et sans inscription. \u00c0 l'instar de Omegle, Chatrandom ou ChatHub, Mirami r\u00e9unit des inconnus dans des salons priv\u00e9s pour des conversations spontan\u00e9es.<\/p>\n<p>Mais le Mirami se distingue par :<\/p>\n<ul>\n<li>Une interface utilisateur fra\u00eeche et moderne<\/li>\n<li>Aucune publicit\u00e9 ni installation d'application n'est n\u00e9cessaire<\/li>\n<li>Un engagement fort en faveur de la protection de la vie priv\u00e9e des utilisateurs et de la mod\u00e9ration<\/li>\n<li>Options vid\u00e9o et texte seul<\/li>\n<li>Filtrage intelligent (langue, localisation et centres d'int\u00e9r\u00eat)<\/li>\n<li>Aucune inscription, aucune donn\u00e9e personnelle requise<\/li>\n<\/ul>\n<p>La mission de Mirami est d'\u00eatre l'endroit le plus s\u00fbr, le plus facile et le plus agr\u00e9able en ligne pour des conversations authentiques entre inconnus, que ce soit pour l'amiti\u00e9, le flirt, le soutien ou simplement la curiosit\u00e9.<\/p>\n<h2>Caract\u00e9ristiques principales du chat Mirami<\/h2>\n<p>L'attrait du Mirami r\u00e9side dans son m\u00e9lange judicieux de fonctions essentielles et de protections pour l'utilisateur :<\/p>\n<h3>1. Chat vid\u00e9o et texte al\u00e9atoire instantan\u00e9<\/h3>\n<ul>\n<li>Connectez-vous en quelques secondes : Pas besoin de s'inscrire ou de remplir des formulaires. Il suffit de cliquer et de discuter.<\/li>\n<li>Vid\u00e9o ou texte : Commencez par le texte et passez \u00e0 la vid\u00e9o lorsque vous vous sentez \u00e0 l'aise, ou restez en mode texte si vous pr\u00e9f\u00e9rez.<\/li>\n<\/ul>\n<h3>2. Aucune inscription ou information personnelle n'est requise<\/h3>\n<ul>\n<li>100% anonyme : Vous n'avez jamais besoin de fournir un nom, une adresse \u00e9lectronique ou un profil de m\u00e9dia social.<\/li>\n<li>Priorit\u00e9 \u00e0 la vie priv\u00e9e : le Mirami ne demande jamais de donn\u00e9es et n'enregistre pas les conversations.<\/li>\n<\/ul>\n<h3>3. Filtrage avanc\u00e9<\/h3>\n<ul>\n<li>Filtres de langue et de localisation : Entrez en contact avec des personnes qui parlent votre langue ou qui sont originaires d'un pays ou d'une r\u00e9gion sp\u00e9cifique.<\/li>\n<li>\u00c9tiquettes d'int\u00e9r\u00eat : Vous pouvez s\u00e9lectionner des centres d'int\u00e9r\u00eat pour les mettre en relation avec des utilisateurs ayant les m\u00eames centres d'int\u00e9r\u00eat.<\/li>\n<\/ul>\n<h3>4. Interface simple et moderne<\/h3>\n<ul>\n<li>Propre et intuitif : Le site fonctionne de mani\u00e8re transparente sur les navigateurs de bureau et mobiles, avec un design clair et des performances rapides.<\/li>\n<li>Sans publicit\u00e9 : Profitez d'un chat sans distraction : pas de popups, de banni\u00e8res ou de suivi.<\/li>\n<\/ul>\n<h3>5. Une communaut\u00e9 s\u00fbre et respectueuse<\/h3>\n<ul>\n<li>Mod\u00e9ration active : Des mod\u00e9rateurs humains et automatis\u00e9s s'efforcent de bloquer les abus, le spam et les robots.<\/li>\n<li>Fonctionnalit\u00e9s de rapport\/blocage rapide : Mettez instantan\u00e9ment fin \u00e0 toute conversation g\u00eanante et passez \u00e0 autre chose.<\/li>\n<\/ul>\n<h3>6. Pas d'enregistrement des conversations ni de conservation des donn\u00e9es<\/h3>\n<ul>\n<li>Les conversations sont temporaires : Une fois que vous quittez ou fermez le chat, tout dispara\u00eet - rien n'est sauvegard\u00e9 sur les serveurs de Mirami.<\/li>\n<\/ul>\n<h3>7. Gratuit pour tous<\/h3>\n<ul>\n<li>Pas de frais cach\u00e9s ni de murs payants : Toutes les fonctionnalit\u00e9s sont disponibles sans paiement ni mise \u00e0 niveau.<\/li>\n<\/ul>\n<h2>Comment utiliser Mirami<\/h2>\n<p>Mirami est con\u00e7u pour \u00eatre l'exp\u00e9rience de chat al\u00e9atoire la plus accessible possible. Voici comment commencer :<\/p>\n<h3>\u00c9tape 1 : Visiter le site web du Mirami<\/h3>\n<p>Ouvrez mirami.chat sur n'importe quel navigateur web (de bureau ou mobile).<\/p>\n<h3>\u00c9tape 2 : Choisissez votre mode de chat<\/h3>\n<ul>\n<li>Chat texte : Id\u00e9al pour les utilisateurs timides ou les conversations priv\u00e9es.<\/li>\n<li>Chat vid\u00e9o : Activez les autorisations de cam\u00e9ra et de micro pour de v\u00e9ritables chats en face \u00e0 face.<\/li>\n<\/ul>\n<h3>\u00c9tape 3 : D\u00e9finir des filtres (facultatif)<\/h3>\n<ul>\n<li>S\u00e9lectionnez votre langue ou votre pays pour obtenir des r\u00e9sultats plus pertinents.<\/li>\n<li>Choisir les \u00e9tiquettes d'int\u00e9r\u00eat si elles sont disponibles.<\/li>\n<\/ul>\n<h3>\u00c9tape 4 : Commencer \u00e0 chatter<\/h3>\n<ul>\n<li>Vous serez instantan\u00e9ment mis en relation avec un inconnu.<\/li>\n<li>Dites bonjour, engagez la conversation ou partagez vos centres d'int\u00e9r\u00eat.<\/li>\n<\/ul>\n<h3>\u00c9tape 5 : Terminer ou continuer<\/h3>\n<ul>\n<li>Le bouton \"Suivant\" permet de passer \u00e0 un autre utilisateur \u00e0 tout moment.<\/li>\n<li>Si une discussion se d\u00e9roule bien, profitez de la conversation aussi longtemps que vous le souhaitez.<\/li>\n<\/ul>\n<h3>\u00c9tape 6 : Signaler ou bloquer (si n\u00e9cessaire)<\/h3>\n<ul>\n<li>Si quelqu'un est inappropri\u00e9, utilisez l'outil de signalement\/blocage - les mod\u00e9rateurs de TP79T agissent rapidement pour supprimer les contrevenants.<\/li>\n<\/ul>\n<h2>Exp\u00e9rience utilisateur sur Mirami<\/h2>\n<p>L'approche de Mirami est ax\u00e9e sur la facilit\u00e9, la confidentialit\u00e9 et une connexion authentique :<\/p>\n<h3>Ce que les utilisateurs aiment<\/h3>\n<ul>\n<li>Pas de probl\u00e8me d'inscription : Commencez \u00e0 chatter en quelques secondes, sans formulaire ni compte.<\/li>\n<li>Interface propre et sans publicit\u00e9 : Pas de distractions ni d'interruptions.<\/li>\n<li>Optimis\u00e9 pour les mobiles et les ordinateurs de bureau : Une exp\u00e9rience transparente et fluide sur tous les appareils.<\/li>\n<li>Options vid\u00e9o et texte : Choisissez votre niveau de confort et d'engagement.<\/li>\n<li>Mod\u00e9ration rapide : Les trolls et le spam sont rares et trait\u00e9s rapidement.<\/li>\n<li>Filtres intelligents : Vous aide \u00e0 trouver les personnes avec lesquelles vous avez le plus de chances de vous connecter.<\/li>\n<li>Une grande confidentialit\u00e9 : Aucun journal, aucun suivi, aucune donn\u00e9e jamais stock\u00e9e.<\/li>\n<\/ul>\n<h3>Les points \u00e0 am\u00e9liorer selon les utilisateurs<\/h3>\n<ul>\n<li>Il n'y a pas de chat de groupe (pour l'instant, il n'y a que des conversations individuelles).<\/li>\n<li>Le chat vid\u00e9o n\u00e9cessite des autorisations de cam\u00e9ra\/micro dans le navigateur.<\/li>\n<li>La base d'utilisateurs peut fluctuer - plus d'utilisateurs en ligne le soir et le week-end.<\/li>\n<li>Certaines fonctionnalit\u00e9s (par exemple, les \u00e9tiquettes d'int\u00e9r\u00eat) sont en cours de d\u00e9veloppement et peuvent varier.<\/li>\n<\/ul>\n<h3>Un vrai retour d'information de la part des utilisateurs<\/h3>\n<blockquote><p>\"Mirami est ce que le chat al\u00e9atoire devrait \u00eatre : pas d'absurdit\u00e9, pas d'inscription, et vous pouvez rencontrer de vraies personnes de n'importe o\u00f9.<br \/>\n- <em>James P., Trustpilot<\/em><\/p><\/blockquote>\n<blockquote><p>\"Je l'utilise pour pratiquer mon anglais et rencontrer des amis d'Europe et d'Asie. Super facile, pas de pubs ennuyeuses.\"<br \/>\n- <em>Lina W., Google Reviews<\/em><\/p><\/blockquote>\n<blockquote><p>\"Rapide, priv\u00e9, et bien plus propre que la plupart des autres sites de chat.<br \/>\n- <em>Oscar R., App Store<\/em><\/p><\/blockquote>\n<h2>Mirami vs. autres plateformes de chat al\u00e9atoire<\/h2>\n<p>Comment le Mirami se positionne-t-il par rapport aux autres grands noms de l'industrie ?<\/p>\n<table>\n<thead>\n<tr>\n<th>Fonctionnalit\u00e9<\/th>\n<th>Mirami<\/th>\n<th>OmegleWeb<\/th>\n<th>ChatHub<\/th>\n<th>Chatiwi<\/th>\n<th>StrangerCam<\/th>\n<th>Chatrandom<\/th>\n<\/tr>\n<\/thead>\n<tbody>\n<tr>\n<td>Pas d'inscription n\u00e9cessaire<\/td>\n<td>\u2705 Oui<\/td>\n<td>\u2705 Oui<\/td>\n<td>\u2705 Oui<\/td>\n<td>\u2705 Oui<\/td>\n<td>\u2705 Oui<\/td>\n<td>\u2705 Oui<\/td>\n<\/tr>\n<tr>\n<td>Chat vid\u00e9o et texte<\/td>\n<td>\u2705 Les deux<\/td>\n<td>\u2705 Les deux<\/td>\n<td>\u2705 Les deux<\/td>\n<td>\u274c Texte<\/td>\n<td>\u2705 Les deux<\/td>\n<td>\u2705 Les deux<\/td>\n<\/tr>\n<tr>\n<td>Pas de publicit\u00e9\/tracking<\/td>\n<td>\u2705 Oui<\/td>\n<td>\u274c Non<\/td>\n<td>\u274c Non<\/td>\n<td>\u2705 Oui<\/td>\n<td>\u26a0\ufe0f Limited<\/td>\n<td>\u274c Non<\/td>\n<\/tr>\n<tr>\n<td>Protection de la vie priv\u00e9e de bout en bout<\/td>\n<td>\u2705 Oui<\/td>\n<td>\u274c Non<\/td>\n<td>\u26a0\ufe0f Partiel<\/td>\n<td>\u2705 Oui<\/td>\n<td>\u26a0\ufe0f Partiel<\/td>\n<td>\u274c Non<\/td>\n<\/tr>\n<tr>\n<td>Filtres d'int\u00e9r\u00eat\/de localisation<\/td>\n<td>\u2705 Oui<\/td>\n<td>\u2705 Oui<\/td>\n<td>\u2705 Oui<\/td>\n<td>\u2705 Oui<\/td>\n<td>\u2705 Oui<\/td>\n<td>\u2705 Oui<\/td>\n<\/tr>\n<tr>\n<td>Chat de groupe<\/td>\n<td>\u274c Non<\/td>\n<td>\u274c Non<\/td>\n<td>\u2705 Oui<\/td>\n<td>\u2705 Oui<\/td>\n<td>\u274c Non<\/td>\n<td>\u2705 Oui<\/td>\n<\/tr>\n<tr>\n<td>Mod\u00e9ration active<\/td>\n<td>\u2705 Oui<\/td>\n<td>\u2705 Oui<\/td>\n<td>\u2705 Oui<\/td>\n<td>\u2705 Oui<\/td>\n<td>\u2705 Oui<\/td>\n<td>\u2705 Oui<\/td>\n<\/tr>\n<tr>\n<td>Adapt\u00e9e aux mobiles<\/td>\n<td>\u2705 Oui<\/td>\n<td>\u2705 Oui<\/td>\n<td>\u2705 Oui<\/td>\n<td>\u2705 Oui<\/td>\n<td>\u2705 Oui<\/td>\n<td>\u2705 Oui<\/td>\n<\/tr>\n<\/tbody>\n<\/table>\n<p>R\u00e9sum\u00e9 : Mirami se distingue par son design moderne et sans publicit\u00e9, son attention personnalis\u00e9e, sa confidentialit\u00e9 r\u00e9elle et son acc\u00e8s instantan\u00e9. Il est parfait pour les utilisateurs qui souhaitent une exp\u00e9rience de chat sans distraction, s\u00e9curis\u00e9e et agr\u00e9able.<\/p>\n<h2>Le Mirami est-il s\u00fbr ?<\/h2>\n<p>La s\u00e9curit\u00e9 et la protection de la vie priv\u00e9e sont des priorit\u00e9s absolues sur Mirami :<\/p>\n<ul>\n<li>Pas d'inscription, pas d'informations personnelles collect\u00e9es<\/li>\n<li>Aucun enregistrement de donn\u00e9es ou d'historique de conversation n'est stock\u00e9<\/li>\n<li>Confidentialit\u00e9 de bout en bout pour tous les chats<\/li>\n<li>Fonctionnalit\u00e9s de rapport\/blocage instantan\u00e9<\/li>\n<li>Mod\u00e9ration humaine et automatis\u00e9e active<\/li>\n<\/ul>\n<h3>Conseils de s\u00e9curit\u00e9<\/h3>\n<ul>\n<li>Ne communiquez jamais votre vrai nom, votre adresse ou des informations sensibles.<\/li>\n<li>Utilisez des filtres pour trouver des utilisateurs de votre pays ou qui parlent votre langue.<\/li>\n<li>Mettez fin ou signalez toute discussion qui vous met mal \u00e0 l'aise.<\/li>\n<li>Faites confiance \u00e0 votre instinct et profitez de la libert\u00e9 de l'anonymat.<\/li>\n<\/ul>\n<h2>Conseils pour tirer le meilleur parti de Mirami<\/h2>\n<ul>\n<li>Commencez par une salutation amicale : Ouvre la voie \u00e0 d'autres conversations.<\/li>\n<li>Exp\u00e9rimentez les filtres de langue\/pays : Pratiquer de nouvelles langues ou entrer en contact avec des habitants.<\/li>\n<li>Restez anonyme : ne divulguez pas vos informations personnelles \u00e0 moins d'\u00eatre 100% \u00e0 l'aise.<\/li>\n<li>Passez du texte \u00e0 la vid\u00e9o : Utilisez ce qui vous convient le mieux.<\/li>\n<li>Utilisez le bouton signaler\/bloquer : Aidez \u00e0 assurer la s\u00e9curit\u00e9 de la communaut\u00e9 de Mirami.<\/li>\n<li>Essayez \u00e0 la fois sur ordinateur et sur mobile : Profitez d'une exp\u00e9rience transparente sur tous vos appareils.<\/li>\n<li>V\u00e9rifiez \u00e0 diff\u00e9rents moments : Les pics d'activit\u00e9 se situent g\u00e9n\u00e9ralement le soir et le week-end.<\/li>\n<\/ul>\n<h2>D\u00e9pannage des probl\u00e8mes courants du Mirami<\/h2>\n<h3>Impossible de d\u00e9marrer le chat vid\u00e9o<\/h3>\n<p>V\u00e9rifiez les autorisations du navigateur et autorisez l'acc\u00e8s \u00e0 votre appareil photo et \u00e0 votre microphone.<\/p>\n<h3>Impossible de se connecter ou de trouver des utilisateurs<\/h3>\n<p>Essayez d'utiliser d'autres filtres, v\u00e9rifiez votre connexion Internet ou revenez \u00e0 un moment plus charg\u00e9.<\/p>\n<h3>Rencontre avec des spams ou des abus<\/h3>\n<p>Utilisez l'outil de signalement\/blocage - les mod\u00e9rateurs sont imm\u00e9diatement avertis.<\/p>\n<h3>Perte d'une bonne discussion<\/h3>\n<p>Mirami a \u00e9t\u00e9 con\u00e7u pour assurer la confidentialit\u00e9 des conversations - aucun journal de chat n'est conserv\u00e9. Si vous voulez rester en contact, \u00e9changez vos coordonn\u00e9es (avec prudence et seulement si vous vous sentez en s\u00e9curit\u00e9).<\/p>\n<h3>Le site web ne se charge pas<\/h3>\n<p>Actualisez votre navigateur, videz le cache ou essayez un autre appareil\/navigateur.<\/p>\n<p>Absolument, en particulier pour tous ceux qui veulent une exp\u00e9rience de chat al\u00e9atoire moderne, propre et vraiment priv\u00e9e. Mirami est la nouvelle r\u00e9f\u00e9rence en mati\u00e8re de conversations anonymes en ligne. Il allie le meilleur de la spontan\u00e9it\u00e9 de Omegle aux normes actuelles de s\u00e9curit\u00e9, de confidentialit\u00e9 et de facilit\u00e9 d'utilisation.<\/p>\n<p>Que vous souhaitiez vous faire de nouveaux amis, chatter pour le plaisir, flirter, pratiquer des langues ou simplement voir qui est l\u00e0, Mirami.chat est votre portail pour des conversations en ligne s\u00fbres, anonymes et m\u00e9morables, sans engagement de votre part.<\/p>\n<p>Pr\u00eat \u00e0 rencontrer quelqu'un de nouveau ? Visitez mirami.chat, choisissez votre mode et profitez d\u00e8s aujourd'hui d'un chat s\u00e9curis\u00e9 et instantan\u00e9.<\/p>","protected":false},"excerpt":{"rendered":"<p>In today\u2019s digital age, where privacy, real-time connections, and simplicity are valued more than ever, new platforms are emerging to meet these needs without the baggage of legacy social media or complex apps. Mirami\u2014found at mirami.chat\u2014is one of the most exciting, user-focused additions to the world of random online chatting, offering a streamlined, privacy-first environment [&hellip;]<\/p>\n","protected":false},"author":6,"featured_media":0,"parent":0,"menu_order":0,"comment_status":"closed","ping_status":"closed","template":"","meta":{"footnotes":""},"class_list":["post-12310","page","type-page","status-publish","hentry"],"yoast_head":"<!-- This site is optimized with the Yoast SEO plugin v27.5 - https:\/\/yoast.com\/product\/yoast-seo-wordpress\/ -->\n<title>Mirami - Random Video Chat With Girls - TinyChat.com<\/title>\n<meta name=\"description\" content=\"Enjoying Mirami? Join over 50,000,000 strangers on TinyChat! Turn on your cam and start meeting new people, or find a match.\" \/>\n<meta name=\"robots\" content=\"index, follow, max-snippet:-1, max-image-preview:large, max-video-preview:-1\" \/>\n<link rel=\"canonical\" href=\"https:\/\/tinychat.com\/fr\/mirami\/\" \/>\n<meta property=\"og:locale\" content=\"fr_FR\" \/>\n<meta property=\"og:type\" content=\"article\" \/>\n<meta property=\"og:title\" content=\"Mirami - Random Video Chat With Girls - TinyChat.com\" \/>\n<meta property=\"og:description\" content=\"Enjoying Mirami? Join over 50,000,000 strangers on TinyChat! Turn on your cam and start meeting new people, or find a match.\" \/>\n<meta property=\"og:url\" content=\"https:\/\/tinychat.com\/fr\/mirami\/\" \/>\n<meta property=\"og:site_name\" content=\"TinyChat\" \/>\n<meta property=\"article:publisher\" content=\"https:\/\/www.facebook.com\/tinychat\" \/>\n<meta property=\"article:modified_time\" content=\"2025-08-04T09:57:45+00:00\" \/>\n<meta property=\"og:image\" content=\"https:\/\/tinychat.com\/wp-content\/uploads\/2020\/04\/Tinychat-logo-1280x284-new-black.png\" \/>\n\t<meta property=\"og:image:width\" content=\"1280\" \/>\n\t<meta property=\"og:image:height\" content=\"284\" \/>\n\t<meta property=\"og:image:type\" content=\"image\/png\" \/>\n<meta name=\"twitter:card\" content=\"summary_large_image\" \/>\n<meta name=\"twitter:site\" content=\"@tinychat\" \/>\n<meta name=\"twitter:label1\" content=\"Dur\u00e9e de lecture estim\u00e9e\" \/>\n\t<meta name=\"twitter:data1\" content=\"6 minutes\" \/>\n<script type=\"application\/ld+json\" class=\"yoast-schema-graph\">{\"@context\":\"https:\\\/\\\/schema.org\",\"@graph\":[{\"@type\":\"WebPage\",\"@id\":\"https:\\\/\\\/tinychat.com\\\/mirami\\\/\",\"url\":\"https:\\\/\\\/tinychat.com\\\/mirami\\\/\",\"name\":\"Mirami - Random Video Chat With Girls - TinyChat.com\",\"isPartOf\":{\"@id\":\"https:\\\/\\\/tinychat.com\\\/#website\"},\"datePublished\":\"2025-08-04T09:29:50+00:00\",\"dateModified\":\"2025-08-04T09:57:45+00:00\",\"description\":\"Enjoying Mirami? Join over 50,000,000 strangers on TinyChat! Turn on your cam and start meeting new people, or find a match.\",\"breadcrumb\":{\"@id\":\"https:\\\/\\\/tinychat.com\\\/mirami\\\/#breadcrumb\"},\"inLanguage\":\"fr-FR\",\"potentialAction\":[{\"@type\":\"ReadAction\",\"target\":[\"https:\\\/\\\/tinychat.com\\\/mirami\\\/\"]}]},{\"@type\":\"BreadcrumbList\",\"@id\":\"https:\\\/\\\/tinychat.com\\\/mirami\\\/#breadcrumb\",\"itemListElement\":[{\"@type\":\"ListItem\",\"position\":1,\"name\":\"Home\",\"item\":\"https:\\\/\\\/tinychat.com\\\/\"},{\"@type\":\"ListItem\",\"position\":2,\"name\":\"Mirami\"}]},{\"@type\":\"WebSite\",\"@id\":\"https:\\\/\\\/tinychat.com\\\/#website\",\"url\":\"https:\\\/\\\/tinychat.com\\\/\",\"name\":\"TinyChat\",\"description\":\"Random Video Chat with Strangers\",\"publisher\":{\"@id\":\"https:\\\/\\\/tinychat.com\\\/#organization\"},\"alternateName\":\"TinyChat.com\",\"potentialAction\":[{\"@type\":\"SearchAction\",\"target\":{\"@type\":\"EntryPoint\",\"urlTemplate\":\"https:\\\/\\\/tinychat.com\\\/?s={search_term_string}\"},\"query-input\":{\"@type\":\"PropertyValueSpecification\",\"valueRequired\":true,\"valueName\":\"search_term_string\"}}],\"inLanguage\":\"fr-FR\"},{\"@type\":\"Organization\",\"@id\":\"https:\\\/\\\/tinychat.com\\\/#organization\",\"name\":\"TinyChat\",\"alternateName\":\"TinyChat.com\",\"url\":\"https:\\\/\\\/tinychat.com\\\/\",\"logo\":{\"@type\":\"ImageObject\",\"inLanguage\":\"fr-FR\",\"@id\":\"https:\\\/\\\/tinychat.com\\\/#\\\/schema\\\/logo\\\/image\\\/\",\"url\":\"https:\\\/\\\/tinychat.com\\\/wp-content\\\/uploads\\\/2023\\\/11\\\/Tinychat-icon-square.png\",\"contentUrl\":\"https:\\\/\\\/tinychat.com\\\/wp-content\\\/uploads\\\/2023\\\/11\\\/Tinychat-icon-square.png\",\"width\":284,\"height\":284,\"caption\":\"TinyChat\"},\"image\":{\"@id\":\"https:\\\/\\\/tinychat.com\\\/#\\\/schema\\\/logo\\\/image\\\/\"},\"sameAs\":[\"https:\\\/\\\/www.facebook.com\\\/tinychat\",\"https:\\\/\\\/x.com\\\/tinychat\"]}]}<\/script>\n<!-- \/ Yoast SEO plugin. -->","yoast_head_json":{"title":"Mirami - Chat vid\u00e9o al\u00e9atoire avec des filles - TinyChat.com","description":"Vous aimez Mirami ? Rejoignez plus de 50 000 000 d'inconnus sur TinyChat ! Allumez votre cam\u00e9ra et commencez \u00e0 rencontrer de nouvelles personnes, ou trouvez un partenaire.","robots":{"index":"index","follow":"follow","max-snippet":"max-snippet:-1","max-image-preview":"max-image-preview:large","max-video-preview":"max-video-preview:-1"},"canonical":"https:\/\/tinychat.com\/fr\/mirami\/","og_locale":"fr_FR","og_type":"article","og_title":"Mirami - Random Video Chat With Girls - TinyChat.com","og_description":"Enjoying Mirami? Join over 50,000,000 strangers on TinyChat! Turn on your cam and start meeting new people, or find a match.","og_url":"https:\/\/tinychat.com\/fr\/mirami\/","og_site_name":"TinyChat","article_publisher":"https:\/\/www.facebook.com\/tinychat","article_modified_time":"2025-08-04T09:57:45+00:00","og_image":[{"width":1280,"height":284,"url":"https:\/\/tinychat.com\/wp-content\/uploads\/2020\/04\/Tinychat-logo-1280x284-new-black.png","type":"image\/png"}],"twitter_card":"summary_large_image","twitter_site":"@tinychat","twitter_misc":{"Dur\u00e9e de lecture estim\u00e9e":"6 minutes"},"schema":{"@context":"https:\/\/schema.org","@graph":[{"@type":"WebPage","@id":"https:\/\/tinychat.com\/mirami\/","url":"https:\/\/tinychat.com\/mirami\/","name":"Mirami - Chat vid\u00e9o al\u00e9atoire avec des filles - TinyChat.com","isPartOf":{"@id":"https:\/\/tinychat.com\/#website"},"datePublished":"2025-08-04T09:29:50+00:00","dateModified":"2025-08-04T09:57:45+00:00","description":"Vous aimez Mirami ? Rejoignez plus de 50 000 000 d'inconnus sur TinyChat ! Allumez votre cam\u00e9ra et commencez \u00e0 rencontrer de nouvelles personnes, ou trouvez un partenaire.","breadcrumb":{"@id":"https:\/\/tinychat.com\/mirami\/#breadcrumb"},"inLanguage":"fr-FR","potentialAction":[{"@type":"ReadAction","target":["https:\/\/tinychat.com\/mirami\/"]}]},{"@type":"BreadcrumbList","@id":"https:\/\/tinychat.com\/mirami\/#breadcrumb","itemListElement":[{"@type":"ListItem","position":1,"name":"Home","item":"https:\/\/tinychat.com\/"},{"@type":"ListItem","position":2,"name":"Mirami"}]},{"@type":"WebSite","@id":"https:\/\/tinychat.com\/#website","url":"https:\/\/tinychat.com\/","name":"TinyChat","description":"Chat vid\u00e9o al\u00e9atoire avec des inconnus","publisher":{"@id":"https:\/\/tinychat.com\/#organization"},"alternateName":"TinyChat.com","potentialAction":[{"@type":"SearchAction","target":{"@type":"EntryPoint","urlTemplate":"https:\/\/tinychat.com\/?s={search_term_string}"},"query-input":{"@type":"PropertyValueSpecification","valueRequired":true,"valueName":"search_term_string"}}],"inLanguage":"fr-FR"},{"@type":"Organization","@id":"https:\/\/tinychat.com\/#organization","name":"TinyChat","alternateName":"TinyChat.com","url":"https:\/\/tinychat.com\/","logo":{"@type":"ImageObject","inLanguage":"fr-FR","@id":"https:\/\/tinychat.com\/#\/schema\/logo\/image\/","url":"https:\/\/tinychat.com\/wp-content\/uploads\/2023\/11\/Tinychat-icon-square.png","contentUrl":"https:\/\/tinychat.com\/wp-content\/uploads\/2023\/11\/Tinychat-icon-square.png","width":284,"height":284,"caption":"TinyChat"},"image":{"@id":"https:\/\/tinychat.com\/#\/schema\/logo\/image\/"},"sameAs":["https:\/\/www.facebook.com\/tinychat","https:\/\/x.com\/tinychat"]}]}},"_links":{"self":[{"href":"https:\/\/tinychat.com\/fr\/wp-json\/wp\/v2\/pages\/12310","targetHints":{"allow":["GET"]}}],"collection":[{"href":"https:\/\/tinychat.com\/fr\/wp-json\/wp\/v2\/pages"}],"about":[{"href":"https:\/\/tinychat.com\/fr\/wp-json\/wp\/v2\/types\/page"}],"author":[{"embeddable":true,"href":"https:\/\/tinychat.com\/fr\/wp-json\/wp\/v2\/users\/6"}],"replies":[{"embeddable":true,"href":"https:\/\/tinychat.com\/fr\/wp-json\/wp\/v2\/comments?post=12310"}],"version-history":[{"count":4,"href":"https:\/\/tinychat.com\/fr\/wp-json\/wp\/v2\/pages\/12310\/revisions"}],"predecessor-version":[{"id":13386,"href":"https:\/\/tinychat.com\/fr\/wp-json\/wp\/v2\/pages\/12310\/revisions\/13386"}],"wp:attachment":[{"href":"https:\/\/tinychat.com\/fr\/wp-json\/wp\/v2\/media?parent=12310"}],"curies":[{"name":"wp","href":"https:\/\/api.w.org\/{rel}","templated":true}]}}